{"id":96,"date":"2019-05-11T14:09:15","date_gmt":"2019-05-11T14:09:15","guid":{"rendered":"https:\/\/outsiderland.com\/philo\/?page_id=96"},"modified":"2019-05-11T14:12:41","modified_gmt":"2019-05-11T14:12:41","slug":"penser-le-contemporain-la-liberte-a-lheure-de-la-numerisation-generale","status":"publish","type":"page","link":"https:\/\/outsiderland.com\/philo\/ateliers-penser-le-contemporain\/penser-le-contemporain-la-liberte-a-lheure-de-la-numerisation-generale\/","title":{"rendered":"Penser le contemporain : La libert\u00e9 \u00e0 l&#8217;heure de la num\u00e9risation g\u00e9n\u00e9rale"},"content":{"rendered":"<p>\u00ab\u00a0La libert\u00e9 \u00e0 l&#8217;heure de la num\u00e9risation\u00a0\u00bb, ou : \u00ab Sommes-nous devenus des bases de donn\u00e9es ambulantes\u00a0?\u00a0\u00bb (et comment s&#8217;en pr\u00e9server !)<\/p>\n<p>&nbsp;<\/p>\n<p>L&#8217;enthousiasme procur\u00e9e par la num\u00e9risation croissante de nos vies quotidiennes et l&#8217;engouement en faveur des objets connect\u00e9s, font oublier qu&#8217;il n&#8217;y a pas si longtemps, une majorit\u00e9 de la population consid\u00e9rait le futur num\u00e9rique avec circonspection, voire avec angoisse. D\u00e9sormais, il semble impossible de vivre &#8220;sans connexion&#8221; &#8211; et m\u00eame la &#8220;citoyennet\u00e9&#8221; s&#8217;entend comme citoyennet\u00e9 &#8220;num\u00e9rique&#8221;.<\/p>\n<p>Il est loin le temps d&#8217;un web qui s&#8217;\u00e9tait \u00e9tabli comme le refuge des pens\u00e9es et pratiques critiques et marginales : le march\u00e9 d&#8217;abord, puis les gouvernants, avec quelque retard, ont fini par s&#8217;en emparer et transformer cet espace r\u00e9put\u00e9 &#8220;libre&#8221; en une sorte d&#8217;hypermarch\u00e9 infini, mais \u00e9galement, de mani\u00e8re sans doute plus pr\u00e9occupante, en zone de contr\u00f4le et de surveillance g\u00e9n\u00e9ralis\u00e9e.<\/p>\n<p>On parlera de big data, d&#8217;objets connect\u00e9s, de 5G, et bien entendu de libert\u00e9s, d&#8217;intimit\u00e9 et d&#8217;espaces publics, et, forc\u00e9ment, de logiciels libres ! (l&#8217;intervenant milite depuis une vingtaine d&#8217;ann\u00e9es pour les logiciel et les licences libres) On se demandera quel futur nous attend, quelle id\u00e9e de l&#8217;homme se font les producteurs d&#8217;applications num\u00e9riques et quelles sont les finalit\u00e9s des collectes de donn\u00e9es.<\/p>\n","protected":false},"excerpt":{"rendered":"<p>\u00ab\u00a0La libert\u00e9 \u00e0 l&#8217;heure de la num\u00e9risation\u00a0\u00bb, ou : \u00ab Sommes-nous devenus des bases de donn\u00e9es ambulantes\u00a0?\u00a0\u00bb (et comment s&#8217;en pr\u00e9server !) &nbsp; L&#8217;enthousiasme procur\u00e9e par la num\u00e9risation croissante de nos vies quotidiennes et l&#8217;engouement en faveur des objets connect\u00e9s, font oublier qu&#8217;il n&#8217;y a pas si longtemps, une majorit\u00e9 de la population consid\u00e9rait le [&hellip;]<\/p>\n","protected":false},"author":2,"featured_media":0,"parent":17,"menu_order":0,"comment_status":"closed","ping_status":"closed","template":"","meta":[],"_links":{"self":[{"href":"https:\/\/outsiderland.com\/philo\/wp-json\/wp\/v2\/pages\/96"}],"collection":[{"href":"https:\/\/outsiderland.com\/philo\/wp-json\/wp\/v2\/pages"}],"about":[{"href":"https:\/\/outsiderland.com\/philo\/wp-json\/wp\/v2\/types\/page"}],"author":[{"embeddable":true,"href":"https:\/\/outsiderland.com\/philo\/wp-json\/wp\/v2\/users\/2"}],"replies":[{"embeddable":true,"href":"https:\/\/outsiderland.com\/philo\/wp-json\/wp\/v2\/comments?post=96"}],"version-history":[{"count":1,"href":"https:\/\/outsiderland.com\/philo\/wp-json\/wp\/v2\/pages\/96\/revisions"}],"predecessor-version":[{"id":97,"href":"https:\/\/outsiderland.com\/philo\/wp-json\/wp\/v2\/pages\/96\/revisions\/97"}],"up":[{"embeddable":true,"href":"https:\/\/outsiderland.com\/philo\/wp-json\/wp\/v2\/pages\/17"}],"wp:attachment":[{"href":"https:\/\/outsiderland.com\/philo\/wp-json\/wp\/v2\/media?parent=96"}],"curies":[{"name":"wp","href":"https:\/\/api.w.org\/{rel}","templated":true}]}}