{"id":5,"date":"2019-04-25T12:53:46","date_gmt":"2019-04-25T12:53:46","guid":{"rendered":"https:\/\/outsiderland.com\/philo\/?page_id=5"},"modified":"2019-05-02T07:41:57","modified_gmt":"2019-05-02T07:41:57","slug":"presentation","status":"publish","type":"page","link":"https:\/\/outsiderland.com\/philo\/presentation\/","title":{"rendered":"EN GUISE DE PR\u00c9SENTATION&#8230;"},"content":{"rendered":"<p class=\"western\"><img loading=\"lazy\" class=\"alignnone wp-image-7 size-full\" src=\"https:\/\/outsiderland.com\/philo\/wp-content\/uploads\/2019\/04\/70023886_1e9625a565_o.jpg\" alt=\"\" width=\"812\" height=\"612\" srcset=\"https:\/\/outsiderland.com\/philo\/wp-content\/uploads\/2019\/04\/70023886_1e9625a565_o.jpg 812w, https:\/\/outsiderland.com\/philo\/wp-content\/uploads\/2019\/04\/70023886_1e9625a565_o-300x226.jpg 300w, https:\/\/outsiderland.com\/philo\/wp-content\/uploads\/2019\/04\/70023886_1e9625a565_o-768x579.jpg 768w\" sizes=\"(max-width: 812px) 100vw, 812px\" \/>N\u2019\u00e9prouvant qu\u2019une confiance limit\u00e9e envers tout ce qui ressemble \u00e0 un <em>Curriculum Vitae<\/em> (\u00e0 commencer par le mien, de CV), je pr\u00e9f\u00e8re donner ici quelques morceaux choisis d\u2019une vie bien remplie \u2013 un demi-si\u00e8cle d\u2019exp\u00e9riences \u00e9clectiques, dont le fil directeur pourrait bien \u00eatre quelque chose comme la curiosit\u00e9 et le go\u00fbt pour la diversit\u00e9 \u2013 ou, pour le dire autrement, une tr\u00e8s nette aversion pour l\u2019uniformit\u00e9 et la r\u00e9p\u00e9tition. En r\u00e9alit\u00e9, c\u2019est souvent ce qui ne porte pas sur le dit CV qui constitue la raison secr\u00e8te des parcours de vie\u00a0: l\u2019amour, les rencontres de hasard, les d\u00e9cisions heureuses ou malheureuses, quelques drames aussi \u2013 et sous d\u2019autres latitudes et en d\u2019autres temps, quand la guerre survient, ou quelques catastrophes, c\u2019est une biographie enti\u00e8re qui se trouve chamboul\u00e9e.<\/p>\n<p class=\"western\">J\u2019aime avant tout ce qui donne \u00e0 penser, \u00e0 voir les choses autrement qu\u2019\u00e0 l\u2019habitude. L\u2019inconnu \u2013 ce que je ne sais pas encore \u2013 m\u2019attire, malgr\u00e9 ses atours inqui\u00e9tants, et je crains le confort illusoire des certitudes. S\u2019il n\u2019est pas facile de s\u2019y tenir dans un monde o\u00f9 celui qui refuse de \u00ab\u00a0faire carri\u00e8re\u00a0\u00bb doit s\u2019attendre \u00e0 des fins (et des d\u00e9buts) de mois souvent difficiles, je m\u2019efforce malgr\u00e9 tout quoiqu\u2019il en co\u00fbte de garder le cap d\u2019une \u00e9veill\u00e9e, comme le disait Henry David Thoreau, un de mes h\u00e9ros.<\/p>\n<p class=\"western\">Mon adolescence a \u00e9t\u00e9 marqu\u00e9 \u00e0 la fois par la d\u00e9couverte de la litt\u00e9rature (d\u00e9 pr\u00e9f\u00e9rence, celle qui n\u2019\u00e9tait pas au programme des classes de fran\u00e7ais) et de l\u2019athl\u00e9tisme (et il ne s\u2019en est pas fallu beaucoup pour que je fasse carri\u00e8re dans le demi-fond).<\/p>\n<p class=\"western\">J\u2019ai fr\u00e9quent\u00e9 l\u2019universit\u00e9 assez longtemps, \u00e0 la facult\u00e9 de philosophie (\u00e0 Poitiers puis \u00e0 Paris) en dilettante jusqu\u2019\u00e0 la licence (car \u00e0 18 ans, on a beaucoup d\u2019autres choses \u00e0 faire), puis avec beaucoup plus d\u2019opini\u00e2tret\u00e9 d\u00e8s apr\u00e8s la ma\u00eetrise et jusqu\u2019au doctorat \u2013 pris de passion par le domaine que j\u2019avais choisi d\u2019explorer\u00a0: les philosophies platoniciennes de l\u2019antiquit\u00e9 tardive, passion qui ne ma pas quitt\u00e9 depuis lors.<\/p>\n<p>Parall\u00e8lement \u00e0 mes \u00e9tudes, j&#8217;ai anim\u00e9, au d\u00e9but des ann\u00e9es 90, des caf\u00e9s philosophiques \u00e0 Poitiers : c&#8217;\u00e9tait alors le tout d\u00e9but d&#8217;une animation qui avait \u00e9t\u00e9 invent\u00e9e par Marc Sautet et Oscar Brenifier. Par la suite, je fondais une association de &#8220;philosophie pour tous&#8221; \u00e0 Chauvigny, organisant des rencontres sur plusieurs week-end avec des intervenants de tous horizons : universitaires, mais aussi ouvriers, artisans, artistes plasticiens&#8230;<\/p>\n<p class=\"western\">Mais l\u2019Universit\u00e9 n\u2019\u00e9tait pas faite pour moi \u2013 j\u2019avais trop besoin d\u2019explorer aussi d\u2019autres mondes, et c\u2019est ainsi qu\u2019entre deux randonn\u00e9es au long cours dans les montagnes, et quelques jobs ici et l\u00e0, je passais toute une p\u00e9riode de ma vie \u00e0 former et enseigner, d\u2019abord aupr\u00e8s d&#8217;adultes en situation d\u2019illettrisme, puis dans des classes de philosophie (en lyc\u00e9e g\u00e9n\u00e9ral et en lyc\u00e9e technique).<\/p>\n<p class=\"western\">Au d\u00e9but de ce mill\u00e9naire, apr\u00e8s quelques aventures non-professionnelles mais fort gratifiantes, en Espagne notamment, je d\u00e9barquais un beau matin de juillet dans le Cantal, \u00e0 quelques encablures de montagnes que j\u2019avais fr\u00e9quent\u00e9es bien souvent le sac au dos, et choisis d\u2019y vivre \u2013 et cette vie-l\u00e0 devait durer une quinzaine d\u2019ann\u00e9es. Apr\u00e8s une longue analyse et une aussi longue formation au m\u00e9tier de psychanalyste, j\u2019ouvrais un cabinet sur la Plan\u00e8ze, entre Saint Flour et le Plomb du Cantal, et accueillait l\u00e0 de tr\u00e8s nombreux patients et de plus nombreuses encore patientes, venus de tout horizon. Partageant ma vie entre ce m\u00e9tier et d\u2019innombrables promenades et randonn\u00e9es, je me lan\u00e7ais enfin s\u00e9rieusement dans l\u2019\u00e9criture, commen\u00e7ant \u00e0 publier des r\u00e9cits et des essais \u00e0 partir des ann\u00e9es 2010, et m\u2019investissais dans la vie des communes alentours, proposant r\u00e9guli\u00e8rement des \u00e9v\u00e8nements culturels, conf\u00e9rences, d\u00e9bats, concerts. L\u2019hiver, je m\u2019occupais d\u2019un foyer nordique \u00e0 l\u2019ancienne, et je me passionnais \u00e0 la fois pour ces cultures \u00ab\u00a0hivernales\u00a0\u00bb, si pr\u00e9sentes dans la m\u00e9moire des gens du Cantal, mais aussi pour la pratique du ski de randonn\u00e9e.<\/p>\n<p class=\"western\">En 2019, je filais dans le Puy-de-D\u00f4me, et plus exactement dans le Livradois, pris d\u2019une inspiration subite ou parce que le temps \u00e9tait venu d\u2019aller d\u00e9couvrir d\u2019autres cieux, et, tout en continuant mon activit\u00e9 de psychanalyste, je commen\u00e7ais bien vite \u00e0 \u00e9prouver le d\u00e9sir de continuer ce travail de transmission et de partage.<\/p>\n<p>&nbsp;<\/p>\n<p><strong>En r\u00e9sum\u00e9 :<\/strong><\/p>\n<p>Durant ce dernier demi-si\u00e8cle, j&#8217;ai, exerc\u00e9 les occupations du temps suivantes :<\/p>\n<p>Philosophe (sp\u00e9cialit\u00e9 : antiquit\u00e9 tardive),<\/p>\n<p>\u00c9crivain (exp\u00e9rimental) Psychanalyste (bionien) (profession que j&#8217;exerce encore)<\/p>\n<p>Enseignant (polyvalent),<\/p>\n<p>Formateur (dans l&#8217;illettrisme),<\/p>\n<p>Randonneur estival et hivernal, Animateur de foyer nordique,<\/p>\n<p>mais aussi : musicien, conf\u00e9rencier, journaliste pigiste, webmaster, coureur de demi-fond, et j&#8217;en oublie&#8230;<\/p>\n","protected":false},"excerpt":{"rendered":"<p>N\u2019\u00e9prouvant qu\u2019une confiance limit\u00e9e envers tout ce qui ressemble \u00e0 un Curriculum Vitae (\u00e0 commencer par le mien, de CV), je pr\u00e9f\u00e8re donner ici quelques morceaux choisis d\u2019une vie bien remplie \u2013 un demi-si\u00e8cle d\u2019exp\u00e9riences \u00e9clectiques, dont le fil directeur pourrait bien \u00eatre quelque chose comme la curiosit\u00e9 et le go\u00fbt pour la diversit\u00e9 \u2013 [&hellip;]<\/p>\n","protected":false},"author":1,"featured_media":0,"parent":0,"menu_order":0,"comment_status":"closed","ping_status":"closed","template":"","meta":[],"_links":{"self":[{"href":"https:\/\/outsiderland.com\/philo\/wp-json\/wp\/v2\/pages\/5"}],"collection":[{"href":"https:\/\/outsiderland.com\/philo\/wp-json\/wp\/v2\/pages"}],"about":[{"href":"https:\/\/outsiderland.com\/philo\/wp-json\/wp\/v2\/types\/page"}],"author":[{"embeddable":true,"href":"https:\/\/outsiderland.com\/philo\/wp-json\/wp\/v2\/users\/1"}],"replies":[{"embeddable":true,"href":"https:\/\/outsiderland.com\/philo\/wp-json\/wp\/v2\/comments?post=5"}],"version-history":[{"count":9,"href":"https:\/\/outsiderland.com\/philo\/wp-json\/wp\/v2\/pages\/5\/revisions"}],"predecessor-version":[{"id":46,"href":"https:\/\/outsiderland.com\/philo\/wp-json\/wp\/v2\/pages\/5\/revisions\/46"}],"wp:attachment":[{"href":"https:\/\/outsiderland.com\/philo\/wp-json\/wp\/v2\/media?parent=5"}],"curies":[{"name":"wp","href":"https:\/\/api.w.org\/{rel}","templated":true}]}}