{"id":47,"date":"2019-05-02T07:40:47","date_gmt":"2019-05-02T07:40:47","guid":{"rendered":"https:\/\/outsiderland.com\/philo\/?page_id=47"},"modified":"2019-05-17T16:51:31","modified_gmt":"2019-05-17T16:51:31","slug":"programme-juin-2019","status":"publish","type":"page","link":"https:\/\/outsiderland.com\/philo\/","title":{"rendered":"AU PROGRAMME en ce mois de JUIN 2019"},"content":{"rendered":"<p>En juin, on se prom\u00e8ne, et on \u00e9veille l&#8217;esprit\u00a0 !<\/p>\n<p>Au programme 4 sorties philosophiques et \u00e9cologiques sur le territoire de Billom Communaut\u00e9.<\/p>\n<p>Chaque &#8220;promenade&#8221; dure une heure et demie, mais comprend une bonne heure d&#8217;expos\u00e9 et de discussions. Il ne s&#8217;agit donc pas de &#8220;randonn\u00e9e&#8221; mais bien de &#8220;promenade&#8221;. Les parcours propos\u00e9s ne pr\u00e9sentent pas de difficult\u00e9s.<\/p>\n<p>Promenades anim\u00e9es par Vincent S\u00e9guret, philosophe et \u00e9crivain.<\/p>\n<p>TARIF : 7 EUROS PAR PERSONNE (Gratuit pour les moins de 16 ans) Renseignements au 04 73 43 30 48 (ou au 06 51 07 13 04 ou par mail : vseguret[arobase]outsiderland.com<\/p>\n<p>&nbsp;<\/p>\n<p>&nbsp;<\/p>\n<p><img loading=\"lazy\" class=\"size-medium wp-image-59 alignleft\" src=\"https:\/\/outsiderland.com\/philo\/wp-content\/uploads\/2019\/05\/47712123652_a031058495_k-300x225.jpg\" alt=\"\" width=\"300\" height=\"225\" srcset=\"https:\/\/outsiderland.com\/philo\/wp-content\/uploads\/2019\/05\/47712123652_a031058495_k-300x225.jpg 300w, https:\/\/outsiderland.com\/philo\/wp-content\/uploads\/2019\/05\/47712123652_a031058495_k-768x576.jpg 768w, https:\/\/outsiderland.com\/philo\/wp-content\/uploads\/2019\/05\/47712123652_a031058495_k-1024x768.jpg 1024w, https:\/\/outsiderland.com\/philo\/wp-content\/uploads\/2019\/05\/47712123652_a031058495_k.jpg 2048w\" sizes=\"(max-width: 300px) 100vw, 300px\" \/><\/p>\n<p class=\"western\">Dimanche 9 juin 10h30<\/p>\n<p class=\"western\"><b>En promenade avec Henry David Thoreau<br \/>\n<\/b><\/p>\n<p><em>Aux origines de la pens\u00e9e \u00e9cologiques<\/em><\/p>\n<p>Personnalit\u00e9 complexe et attachante, Henry David Thoreau, par son \u0153uvre et ses engagements, est un des auteurs majeurs de la pens\u00e9e \u00e9cologique am\u00e9ricaine. Naturaliste et randonneur, il promeut l&#8217;\u00e9mancipation de chacun par le retour \u00e0 la nature et sa critique de la soci\u00e9t\u00e9 de son temps demeure largement pertinente pour tous ceux qui cherchent \u00e0 inventer aujourd&#8217;hui d&#8217;autres formes d&#8217;autonomie.<\/p>\n<p class=\"western\">Vall\u00e9e du Madet (\u00c9gliseneuve-Pr\u00e8s-Billom)<\/p>\n<p>Rendez-vous \u00e0 10h30 au parking devant le lavoir apr\u00e8s Les Pierrys. \u00c0 Billom, prendre la direction de Ambert par la D997, apr\u00e8s 4km, tourner \u00e0 droite \u00e0 la Jonch\u00e8re (apr\u00e8s le restaurant) sur la D306 en direction des Pierrys. Passer le village et se garer sur le parking \u00e0 gauche \u00e0 c\u00f4t\u00e9 du lavoir<\/p>\n<p>Renseignements au 04 73 43 30 48 (ou au 06 51 07 13 04). Annulation possible en cas de mauvais temps.<\/p>\n<p>&nbsp;<\/p>\n<p><iframe loading=\"lazy\" src=\"https:\/\/www.geoportail.gouv.fr\/embed\/visu.html?c=3.3871792199401853,45.70360814223824&amp;z=16&amp;l0=ORTHOIMAGERY.ORTHOPHOTOS::GEOPORTAIL:OGC:WMTS(1)&amp;l1=TRANSPORTNETWORKS.ROADS::GEOPORTAIL:OGC:WMTS(1)&amp;l2=GEOGRAPHICALGRIDSYSTEMS.MAPS.SCAN-EXPRESS.STANDARD::GEOPORTAIL:OGC:WMTS(1)&amp;d3=2073421(1)&amp;permalink=yes\" width=\"600\" height=\"400\" frameborder=\"0\" marginwidth=\"0\" marginheight=\"0\" scrolling=\"no\" sandbox=\"allow-forms allow-scripts allow-same-origin\" allowfullscreen=\"allowfullscreen\"><\/iframe><\/p>\n<p>&nbsp;<\/p>\n<p>D\u00e9couvrir la Vall\u00e9e du Madet gr\u00e2ce au blog de l&#8217;association \u00e9ponyme :<br \/>\n<a href=\"https:\/\/la-vallee-du-madet.webnode.fr\/\" target=\"_blank\" rel=\"noopener noreferrer\">https:\/\/la-vallee-du-madet.webnode.fr\/<\/a><\/p>\n<p>&nbsp;<\/p>\n<p>&nbsp;<\/p>\n<p>&nbsp;<\/p>\n<p class=\"western\" style=\"text-align: center;\"><img loading=\"lazy\" class=\"size-medium wp-image-56 alignleft\" src=\"https:\/\/outsiderland.com\/philo\/wp-content\/uploads\/2019\/05\/46921087384_9f887780aa_k-300x225.jpg\" alt=\"\" width=\"300\" height=\"225\" srcset=\"https:\/\/outsiderland.com\/philo\/wp-content\/uploads\/2019\/05\/46921087384_9f887780aa_k-300x225.jpg 300w, https:\/\/outsiderland.com\/philo\/wp-content\/uploads\/2019\/05\/46921087384_9f887780aa_k-768x576.jpg 768w, https:\/\/outsiderland.com\/philo\/wp-content\/uploads\/2019\/05\/46921087384_9f887780aa_k-1024x768.jpg 1024w, https:\/\/outsiderland.com\/philo\/wp-content\/uploads\/2019\/05\/46921087384_9f887780aa_k.jpg 2048w\" sizes=\"(max-width: 300px) 100vw, 300px\" \/><\/p>\n<p>Samedi 15 juin 10h30<\/p>\n<p><b>Une balade avec Jean-Jacques Rousseau<\/b><\/p>\n<p>Nous \u00e9voquerons quelques p\u00e9rip\u00e9ties de la vie tumultueuse de Jean-Jacques Rousseau, au travers de ses nombreuses marches \u00e0 pied. De la description de l&#8217;homme \u00e0 \u00ab l\u2019\u00e9tat de nature \u00bb aux <em>R\u00eaveries du promeneur solitaire<\/em>, c&#8217;est toute une philosophie de la marche et du recours \u00e0 la &#8220;nature&#8221; qui se r\u00e9v\u00e8le et dont les marcheurs et naturalistes d&#8217;aujourd&#8217;hui sont les h\u00e9ritiers.<\/p>\n<p>\u00c9tang de Gravi\u00e8re (Fayet le ch\u00e2teau) : Rendez-vous sur le parking au bord de l&#8217;\u00e9tang avant le hameau de la Gravi\u00e8re.<\/p>\n<p>Renseignements au 04 73 43 30 48 (ou au 06 51 07 13 04). Annulation possible en cas de mauvais temps.<\/p>\n<p>&nbsp;<\/p>\n<p><iframe loading=\"lazy\" src=\"https:\/\/www.geoportail.gouv.fr\/embed\/visu.html?c=3.4172414185791022,45.68319430300022&amp;z=15&amp;l0=ORTHOIMAGERY.ORTHOPHOTOS::GEOPORTAIL:OGC:WMTS(1)&amp;l1=TRANSPORTNETWORKS.ROADS::GEOPORTAIL:OGC:WMTS(1)&amp;l2=GEOGRAPHICALGRIDSYSTEMS.MAPS.SCAN-EXPRESS.STANDARD::GEOPORTAIL:OGC:WMTS(1)&amp;d3=2073421(1)&amp;d4=2073427(1)&amp;permalink=yes\" width=\"600\" height=\"400\" frameborder=\"0\" marginwidth=\"0\" marginheight=\"0\" scrolling=\"no\" sandbox=\"allow-forms allow-scripts allow-same-origin\" allowfullscreen=\"allowfullscreen\"><\/iframe><\/p>\n<p>&nbsp;<\/p>\n<p>&nbsp;<\/p>\n<p class=\"western\" style=\"text-align: left;\"><img loading=\"lazy\" class=\"size-medium wp-image-57 alignleft\" src=\"https:\/\/outsiderland.com\/philo\/wp-content\/uploads\/2019\/05\/46753102285_5e59f045fb_k-300x225.jpg\" alt=\"\" width=\"300\" height=\"225\" srcset=\"https:\/\/outsiderland.com\/philo\/wp-content\/uploads\/2019\/05\/46753102285_5e59f045fb_k-300x225.jpg 300w, https:\/\/outsiderland.com\/philo\/wp-content\/uploads\/2019\/05\/46753102285_5e59f045fb_k-768x576.jpg 768w, https:\/\/outsiderland.com\/philo\/wp-content\/uploads\/2019\/05\/46753102285_5e59f045fb_k-1024x768.jpg 1024w, https:\/\/outsiderland.com\/philo\/wp-content\/uploads\/2019\/05\/46753102285_5e59f045fb_k.jpg 2048w\" sizes=\"(max-width: 300px) 100vw, 300px\" \/>Samedi 22 juin\u00a010h30<\/p>\n<p class=\"western\" style=\"text-align: left;\"><b>Une br\u00e8ve histoire de la marche \u00e0 pied<\/b><\/p>\n<p>Avec le triomphe de la civilisation motoris\u00e9e et num\u00e9ris\u00e9e, les \u00eatres humains d&#8217;aujourd&#8217;hui marchent beaucoup moins que leurs anc\u00eatres sans doute, mais marchent \u00e9galement de mani\u00e8re diff\u00e9rente. Ce changement majeur dans l&#8217;exp\u00e9rience humaine bouleverse notre rapport au monde, \u00e0 soi et aux autres. On essaiera sur les beaux chemins forestiers de redonner sens \u00e0 l&#8217;\u00e9garement, \u00e0 l&#8217;errance, et \u00e0 la lenteur.<\/p>\n<p class=\"western\" style=\"text-align: left;\">Bois de Ravel (Ravel) : Rendez-vous au parking du ch\u00e2teau.<\/p>\n<p>Renseignements au 04 73 43 30 48(ou au 06 51 07 13 04). Annulation possible en cas de mauvais temps.<\/p>\n<p>&nbsp;<\/p>\n<p><iframe loading=\"lazy\" src=\"https:\/\/www.geoportail.gouv.fr\/embed\/visu.html?c=3.4020923020629885,45.782734916208966&amp;z=16&amp;l0=ORTHOIMAGERY.ORTHOPHOTOS::GEOPORTAIL:OGC:WMTS(1)&amp;l1=TRANSPORTNETWORKS.ROADS::GEOPORTAIL:OGC:WMTS(1)&amp;l2=GEOGRAPHICALGRIDSYSTEMS.MAPS.SCAN-EXPRESS.STANDARD::GEOPORTAIL:OGC:WMTS(1)&amp;d3=2073421(0.5)&amp;d4=2073427(0.5)&amp;d5=2073431(1)&amp;permalink=yes\" width=\"600\" height=\"400\" frameborder=\"0\" marginwidth=\"0\" marginheight=\"0\" scrolling=\"no\" sandbox=\"allow-forms allow-scripts allow-same-origin\" allowfullscreen=\"allowfullscreen\"><\/iframe><\/p>\n<p>&nbsp;<\/p>\n<p>&nbsp;<\/p>\n<p class=\"western\" style=\"text-align: left;\"><img loading=\"lazy\" class=\"size-medium wp-image-58 alignleft\" src=\"https:\/\/outsiderland.com\/philo\/wp-content\/uploads\/2019\/05\/47690135032_063b81e690_k-300x225.jpg\" alt=\"\" width=\"300\" height=\"225\" srcset=\"https:\/\/outsiderland.com\/philo\/wp-content\/uploads\/2019\/05\/47690135032_063b81e690_k-300x225.jpg 300w, https:\/\/outsiderland.com\/philo\/wp-content\/uploads\/2019\/05\/47690135032_063b81e690_k-768x576.jpg 768w, https:\/\/outsiderland.com\/philo\/wp-content\/uploads\/2019\/05\/47690135032_063b81e690_k-1024x768.jpg 1024w, https:\/\/outsiderland.com\/philo\/wp-content\/uploads\/2019\/05\/47690135032_063b81e690_k.jpg 2048w\" sizes=\"(max-width: 300px) 100vw, 300px\" \/>Samedi 29 juin 10h30<\/p>\n<p class=\"western\" style=\"text-align: left;\"><b>Une promenade avec les derniers platoniciens<\/b><\/p>\n<p>Au cr\u00e9puscule de l&#8217;histoire de la philosophie grecque, ces lointains disciples d&#8217;Aristote et de Platon ont fait entendre une voix originale, qui, pour des lecteurs contemporains, para\u00eet pour le moins \u00e9trange. Jamblique, Proclus ou Damascius, pour ne citer que les plus c\u00e9l\u00e8bres, les derniers repr\u00e9sentants du polyth\u00e9isme philosophique antique, d\u00e9ploient pourtant un univers d&#8217;une richesse insoup\u00e7onn\u00e9e et font preuve d&#8217;une remarquable tol\u00e9rance religieuse. Nous essaierons de nous mettre, autant qu&#8217;il est possible, dans la t\u00eate d&#8217;un homme pour lequel \u00ab tout <em>est plein de dieux\u00a0\u00bb<\/em>.<\/p>\n<p class=\"western\" style=\"text-align: left;\">Bords d\u2019Allier (Dallet) : Rendez-vous \u00e0 l&#8217;entr\u00e9e du parc am\u00e9nag\u00e9 de Dallet.<\/p>\n<p>Renseignements au 04 73 43 30 48 (ou au 06 51 07 13 04). Annulation possible en cas de mauvais temps.<\/p>\n<p>&nbsp;<\/p>\n<p><iframe loading=\"lazy\" src=\"https:\/\/www.geoportail.gouv.fr\/embed\/visu.html?c=3.2380595620386616,45.77084347280635&amp;z=16&amp;l0=ORTHOIMAGERY.ORTHOPHOTOS::GEOPORTAIL:OGC:WMTS(1)&amp;l1=TRANSPORTNETWORKS.ROADS::GEOPORTAIL:OGC:WMTS(1)&amp;l2=GEOGRAPHICALGRIDSYSTEMS.MAPS.SCAN-EXPRESS.STANDARD::GEOPORTAIL:OGC:WMTS(1)&amp;d3=2073421(1)&amp;d4=2073427(1)&amp;d5=2073431(1)&amp;d6=2073459(1)&amp;permalink=yes\" width=\"600\" height=\"400\" frameborder=\"0\" marginwidth=\"0\" marginheight=\"0\" scrolling=\"no\" sandbox=\"allow-forms allow-scripts allow-same-origin\" allowfullscreen=\"allowfullscreen\"><\/iframe><\/p>\n<p>&nbsp;<\/p>\n<p>&nbsp;<\/p>\n","protected":false},"excerpt":{"rendered":"<p>En juin, on se prom\u00e8ne, et on \u00e9veille l&#8217;esprit\u00a0 ! Au programme 4 sorties philosophiques et \u00e9cologiques sur le territoire de Billom Communaut\u00e9. Chaque &#8220;promenade&#8221; dure une heure et demie, mais comprend une bonne heure d&#8217;expos\u00e9 et de discussions. Il ne s&#8217;agit donc pas de &#8220;randonn\u00e9e&#8221; mais bien de &#8220;promenade&#8221;. Les parcours propos\u00e9s ne pr\u00e9sentent [&hellip;]<\/p>\n","protected":false},"author":1,"featured_media":0,"parent":0,"menu_order":0,"comment_status":"closed","ping_status":"closed","template":"","meta":[],"_links":{"self":[{"href":"https:\/\/outsiderland.com\/philo\/wp-json\/wp\/v2\/pages\/47"}],"collection":[{"href":"https:\/\/outsiderland.com\/philo\/wp-json\/wp\/v2\/pages"}],"about":[{"href":"https:\/\/outsiderland.com\/philo\/wp-json\/wp\/v2\/types\/page"}],"author":[{"embeddable":true,"href":"https:\/\/outsiderland.com\/philo\/wp-json\/wp\/v2\/users\/1"}],"replies":[{"embeddable":true,"href":"https:\/\/outsiderland.com\/philo\/wp-json\/wp\/v2\/comments?post=47"}],"version-history":[{"count":31,"href":"https:\/\/outsiderland.com\/philo\/wp-json\/wp\/v2\/pages\/47\/revisions"}],"predecessor-version":[{"id":115,"href":"https:\/\/outsiderland.com\/philo\/wp-json\/wp\/v2\/pages\/47\/revisions\/115"}],"wp:attachment":[{"href":"https:\/\/outsiderland.com\/philo\/wp-json\/wp\/v2\/media?parent=47"}],"curies":[{"name":"wp","href":"https:\/\/api.w.org\/{rel}","templated":true}]}}