{"id":19,"date":"2019-04-25T13:10:45","date_gmt":"2019-04-25T13:10:45","guid":{"rendered":"https:\/\/outsiderland.com\/philo\/?page_id=19"},"modified":"2019-04-25T13:11:19","modified_gmt":"2019-04-25T13:11:19","slug":"les-conversations-philosophiques-et-litteraires","status":"publish","type":"page","link":"https:\/\/outsiderland.com\/philo\/les-conversations-philosophiques-et-litteraires\/","title":{"rendered":"LES CONVERSATIONS PHILOSOPHIQUES ET LITT\u00c9RAIRES"},"content":{"rendered":"<p>Petite introduction au n\u00e9oplatonisme \u00e0 travers les vies des philosophes (Plotin, Porphyre, Jamblique, Proclus, Damascius) \u2013 ou : comment peut-\u00eatre \u00eatre philosophe et polyth\u00e9iste ?<\/p>\n<p>Effondrements et catastrophes en psychanalyse (W.R. Bion et Winnicott)<\/p>\n<p>Quelques cl\u00e9s pour lire les livres r\u00e9put\u00e9s difficiles (Arno Schmidt, William Gaddis, Laurence Sterne et quelques autres)<\/p>\n","protected":false},"excerpt":{"rendered":"<p>Petite introduction au n\u00e9oplatonisme \u00e0 travers les vies des philosophes (Plotin, Porphyre, Jamblique, Proclus, Damascius) \u2013 ou : comment peut-\u00eatre \u00eatre philosophe et polyth\u00e9iste ? Effondrements et catastrophes en psychanalyse (W.R. Bion et Winnicott) Quelques cl\u00e9s pour lire les livres r\u00e9put\u00e9s difficiles (Arno Schmidt, William Gaddis, Laurence Sterne et quelques autres)<\/p>\n","protected":false},"author":1,"featured_media":0,"parent":0,"menu_order":0,"comment_status":"closed","ping_status":"closed","template":"","meta":[],"_links":{"self":[{"href":"https:\/\/outsiderland.com\/philo\/wp-json\/wp\/v2\/pages\/19"}],"collection":[{"href":"https:\/\/outsiderland.com\/philo\/wp-json\/wp\/v2\/pages"}],"about":[{"href":"https:\/\/outsiderland.com\/philo\/wp-json\/wp\/v2\/types\/page"}],"author":[{"embeddable":true,"href":"https:\/\/outsiderland.com\/philo\/wp-json\/wp\/v2\/users\/1"}],"replies":[{"embeddable":true,"href":"https:\/\/outsiderland.com\/philo\/wp-json\/wp\/v2\/comments?post=19"}],"version-history":[{"count":1,"href":"https:\/\/outsiderland.com\/philo\/wp-json\/wp\/v2\/pages\/19\/revisions"}],"predecessor-version":[{"id":20,"href":"https:\/\/outsiderland.com\/philo\/wp-json\/wp\/v2\/pages\/19\/revisions\/20"}],"wp:attachment":[{"href":"https:\/\/outsiderland.com\/philo\/wp-json\/wp\/v2\/media?parent=19"}],"curies":[{"name":"wp","href":"https:\/\/api.w.org\/{rel}","templated":true}]}}