{"id":17,"date":"2019-04-25T13:09:51","date_gmt":"2019-04-25T13:09:51","guid":{"rendered":"https:\/\/outsiderland.com\/philo\/?page_id=17"},"modified":"2019-04-25T13:09:51","modified_gmt":"2019-04-25T13:09:51","slug":"ateliers-penser-le-contemporain","status":"publish","type":"page","link":"https:\/\/outsiderland.com\/philo\/ateliers-penser-le-contemporain\/","title":{"rendered":"ATELIERS : PENSER LE CONTEMPORAIN"},"content":{"rendered":"<p>Consid\u00e9rations intempestives avant la fin du monde<\/p>\n<p>La libert\u00e9 \u00e0 l\u2019\u00e8re du num\u00e9rique (ou : Comment \u00e9viter de devenir une base de donn\u00e9es ambulante ?)<\/p>\n<p>La naturalisation de toutes choses (O\u00f9 sont donc pass\u00e9s l\u2019\u00e2me et l\u2019esprit ?)<\/p>\n<p>La foire aux psychoth\u00e9rapies (psychopathologies et angoisses existentielles ?)<\/p>\n<p>Bient\u00f4t la fin du monde ? Atelier d\u2019\u00e9laboration de sc\u00e9narios en p\u00e9riode pr\u00e9-apocalyptique.<\/p>\n<p>Un \u00c9loge philosophique de la diversit\u00e9.<\/p>\n<p>No-Life, Hikikomori, et autres ermites contemporains : un rejet des id\u00e9logies lib\u00e9rales de la r\u00e9ussite.<\/p>\n<p>\u00c9loge de la lenteur \u00e0 l\u2019\u00e8re de l\u2019hyper-acc\u00e9l\u00e9ration.<\/p>\n<p>Vivre avec les animaux ? \u00c0 quoi pourrait ressembler une zoopolis ?<\/p>\n<p>L\u2019avenir incertain des &#8220;hyper-ruralit\u00e9s&#8221;.<\/p>\n","protected":false},"excerpt":{"rendered":"<p>Consid\u00e9rations intempestives avant la fin du monde La libert\u00e9 \u00e0 l\u2019\u00e8re du num\u00e9rique (ou : Comment \u00e9viter de devenir une base de donn\u00e9es ambulante ?) La naturalisation de toutes choses (O\u00f9 sont donc pass\u00e9s l\u2019\u00e2me et l\u2019esprit ?) La foire aux psychoth\u00e9rapies (psychopathologies et angoisses existentielles ?) Bient\u00f4t la fin du monde ? Atelier d\u2019\u00e9laboration [&hellip;]<\/p>\n","protected":false},"author":1,"featured_media":0,"parent":0,"menu_order":0,"comment_status":"closed","ping_status":"closed","template":"","meta":[],"_links":{"self":[{"href":"https:\/\/outsiderland.com\/philo\/wp-json\/wp\/v2\/pages\/17"}],"collection":[{"href":"https:\/\/outsiderland.com\/philo\/wp-json\/wp\/v2\/pages"}],"about":[{"href":"https:\/\/outsiderland.com\/philo\/wp-json\/wp\/v2\/types\/page"}],"author":[{"embeddable":true,"href":"https:\/\/outsiderland.com\/philo\/wp-json\/wp\/v2\/users\/1"}],"replies":[{"embeddable":true,"href":"https:\/\/outsiderland.com\/philo\/wp-json\/wp\/v2\/comments?post=17"}],"version-history":[{"count":1,"href":"https:\/\/outsiderland.com\/philo\/wp-json\/wp\/v2\/pages\/17\/revisions"}],"predecessor-version":[{"id":18,"href":"https:\/\/outsiderland.com\/philo\/wp-json\/wp\/v2\/pages\/17\/revisions\/18"}],"wp:attachment":[{"href":"https:\/\/outsiderland.com\/philo\/wp-json\/wp\/v2\/media?parent=17"}],"curies":[{"name":"wp","href":"https:\/\/api.w.org\/{rel}","templated":true}]}}