{"id":15,"date":"2019-04-25T13:08:52","date_gmt":"2019-04-25T13:08:52","guid":{"rendered":"https:\/\/outsiderland.com\/philo\/?page_id=15"},"modified":"2019-05-05T12:38:38","modified_gmt":"2019-05-05T12:38:38","slug":"promenades-ecologiques-et-philosophiques","status":"publish","type":"page","link":"https:\/\/outsiderland.com\/philo\/promenades-ecologiques-et-philosophiques\/","title":{"rendered":"PROMENADES \u00c9COLOGIQUES ET PHILOSOPHIQUES"},"content":{"rendered":"<blockquote><p>&#8220;Une perspective absolument neuve est un grand<br \/>\nbonheur qu&#8217;il m &#8216;est encore donn\u00e9 de conna\u00eetre cet<br \/>\napr\u00e8s-midi. Deux ou trois heures de marche , et me<br \/>\nvoil\u00e0 dans une contr\u00e9e aussi \u00e9trange que j&#8217;esp\u00e9rais la<br \/>\nd\u00e9couvrir. Parfois , une ferme isol\u00e9e que je vois pour<br \/>\nla premi\u00e8re fois vaut tous les territoires du roi du<br \/>\nDahomey. Il y a de fait une harmonie d\u00e9celable entre<br \/>\nles potentialit\u00e9s du paysage compris dans un cercle<br \/>\nde quinze kilom\u00e8tres de rayon, limite d&#8217;une prome-<br \/>\nnade \u00e0 la mi-journ\u00e9e, et l&#8217;intervalle de quelque soixante-<br \/>\ndix ans que couvre la vie humaine . Jamais ce paysage<br \/>\nne devient tout \u00e0 fait familier. &#8221;<\/p>\n<p><em>\u00a0<\/em><\/p><\/blockquote>\n<p>Henry David Thoreau, <em>Balades<\/em>, trad. L\u00e9on Balzagette, La Table Ronde, 1995<\/p>\n<p>&nbsp;<\/p>\n<p><strong>Propositions de th\u00e8mes pour des balades philosophiques et \u00e9cologiques :<\/strong><\/p>\n<p>&nbsp;<\/p>\n<p>Une promenade (n\u00e9o-)platonicienne (Un monde plein de dieux : Proclus et Damascius et les derni\u00e8res voix du polyth\u00e9isme grec)<\/p>\n<p>Br\u00e8ve histoire march\u00e9e de la marche \u00e0 pied (ou\u00a0: L&#8217;Exp\u00e9rience humaine avant l&#8217;automobile)<\/p>\n<p>Marcher avec Henry David Thoreau (Le retour \u00e0 la nature : une philosophie de l&#8217;\u00e9mancipation)<\/p>\n<p>Penser comme une montagne avec Aldo Leopold (La naissance d&#8217;une \u00e9thique de la terre)<\/p>\n<p>En Promenade avec Jean-Jacques Rousseau (Nature et solitude comme refuge et th\u00e9rapie)<\/p>\n<p>Parcourir les for\u00eats comme un animiste (ou : Comment pensent les for\u00eats ? Br\u00e8ve errance \u00e0 travers les mondes peupl\u00e9s d\u2019esprits)<\/p>\n","protected":false},"excerpt":{"rendered":"<p>&#8220;Une perspective absolument neuve est un grand bonheur qu&#8217;il m &#8216;est encore donn\u00e9 de conna\u00eetre cet apr\u00e8s-midi. Deux ou trois heures de marche , et me voil\u00e0 dans une contr\u00e9e aussi \u00e9trange que j&#8217;esp\u00e9rais la d\u00e9couvrir. Parfois , une ferme isol\u00e9e que je vois pour la premi\u00e8re fois vaut tous les territoires du roi du [&hellip;]<\/p>\n","protected":false},"author":1,"featured_media":0,"parent":0,"menu_order":0,"comment_status":"closed","ping_status":"closed","template":"","meta":[],"_links":{"self":[{"href":"https:\/\/outsiderland.com\/philo\/wp-json\/wp\/v2\/pages\/15"}],"collection":[{"href":"https:\/\/outsiderland.com\/philo\/wp-json\/wp\/v2\/pages"}],"about":[{"href":"https:\/\/outsiderland.com\/philo\/wp-json\/wp\/v2\/types\/page"}],"author":[{"embeddable":true,"href":"https:\/\/outsiderland.com\/philo\/wp-json\/wp\/v2\/users\/1"}],"replies":[{"embeddable":true,"href":"https:\/\/outsiderland.com\/philo\/wp-json\/wp\/v2\/comments?post=15"}],"version-history":[{"count":5,"href":"https:\/\/outsiderland.com\/philo\/wp-json\/wp\/v2\/pages\/15\/revisions"}],"predecessor-version":[{"id":74,"href":"https:\/\/outsiderland.com\/philo\/wp-json\/wp\/v2\/pages\/15\/revisions\/74"}],"wp:attachment":[{"href":"https:\/\/outsiderland.com\/philo\/wp-json\/wp\/v2\/media?parent=15"}],"curies":[{"name":"wp","href":"https:\/\/api.w.org\/{rel}","templated":true}]}}