{"id":735,"date":"2014-10-30T21:32:32","date_gmt":"2014-10-30T21:32:32","guid":{"rendered":"https:\/\/outsiderland.com\/albepierre-bredons\/?page_id=735"},"modified":"2019-05-14T17:35:52","modified_gmt":"2019-05-14T17:35:52","slug":"le-paradis-des-randonneurs","status":"publish","type":"page","link":"https:\/\/outsiderland.com\/paulhac\/?page_id=735","title":{"rendered":"Tous les plaisirs de la montagne en \u00e9t\u00e9"},"content":{"rendered":"<h2><\/h2>\n<h2>RANDONN\u00c9E P\u00c9DESTRE<\/h2>\n<p><a href=\"https:\/\/outsiderland.com\/paulhac\/wp-content\/uploads\/2015\/09\/montee-au-plomb.jpg\"><img decoding=\"async\" loading=\"lazy\" class=\"alignnone size-medium wp-image-1186\" src=\"https:\/\/outsiderland.com\/paulhac\/wp-content\/uploads\/2015\/09\/montee-au-plomb-500x376.jpg\" alt=\"montee-au-plomb\" width=\"500\" height=\"376\" srcset=\"https:\/\/outsiderland.com\/paulhac\/wp-content\/uploads\/2015\/09\/montee-au-plomb-500x376.jpg 500w, https:\/\/outsiderland.com\/paulhac\/wp-content\/uploads\/2015\/09\/montee-au-plomb-1024x769.jpg 1024w, https:\/\/outsiderland.com\/paulhac\/wp-content\/uploads\/2015\/09\/montee-au-plomb-200x150.jpg 200w, https:\/\/outsiderland.com\/paulhac\/wp-content\/uploads\/2015\/09\/montee-au-plomb-150x113.jpg 150w\" sizes=\"(max-width: 500px) 100vw, 500px\" \/><\/a><\/p>\n<h2>TRAIL<\/h2>\n<p>Voir l&rsquo;article du quotidien La Montagne : \u00ab <a href=\"http:\/\/www.lamontagne.fr\/auvergne\/actualite\/departement\/cantal\/2014\/10\/02\/le-territoire-souhaite-integrer-le-reseau-national-des-stations-de-trail-et-serait-le-premier-en-auvergne_11165220.html\" target=\"_blank\" rel=\"noopener noreferrer\">Le massif du Cantal souhaite int\u00e9grer le r\u00e9seau national des stations de trail<\/a> \u00bb<\/p>\n<p>&nbsp;<\/p>\n<h2>VTT<\/h2>\n<p>&nbsp;<\/p>\n<h2>CYCLISME SUR ROUTE<\/h2>\n<p><a href=\"https:\/\/outsiderland.com\/paulhac\/wp-content\/uploads\/2015\/06\/RIMG3215.jpg\"><img decoding=\"async\" loading=\"lazy\" class=\"alignnone size-medium wp-image-1060\" src=\"https:\/\/outsiderland.com\/paulhac\/wp-content\/uploads\/2015\/06\/RIMG3215-500x375.jpg\" alt=\"RIMG3215\" width=\"500\" height=\"375\" srcset=\"https:\/\/outsiderland.com\/paulhac\/wp-content\/uploads\/2015\/06\/RIMG3215-500x375.jpg 500w, https:\/\/outsiderland.com\/paulhac\/wp-content\/uploads\/2015\/06\/RIMG3215-1024x768.jpg 1024w, https:\/\/outsiderland.com\/paulhac\/wp-content\/uploads\/2015\/06\/RIMG3215-200x150.jpg 200w, https:\/\/outsiderland.com\/paulhac\/wp-content\/uploads\/2015\/06\/RIMG3215-150x113.jpg 150w\" sizes=\"(max-width: 500px) 100vw, 500px\" \/><\/a><\/p>\n<h2>\u00c9QUITATION<\/h2>\n<p><a href=\"https:\/\/outsiderland.com\/albepierre-bredons\/wp-content\/uploads\/2014\/10\/70eyo-DSCN1024.jpg\"><img decoding=\"async\" loading=\"lazy\" class=\"alignnone size-medium wp-image-827\" src=\"https:\/\/outsiderland.com\/albepierre-bredons\/wp-content\/uploads\/2014\/10\/70eyo-DSCN1024-300x225.jpg\" alt=\"70eyo-DSCN1024\" width=\"300\" height=\"225\" \/><\/a><\/p>\n<p>Au col de la Mol\u00e8de, les\u00a0Accompagnateurs de Tourisme \u00e9questre du<a href=\"http:\/\/www.cheval-cantal-gite.fr\/#Accueil.A\" target=\"_blank\" rel=\"noopener noreferrer\"> Col de la Mol\u00e8de \u00e0 Cheval<\/a> vous accueillent pour d\u00e9couvrir les plaisirs de la randonn\u00e9e \u00e9questre (Cheval, Poney, \u00c2nes) dans un site magnifique et sauvage.<\/p>\n<h2>P\u00caCHE \u00e0 LA TRUITE<\/h2>\n<p>P\u00eache dans nos ruisseaux et dans les lacs \u00e0 proximit\u00e9.<\/p>\n<p>&nbsp;<\/p>\n","protected":false},"excerpt":{"rendered":"<p>RANDONN\u00c9E P\u00c9DESTRE TRAIL Voir l&rsquo;article du quotidien La Montagne : \u00ab Le massif du Cantal souhaite int\u00e9grer le r\u00e9seau national des stations de trail \u00bb &nbsp; VTT &nbsp; CYCLISME SUR ROUTE \u00c9QUITATION Au col de la Mol\u00e8de, les\u00a0Accompagnateurs de Tourisme \u00e9questre du Col de la Mol\u00e8de \u00e0 Cheval vous accueillent pour d\u00e9couvrir les plaisirs de &hellip; <\/p>\n<p><a class=\"more-link block-button\" href=\"https:\/\/outsiderland.com\/paulhac\/?page_id=735\">Continuer \u00e0 lire &raquo;<\/a><\/p>\n","protected":false},"author":1,"featured_media":0,"parent":375,"menu_order":0,"comment_status":"open","ping_status":"closed","template":"template-onecolumn.php","meta":[],"_links":{"self":[{"href":"https:\/\/outsiderland.com\/paulhac\/index.php?rest_route=\/wp\/v2\/pages\/735"}],"collection":[{"href":"https:\/\/outsiderland.com\/paulhac\/index.php?rest_route=\/wp\/v2\/pages"}],"about":[{"href":"https:\/\/outsiderland.com\/paulhac\/index.php?rest_route=\/wp\/v2\/types\/page"}],"author":[{"embeddable":true,"href":"https:\/\/outsiderland.com\/paulhac\/index.php?rest_route=\/wp\/v2\/users\/1"}],"replies":[{"embeddable":true,"href":"https:\/\/outsiderland.com\/paulhac\/index.php?rest_route=%2Fwp%2Fv2%2Fcomments&post=735"}],"version-history":[{"count":6,"href":"https:\/\/outsiderland.com\/paulhac\/index.php?rest_route=\/wp\/v2\/pages\/735\/revisions"}],"predecessor-version":[{"id":2325,"href":"https:\/\/outsiderland.com\/paulhac\/index.php?rest_route=\/wp\/v2\/pages\/735\/revisions\/2325"}],"up":[{"embeddable":true,"href":"https:\/\/outsiderland.com\/paulhac\/index.php?rest_route=\/wp\/v2\/pages\/375"}],"wp:attachment":[{"href":"https:\/\/outsiderland.com\/paulhac\/index.php?rest_route=%2Fwp%2Fv2%2Fmedia&parent=735"}],"curies":[{"name":"wp","href":"https:\/\/api.w.org\/{rel}","templated":true}]}}