{"id":733,"date":"2014-10-30T21:32:04","date_gmt":"2014-10-30T21:32:04","guid":{"rendered":"https:\/\/outsiderland.com\/albepierre-bredons\/?page_id=733"},"modified":"2019-05-14T17:35:39","modified_gmt":"2019-05-14T17:35:39","slug":"sports-dhiver","status":"publish","type":"page","link":"https:\/\/outsiderland.com\/paulhac\/?page_id=733","title":{"rendered":"Les Sports d&rsquo;hiver"},"content":{"rendered":"<p>Depuis le col de Prat-de-Bouc, qui s&rsquo;\u00e9l\u00e8ve \u00e0 1392 m\u00e8tres, il est possible de pratiquer la plupart des activit\u00e9s pris\u00e9es des amateurs de glisse.<\/p>\n<h2>LE SKI ALPIN<\/h2>\n<p>Plusieurs remont\u00e9es m\u00e9caniques permettent de rejoindre les sommets alentours, \u00e0 commencer par le Plomb du Cantal, point culminant du massif (1855 m\u00e8tres), et le refuge et le t\u00e9l\u00e9ph\u00e9rique qui se trouvent juste \u00e0 c\u00f4t\u00e9..\u00a0On peut ainsi acc\u00e9der \u00e0 la totalit\u00e9 du domaine skiable de Super Lioran, soit 60 kilom\u00e8tres de bonheur au gr\u00e9 des 44 pistes disponibles :\u00a010 Vertes dont 2 champs de neige &#8211; 14 Bleues &#8211; 15 Rouges &#8211; 5 Noires, sans oublier le snowpark, le\u00a0Boardercross et les pistes de luge.<\/p>\n<p>On trouvera le plan des pistes et toutes les informations sur la station sur<a href=\"http:\/\/www.lelioran.com\/intro-domski.html\" target=\"_blank\" rel=\"noopener noreferrer\"> le site de Super-Lioran.<\/a><\/p>\n<h2>SKI NORDIQUE, SKI DE RANDONN\u00c9E\u00a0ET RAQUETTES<\/h2>\n<p><a href=\"https:\/\/outsiderland.com\/ski-nordique-pratdebouc\/wp-content\/uploads\/2014\/12\/PLAN-DES-PISTES-PDB-LE-CHE-claire-dori-2015.jpg\"><img decoding=\"async\" loading=\"lazy\" class=\"alignnone size-full wp-image-2137\" src=\"https:\/\/outsiderland.com\/ski-nordique-pratdebouc\/wp-content\/uploads\/2014\/12\/PLAN-DES-PISTES-PDB-LE-CHE-claire-dori-2015.jpg\" alt=\"PLAN-DES-PISTES-PDB-LE-CHE-claire-dori-2015\" width=\"954\" height=\"499\" \/><\/a><\/p>\n<h3>Deux points d\u2019acc\u00e8s au domaine nordique :<\/h3>\n<p>Le <strong><a href=\"http:\/\/ski-nordique-pratdebouc.fr\" target=\"_blank\" rel=\"noopener noreferrer\">Buron des Pr\u00e9s Marty<\/a><\/strong> au col de Prat-de-Bouc (altitude 1400 m)<\/p>\n<p>Le <strong><a href=\"http:\/\/foyer-nordique-haute-planeze.com\/\" target=\"_blank\" rel=\"noopener noreferrer\">Foyer nordique du Ch\u00e9 Haute Plan\u00e8ze<\/a><\/strong> (altitude 1240 m)<\/p>\n<p>Le domaine s\u2019\u00e9tend sur quatre communes : Albepierre-Bredons, <a href=\"http:\/\/valuejols.fr\" target=\"_blank\" rel=\"noopener noreferrer\">Valu\u00e9jols<\/a>, Paulhac et Laveissenet.<\/p>\n<p><strong>Une cinquantaine de kilom\u00e8tres de pistes dam\u00e9es, pour tous les niveaux.<\/strong><\/p>\n<p>Le domaine nordique de Prat-de-Bouc-Haute-Plan\u00e8ze s&rsquo;\u00e9tend sur plus de 50 kilom\u00e8tres carr\u00e9s, entre 1250 et 1600 m\u00e8tres d&rsquo;altitude. Les coul\u00e9es volcaniques issues de l&rsquo;effondrement de cet immense strato-volcan qu&rsquo;\u00e9tait le Plomb du Cantal (dont certaines \u00e9tudes \u00e9valuent la hauteur \u00e0 plus de 3000 m\u00e8tres avant sa derni\u00e8re \u00e9ruption, il y a deux millions d&rsquo;ann\u00e9es) ont dessin\u00e9 ces paysages, ainsi que le travail des hommes, des animaux d&rsquo;\u00e9levage, et des forestiers.<\/p>\n<p>Il constitue un des lieux historiques du ski nordique dans le Massif central : s&rsquo;y d\u00e9ployait autrefois un nombre de pistes bien sup\u00e9rieur \u00e0 celui d&rsquo;aujourd&rsquo;hui, dont on trouve encore les traces en explorant la Haute-Plan\u00e8ze. Les foyers de ski de fond de Paulhac, de Valu\u00e9jols, du Ch\u00e9 et des Pr\u00e9s-Marty accueillaient de tr\u00e8s nombreux skieurs. Aujourd&rsquo;hui encore, les amateurs de grands espaces sauvages appr\u00e9cient en connaisseur les pistes de notre domaine \u2014 le domaine nordique procure ce sentiment d&rsquo;exploration et de d\u00e9couverte, et la diversit\u00e9 de sa faune et de ses paysages en font un paradis pour le ski nordique et les raquettes \u00e0 neige.<\/p>\n<p>Les pistes de ski de fond et les itin\u00e9raires d\u00e9di\u00e9s aux raquettes \u00e0 neige se d\u00e9ploient aujourd&rsquo;hui dans quatre grands espaces aux caract\u00e9ristiques diff\u00e9rentes : au col de Prat-de-Bouc, les pistes sont trac\u00e9es sur les pentes d\u00e9gag\u00e9es du Plomb du Cantal, point culminant du massif (1855 m) ; de l&rsquo;autre c\u00f4t\u00e9 du col, autour du Puy de Prat-de-Bouc, les pistes serpentent dans les for\u00eats, surplombant la vall\u00e9e du Lagnon au-dessus d&rsquo;Albepierre-Bredons ; au d\u00e9part du village du Ch\u00e9, sur les communes de Valu\u00e9jols et de Laveissenet, on emprunte de larges pistes foresti\u00e8res prot\u00e9g\u00e9es du vent ; enfin, sur les hauts-plateaux, entre le Ch\u00e9 et le Puy de Prat-de-Bouc, c&rsquo;est le domaine des estives enneig\u00e9es, qui s&rsquo;\u00e9tendent \u00e0 perte de vue et offrent des panoramas \u00e0 360\u00b0 sur tous les massifs alentours (C\u00e9zallier, Sancy, Monts du Cantal, Aubrac et Margeride).<br \/>\n<img decoding=\"async\" src=\"https:\/\/outsiderland.com\/ski-nordique-pratdebouc\/wp-content\/uploads\/2014\/12\/DSC00863.jpg\" width=\"500\" class=\"alignnone\" \/><\/p>\n<p><strong>SECTEUR PLOMB<\/strong><br \/>\nLE LAGNON (2,3 KM)<br \/>\nLES PR\u00c9S MARTY (3,8 KM)<br \/>\nLE PUY DU ROCHER (7,4 KM)<\/p>\n<p><strong>SECTEUR PLANEZE<\/strong><br \/>\nLE BOIS DU ROY (2,3 KM)<br \/>\nLE PAS DE BOEUF (3,8 KM)<br \/>\nLA MONTAGNOUNE (6,8 KM)<\/p>\n<p><strong>SECTEUR LE CHE<\/strong><br \/>\nLES RODDES (2,6 KM)<br \/>\nLES MOUTHES (4,3 KM)<br \/>\nLES BICHES (6,8 KM)<\/p>\n<p><strong>ITIN\u00c9RAIRES NORDIQUES<\/strong><br \/>\nLE CH\u00c9 PAR LES PLATEAUX (8,2 KM)<br \/>\nLE CH\u00c9 PAR LA FOR\u00caT (7,7 KM)<\/p>\n<p><strong>SENTIERS RAQUETTES<\/strong><br \/>\nDEPUIS PRAT DE BOUC : BURON DE LA SOULEYRE (2,2 KM ALLER-RETOUR)<br \/>\nDEPUIS PRAT DE BOUC : BURON DE RAVEYROL (3,5 KM EN BOUCLE)<\/p>\n<p>Au Buron des Pr\u00e9s Marty, au col de Prat-de-Bouc, vous disposerez d&rsquo;un service de location de ski de fond\u00a0classiques et skating, de raquettes et de luges, ainsi que d&rsquo;un salle hors-sac gratuite. Des moniteurs sont \u00e9galement \u00e0 votre disposition pour vous enseigner les rudiments du ski nordique. Vous aurez m\u00eame la possibilit\u00e9 de vous initier au biathlon !<\/p>\n<p>Des randonn\u00e9es sont organis\u00e9es r\u00e9guli\u00e8rement, en skis ou en raquettes \u00e0 neige. Le must est la randonn\u00e9e nocturne, souvent suivie d&rsquo;une d\u00e9gustation de produits locaux dans un des nombreux burons qui jalonnent le paysage.<\/p>\n<p>Sur le site de <a href=\"http:\/\/ski-nordique-pratdebouc.fr\" target=\"_blank\" rel=\"noopener noreferrer\">ski nordique prat-de-)bouc<\/a>, vous trouverez toutes les informations utiles pour pr\u00e9parer votre s\u00e9jour.<\/p>\n<p>Les adeptes du ski de randonn\u00e9e, alpin ou \u00ab\u00a0backcountry\u00a0\u00bb, se r\u00e9galeront en explorant les montagnes, au d\u00e9part d&rsquo;Albepierre, du col de la Mol\u00e8de ou du Pont de Fer. L&rsquo;ascension jusqu&rsquo;au cirque de Chamali\u00e8res, qui ne pr\u00e9sente pas de difficult\u00e9s particuli\u00e8res, constitue une randonn\u00e9e tr\u00e8s pris\u00e9e des amateurs, et les plus hardis pourront s&rsquo;en donner \u00e0 c\u0153ur joie sur les pentes alentours.<\/p>\n<p><a href=\"https:\/\/outsiderland.com\/albepierre-bredons\/wp-content\/uploads\/2014\/11\/IMG_1546.jpg\"><img decoding=\"async\" loading=\"lazy\" class=\"alignnone size-medium wp-image-755\" src=\"https:\/\/outsiderland.com\/albepierre-bredons\/wp-content\/uploads\/2014\/11\/IMG_1546-300x225.jpg\" alt=\"IMG_1546\" width=\"300\" height=\"225\" \/><\/a><\/p>\n<h2>CASCADE DE GLACE<\/h2>\n<p>Roger Delcros a r\u00e9pertori\u00e9 sur son blog un certain nombre de cascades de glace propice \u00e0 l&rsquo;escalade. N&rsquo;h\u00e9sitez pas \u00e0 <a href=\"http:\/\/delcrosroger.blogspot.fr\/2011\/08\/cascade-de-glace-albepierre-pisse-gel.html\" target=\"_blank\" rel=\"noopener noreferrer\">visiter sa page<\/a>. Chaque ann\u00e9e, le club <a href=\"http:\/\/www.ame15.com\/\" target=\"_blank\" rel=\"noopener noreferrer\">Aurillac Montagne EScalade<\/a> organise une manifestation qui permet \u00e0 chacun de d\u00e9couvrir l&rsquo;alpinisme avec des encadrants chevronn\u00e9s : <a href=\"http:\/\/www.cantalycimes.fr\/\" target=\"_blank\" rel=\"noopener noreferrer\">Cantal Y Cimes<\/a>. <\/p>\n<h2>CHIENS DE TRA\u00ceNEAUX<\/h2>\n<p>Au col de Prat-de-Bouc, il est possible de faire une balade en chiens de tra\u00eeneau. L&rsquo;\u00e9quipage de St\u00e9phane Pelletier vous emm\u00e8nera sur les pentes du Plomb du Cantal ou dans les for\u00eats alentours.<br \/>\n(04 71 20 00 24 &#8211; 06 70 93 73 99)<br \/>\n<img decoding=\"async\" src=\"https:\/\/outsiderland.com\/ski-nordique-pratdebouc\/wp-content\/uploads\/2014\/12\/DSC08393.jpg\" width=\"500\" class=\"alignnone\" \/><\/p>\n","protected":false},"excerpt":{"rendered":"<p>Depuis le col de Prat-de-Bouc, qui s&rsquo;\u00e9l\u00e8ve \u00e0 1392 m\u00e8tres, il est possible de pratiquer la plupart des activit\u00e9s pris\u00e9es des amateurs de glisse. LE SKI ALPIN Plusieurs remont\u00e9es m\u00e9caniques permettent de rejoindre les sommets alentours, \u00e0 commencer par le Plomb du Cantal, point culminant du massif (1855 m\u00e8tres), et le refuge et le t\u00e9l\u00e9ph\u00e9rique &hellip; <\/p>\n<p><a class=\"more-link block-button\" href=\"https:\/\/outsiderland.com\/paulhac\/?page_id=733\">Continuer \u00e0 lire &raquo;<\/a><\/p>\n","protected":false},"author":1,"featured_media":0,"parent":375,"menu_order":0,"comment_status":"open","ping_status":"closed","template":"template-onecolumn.php","meta":[],"_links":{"self":[{"href":"https:\/\/outsiderland.com\/paulhac\/index.php?rest_route=\/wp\/v2\/pages\/733"}],"collection":[{"href":"https:\/\/outsiderland.com\/paulhac\/index.php?rest_route=\/wp\/v2\/pages"}],"about":[{"href":"https:\/\/outsiderland.com\/paulhac\/index.php?rest_route=\/wp\/v2\/types\/page"}],"author":[{"embeddable":true,"href":"https:\/\/outsiderland.com\/paulhac\/index.php?rest_route=\/wp\/v2\/users\/1"}],"replies":[{"embeddable":true,"href":"https:\/\/outsiderland.com\/paulhac\/index.php?rest_route=%2Fwp%2Fv2%2Fcomments&post=733"}],"version-history":[{"count":1,"href":"https:\/\/outsiderland.com\/paulhac\/index.php?rest_route=\/wp\/v2\/pages\/733\/revisions"}],"predecessor-version":[{"id":2324,"href":"https:\/\/outsiderland.com\/paulhac\/index.php?rest_route=\/wp\/v2\/pages\/733\/revisions\/2324"}],"up":[{"embeddable":true,"href":"https:\/\/outsiderland.com\/paulhac\/index.php?rest_route=\/wp\/v2\/pages\/375"}],"wp:attachment":[{"href":"https:\/\/outsiderland.com\/paulhac\/index.php?rest_route=%2Fwp%2Fv2%2Fmedia&parent=733"}],"curies":[{"name":"wp","href":"https:\/\/api.w.org\/{rel}","templated":true}]}}