{"id":427,"date":"2014-04-09T08:20:01","date_gmt":"2014-04-09T08:20:01","guid":{"rendered":"https:\/\/outsiderland.com\/modele-mairie\/?page_id=427"},"modified":"2025-08-08T08:11:23","modified_gmt":"2025-08-08T08:11:23","slug":"contacts","status":"publish","type":"page","link":"https:\/\/outsiderland.com\/paulhac\/?page_id=427","title":{"rendered":"Contacts"},"content":{"rendered":"<h3><strong>Adresse :<\/strong><\/h3>\n<p>Mairie de Paulhac<\/p>\n<p>18 route du Col de Prat de Bouc<\/p>\n<p>15430 PAULHAC<\/p>\n<p>Site Internet \/ Blog :\u00a0<a title=\"lien vers le site Internet\" href=\"https:\/\/outsiderland.com\/paulhac\" target=\"_blank\" rel=\"external noopener noreferrer\">http:\/\/www.paulhac-plombducantal.fr<\/a><\/p>\n<p>T\u00e9l\u00e9phone : 04 71 73 32 35<\/p>\n<p>Courriel :\u00a0<a title=\"envoyer un message \u00e9lectronique\" href=\"mailto:communepaulhac@orange.fr\">communepaulhac@orange.fr<\/a><\/p>\n<h3><strong>D\u00e9l\u00e9gu\u00e9e communautaires :<\/strong><\/h3>\n<ul>\n<li>Mme Annie Andrieux<\/li>\n<\/ul>\n<h3><strong>Secr\u00e9taire de mairie\u00a0 :<\/strong><\/h3>\n<ul>\n<li>Mme Catherine PLANCHE<\/li>\n<\/ul>\n<h3><strong>Horaires d\u2019ouvertures de la mairie :<\/strong><\/h3>\n<p>du lundi au vendredi de 10h \u00e0 12h.<\/p>\n","protected":false},"excerpt":{"rendered":"<p>Adresse : Mairie de Paulhac 18 route du Col de Prat de Bouc 15430 PAULHAC Site Internet \/ Blog :\u00a0http:\/\/www.paulhac-plombducantal.fr T\u00e9l\u00e9phone : 04 71 73 32 35 Courriel :\u00a0communepaulhac@orange.fr D\u00e9l\u00e9gu\u00e9e communautaires : Mme Annie Andrieux Secr\u00e9taire de mairie\u00a0 : Mme Catherine PLANCHE Horaires d\u2019ouvertures de la mairie : du lundi au vendredi de 10h \u00e0 &hellip; <\/p>\n<p><a class=\"more-link block-button\" href=\"https:\/\/outsiderland.com\/paulhac\/?page_id=427\">Continuer \u00e0 lire &raquo;<\/a><\/p>\n","protected":false},"author":1,"featured_media":0,"parent":0,"menu_order":4,"comment_status":"closed","ping_status":"closed","template":"template-onecolumn.php","meta":[],"_links":{"self":[{"href":"https:\/\/outsiderland.com\/paulhac\/index.php?rest_route=\/wp\/v2\/pages\/427"}],"collection":[{"href":"https:\/\/outsiderland.com\/paulhac\/index.php?rest_route=\/wp\/v2\/pages"}],"about":[{"href":"https:\/\/outsiderland.com\/paulhac\/index.php?rest_route=\/wp\/v2\/types\/page"}],"author":[{"embeddable":true,"href":"https:\/\/outsiderland.com\/paulhac\/index.php?rest_route=\/wp\/v2\/users\/1"}],"replies":[{"embeddable":true,"href":"https:\/\/outsiderland.com\/paulhac\/index.php?rest_route=%2Fwp%2Fv2%2Fcomments&post=427"}],"version-history":[{"count":13,"href":"https:\/\/outsiderland.com\/paulhac\/index.php?rest_route=\/wp\/v2\/pages\/427\/revisions"}],"predecessor-version":[{"id":3189,"href":"https:\/\/outsiderland.com\/paulhac\/index.php?rest_route=\/wp\/v2\/pages\/427\/revisions\/3189"}],"wp:attachment":[{"href":"https:\/\/outsiderland.com\/paulhac\/index.php?rest_route=%2Fwp%2Fv2%2Fmedia&parent=427"}],"curies":[{"name":"wp","href":"https:\/\/api.w.org\/{rel}","templated":true}]}}