{"id":364,"date":"2014-04-03T22:12:28","date_gmt":"2014-04-03T22:12:28","guid":{"rendered":"https:\/\/outsiderland.com\/modele-mairie\/?page_id=364"},"modified":"2019-05-14T17:36:39","modified_gmt":"2019-05-14T17:36:39","slug":"les-exploitants-agricoles-3","status":"publish","type":"page","link":"https:\/\/outsiderland.com\/paulhac\/?page_id=364","title":{"rendered":"L&rsquo;activit\u00e9 agricole sur la commune"},"content":{"rendered":"<p>L&rsquo;activit\u00e9 agricole est bas\u00e9e sur l&rsquo;\u00e9levage bovin et la production laiti\u00e8re\u00a0 :<\/p>\n<p>1. l&rsquo;\u00e9levage bovin en estives :<\/p>\n<p>&nbsp;<\/p>\n<p>2. la production laiti\u00e8re :<\/p>\n<p>&nbsp;<\/p>\n","protected":false},"excerpt":{"rendered":"<p>L&rsquo;activit\u00e9 agricole est bas\u00e9e sur l&rsquo;\u00e9levage bovin et la production laiti\u00e8re\u00a0 : 1. l&rsquo;\u00e9levage bovin en estives : &nbsp; 2. la production laiti\u00e8re : &nbsp;<\/p>\n","protected":false},"author":1,"featured_media":0,"parent":10,"menu_order":0,"comment_status":"closed","ping_status":"closed","template":"template-onecolumn.php","meta":[],"_links":{"self":[{"href":"https:\/\/outsiderland.com\/paulhac\/index.php?rest_route=\/wp\/v2\/pages\/364"}],"collection":[{"href":"https:\/\/outsiderland.com\/paulhac\/index.php?rest_route=\/wp\/v2\/pages"}],"about":[{"href":"https:\/\/outsiderland.com\/paulhac\/index.php?rest_route=\/wp\/v2\/types\/page"}],"author":[{"embeddable":true,"href":"https:\/\/outsiderland.com\/paulhac\/index.php?rest_route=\/wp\/v2\/users\/1"}],"replies":[{"embeddable":true,"href":"https:\/\/outsiderland.com\/paulhac\/index.php?rest_route=%2Fwp%2Fv2%2Fcomments&post=364"}],"version-history":[{"count":2,"href":"https:\/\/outsiderland.com\/paulhac\/index.php?rest_route=\/wp\/v2\/pages\/364\/revisions"}],"predecessor-version":[{"id":1246,"href":"https:\/\/outsiderland.com\/paulhac\/index.php?rest_route=\/wp\/v2\/pages\/364\/revisions\/1246"}],"up":[{"embeddable":true,"href":"https:\/\/outsiderland.com\/paulhac\/index.php?rest_route=\/wp\/v2\/pages\/10"}],"wp:attachment":[{"href":"https:\/\/outsiderland.com\/paulhac\/index.php?rest_route=%2Fwp%2Fv2%2Fmedia&parent=364"}],"curies":[{"name":"wp","href":"https:\/\/api.w.org\/{rel}","templated":true}]}}