{"id":32,"date":"2014-01-28T17:06:25","date_gmt":"2014-01-28T17:06:25","guid":{"rendered":"https:\/\/outsiderland.com\/modele-mairie\/?page_id=32"},"modified":"2025-06-02T13:27:00","modified_gmt":"2025-06-02T13:27:00","slug":"vos-demarches-administratives","status":"publish","type":"page","link":"https:\/\/outsiderland.com\/paulhac\/?page_id=32","title":{"rendered":"Vos D\u00e9marches administratives"},"content":{"rendered":"\n<hr class=\"wp-block-separator has-css-opacity\"\/>\n\n\n\n<h2 class=\"wp-block-heading\"><strong><a href=\"https:\/\/outsiderland.com\/paulhac\">Mairie<\/a><\/strong><\/h2>\n\n\n\n<p>18 route du Col de Prat de Bouc 15430 Paulhac<br><br>Du lundi au vendredi de 10h00 \u00e0 12h00<br><br>T\u00e9l. 04 71 73 32 35<br>Courriel: communepaulhac@orange.fr <br><br><\/p>\n\n\n\n<hr class=\"wp-block-separator has-css-opacity\"\/>\n\n\n\n<h2 class=\"wp-block-heading\"><strong><a href=\"https:\/\/demarchesadministratives.fr\/sous-prefecture\/saint-flour-15100\">Sous-Pr\u00e9fecture de Saint-Flour<\/a><\/strong><\/h2>\n\n\n\n<p>H\u00f4tel de Lastic<br>35-37, rue Sorel, 15103 Saint-Flour Cedex<br><br>Du lundi au vendredi de 08h30 \u00e0 12h00 et de 13h30 \u00e0 16h00<br><br> T\u00e9l.&nbsp;04 71 60 02 03<br> Courriel: sous-prefecture-de-saint-flour@cantal.pref.gouv.fr  <br><br><\/p>\n\n\n\n<hr class=\"wp-block-separator has-css-opacity\"\/>\n\n\n\n<h2 class=\"wp-block-heading\"> <strong><a href=\"http:\/\/www.cantal.fr\/\">Conseil G\u00e9n\u00e9ral du Cantal<\/a><\/strong>  <\/h2>\n\n\n\n<p>H\u00f4tel du D\u00e9partement<br>28 avenue Gambetta, 15015 Aurillac Cedex<br><br>Du lundi au vendredi de 8h30 \u00e0 12h et de13h30 \u00e0 17h30 (16h30 vendredi et veille de jour f\u00e9ri\u00e9) <br><br>T\u00e9l. 04 71 46 20 20 <br><br><\/p>\n\n\n\n<hr class=\"wp-block-separator has-css-opacity\"\/>\n\n\n\n<p class=\"has-text-align-center\" style=\"font-size:18px\"> <em>N.B: De nombreuses d\u00e9marches peuvent \u00eatre entreprises sur le site<\/em><br> <em><a rel=\"noreferrer noopener\" href=\"http:\/\/www.service-public.fr\" target=\"_blank\">www.service-public.fr<\/a><\/em>&nbsp; <\/p>\n\n\n\n<p><\/p>\n","protected":false},"excerpt":{"rendered":"<p>Mairie 18 route du Col de Prat de Bouc 15430 Paulhac Du lundi au vendredi de 10h00 \u00e0 12h00 T\u00e9l. 04 71 73 32 35Courriel: communepaulhac@orange.fr Sous-Pr\u00e9fecture de Saint-Flour H\u00f4tel de Lastic35-37, rue Sorel, 15103 Saint-Flour Cedex Du lundi au vendredi de 08h30 \u00e0 12h00 et de 13h30 \u00e0 16h00 T\u00e9l.&nbsp;04 71 60 02 03 &hellip; <\/p>\n<p><a class=\"more-link block-button\" href=\"https:\/\/outsiderland.com\/paulhac\/?page_id=32\">Continuer \u00e0 lire &raquo;<\/a><\/p>\n","protected":false},"author":1,"featured_media":0,"parent":9,"menu_order":0,"comment_status":"closed","ping_status":"closed","template":"template-onecolumn.php","meta":[],"_links":{"self":[{"href":"https:\/\/outsiderland.com\/paulhac\/index.php?rest_route=\/wp\/v2\/pages\/32"}],"collection":[{"href":"https:\/\/outsiderland.com\/paulhac\/index.php?rest_route=\/wp\/v2\/pages"}],"about":[{"href":"https:\/\/outsiderland.com\/paulhac\/index.php?rest_route=\/wp\/v2\/types\/page"}],"author":[{"embeddable":true,"href":"https:\/\/outsiderland.com\/paulhac\/index.php?rest_route=\/wp\/v2\/users\/1"}],"replies":[{"embeddable":true,"href":"https:\/\/outsiderland.com\/paulhac\/index.php?rest_route=%2Fwp%2Fv2%2Fcomments&post=32"}],"version-history":[{"count":18,"href":"https:\/\/outsiderland.com\/paulhac\/index.php?rest_route=\/wp\/v2\/pages\/32\/revisions"}],"predecessor-version":[{"id":3081,"href":"https:\/\/outsiderland.com\/paulhac\/index.php?rest_route=\/wp\/v2\/pages\/32\/revisions\/3081"}],"up":[{"embeddable":true,"href":"https:\/\/outsiderland.com\/paulhac\/index.php?rest_route=\/wp\/v2\/pages\/9"}],"wp:attachment":[{"href":"https:\/\/outsiderland.com\/paulhac\/index.php?rest_route=%2Fwp%2Fv2%2Fmedia&parent=32"}],"curies":[{"name":"wp","href":"https:\/\/api.w.org\/{rel}","templated":true}]}}