{"id":26,"date":"2014-01-28T17:05:02","date_gmt":"2014-01-28T17:05:02","guid":{"rendered":"https:\/\/outsiderland.com\/modele-mairie\/?page_id=26"},"modified":"2019-05-14T17:36:15","modified_gmt":"2019-05-14T17:36:15","slug":"une-situation-exceptionnelle","status":"publish","type":"page","link":"https:\/\/outsiderland.com\/paulhac\/?page_id=26","title":{"rendered":"Une situation exceptionnelle"},"content":{"rendered":"<p><a href=\"https:\/\/outsiderland.com\/paulhac\/wp-content\/uploads\/2015\/09\/RIMG4475.jpg\"><img decoding=\"async\" loading=\"lazy\" class=\"alignnone size-medium wp-image-1121\" src=\"https:\/\/outsiderland.com\/paulhac\/wp-content\/uploads\/2015\/09\/RIMG4475-500x376.jpg\" alt=\"La haute vall\u00e9e de l'\u00c9pie\" width=\"500\" height=\"376\" srcset=\"https:\/\/outsiderland.com\/paulhac\/wp-content\/uploads\/2015\/09\/RIMG4475-500x376.jpg 500w, https:\/\/outsiderland.com\/paulhac\/wp-content\/uploads\/2015\/09\/RIMG4475-1024x769.jpg 1024w, https:\/\/outsiderland.com\/paulhac\/wp-content\/uploads\/2015\/09\/RIMG4475-200x150.jpg 200w, https:\/\/outsiderland.com\/paulhac\/wp-content\/uploads\/2015\/09\/RIMG4475-150x113.jpg 150w\" sizes=\"(max-width: 500px) 100vw, 500px\" \/><\/a><\/p>\n<p>La commune de Paulhac et ses 442 habitants (recensement 2012)\u00a0blablabla&#8230;<\/p>\n<h3>Un point de d\u00e9part id\u00e9al pour d\u00e9couvrir le massif du Cantal<\/h3>\n<p>\u00c0 l&rsquo;horizon, la commune est domin\u00e9e par le magnifique PLomb du cantal, vestige d&rsquo;un des plus grands volcans d&rsquo;Europe, qui culmine \u00e0 1855 m.<br \/>\n\u00c0 l&rsquo;ouest, avant le col de Prat-de-Bouc et apr\u00e8s le col de la Griffoul, on peut d\u00e9couvrir une des plus belles vall\u00e9es glaciaires d&rsquo;Europe, la vall\u00e9e de Brezons, avec ses petites cascades am\u00e9nag\u00e9es.<\/p>\n<p>Au sud-est, aux limites de l&rsquo;Aveyron et de la Loz\u00e8re, \u00e0 une demi-heure \u00e0 peine de la commune, vous d\u00e9couvrirez le bassin de la Truy\u00e8re, avec ses barrages, ses lacs, et le fameux viaduc de Garabit, cr\u00e9\u00e9 par Gustave Effeil.<br \/>\nOn ne manquera pas de visiter les ensembles architecturaux des petites villes de ce c\u00f4t\u00e9 du Cantal, Saint-Flour et sa cath\u00e9drale aux pierres sombres, la cit\u00e9 m\u00e9di\u00e9vale et renaissance de Murat.<\/p>\n<h3>Le paradis des sports de pleine nature<\/h3>\n<p>\u00c0 quelques minutes du village, les portes des domaines skiables et de randonn\u00e9es nordiques vous sont ouvertes. Au total, pr\u00e8s de 40 kms de pistes sont accessibles pour tous les niveaux, ainsi que des parcours en raquettes.<\/p>\n<p>\u00c0 partir de Prat-de-Bouc (\u00e0 10 minutes du bourg), ou du Lioran (20 minutes), on acc\u00e8de au domaine du ski alpin : 43 Pistes pour 60 km de glisse, 9 Vertes dont 2 champs de neige &#8211; 14 Bleues &#8211; 15 Rouges &#8211; 5 Noires, et 21 remont\u00e9es m\u00e9caniques \u2014 la station conna\u00eet un succ\u00e8s grandissant, qu&rsquo;elle doit \u00e0 la qualit\u00e9 de ses services et ses tarifs mod\u00e9r\u00e9s.<\/p>\n<p><a href=\"https:\/\/outsiderland.com\/paulhac\/wp-content\/uploads\/2015\/09\/prat-de-bouc.jpg\"><img decoding=\"async\" loading=\"lazy\" class=\" size-medium wp-image-1185 alignleft\" src=\"https:\/\/outsiderland.com\/paulhac\/wp-content\/uploads\/2015\/09\/prat-de-bouc-500x376.jpg\" alt=\"prat-de-bouc\" width=\"500\" height=\"376\" srcset=\"https:\/\/outsiderland.com\/paulhac\/wp-content\/uploads\/2015\/09\/prat-de-bouc-500x376.jpg 500w, https:\/\/outsiderland.com\/paulhac\/wp-content\/uploads\/2015\/09\/prat-de-bouc-1024x769.jpg 1024w, https:\/\/outsiderland.com\/paulhac\/wp-content\/uploads\/2015\/09\/prat-de-bouc-200x150.jpg 200w, https:\/\/outsiderland.com\/paulhac\/wp-content\/uploads\/2015\/09\/prat-de-bouc-150x113.jpg 150w\" sizes=\"(max-width: 500px) 100vw, 500px\" \/><\/a>Mais les Monts du Cantal constituent \u00e9galement un terrain d&rsquo;exploration exceptionnel pour les amoureux de la randonn\u00e9e, qu&rsquo;elle soit hivernale (raquettes, ski de randonn\u00e9e) ou estivale.<\/p>\n<h4>Quelques liens :<\/h4>\n<p>Le site de <a href=\"http:\/\/ski-nordique-pratdebouc.fr\/\" target=\"_blank\" rel=\"noopener noreferrer\">Ski nordique Prat-de-Bouc<\/a>, qui g\u00e8re l&rsquo;acc\u00e8s aux pistes de ski de fond.<\/p>\n<p>Le site de <a href=\"http:\/\/www.lelioran.com\/\" target=\"_blank\" rel=\"noopener noreferrer\">Super Lioran<\/a>, la station de ski cantalienne.<\/p>\n<p><a href=\"http:\/\/www.officedetourismepaysdemurat.com\/pages\/bouger_neige.php\" target=\"_blank\" rel=\"noopener noreferrer\">L&rsquo;office de tourisme de Murat<\/a>.<\/p>\n<h3>Conna\u00eetre le milieu rural<\/h3>\n<p>La Plan\u00e8ze est un pays d&rsquo;\u00e9levage, principalement bovin (vaches laiti\u00e8res ou allaitantes). le paysage a donc \u00e9t\u00e9 fa\u00e7onn\u00e9 par les activit\u00e9s des paysans et de leurs troupeaux, et le pays compte encore aujourd&rsquo;hui de nombreuses exploitations agricoles de toute taille. S\u00e9journer \u00e0 Paulhac donne l&rsquo;occasion de d\u00e9couvrir de nombreux aspects de cette vie paysanne \u00e0 taille humaine, et qui, avec le temps, est devenue respectueuse de l&rsquo;environnement. Lors de vos balades, vous apprendrez \u00e0 reconna\u00eetre les diff\u00e9rentes races de vaches, et notamment celles qui sont embl\u00e9matiques de la r\u00e9gion, les Aubrac et les Salers.<\/p>\n<p>La commune compte de nombreux burons, autrefois d\u00e9di\u00e9s \u00e0 la fabrication de fromage. Certains ont \u00e9t\u00e9 restaur\u00e9s, comme le buron du Puy du Coucu.<\/p>\n<p><a href=\"https:\/\/outsiderland.com\/paulhac\/wp-content\/uploads\/2015\/09\/RIMG4451.jpg\"><img decoding=\"async\" loading=\"lazy\" class=\"alignnone size-medium wp-image-1084\" src=\"https:\/\/outsiderland.com\/paulhac\/wp-content\/uploads\/2015\/09\/RIMG4451-500x376.jpg\" alt=\"RIMG4451\" width=\"500\" height=\"376\" srcset=\"https:\/\/outsiderland.com\/paulhac\/wp-content\/uploads\/2015\/09\/RIMG4451-500x376.jpg 500w, https:\/\/outsiderland.com\/paulhac\/wp-content\/uploads\/2015\/09\/RIMG4451-1024x769.jpg 1024w, https:\/\/outsiderland.com\/paulhac\/wp-content\/uploads\/2015\/09\/RIMG4451-200x150.jpg 200w, https:\/\/outsiderland.com\/paulhac\/wp-content\/uploads\/2015\/09\/RIMG4451-150x113.jpg 150w\" sizes=\"(max-width: 500px) 100vw, 500px\" \/><\/a><\/p>\n<p>&nbsp;<\/p>\n<p>\u00c0 Coltines, une commune voisine sur les hauts plateaux de la Plan\u00e8ze, vous pourrez visiter <a href=\"http:\/\/www.coltines.com\/musee.htm\" target=\"_blank\" rel=\"noopener noreferrer\">le mus\u00e9e de l&rsquo;agriculture auvergnate<\/a>, install\u00e9 dans une ferme du XVII\u00e8 si\u00e8cle, et pr\u00e9sentant 6 salles d&rsquo;exposition et une salle vid\u00e9o, ainsi que de nombreuses machines et outils d&rsquo;autrefois.<\/p>\n<h3>Se d\u00e9tendre<\/h3>\n<p>Le Cantal est un d\u00e9partement o\u00f9 il fait bon vivre. Durant la p\u00e9riode estivale, les temp\u00e9ratures sont souvent plus douces qu&rsquo;en plaine (et la pluviom\u00e9trie est moins importante que du c\u00f4t\u00e9 ouest des Monts du Cantal). Les petites routes par lesquelles on explore l&rsquo;arri\u00e8re-pays, incitent \u00e0 prendre son temps, \u00e0 ralentir : des paysages splendides s&rsquo;offrent \u00e0 la contemplation des voyageurs.<\/p>\n<p>Non loin de Paulhac, les adeptes de la baignade et de la d\u00e9tente pourront profiter du centre aqualudique de Saint-Flour, \u00e0 15 minutes du village, et, un peu plus loin (25 minutes), \u00e0 Lanau, sur la Truy\u00e8re, on ne manquera pas de s&rsquo;adonner aux joies du Cano\u00eb ou de la p\u00eache en rivi\u00e8re. \u00c0 Chaudes Aigues, Les installations remarquables du complexe thermal et thermoludique de Caleden aliment\u00e9es par les fameuses sources chaudes r\u00e9put\u00e9es dans l&rsquo;Europe enti\u00e8re vous accueillent pour un moment de d\u00e9tente et de bien-\u00eatre.<\/p>\n<h3>La gastronomie<\/h3>\n<p>Les march\u00e9s de pays<br \/>\nTruffade, Aligot, Fromages AOC<\/p>\n","protected":false},"excerpt":{"rendered":"<p>La commune de Paulhac et ses 442 habitants (recensement 2012)\u00a0blablabla&#8230; Un point de d\u00e9part id\u00e9al pour d\u00e9couvrir le massif du Cantal \u00c0 l&rsquo;horizon, la commune est domin\u00e9e par le magnifique PLomb du cantal, vestige d&rsquo;un des plus grands volcans d&rsquo;Europe, qui culmine \u00e0 1855 m. \u00c0 l&rsquo;ouest, avant le col de Prat-de-Bouc et apr\u00e8s le &hellip; <\/p>\n<p><a class=\"more-link block-button\" href=\"https:\/\/outsiderland.com\/paulhac\/?page_id=26\">Continuer \u00e0 lire &raquo;<\/a><\/p>\n","protected":false},"author":1,"featured_media":0,"parent":375,"menu_order":1,"comment_status":"closed","ping_status":"closed","template":"template-onecolumn.php","meta":[],"_links":{"self":[{"href":"https:\/\/outsiderland.com\/paulhac\/index.php?rest_route=\/wp\/v2\/pages\/26"}],"collection":[{"href":"https:\/\/outsiderland.com\/paulhac\/index.php?rest_route=\/wp\/v2\/pages"}],"about":[{"href":"https:\/\/outsiderland.com\/paulhac\/index.php?rest_route=\/wp\/v2\/types\/page"}],"author":[{"embeddable":true,"href":"https:\/\/outsiderland.com\/paulhac\/index.php?rest_route=\/wp\/v2\/users\/1"}],"replies":[{"embeddable":true,"href":"https:\/\/outsiderland.com\/paulhac\/index.php?rest_route=%2Fwp%2Fv2%2Fcomments&post=26"}],"version-history":[{"count":6,"href":"https:\/\/outsiderland.com\/paulhac\/index.php?rest_route=\/wp\/v2\/pages\/26\/revisions"}],"predecessor-version":[{"id":2327,"href":"https:\/\/outsiderland.com\/paulhac\/index.php?rest_route=\/wp\/v2\/pages\/26\/revisions\/2327"}],"up":[{"embeddable":true,"href":"https:\/\/outsiderland.com\/paulhac\/index.php?rest_route=\/wp\/v2\/pages\/375"}],"wp:attachment":[{"href":"https:\/\/outsiderland.com\/paulhac\/index.php?rest_route=%2Fwp%2Fv2%2Fmedia&parent=26"}],"curies":[{"name":"wp","href":"https:\/\/api.w.org\/{rel}","templated":true}]}}