{"id":23,"date":"2014-01-28T17:04:26","date_gmt":"2014-01-28T17:04:26","guid":{"rendered":"https:\/\/outsiderland.com\/modele-mairie\/?page_id=23"},"modified":"2019-05-14T17:35:59","modified_gmt":"2019-05-14T17:35:59","slug":"hebergement-et-accueil-touristique","status":"publish","type":"page","link":"https:\/\/outsiderland.com\/paulhac\/?page_id=23","title":{"rendered":"Votre s\u00e9jour vacances \u00e0 Paulhac"},"content":{"rendered":"<p>La commune pr\u00e9sente une offre d&rsquo;h\u00e9bergement et de restauration tout \u00e0 fait remarquable, Pas moins de 14 g\u00eetes sont r\u00e9pertori\u00e9s sur G\u00eetes de France, pour tous les budgets.<br \/>\n<a href=\"http:\/\/www.gites-de-france-cantal.fr\/recherche\/locations-vacances-gites-paulhac,type-g,insee-15148.html\" target=\"_blank\" rel=\"noopener noreferrer\">La page de G\u00eete de France consacr\u00e9e \u00e0 la commune de Paulhac.<\/a><\/p>\n<hr \/>\n<p>&nbsp;<\/p>\n<p><a href=\"https:\/\/outsiderland.com\/foyer-nordique-haute-planeze\/wp-content\/uploads\/2014\/12\/515_408_635.jpg\"><img decoding=\"async\" loading=\"lazy\" class=\"alignleft size-medium wp-image-974\" src=\"https:\/\/outsiderland.com\/foyer-nordique-haute-planeze\/wp-content\/uploads\/2014\/12\/515_408_635-300x192.jpg\" alt=\"515_408_635\" width=\"300\" height=\"192\" \/><\/a><\/p>\n<p>Au village de Loudiers, on trouve deux remarquables g\u00eetes : une charmante petite maison pouvant accueillir 5 personnes et <a href=\"http:\/\/www.gites-de-france.com\/location-vacances-Paulhac-Gite-15G515.html\" target=\"_blank\" rel=\"noopener noreferrer\">une magnifique b\u00e2tisse d\u2019une capacit\u00e9 d\u2019h\u00e9bergement de 12 personnes<\/a>. Cette derni\u00e8re est class\u00e9e 4 \u00e9pis par G\u00eete de France : la r\u00e9novation a su respecter le caract\u00e8re traditionnel d\u2019une b\u00e2tisse qui date de 1863, tout en l\u2019am\u00e9nageant avec tout le confort qu\u2019on peut souhaiter de nos jours. Un must si vous souhaitez d\u00e9couvrir la r\u00e9gion tout en vous immergeant dans l\u2019histoire de la vie rurale. Prix Coup de C\u0153ur Cantal 2014. (<a href=\"http:\/\/www.gites-de-france.com\/location-vacances-Paulhac-Gite-15G515.html\" target=\"_blank\" rel=\"noopener noreferrer\">g\u00eete de France n\u00b0 515 <\/a>et <a href=\"http:\/\/www.gites-de-france.com\/location-vacances-Paulhac-Gite-15G514.html\" target=\"_blank\" rel=\"noopener noreferrer\">n\u00b0514<\/a>)<\/p>\n<p>&nbsp;<\/p>\n<p>&nbsp;<\/p>\n<hr \/>\n<p><a href=\"https:\/\/outsiderland.com\/paulhac\/wp-content\/uploads\/2014\/01\/38_200_308.jpg\"><img decoding=\"async\" loading=\"lazy\" class=\"alignleft wp-image-1281 size-full\" src=\"https:\/\/outsiderland.com\/paulhac\/wp-content\/uploads\/2014\/01\/38_200_308.jpg\" alt=\"38_200_308\" width=\"308\" height=\"200\" srcset=\"https:\/\/outsiderland.com\/paulhac\/wp-content\/uploads\/2014\/01\/38_200_308.jpg 308w, https:\/\/outsiderland.com\/paulhac\/wp-content\/uploads\/2014\/01\/38_200_308-231x150.jpg 231w, https:\/\/outsiderland.com\/paulhac\/wp-content\/uploads\/2014\/01\/38_200_308-150x97.jpg 150w\" sizes=\"(max-width: 308px) 100vw, 308px\" \/><\/a><\/p>\n<p>Au Jarry, une maison de caract\u00e8re de 1850 d&rsquo;une capacit\u00e9 de 11 personnes, r\u00e9nov\u00e9e en 2010, tout confort, 3 \u00e9pis. S\u00e9jour, coin-cuisine. 2 ch. (1 lit 2 pers.), 1 ch. (1 lit 2 pers., 1 lit 1 pers.), 1 ch. (1 lit 2 pers., 1&#215;2 lits superp.). Salle d&rsquo;eau, salle de bains (baignoire et douche), 2 wc ind\u00e9p. (<a href=\"http:\/\/www.gites-de-france.com\/location-vacances-Paulhac-Gite-15G38.html\" target=\"_blank\" rel=\"noopener noreferrer\">G\u00eete de France n\u00b0 38<\/a>)<\/p>\n<p>&nbsp;<\/p>\n<p>&nbsp;<\/p>\n<p>&nbsp;<\/p>\n<p>&nbsp;<\/p>\n<p>&nbsp;<\/p>\n<p>&nbsp;<\/p>\n<hr \/>\n<p><a href=\"https:\/\/outsiderland.com\/paulhac\/wp-content\/uploads\/2014\/01\/378_200_308.jpg\"><img decoding=\"async\" loading=\"lazy\" class=\"alignleft size-full wp-image-1283\" src=\"https:\/\/outsiderland.com\/paulhac\/wp-content\/uploads\/2014\/01\/378_200_308.jpg\" alt=\"378_200_308\" width=\"308\" height=\"200\" srcset=\"https:\/\/outsiderland.com\/paulhac\/wp-content\/uploads\/2014\/01\/378_200_308.jpg 308w, https:\/\/outsiderland.com\/paulhac\/wp-content\/uploads\/2014\/01\/378_200_308-231x150.jpg 231w, https:\/\/outsiderland.com\/paulhac\/wp-content\/uploads\/2014\/01\/378_200_308-150x97.jpg 150w\" sizes=\"(max-width: 308px) 100vw, 308px\" \/><\/a><\/p>\n<p>Surplombant la vall\u00e9e glaciaire de l&rsquo;\u00c9pie, au village des Eschamps sur la route de B\u00e9linay et du Plomb du Cantal, une maison r\u00e9nov\u00e9e en 2007 pour 5 personnes. Tout confort avec terrasse. (<a href=\"http:\/\/www.gites-de-france.com\/location-vacances-Paulhac-Gite-15G378.html\" target=\"_blank\" rel=\"noopener noreferrer\">G\u00eete de France n\u00b0 378<\/a>)<\/p>\n<p>&nbsp;<\/p>\n<p>&nbsp;<\/p>\n<p>&nbsp;<\/p>\n<p>&nbsp;<\/p>\n<p>&nbsp;<\/p>\n<p>&nbsp;<\/p>\n<p>&nbsp;<\/p>\n<hr \/>\n<p><a href=\"https:\/\/outsiderland.com\/paulhac\/wp-content\/uploads\/2014\/01\/196_200_308.jpg\"><img decoding=\"async\" loading=\"lazy\" class=\"alignleft size-full wp-image-1285\" src=\"https:\/\/outsiderland.com\/paulhac\/wp-content\/uploads\/2014\/01\/196_200_308.jpg\" alt=\"196_200_308\" width=\"308\" height=\"200\" srcset=\"https:\/\/outsiderland.com\/paulhac\/wp-content\/uploads\/2014\/01\/196_200_308.jpg 308w, https:\/\/outsiderland.com\/paulhac\/wp-content\/uploads\/2014\/01\/196_200_308-231x150.jpg 231w, https:\/\/outsiderland.com\/paulhac\/wp-content\/uploads\/2014\/01\/196_200_308-150x97.jpg 150w\" sizes=\"(max-width: 308px) 100vw, 308px\" \/><\/a><\/p>\n<p>Vaste g\u00eete (255m2) au village de Douze, non loin du bourg (5 chambres pour une capacit\u00e9 de 12 personnes). (<a href=\"http:\/\/www.gites-de-france.com\/location-vacances-Paulhac-Gite-15G196.html\" target=\"_blank\" rel=\"noopener noreferrer\">G\u00eete de France n\u00b0 196<\/a>)<\/p>\n<p>&nbsp;<\/p>\n<p>&nbsp;<\/p>\n<p>&nbsp;<\/p>\n<p>&nbsp;<\/p>\n<p>&nbsp;<\/p>\n<p>&nbsp;<\/p>\n<hr \/>\n<p><a href=\"https:\/\/outsiderland.com\/paulhac\/wp-content\/uploads\/2014\/01\/988_200_308.jpg\"><img decoding=\"async\" loading=\"lazy\" class=\"alignleft size-full wp-image-1287\" src=\"https:\/\/outsiderland.com\/paulhac\/wp-content\/uploads\/2014\/01\/988_200_308.jpg\" alt=\"988_200_308\" width=\"308\" height=\"200\" srcset=\"https:\/\/outsiderland.com\/paulhac\/wp-content\/uploads\/2014\/01\/988_200_308.jpg 308w, https:\/\/outsiderland.com\/paulhac\/wp-content\/uploads\/2014\/01\/988_200_308-231x150.jpg 231w, https:\/\/outsiderland.com\/paulhac\/wp-content\/uploads\/2014\/01\/988_200_308-150x97.jpg 150w\" sizes=\"(max-width: 308px) 100vw, 308px\" \/><\/a><\/p>\n<p>\u00c0 quelques minutes du col de Prat-de-Bouc, une maison ind\u00e9pendante de caract\u00e8re r\u00e9nov\u00e9e en 1996. Capacit\u00e9 d&rsquo;accueil de 12 personnes (5 chambres toute \u00e9quip\u00e9e).<\/p>\n<p>(<a href=\"http:\/\/www.gites-de-france.com\/location-vacances-Paulhac-Gite-15G988.html\" target=\"_blank\" rel=\"noopener noreferrer\">G\u00eete de France n\u00b0 988<\/a>)<\/p>\n<p>&nbsp;<\/p>\n<p>&nbsp;<\/p>\n<p>&nbsp;<\/p>\n<p>&nbsp;<\/p>\n<p>&nbsp;<\/p>\n<hr \/>\n<p><a href=\"https:\/\/outsiderland.com\/paulhac\/wp-content\/uploads\/2014\/01\/938_200_308.jpg\"><img decoding=\"async\" loading=\"lazy\" class=\"alignleft size-full wp-image-1288\" src=\"https:\/\/outsiderland.com\/paulhac\/wp-content\/uploads\/2014\/01\/938_200_308.jpg\" alt=\"938_200_308\" width=\"308\" height=\"200\" srcset=\"https:\/\/outsiderland.com\/paulhac\/wp-content\/uploads\/2014\/01\/938_200_308.jpg 308w, https:\/\/outsiderland.com\/paulhac\/wp-content\/uploads\/2014\/01\/938_200_308-231x150.jpg 231w, https:\/\/outsiderland.com\/paulhac\/wp-content\/uploads\/2014\/01\/938_200_308-150x97.jpg 150w\" sizes=\"(max-width: 308px) 100vw, 308px\" \/><\/a><\/p>\n<p>\u00c0 B\u00e9linay, \u00e0 quelques minutes du col de Prat-de-Bouc, g\u00eete toute saison (g\u00eete de neige), pour 6 personnes (2 chambres) tout \u00e9quip\u00e9.<\/p>\n<p>(<a href=\"http:\/\/www.gites-de-france.com\/location-vacances-Paulhac-Gite-15G938.html\" target=\"_blank\" rel=\"noopener noreferrer\">G\u00eete de France n\u00b0 938<\/a>)<\/p>\n<p>&nbsp;<\/p>\n<p>&nbsp;<\/p>\n<p>&nbsp;<\/p>\n<p>&nbsp;<\/p>\n<p>&nbsp;<\/p>\n<p>&nbsp;<\/p>\n<hr \/>\n<p>&nbsp;<\/p>\n<p><a href=\"https:\/\/outsiderland.com\/paulhac\/wp-content\/uploads\/2014\/01\/470_400_620.jpg\"><img decoding=\"async\" loading=\"lazy\" class=\"wp-image-1044 size-medium alignleft\" src=\"https:\/\/outsiderland.com\/paulhac\/wp-content\/uploads\/2014\/01\/470_400_620-300x194.jpg\" alt=\"G\u00eete de France n\u00b0 470 \" width=\"300\" height=\"194\" \/><\/a><\/p>\n<p>Un grande maison de caract\u00e8re dat\u00e9e de 1804 et r\u00e9nov\u00e9e en 1999, d&rsquo;une capacit\u00e9 de 14 personnes. <a href=\"http:\/\/www.gites-de-france-cantal.fr\/location-vacances-Gite-a-Paulhac-Cantal-15G470.html\" target=\"_blank\" rel=\"noopener noreferrer\">G\u00eete tout confort (3 \u00e9pis) <\/a>avec terrain clos de 250 m2 : Salle de jeux (billard, babyfoot). S\u00e9jour, coin-cuisine. 3 ch. (1 lit 2 pers.), 1 ch. (1 lit 160 et lavabo), 1 ch. (2 lits 1 pers.), 1 ch. (2&#215;2 lits superp.). 2 lits b\u00e9b\u00e9. 2 salles de bains dont 1 avec douche, 2 wc ind\u00e9p. Ch. fuel, chemin\u00e9e (po\u00eale bois gratuit) (<a href=\"http:\/\/www.gites-de-france.com\/location-vacances-Paulhac-Gite-15G470.html\" target=\"_blank\" rel=\"noopener noreferrer\">g\u00eete de France n\u00b0 470<\/a>)<\/p>\n<p>&nbsp;<\/p>\n<p>&nbsp;<\/p>\n<p>&nbsp;<\/p>\n<hr \/>\n<p><a href=\"https:\/\/outsiderland.com\/paulhac\/wp-content\/uploads\/2014\/01\/892_200_308.jpg\"><img decoding=\"async\" loading=\"lazy\" class=\"alignleft size-full wp-image-1289\" src=\"https:\/\/outsiderland.com\/paulhac\/wp-content\/uploads\/2014\/01\/892_200_308.jpg\" alt=\"892_200_308\" width=\"308\" height=\"200\" srcset=\"https:\/\/outsiderland.com\/paulhac\/wp-content\/uploads\/2014\/01\/892_200_308.jpg 308w, https:\/\/outsiderland.com\/paulhac\/wp-content\/uploads\/2014\/01\/892_200_308-231x150.jpg 231w, https:\/\/outsiderland.com\/paulhac\/wp-content\/uploads\/2014\/01\/892_200_308-150x97.jpg 150w\" sizes=\"(max-width: 308px) 100vw, 308px\" \/><\/a><\/p>\n<p>Au sud de la commune, une maison de caract\u00e8re de 1881 r\u00e9nov\u00e9e en 1995 mitoyenne \u00e0 une maison comprenant deux autres g\u00eetes. 4 personnes.<\/p>\n<p>(<a href=\"http:\/\/www.gites-de-france.com\/location-vacances-Paulhac-Gite-15G892.html\" target=\"_blank\" rel=\"noopener noreferrer\">G\u00eete de France n\u00b0 892<\/a>)<\/p>\n<p>&nbsp;<\/p>\n<p>&nbsp;<\/p>\n<p>&nbsp;<\/p>\n<p>&nbsp;<\/p>\n<p>&nbsp;<\/p>\n<p>&nbsp;<\/p>\n<hr \/>\n<p><a href=\"https:\/\/outsiderland.com\/paulhac\/wp-content\/uploads\/2014\/01\/890_200_308.jpg\"><img decoding=\"async\" loading=\"lazy\" class=\"alignleft size-full wp-image-1341\" src=\"https:\/\/outsiderland.com\/paulhac\/wp-content\/uploads\/2014\/01\/890_200_308.jpg\" alt=\"890_200_308\" width=\"308\" height=\"200\" srcset=\"https:\/\/outsiderland.com\/paulhac\/wp-content\/uploads\/2014\/01\/890_200_308.jpg 308w, https:\/\/outsiderland.com\/paulhac\/wp-content\/uploads\/2014\/01\/890_200_308-231x150.jpg 231w, https:\/\/outsiderland.com\/paulhac\/wp-content\/uploads\/2014\/01\/890_200_308-150x97.jpg 150w\" sizes=\"(max-width: 308px) 100vw, 308px\" \/><\/a><\/p>\n<p>G\u00eete pour deux personnes tout confort au sud de la commune, \u00e0 quelques minutes du bourg.<\/p>\n<p>(<a href=\"http:\/\/www.gites-de-france.com\/location-vacances-Paulhac-Gite-15G890.html\" target=\"_blank\" rel=\"noopener noreferrer\">G\u00eete de France n\u00b0 890<\/a>)<\/p>\n<p>&nbsp;<\/p>\n<p>&nbsp;<\/p>\n<p>&nbsp;<\/p>\n<p>&nbsp;<\/p>\n<p>&nbsp;<\/p>\n<p>&nbsp;<\/p>\n<hr \/>\n<p><a href=\"https:\/\/outsiderland.com\/paulhac\/wp-content\/uploads\/2014\/01\/940_200_308.jpg\"><img decoding=\"async\" loading=\"lazy\" class=\"alignleft size-full wp-image-1340\" src=\"https:\/\/outsiderland.com\/paulhac\/wp-content\/uploads\/2014\/01\/940_200_308.jpg\" alt=\"940_200_308\" width=\"308\" height=\"200\" srcset=\"https:\/\/outsiderland.com\/paulhac\/wp-content\/uploads\/2014\/01\/940_200_308.jpg 308w, https:\/\/outsiderland.com\/paulhac\/wp-content\/uploads\/2014\/01\/940_200_308-231x150.jpg 231w, https:\/\/outsiderland.com\/paulhac\/wp-content\/uploads\/2014\/01\/940_200_308-150x97.jpg 150w\" sizes=\"(max-width: 308px) 100vw, 308px\" \/><\/a><\/p>\n<p>\u00c0 quelques minutes du col de Prat-de-Bouc, dans la magnifique vall\u00e9e glaciaire de l&rsquo;\u00c9pie, une maison de 1870 r\u00e9nov\u00e9e en 1992 pouvant accueillir 6 personnes. Piscine priv\u00e9e.<\/p>\n<p>(<a href=\"http:\/\/www.gites-de-france.com\/location-vacances-Paulhac-Gite-15G940.html\" target=\"_blank\" rel=\"noopener noreferrer\">G\u00eete de France n\u00b0 940<\/a>)<\/p>\n<p>&nbsp;<\/p>\n<p>&nbsp;<\/p>\n<p>&nbsp;<\/p>\n<p>&nbsp;<\/p>\n<p>&nbsp;<\/p>\n<hr \/>\n<p><a href=\"https:\/\/outsiderland.com\/paulhac\/wp-content\/uploads\/2014\/01\/493_200_308.jpg\"><img decoding=\"async\" loading=\"lazy\" class=\"alignleft size-full wp-image-1339\" src=\"https:\/\/outsiderland.com\/paulhac\/wp-content\/uploads\/2014\/01\/493_200_308.jpg\" alt=\"493_200_308\" width=\"308\" height=\"200\" srcset=\"https:\/\/outsiderland.com\/paulhac\/wp-content\/uploads\/2014\/01\/493_200_308.jpg 308w, https:\/\/outsiderland.com\/paulhac\/wp-content\/uploads\/2014\/01\/493_200_308-231x150.jpg 231w, https:\/\/outsiderland.com\/paulhac\/wp-content\/uploads\/2014\/01\/493_200_308-150x97.jpg 150w\" sizes=\"(max-width: 308px) 100vw, 308px\" \/><\/a><\/p>\n<p>\u00c0 quelques minutes du bourg, une maison ind\u00e9pendante de 1950 r\u00e9nov\u00e9e en 1997. Capacit\u00e9 d&rsquo;accueil de 4 personnes.<\/p>\n<p>(<a href=\"http:\/\/www.gites-de-france.com\/location-vacances-Paulhac-Gite-15G493.html\" target=\"_blank\" rel=\"noopener noreferrer\">G\u00eete de France n\u00b0 493<\/a>)<\/p>\n<p>&nbsp;<\/p>\n<p>&nbsp;<\/p>\n<p>&nbsp;<\/p>\n<p>&nbsp;<\/p>\n<p>&nbsp;<\/p>\n<p>&nbsp;<\/p>\n<hr \/>\n<p><a href=\"https:\/\/outsiderland.com\/paulhac\/wp-content\/uploads\/2014\/01\/614_200_308.jpg\"><img decoding=\"async\" loading=\"lazy\" class=\"alignleft size-full wp-image-1338\" src=\"https:\/\/outsiderland.com\/paulhac\/wp-content\/uploads\/2014\/01\/614_200_308.jpg\" alt=\"614_200_308\" width=\"308\" height=\"200\" srcset=\"https:\/\/outsiderland.com\/paulhac\/wp-content\/uploads\/2014\/01\/614_200_308.jpg 308w, https:\/\/outsiderland.com\/paulhac\/wp-content\/uploads\/2014\/01\/614_200_308-231x150.jpg 231w, https:\/\/outsiderland.com\/paulhac\/wp-content\/uploads\/2014\/01\/614_200_308-150x97.jpg 150w\" sizes=\"(max-width: 308px) 100vw, 308px\" \/><\/a><\/p>\n<p>Maison ind\u00e9pendante de caract\u00e8re de plain-pied de 1839 r\u00e9nov\u00e9e en 1984, \u00e0 Paulhac. 4 personnes.<\/p>\n<p>(<a href=\"http:\/\/www.gites-de-france.com\/location-vacances-Paulhac-Gite-15G614.html\" target=\"_blank\" rel=\"noopener noreferrer\">G\u00eete de France n\u00b0 614<\/a>)<\/p>\n<p>&nbsp;<\/p>\n<p>&nbsp;<\/p>\n<p>&nbsp;<\/p>\n<p>&nbsp;<\/p>\n<p>&nbsp;<\/p>\n<p>&nbsp;<\/p>\n<hr \/>\n<p><a href=\"https:\/\/outsiderland.com\/paulhac\/wp-content\/uploads\/2014\/01\/891_200_308.jpg\"><img decoding=\"async\" loading=\"lazy\" class=\"alignleft size-full wp-image-1337\" src=\"https:\/\/outsiderland.com\/paulhac\/wp-content\/uploads\/2014\/01\/891_200_308.jpg\" alt=\"891_200_308\" width=\"308\" height=\"200\" srcset=\"https:\/\/outsiderland.com\/paulhac\/wp-content\/uploads\/2014\/01\/891_200_308.jpg 308w, https:\/\/outsiderland.com\/paulhac\/wp-content\/uploads\/2014\/01\/891_200_308-231x150.jpg 231w, https:\/\/outsiderland.com\/paulhac\/wp-content\/uploads\/2014\/01\/891_200_308-150x97.jpg 150w\" sizes=\"(max-width: 308px) 100vw, 308px\" \/><\/a><\/p>\n<p>G\u00eete avec entr\u00e9e ind\u00e9pendante au 1er \u00e9tage d&rsquo;une maison de 1881 r\u00e9nov\u00e9e en 1995, 4 personnes (2 chambres).<\/p>\n<p>(<a href=\"http:\/\/www.gites-de-france.com\/location-vacances-Paulhac-Gite-15G891.html\" target=\"_blank\" rel=\"noopener noreferrer\">G\u00eete de France n\u00b0 891<\/a>)<\/p>\n<p>&nbsp;<\/p>\n<p>&nbsp;<\/p>\n<p>&nbsp;<\/p>\n<p>&nbsp;<\/p>\n<p>&nbsp;<\/p>\n<p>&nbsp;<\/p>\n<hr \/>\n<p><a href=\"https:\/\/outsiderland.com\/paulhac\/wp-content\/uploads\/2014\/01\/455_200_308.jpg\"><img decoding=\"async\" loading=\"lazy\" class=\"alignleft size-full wp-image-1336\" src=\"https:\/\/outsiderland.com\/paulhac\/wp-content\/uploads\/2014\/01\/455_200_308.jpg\" alt=\"455_200_308\" width=\"308\" height=\"200\" srcset=\"https:\/\/outsiderland.com\/paulhac\/wp-content\/uploads\/2014\/01\/455_200_308.jpg 308w, https:\/\/outsiderland.com\/paulhac\/wp-content\/uploads\/2014\/01\/455_200_308-231x150.jpg 231w, https:\/\/outsiderland.com\/paulhac\/wp-content\/uploads\/2014\/01\/455_200_308-150x97.jpg 150w\" sizes=\"(max-width: 308px) 100vw, 308px\" \/><\/a><\/p>\n<p>Dans le bourg, une maison r\u00e9nov\u00e9e en 2006, 6 personnes, 3 chambres.<\/p>\n<p>(<a href=\"http:\/\/www.gites-de-france.com\/location-vacances-Paulhac-Gite-15G455.html\" target=\"_blank\" rel=\"noopener noreferrer\">G\u00eete de France n\u00b0 455<\/a>)<\/p>\n<p>&nbsp;<\/p>\n<p>&nbsp;<\/p>\n<p>&nbsp;<\/p>\n<p>&nbsp;<\/p>\n<p>&nbsp;<\/p>\n<p>&nbsp;<\/p>\n<hr \/>\n<h2>Les Chambres d&rsquo;h\u00f4tes<\/h2>\n<p><a href=\"https:\/\/outsiderland.com\/paulhac\/wp-content\/uploads\/2014\/01\/1366137240-P1010108.jpg\"><img decoding=\"async\" loading=\"lazy\" class=\"wp-image-1372 alignleft\" src=\"https:\/\/outsiderland.com\/paulhac\/wp-content\/uploads\/2014\/01\/1366137240-P1010108-500x375.jpg\" alt=\"chambre d'h\u00f4tes La Fr\u00eaneraie\" width=\"308\" height=\"231\" srcset=\"https:\/\/outsiderland.com\/paulhac\/wp-content\/uploads\/2014\/01\/1366137240-P1010108-500x375.jpg 500w, https:\/\/outsiderland.com\/paulhac\/wp-content\/uploads\/2014\/01\/1366137240-P1010108-200x150.jpg 200w, https:\/\/outsiderland.com\/paulhac\/wp-content\/uploads\/2014\/01\/1366137240-P1010108-150x113.jpg 150w, https:\/\/outsiderland.com\/paulhac\/wp-content\/uploads\/2014\/01\/1366137240-P1010108.jpg 980w\" sizes=\"(max-width: 308px) 100vw, 308px\" \/><\/a><\/p>\n<p>4 chambres spacieuses et \u00e0 la d\u00e9coration sophistiqu\u00e9e, avec salle de bain, au coeur du village. Wifi, tout confort. Table d&rsquo;h\u00f4te sur r\u00e9servation. <a href=\"http:\/\/www.chambre-hote-lafreneraie.fr\/\" target=\"_blank\" rel=\"noopener noreferrer\">Chambre d&rsquo;h\u00f4te la Fr\u00eaneraie<\/a> : 04 71 73 09 38.<\/p>\n<p>&nbsp;<\/p>\n<p>&nbsp;<\/p>\n<p>&nbsp;<\/p>\n<p>&nbsp;<\/p>\n<p>&nbsp;<\/p>\n<p>&nbsp;<\/p>\n<hr \/>\n<h2><a id=\"ot\"><\/a>Les Offices de tourisme<\/h2>\n<p>Pour organiser votre s\u00e9jour, rien ne vaut une visite aux Offices du tourisme du pays :<\/p>\n<p style=\"text-align: center;\"><a href=\"http:\/\/www.officedetourismepaysdemurat.com\/fr\" target=\"_blank\" rel=\"noopener noreferrer\"><img decoding=\"async\" loading=\"lazy\" class=\"aligncenter wp-image-350\" src=\"https:\/\/outsiderland.com\/foyer-nordique-haute-planeze\/wp-content\/uploads\/2014\/12\/ot-murat.png\" alt=\"ot-murat\" width=\"300\" height=\"238\" \/><\/a><br \/>\n<a href=\"http:\/\/www.officedetourismepaysdemurat.com\/fr\" target=\"_blank\" rel=\"noopener noreferrer\">Office de tourisme du pays de Murat<\/a><\/p>\n<p style=\"text-align: center;\"><a href=\"http:\/\/www.chaudesaigues.com\/index.php\/fr\/ou-dormir-3\" target=\"_blank\" rel=\"noopener noreferrer\"><img decoding=\"async\" loading=\"lazy\" class=\"aligncenter wp-image-351\" src=\"https:\/\/outsiderland.com\/foyer-nordique-haute-planeze\/wp-content\/uploads\/2014\/12\/OT-Saint-Flour-1024x580.png\" alt=\"OT-Saint-Flour\" width=\"300\" height=\"170\" \/><\/a><br \/>\n<a href=\"http:\/\/www.pays-saint-flour.fr\" target=\"_blank\" rel=\"noopener noreferrer\">Office de tourisme du pays de Saint-Flour<\/a><\/p>\n<p style=\"text-align: center;\"><a href=\"https:\/\/outsiderland.com\/foyer-nordique-haute-planeze\/wp-content\/uploads\/2014\/12\/OT-Chaudes-Aigues.png\"><img decoding=\"async\" loading=\"lazy\" class=\"aligncenter wp-image-349\" src=\"https:\/\/outsiderland.com\/foyer-nordique-haute-planeze\/wp-content\/uploads\/2014\/12\/OT-Chaudes-Aigues.png\" alt=\"OT-Chaudes-Aigues\" width=\"300\" height=\"176\" \/><\/a><br \/>\n<a href=\"http:\/\/www.chaudesaigues.com\/index.php\/fr\/ou-dormir-3\" target=\"_blank\" rel=\"noopener noreferrer\">Office de tourisme du pays de Chaudes-Aigues<\/a><\/p>\n","protected":false},"excerpt":{"rendered":"<p>La commune pr\u00e9sente une offre d&rsquo;h\u00e9bergement et de restauration tout \u00e0 fait remarquable, Pas moins de 14 g\u00eetes sont r\u00e9pertori\u00e9s sur G\u00eetes de France, pour tous les budgets. La page de G\u00eete de France consacr\u00e9e \u00e0 la commune de Paulhac. &nbsp; Au village de Loudiers, on trouve deux remarquables g\u00eetes : une charmante petite maison &hellip; <\/p>\n<p><a class=\"more-link block-button\" href=\"https:\/\/outsiderland.com\/paulhac\/?page_id=23\">Continuer \u00e0 lire &raquo;<\/a><\/p>\n","protected":false},"author":1,"featured_media":0,"parent":375,"menu_order":0,"comment_status":"closed","ping_status":"closed","template":"template-onecolumn.php","meta":[],"_links":{"self":[{"href":"https:\/\/outsiderland.com\/paulhac\/index.php?rest_route=\/wp\/v2\/pages\/23"}],"collection":[{"href":"https:\/\/outsiderland.com\/paulhac\/index.php?rest_route=\/wp\/v2\/pages"}],"about":[{"href":"https:\/\/outsiderland.com\/paulhac\/index.php?rest_route=\/wp\/v2\/types\/page"}],"author":[{"embeddable":true,"href":"https:\/\/outsiderland.com\/paulhac\/index.php?rest_route=\/wp\/v2\/users\/1"}],"replies":[{"embeddable":true,"href":"https:\/\/outsiderland.com\/paulhac\/index.php?rest_route=%2Fwp%2Fv2%2Fcomments&post=23"}],"version-history":[{"count":30,"href":"https:\/\/outsiderland.com\/paulhac\/index.php?rest_route=\/wp\/v2\/pages\/23\/revisions"}],"predecessor-version":[{"id":2326,"href":"https:\/\/outsiderland.com\/paulhac\/index.php?rest_route=\/wp\/v2\/pages\/23\/revisions\/2326"}],"up":[{"embeddable":true,"href":"https:\/\/outsiderland.com\/paulhac\/index.php?rest_route=\/wp\/v2\/pages\/375"}],"wp:attachment":[{"href":"https:\/\/outsiderland.com\/paulhac\/index.php?rest_route=%2Fwp%2Fv2%2Fmedia&parent=23"}],"curies":[{"name":"wp","href":"https:\/\/api.w.org\/{rel}","templated":true}]}}