{"id":21,"date":"2014-01-28T17:03:52","date_gmt":"2014-01-28T17:03:52","guid":{"rendered":"https:\/\/outsiderland.com\/modele-mairie\/?page_id=21"},"modified":"2019-05-29T06:31:00","modified_gmt":"2019-05-29T06:31:00","slug":"l-environnement-naturel","status":"publish","type":"page","link":"https:\/\/outsiderland.com\/paulhac\/?page_id=21","title":{"rendered":"L&rsquo; Environnement Naturel"},"content":{"rendered":"\n<h2 class=\"wp-block-heading\"><strong>Le Parc Naturel r\u00e9gional des Volcans d&rsquo;Auvergne<\/strong><\/h2>\n\n\n\n<p style=\"text-align:left\">Situ\u00e9 sur le territoire du <a rel=\"noopener noreferrer\" href=\"http:\/\/www.parcdesvolcans.fr\/\" target=\"_blank\">Parc Naturel r\u00e9gional des Volcans d&rsquo;Auvergne<\/a>,&nbsp;le plus vaste Parc naturel r\u00e9gional de France (388 957 hectares), la commune de Paulhac b\u00e9n\u00e9ficie d&rsquo;une richesse paysag\u00e8re et d&rsquo;un environnement naturel exceptionnels. De son point le plus bas (991 m\u00e8tres) \u00e0 son sommet (au Puy de la Jambe ? \u00e0 1485 m\u00e8tres), des milieux vari\u00e9s se succ\u00e8dent : les for\u00eats, les prairies d&rsquo;estives, les landes d&rsquo;altitude, les tourbi\u00e8res de pente, les rochers et les pierriers, les torrents et les cascades, et, bien \u00e9videmment, les sommets arrondis de moyenne montagne.<\/p>\n\n\n\n<p><br><\/p>\n\n\n\n<hr class=\"wp-block-separator\"\/>\n\n\n\n<h2 class=\"wp-block-heading\"><strong>La Plan\u00e8ze et les narses : une r\u00e9serve de biodiversit\u00e9<\/strong><\/h2>\n\n\n\n<div class=\"wp-block-image\"><figure class=\"alignleft\"><a href=\"https:\/\/outsiderland.com\/paulhac\/wp-content\/uploads\/2015\/05\/RIMG23471.jpg\"><img decoding=\"async\" loading=\"lazy\" width=\"500\" height=\"375\" src=\"https:\/\/outsiderland.com\/paulhac\/wp-content\/uploads\/2015\/05\/RIMG23471-500x375.jpg\" alt=\"RIMG2347\" class=\"wp-image-990\" srcset=\"https:\/\/outsiderland.com\/paulhac\/wp-content\/uploads\/2015\/05\/RIMG23471-500x375.jpg 500w, https:\/\/outsiderland.com\/paulhac\/wp-content\/uploads\/2015\/05\/RIMG23471-1024x768.jpg 1024w, https:\/\/outsiderland.com\/paulhac\/wp-content\/uploads\/2015\/05\/RIMG23471-200x150.jpg 200w, https:\/\/outsiderland.com\/paulhac\/wp-content\/uploads\/2015\/05\/RIMG23471-150x113.jpg 150w\" sizes=\"(max-width: 500px) 100vw, 500px\" \/><\/a><\/figure><\/div>\n\n\n\n<p>La commune offre un patrimoine environnemental exceptionnel et vari\u00e9. La majorit\u00e9 des terres autour des villages et du bourg est consacr\u00e9e \u00e0 l&rsquo;\u00e9levage, notamment bovin, et consiste en vastes prairies destin\u00e9 au p\u00e2turage. L&rsquo;heure \u00e9tant \u00e0 la remise en place de haies autour de ces prairies, la Plan\u00e8ze ressemble \u00e0 certains endroits \u00e0 une campagne bocag\u00e8re. Le paysage, qui peut, vu des hauteurs, para\u00eetre plat et presque monotone, est en r\u00e9alit\u00e9 ponctu\u00e9 de bosquets de pins diss\u00e9min\u00e9s \u00e7a et l\u00e0 afin que les troupeaux puissent s&rsquo;abriter en cas de mauvais temps. Les cyclistes qui sont nombreux \u00e0 parcourir le plateau savent bien qu&rsquo;il n&rsquo;est pas si plat qu&rsquo;il en a l&rsquo;air : en effet de nombreux petits vallons \u00e9pousent le lit des rivi\u00e8res qui prennent leur source sur les hauteurs et alimentent des cours d&rsquo;eaux plus imposants comme l&rsquo;Ander ou la Truy\u00e8re. Dans ces ruisseaux sont notamment \u00e9tablis les fameuses \u00e9crevisses \u00e0 pattes blanches, consid\u00e9r\u00e9es comme faune d&rsquo;int\u00e9r\u00eat europ\u00e9en. \u00ab L&rsquo;originalit\u00e9 de ce paysage de milieux ouverts et de bocages, tient \u00e0 la pr\u00e9sence de milieux humides. Le relief assez \u00ab\u00a0plat\u00a0\u00bb, l&rsquo;imperm\u00e9abilit\u00e9 des substrats, alli\u00e9s \u00e0 un r\u00e9gime hydrologique souvent marqu\u00e9 par des \u00e9pisodes tels que la fonte des neiges et une lame d&rsquo;eau importante au printemps, cr\u00e9ent les conditions d&rsquo;existence d&rsquo;un r\u00e9seau tr\u00e8s d\u00e9velopp\u00e9 de zones humides (plans d&rsquo;eau, marais, prairies humides et prairies d&rsquo;inondation. \u00bb (source : <a rel=\"noopener noreferrer\" href=\"http:\/\/planezedesaintflour.n2000.fr\/planeze-de-saint-flour\" target=\"_blank\">site Natura 2000 de la Plan\u00e8ze de Saint-Flour<\/a>)<br><br><\/p>\n\n\n\n<div class=\"wp-block-image\"><figure class=\"alignright\"><a href=\"https:\/\/outsiderland.com\/paulhac\/wp-content\/uploads\/2014\/01\/Capture-d\u00e9cran-08092015-091103.png\"><img decoding=\"async\" loading=\"lazy\" width=\"500\" height=\"296\" src=\"https:\/\/outsiderland.com\/paulhac\/wp-content\/uploads\/2014\/01\/Capture-d\u00e9cran-08092015-091103-500x296.png\" alt=\"Capture d'\u00e9cran - 08092015 - 09:11:03\" class=\"wp-image-1132\" srcset=\"https:\/\/outsiderland.com\/paulhac\/wp-content\/uploads\/2014\/01\/Capture-d\u00e9cran-08092015-091103-500x296.png 500w, https:\/\/outsiderland.com\/paulhac\/wp-content\/uploads\/2014\/01\/Capture-d\u00e9cran-08092015-091103-250x148.png 250w, https:\/\/outsiderland.com\/paulhac\/wp-content\/uploads\/2014\/01\/Capture-d\u00e9cran-08092015-091103-150x89.png 150w, https:\/\/outsiderland.com\/paulhac\/wp-content\/uploads\/2014\/01\/Capture-d\u00e9cran-08092015-091103.png 889w\" sizes=\"(max-width: 500px) 100vw, 500px\" \/><\/a><figcaption><br><\/figcaption><\/figure><\/div>\n\n\n\n<p> <br><strong>La Narse de Lascols<\/strong> <br><br>Class\u00e9e Natura 2000, la <a rel=\"noopener noreferrer\" href=\"http:\/\/inpn.mnhn.fr\/zone\/sinp\/espaces\/viewer\/type\/Z1\/code\/830001051\" target=\"_blank\">Narse de Lascols<\/a> est une zone humide remarquable, principalement une tourbi\u00e8re, qui s&rsquo;\u00e9tend entre les communes de Cussac et Paulhac sur 111 hectares. Une v\u00e9g\u00e9tation dense ponctu\u00e9e de <a rel=\"noopener noreferrer\" href=\"http:\/\/www.lamontagne.fr\/auvergne\/actualite\/departement\/cantal\/saint-flour\/2013\/10\/20\/la-narse-de-lascols-pourrait-etre-dorigine-glaciaire-des-specialistes-etudient-actuellement-cette-piste_1736557.html\" target=\"_blank\">\u00ab\u00a0lacous\u00a0\u00bb, petits lacs d&rsquo;une dizaine de m\u00e8tres de diam\u00e8tre <\/a>qui sont peut-\u00eatre issus de la fonte du glacier qui recouvrait autrefois la Plan\u00e8ze. Les sp\u00e9cificit\u00e9s g\u00e9ologiques en font un site unique en France (et extr\u00eamement rare en Europe). Elle constitue une \u00e9tape pour les oiseaux migrateurs et h\u00e9berge une faune et une flore de grand int\u00e9r\u00eat (b\u00e9cassine des marais, busards p\u00e2le et cendr\u00e9, courlis cendr\u00e9, r\u00e2le d\u2019eau, etc.).<br><br><\/p>\n\n\n\n<p>On trouvera de nombreuses informations concernant la Narse de Lascols sur le site que<a rel=\"noopener noreferrer\" href=\"http:\/\/planezedesaintflour.n2000.fr\/planeze-de-saint-flour\/les-oiseaux-nicheurs\" target=\"_blank\"> Natura 2000 a consacr\u00e9 \u00e0 la zone de la Plan\u00e8ze de Saint-Flour<\/a>.<br><br><br><br><br><\/p>\n\n\n\n<hr class=\"wp-block-separator\"\/>\n\n\n\n<h2 class=\"wp-block-heading\"><strong>La Haute-Plan\u00e8ze, les plateaux d&rsquo;estives et les puys : un paysage volcanique<\/strong><\/h2>\n\n\n\n<div class=\"wp-block-image\"><figure class=\"alignleft\"><a href=\"https:\/\/outsiderland.com\/paulhac\/wp-content\/uploads\/2015\/09\/les-estives-depuis-les-hauteurs-de-bressanges.jpg\"><img decoding=\"async\" loading=\"lazy\" width=\"500\" height=\"276\" src=\"https:\/\/outsiderland.com\/paulhac\/wp-content\/uploads\/2015\/09\/les-estives-depuis-les-hauteurs-de-bressanges-500x276.jpg\" alt=\"les-estives-depuis-les-hauteurs-de-bressanges\" class=\"wp-image-1137\" srcset=\"https:\/\/outsiderland.com\/paulhac\/wp-content\/uploads\/2015\/09\/les-estives-depuis-les-hauteurs-de-bressanges-500x276.jpg 500w, https:\/\/outsiderland.com\/paulhac\/wp-content\/uploads\/2015\/09\/les-estives-depuis-les-hauteurs-de-bressanges-1024x564.jpg 1024w, https:\/\/outsiderland.com\/paulhac\/wp-content\/uploads\/2015\/09\/les-estives-depuis-les-hauteurs-de-bressanges-250x138.jpg 250w, https:\/\/outsiderland.com\/paulhac\/wp-content\/uploads\/2015\/09\/les-estives-depuis-les-hauteurs-de-bressanges-150x83.jpg 150w\" sizes=\"(max-width: 500px) 100vw, 500px\" \/><\/a><\/figure><\/div>\n\n\n\n<p>La commune de Paulhac est situ\u00e9e sur de hauts plateaux basaltiques qu\u2019on appelle ici la Plan\u00e8ze. Cette r\u00e9gion qui s\u2019\u00e9l\u00e8ve \u00e0 l\u2019ouest de Saint-Flour et remonte jusqu\u2019aux contreforts du Plomb du Cantal est d\u00e9limit\u00e9e par les vall\u00e9es de l\u2019Alagnon, de la Truy\u00e8re, du Lagnon et de l\u2019Epi. Ces hauts-plateaux ponctu\u00e9s de quelques fermes et burons s&rsquo;\u00e9l\u00e8vent au-dessus de 1200 m\u00e8tres. De nombreux puys sont n\u00e9s de l\u2019effondrement de la caldeira des volcans du Cantal, il y a sept millions d\u2019ann\u00e9es. De cette grande cavit\u00e9 ont d\u00e9bord\u00e9 de grandes quantit\u00e9s de laves, d\u2019abord acides puis basaltiques, qui ont form\u00e9 ce relief si particulier. C&rsquo;est l\u00e0 le paradis des troupeaux de Salers et d&rsquo;Aubrac, d&rsquo;une faune et d&rsquo;une flore exceptionnelle ainsi que des randonneurs, \u00e9t\u00e9 comme hiver.<\/p>\n\n\n\n<p>On consid\u00e8re que les communes de Paulhac, Valu\u00e9jols, Ussel et Laveissenet constituent, \u00e0 l\u2019ouest, la \u00ab\u00a0Haute-Plan\u00e8ze\u00a0\u00bb. En allant vers l&rsquo;ouest, en empruntant la D44, en direction de la vall\u00e9e de l&rsquo;\u00c9pie et du Plomb du Cantal, vous traverserez les prairies d&rsquo;estives et d\u00e9couvrirez un des plus beaux panoramas du d\u00e9partement.<br><br><br><\/p>\n\n\n\n<hr class=\"wp-block-separator\"\/>\n\n\n\n<h2 class=\"wp-block-heading\"><strong>La vall\u00e9e glaciaire de l&rsquo;\u00c9pie<\/strong><\/h2>\n\n\n\n<div class=\"wp-block-image\"><figure class=\"alignleft\"><a href=\"https:\/\/outsiderland.com\/paulhac\/wp-content\/uploads\/2015\/05\/DSC04569.jpg\"><img decoding=\"async\" loading=\"lazy\" width=\"500\" height=\"376\" src=\"https:\/\/outsiderland.com\/paulhac\/wp-content\/uploads\/2015\/05\/DSC04569-500x376.jpg\" alt=\"DSC04569\" class=\"wp-image-941\" srcset=\"https:\/\/outsiderland.com\/paulhac\/wp-content\/uploads\/2015\/05\/DSC04569-500x376.jpg 500w, https:\/\/outsiderland.com\/paulhac\/wp-content\/uploads\/2015\/05\/DSC04569-1024x770.jpg 1024w, https:\/\/outsiderland.com\/paulhac\/wp-content\/uploads\/2015\/05\/DSC04569-200x150.jpg 200w, https:\/\/outsiderland.com\/paulhac\/wp-content\/uploads\/2015\/05\/DSC04569-150x113.jpg 150w\" sizes=\"(max-width: 500px) 100vw, 500px\" \/><\/a><\/figure><\/div>\n\n\n\n<p>C&rsquo;est une des vingt vall\u00e9es glaciaires qui rayonnent depuis le c\u0153ur du massif volcanique cantalien. Moins connue que la vall\u00e9e voisine de Brezons, elle n&rsquo;en reste pas moins magnifique, particuli\u00e8rement dans sa partie haute, sur notre commune. L&rsquo;\u00c9pie prend sa source dans un large cirque apr\u00e8s le Puy de la jambe, sous les contreforts du Plomb du Cantal, \u00e0 plus de 1500 m\u00e8tres. Elle est un des affluents de la Truy\u00e8re, fleuve qui appartient au bassin du Lot et de la Garonne. Au-dessus du village de B\u00e9linay, n&rsquo;h\u00e9sitez pas \u00e0 vous arr\u00eater pour contempler cette magnifique vall\u00e9e, qui, \u00e0 l&rsquo;\u00e9poque glaciaire, constituait le lit d&rsquo;un glacier impressionnant.<br><br><br><br><br><br><br><br><br><br><br><br><br><br><\/p>\n\n\n\n<hr class=\"wp-block-separator\"\/>\n\n\n\n<h2 class=\"wp-block-heading\"><strong>La faune et flore sauvage de moyenne montagne<\/strong><\/h2>\n\n\n\n<div class=\"wp-block-image\"><figure class=\"alignleft\"><a href=\"https:\/\/outsiderland.com\/paulhac\/wp-content\/uploads\/2015\/09\/montee-au-plomb.jpg\"><img decoding=\"async\" loading=\"lazy\" width=\"500\" height=\"376\" src=\"https:\/\/outsiderland.com\/paulhac\/wp-content\/uploads\/2015\/09\/montee-au-plomb-500x376.jpg\" alt=\"montee-au-plomb\" class=\"wp-image-1186\" srcset=\"https:\/\/outsiderland.com\/paulhac\/wp-content\/uploads\/2015\/09\/montee-au-plomb-500x376.jpg 500w, https:\/\/outsiderland.com\/paulhac\/wp-content\/uploads\/2015\/09\/montee-au-plomb-1024x769.jpg 1024w, https:\/\/outsiderland.com\/paulhac\/wp-content\/uploads\/2015\/09\/montee-au-plomb-200x150.jpg 200w, https:\/\/outsiderland.com\/paulhac\/wp-content\/uploads\/2015\/09\/montee-au-plomb-150x113.jpg 150w\" sizes=\"(max-width: 500px) 100vw, 500px\" \/><\/a><\/figure><\/div>\n\n\n\n<p>La faune et la flore de la commune est d&rsquo;une richesse consid\u00e9rable. Les observateurs les plus patients, jumelles et appareils photographiques, auront de grandes chances d&rsquo;apercevoir des animaux d&rsquo;exception. Il suffit de citer quelques esp\u00e8ces prot\u00e9g\u00e9es et\/ou recens\u00e9es sur le territoire pour s&rsquo;en persuader :<\/p>\n\n\n\n<p>Grand-duc d&rsquo;Europe<br>Circa\u00e8te Jean-le-Blanc<br>Faucon cr\u00e9cerelle<br>Aigle bott\u00e9<br>Milan royal<br>Grenouille agile<br>Grenouille rousse<br>Tarier p\u00e2tre, Traquet p\u00e2tre<br>\u00c9cureuil roux<br>Loup gris<br>Loutre<br>Marmotte<br>Mouflon<br>Chamois<br><br><br><br><\/p>\n\n\n\n<div class=\"wp-block-image\"><figure class=\"alignright\"><a href=\"https:\/\/outsiderland.com\/paulhac\/wp-content\/uploads\/2015\/09\/8728076793_abda6dc76d_k.jpg\"><img decoding=\"async\" loading=\"lazy\" width=\"500\" height=\"376\" src=\"https:\/\/outsiderland.com\/paulhac\/wp-content\/uploads\/2015\/09\/8728076793_abda6dc76d_k-500x376.jpg\" alt=\"8728076793_abda6dc76d_k\" class=\"wp-image-1111\" srcset=\"https:\/\/outsiderland.com\/paulhac\/wp-content\/uploads\/2015\/09\/8728076793_abda6dc76d_k-500x376.jpg 500w, https:\/\/outsiderland.com\/paulhac\/wp-content\/uploads\/2015\/09\/8728076793_abda6dc76d_k-1024x770.jpg 1024w, https:\/\/outsiderland.com\/paulhac\/wp-content\/uploads\/2015\/09\/8728076793_abda6dc76d_k-200x150.jpg 200w, https:\/\/outsiderland.com\/paulhac\/wp-content\/uploads\/2015\/09\/8728076793_abda6dc76d_k-150x113.jpg 150w, https:\/\/outsiderland.com\/paulhac\/wp-content\/uploads\/2015\/09\/8728076793_abda6dc76d_k.jpg 2048w\" sizes=\"(max-width: 500px) 100vw, 500px\" \/><\/a><\/figure><\/div>\n\n\n\n<p>Oeillet des dunes<br>Lycopode des tourbi\u00e8res, Lycopode inond\u00e9<br>Saule des Lapons<br>Saule bicolore<br>Rossolis \u00e0 feuilles rondes<br>Aconit napel, Casque<br>Arnica des montagnes, Herbe aux pr\u00eacheurs<br>Perce-neige, Goutte de lait, Clochette d&rsquo;hiver, Galanthine, , Galanthe des neiges<br>Polystic \u00e0 aiguillons, Polystic \u00e0 frondes munies d&rsquo;aiguillons<br>Dactylorhize \u00e0 feuilles larges<br>Nigritelle d&rsquo;Autriche<br>Himantoglosse \u00e0 odeur de bouc<br>Orchis br\u00fbl\u00e9<\/p>\n\n\n\n<p>Pour tout savoir des esp\u00e8ces v\u00e9g\u00e9tales et animales sur la commune, consultez le site de <a href=\"http:\/\/inpn.mnhn.fr\/collTerr\/commune\/15148\/tab\/znieff\" target=\"_blank\" rel=\"noopener noreferrer\">l&rsquo;inventaire national du patrimoine naturel<\/a>, d\u00e9fini comme \u00ab l&rsquo;inventaire des richesses \u00e9cologiques, faunistiques, floristiques, g\u00e9ologiques, min\u00e9ralogiques et pal\u00e9ontologiques \u00bb.<\/p>\n\n\n\n<p>Vous pouvez \u00e9galement consulter la page de L&rsquo;<a rel=\"noopener noreferrer\" href=\"http:\/\/www.officedetourismepaysdemurat.com\/fr\/decouvrir\/destination-100-nature\/faune-et-flore\" target=\"_blank\">Office de Tourisme de Murat<\/a> consacr\u00e9e \u00e0 la faune subalpine du massif.<br><br><br><\/p>\n\n\n\n<hr class=\"wp-block-separator\"\/>\n\n\n\n<h2 class=\"wp-block-heading\"><strong>Observer les oiseaux \u00e0 Prat-de-Bouc<\/strong><\/h2>\n\n\n\n<div class=\"wp-block-image\"><figure class=\"alignright is-resized\"><a href=\"https:\/\/outsiderland.com\/albepierre-bredons\/wp-content\/uploads\/2014\/01\/DSC08091.jpg\"><img decoding=\"async\" loading=\"lazy\" src=\"https:\/\/outsiderland.com\/albepierre-bredons\/wp-content\/uploads\/2014\/01\/DSC08091-300x225.jpg\" alt=\"DSC08091\" class=\"wp-image-728\" width=\"421\" height=\"316\"\/><\/a><\/figure><\/div>\n\n\n\n<p>\u00ab <em>Pourquoi une telle concentration de migrateurs \u00e0 Prat-de-Bouc ?<\/em><\/p>\n\n\n\n<p><em>La migration postnuptiale des oiseaux est g\u00e9n\u00e9ralement orient\u00e9e du nord-est vers le sud-ouest en Europe occidentale. Ainsi, abordant l\u2019auvergne par le nord\/nord-est, un flux important va suivre le Val d\u2019Allier et les vall\u00e9es affluentes, contournant la cha\u00eene des Puys, les Monts-Dore et le C\u00e9zallier tout en profitant des avantages des ces vall\u00e9es (protection au vent, ascendances thermiques ou courants a\u00e9rographiques, rep\u00e8res visuels\u2026). Une partie du flux aborde le Cantal et remonte la vall\u00e9e de l\u2019Alagnon vers les monts du Cantal. A l\u2019arriv\u00e9e sur le bourg de Murat, l\u2019horizon semble bouch\u00e9e par les Monts du Cantal, mais une grande ouverture au sud-ouest s\u2019offre aux oiseaux par les vall\u00e9es du Lagnon et du Benet qui montent vers Prat-de-Bouc avec un col assez ouvert : beaucoup vont s\u2019y engouffrer, si les conditions m\u00e9t\u00e9o leurs permettent de le voir ! Le col fonctionne un peu comme un entonnoir, concentrant les oiseaux\u2026 Pass\u00e9 le col, deux vall\u00e9es permettent aux oiseaux de rejoindre la Truy\u00e8re et de continuer leur migration vers le sud-ouest. Les migrateurs qui arrivent vers Murat ou qui traversent le C\u00e9zallier peuvent aussi emprunter d\u2019autres voies : vall\u00e9e de l\u2019Alagnon vers le Lioran, vall\u00e9e de la Santoire vers le Col de Cabre et le Puy-Mary. Beaucoup d\u2019oiseaux passent par la Plan\u00e8ze de Saint-Flour mais le flux se disperse entre les monts du Cantal et ceux de la Margeride \u00e0 l\u2019est.<\/em> \u00bb<\/p>\n\n\n\n<p>(Extrait de la page du site : <a href=\"http:\/\/www.migraction.net\/index.php?m_id=1510&amp;frmSite=30\" target=\"_blank\" rel=\"noopener noreferrer\">MIGRACTION.NET<\/a> consacr\u00e9e au poste d&rsquo;observation du col de Prat-de-Bouc)<\/p>\n","protected":false},"excerpt":{"rendered":"<p>Le Parc Naturel r\u00e9gional des Volcans d&rsquo;Auvergne Situ\u00e9 sur le territoire du Parc Naturel r\u00e9gional des Volcans d&rsquo;Auvergne,&nbsp;le plus vaste Parc naturel r\u00e9gional de France (388 957 hectares), la commune de Paulhac b\u00e9n\u00e9ficie d&rsquo;une richesse paysag\u00e8re et d&rsquo;un environnement naturel exceptionnels. De son point le plus bas (991 m\u00e8tres) \u00e0 son sommet (au Puy de &hellip; <\/p>\n<p><a class=\"more-link block-button\" href=\"https:\/\/outsiderland.com\/paulhac\/?page_id=21\">Continuer \u00e0 lire &raquo;<\/a><\/p>\n","protected":false},"author":1,"featured_media":0,"parent":8,"menu_order":0,"comment_status":"closed","ping_status":"closed","template":"template-onecolumn.php","meta":[],"_links":{"self":[{"href":"https:\/\/outsiderland.com\/paulhac\/index.php?rest_route=\/wp\/v2\/pages\/21"}],"collection":[{"href":"https:\/\/outsiderland.com\/paulhac\/index.php?rest_route=\/wp\/v2\/pages"}],"about":[{"href":"https:\/\/outsiderland.com\/paulhac\/index.php?rest_route=\/wp\/v2\/types\/page"}],"author":[{"embeddable":true,"href":"https:\/\/outsiderland.com\/paulhac\/index.php?rest_route=\/wp\/v2\/users\/1"}],"replies":[{"embeddable":true,"href":"https:\/\/outsiderland.com\/paulhac\/index.php?rest_route=%2Fwp%2Fv2%2Fcomments&post=21"}],"version-history":[{"count":54,"href":"https:\/\/outsiderland.com\/paulhac\/index.php?rest_route=\/wp\/v2\/pages\/21\/revisions"}],"predecessor-version":[{"id":2399,"href":"https:\/\/outsiderland.com\/paulhac\/index.php?rest_route=\/wp\/v2\/pages\/21\/revisions\/2399"}],"up":[{"embeddable":true,"href":"https:\/\/outsiderland.com\/paulhac\/index.php?rest_route=\/wp\/v2\/pages\/8"}],"wp:attachment":[{"href":"https:\/\/outsiderland.com\/paulhac\/index.php?rest_route=%2Fwp%2Fv2%2Fmedia&parent=21"}],"curies":[{"name":"wp","href":"https:\/\/api.w.org\/{rel}","templated":true}]}}