{"id":17,"date":"2014-01-28T17:02:05","date_gmt":"2014-01-28T17:02:05","guid":{"rendered":"https:\/\/outsiderland.com\/modele-mairie\/?page_id=17"},"modified":"2025-08-08T08:08:34","modified_gmt":"2025-08-08T08:08:34","slug":"la-sante","status":"publish","type":"page","link":"https:\/\/outsiderland.com\/paulhac\/?page_id=17","title":{"rendered":"Les services : Sant\u00e9, \u00c9ducation, Culture, Emploi"},"content":{"rendered":"<h3>Services aux personnes \u00e2g\u00e9es :<\/h3>\n<p>Portage de repas \u00e0 domicile<\/p>\n<p><strong>Aide \u00e0 Domicile en Milieu Rural : ADMR<\/strong><br \/>\n9 Place d&rsquo;Armes, 15100 Saint-Flour<br \/>\n04 71 60 91 34<\/p>\n<h3>Equipement scolaire, services li\u00e9s \u00e0 la petite enfance et \u00e0 la jeunesse :<\/h3>\n<p>1 \u00e9cole maternelle et primaire (2 classes)<br \/>\n1 garderie scolaire matin et soir (gratuite)<br \/>\n1 restaurant scolaire<br \/>\n1 transport scolaire primaire et secondaire en direction de Saint-Flour<\/p>\n<h3>Bureau de poste, centre de secours<\/h3>\n<p><a href=\"https:\/\/outsiderland.com\/paulhac\/wp-content\/uploads\/2015\/05\/chezmanuetsylvie.jpg\"><img decoding=\"async\" loading=\"lazy\" class=\"alignnone size-medium wp-image-1018\" src=\"https:\/\/outsiderland.com\/paulhac\/wp-content\/uploads\/2015\/05\/chezmanuetsylvie-500x375.jpg\" alt=\"chezmanuetsylvie\" width=\"500\" height=\"375\" srcset=\"https:\/\/outsiderland.com\/paulhac\/wp-content\/uploads\/2015\/05\/chezmanuetsylvie-500x375.jpg 500w, https:\/\/outsiderland.com\/paulhac\/wp-content\/uploads\/2015\/05\/chezmanuetsylvie-1024x768.jpg 1024w, https:\/\/outsiderland.com\/paulhac\/wp-content\/uploads\/2015\/05\/chezmanuetsylvie-200x150.jpg 200w, https:\/\/outsiderland.com\/paulhac\/wp-content\/uploads\/2015\/05\/chezmanuetsylvie-150x113.jpg 150w\" sizes=\"(max-width: 500px) 100vw, 500px\" \/><\/a><\/p>\n<p>1 point Poste \u00ab Chez Manu et Sylvie \u00bb<br \/>\n1 centre de secours de premi\u00e8re intervention<\/p>\n<p>Possibilit\u00e9 de louer<strong> la salle polyvalente<\/strong>, laquelle dispose d\u00e9sormais d&rsquo;une cuisine toute \u00e9quip\u00e9e traiteur. Contacter la mairie : 04 71 73 32 35<\/p>\n","protected":false},"excerpt":{"rendered":"<p>Services aux personnes \u00e2g\u00e9es : Portage de repas \u00e0 domicile Aide \u00e0 Domicile en Milieu Rural : ADMR 9 Place d&rsquo;Armes, 15100 Saint-Flour 04 71 60 91 34 Equipement scolaire, services li\u00e9s \u00e0 la petite enfance et \u00e0 la jeunesse : 1 \u00e9cole maternelle et primaire (2 classes) 1 garderie scolaire matin et soir (gratuite) &hellip; <\/p>\n<p><a class=\"more-link block-button\" href=\"https:\/\/outsiderland.com\/paulhac\/?page_id=17\">Continuer \u00e0 lire &raquo;<\/a><\/p>\n","protected":false},"author":1,"featured_media":0,"parent":10,"menu_order":0,"comment_status":"closed","ping_status":"closed","template":"template-onecolumn.php","meta":[],"_links":{"self":[{"href":"https:\/\/outsiderland.com\/paulhac\/index.php?rest_route=\/wp\/v2\/pages\/17"}],"collection":[{"href":"https:\/\/outsiderland.com\/paulhac\/index.php?rest_route=\/wp\/v2\/pages"}],"about":[{"href":"https:\/\/outsiderland.com\/paulhac\/index.php?rest_route=\/wp\/v2\/types\/page"}],"author":[{"embeddable":true,"href":"https:\/\/outsiderland.com\/paulhac\/index.php?rest_route=\/wp\/v2\/users\/1"}],"replies":[{"embeddable":true,"href":"https:\/\/outsiderland.com\/paulhac\/index.php?rest_route=%2Fwp%2Fv2%2Fcomments&post=17"}],"version-history":[{"count":7,"href":"https:\/\/outsiderland.com\/paulhac\/index.php?rest_route=\/wp\/v2\/pages\/17\/revisions"}],"predecessor-version":[{"id":3186,"href":"https:\/\/outsiderland.com\/paulhac\/index.php?rest_route=\/wp\/v2\/pages\/17\/revisions\/3186"}],"up":[{"embeddable":true,"href":"https:\/\/outsiderland.com\/paulhac\/index.php?rest_route=\/wp\/v2\/pages\/10"}],"wp:attachment":[{"href":"https:\/\/outsiderland.com\/paulhac\/index.php?rest_route=%2Fwp%2Fv2%2Fmedia&parent=17"}],"curies":[{"name":"wp","href":"https:\/\/api.w.org\/{rel}","templated":true}]}}