{"id":13,"date":"2014-01-28T17:00:23","date_gmt":"2014-01-28T17:00:23","guid":{"rendered":"https:\/\/outsiderland.com\/modele-mairie\/?page_id=13"},"modified":"2025-08-08T08:07:27","modified_gmt":"2025-08-08T08:07:27","slug":"commerces-et-entreprises","status":"publish","type":"page","link":"https:\/\/outsiderland.com\/paulhac\/?page_id=13","title":{"rendered":"Commerces et Entreprises"},"content":{"rendered":"<h2>BARS \/ RESTAURANTS \/ COMMERCES<\/h2>\n<h3>Restaurant-Brasserie \u00ab Le Buron de Prat de Bouc \u00bb<\/h3>\n<p>Adresse : Col de Prat de Bouc 15430 Paulhac<\/p>\n<p>T\u00e9l\u00e9phone : 07 70 24 84 79<br \/><em> Ouvert d\u2019avril \u00e0 octobre et de d\u00e9cembre \u00e0 mars. Dans un cadre exceptionnel, \u00e0 pr\u00e8s de 1400 m\u00e8tres d&rsquo;altitude, un restaurant bar brasserie au pied des pistes et d&rsquo;un des sommets de l&rsquo;Auvergne.<br \/><\/em><\/p>\n<p><a href=\"https:\/\/outsiderland.com\/paulhac\/wp-content\/uploads\/2015\/09\/leburondePDB.jpg\"><img decoding=\"async\" loading=\"lazy\" class=\"alignnone size-medium wp-image-1188\" src=\"https:\/\/outsiderland.com\/paulhac\/wp-content\/uploads\/2015\/09\/leburondePDB-500x500.jpg\" alt=\"leburondePDB\" width=\"500\" height=\"500\" srcset=\"https:\/\/outsiderland.com\/paulhac\/wp-content\/uploads\/2015\/09\/leburondePDB-500x500.jpg 500w, https:\/\/outsiderland.com\/paulhac\/wp-content\/uploads\/2015\/09\/leburondePDB-200x200.jpg 200w, https:\/\/outsiderland.com\/paulhac\/wp-content\/uploads\/2015\/09\/leburondePDB-1024x1024.jpg 1024w, https:\/\/outsiderland.com\/paulhac\/wp-content\/uploads\/2015\/09\/leburondePDB-150x150.jpg 150w\" sizes=\"(max-width: 500px) 100vw, 500px\" \/><\/a><\/p>\n<p>\u00a0<\/p>\n<h2>BARS \/ RESTAURANTS \/ COMMERCES<\/h2>\n<h3>Restaurant-Brasserie \u00ab Le Buron de Prat de Bouc \u00bb<\/h3>\n<p>Col de Prat de Bouc 15430 Paulhac<\/p>\n<p>T\u00e9l\u00e9phone : 07 70 24 84 79<br \/><em>\u00a0Dans un cadre exceptionnel, \u00e0 pr\u00e8s de 1400 m\u00e8tres d&rsquo;altitude, un restaurant bar brasserie au pied des pistes et d&rsquo;un des sommets de l&rsquo;Auvergne.<br \/><\/em><\/p>\n<p><a href=\"https:\/\/outsiderland.com\/paulhac\/wp-content\/uploads\/2015\/09\/leburondePDB.jpg\"><img decoding=\"async\" loading=\"lazy\" class=\"alignnone size-medium wp-image-1188\" src=\"https:\/\/outsiderland.com\/paulhac\/wp-content\/uploads\/2015\/09\/leburondePDB-500x500.jpg\" alt=\"leburondePDB\" width=\"500\" height=\"500\" srcset=\"https:\/\/outsiderland.com\/paulhac\/wp-content\/uploads\/2015\/09\/leburondePDB-500x500.jpg 500w, https:\/\/outsiderland.com\/paulhac\/wp-content\/uploads\/2015\/09\/leburondePDB-200x200.jpg 200w, https:\/\/outsiderland.com\/paulhac\/wp-content\/uploads\/2015\/09\/leburondePDB-1024x1024.jpg 1024w, https:\/\/outsiderland.com\/paulhac\/wp-content\/uploads\/2015\/09\/leburondePDB-150x150.jpg 150w\" sizes=\"(max-width: 500px) 100vw, 500px\" \/><\/a><\/p>\n<h3>Epicerie multiservices : Chez Manu et Sylvie<\/h3>\n<p>Le Bourg 15430 Paulhac<\/p>\n<p class=\"pres\"><em>La presse, le d\u00e9p\u00f4t de pain, de viande, tabac, gaz et le relais Poste font partie des nombreux <a href=\"services.html\">services<\/a> que nous offrons, en plus de l&rsquo;\u00e9picerie. <br \/><\/em><\/p>\n<p>04 71 73 34 74 &#8211; manusylvie15430@orange.fr<\/p>\n<p>Lundi : 14h-20h<br \/>du Mardi au Samedi : 7h30-20h<br \/>Dimanche et jours f\u00e9ri\u00e9s : 7h30-12h30<\/p>\n<p class=\"pres\"><a href=\"https:\/\/outsiderland.com\/paulhac\/wp-content\/uploads\/2015\/05\/chezmanuetsylvie.jpg\"><img decoding=\"async\" loading=\"lazy\" class=\"alignnone wp-image-1018 size-medium\" src=\"https:\/\/outsiderland.com\/paulhac\/wp-content\/uploads\/2015\/05\/chezmanuetsylvie-500x375.jpg\" alt=\"chezmanuetsylvie\" width=\"500\" height=\"375\" srcset=\"https:\/\/outsiderland.com\/paulhac\/wp-content\/uploads\/2015\/05\/chezmanuetsylvie-500x375.jpg 500w, https:\/\/outsiderland.com\/paulhac\/wp-content\/uploads\/2015\/05\/chezmanuetsylvie-1024x768.jpg 1024w, https:\/\/outsiderland.com\/paulhac\/wp-content\/uploads\/2015\/05\/chezmanuetsylvie-200x150.jpg 200w, https:\/\/outsiderland.com\/paulhac\/wp-content\/uploads\/2015\/05\/chezmanuetsylvie-150x113.jpg 150w\" sizes=\"(max-width: 500px) 100vw, 500px\" \/><\/a><\/p>\n<h2 class=\"pres\">\u00a0ENTREPRISES ET ARTISANS<\/h2>\n<h3>Fabrication et Vente de fromage \u00e0 la ferme : FERME DU JARRY<\/h3>\n<p>Le Jarry 15430 Paulhac<\/p>\n<p>06 33 91 36 48<\/p>\n<h3 class=\"title\">Menuisier-charpentier : M. J\u00e9r\u00f4me ROYER<\/h3>\n<div class=\"post-content\">\n<p>Nozi\u00e8res 15430 Paulhac<\/p>\n<p>04 71 73 33 03<\/p>\n<h3 class=\"title\">Travaux du b\u00e2timent :<\/h3>\n<p>CHEVALIER LACROIX<\/p>\n<p>Nozi\u00e8res 15430 Paulhac<\/p>\n<p>09 70 35 09 18<\/p>\n<h3 class=\"title\">Travaux paysager :<\/h3>\n<p>2B PAYSAGE<\/p>\n<p>Le Bourg 15430 Paulhac<\/p>\n<p>06 42 40 99 60<\/p>\n<h3 class=\"title\">Garagiste (voitures et m\u00e9canique agricole) : M. Lionel GIBELIN<\/h3>\n<p>Les Chazeaux 15430 Paulhac<br \/>04 71 73 32 57<\/p>\n<h3>Taxi et transport m\u00e9dical : M. MARTIN<\/h3>\n<p>Le Bourg 15430 Paulhac<br \/>04 71 23 86 75<\/p>\n<h3>Discomobile \u00ab Magic Night \u00bb : M. MARTIN<\/h3>\n<p>Le Bourg 15430 Paulhac<\/p>\n<h3>Coop\u00e9rative laiti\u00e8re<\/h3>\n<p>Le Bourg 15430 Paulhac<\/p>\n<\/div>\n<h3><a href=\" www.chezmanuetsylvie.com\" target=\"_blank\" rel=\"noopener noreferrer\">Epicerie multiservices : Chez Manu et Sylvie<\/a><\/h3>\n<p>Adresse : Le Bourg 15430 Paulhac<\/p>\n<p class=\"pres\"><em>La presse, le d\u00e9p\u00f4t de pain, de viande, tabac, gaz et le relais Poste font partie des nombreux <a href=\"services.html\">services<\/a> que nous offrons, en plus de l&rsquo;\u00e9picerie. <br \/><\/em><\/p>\n<table align=\"center\">\n<tbody>\n<tr>\n<td>T\u00e9l\u00e9phone<\/td>\n<td><span class=\"detail\">04 71 73 34 74<\/span><\/td>\n<\/tr>\n<tr>\n<td>Fax<\/td>\n<td><span class=\"detail\">04 71 73 34 74<\/span><\/td>\n<\/tr>\n<tr>\n<td>Email<\/td>\n<td><span class=\"detail\">manusylvie15430@orange.fr<\/span><\/td>\n<\/tr>\n<\/tbody>\n<\/table>\n<p class=\"pres\"><em>\u00a0<\/em>Ouverture :<\/p>\n<p class=\"pres\">Lundi : 14h-20h<br \/>du Mardi au Samedi : 7h30-20h<br \/>Dimanche et jours f\u00e9ri\u00e9s : 7h30-12h30<\/p>\n<p class=\"pres\"><a href=\"https:\/\/outsiderland.com\/paulhac\/wp-content\/uploads\/2015\/05\/chezmanuetsylvie.jpg\"><img decoding=\"async\" loading=\"lazy\" class=\"alignnone wp-image-1018 size-medium\" src=\"https:\/\/outsiderland.com\/paulhac\/wp-content\/uploads\/2015\/05\/chezmanuetsylvie-500x375.jpg\" alt=\"chezmanuetsylvie\" width=\"500\" height=\"375\" srcset=\"https:\/\/outsiderland.com\/paulhac\/wp-content\/uploads\/2015\/05\/chezmanuetsylvie-500x375.jpg 500w, https:\/\/outsiderland.com\/paulhac\/wp-content\/uploads\/2015\/05\/chezmanuetsylvie-1024x768.jpg 1024w, https:\/\/outsiderland.com\/paulhac\/wp-content\/uploads\/2015\/05\/chezmanuetsylvie-200x150.jpg 200w, https:\/\/outsiderland.com\/paulhac\/wp-content\/uploads\/2015\/05\/chezmanuetsylvie-150x113.jpg 150w\" sizes=\"(max-width: 500px) 100vw, 500px\" \/><\/a><\/p>\n<h2 class=\"pres\">\u00a0ENTREPRISES ET ARTISANS<\/h2>\n<h3>Fabrication et Vente de fromage \u00e0 la ferme : FERME DU JARRY<br \/>Le Jarry 15430 Paulhac<br \/>T\u00e9l\u00e9phone : 04 71 73 34 09<\/h3>\n<h3 class=\"title\">Menuisier-charpentier : M. J\u00e9r\u00f4me ROYER<\/h3>\n<div class=\"post-content\">\n<p>Adresse : Nozi\u00e8res 15430\u00a0Paulhac<br \/>T\u00e9l\u00e9phone : \u00a0\u00a004 71 73 33 03<\/p>\n<h3 class=\"title\">Travaux du b\u00e2timent :<\/h3>\n<p>CHEVALIER LACROIX<\/p>\n<p>Nozi\u00e8res 15430 PAULHAC<\/p>\n<p>tel : 09 70 35 09 18<\/p>\n<h3 class=\"title\">Travaux paysager :<\/h3>\n<p>2B PAYSAGE<\/p>\n<p>15430 PAULHAC<\/p>\n<p>tel : 06 42 40 99 60<\/p>\n<h3 class=\"title\">Garagiste <span style=\"color: #333333; font-family: 'Pontano Sans', arial, sans-serif; font-size: 18px;\"> (voitures et m\u00e9canique agricole) : M. Lionel GIBELIN<\/span><\/h3>\n<p>Adresse : Les Chazeaux 15430 Paulhac<br \/>T\u00e9l\u00e9phone : 04 71 73 32 57<\/p>\n<h3>Taxi et transport m\u00e9dical : M. MARTIN<\/h3>\n<p>Adresse : Le Bourg 15430 Paulhac<br \/>T\u00e9l\u00e9phone : 04 71 23 86 75<\/p>\n<h3>Discomobile \u00ab Magic Night \u00bb : M. MARTIN<\/h3>\n<p>Adresse : Le Bourg 15430 Paulhac<\/p>\n<h3>Coop\u00e9rative laiti\u00e8re<\/h3>\n<p>Adresse : Le Bourg 15430 Paulhac<\/p>\n<\/div>\n\n\n<p class=\"has-medium-font-size\"><br><\/p>\n","protected":false},"excerpt":{"rendered":"<p>BARS \/ RESTAURANTS \/ COMMERCES Restaurant-Brasserie \u00ab Le Buron de Prat de Bouc \u00bb Adresse : Col de Prat de Bouc 15430 Paulhac T\u00e9l\u00e9phone : 07 70 24 84 79 Ouvert d\u2019avril \u00e0 octobre et de d\u00e9cembre \u00e0 mars. Dans un cadre exceptionnel, \u00e0 pr\u00e8s de 1400 m\u00e8tres d&rsquo;altitude, un restaurant bar brasserie au pied &hellip; <\/p>\n<p><a class=\"more-link block-button\" href=\"https:\/\/outsiderland.com\/paulhac\/?page_id=13\">Continuer \u00e0 lire &raquo;<\/a><\/p>\n","protected":false},"author":1,"featured_media":0,"parent":10,"menu_order":0,"comment_status":"closed","ping_status":"closed","template":"template-onecolumn.php","meta":[],"_links":{"self":[{"href":"https:\/\/outsiderland.com\/paulhac\/index.php?rest_route=\/wp\/v2\/pages\/13"}],"collection":[{"href":"https:\/\/outsiderland.com\/paulhac\/index.php?rest_route=\/wp\/v2\/pages"}],"about":[{"href":"https:\/\/outsiderland.com\/paulhac\/index.php?rest_route=\/wp\/v2\/types\/page"}],"author":[{"embeddable":true,"href":"https:\/\/outsiderland.com\/paulhac\/index.php?rest_route=\/wp\/v2\/users\/1"}],"replies":[{"embeddable":true,"href":"https:\/\/outsiderland.com\/paulhac\/index.php?rest_route=%2Fwp%2Fv2%2Fcomments&post=13"}],"version-history":[{"count":35,"href":"https:\/\/outsiderland.com\/paulhac\/index.php?rest_route=\/wp\/v2\/pages\/13\/revisions"}],"predecessor-version":[{"id":3185,"href":"https:\/\/outsiderland.com\/paulhac\/index.php?rest_route=\/wp\/v2\/pages\/13\/revisions\/3185"}],"up":[{"embeddable":true,"href":"https:\/\/outsiderland.com\/paulhac\/index.php?rest_route=\/wp\/v2\/pages\/10"}],"wp:attachment":[{"href":"https:\/\/outsiderland.com\/paulhac\/index.php?rest_route=%2Fwp%2Fv2%2Fmedia&parent=13"}],"curies":[{"name":"wp","href":"https:\/\/api.w.org\/{rel}","templated":true}]}}