{"id":84,"date":"2018-10-05T11:36:44","date_gmt":"2018-10-05T11:36:44","guid":{"rendered":"https:\/\/outsiderland.com\/danahilliot\/?page_id=84"},"modified":"2018-10-05T11:40:44","modified_gmt":"2018-10-05T11:40:44","slug":"emeute","status":"publish","type":"page","link":"https:\/\/outsiderland.com\/danahilliot\/emeute\/","title":{"rendered":"\u00c9meute"},"content":{"rendered":"<p><a href=\"https:\/\/outsiderland.com\/danahilliot\/wp-content\/uploads\/2014\/04\/emeute.png\"><img decoding=\"async\" class=\"alignnone size-full wp-image-226\" src=\"https:\/\/outsiderland.com\/danahilliot\/wp-content\/uploads\/2014\/04\/emeute.png\" alt=\"emeute\" width=\"675\" height=\"662\" srcset=\"https:\/\/outsiderland.com\/danahilliot\/wp-content\/uploads\/2014\/04\/emeute.png 675w, https:\/\/outsiderland.com\/danahilliot\/wp-content\/uploads\/2014\/04\/emeute-300x294.png 300w, https:\/\/outsiderland.com\/danahilliot\/wp-content\/uploads\/2014\/04\/emeute-590x579.png 590w\" sizes=\"(max-width: 675px) 100vw, 675px\" \/><\/a><\/p>\n<p style=\"text-align: right;\">(Illustration : Claire Dori)<\/p>\n<p>Quand, alors qu&rsquo;il rentrait chez lui, les bandes de jeunes cagoul\u00e9s commenc\u00e8rent \u00e0 se rassembler sur les trottoirs, quand, arm\u00e9s de battes de base-ball, ils commenc\u00e8rent \u00e0 frapper les objets tout autour d&rsquo;eux, les voitures, les poubelles, les cabines t\u00e9l\u00e9phoniques, les panneaux de signalisation, tout ce que le monde autour d&rsquo;eux comptait d&rsquo;objets solides, toutes ces choses qu&rsquo;habituellement on pr\u00e9f\u00e9rait ou bien \u00e9viter ou bien soumettre \u00e0 quelque usage, quand ils se saisirent de briques et de pav\u00e9s pour les projeter violemment sur les vitrines des boutiques, les unes \u00e9clatant en mille petites \u00e9clats de verre, les autres r\u00e9sistant comme savent faire les vitrines les plus \u00e9paisses, apr\u00e8s tout, les vitrines sont aussi des murs, sont \u00e0 la fois des murs, qui s\u00e9parent le dedans du dehors, qui prot\u00e8gent l&rsquo;int\u00e9rieur et la propri\u00e9t\u00e9, comme les murs, tout en ouvrant \u00e9galement aux perceptions des passants un espace de promesses, tout en suscitant par le tableau qu&rsquo;elles offrent le d\u00e9sir et l&rsquo;envie, c&rsquo;est l\u00e0 le drame des vitrines, elles se tiennent toujours sur la corde raide, donnent et refusent tout en m\u00eame temps, c&rsquo;est leur paradoxe qui fait leur charme et leur vuln\u00e9rabilit\u00e9, imaginez un instant qu&rsquo;\u00e0 la place des vitrines on pose des murs, ce pourquoi elles amplifient la frustration, si \u00e0 la place des vitrines on posait des murs, \u00e7a ne serait pas bon pour le commerce \u00e9videmment, mais peut-\u00eatre les jeunes ne lanceraient pas des cailloux dans les vitrines, quand, alors que les derni\u00e8res vitrines, les plus coriaces, les plus attach\u00e9es au droit de la propri\u00e9t\u00e9, finissaient elles aussi par c\u00e9der, les jeunes firent irruption \u00e0 l&rsquo;int\u00e9rieur des boutiques et entreprirent de s&#8217;emparer des choses et des objets qu&rsquo;ils convoitaient, tandis que les sacs \u00e0 dos se remplissaient \u00e0 une vitesse proprement ahurissante, comme si chaque pillard savait parfaitement ce qu&rsquo;il \u00e9tait cens\u00e9 emporter, comme s&rsquo;il l&rsquo;avait inscrit sur une liste, et qu&rsquo;il connaissait tr\u00e8s exactement l&#8217;emplacement des objets convoit\u00e9s sur les rayonnages, c&rsquo;\u00e9tait presque un plaisir de les voir agir ainsi, avec autant de c\u00e9l\u00e9rit\u00e9 et de pr\u00e9cision, il pensa : c&rsquo;est un travail d&rsquo;\u00e9quipe, et un travail bien fait, sans fioriture, rien n&rsquo;\u00e9tait laiss\u00e9 au hasard, la violence des faits passait au second plan derri\u00e8re la d\u00e9termination des pillards, ils savaient ce qu&rsquo;ils faisaient, on e\u00fbt dit qu&rsquo;ils avaient toujours fait ce genre de choses, ou bien qu&rsquo;il s&rsquo;\u00e9taient entra\u00een\u00e9s longuement et patiemment, quand ils form\u00e8rent \u00e0 nouveau un groupe sur le trottoir, d\u00e9sormais charg\u00e9s des fruits de leurs larcins, d\u00e9lib\u00e9rant sans doute afin de d\u00e9terminer quelle suite donner \u00e0 leur affaire, consultant l&rsquo;\u00e9cran de leurs t\u00e9l\u00e9phones, quand ils sembl\u00e8rent d&rsquo;accord concernant le futur imm\u00e9diat et fil\u00e8rent en direction du centre ville et des rues pi\u00e9tonnes, marchant d&rsquo;un pas d\u00e9cid\u00e9 sous leurs capuches sombres, il les suivit.<br \/>\nIl les suivit d&rsquo;abord sans y penser. Il revenait d&rsquo;une de ces longues marches dont il \u00e9tait coutumier, et, pour l&rsquo;occasion, \u00e9tait lui-m\u00eame v\u00eatu d&rsquo;un surv\u00eatement de coton surmont\u00e9 d&rsquo;une capuche, il marchait ainsi de longues heures, en partie parce qu&rsquo;il \u00e9tait d\u00e9s\u0153uvr\u00e9, en partie parce qu&rsquo;il aimait cela tout simplement. C&rsquo;\u00e9tait un gar\u00e7on solitaire et paisible, \u00e0 qui manquaient simplement la volont\u00e9 et l&rsquo;esprit d&rsquo;entreprise, en cons\u00e9quence de quoi il avait peu d&rsquo;avenir. Il aimait marcher et trimballait toujours avec lui, gliss\u00e9 dans un petit sac \u00e0 dos, un carnet \u00e0 dessin et quelques crayons. Il s&rsquo;arr\u00eatait parfois pour dessiner, parfois, il \u00e9crivait un d\u00e9but de po\u00e8me, qu&rsquo;il compl\u00e9tait \u00e9ventuellement au retour chez lui. Ces jeunes, il n&rsquo;en connaissait aucun, peut-\u00eatre en avait-il crois\u00e9 dans la rue, mais jamais il n&rsquo;aurait os\u00e9 leur adresser la parole, il \u00e9tait de ceux qui, \u00e0 force d&rsquo;exp\u00e9rience, se montre dot\u00e9 d&rsquo;un talent particulier pour raser les murs, pour \u00e9viter les ennuis, pour se fondre dans n&rsquo;importe quel d\u00e9cor, si bien que m\u00eame les plus proches voisins finissent par les oublier, qu&rsquo;ils finissent par dispara\u00eetre m\u00eame aux yeux de l&rsquo;administration, de ceux enfin que les cam\u00e9ras de surveillance qui d\u00e9sormais scrutaient chaque recoin de chaque rue semblent n\u00e9gliger : on ne voit aucune raison de soup\u00e7onner un type pareil, on ne le voit pas tout simplement. Mais il les avait suivis, il s&rsquo;\u00e9tait joint \u00e0 eux, s&rsquo;\u00e9tait agr\u00e9g\u00e9 avec cette discr\u00e9tion hors du commun \u00e0 leur groupe, il avait remont\u00e9 sa capuche, puis s&rsquo;\u00e9tait gliss\u00e9 au milieu d&rsquo;eux, et marchait d&rsquo;un bon pas, semblable aux leurs, en direction du centre ville, eux semblaient savoir o\u00f9 aller, lui se contentait de les suivre. Il se dit que peut-\u00eatre d&rsquo;autres, exactement comme lui, s&rsquo;\u00e9taient joints au groupe l&rsquo;air de rien, et se contentaient de suivre. Au fur et \u00e0 mesure qu&rsquo;ils avan\u00e7aient, ils se trouvaient plus nombreux, formaient bient\u00f4t une petite foule. Ils crois\u00e8rent des passants, des touristes et des hommes d&rsquo;affaire sortant de leurs automobiles luxueuses et p\u00e9n\u00e9trant dans des h\u00f4tels de luxe. Quelques insultes fus\u00e8rent, suivies de pav\u00e9s. Des pare brises \u00e9clat\u00e8rent \u00e0 leur passage, des gens courraient se r\u00e9fugier dans des endroits moins expos\u00e9s, il se sentait \u00e0 l&rsquo;int\u00e9rieur du ventre d&rsquo;un gros dragon vorace et effrayant, mais il \u00e9tait tranquille \u00e0 l&rsquo;int\u00e9rieur de ce ventre, comme un parasite inoffensif dans le ventre de ce gros dragon, et m\u00eame quand il vit deux policemen qui se tenaient de l&rsquo;autre c\u00f4t\u00e9 de la rue parler f\u00e9brilement dans leur talkie-walkie, il n&rsquo;eut pas peur.<br \/>\n<!--nextpage--><br \/>\nArriv\u00e9s devant le quartier des magasins high-tech, dont les vitrines pr\u00e9sentaient les derniers mod\u00e8les d&rsquo;ordinateurs portables, et d&rsquo;autres objets rutilants dont il ignorait l&rsquo;usage et qui lui paraissaient tout droit sortis d&rsquo;un film de science-fiction, il n&rsquo;avait jamais poss\u00e9d\u00e9 d&rsquo;ordinateur \u00e0 lui, faute d&rsquo;argent et faute d&rsquo;int\u00e9r\u00eat pour la chose, les briques jaillirent des mains vengeresses des jeunes qui l&rsquo;entouraient, et firent \u00e9clater l&rsquo;obstacle qui les s\u00e9parait du futur. \u00c0 droite du magasin immense, s&rsquo;\u00e9levant sur plusieurs \u00e9tages, que les pillards avaient pris pour cible, une librairie d&rsquo;art et de philosophie renomm\u00e9e, d&rsquo;une taille bien plus modeste, se dressait timidement. Dans la cohue, tandis que les enfants de la rue d\u00e9ferlaient par vagues dans le palais des technologies, un pav\u00e9 heurta discr\u00e8tement pour ainsi dire l&rsquo;\u00e9troite vitrine de la librairie d&rsquo;Arts et de Philosophie, qui se f\u00eala un peu, avant qu&rsquo;un autre projectile frappe \u00e0 nouveau, puis un autre, apr\u00e8s quoi elle s&rsquo;\u00e9mietta et s&rsquo;effondra. Il entra sur la pointe des pieds au milieu des gravas : la lumi\u00e8re des lampadaires de la rue caressait doucement les rayons satur\u00e9s de livres. Il s&rsquo;effor\u00e7ait d&rsquo;en d\u00e9crypter les titres inscrits sur les tranches, il les effleurait d\u00e9licatement. Puis il s&rsquo;enfon\u00e7a dans les profondeurs du magasin. Le sol \u00e9tait couvert d&rsquo;une moquette de laine, un silence \u00e9tonnant r\u00e9gnait. Personne ne l&rsquo;avait suivi. Les jeunes pillaient le magasin d&rsquo;\u00e0 c\u00f4t\u00e9, lui avait bris\u00e9 la vitrine de cette librairie, peut-\u00eatre dans l&rsquo;intention de la piller, mais il est difficile de piller un magasin quel qu&rsquo;il soit quand on est seul : il ne savait pas au juste par quoi commencer. Il y avait tellement de livres, il entrevoyait des livres magnifiques, d&rsquo;innombrables monographies d&rsquo;artiste qu&rsquo;il ne connaissait parfois que de nom, chacun de ces livres lui aurait co\u00fbt\u00e9, si tant est que l&rsquo;id\u00e9e saugrenue de les acheter lui ait travers\u00e9 l&rsquo;esprit, un quart de ses allocations, mais bizarrement il n&rsquo;y pensait pas,<br \/>\nIl glissa dans son sac \u00e0 dos une monographie sur Vermeer, et un recueil de po\u00e8mes d&rsquo;Henri Michaux avec des dessins de l&rsquo;auteur, puis regagna le trottoir o\u00f9 s&rsquo;attroupaient \u00e0 nouveau les jeunes. Le groupe s&rsquo;\u00e9parpilla, tandis que les sir\u00e8nes de voitures de police hurlaient sur la ville dans les rues de laquelle il s&#8217;empressa lui aussi de dispara\u00eetre.<\/p>\n","protected":false},"excerpt":{"rendered":"<p>(Illustration : Claire Dori) Quand, alors qu&rsquo;il rentrait chez lui, les bandes de jeunes cagoul\u00e9s commenc\u00e8rent \u00e0 se rassembler sur les trottoirs, quand, arm\u00e9s de battes de base-ball, ils commenc\u00e8rent \u00e0 frapper les objets tout autour d&rsquo;eux, les voitures, les poubelles, les cabines t\u00e9l\u00e9phoniques, les panneaux de signalisation, tout ce que le monde autour d&rsquo;eux&hellip;<\/p>\n <a href=\"https:\/\/outsiderland.com\/danahilliot\/emeute\/\" title=\"\u00c9meute\" class=\"entry-more-link\"><span>Read More<\/span> <span class=\"screen-reader-text\">\u00c9meute<\/span><\/a>","protected":false},"author":1,"featured_media":0,"parent":0,"menu_order":0,"comment_status":"closed","ping_status":"closed","template":"","meta":{"Layout":"","footnotes":""},"categories":[],"tags":[],"class_list":["entry","author-danah","has-pages","post-84","page","type-page","status-publish"],"yoast_head":"<!-- This site is optimized with the Yoast SEO plugin v27.0 - https:\/\/yoast.com\/product\/yoast-seo-wordpress\/ -->\n<title>\u00c9meute - Outside Dana Hilliot<\/title>\n<meta name=\"robots\" content=\"index, follow, max-snippet:-1, max-image-preview:large, max-video-preview:-1\" \/>\n<link rel=\"canonical\" href=\"https:\/\/outsiderland.com\/danahilliot\/emeute\/\" \/>\n<link rel=\"next\" href=\"https:\/\/outsiderland.com\/danahilliot\/emeute\/2\/\" \/>\n<meta property=\"og:locale\" content=\"fr_FR\" \/>\n<meta property=\"og:type\" content=\"article\" \/>\n<meta property=\"og:title\" content=\"\u00c9meute - Outside Dana Hilliot\" \/>\n<meta property=\"og:description\" content=\"(Illustration : Claire Dori) Quand, alors qu&rsquo;il rentrait chez lui, les bandes de jeunes cagoul\u00e9s commenc\u00e8rent \u00e0 se rassembler sur les trottoirs, quand, arm\u00e9s de battes de base-ball, ils commenc\u00e8rent \u00e0 frapper les objets tout autour d&rsquo;eux, les voitures, les poubelles, les cabines t\u00e9l\u00e9phoniques, les panneaux de signalisation, tout ce que le monde autour d&rsquo;eux&hellip;\" \/>\n<meta property=\"og:url\" content=\"https:\/\/outsiderland.com\/danahilliot\/emeute\/\" \/>\n<meta property=\"og:site_name\" content=\"Outside Dana Hilliot\" \/>\n<meta property=\"article:modified_time\" content=\"2018-10-05T11:40:44+00:00\" \/>\n<meta property=\"og:image\" content=\"https:\/\/outsiderland.com\/danahilliot\/wp-content\/uploads\/2014\/04\/emeute.png\" \/>\n\t<meta property=\"og:image:width\" content=\"675\" \/>\n\t<meta property=\"og:image:height\" content=\"662\" \/>\n\t<meta property=\"og:image:type\" content=\"image\/png\" \/>\n<meta name=\"twitter:card\" content=\"summary_large_image\" \/>\n<meta name=\"twitter:label1\" content=\"Dur\u00e9e de lecture estim\u00e9e\" \/>\n\t<meta name=\"twitter:data1\" content=\"7 minutes\" \/>\n<script type=\"application\/ld+json\" class=\"yoast-schema-graph\">{\"@context\":\"https:\/\/schema.org\",\"@graph\":[{\"@type\":\"WebPage\",\"@id\":\"https:\/\/outsiderland.com\/danahilliot\/emeute\/\",\"url\":\"https:\/\/outsiderland.com\/danahilliot\/emeute\/\",\"name\":\"\u00c9meute - Outside Dana Hilliot\",\"isPartOf\":{\"@id\":\"https:\/\/outsiderland.com\/danahilliot\/#website\"},\"primaryImageOfPage\":{\"@id\":\"https:\/\/outsiderland.com\/danahilliot\/emeute\/#primaryimage\"},\"image\":{\"@id\":\"https:\/\/outsiderland.com\/danahilliot\/emeute\/#primaryimage\"},\"thumbnailUrl\":\"https:\/\/outsiderland.com\/danahilliot\/wp-content\/uploads\/2014\/04\/emeute.png\",\"datePublished\":\"2018-10-05T11:36:44+00:00\",\"dateModified\":\"2018-10-05T11:40:44+00:00\",\"inLanguage\":\"fr-FR\",\"potentialAction\":[{\"@type\":\"ReadAction\",\"target\":[\"https:\/\/outsiderland.com\/danahilliot\/emeute\/\"]}]},{\"@type\":\"ImageObject\",\"inLanguage\":\"fr-FR\",\"@id\":\"https:\/\/outsiderland.com\/danahilliot\/emeute\/#primaryimage\",\"url\":\"https:\/\/outsiderland.com\/danahilliot\/wp-content\/uploads\/2014\/04\/emeute.png\",\"contentUrl\":\"https:\/\/outsiderland.com\/danahilliot\/wp-content\/uploads\/2014\/04\/emeute.png\"},{\"@type\":\"WebSite\",\"@id\":\"https:\/\/outsiderland.com\/danahilliot\/#website\",\"url\":\"https:\/\/outsiderland.com\/danahilliot\/\",\"name\":\"Outside Dana Hilliot\",\"description\":\". Archives . Activit\u00e9s . Projets .\",\"publisher\":{\"@id\":\"https:\/\/outsiderland.com\/danahilliot\/#\/schema\/person\/201a1fef0f5c2897bd65e98bcf6b1179\"},\"potentialAction\":[{\"@type\":\"SearchAction\",\"target\":{\"@type\":\"EntryPoint\",\"urlTemplate\":\"https:\/\/outsiderland.com\/danahilliot\/?s={search_term_string}\"},\"query-input\":{\"@type\":\"PropertyValueSpecification\",\"valueRequired\":true,\"valueName\":\"search_term_string\"}}],\"inLanguage\":\"fr-FR\"},{\"@type\":[\"Person\",\"Organization\"],\"@id\":\"https:\/\/outsiderland.com\/danahilliot\/#\/schema\/person\/201a1fef0f5c2897bd65e98bcf6b1179\",\"name\":\"danahilliot\",\"image\":{\"@type\":\"ImageObject\",\"inLanguage\":\"fr-FR\",\"@id\":\"https:\/\/outsiderland.com\/danahilliot\/#\/schema\/person\/image\/\",\"url\":\"https:\/\/outsiderland.com\/danahilliot\/wp-content\/uploads\/2026\/02\/50801449407_a909f2c1ad_k.jpg\",\"contentUrl\":\"https:\/\/outsiderland.com\/danahilliot\/wp-content\/uploads\/2026\/02\/50801449407_a909f2c1ad_k.jpg\",\"width\":2048,\"height\":1536,\"caption\":\"danahilliot\"},\"logo\":{\"@id\":\"https:\/\/outsiderland.com\/danahilliot\/#\/schema\/person\/image\/\"}}]}<\/script>\n<!-- \/ Yoast SEO plugin. -->","yoast_head_json":{"title":"\u00c9meute - Outside Dana Hilliot","robots":{"index":"index","follow":"follow","max-snippet":"max-snippet:-1","max-image-preview":"max-image-preview:large","max-video-preview":"max-video-preview:-1"},"canonical":"https:\/\/outsiderland.com\/danahilliot\/emeute\/","next":"https:\/\/outsiderland.com\/danahilliot\/emeute\/2\/","og_locale":"fr_FR","og_type":"article","og_title":"\u00c9meute - Outside Dana Hilliot","og_description":"(Illustration : Claire Dori) Quand, alors qu&rsquo;il rentrait chez lui, les bandes de jeunes cagoul\u00e9s commenc\u00e8rent \u00e0 se rassembler sur les trottoirs, quand, arm\u00e9s de battes de base-ball, ils commenc\u00e8rent \u00e0 frapper les objets tout autour d&rsquo;eux, les voitures, les poubelles, les cabines t\u00e9l\u00e9phoniques, les panneaux de signalisation, tout ce que le monde autour d&rsquo;eux&hellip;","og_url":"https:\/\/outsiderland.com\/danahilliot\/emeute\/","og_site_name":"Outside Dana Hilliot","article_modified_time":"2018-10-05T11:40:44+00:00","og_image":[{"width":675,"height":662,"url":"https:\/\/outsiderland.com\/danahilliot\/wp-content\/uploads\/2014\/04\/emeute.png","type":"image\/png"}],"twitter_card":"summary_large_image","twitter_misc":{"Dur\u00e9e de lecture estim\u00e9e":"7 minutes"},"schema":{"@context":"https:\/\/schema.org","@graph":[{"@type":"WebPage","@id":"https:\/\/outsiderland.com\/danahilliot\/emeute\/","url":"https:\/\/outsiderland.com\/danahilliot\/emeute\/","name":"\u00c9meute - Outside Dana Hilliot","isPartOf":{"@id":"https:\/\/outsiderland.com\/danahilliot\/#website"},"primaryImageOfPage":{"@id":"https:\/\/outsiderland.com\/danahilliot\/emeute\/#primaryimage"},"image":{"@id":"https:\/\/outsiderland.com\/danahilliot\/emeute\/#primaryimage"},"thumbnailUrl":"https:\/\/outsiderland.com\/danahilliot\/wp-content\/uploads\/2014\/04\/emeute.png","datePublished":"2018-10-05T11:36:44+00:00","dateModified":"2018-10-05T11:40:44+00:00","inLanguage":"fr-FR","potentialAction":[{"@type":"ReadAction","target":["https:\/\/outsiderland.com\/danahilliot\/emeute\/"]}]},{"@type":"ImageObject","inLanguage":"fr-FR","@id":"https:\/\/outsiderland.com\/danahilliot\/emeute\/#primaryimage","url":"https:\/\/outsiderland.com\/danahilliot\/wp-content\/uploads\/2014\/04\/emeute.png","contentUrl":"https:\/\/outsiderland.com\/danahilliot\/wp-content\/uploads\/2014\/04\/emeute.png"},{"@type":"WebSite","@id":"https:\/\/outsiderland.com\/danahilliot\/#website","url":"https:\/\/outsiderland.com\/danahilliot\/","name":"Outside Dana Hilliot","description":". Archives . Activit\u00e9s . Projets .","publisher":{"@id":"https:\/\/outsiderland.com\/danahilliot\/#\/schema\/person\/201a1fef0f5c2897bd65e98bcf6b1179"},"potentialAction":[{"@type":"SearchAction","target":{"@type":"EntryPoint","urlTemplate":"https:\/\/outsiderland.com\/danahilliot\/?s={search_term_string}"},"query-input":{"@type":"PropertyValueSpecification","valueRequired":true,"valueName":"search_term_string"}}],"inLanguage":"fr-FR"},{"@type":["Person","Organization"],"@id":"https:\/\/outsiderland.com\/danahilliot\/#\/schema\/person\/201a1fef0f5c2897bd65e98bcf6b1179","name":"danahilliot","image":{"@type":"ImageObject","inLanguage":"fr-FR","@id":"https:\/\/outsiderland.com\/danahilliot\/#\/schema\/person\/image\/","url":"https:\/\/outsiderland.com\/danahilliot\/wp-content\/uploads\/2026\/02\/50801449407_a909f2c1ad_k.jpg","contentUrl":"https:\/\/outsiderland.com\/danahilliot\/wp-content\/uploads\/2026\/02\/50801449407_a909f2c1ad_k.jpg","width":2048,"height":1536,"caption":"danahilliot"},"logo":{"@id":"https:\/\/outsiderland.com\/danahilliot\/#\/schema\/person\/image\/"}}]}},"_links":{"self":[{"href":"https:\/\/outsiderland.com\/danahilliot\/wp-json\/wp\/v2\/pages\/84","targetHints":{"allow":["GET"]}}],"collection":[{"href":"https:\/\/outsiderland.com\/danahilliot\/wp-json\/wp\/v2\/pages"}],"about":[{"href":"https:\/\/outsiderland.com\/danahilliot\/wp-json\/wp\/v2\/types\/page"}],"author":[{"embeddable":true,"href":"https:\/\/outsiderland.com\/danahilliot\/wp-json\/wp\/v2\/users\/1"}],"replies":[{"embeddable":true,"href":"https:\/\/outsiderland.com\/danahilliot\/wp-json\/wp\/v2\/comments?post=84"}],"version-history":[{"count":2,"href":"https:\/\/outsiderland.com\/danahilliot\/wp-json\/wp\/v2\/pages\/84\/revisions"}],"predecessor-version":[{"id":93,"href":"https:\/\/outsiderland.com\/danahilliot\/wp-json\/wp\/v2\/pages\/84\/revisions\/93"}],"wp:attachment":[{"href":"https:\/\/outsiderland.com\/danahilliot\/wp-json\/wp\/v2\/media?parent=84"}],"wp:term":[{"taxonomy":"category","embeddable":true,"href":"https:\/\/outsiderland.com\/danahilliot\/wp-json\/wp\/v2\/categories?post=84"},{"taxonomy":"post_tag","embeddable":true,"href":"https:\/\/outsiderland.com\/danahilliot\/wp-json\/wp\/v2\/tags?post=84"}],"curies":[{"name":"wp","href":"https:\/\/api.w.org\/{rel}","templated":true}]}}