{"id":74,"date":"2018-10-04T21:39:33","date_gmt":"2018-10-04T21:39:33","guid":{"rendered":"https:\/\/outsiderland.com\/danahilliot\/?page_id=74"},"modified":"2018-10-29T17:15:51","modified_gmt":"2018-10-29T17:15:51","slug":"vivre-ici-chroniques-de-larriere-pays-2017","status":"publish","type":"page","link":"https:\/\/outsiderland.com\/danahilliot\/vivre-ici-chroniques-de-larriere-pays-2017\/","title":{"rendered":"*VIVRE ICI. CHRONIQUES DE L&rsquo;ARRI\u00c8RE-PAYS (2017)*"},"content":{"rendered":"<h4>VIVRE ICI. CHRONIQUES DE L&rsquo;ARRI\u00c8RE-PAYS (2017)<\/h4>\n<p><a href=\"https:\/\/outsiderland.com\/danahilliot\/wp-content\/uploads\/2017\/02\/Screenshot_2017-02-04_10-29-55.png\"><img decoding=\"async\" class=\"alignleft wp-image-1969\" src=\"https:\/\/outsiderland.com\/danahilliot\/wp-content\/uploads\/2017\/02\/Screenshot_2017-02-04_10-29-55-197x300.png\" alt=\"\" width=\"250\" height=\"381\" srcset=\"https:\/\/outsiderland.com\/danahilliot\/wp-content\/uploads\/2017\/02\/Screenshot_2017-02-04_10-29-55-197x300.png 197w, https:\/\/outsiderland.com\/danahilliot\/wp-content\/uploads\/2017\/02\/Screenshot_2017-02-04_10-29-55-590x900.png 590w, https:\/\/outsiderland.com\/danahilliot\/wp-content\/uploads\/2017\/02\/Screenshot_2017-02-04_10-29-55.png 599w\" sizes=\"(max-width: 250px) 100vw, 250px\" \/><\/a><\/p>\n<p>(500 pages environ, avec quelques photographies)<\/p>\n<p>Une r\u00e9flexion sur le pass\u00e9, le pr\u00e9sent et l&rsquo;avenir des territoires dits hyper-ruraux, fond\u00e9e sur l&rsquo;exp\u00e9rience d&rsquo;une quinzaine d&rsquo;ann\u00e9es dans le Cantal.<\/p>\n<p>L&rsquo;ouvrage est disponible sur <a href=\"http:\/\/www.lulu.com\/spotlight\/dana_hilliot\" target=\"_blank\" rel=\"noopener noreferrer\">un site d&rsquo; \u00ab\u00a0impression \u00e0 la demande\u00a0\u00bb<\/a> en attendant qu&rsquo;un \u00e9diteur manifeste son int\u00e9r\u00eat.<\/p>\n<p>&nbsp;<\/p>\n<p>&nbsp;<\/p>\n","protected":false},"excerpt":{"rendered":"<p>VIVRE ICI. CHRONIQUES DE L&rsquo;ARRI\u00c8RE-PAYS (2017) (500 pages environ, avec quelques photographies) Une r\u00e9flexion sur le pass\u00e9, le pr\u00e9sent et l&rsquo;avenir des territoires dits hyper-ruraux, fond\u00e9e sur l&rsquo;exp\u00e9rience d&rsquo;une quinzaine d&rsquo;ann\u00e9es dans le Cantal. L&rsquo;ouvrage est disponible sur un site d&rsquo; \u00ab\u00a0impression \u00e0 la demande\u00a0\u00bb en attendant qu&rsquo;un \u00e9diteur manifeste son int\u00e9r\u00eat. &nbsp; &nbsp;<\/p>\n <a href=\"https:\/\/outsiderland.com\/danahilliot\/vivre-ici-chroniques-de-larriere-pays-2017\/\" title=\"*VIVRE ICI. CHRONIQUES DE L&rsquo;ARRI\u00c8RE-PAYS (2017)*\" class=\"entry-more-link\"><span>Read More<\/span> <span class=\"screen-reader-text\">*VIVRE ICI. CHRONIQUES DE L&rsquo;ARRI\u00c8RE-PAYS (2017)*<\/span><\/a>","protected":false},"author":1,"featured_media":0,"parent":0,"menu_order":0,"comment_status":"closed","ping_status":"closed","template":"","meta":{"Layout":"","footnotes":""},"categories":[],"tags":[],"class_list":["entry","author-danah","post-74","page","type-page","status-publish"],"yoast_head":"<!-- This site is optimized with the Yoast SEO plugin v27.0 - https:\/\/yoast.com\/product\/yoast-seo-wordpress\/ -->\n<title>*VIVRE ICI. CHRONIQUES DE L&#039;ARRI\u00c8RE-PAYS (2017)* - Outside Dana Hilliot<\/title>\n<meta name=\"robots\" content=\"index, follow, max-snippet:-1, max-image-preview:large, max-video-preview:-1\" \/>\n<link rel=\"canonical\" href=\"https:\/\/outsiderland.com\/danahilliot\/vivre-ici-chroniques-de-larriere-pays-2017\/\" \/>\n<meta property=\"og:locale\" content=\"fr_FR\" \/>\n<meta property=\"og:type\" content=\"article\" \/>\n<meta property=\"og:title\" content=\"*VIVRE ICI. CHRONIQUES DE L&#039;ARRI\u00c8RE-PAYS (2017)* - Outside Dana Hilliot\" \/>\n<meta property=\"og:description\" content=\"VIVRE ICI. CHRONIQUES DE L&rsquo;ARRI\u00c8RE-PAYS (2017) (500 pages environ, avec quelques photographies) Une r\u00e9flexion sur le pass\u00e9, le pr\u00e9sent et l&rsquo;avenir des territoires dits hyper-ruraux, fond\u00e9e sur l&rsquo;exp\u00e9rience d&rsquo;une quinzaine d&rsquo;ann\u00e9es dans le Cantal. L&rsquo;ouvrage est disponible sur un site d&rsquo; \u00ab\u00a0impression \u00e0 la demande\u00a0\u00bb en attendant qu&rsquo;un \u00e9diteur manifeste son int\u00e9r\u00eat. &nbsp; &nbsp;\" \/>\n<meta property=\"og:url\" content=\"https:\/\/outsiderland.com\/danahilliot\/vivre-ici-chroniques-de-larriere-pays-2017\/\" \/>\n<meta property=\"og:site_name\" content=\"Outside Dana Hilliot\" \/>\n<meta property=\"article:modified_time\" content=\"2018-10-29T17:15:51+00:00\" \/>\n<meta property=\"og:image\" content=\"https:\/\/outsiderland.com\/danahilliot\/wp-content\/uploads\/2017\/02\/Screenshot_2017-02-04_10-29-55.png\" \/>\n\t<meta property=\"og:image:width\" content=\"599\" \/>\n\t<meta property=\"og:image:height\" content=\"914\" \/>\n\t<meta property=\"og:image:type\" content=\"image\/png\" \/>\n<meta name=\"twitter:card\" content=\"summary_large_image\" \/>\n<script type=\"application\/ld+json\" class=\"yoast-schema-graph\">{\"@context\":\"https:\/\/schema.org\",\"@graph\":[{\"@type\":\"WebPage\",\"@id\":\"https:\/\/outsiderland.com\/danahilliot\/vivre-ici-chroniques-de-larriere-pays-2017\/\",\"url\":\"https:\/\/outsiderland.com\/danahilliot\/vivre-ici-chroniques-de-larriere-pays-2017\/\",\"name\":\"*VIVRE ICI. CHRONIQUES DE L'ARRI\u00c8RE-PAYS (2017)* - Outside Dana Hilliot\",\"isPartOf\":{\"@id\":\"https:\/\/outsiderland.com\/danahilliot\/#website\"},\"primaryImageOfPage\":{\"@id\":\"https:\/\/outsiderland.com\/danahilliot\/vivre-ici-chroniques-de-larriere-pays-2017\/#primaryimage\"},\"image\":{\"@id\":\"https:\/\/outsiderland.com\/danahilliot\/vivre-ici-chroniques-de-larriere-pays-2017\/#primaryimage\"},\"thumbnailUrl\":\"https:\/\/outsiderland.com\/danahilliot\/wp-content\/uploads\/2017\/02\/Screenshot_2017-02-04_10-29-55-197x300.png\",\"datePublished\":\"2018-10-04T21:39:33+00:00\",\"dateModified\":\"2018-10-29T17:15:51+00:00\",\"breadcrumb\":{\"@id\":\"https:\/\/outsiderland.com\/danahilliot\/vivre-ici-chroniques-de-larriere-pays-2017\/#breadcrumb\"},\"inLanguage\":\"fr-FR\",\"potentialAction\":[{\"@type\":\"ReadAction\",\"target\":[\"https:\/\/outsiderland.com\/danahilliot\/vivre-ici-chroniques-de-larriere-pays-2017\/\"]}]},{\"@type\":\"ImageObject\",\"inLanguage\":\"fr-FR\",\"@id\":\"https:\/\/outsiderland.com\/danahilliot\/vivre-ici-chroniques-de-larriere-pays-2017\/#primaryimage\",\"url\":\"https:\/\/outsiderland.com\/danahilliot\/wp-content\/uploads\/2017\/02\/Screenshot_2017-02-04_10-29-55.png\",\"contentUrl\":\"https:\/\/outsiderland.com\/danahilliot\/wp-content\/uploads\/2017\/02\/Screenshot_2017-02-04_10-29-55.png\",\"width\":599,\"height\":914},{\"@type\":\"BreadcrumbList\",\"@id\":\"https:\/\/outsiderland.com\/danahilliot\/vivre-ici-chroniques-de-larriere-pays-2017\/#breadcrumb\",\"itemListElement\":[{\"@type\":\"ListItem\",\"position\":1,\"name\":\"Accueil\",\"item\":\"https:\/\/outsiderland.com\/danahilliot\/\"},{\"@type\":\"ListItem\",\"position\":2,\"name\":\"*VIVRE ICI. CHRONIQUES DE L&rsquo;ARRI\u00c8RE-PAYS (2017)*\"}]},{\"@type\":\"WebSite\",\"@id\":\"https:\/\/outsiderland.com\/danahilliot\/#website\",\"url\":\"https:\/\/outsiderland.com\/danahilliot\/\",\"name\":\"Outside Dana Hilliot\",\"description\":\". Archives . Activit\u00e9s . Projets .\",\"publisher\":{\"@id\":\"https:\/\/outsiderland.com\/danahilliot\/#\/schema\/person\/201a1fef0f5c2897bd65e98bcf6b1179\"},\"potentialAction\":[{\"@type\":\"SearchAction\",\"target\":{\"@type\":\"EntryPoint\",\"urlTemplate\":\"https:\/\/outsiderland.com\/danahilliot\/?s={search_term_string}\"},\"query-input\":{\"@type\":\"PropertyValueSpecification\",\"valueRequired\":true,\"valueName\":\"search_term_string\"}}],\"inLanguage\":\"fr-FR\"},{\"@type\":[\"Person\",\"Organization\"],\"@id\":\"https:\/\/outsiderland.com\/danahilliot\/#\/schema\/person\/201a1fef0f5c2897bd65e98bcf6b1179\",\"name\":\"danahilliot\",\"image\":{\"@type\":\"ImageObject\",\"inLanguage\":\"fr-FR\",\"@id\":\"https:\/\/outsiderland.com\/danahilliot\/#\/schema\/person\/image\/\",\"url\":\"https:\/\/outsiderland.com\/danahilliot\/wp-content\/uploads\/2026\/02\/50801449407_a909f2c1ad_k.jpg\",\"contentUrl\":\"https:\/\/outsiderland.com\/danahilliot\/wp-content\/uploads\/2026\/02\/50801449407_a909f2c1ad_k.jpg\",\"width\":2048,\"height\":1536,\"caption\":\"danahilliot\"},\"logo\":{\"@id\":\"https:\/\/outsiderland.com\/danahilliot\/#\/schema\/person\/image\/\"}}]}<\/script>\n<!-- \/ Yoast SEO plugin. -->","yoast_head_json":{"title":"*VIVRE ICI. CHRONIQUES DE L'ARRI\u00c8RE-PAYS (2017)* - Outside Dana Hilliot","robots":{"index":"index","follow":"follow","max-snippet":"max-snippet:-1","max-image-preview":"max-image-preview:large","max-video-preview":"max-video-preview:-1"},"canonical":"https:\/\/outsiderland.com\/danahilliot\/vivre-ici-chroniques-de-larriere-pays-2017\/","og_locale":"fr_FR","og_type":"article","og_title":"*VIVRE ICI. CHRONIQUES DE L'ARRI\u00c8RE-PAYS (2017)* - Outside Dana Hilliot","og_description":"VIVRE ICI. CHRONIQUES DE L&rsquo;ARRI\u00c8RE-PAYS (2017) (500 pages environ, avec quelques photographies) Une r\u00e9flexion sur le pass\u00e9, le pr\u00e9sent et l&rsquo;avenir des territoires dits hyper-ruraux, fond\u00e9e sur l&rsquo;exp\u00e9rience d&rsquo;une quinzaine d&rsquo;ann\u00e9es dans le Cantal. L&rsquo;ouvrage est disponible sur un site d&rsquo; \u00ab\u00a0impression \u00e0 la demande\u00a0\u00bb en attendant qu&rsquo;un \u00e9diteur manifeste son int\u00e9r\u00eat. &nbsp; &nbsp;","og_url":"https:\/\/outsiderland.com\/danahilliot\/vivre-ici-chroniques-de-larriere-pays-2017\/","og_site_name":"Outside Dana Hilliot","article_modified_time":"2018-10-29T17:15:51+00:00","og_image":[{"width":599,"height":914,"url":"https:\/\/outsiderland.com\/danahilliot\/wp-content\/uploads\/2017\/02\/Screenshot_2017-02-04_10-29-55.png","type":"image\/png"}],"twitter_card":"summary_large_image","schema":{"@context":"https:\/\/schema.org","@graph":[{"@type":"WebPage","@id":"https:\/\/outsiderland.com\/danahilliot\/vivre-ici-chroniques-de-larriere-pays-2017\/","url":"https:\/\/outsiderland.com\/danahilliot\/vivre-ici-chroniques-de-larriere-pays-2017\/","name":"*VIVRE ICI. CHRONIQUES DE L'ARRI\u00c8RE-PAYS (2017)* - Outside Dana Hilliot","isPartOf":{"@id":"https:\/\/outsiderland.com\/danahilliot\/#website"},"primaryImageOfPage":{"@id":"https:\/\/outsiderland.com\/danahilliot\/vivre-ici-chroniques-de-larriere-pays-2017\/#primaryimage"},"image":{"@id":"https:\/\/outsiderland.com\/danahilliot\/vivre-ici-chroniques-de-larriere-pays-2017\/#primaryimage"},"thumbnailUrl":"https:\/\/outsiderland.com\/danahilliot\/wp-content\/uploads\/2017\/02\/Screenshot_2017-02-04_10-29-55-197x300.png","datePublished":"2018-10-04T21:39:33+00:00","dateModified":"2018-10-29T17:15:51+00:00","breadcrumb":{"@id":"https:\/\/outsiderland.com\/danahilliot\/vivre-ici-chroniques-de-larriere-pays-2017\/#breadcrumb"},"inLanguage":"fr-FR","potentialAction":[{"@type":"ReadAction","target":["https:\/\/outsiderland.com\/danahilliot\/vivre-ici-chroniques-de-larriere-pays-2017\/"]}]},{"@type":"ImageObject","inLanguage":"fr-FR","@id":"https:\/\/outsiderland.com\/danahilliot\/vivre-ici-chroniques-de-larriere-pays-2017\/#primaryimage","url":"https:\/\/outsiderland.com\/danahilliot\/wp-content\/uploads\/2017\/02\/Screenshot_2017-02-04_10-29-55.png","contentUrl":"https:\/\/outsiderland.com\/danahilliot\/wp-content\/uploads\/2017\/02\/Screenshot_2017-02-04_10-29-55.png","width":599,"height":914},{"@type":"BreadcrumbList","@id":"https:\/\/outsiderland.com\/danahilliot\/vivre-ici-chroniques-de-larriere-pays-2017\/#breadcrumb","itemListElement":[{"@type":"ListItem","position":1,"name":"Accueil","item":"https:\/\/outsiderland.com\/danahilliot\/"},{"@type":"ListItem","position":2,"name":"*VIVRE ICI. CHRONIQUES DE L&rsquo;ARRI\u00c8RE-PAYS (2017)*"}]},{"@type":"WebSite","@id":"https:\/\/outsiderland.com\/danahilliot\/#website","url":"https:\/\/outsiderland.com\/danahilliot\/","name":"Outside Dana Hilliot","description":". Archives . Activit\u00e9s . Projets .","publisher":{"@id":"https:\/\/outsiderland.com\/danahilliot\/#\/schema\/person\/201a1fef0f5c2897bd65e98bcf6b1179"},"potentialAction":[{"@type":"SearchAction","target":{"@type":"EntryPoint","urlTemplate":"https:\/\/outsiderland.com\/danahilliot\/?s={search_term_string}"},"query-input":{"@type":"PropertyValueSpecification","valueRequired":true,"valueName":"search_term_string"}}],"inLanguage":"fr-FR"},{"@type":["Person","Organization"],"@id":"https:\/\/outsiderland.com\/danahilliot\/#\/schema\/person\/201a1fef0f5c2897bd65e98bcf6b1179","name":"danahilliot","image":{"@type":"ImageObject","inLanguage":"fr-FR","@id":"https:\/\/outsiderland.com\/danahilliot\/#\/schema\/person\/image\/","url":"https:\/\/outsiderland.com\/danahilliot\/wp-content\/uploads\/2026\/02\/50801449407_a909f2c1ad_k.jpg","contentUrl":"https:\/\/outsiderland.com\/danahilliot\/wp-content\/uploads\/2026\/02\/50801449407_a909f2c1ad_k.jpg","width":2048,"height":1536,"caption":"danahilliot"},"logo":{"@id":"https:\/\/outsiderland.com\/danahilliot\/#\/schema\/person\/image\/"}}]}},"_links":{"self":[{"href":"https:\/\/outsiderland.com\/danahilliot\/wp-json\/wp\/v2\/pages\/74","targetHints":{"allow":["GET"]}}],"collection":[{"href":"https:\/\/outsiderland.com\/danahilliot\/wp-json\/wp\/v2\/pages"}],"about":[{"href":"https:\/\/outsiderland.com\/danahilliot\/wp-json\/wp\/v2\/types\/page"}],"author":[{"embeddable":true,"href":"https:\/\/outsiderland.com\/danahilliot\/wp-json\/wp\/v2\/users\/1"}],"replies":[{"embeddable":true,"href":"https:\/\/outsiderland.com\/danahilliot\/wp-json\/wp\/v2\/comments?post=74"}],"version-history":[{"count":8,"href":"https:\/\/outsiderland.com\/danahilliot\/wp-json\/wp\/v2\/pages\/74\/revisions"}],"predecessor-version":[{"id":2698,"href":"https:\/\/outsiderland.com\/danahilliot\/wp-json\/wp\/v2\/pages\/74\/revisions\/2698"}],"wp:attachment":[{"href":"https:\/\/outsiderland.com\/danahilliot\/wp-json\/wp\/v2\/media?parent=74"}],"wp:term":[{"taxonomy":"category","embeddable":true,"href":"https:\/\/outsiderland.com\/danahilliot\/wp-json\/wp\/v2\/categories?post=74"},{"taxonomy":"post_tag","embeddable":true,"href":"https:\/\/outsiderland.com\/danahilliot\/wp-json\/wp\/v2\/tags?post=74"}],"curies":[{"name":"wp","href":"https:\/\/api.w.org\/{rel}","templated":true}]}}