{"id":627,"date":"2014-05-02T23:05:45","date_gmt":"2014-05-02T22:05:45","guid":{"rendered":"https:\/\/outsiderland.com\/outside\/?page_id=627"},"modified":"2018-10-05T14:08:26","modified_gmt":"2018-10-05T14:08:26","slug":"24-novembre","status":"publish","type":"page","link":"https:\/\/outsiderland.com\/danahilliot\/24-novembre\/","title":{"rendered":"Transports"},"content":{"rendered":"<p class=\"western\">24 novembre<\/p>\n<p class=\"western\">Au village ce matin-l\u00e0 :<\/p>\n<p class=\"western\">Crois\u00e9 l&rsquo;\u00e9pici\u00e8re du village \u2013 c&rsquo;est dur ces derniers jours tout de m\u00eame, je lui fais. C&rsquo;est l&rsquo;hiver, elle r\u00e9pond. Sourire en coin. A toujours v\u00e9cu au village. Nous, on est arriv\u00e9 l&rsquo;ann\u00e9e derni\u00e8re, en d\u00e9cembre \u2013 on a donc d\u00e9j\u00e0 tenu tout une saison, et l&rsquo;hiver, l&rsquo;ann\u00e9e derni\u00e8re, a dur\u00e9 jusqu&rsquo;\u00e0 la fin mai. C&rsquo;est juste, dis-je \u00e0 L\u00e6titia, qui tient le bar\/boulangerie, les routes, je n&rsquo;aime pas conduire sur ces routes, je ne suis vraiment pas \u00e0 l&rsquo;aise en conduisant, hier, je me suis vautr\u00e9 dans les cong\u00e8res sur la route de Luc, deux costauds m&rsquo;ont d\u00e9pann\u00e9, et j&rsquo;ai eu toutes les peines du monde \u00e0 remonter jusqu&rsquo;\u00e0 chez moi. Trois jours qu&rsquo;on n&rsquo;a pas boug\u00e9 d&rsquo;ici. On a de quoi manger dans le r\u00e9frig\u00e9rateur, et du bois pour tout l&rsquo;hiver. De quoi tenir un si\u00e8ge. Plus de connexion internet. Plus de t\u00e9l\u00e9phone. Hier, au salon de coiffure du village, une dame a d\u00e9barqu\u00e9 du village voisin. Elle est venue \u00e0 pied. Trois kilom\u00e8tres dans la neige. \u00c7a ne me fait pas peur, dit-elle. Par la fen\u00eatre j&rsquo;observe les maisons voisines. Le lotissement\u00a0: d&rsquo;un calme olympien. C&rsquo;est dimanche et tous font preuve de sagesse\u00a0: les voitures sont gar\u00e9es, les habitants restent au chaud entre les murs de leur maison, les chemin\u00e9es fument. L&rsquo;hiver.<\/p>\n<p class=\"western\">Les services techniques se sont r\u00e9solus \u00e0 fermer une des deux routes qui m\u00e8nent \u00e0 la d\u00e9partementale. C&rsquo;est un \u00e9v\u00e9nement assez rare, me dit-on. C&rsquo;est une route \u00e0 cong\u00e8res, et le vent qui souffle sans discontinuer depuis trois jours ram\u00e8ne la neige accumul\u00e9e dans les pr\u00e9s sur la couche de glace qui noircit la route. Avec les temp\u00e9ratures glaciales, le r\u00e9sultat est imparable\u00a0: le chasse neige a beau s&rsquo;escrimer, le vent s&#8217;empresse de recouvrir la trou\u00e9e qu&rsquo;il vient juste de percer dans l&rsquo;amas de neige. Les habitants viennent prendre une photographie du panneau Route Barr\u00e9e. Nos amis de Carpentras, dit le mari de la coiffeuse, vont en faire une t\u00eate.<\/p>\n<p>&nbsp;<\/p>\n<p>6 ans plus tard :<\/p>\n<p class=\"western\">Les habitants se s\u00e9parent en deux castes\u00a0: ceux que les conditions climatiques n&rsquo;effraient en rien, et ceux que \u00e7a paralyse. Je fais partie du second groupe. J&rsquo;aime la neige, j&rsquo;aime l&rsquo;hiver, mais j&rsquo;ai longtemps craint la conduite sur ces routes verglac\u00e9es et pi\u00e9geuses. Apr\u00e8s tout, je viens des plaines, et l\u00e0 d&rsquo;o\u00f9 je viens, la neige, c&rsquo;\u00e9tait en hiver, et pas tous les ans, quelques flocons blanchissant vaguement la campagne, une fine couche qui suffisait \u00e0 exciter les enfants et d\u00e9sorganiser la circulation, un saupoudrage pour tout dire, qui fondait en un rien de temps.<\/p>\n<p class=\"western\">D\u00e9sormais, avec l&rsquo;habitude, je me suis fait aux routes enneig\u00e9es. Je n&rsquo;ai rien d&rsquo;un casse cou, non ! Mais j&rsquo;ai appris \u00e0 distinguer la qualit\u00e9 de la neige sur la chauss\u00e9e, et, au volant de ma petite automobile l\u00e9g\u00e8re et aux pneus bien \u00e9quip\u00e9s, j&rsquo;appr\u00e9cie de rouler tranquillement sur une route bien blanche, apr\u00e8s le passage des engins. Je me m\u00e9fie des endroits \u00e0 cong\u00e8res, n&rsquo;h\u00e9site pas \u00e0 faire demi-tour avant que la voiture se tanke, comme on dit ici, sur une belle \u00e9paisseur de neige molle. Et, plus encore, je vais piano quand le verglas est de la partie. Il faut quand on part tous les matins travailler en altitude prendre soin d&rsquo;\u00e9tudier la m\u00e9t\u00e9o du jour et de la nuit pr\u00e9c\u00e9dente : a-t-il fait froid, la neige est-elle gel\u00e9e ou pas, \u00e0 quelle force soufflera le vent, et dans quelle direction ? La neige fondante est la pire \u00e0 mon avis et la cause des rares incidents que j&rsquo;ai connus depuis quinze ans : \u00e7a se colle dans la rainure en caoutchouc, et s&rsquo;il vient \u00e0 regeler par l\u00e0-dessus, c&rsquo;est comme si vous rouliez avec des pneus lisses. Au premier coup de frein, c&rsquo;est le d\u00e9rapage assur\u00e9. Une fois, c&rsquo;\u00e9tait \u00e0 la toute fin de la saison froide, au mois d&rsquo;avril je crois, en descendant du col de Prat-de-Bouc, la voiture est partie en valse au niveau du pont de fer : par chance, il y avait l\u00e0 un parking assez vaste pour accueillir les \u00e9volutions chor\u00e9graphiques de l&rsquo;auto, et je m&rsquo;en suis sorti sans aucune casse. Mais j&rsquo;aurais pu aussi finit au fond du Lagnon, le ruisseau qui coule en contrebas.<\/p>\n<p>Certes, aux premi\u00e8res neiges, le c\u0153ur bat un peu plus fort, mais quand on s&rsquo;est bien install\u00e9 dans l&rsquo;hiver, toute appr\u00e9hension a disparu. Restent les jours de tourmente, quand le vent souffle fort et que la neige s&rsquo;accumule en cong\u00e8res qui vont s&rsquo;\u00e9craser sur la chauss\u00e9e. L\u00e0, personne ne fait son fier, quoique j&rsquo;en connais qui n&rsquo;h\u00e9sitent pas \u00e0 forcer le passage en se jetant sur l&rsquo;obstacle dans l&rsquo;intention de l&rsquo;\u00e9craser : ce petit jeu suppose un engin solide et puissant, une bonne dose de t\u00e9m\u00e9rit\u00e9, et, parfois, on finit plant\u00e9, les quatre roues tournant dans le vide, l&rsquo;auto d\u00e9licatement pos\u00e9e sur une plaque dure de 50 cm de hauteur. Il faut alors partir \u00e0 pied, \u00e0 la recherche d&rsquo;une ferme, d&rsquo;un tracteur et d&rsquo;un paysan bien dispos\u00e9. \u00c7a m&rsquo;est arriv\u00e9 une fois, en essayant de rentrer par Lescure, et je remercie bien l&rsquo;\u00e9leveur du village pour son d\u00e9pannage !<\/p>\n<p class=\"western\">\n","protected":false},"excerpt":{"rendered":"<p>24 novembre Au village ce matin-l\u00e0 : Crois\u00e9 l&rsquo;\u00e9pici\u00e8re du village \u2013 c&rsquo;est dur ces derniers jours tout de m\u00eame, je lui fais. C&rsquo;est l&rsquo;hiver, elle r\u00e9pond. Sourire en coin. A toujours v\u00e9cu au village. Nous, on est arriv\u00e9 l&rsquo;ann\u00e9e derni\u00e8re, en d\u00e9cembre \u2013 on a donc d\u00e9j\u00e0 tenu tout une saison, et l&rsquo;hiver, l&rsquo;ann\u00e9e&hellip;<\/p>\n <a href=\"https:\/\/outsiderland.com\/danahilliot\/24-novembre\/\" title=\"Transports\" class=\"entry-more-link\"><span>Read More<\/span> <span class=\"screen-reader-text\">Transports<\/span><\/a>","protected":false},"author":1,"featured_media":0,"parent":0,"menu_order":0,"comment_status":"closed","ping_status":"open","template":"","meta":{"Layout":"","footnotes":""},"categories":[],"tags":[],"class_list":["entry","author-danah","post-627","page","type-page","status-publish"],"yoast_head":"<!-- This site is optimized with the Yoast SEO plugin v27.0 - https:\/\/yoast.com\/product\/yoast-seo-wordpress\/ -->\n<title>Transports - Outside Dana Hilliot<\/title>\n<meta name=\"robots\" content=\"index, follow, max-snippet:-1, max-image-preview:large, max-video-preview:-1\" \/>\n<link rel=\"canonical\" href=\"https:\/\/outsiderland.com\/danahilliot\/24-novembre\/\" \/>\n<meta property=\"og:locale\" content=\"fr_FR\" \/>\n<meta property=\"og:type\" content=\"article\" \/>\n<meta property=\"og:title\" content=\"Transports - Outside Dana Hilliot\" \/>\n<meta property=\"og:description\" content=\"24 novembre Au village ce matin-l\u00e0 : Crois\u00e9 l&rsquo;\u00e9pici\u00e8re du village \u2013 c&rsquo;est dur ces derniers jours tout de m\u00eame, je lui fais. C&rsquo;est l&rsquo;hiver, elle r\u00e9pond. Sourire en coin. A toujours v\u00e9cu au village. Nous, on est arriv\u00e9 l&rsquo;ann\u00e9e derni\u00e8re, en d\u00e9cembre \u2013 on a donc d\u00e9j\u00e0 tenu tout une saison, et l&rsquo;hiver, l&rsquo;ann\u00e9e&hellip;\" \/>\n<meta property=\"og:url\" content=\"https:\/\/outsiderland.com\/danahilliot\/24-novembre\/\" \/>\n<meta property=\"og:site_name\" content=\"Outside Dana Hilliot\" \/>\n<meta property=\"article:modified_time\" content=\"2018-10-05T14:08:26+00:00\" \/>\n<meta name=\"twitter:card\" content=\"summary_large_image\" \/>\n<meta name=\"twitter:label1\" content=\"Dur\u00e9e de lecture estim\u00e9e\" \/>\n\t<meta name=\"twitter:data1\" content=\"5 minutes\" \/>\n<script type=\"application\/ld+json\" class=\"yoast-schema-graph\">{\"@context\":\"https:\/\/schema.org\",\"@graph\":[{\"@type\":\"WebPage\",\"@id\":\"https:\/\/outsiderland.com\/danahilliot\/24-novembre\/\",\"url\":\"https:\/\/outsiderland.com\/danahilliot\/24-novembre\/\",\"name\":\"Transports - Outside Dana Hilliot\",\"isPartOf\":{\"@id\":\"https:\/\/outsiderland.com\/danahilliot\/#website\"},\"datePublished\":\"2014-05-02T22:05:45+00:00\",\"dateModified\":\"2018-10-05T14:08:26+00:00\",\"breadcrumb\":{\"@id\":\"https:\/\/outsiderland.com\/danahilliot\/24-novembre\/#breadcrumb\"},\"inLanguage\":\"fr-FR\",\"potentialAction\":[{\"@type\":\"ReadAction\",\"target\":[\"https:\/\/outsiderland.com\/danahilliot\/24-novembre\/\"]}]},{\"@type\":\"BreadcrumbList\",\"@id\":\"https:\/\/outsiderland.com\/danahilliot\/24-novembre\/#breadcrumb\",\"itemListElement\":[{\"@type\":\"ListItem\",\"position\":1,\"name\":\"Accueil\",\"item\":\"https:\/\/outsiderland.com\/danahilliot\/\"},{\"@type\":\"ListItem\",\"position\":2,\"name\":\"Transports\"}]},{\"@type\":\"WebSite\",\"@id\":\"https:\/\/outsiderland.com\/danahilliot\/#website\",\"url\":\"https:\/\/outsiderland.com\/danahilliot\/\",\"name\":\"Outside Dana Hilliot\",\"description\":\". Archives . Activit\u00e9s . Projets .\",\"publisher\":{\"@id\":\"https:\/\/outsiderland.com\/danahilliot\/#\/schema\/person\/201a1fef0f5c2897bd65e98bcf6b1179\"},\"potentialAction\":[{\"@type\":\"SearchAction\",\"target\":{\"@type\":\"EntryPoint\",\"urlTemplate\":\"https:\/\/outsiderland.com\/danahilliot\/?s={search_term_string}\"},\"query-input\":{\"@type\":\"PropertyValueSpecification\",\"valueRequired\":true,\"valueName\":\"search_term_string\"}}],\"inLanguage\":\"fr-FR\"},{\"@type\":[\"Person\",\"Organization\"],\"@id\":\"https:\/\/outsiderland.com\/danahilliot\/#\/schema\/person\/201a1fef0f5c2897bd65e98bcf6b1179\",\"name\":\"danahilliot\",\"image\":{\"@type\":\"ImageObject\",\"inLanguage\":\"fr-FR\",\"@id\":\"https:\/\/outsiderland.com\/danahilliot\/#\/schema\/person\/image\/\",\"url\":\"https:\/\/outsiderland.com\/danahilliot\/wp-content\/uploads\/2026\/02\/50801449407_a909f2c1ad_k.jpg\",\"contentUrl\":\"https:\/\/outsiderland.com\/danahilliot\/wp-content\/uploads\/2026\/02\/50801449407_a909f2c1ad_k.jpg\",\"width\":2048,\"height\":1536,\"caption\":\"danahilliot\"},\"logo\":{\"@id\":\"https:\/\/outsiderland.com\/danahilliot\/#\/schema\/person\/image\/\"}}]}<\/script>\n<!-- \/ Yoast SEO plugin. -->","yoast_head_json":{"title":"Transports - Outside Dana Hilliot","robots":{"index":"index","follow":"follow","max-snippet":"max-snippet:-1","max-image-preview":"max-image-preview:large","max-video-preview":"max-video-preview:-1"},"canonical":"https:\/\/outsiderland.com\/danahilliot\/24-novembre\/","og_locale":"fr_FR","og_type":"article","og_title":"Transports - Outside Dana Hilliot","og_description":"24 novembre Au village ce matin-l\u00e0 : Crois\u00e9 l&rsquo;\u00e9pici\u00e8re du village \u2013 c&rsquo;est dur ces derniers jours tout de m\u00eame, je lui fais. C&rsquo;est l&rsquo;hiver, elle r\u00e9pond. Sourire en coin. A toujours v\u00e9cu au village. Nous, on est arriv\u00e9 l&rsquo;ann\u00e9e derni\u00e8re, en d\u00e9cembre \u2013 on a donc d\u00e9j\u00e0 tenu tout une saison, et l&rsquo;hiver, l&rsquo;ann\u00e9e&hellip;","og_url":"https:\/\/outsiderland.com\/danahilliot\/24-novembre\/","og_site_name":"Outside Dana Hilliot","article_modified_time":"2018-10-05T14:08:26+00:00","twitter_card":"summary_large_image","twitter_misc":{"Dur\u00e9e de lecture estim\u00e9e":"5 minutes"},"schema":{"@context":"https:\/\/schema.org","@graph":[{"@type":"WebPage","@id":"https:\/\/outsiderland.com\/danahilliot\/24-novembre\/","url":"https:\/\/outsiderland.com\/danahilliot\/24-novembre\/","name":"Transports - Outside Dana Hilliot","isPartOf":{"@id":"https:\/\/outsiderland.com\/danahilliot\/#website"},"datePublished":"2014-05-02T22:05:45+00:00","dateModified":"2018-10-05T14:08:26+00:00","breadcrumb":{"@id":"https:\/\/outsiderland.com\/danahilliot\/24-novembre\/#breadcrumb"},"inLanguage":"fr-FR","potentialAction":[{"@type":"ReadAction","target":["https:\/\/outsiderland.com\/danahilliot\/24-novembre\/"]}]},{"@type":"BreadcrumbList","@id":"https:\/\/outsiderland.com\/danahilliot\/24-novembre\/#breadcrumb","itemListElement":[{"@type":"ListItem","position":1,"name":"Accueil","item":"https:\/\/outsiderland.com\/danahilliot\/"},{"@type":"ListItem","position":2,"name":"Transports"}]},{"@type":"WebSite","@id":"https:\/\/outsiderland.com\/danahilliot\/#website","url":"https:\/\/outsiderland.com\/danahilliot\/","name":"Outside Dana Hilliot","description":". Archives . Activit\u00e9s . Projets .","publisher":{"@id":"https:\/\/outsiderland.com\/danahilliot\/#\/schema\/person\/201a1fef0f5c2897bd65e98bcf6b1179"},"potentialAction":[{"@type":"SearchAction","target":{"@type":"EntryPoint","urlTemplate":"https:\/\/outsiderland.com\/danahilliot\/?s={search_term_string}"},"query-input":{"@type":"PropertyValueSpecification","valueRequired":true,"valueName":"search_term_string"}}],"inLanguage":"fr-FR"},{"@type":["Person","Organization"],"@id":"https:\/\/outsiderland.com\/danahilliot\/#\/schema\/person\/201a1fef0f5c2897bd65e98bcf6b1179","name":"danahilliot","image":{"@type":"ImageObject","inLanguage":"fr-FR","@id":"https:\/\/outsiderland.com\/danahilliot\/#\/schema\/person\/image\/","url":"https:\/\/outsiderland.com\/danahilliot\/wp-content\/uploads\/2026\/02\/50801449407_a909f2c1ad_k.jpg","contentUrl":"https:\/\/outsiderland.com\/danahilliot\/wp-content\/uploads\/2026\/02\/50801449407_a909f2c1ad_k.jpg","width":2048,"height":1536,"caption":"danahilliot"},"logo":{"@id":"https:\/\/outsiderland.com\/danahilliot\/#\/schema\/person\/image\/"}}]}},"_links":{"self":[{"href":"https:\/\/outsiderland.com\/danahilliot\/wp-json\/wp\/v2\/pages\/627","targetHints":{"allow":["GET"]}}],"collection":[{"href":"https:\/\/outsiderland.com\/danahilliot\/wp-json\/wp\/v2\/pages"}],"about":[{"href":"https:\/\/outsiderland.com\/danahilliot\/wp-json\/wp\/v2\/types\/page"}],"author":[{"embeddable":true,"href":"https:\/\/outsiderland.com\/danahilliot\/wp-json\/wp\/v2\/users\/1"}],"replies":[{"embeddable":true,"href":"https:\/\/outsiderland.com\/danahilliot\/wp-json\/wp\/v2\/comments?post=627"}],"version-history":[{"count":1,"href":"https:\/\/outsiderland.com\/danahilliot\/wp-json\/wp\/v2\/pages\/627\/revisions"}],"predecessor-version":[{"id":2393,"href":"https:\/\/outsiderland.com\/danahilliot\/wp-json\/wp\/v2\/pages\/627\/revisions\/2393"}],"wp:attachment":[{"href":"https:\/\/outsiderland.com\/danahilliot\/wp-json\/wp\/v2\/media?parent=627"}],"wp:term":[{"taxonomy":"category","embeddable":true,"href":"https:\/\/outsiderland.com\/danahilliot\/wp-json\/wp\/v2\/categories?post=627"},{"taxonomy":"post_tag","embeddable":true,"href":"https:\/\/outsiderland.com\/danahilliot\/wp-json\/wp\/v2\/tags?post=627"}],"curies":[{"name":"wp","href":"https:\/\/api.w.org\/{rel}","templated":true}]}}