{"id":6172,"date":"2025-11-09T10:48:15","date_gmt":"2025-11-09T10:48:15","guid":{"rendered":"https:\/\/outsiderland.com\/danahilliot\/?page_id=6172"},"modified":"2025-11-09T10:48:15","modified_gmt":"2025-11-09T10:48:15","slug":"disgressions","status":"publish","type":"page","link":"https:\/\/outsiderland.com\/danahilliot\/disgressions\/","title":{"rendered":"disgressions"},"content":{"rendered":"<div class=\"entry-content\">\n<p>Au (petit) march\u00e9 ce matin :<\/p>\n<p>Je vais acheter mon pain de berger : compact, \u00e0 la cro\u00fbte \u00e9paisse, qui vous fait trois ou quatre jours sans que la mie durcisse. La boulang\u00e8re essaie tant que bien que mal de retenir son \u00e9tal que le vent qui vient de se lever menace d\u2019emporter. Une aubergine, deux courgettes et trois grosses pommes de terre. Puis cette table disponible au caf\u00e9-truck : un gars du coin qui fait tous les march\u00e9s avec sa camionnette am\u00e9nag\u00e9e en zinc de caf\u00e9. Tout autour les robes et les voiles color\u00e9s des femmes qui se d\u00e9tachent, brillants, \u00e0 l\u2019avant d\u2019un ciel sombre. Les langues, l\u2019arabe, le turc, les cr\u00e9oles, le fran\u00e7ais, qui se m\u00e9langent sans s\u2019embarrasser. La grande douceur d\u2019un monde apais\u00e9 juste avant la pluie. Un couple de sexag\u00e9naire tente d\u2019int\u00e9resser le chaland \u00e0 des questions plus politiques. Lutte Ouvri\u00e8re existe encore. Leur affiche et leurs prospectus n\u2019ont pas chang\u00e9 de design depuis un demi-si\u00e8cle. Le slogan lui-m\u00eame est tr\u00e8s vintage. Il est question de s\u2019en prendre aux patrons, plut\u00f4t qu\u2019aux travailleurs \u00e9trangers. J\u2019ai envie de leur parler du travail aujourd\u2019hui : combien de gens sur cette plan\u00e8te vivent ou survivent encore d\u2019un travail salari\u00e9 ? Reprendre le contr\u00f4le des usines ? Pour faire quoi ? Produire encore ? Ne serait-il pas grand temps de se d\u00e9barrasser de cette obsession pour le travail ? Imaginer toute autre chose ?<\/p>\n<p>Je ne le fais pas bien entendu. Je les laisse tranquilles avec leur prospectus et leurs affiches vintage. Je ne veux pas les d\u00e9ranger.<\/p>\n<p>\u00c0 la petite table du caf\u00e9, j\u2019ouvre mon carnet pour voir o\u00f9 en est La Mont\u00e9e des eaux, le livre sur lequel je travaille depuis des mois. J\u2019affine le dispositif narratif. J\u2019ai toujours eu besoin d\u2019un dispositif solide avant de lancer l\u2019\u00e9criture proprement dite. Une fois ce dispositif invent\u00e9, bien pens\u00e9, arrim\u00e9, le texte s\u2019\u00e9crit naturellement. Cette fois-ci, \u00e7a va \u00eatre vraiment compliqu\u00e9. Encore plus tordu que dans Moldanau.<\/p>\n<p>Je dois aller \u00e0 la fin du mois au bord de la mer, aux Sables d\u2019Olonne, j\u2019ai lou\u00e9 pour trois nuits un bungalow dans un camping au milieu des dunes. Je lancerai les grandes man\u0153uvres avec vue sur la mer, entre deux balades sur la plage avec Iris de la Loupette. L\u2019auteur (moi, suppos\u00e9-je, ?), explique comment, durant son bref s\u00e9jour aux Sables d\u2019Olonnes, il a \u00e9labor\u00e9 la trame narrative d\u2019un livre nomm\u00e9 La Mont\u00e9e des eaux, il raconte le livre pour ainsi dire. Il ne l\u2019\u00e9crit pas vraiment. Ce qu\u2019il \u00e9crit, c\u2019est le livre qui pourrait s\u2019\u00e9crire. L\u2019histoire d\u2019un homme qui fuit sans crier gare, du jour au lendemain, une ville dont je tairais le nom, m\u00fb par le vague projet de retourner \u00e0 Santander, une autre ville o\u00f9 nagu\u00e8re, il y a fort longtemps, il a v\u00e9cu une histoire d\u2019amour intense, mais, en cours de route, il d\u00e9vie de la route qui m\u00e8ne \u00e0 l\u2019Espagne et se retrouve un soir dans un camping de fin de saison, quasiment d\u00e9sert, sur une presqu\u2019\u00eele qui est en train de devenir une \u00eele, d\u2019o\u00f9 le titre, la Mont\u00e9e des eaux, une presqu\u2019\u00eele qui devient une \u00eele dont il ne partira jamais plus sans doute. Avec les h\u00e9sitations, les doutes, les variantes. Ce qui lui (me ?) donne l\u2019occasion de parler de tout autre chose, faire des digressions, des apart\u00e9s, et qui sait, il se pourrait qu\u2019il y ait aussi des rencontres au camping, si bien qu\u2019au bout d\u2019un certain nombre de pages, on ne sait plus tr\u00e8s bien ce qui rel\u00e8ve de l\u2019observation in situ, de ce que l\u2019auteur (moi ?) voit depuis la terrasse de son bungalow juch\u00e9 sur une dune pr\u00e8s des Sables d\u2019Olonne, et ce qui est le produit de son imagination. Les personnages se d\u00e9placent d\u2019un niveau du texte \u00e0 l\u2019autre, et j\u2019esp\u00e8re ainsi dire quelque chose sur l\u2019exp\u00e9rience litt\u00e9raire certes, mais aussi sur la pr\u00e9carit\u00e9, la menace, l\u2019incertitude, l\u2019angoisse.<\/p>\n<p>Je me suis un peu ruin\u00e9 en louant ce bungalow pour trois nuits. Pas qu\u2019il soit cher, au contraire, on est vraiment \u00ab hors saison \u00bb, mais il y a le voyage en automobile. La v\u00e9rit\u00e9, et peut-\u00eatre en parlerai-je aussi dans mon livre, je ne sais pas encore, c\u2019est que je dois aller visiter ma m\u00e8re, qui habite en Vend\u00e9e, et mon p\u00e8re, qui habite dans le Poitou. Ils ont v\u00e9cu une ann\u00e9e tr\u00e8s difficile. Ils ont vieilli d\u2019un coup, brutalement, le corps qui se d\u00e9r\u00e8gle, les organes qui dysfonctionnent. Il faut que j\u2019y aille. Maintenant. Peut-\u00eatre une derni\u00e8re fois. Donc je vais voir ma m\u00e8re, et j\u2019en profite pour aller \u00e0 la mer. Comme toujours.<\/p>\n<p>Nous sommes all\u00e9s une seule fois \u00e0 la mer avec Iris de la Loupette. \u00c0 Cherbourg l\u2019ann\u00e9e derni\u00e8re, quand je vivais encore avec ma compagne. Iris \u00e9tait toute fofolle sur la plage, \u00e0 courir apr\u00e8s les go\u00e9lands. Je veux lui offrir ce moment encore une fois, et me l\u2019offrir \u00e0 moi aussi. En r\u00e9compense aussi de l\u2019asc\u00e9tisme auquel je m\u2019astreins depuis trois mois, cette vie quasiment monacale, qui m\u2019a permis de surnager de justesse \u00e9conomiquement jusqu\u2019ici.<\/p>\n<\/div>\n","protected":false},"excerpt":{"rendered":"<p>Au (petit) march\u00e9 ce matin : Je vais acheter mon pain de berger : compact, \u00e0 la cro\u00fbte \u00e9paisse, qui vous fait trois ou quatre jours sans que la mie durcisse. La boulang\u00e8re essaie tant que bien que mal de retenir son \u00e9tal que le vent qui vient de se lever menace d\u2019emporter. Une aubergine,&hellip;<\/p>\n <a href=\"https:\/\/outsiderland.com\/danahilliot\/disgressions\/\" title=\"disgressions\" class=\"entry-more-link\"><span>Read More<\/span> <span class=\"screen-reader-text\">disgressions<\/span><\/a>","protected":false},"author":1,"featured_media":0,"parent":0,"menu_order":0,"comment_status":"closed","ping_status":"closed","template":"","meta":{"Layout":"","footnotes":""},"categories":[],"tags":[],"class_list":["entry","author-danah","post-6172","page","type-page","status-publish"],"yoast_head":"<!-- This site is optimized with the Yoast SEO plugin v27.0 - https:\/\/yoast.com\/product\/yoast-seo-wordpress\/ -->\n<title>disgressions - Outside Dana Hilliot<\/title>\n<meta name=\"robots\" content=\"index, follow, max-snippet:-1, max-image-preview:large, max-video-preview:-1\" \/>\n<link rel=\"canonical\" href=\"https:\/\/outsiderland.com\/danahilliot\/disgressions\/\" \/>\n<meta property=\"og:locale\" content=\"fr_FR\" \/>\n<meta property=\"og:type\" content=\"article\" \/>\n<meta property=\"og:title\" content=\"disgressions - Outside Dana Hilliot\" \/>\n<meta property=\"og:description\" content=\"Au (petit) march\u00e9 ce matin : Je vais acheter mon pain de berger : compact, \u00e0 la cro\u00fbte \u00e9paisse, qui vous fait trois ou quatre jours sans que la mie durcisse. La boulang\u00e8re essaie tant que bien que mal de retenir son \u00e9tal que le vent qui vient de se lever menace d\u2019emporter. Une aubergine,&hellip;\" \/>\n<meta property=\"og:url\" content=\"https:\/\/outsiderland.com\/danahilliot\/disgressions\/\" \/>\n<meta property=\"og:site_name\" content=\"Outside Dana Hilliot\" \/>\n<meta name=\"twitter:card\" content=\"summary_large_image\" \/>\n<meta name=\"twitter:label1\" content=\"Dur\u00e9e de lecture estim\u00e9e\" \/>\n\t<meta name=\"twitter:data1\" content=\"5 minutes\" \/>\n<script type=\"application\/ld+json\" class=\"yoast-schema-graph\">{\"@context\":\"https:\/\/schema.org\",\"@graph\":[{\"@type\":\"WebPage\",\"@id\":\"https:\/\/outsiderland.com\/danahilliot\/disgressions\/\",\"url\":\"https:\/\/outsiderland.com\/danahilliot\/disgressions\/\",\"name\":\"disgressions - Outside Dana Hilliot\",\"isPartOf\":{\"@id\":\"https:\/\/outsiderland.com\/danahilliot\/#website\"},\"datePublished\":\"2025-11-09T10:48:15+00:00\",\"breadcrumb\":{\"@id\":\"https:\/\/outsiderland.com\/danahilliot\/disgressions\/#breadcrumb\"},\"inLanguage\":\"fr-FR\",\"potentialAction\":[{\"@type\":\"ReadAction\",\"target\":[\"https:\/\/outsiderland.com\/danahilliot\/disgressions\/\"]}]},{\"@type\":\"BreadcrumbList\",\"@id\":\"https:\/\/outsiderland.com\/danahilliot\/disgressions\/#breadcrumb\",\"itemListElement\":[{\"@type\":\"ListItem\",\"position\":1,\"name\":\"Accueil\",\"item\":\"https:\/\/outsiderland.com\/danahilliot\/\"},{\"@type\":\"ListItem\",\"position\":2,\"name\":\"disgressions\"}]},{\"@type\":\"WebSite\",\"@id\":\"https:\/\/outsiderland.com\/danahilliot\/#website\",\"url\":\"https:\/\/outsiderland.com\/danahilliot\/\",\"name\":\"Outside Dana Hilliot\",\"description\":\". Archives . Activit\u00e9s . Projets .\",\"publisher\":{\"@id\":\"https:\/\/outsiderland.com\/danahilliot\/#\/schema\/person\/201a1fef0f5c2897bd65e98bcf6b1179\"},\"potentialAction\":[{\"@type\":\"SearchAction\",\"target\":{\"@type\":\"EntryPoint\",\"urlTemplate\":\"https:\/\/outsiderland.com\/danahilliot\/?s={search_term_string}\"},\"query-input\":{\"@type\":\"PropertyValueSpecification\",\"valueRequired\":true,\"valueName\":\"search_term_string\"}}],\"inLanguage\":\"fr-FR\"},{\"@type\":[\"Person\",\"Organization\"],\"@id\":\"https:\/\/outsiderland.com\/danahilliot\/#\/schema\/person\/201a1fef0f5c2897bd65e98bcf6b1179\",\"name\":\"danahilliot\",\"image\":{\"@type\":\"ImageObject\",\"inLanguage\":\"fr-FR\",\"@id\":\"https:\/\/outsiderland.com\/danahilliot\/#\/schema\/person\/image\/\",\"url\":\"https:\/\/outsiderland.com\/danahilliot\/wp-content\/uploads\/2026\/02\/50801449407_a909f2c1ad_k.jpg\",\"contentUrl\":\"https:\/\/outsiderland.com\/danahilliot\/wp-content\/uploads\/2026\/02\/50801449407_a909f2c1ad_k.jpg\",\"width\":2048,\"height\":1536,\"caption\":\"danahilliot\"},\"logo\":{\"@id\":\"https:\/\/outsiderland.com\/danahilliot\/#\/schema\/person\/image\/\"}}]}<\/script>\n<!-- \/ Yoast SEO plugin. -->","yoast_head_json":{"title":"disgressions - Outside Dana Hilliot","robots":{"index":"index","follow":"follow","max-snippet":"max-snippet:-1","max-image-preview":"max-image-preview:large","max-video-preview":"max-video-preview:-1"},"canonical":"https:\/\/outsiderland.com\/danahilliot\/disgressions\/","og_locale":"fr_FR","og_type":"article","og_title":"disgressions - Outside Dana Hilliot","og_description":"Au (petit) march\u00e9 ce matin : Je vais acheter mon pain de berger : compact, \u00e0 la cro\u00fbte \u00e9paisse, qui vous fait trois ou quatre jours sans que la mie durcisse. La boulang\u00e8re essaie tant que bien que mal de retenir son \u00e9tal que le vent qui vient de se lever menace d\u2019emporter. Une aubergine,&hellip;","og_url":"https:\/\/outsiderland.com\/danahilliot\/disgressions\/","og_site_name":"Outside Dana Hilliot","twitter_card":"summary_large_image","twitter_misc":{"Dur\u00e9e de lecture estim\u00e9e":"5 minutes"},"schema":{"@context":"https:\/\/schema.org","@graph":[{"@type":"WebPage","@id":"https:\/\/outsiderland.com\/danahilliot\/disgressions\/","url":"https:\/\/outsiderland.com\/danahilliot\/disgressions\/","name":"disgressions - Outside Dana Hilliot","isPartOf":{"@id":"https:\/\/outsiderland.com\/danahilliot\/#website"},"datePublished":"2025-11-09T10:48:15+00:00","breadcrumb":{"@id":"https:\/\/outsiderland.com\/danahilliot\/disgressions\/#breadcrumb"},"inLanguage":"fr-FR","potentialAction":[{"@type":"ReadAction","target":["https:\/\/outsiderland.com\/danahilliot\/disgressions\/"]}]},{"@type":"BreadcrumbList","@id":"https:\/\/outsiderland.com\/danahilliot\/disgressions\/#breadcrumb","itemListElement":[{"@type":"ListItem","position":1,"name":"Accueil","item":"https:\/\/outsiderland.com\/danahilliot\/"},{"@type":"ListItem","position":2,"name":"disgressions"}]},{"@type":"WebSite","@id":"https:\/\/outsiderland.com\/danahilliot\/#website","url":"https:\/\/outsiderland.com\/danahilliot\/","name":"Outside Dana Hilliot","description":". Archives . Activit\u00e9s . Projets .","publisher":{"@id":"https:\/\/outsiderland.com\/danahilliot\/#\/schema\/person\/201a1fef0f5c2897bd65e98bcf6b1179"},"potentialAction":[{"@type":"SearchAction","target":{"@type":"EntryPoint","urlTemplate":"https:\/\/outsiderland.com\/danahilliot\/?s={search_term_string}"},"query-input":{"@type":"PropertyValueSpecification","valueRequired":true,"valueName":"search_term_string"}}],"inLanguage":"fr-FR"},{"@type":["Person","Organization"],"@id":"https:\/\/outsiderland.com\/danahilliot\/#\/schema\/person\/201a1fef0f5c2897bd65e98bcf6b1179","name":"danahilliot","image":{"@type":"ImageObject","inLanguage":"fr-FR","@id":"https:\/\/outsiderland.com\/danahilliot\/#\/schema\/person\/image\/","url":"https:\/\/outsiderland.com\/danahilliot\/wp-content\/uploads\/2026\/02\/50801449407_a909f2c1ad_k.jpg","contentUrl":"https:\/\/outsiderland.com\/danahilliot\/wp-content\/uploads\/2026\/02\/50801449407_a909f2c1ad_k.jpg","width":2048,"height":1536,"caption":"danahilliot"},"logo":{"@id":"https:\/\/outsiderland.com\/danahilliot\/#\/schema\/person\/image\/"}}]}},"_links":{"self":[{"href":"https:\/\/outsiderland.com\/danahilliot\/wp-json\/wp\/v2\/pages\/6172","targetHints":{"allow":["GET"]}}],"collection":[{"href":"https:\/\/outsiderland.com\/danahilliot\/wp-json\/wp\/v2\/pages"}],"about":[{"href":"https:\/\/outsiderland.com\/danahilliot\/wp-json\/wp\/v2\/types\/page"}],"author":[{"embeddable":true,"href":"https:\/\/outsiderland.com\/danahilliot\/wp-json\/wp\/v2\/users\/1"}],"replies":[{"embeddable":true,"href":"https:\/\/outsiderland.com\/danahilliot\/wp-json\/wp\/v2\/comments?post=6172"}],"version-history":[{"count":1,"href":"https:\/\/outsiderland.com\/danahilliot\/wp-json\/wp\/v2\/pages\/6172\/revisions"}],"predecessor-version":[{"id":6173,"href":"https:\/\/outsiderland.com\/danahilliot\/wp-json\/wp\/v2\/pages\/6172\/revisions\/6173"}],"wp:attachment":[{"href":"https:\/\/outsiderland.com\/danahilliot\/wp-json\/wp\/v2\/media?parent=6172"}],"wp:term":[{"taxonomy":"category","embeddable":true,"href":"https:\/\/outsiderland.com\/danahilliot\/wp-json\/wp\/v2\/categories?post=6172"},{"taxonomy":"post_tag","embeddable":true,"href":"https:\/\/outsiderland.com\/danahilliot\/wp-json\/wp\/v2\/tags?post=6172"}],"curies":[{"name":"wp","href":"https:\/\/api.w.org\/{rel}","templated":true}]}}