{"id":6084,"date":"2025-09-27T16:25:59","date_gmt":"2025-09-27T16:25:59","guid":{"rendered":"https:\/\/outsiderland.com\/danahilliot\/?page_id=6084"},"modified":"2025-10-12T09:46:08","modified_gmt":"2025-10-12T09:46:08","slug":"des-biographies-exaltees","status":"publish","type":"page","link":"https:\/\/outsiderland.com\/danahilliot\/des-biographies-exaltees\/","title":{"rendered":"Des biographies exalt\u00e9es"},"content":{"rendered":"<div class=\"moz-text-html\" lang=\"x-unicode\">\n<p>Au caf\u00e9 ce matin (je fais un \u00e9cart dans ma vie monastique\u00a0: 1,50\u00a0euros, donc)<\/p>\n<p>Ce sera tant pis pour l\u2019\u00e9criture\u00a0: je capte une conversation, et n\u2019y r\u00e9siste pas. Un gars, la soixantaine (bien tass\u00e9e puisqu\u2019il est n\u00e9 en 1961), \u00ab\u00a0marqu\u00e9 par\u2018 la vieheu\u00a0\u00bb\u2026 J\u2019ai vite fait d\u2019activer mon dispositif magique d\u2019incitation au r\u00e9cit de soi, et voil\u00e0 qu\u2019il me sert sa biographie sur un plateau d\u2019argent \u2013 et de c\u00e9ramique, puisque c\u2019est, parmi ses multiples talents, celui qui l\u2019a fait conna\u00eetre, notamment en Am\u00e9rique Latine, o\u00f9 il a tra\u00een\u00e9 ses gu\u00eatres nagu\u00e8re. Maison de redressement, h\u00e9ro\u00efne, prostitu\u00e9e, grand banditisme, puis, \u00e7a bifurque (une rencontre sans doute)\u00a0: \u00e9tudes d\u2019architecture, des dipl\u00f4mes, c\u00e9ramique, sculpture, peinture, forgerie, et j\u2019en passe, des expositions, des voyages, les cara\u00efbes, le Br\u00e9sil, il d\u00e9core les piscines des riches \u00e0 Rio de Janeiro avec des morceaux de c\u00e9ramique pas plus larges qu\u2019une pi\u00e8ce de deux centimes, la notori\u00e9t\u00e9 au Br\u00e9sil, des articles de presse, mais aussi les favelas, les escadrons de la mort, la violence, son fr\u00e8re poss\u00e8de tous les clubs Med de la c\u00f4te, riche comme Cr\u00e9sus, retour en France \u2013 si j\u2019ai bien suivi, je livre tout cela de m\u00e9moire en vrac \u2013 la reconnaissance locale et internationale \u2013 la premi\u00e8re compte tout autant que la premi\u00e8re, c\u2019est important la reconnaissance, il va quitter Thiers pour s\u2019installer \u00e0 Vierzon avec sa s\u0153ur, reprendre une grande maison familiale, et cr\u00e9er un parc immense avec ses sculptures, et des arbres, car il a la main verte, et, comme Nikki de Saint-Phale, il lui faut de la place, ce tout petit bonhomme a besoin de mondes, de vastes mondes, et puis, bizarrement, alors que je le ram\u00e8ne, l\u2019air de rien, \u00e0 ses ann\u00e9es de d\u00e9linquance, il se met \u00e0 parler de Clermont, une plate-forme de trafic de drogue, tu sors de la gare, t\u2019es alpagu\u00e9 50 fois par des mecs qui veulent de refourguer leur came, le maire va sauter c\u2019est s\u00fbr, il n\u2019ose plus sortir de chez lui, il a re\u00e7u des menaces de mort, Macron a nettoy\u00e9 Paris avant les JO et envoy\u00e9 tous ces humm\u2026 d\u00e9linquants (la \u00ab\u00a0racaille\u00a0\u00bb voulait-il dire peut-\u00eatre\u00a0?), en province, et maintenant la province c\u2019est l\u2019enfer, et, conclusion grandiose \u2013 me demandez pas comment on en arrive l\u00e0, je le laisse parler \u2013 il \u00e9voque la mort, il n\u2019a pas peur de la mort, parce que sans doute, quand on cr\u00e9e, on a un rapport diff\u00e9rent \u00e0 la mort, on ne meurt jamais vraiment, tant qu\u2019on peut encore cr\u00e9er, il \u00e9voque le Mexique, comment on pense la mort l\u00e0-bas, comment on vit la mort, c\u2019est un beau final n\u2019est-ce pas\u00a0?<\/p>\n<p>Pas r\u00e9ussi \u00e0 en placer une \u00e9videmment. Je doute que la biographie des autres l\u2019int\u00e9resse vraiment. C\u2019est souvent comme \u00e7a, avec ces personnalit\u00e9s comme satur\u00e9es par leur propre histoire, elles n\u2019ont pas de place pour l\u2019histoire des autres. Il y a toujours un aspect grandiose \u2013 un ami veut \u00e9crire un livre sur ma vie \u2013 et quelque chose de d\u00e9cevant \u2013 ce discours franchement r\u00e9ac qui affleure quand il parle de Clermont, bien align\u00e9s sur les r\u00e9cits mainstream, l\u2019ins\u00e9curit\u00e9, pour pas dire\u00a0: ces Arabes et ces Musulmans qui nous menacent \u2013 alors m\u00eame que le gars vient de la d\u00e9linquance, qu\u2019il a failli \u2013 \u00e7a s\u2019est jou\u00e9 \u00e0 peu de chose \u00e0 ce qu\u2019il en dit \u2013 rejoindre le grand banditisme \u2013 il a le casier judiciaire le plus fourni du d\u00e9partement, dit-il, d\u2019autant plus fi\u00e8rement qu\u2019il peut opposer \u00e0 ce destin funeste et n\u00e9anmoins, \u00e0 sa mani\u00e8re, glorieux, un r\u00e9cit d\u2019artiste g\u00e9nial. J\u2019en ai entendu d\u2019autres des comme lui. Un gars du groupe Cobra, je m\u2019en souviens bien, quand j\u2019\u00e9tais jeune, m\u2019avait beaucoup impressionn\u00e9, et beaucoup d\u00e9\u00e7u dans la foul\u00e9e. Quand j\u2019\u00e9tais jeune, ces mecs-l\u00e0 \u00ab\u00a0nous\u00a0\u00bb fascinaient \u00e9videmment, mes amis et moi. Je me souviens aussi de ce po\u00e8te libanais, d\u2019une beaut\u00e9 saisissante \u2013 qui finit lui aussi par d\u00e9cevoir un peu. Des musiciens, forc\u00e9ment, des \u00e9crivains, des artistes. Des vies romanesques. Nous, on \u00e9tait jeune, on avait des vies de merde. (je me suis rattrap\u00e9 depuis, j\u2019ai fait ce qu\u2019il fallait pour romantiser mon existence mis\u00e9rable \u2013 mais je le paye aujourd\u2019hui, n\u2019ayant pas \u00e9t\u00e9 assez malin (ou trop orgueilleux) pour rencontrer les \u00ab\u00a0bonnes personnes\u00a0\u00bb, celles qui ont du pouvoir et de l\u2019argent.).<\/p>\n<p>Bon, finalement, j\u2019aurais quand m\u00eame \u00e9crit quelque chose, en rentrant.<\/p>\n<\/div>\n","protected":false},"excerpt":{"rendered":"<p>Au caf\u00e9 ce matin (je fais un \u00e9cart dans ma vie monastique\u00a0: 1,50\u00a0euros, donc) Ce sera tant pis pour l\u2019\u00e9criture\u00a0: je capte une conversation, et n\u2019y r\u00e9siste pas. Un gars, la soixantaine (bien tass\u00e9e puisqu\u2019il est n\u00e9 en 1961), \u00ab\u00a0marqu\u00e9 par\u2018 la vieheu\u00a0\u00bb\u2026 J\u2019ai vite fait d\u2019activer mon dispositif magique d\u2019incitation au r\u00e9cit de soi,&hellip;<\/p>\n <a href=\"https:\/\/outsiderland.com\/danahilliot\/des-biographies-exaltees\/\" title=\"Des biographies exalt\u00e9es\" class=\"entry-more-link\"><span>Read More<\/span> <span class=\"screen-reader-text\">Des biographies exalt\u00e9es<\/span><\/a>","protected":false},"author":1,"featured_media":0,"parent":0,"menu_order":0,"comment_status":"closed","ping_status":"closed","template":"","meta":{"Layout":"","footnotes":""},"categories":[120],"tags":[126],"class_list":["entry","author-danah","post-6084","page","type-page","status-publish","category-observation","tag-observation"],"yoast_head":"<!-- This site is optimized with the Yoast SEO plugin v27.0 - https:\/\/yoast.com\/product\/yoast-seo-wordpress\/ -->\n<title>Des biographies exalt\u00e9es - Outside Dana Hilliot<\/title>\n<meta name=\"robots\" content=\"index, follow, max-snippet:-1, max-image-preview:large, max-video-preview:-1\" \/>\n<link rel=\"canonical\" href=\"https:\/\/outsiderland.com\/danahilliot\/des-biographies-exaltees\/\" \/>\n<meta property=\"og:locale\" content=\"fr_FR\" \/>\n<meta property=\"og:type\" content=\"article\" \/>\n<meta property=\"og:title\" content=\"Des biographies exalt\u00e9es - Outside Dana Hilliot\" \/>\n<meta property=\"og:description\" content=\"Au caf\u00e9 ce matin (je fais un \u00e9cart dans ma vie monastique\u00a0: 1,50\u00a0euros, donc) Ce sera tant pis pour l\u2019\u00e9criture\u00a0: je capte une conversation, et n\u2019y r\u00e9siste pas. Un gars, la soixantaine (bien tass\u00e9e puisqu\u2019il est n\u00e9 en 1961), \u00ab\u00a0marqu\u00e9 par\u2018 la vieheu\u00a0\u00bb\u2026 J\u2019ai vite fait d\u2019activer mon dispositif magique d\u2019incitation au r\u00e9cit de soi,&hellip;\" \/>\n<meta property=\"og:url\" content=\"https:\/\/outsiderland.com\/danahilliot\/des-biographies-exaltees\/\" \/>\n<meta property=\"og:site_name\" content=\"Outside Dana Hilliot\" \/>\n<meta property=\"article:modified_time\" content=\"2025-10-12T09:46:08+00:00\" \/>\n<meta name=\"twitter:card\" content=\"summary_large_image\" \/>\n<meta name=\"twitter:label1\" content=\"Dur\u00e9e de lecture estim\u00e9e\" \/>\n\t<meta name=\"twitter:data1\" content=\"4 minutes\" \/>\n<script type=\"application\/ld+json\" class=\"yoast-schema-graph\">{\"@context\":\"https:\/\/schema.org\",\"@graph\":[{\"@type\":\"WebPage\",\"@id\":\"https:\/\/outsiderland.com\/danahilliot\/des-biographies-exaltees\/\",\"url\":\"https:\/\/outsiderland.com\/danahilliot\/des-biographies-exaltees\/\",\"name\":\"Des biographies exalt\u00e9es - Outside Dana Hilliot\",\"isPartOf\":{\"@id\":\"https:\/\/outsiderland.com\/danahilliot\/#website\"},\"datePublished\":\"2025-09-27T16:25:59+00:00\",\"dateModified\":\"2025-10-12T09:46:08+00:00\",\"breadcrumb\":{\"@id\":\"https:\/\/outsiderland.com\/danahilliot\/des-biographies-exaltees\/#breadcrumb\"},\"inLanguage\":\"fr-FR\",\"potentialAction\":[{\"@type\":\"ReadAction\",\"target\":[\"https:\/\/outsiderland.com\/danahilliot\/des-biographies-exaltees\/\"]}]},{\"@type\":\"BreadcrumbList\",\"@id\":\"https:\/\/outsiderland.com\/danahilliot\/des-biographies-exaltees\/#breadcrumb\",\"itemListElement\":[{\"@type\":\"ListItem\",\"position\":1,\"name\":\"Accueil\",\"item\":\"https:\/\/outsiderland.com\/danahilliot\/\"},{\"@type\":\"ListItem\",\"position\":2,\"name\":\"Des biographies exalt\u00e9es\"}]},{\"@type\":\"WebSite\",\"@id\":\"https:\/\/outsiderland.com\/danahilliot\/#website\",\"url\":\"https:\/\/outsiderland.com\/danahilliot\/\",\"name\":\"Outside Dana Hilliot\",\"description\":\". Archives . Activit\u00e9s . Projets .\",\"publisher\":{\"@id\":\"https:\/\/outsiderland.com\/danahilliot\/#\/schema\/person\/201a1fef0f5c2897bd65e98bcf6b1179\"},\"potentialAction\":[{\"@type\":\"SearchAction\",\"target\":{\"@type\":\"EntryPoint\",\"urlTemplate\":\"https:\/\/outsiderland.com\/danahilliot\/?s={search_term_string}\"},\"query-input\":{\"@type\":\"PropertyValueSpecification\",\"valueRequired\":true,\"valueName\":\"search_term_string\"}}],\"inLanguage\":\"fr-FR\"},{\"@type\":[\"Person\",\"Organization\"],\"@id\":\"https:\/\/outsiderland.com\/danahilliot\/#\/schema\/person\/201a1fef0f5c2897bd65e98bcf6b1179\",\"name\":\"danahilliot\",\"image\":{\"@type\":\"ImageObject\",\"inLanguage\":\"fr-FR\",\"@id\":\"https:\/\/outsiderland.com\/danahilliot\/#\/schema\/person\/image\/\",\"url\":\"https:\/\/outsiderland.com\/danahilliot\/wp-content\/uploads\/2026\/02\/50801449407_a909f2c1ad_k.jpg\",\"contentUrl\":\"https:\/\/outsiderland.com\/danahilliot\/wp-content\/uploads\/2026\/02\/50801449407_a909f2c1ad_k.jpg\",\"width\":2048,\"height\":1536,\"caption\":\"danahilliot\"},\"logo\":{\"@id\":\"https:\/\/outsiderland.com\/danahilliot\/#\/schema\/person\/image\/\"}}]}<\/script>\n<!-- \/ Yoast SEO plugin. -->","yoast_head_json":{"title":"Des biographies exalt\u00e9es - Outside Dana Hilliot","robots":{"index":"index","follow":"follow","max-snippet":"max-snippet:-1","max-image-preview":"max-image-preview:large","max-video-preview":"max-video-preview:-1"},"canonical":"https:\/\/outsiderland.com\/danahilliot\/des-biographies-exaltees\/","og_locale":"fr_FR","og_type":"article","og_title":"Des biographies exalt\u00e9es - Outside Dana Hilliot","og_description":"Au caf\u00e9 ce matin (je fais un \u00e9cart dans ma vie monastique\u00a0: 1,50\u00a0euros, donc) Ce sera tant pis pour l\u2019\u00e9criture\u00a0: je capte une conversation, et n\u2019y r\u00e9siste pas. Un gars, la soixantaine (bien tass\u00e9e puisqu\u2019il est n\u00e9 en 1961), \u00ab\u00a0marqu\u00e9 par\u2018 la vieheu\u00a0\u00bb\u2026 J\u2019ai vite fait d\u2019activer mon dispositif magique d\u2019incitation au r\u00e9cit de soi,&hellip;","og_url":"https:\/\/outsiderland.com\/danahilliot\/des-biographies-exaltees\/","og_site_name":"Outside Dana Hilliot","article_modified_time":"2025-10-12T09:46:08+00:00","twitter_card":"summary_large_image","twitter_misc":{"Dur\u00e9e de lecture estim\u00e9e":"4 minutes"},"schema":{"@context":"https:\/\/schema.org","@graph":[{"@type":"WebPage","@id":"https:\/\/outsiderland.com\/danahilliot\/des-biographies-exaltees\/","url":"https:\/\/outsiderland.com\/danahilliot\/des-biographies-exaltees\/","name":"Des biographies exalt\u00e9es - Outside Dana Hilliot","isPartOf":{"@id":"https:\/\/outsiderland.com\/danahilliot\/#website"},"datePublished":"2025-09-27T16:25:59+00:00","dateModified":"2025-10-12T09:46:08+00:00","breadcrumb":{"@id":"https:\/\/outsiderland.com\/danahilliot\/des-biographies-exaltees\/#breadcrumb"},"inLanguage":"fr-FR","potentialAction":[{"@type":"ReadAction","target":["https:\/\/outsiderland.com\/danahilliot\/des-biographies-exaltees\/"]}]},{"@type":"BreadcrumbList","@id":"https:\/\/outsiderland.com\/danahilliot\/des-biographies-exaltees\/#breadcrumb","itemListElement":[{"@type":"ListItem","position":1,"name":"Accueil","item":"https:\/\/outsiderland.com\/danahilliot\/"},{"@type":"ListItem","position":2,"name":"Des biographies exalt\u00e9es"}]},{"@type":"WebSite","@id":"https:\/\/outsiderland.com\/danahilliot\/#website","url":"https:\/\/outsiderland.com\/danahilliot\/","name":"Outside Dana Hilliot","description":". Archives . Activit\u00e9s . Projets .","publisher":{"@id":"https:\/\/outsiderland.com\/danahilliot\/#\/schema\/person\/201a1fef0f5c2897bd65e98bcf6b1179"},"potentialAction":[{"@type":"SearchAction","target":{"@type":"EntryPoint","urlTemplate":"https:\/\/outsiderland.com\/danahilliot\/?s={search_term_string}"},"query-input":{"@type":"PropertyValueSpecification","valueRequired":true,"valueName":"search_term_string"}}],"inLanguage":"fr-FR"},{"@type":["Person","Organization"],"@id":"https:\/\/outsiderland.com\/danahilliot\/#\/schema\/person\/201a1fef0f5c2897bd65e98bcf6b1179","name":"danahilliot","image":{"@type":"ImageObject","inLanguage":"fr-FR","@id":"https:\/\/outsiderland.com\/danahilliot\/#\/schema\/person\/image\/","url":"https:\/\/outsiderland.com\/danahilliot\/wp-content\/uploads\/2026\/02\/50801449407_a909f2c1ad_k.jpg","contentUrl":"https:\/\/outsiderland.com\/danahilliot\/wp-content\/uploads\/2026\/02\/50801449407_a909f2c1ad_k.jpg","width":2048,"height":1536,"caption":"danahilliot"},"logo":{"@id":"https:\/\/outsiderland.com\/danahilliot\/#\/schema\/person\/image\/"}}]}},"_links":{"self":[{"href":"https:\/\/outsiderland.com\/danahilliot\/wp-json\/wp\/v2\/pages\/6084","targetHints":{"allow":["GET"]}}],"collection":[{"href":"https:\/\/outsiderland.com\/danahilliot\/wp-json\/wp\/v2\/pages"}],"about":[{"href":"https:\/\/outsiderland.com\/danahilliot\/wp-json\/wp\/v2\/types\/page"}],"author":[{"embeddable":true,"href":"https:\/\/outsiderland.com\/danahilliot\/wp-json\/wp\/v2\/users\/1"}],"replies":[{"embeddable":true,"href":"https:\/\/outsiderland.com\/danahilliot\/wp-json\/wp\/v2\/comments?post=6084"}],"version-history":[{"count":2,"href":"https:\/\/outsiderland.com\/danahilliot\/wp-json\/wp\/v2\/pages\/6084\/revisions"}],"predecessor-version":[{"id":6086,"href":"https:\/\/outsiderland.com\/danahilliot\/wp-json\/wp\/v2\/pages\/6084\/revisions\/6086"}],"wp:attachment":[{"href":"https:\/\/outsiderland.com\/danahilliot\/wp-json\/wp\/v2\/media?parent=6084"}],"wp:term":[{"taxonomy":"category","embeddable":true,"href":"https:\/\/outsiderland.com\/danahilliot\/wp-json\/wp\/v2\/categories?post=6084"},{"taxonomy":"post_tag","embeddable":true,"href":"https:\/\/outsiderland.com\/danahilliot\/wp-json\/wp\/v2\/tags?post=6084"}],"curies":[{"name":"wp","href":"https:\/\/api.w.org\/{rel}","templated":true}]}}