{"id":6,"date":"2018-10-04T12:13:40","date_gmt":"2018-10-04T12:13:40","guid":{"rendered":"https:\/\/outsiderland.com\/danahilliot\/?page_id=6"},"modified":"2025-10-12T09:46:09","modified_gmt":"2025-10-12T09:46:09","slug":"1967-1993-un-rapport","status":"publish","type":"page","link":"https:\/\/outsiderland.com\/danahilliot\/1967-1993-un-rapport\/","title":{"rendered":"1967 \u2013 1993 : un rapport"},"content":{"rendered":"<div class=\"entry-content\">\n<p>Ce matin \u00e7a m\u2019a repris, mener l\u2019enqu\u00eate, je suis all\u00e9 aux archives municipales. Je pr\u00e9f\u00e8re qu\u2019elle ne me demande pas, l\u2019archiviste, pourquoi je souhaite pr\u00e9cis\u00e9ment consulter ce journal, et pourquoi pr\u00e9cis\u00e9ment ces ann\u00e9es-l\u00e0, l\u2019ann\u00e9e 1967 et l\u2019ann\u00e9e 1993, et, si possible, le mois d\u2019ao\u00fbt 1967 et le mois d\u2019avril 1993, nous habitons une toute petite ville, tout se saurait si vite, il y en a un qui m\u00e8ne l\u2019enqu\u00eate \u00e0 propos de F.C., dirait-on, une toute petite ville, oui vraiment, autrefois on aurait parl\u00e9 de bourg, admettons que c\u2019est un bourg qui poss\u00e8de tous les attributs d\u2019une ville, trois supermarch\u00e9s, une sous-pr\u00e9fecture, une piscine municipale avec salle de soins corporels et machines \u00e0 muscler les corps, trois gymnases, deux lyc\u00e9es, un public et un priv\u00e9, le priv\u00e9 a perdu un tiers de ses effectifs cette ann\u00e9e si bien qu\u2019il n\u2019accueille plus qu\u2019une quarantaine d\u2019\u00e9l\u00e8ves r\u00e9partis en deux classes, une de premi\u00e8re et une de terminale, le lyc\u00e9e public, refait \u00e0 neuf, flambe modestement dans les pages du journal ce matin-m\u00eame avec ses cinq cent vingt deux \u00e9tudiants, une \u00e9glise catholique, le grand march\u00e9 couvert du samedi, une gendarmerie hightech, une dizaine de quartiers, des quartiers pavillonnaires le plus souvent, quelques immeubles \u00e0 loyer mod\u00e9r\u00e9 autour de la gare, une gare ferroviaire et n\u00e9anmoins la plupart du temps d\u00e9serte, deux trains y passent quotidiennement, un le matin, l\u2019autre le soir, une ligne de bus relie la ville basse \u00e0 la ville haute, la ville a perdu la moiti\u00e9 de ses habitants en un si\u00e8cle, la m\u00e9diath\u00e8que, et donc, les archives municipales, trois pi\u00e8ces sombres en enfilade satur\u00e9es d\u2019\u00e9tag\u00e8res m\u00e9talliques sur lesquelles est dispos\u00e9 un nombre consid\u00e9rable de bo\u00eetes en carton \u00e0 l\u2019int\u00e9rieur desquelles sont gliss\u00e9s les exemplaires, dit-elle, de tous les p\u00e9riodiques locaux depuis le d\u00e9but du si\u00e8cle dernier, les compte-rendus des conseils municipaux, ron\u00e9otyp\u00e9s, les relev\u00e9s cadastraux, et une myriades de documents eccl\u00e9siaux dont les plus anciens remontent \u00e0 la renaissance, si tant est que la renaissance ait signifi\u00e9 quoi que ce soit ici, je doute que la renaissance ait fait le moindre effet aux paysans qui vivaient ici \u00e0 la renaissance, une petite ville donc, le mod\u00e8le r\u00e9duit d\u2019une ville, on dit\u00a0: il y a tout ce qu\u2019il faut ici, mais que vous faut-il\u00a0? Parce que c\u2019est une toute petite ville, il vaudrait mieux que j\u2019\u00e9vite de m\u2019\u00e9tendre sur l\u2019objet de mes recherches. Quel \u00e2ge avait la biblioth\u00e9caire en 1967\u00a0? Dix ans\u00a0? Travaillait-elle d\u00e9j\u00e0 aux archives en 1993\u00a0? Probablement. L\u2019objet de mes recherches\u00a0: peut-\u00eatre l\u2019a-t-elle crois\u00e9 ce matin-m\u00eame.<\/p>\n<p><em>Comme par hasard<\/em>, 1967, je n\u2019ai pas, dit-elle, elle cherche encore, ni l\u2019ann\u00e9e d\u2019avant ni celle d\u2019apr\u00e8s, entre 1966 et 1968 la collection est lacunaire, elle dit ainsi, tout en s\u2019affairant grimp\u00e9 sur l\u2019escabeau\u00a0: lacunaire, nous devrions poss\u00e9der les collections compl\u00e8tes, mais il y a des trous, pourquoi\u00a0?, je demande, pourquoi quoi\u00a0?, pourquoi ces trous, ces lacunes\u00a0?, difficile \u00e0 dire, il faudrait voir avec l\u2019archiviste de l\u2019\u00e9poque, je ne travaille ici, dit-elle, r\u00e9pondant du coup \u00e0 la question que je ne lui avais pas pos\u00e9e, que depuis 1991, et encore, au d\u00e9but je ne travaillais pas aux archives, mais \u00e0 la biblioth\u00e8que, comment s\u2019appelait l\u2019archiviste en 1967\u00a0?, je l\u2019ignore, peut-\u00eatre ne l\u2019ai-je jamais su, il faudrait tenir les archives de l\u2019archives, je dis, faire l\u2019histoire des archives municipales, conserver les documents relatifs au fonctionnement des archives municipales, les dates des contrats de travail et les noms et pr\u00e9noms des archivistes, souvent, dit-elle, comme si l\u2019id\u00e9e lui revenait l\u00e0 maintenant, quand un nouvel archiviste arrive, il lui est impossible de retrouver tel ou tel document, dont seul l\u2019archiviste pr\u00e9c\u00e9dent connaissait la cachette, elle dit\u00a0: la cachette, en farfouillant dans les cartons, derri\u00e8re les cartons, d\u00e9gageant de l\u00e9gers nuages de poussi\u00e8re, sur lesquels elle souffle doucement entre deux pens\u00e9es qui lui viennent, 1967, non, je ne vois pas qui \u00e7a pourrait \u00eatre, Marcel est parti au d\u00e9but des ann\u00e9es 80, mais qui le pr\u00e9c\u00e9dait qui\u00a0?<\/p>\n<p>Pourquoi cette ann\u00e9e-l\u00e0 demande-t-elle, et pourquoi 1993\u00a0?<\/p>\n<p>Comme je m\u2019\u00e9tais promis de ne pas lui r\u00e9v\u00e9ler l\u2019objet de mes recherches, de ne pas lui parler de F.D., d\u2019\u00e9viter de prononcer son nom, j\u2019adopte l\u2019air d\u2019un conspirateur, je pr\u00e9f\u00e9rerais ne pas trop en parler, vous comprenez, c\u2019est une petite ville, et la personne au sujet de laquelle je m\u00e8ne ces recherches est encore de ce monde, il se pourrait que vous l\u2019ayez crois\u00e9e ce matin-m\u00eame, je l\u2019ai crois\u00e9 de mon c\u00f4t\u00e9 pas plus tard qu\u2019hier soir, au caf\u00e9 des Arcades, il est venu me saluer comme il fait toujours et je me suis senti dans l\u2019embarras en songeant que j\u2019\u00e9tais pr\u00e9cis\u00e9ment en train de mener une enqu\u00eate \u00e0 son sujet, je me suis senti comme un espion, j\u2019ai eu l\u2019impression de mener un double jeu, et si je me suis content\u00e9 de r\u00e9pondre une banalit\u00e9 \u00e0 son salut, quelques mots sans cons\u00e9quence au sujet du temps qu\u2019il fait ou qu\u2019il fera, compar\u00e9 \u00e0 celui qu\u2019il faisait la veille, je me suis tout de m\u00eame senti coupable, comme si je lui mentais au sujet de mes intentions, \u00e9videmment je n\u2019ai pas dit tout cela \u00e0 l\u2019archiviste, je l\u2019ai pens\u00e9, ma voix a baiss\u00e9 d\u2019un ton, il s\u2019agit de F.C., l\u2019ancien maire, finalement j\u2019ai l\u00e2ch\u00e9 le morceau, je l\u2019ai chuchot\u00e9 certes, mais qu\u2019est-ce que \u00e7a change\u00a0?, \u00e7a ne change rien au fait que je ne tiens pas mes promesses, ce que je m\u2019\u00e9tais promis \u00e0 moi-m\u00eame, elle a acquiesc\u00e9 comme si, comme si quoi\u00a0?, il n\u2019\u00e9tait pas \u00e9tonnant qu\u2019on enqu\u00eate pr\u00e9cis\u00e9ment au sujet de cet homme-l\u00e0, lui.<\/p>\n<p>Et pour quelles raisons dit-elle, vous passionnez-vous pour cet homme-l\u00e0\u00a0?, Je, ai-je h\u00e9sit\u00e9, je ne sais pas, ou plut\u00f4t si, je sais, mais ce n\u2019est pas quelque chose dont je puis vous parler, j\u2019ai dit\u00a0: je m\u2019int\u00e9resse \u00e0 ce qu\u2019on a dit de cette affaire dans les journaux d\u2019ici, voyez-vous, on en a beaucoup parl\u00e9, et on en parle encore, dans des revues sp\u00e9cialis\u00e9es, les sp\u00e9cialistes du monde entier connaissent cette histoire, c\u2019est une histoire exemplaire, qui est devenue exemplaire, vraiment\u00a0? s\u2019\u00e9tonne-t-elle, j\u2019ai trouv\u00e9 des dizaines d\u2019articles sur cette affaire, parlez aux sp\u00e9cialistes de cette affaire-l\u00e0, l\u2019\u0153il brille, un bout de langue caresse leur l\u00e8vre sup\u00e9rieure, ils ont tous leur avis l\u00e0-dessus, vous vous int\u00e9ressez aux ph\u00e9nom\u00e8nes extra-terrestres\u00a0?, non pas tellement, la v\u00e9rit\u00e9, mais je ne vais pas le lui avouer, c\u2019est que je m\u2019en fous, j\u2019ai dit\u00a0: je m\u2019int\u00e9resse \u00e0 la diff\u00e9rence entre ce qu\u2019on raconte ici et ce qu\u2019on en dit l\u00e0-bas, je voudrais savoir ce que les gens d\u2019ici ont pens\u00e9 quand les \u00e9v\u00e8nements ont \u00e9t\u00e9 rapport\u00e9s, c\u2019est parti de quelque chose que m\u2019a confi\u00e9 F.C. lui-m\u00eame, un apr\u00e8s-midi, en passant devant la terrasse du Pub, je l\u2019ai vu qui lisait le journal, j\u2019ai pens\u00e9 cet homme qui lit son journal, seul, cet homme dont une partie des habitants se moque, et que l\u2019autre partie prend en piti\u00e9, tous, ses anciens administr\u00e9s, quel destin extraordinaire tout de m\u00eame\u00a0!, j\u2019ai avanc\u00e9 jusque devant sa table et, tout en demeurant debout, j\u2019ai dit\u00a0: puis-je vous poser une question Monsieur C.\u00a0?, je suppose que \u00e7a faisait longtemps que personne ne s\u2019\u00e9tait adress\u00e9 \u00e0 lui pour lui poser une question, j\u2019ai vu un un homme qui se tenait soudain sur la d\u00e9fensive, un homme que j\u2019importunais avec ma question, avant m\u00eame que je la lui ai pos\u00e9e, je me suis lanc\u00e9 : ce que vous avez vu, quand vous \u00e9tiez enfant, avec votre s\u0153ur, \u00e9tait-ce vraiment un extra-terrestre\u00a0?, la v\u00e9rit\u00e9, c\u2019est que je me fiche pas mal des extra-terrestres, et la v\u00e9rit\u00e9 c\u2019est que je me fiche bien de F.C., la v\u00e9rit\u00e9 c\u2019est que je m\u2019ennuie, j\u2019avais besoin de trouver un sujet pour \u00e9crire, et c\u2019est encore une fois \u00e0 cause de ces cahiers que je m\u2019appr\u00eate \u00e0 br\u00fbler, apr\u00e8s l\u2019\u00e9chec complet de mon dernier livre, qui doit \u00eatre mis au cr\u00e9dit de ces cahiers, de l\u2019obsession dans laquelle j\u2019ai \u00e9t\u00e9 plong\u00e9, et dans laquelle je suis encore plong\u00e9 jusqu\u2019au cou, et m\u00eame pire, pour ces cahiers, comment ils m\u2019encombrent, m\u2019embarrassent, m\u2019interdisent toute avanc\u00e9e, tout mouvement vers l\u2019avant, apr\u00e8s avoir \u00e9crit pour me d\u00e9barrasser de cette obsession, et devant l\u2019\u00e9chec de cette entreprise, j\u2019ai d\u00e9cr\u00e9t\u00e9 qu\u2019il me faudrait d\u00e9sormais travailler sur un tout autre sujet, et c\u2019est dans cet \u00e9tat d\u2019esprit que j\u2019ai crois\u00e9 cet apr\u00e8s-midi-l\u00e0 en passant devant la terrasse du pub cet homme qui buvait un caf\u00e9 et que, pris d\u2019une impulsion irr\u00e9sistible, moi qui suis d\u2019ordinaire extraordinairement prudent quand les circonstances me condamnent \u00e0 engager la conversation avec mes semblables, je lui ai demand\u00e9 ce qu\u2019il avait vraiment vu ce jour-l\u00e0, le 28 ao\u00fbt 1967. Ce n\u2019est pas ce qu\u2019on a dit, a-t-il dit. Ces mots ne sont pas les miens, a-t-il dit. Puis il a commenc\u00e9 \u00e0 \u00e9voquer, je ne sais plus comment il s\u2019y est pris pour changer de sujet avec tellement d\u2019habilet\u00e9, les ann\u00e9es de son mandat dans la cit\u00e9, la ville brillait de mille feux \u00e0 cette \u00e9poque, savez-vous que c\u2019est sous mon r\u00e8gne qu\u2019on a lanc\u00e9 le projet de zone commerciale au bord de l\u2019autoroute\u00a0?, une lev\u00e9e de bouclier a suivi, raconte-t-il, les commer\u00e7ants du centre ville ont ferm\u00e9 boutique et manifest\u00e9 pendant trois jours, et maintenant la droite engage les travaux pour ce centre commercial et plus personne ne se plaint, c\u2019est injuste, je dis, je n\u2019ose plus parler des extra-terrestres, je parle \u00e0 un homme bless\u00e9, un homme que la plupart de ces anciens administr\u00e9s prend pour un dingue, je suppose que c\u2019est apr\u00e8s les \u00e9v\u00e9nements politiques de l\u2019ann\u00e9e 1993 que la maladie, comme disent ses anciens administr\u00e9s, s\u2019est d\u00e9clar\u00e9e, sa maladie n\u2019est en rien li\u00e9e avec ce qu\u2019il a vu le 28 ao\u00fbt 1967 au bord du chemin communal qui longe le pr\u00e9 o\u00f9 ses parents envoyaient pa\u00eetre les troupeaux, la haie de fr\u00eanes \u00e0 travers laquelle sa petite s\u0153ur et lui ont vu ce qu\u2019ils ont vu s\u2019\u00e9l\u00e8ve encore le long du chemin communal, mais il y a bien longtemps que la terre a \u00e9t\u00e9 retourn\u00e9e, que les traces de l\u2019atterrissage ont \u00e9t\u00e9 effac\u00e9es, tout comme les journaux des ann\u00e9es 1966 \u00e0 1968 ont \u00e9t\u00e9 myst\u00e9rieusement \u00e9gar\u00e9s, effac\u00e9s, \u00e9gar\u00e9s, lui.<\/p>\n<p>J\u2019ai dit tant pis je vais d\u2019abord regarder les num\u00e9ros de l\u2019ann\u00e9e 1993, l\u2019archiviste a saisi avec satisfaction les deux cartons d\u2019archives de cette ann\u00e9e-l\u00e0, un carton par semestre, les a d\u00e9pos\u00e9s sur la table d\u2019\u00e9tude, et je me suis plong\u00e9 dans cette paperasse, les affaires municipales de l\u2019\u00e9poque, des \u00e9v\u00e8nements sordides, des histoires de trahison, des alli\u00e9s qui retournent leur veste, des ennemis redoutables, du bourgeois, du fourbe, d\u00e9nu\u00e9 de piti\u00e9, des propri\u00e9taires sans moralit\u00e9, d\u2019insatiables commer\u00e7ants, depuis janvier d\u00e9j\u00e0 le vent tourne, je lis les communiqu\u00e9s publi\u00e9s dans la presse locale, les compte-rendus sarcastiques du journaliste local, c\u2019est le feuilleton du mois, et lui, F.C., je l\u2019imagine, on est en mars, en mars 1993, il ne m\u2019est pas difficile de prendre sa place, il doit penser\u00a0: les salopards, les salopards, tous ses anciens alli\u00e9s quittent le conseil municipal, puis l\u2019opposition d\u00e9missionne en masse, \u00e0 la fin ils ne sont plus que trois autour de lui, il continue de faire bonne figure, j\u2019ignore comment il y parvient, dans quelles ressources un homme doit puiser pour continuer \u00e0 r\u00e9diger ces communiqu\u00e9s diplomatiques, rappelant simplement qu\u2019il demeure malgr\u00e9 tout un \u00e9lu, l\u2019\u00e9lu, c\u2019est peut-\u00eatre apr\u00e8s la dissolution du conseil et le triomphe de l\u2019opposition, le mandat n\u2019ayant pu \u00eatre men\u00e9 jusqu\u2019\u00e0 sa fin donc, que la maladie s\u2019est empar\u00e9e de lui, apr\u00e8s les \u00e9lections, les journaux des mois suivants ne citent plus du tout son nom, ou bien \u00e9tait-il malade avant la dissolution du conseil\u00a0?, la maladie \u00e9tait-elle la raison pour laquelle ses alli\u00e9s ont fini par se d\u00e9tourner de lui, le laissant pour ainsi dire seul, lui, le seul homme de gauche ayant si\u00e9g\u00e9 en qualit\u00e9 de maire dans la salle du conseil, une incongruit\u00e9 donc, \u00e7a doit avoir un rapport, les \u00e9v\u00e9nements de 1967 doivent avoir un rapport avec les \u00e9v\u00e9nements de 1993, et, tout en \u00e9crivant ces derniers mots, je crois deviner quelle est le motif r\u00e9el de mon enqu\u00eate, le motif, c\u2019est ce rapport, l\u2019\u00e9nigme qui me pousse \u00e0 quitter le fauteuil confortable de mon bureau pour aller \u00e9plucher de vieux journaux aux archives municipales, c\u2019est ce rapport.<\/p>\n<\/div>\n","protected":false},"excerpt":{"rendered":"<p>Ce matin \u00e7a m\u2019a repris, mener l\u2019enqu\u00eate, je suis all\u00e9 aux archives municipales. Je pr\u00e9f\u00e8re qu\u2019elle ne me demande pas, l\u2019archiviste, pourquoi je souhaite pr\u00e9cis\u00e9ment consulter ce journal, et pourquoi pr\u00e9cis\u00e9ment ces ann\u00e9es-l\u00e0, l\u2019ann\u00e9e 1967 et l\u2019ann\u00e9e 1993, et, si possible, le mois d\u2019ao\u00fbt 1967 et le mois d\u2019avril 1993, nous habitons une toute petite&hellip;<\/p>\n <a href=\"https:\/\/outsiderland.com\/danahilliot\/1967-1993-un-rapport\/\" title=\"1967 \u2013 1993 : un rapport\" class=\"entry-more-link\"><span>Read More<\/span> <span class=\"screen-reader-text\">1967 \u2013 1993 : un rapport<\/span><\/a>","protected":false},"author":1,"featured_media":0,"parent":0,"menu_order":0,"comment_status":"closed","ping_status":"closed","template":"","meta":{"Layout":"","footnotes":""},"categories":[120],"tags":[126],"class_list":["entry","author-danah","post-6","page","type-page","status-publish","category-observation","tag-observation"],"yoast_head":"<!-- This site is optimized with the Yoast SEO plugin v27.0 - https:\/\/yoast.com\/product\/yoast-seo-wordpress\/ -->\n<title>1967 \u2013 1993 : un rapport - Outside Dana Hilliot<\/title>\n<meta name=\"description\" content=\"observation\" \/>\n<meta name=\"robots\" content=\"index, follow, max-snippet:-1, max-image-preview:large, max-video-preview:-1\" \/>\n<link rel=\"canonical\" href=\"https:\/\/outsiderland.com\/danahilliot\/1967-1993-un-rapport\/\" \/>\n<meta property=\"og:locale\" content=\"fr_FR\" \/>\n<meta property=\"og:type\" content=\"article\" \/>\n<meta property=\"og:title\" content=\"1967 \u2013 1993 : un rapport - Outside Dana Hilliot\" \/>\n<meta property=\"og:description\" content=\"observation\" \/>\n<meta property=\"og:url\" content=\"https:\/\/outsiderland.com\/danahilliot\/1967-1993-un-rapport\/\" \/>\n<meta property=\"og:site_name\" content=\"Outside Dana Hilliot\" \/>\n<meta property=\"article:modified_time\" content=\"2025-10-12T09:46:09+00:00\" \/>\n<meta name=\"twitter:card\" content=\"summary_large_image\" \/>\n<meta name=\"twitter:label1\" content=\"Dur\u00e9e de lecture estim\u00e9e\" \/>\n\t<meta name=\"twitter:data1\" content=\"12 minutes\" \/>\n<script type=\"application\/ld+json\" class=\"yoast-schema-graph\">{\"@context\":\"https:\/\/schema.org\",\"@graph\":[{\"@type\":\"WebPage\",\"@id\":\"https:\/\/outsiderland.com\/danahilliot\/1967-1993-un-rapport\/\",\"url\":\"https:\/\/outsiderland.com\/danahilliot\/1967-1993-un-rapport\/\",\"name\":\"1967 \u2013 1993 : un rapport - Outside Dana Hilliot\",\"isPartOf\":{\"@id\":\"https:\/\/outsiderland.com\/danahilliot\/#website\"},\"datePublished\":\"2018-10-04T12:13:40+00:00\",\"dateModified\":\"2025-10-12T09:46:09+00:00\",\"description\":\"observation\",\"breadcrumb\":{\"@id\":\"https:\/\/outsiderland.com\/danahilliot\/1967-1993-un-rapport\/#breadcrumb\"},\"inLanguage\":\"fr-FR\",\"potentialAction\":[{\"@type\":\"ReadAction\",\"target\":[\"https:\/\/outsiderland.com\/danahilliot\/1967-1993-un-rapport\/\"]}]},{\"@type\":\"BreadcrumbList\",\"@id\":\"https:\/\/outsiderland.com\/danahilliot\/1967-1993-un-rapport\/#breadcrumb\",\"itemListElement\":[{\"@type\":\"ListItem\",\"position\":1,\"name\":\"Accueil\",\"item\":\"https:\/\/outsiderland.com\/danahilliot\/\"},{\"@type\":\"ListItem\",\"position\":2,\"name\":\"1967 \u2013 1993 : un rapport\"}]},{\"@type\":\"WebSite\",\"@id\":\"https:\/\/outsiderland.com\/danahilliot\/#website\",\"url\":\"https:\/\/outsiderland.com\/danahilliot\/\",\"name\":\"Outside Dana Hilliot\",\"description\":\". Archives . Activit\u00e9s . Projets .\",\"publisher\":{\"@id\":\"https:\/\/outsiderland.com\/danahilliot\/#\/schema\/person\/201a1fef0f5c2897bd65e98bcf6b1179\"},\"potentialAction\":[{\"@type\":\"SearchAction\",\"target\":{\"@type\":\"EntryPoint\",\"urlTemplate\":\"https:\/\/outsiderland.com\/danahilliot\/?s={search_term_string}\"},\"query-input\":{\"@type\":\"PropertyValueSpecification\",\"valueRequired\":true,\"valueName\":\"search_term_string\"}}],\"inLanguage\":\"fr-FR\"},{\"@type\":[\"Person\",\"Organization\"],\"@id\":\"https:\/\/outsiderland.com\/danahilliot\/#\/schema\/person\/201a1fef0f5c2897bd65e98bcf6b1179\",\"name\":\"danahilliot\",\"image\":{\"@type\":\"ImageObject\",\"inLanguage\":\"fr-FR\",\"@id\":\"https:\/\/outsiderland.com\/danahilliot\/#\/schema\/person\/image\/\",\"url\":\"https:\/\/outsiderland.com\/danahilliot\/wp-content\/uploads\/2026\/02\/50801449407_a909f2c1ad_k.jpg\",\"contentUrl\":\"https:\/\/outsiderland.com\/danahilliot\/wp-content\/uploads\/2026\/02\/50801449407_a909f2c1ad_k.jpg\",\"width\":2048,\"height\":1536,\"caption\":\"danahilliot\"},\"logo\":{\"@id\":\"https:\/\/outsiderland.com\/danahilliot\/#\/schema\/person\/image\/\"}}]}<\/script>\n<!-- \/ Yoast SEO plugin. -->","yoast_head_json":{"title":"1967 \u2013 1993 : un rapport - Outside Dana Hilliot","description":"observation","robots":{"index":"index","follow":"follow","max-snippet":"max-snippet:-1","max-image-preview":"max-image-preview:large","max-video-preview":"max-video-preview:-1"},"canonical":"https:\/\/outsiderland.com\/danahilliot\/1967-1993-un-rapport\/","og_locale":"fr_FR","og_type":"article","og_title":"1967 \u2013 1993 : un rapport - Outside Dana Hilliot","og_description":"observation","og_url":"https:\/\/outsiderland.com\/danahilliot\/1967-1993-un-rapport\/","og_site_name":"Outside Dana Hilliot","article_modified_time":"2025-10-12T09:46:09+00:00","twitter_card":"summary_large_image","twitter_misc":{"Dur\u00e9e de lecture estim\u00e9e":"12 minutes"},"schema":{"@context":"https:\/\/schema.org","@graph":[{"@type":"WebPage","@id":"https:\/\/outsiderland.com\/danahilliot\/1967-1993-un-rapport\/","url":"https:\/\/outsiderland.com\/danahilliot\/1967-1993-un-rapport\/","name":"1967 \u2013 1993 : un rapport - Outside Dana Hilliot","isPartOf":{"@id":"https:\/\/outsiderland.com\/danahilliot\/#website"},"datePublished":"2018-10-04T12:13:40+00:00","dateModified":"2025-10-12T09:46:09+00:00","description":"observation","breadcrumb":{"@id":"https:\/\/outsiderland.com\/danahilliot\/1967-1993-un-rapport\/#breadcrumb"},"inLanguage":"fr-FR","potentialAction":[{"@type":"ReadAction","target":["https:\/\/outsiderland.com\/danahilliot\/1967-1993-un-rapport\/"]}]},{"@type":"BreadcrumbList","@id":"https:\/\/outsiderland.com\/danahilliot\/1967-1993-un-rapport\/#breadcrumb","itemListElement":[{"@type":"ListItem","position":1,"name":"Accueil","item":"https:\/\/outsiderland.com\/danahilliot\/"},{"@type":"ListItem","position":2,"name":"1967 \u2013 1993 : un rapport"}]},{"@type":"WebSite","@id":"https:\/\/outsiderland.com\/danahilliot\/#website","url":"https:\/\/outsiderland.com\/danahilliot\/","name":"Outside Dana Hilliot","description":". Archives . Activit\u00e9s . Projets .","publisher":{"@id":"https:\/\/outsiderland.com\/danahilliot\/#\/schema\/person\/201a1fef0f5c2897bd65e98bcf6b1179"},"potentialAction":[{"@type":"SearchAction","target":{"@type":"EntryPoint","urlTemplate":"https:\/\/outsiderland.com\/danahilliot\/?s={search_term_string}"},"query-input":{"@type":"PropertyValueSpecification","valueRequired":true,"valueName":"search_term_string"}}],"inLanguage":"fr-FR"},{"@type":["Person","Organization"],"@id":"https:\/\/outsiderland.com\/danahilliot\/#\/schema\/person\/201a1fef0f5c2897bd65e98bcf6b1179","name":"danahilliot","image":{"@type":"ImageObject","inLanguage":"fr-FR","@id":"https:\/\/outsiderland.com\/danahilliot\/#\/schema\/person\/image\/","url":"https:\/\/outsiderland.com\/danahilliot\/wp-content\/uploads\/2026\/02\/50801449407_a909f2c1ad_k.jpg","contentUrl":"https:\/\/outsiderland.com\/danahilliot\/wp-content\/uploads\/2026\/02\/50801449407_a909f2c1ad_k.jpg","width":2048,"height":1536,"caption":"danahilliot"},"logo":{"@id":"https:\/\/outsiderland.com\/danahilliot\/#\/schema\/person\/image\/"}}]}},"_links":{"self":[{"href":"https:\/\/outsiderland.com\/danahilliot\/wp-json\/wp\/v2\/pages\/6","targetHints":{"allow":["GET"]}}],"collection":[{"href":"https:\/\/outsiderland.com\/danahilliot\/wp-json\/wp\/v2\/pages"}],"about":[{"href":"https:\/\/outsiderland.com\/danahilliot\/wp-json\/wp\/v2\/types\/page"}],"author":[{"embeddable":true,"href":"https:\/\/outsiderland.com\/danahilliot\/wp-json\/wp\/v2\/users\/1"}],"replies":[{"embeddable":true,"href":"https:\/\/outsiderland.com\/danahilliot\/wp-json\/wp\/v2\/comments?post=6"}],"version-history":[{"count":1,"href":"https:\/\/outsiderland.com\/danahilliot\/wp-json\/wp\/v2\/pages\/6\/revisions"}],"predecessor-version":[{"id":7,"href":"https:\/\/outsiderland.com\/danahilliot\/wp-json\/wp\/v2\/pages\/6\/revisions\/7"}],"wp:attachment":[{"href":"https:\/\/outsiderland.com\/danahilliot\/wp-json\/wp\/v2\/media?parent=6"}],"wp:term":[{"taxonomy":"category","embeddable":true,"href":"https:\/\/outsiderland.com\/danahilliot\/wp-json\/wp\/v2\/categories?post=6"},{"taxonomy":"post_tag","embeddable":true,"href":"https:\/\/outsiderland.com\/danahilliot\/wp-json\/wp\/v2\/tags?post=6"}],"curies":[{"name":"wp","href":"https:\/\/api.w.org\/{rel}","templated":true}]}}