{"id":4172,"date":"2021-08-26T08:58:28","date_gmt":"2021-08-26T08:58:28","guid":{"rendered":"https:\/\/outsiderland.com\/danahilliot\/?page_id=4172"},"modified":"2021-08-26T09:01:51","modified_gmt":"2021-08-26T09:01:51","slug":"de-compensations","status":"publish","type":"page","link":"https:\/\/outsiderland.com\/danahilliot\/de-compensations\/","title":{"rendered":"(D\u00e9)-Compensations"},"content":{"rendered":"<p><span data-outline-text=\"true\">Vaste (et abyssale) question ! Nos existences ne reposent-elles pas, \u00e0 bien y songer, sur une succession de longues et durables compensations entrecoup\u00e9es de quelques brefs \u00e9pisodes plus brutaux de d\u00e9compensation (de p\u00e9tages de c\u00e2ble quoi) ? Mais alors que compensons-nous ? La douleur d&rsquo;exister ans doute, qui prend mille et mille formes et tournures (depuis les lombaires raidies jusqu&rsquo;aux plus intimes tortures de l&rsquo;esprit). Supprimez demain d&rsquo;un coup d&rsquo;un seul toutes les petites consolations (lesquelles occultent parfois tout horizon comme chez le toxicomane), alcool, drogues, psychotropes, toutes les ritualisations collectives et individuelles (\u00e0 commencer par le grand r\u00e9cit absurde du travail), toutes ces histoires et ces re-\u00e9critures du pass\u00e9 (\u00e0 commencer par le sien) qu&rsquo;on se raconte et par lesquelles on se dupe plus ou moins d\u00e9lib\u00e9r\u00e9ment, plus ou moins lucidement, et supprimez l&rsquo;oubli, et le d\u00e9ni, et toutes ces techniques de n\u00e9gation plus ou moins sophistiqu\u00e9es (refoulements, clivages, d\u00e9lires etc.), supprimez tout cela d&rsquo;un coup d&rsquo;un seul, et, forc\u00e9ment, c&rsquo;est la totalit\u00e9 du \u00ab\u00a0social\u00a0\u00bb qui s&rsquo;effondre, tous les mondes se cassent la gueule. Comme \u00e7a, \u00e0 vue de pif (et comme j&rsquo;ai pas encore fait ma promenade quotidienne compensatoire) je dirais : effor\u00e7ons nous de compenser dignement, et en connaissance de cause, avec une certaine lucidit\u00e9, armons-nous comme d&rsquo;un vade-mecum (pour la route) d&rsquo;un r\u00e9cit pas trop mensonger quand m\u00eame, qui assume la honte et la culpabilit\u00e9 et le d\u00e9go\u00fbt, sans trop en faire non plus, et, si possible, faisons en sorte que \u00e7a ait du sens, et que ce soit pas trop moche. Un truc dans ce genre <\/span><span class=\"sf5mxxl7 oqcyycmt nvdbi5me oygrvhab ditlmg2l kvgmc6g5 q9uorilb sgc6yxs4 qb00l2mb mufzhxvi\" data-testid=\"emoji\" data-outline-text=\"true\"><span class=\"enjifjd9 p16kav6w q9uorilb jedpkwab\">\ud83d\ude42<\/span><\/span><span data-outline-text=\"true\"> (\u00e7a pourrait \u00eatre le r\u00e9sum\u00e9 de la plupart de mes bouquins \u00e7a, tiens, \u00e0 bien y penser)<\/span><\/p>\n","protected":false},"excerpt":{"rendered":"<p>Vaste (et abyssale) question ! Nos existences ne reposent-elles pas, \u00e0 bien y songer, sur une succession de longues et durables compensations entrecoup\u00e9es de quelques brefs \u00e9pisodes plus brutaux de d\u00e9compensation (de p\u00e9tages de c\u00e2ble quoi) ? Mais alors que compensons-nous ? La douleur d&rsquo;exister ans doute, qui prend mille et mille formes et tournures&hellip;<\/p>\n <a href=\"https:\/\/outsiderland.com\/danahilliot\/de-compensations\/\" title=\"(D\u00e9)-Compensations\" class=\"entry-more-link\"><span>Read More<\/span> <span class=\"screen-reader-text\">(D\u00e9)-Compensations<\/span><\/a>","protected":false},"author":1,"featured_media":0,"parent":0,"menu_order":0,"comment_status":"closed","ping_status":"closed","template":"","meta":{"Layout":"","footnotes":""},"categories":[],"tags":[],"class_list":["entry","author-danah","post-4172","page","type-page","status-publish"],"yoast_head":"<!-- This site is optimized with the Yoast SEO plugin v27.0 - https:\/\/yoast.com\/product\/yoast-seo-wordpress\/ -->\n<title>(D\u00e9)-Compensations - Outside Dana Hilliot<\/title>\n<meta name=\"robots\" content=\"index, follow, max-snippet:-1, max-image-preview:large, max-video-preview:-1\" \/>\n<link rel=\"canonical\" href=\"https:\/\/outsiderland.com\/danahilliot\/de-compensations\/\" \/>\n<meta property=\"og:locale\" content=\"fr_FR\" \/>\n<meta property=\"og:type\" content=\"article\" \/>\n<meta property=\"og:title\" content=\"(D\u00e9)-Compensations - Outside Dana Hilliot\" \/>\n<meta property=\"og:description\" content=\"Vaste (et abyssale) question ! Nos existences ne reposent-elles pas, \u00e0 bien y songer, sur une succession de longues et durables compensations entrecoup\u00e9es de quelques brefs \u00e9pisodes plus brutaux de d\u00e9compensation (de p\u00e9tages de c\u00e2ble quoi) ? Mais alors que compensons-nous ? La douleur d&rsquo;exister ans doute, qui prend mille et mille formes et tournures&hellip;\" \/>\n<meta property=\"og:url\" content=\"https:\/\/outsiderland.com\/danahilliot\/de-compensations\/\" \/>\n<meta property=\"og:site_name\" content=\"Outside Dana Hilliot\" \/>\n<meta property=\"article:modified_time\" content=\"2021-08-26T09:01:51+00:00\" \/>\n<meta name=\"twitter:card\" content=\"summary_large_image\" \/>\n<meta name=\"twitter:label1\" content=\"Dur\u00e9e de lecture estim\u00e9e\" \/>\n\t<meta name=\"twitter:data1\" content=\"1 minute\" \/>\n<script type=\"application\/ld+json\" class=\"yoast-schema-graph\">{\"@context\":\"https:\/\/schema.org\",\"@graph\":[{\"@type\":\"WebPage\",\"@id\":\"https:\/\/outsiderland.com\/danahilliot\/de-compensations\/\",\"url\":\"https:\/\/outsiderland.com\/danahilliot\/de-compensations\/\",\"name\":\"(D\u00e9)-Compensations - Outside Dana Hilliot\",\"isPartOf\":{\"@id\":\"https:\/\/outsiderland.com\/danahilliot\/#website\"},\"datePublished\":\"2021-08-26T08:58:28+00:00\",\"dateModified\":\"2021-08-26T09:01:51+00:00\",\"breadcrumb\":{\"@id\":\"https:\/\/outsiderland.com\/danahilliot\/de-compensations\/#breadcrumb\"},\"inLanguage\":\"fr-FR\",\"potentialAction\":[{\"@type\":\"ReadAction\",\"target\":[\"https:\/\/outsiderland.com\/danahilliot\/de-compensations\/\"]}]},{\"@type\":\"BreadcrumbList\",\"@id\":\"https:\/\/outsiderland.com\/danahilliot\/de-compensations\/#breadcrumb\",\"itemListElement\":[{\"@type\":\"ListItem\",\"position\":1,\"name\":\"Accueil\",\"item\":\"https:\/\/outsiderland.com\/danahilliot\/\"},{\"@type\":\"ListItem\",\"position\":2,\"name\":\"(D\u00e9)-Compensations\"}]},{\"@type\":\"WebSite\",\"@id\":\"https:\/\/outsiderland.com\/danahilliot\/#website\",\"url\":\"https:\/\/outsiderland.com\/danahilliot\/\",\"name\":\"Outside Dana Hilliot\",\"description\":\". Archives . Activit\u00e9s . Projets .\",\"publisher\":{\"@id\":\"https:\/\/outsiderland.com\/danahilliot\/#\/schema\/person\/201a1fef0f5c2897bd65e98bcf6b1179\"},\"potentialAction\":[{\"@type\":\"SearchAction\",\"target\":{\"@type\":\"EntryPoint\",\"urlTemplate\":\"https:\/\/outsiderland.com\/danahilliot\/?s={search_term_string}\"},\"query-input\":{\"@type\":\"PropertyValueSpecification\",\"valueRequired\":true,\"valueName\":\"search_term_string\"}}],\"inLanguage\":\"fr-FR\"},{\"@type\":[\"Person\",\"Organization\"],\"@id\":\"https:\/\/outsiderland.com\/danahilliot\/#\/schema\/person\/201a1fef0f5c2897bd65e98bcf6b1179\",\"name\":\"danahilliot\",\"image\":{\"@type\":\"ImageObject\",\"inLanguage\":\"fr-FR\",\"@id\":\"https:\/\/outsiderland.com\/danahilliot\/#\/schema\/person\/image\/\",\"url\":\"https:\/\/outsiderland.com\/danahilliot\/wp-content\/uploads\/2026\/02\/50801449407_a909f2c1ad_k.jpg\",\"contentUrl\":\"https:\/\/outsiderland.com\/danahilliot\/wp-content\/uploads\/2026\/02\/50801449407_a909f2c1ad_k.jpg\",\"width\":2048,\"height\":1536,\"caption\":\"danahilliot\"},\"logo\":{\"@id\":\"https:\/\/outsiderland.com\/danahilliot\/#\/schema\/person\/image\/\"}}]}<\/script>\n<!-- \/ Yoast SEO plugin. -->","yoast_head_json":{"title":"(D\u00e9)-Compensations - Outside Dana Hilliot","robots":{"index":"index","follow":"follow","max-snippet":"max-snippet:-1","max-image-preview":"max-image-preview:large","max-video-preview":"max-video-preview:-1"},"canonical":"https:\/\/outsiderland.com\/danahilliot\/de-compensations\/","og_locale":"fr_FR","og_type":"article","og_title":"(D\u00e9)-Compensations - Outside Dana Hilliot","og_description":"Vaste (et abyssale) question ! Nos existences ne reposent-elles pas, \u00e0 bien y songer, sur une succession de longues et durables compensations entrecoup\u00e9es de quelques brefs \u00e9pisodes plus brutaux de d\u00e9compensation (de p\u00e9tages de c\u00e2ble quoi) ? Mais alors que compensons-nous ? La douleur d&rsquo;exister ans doute, qui prend mille et mille formes et tournures&hellip;","og_url":"https:\/\/outsiderland.com\/danahilliot\/de-compensations\/","og_site_name":"Outside Dana Hilliot","article_modified_time":"2021-08-26T09:01:51+00:00","twitter_card":"summary_large_image","twitter_misc":{"Dur\u00e9e de lecture estim\u00e9e":"1 minute"},"schema":{"@context":"https:\/\/schema.org","@graph":[{"@type":"WebPage","@id":"https:\/\/outsiderland.com\/danahilliot\/de-compensations\/","url":"https:\/\/outsiderland.com\/danahilliot\/de-compensations\/","name":"(D\u00e9)-Compensations - Outside Dana Hilliot","isPartOf":{"@id":"https:\/\/outsiderland.com\/danahilliot\/#website"},"datePublished":"2021-08-26T08:58:28+00:00","dateModified":"2021-08-26T09:01:51+00:00","breadcrumb":{"@id":"https:\/\/outsiderland.com\/danahilliot\/de-compensations\/#breadcrumb"},"inLanguage":"fr-FR","potentialAction":[{"@type":"ReadAction","target":["https:\/\/outsiderland.com\/danahilliot\/de-compensations\/"]}]},{"@type":"BreadcrumbList","@id":"https:\/\/outsiderland.com\/danahilliot\/de-compensations\/#breadcrumb","itemListElement":[{"@type":"ListItem","position":1,"name":"Accueil","item":"https:\/\/outsiderland.com\/danahilliot\/"},{"@type":"ListItem","position":2,"name":"(D\u00e9)-Compensations"}]},{"@type":"WebSite","@id":"https:\/\/outsiderland.com\/danahilliot\/#website","url":"https:\/\/outsiderland.com\/danahilliot\/","name":"Outside Dana Hilliot","description":". Archives . Activit\u00e9s . Projets .","publisher":{"@id":"https:\/\/outsiderland.com\/danahilliot\/#\/schema\/person\/201a1fef0f5c2897bd65e98bcf6b1179"},"potentialAction":[{"@type":"SearchAction","target":{"@type":"EntryPoint","urlTemplate":"https:\/\/outsiderland.com\/danahilliot\/?s={search_term_string}"},"query-input":{"@type":"PropertyValueSpecification","valueRequired":true,"valueName":"search_term_string"}}],"inLanguage":"fr-FR"},{"@type":["Person","Organization"],"@id":"https:\/\/outsiderland.com\/danahilliot\/#\/schema\/person\/201a1fef0f5c2897bd65e98bcf6b1179","name":"danahilliot","image":{"@type":"ImageObject","inLanguage":"fr-FR","@id":"https:\/\/outsiderland.com\/danahilliot\/#\/schema\/person\/image\/","url":"https:\/\/outsiderland.com\/danahilliot\/wp-content\/uploads\/2026\/02\/50801449407_a909f2c1ad_k.jpg","contentUrl":"https:\/\/outsiderland.com\/danahilliot\/wp-content\/uploads\/2026\/02\/50801449407_a909f2c1ad_k.jpg","width":2048,"height":1536,"caption":"danahilliot"},"logo":{"@id":"https:\/\/outsiderland.com\/danahilliot\/#\/schema\/person\/image\/"}}]}},"_links":{"self":[{"href":"https:\/\/outsiderland.com\/danahilliot\/wp-json\/wp\/v2\/pages\/4172","targetHints":{"allow":["GET"]}}],"collection":[{"href":"https:\/\/outsiderland.com\/danahilliot\/wp-json\/wp\/v2\/pages"}],"about":[{"href":"https:\/\/outsiderland.com\/danahilliot\/wp-json\/wp\/v2\/types\/page"}],"author":[{"embeddable":true,"href":"https:\/\/outsiderland.com\/danahilliot\/wp-json\/wp\/v2\/users\/1"}],"replies":[{"embeddable":true,"href":"https:\/\/outsiderland.com\/danahilliot\/wp-json\/wp\/v2\/comments?post=4172"}],"version-history":[{"count":2,"href":"https:\/\/outsiderland.com\/danahilliot\/wp-json\/wp\/v2\/pages\/4172\/revisions"}],"predecessor-version":[{"id":4175,"href":"https:\/\/outsiderland.com\/danahilliot\/wp-json\/wp\/v2\/pages\/4172\/revisions\/4175"}],"wp:attachment":[{"href":"https:\/\/outsiderland.com\/danahilliot\/wp-json\/wp\/v2\/media?parent=4172"}],"wp:term":[{"taxonomy":"category","embeddable":true,"href":"https:\/\/outsiderland.com\/danahilliot\/wp-json\/wp\/v2\/categories?post=4172"},{"taxonomy":"post_tag","embeddable":true,"href":"https:\/\/outsiderland.com\/danahilliot\/wp-json\/wp\/v2\/tags?post=4172"}],"curies":[{"name":"wp","href":"https:\/\/api.w.org\/{rel}","templated":true}]}}