{"id":3471,"date":"2020-03-11T17:05:53","date_gmt":"2020-03-11T17:05:53","guid":{"rendered":"https:\/\/outsiderland.com\/danahilliot\/?page_id=3471"},"modified":"2023-09-30T12:15:51","modified_gmt":"2023-09-30T12:15:51","slug":"une-petite-bibliographie-de-recherches-recentes-en-anthropologie","status":"publish","type":"page","link":"https:\/\/outsiderland.com\/danahilliot\/une-petite-bibliographie-de-recherches-recentes-en-anthropologie\/","title":{"rendered":"Une petite bibliographie de recherches r\u00e9centes sur les groupes animistes"},"content":{"rendered":"<p>&nbsp;<\/p>\n<p>OUVRAGES COLLECTIFS :<\/p>\n<p class=\"western\">Roy Ellen (ed.) &amp; Peter Parkes (ed.) &amp; Alan Bicker (ed.), <i>Indigenous Environmental Knowledge and its Transformations<\/i>, Routledge, London, 2000.<\/p>\n<p class=\"western\">Pamela J. Stewart (ed.) &amp; Andrew Strathern (ed.),<i> Landscape, Memory And History. Anthropological Perspectives<\/i>, London ; Sterling, Virginia : Pluto Press, 2003.<\/p>\n<p class=\"western\">Alexandre Surrall\u00e9s (ed.) &amp; Pedro Garc\u00eda-Hierro (ed.), <i>The Land Within. Indigenous Territory and the Perception of Environment,<\/i> IWGIA, Copenhagen, 2005.<\/p>\n<p class=\"western\">Amiria Henare (ed.) &amp; Martin Holbraad (ed.) &amp; Sari Wastell (ed.), <i>Thinking Through Things: Theorising Artefacts Ethnographically<\/i>, Routledge, London, 2007.<\/p>\n<p>Tim Ingold (ed.) &amp; Jo Lee Vergunst (ed.), <i>Ways of Walking<\/i>, Ashgate, Surrey, 2008.<\/p>\n<p class=\"western\">Aparecida Vila\u00e7a (ed.) &amp; Robin M. Wright (ed.), <i>Native Christians. Modes and Effects of Christianity among Indigenous Peoples of the Americas<\/i>, Ashgate, 2009.<\/p>\n<p class=\"western\">Peter Jordan (ed.), <i>Landscape and Culture in Northern Eurasia<\/i>, Routledge, London, 2010.<\/p>\n<p>Karl Benediktsson (ed.) &amp; Katr\u00edn Anna Lund (ed.), <i>Conversations With Landscape<\/i>, Ashgate Publishing, Farnham, Surrey, 2010.<\/p>\n<p class=\"western\">David G. Anderson (ed), <i>The Healing Landscapes of Central and Southeastern Siberia, <\/i>University of Alberta, 2011.<\/p>\n<p class=\"western\">Monica Janowski (ed.) &amp; Tim Ingold (ed.), <i>Imagining Landscapes. Past, Present and Future<\/i>, Ashgate, Surrey, 2012.<\/p>\n<p>Marc Brightman (ed.) &amp; Vanessa Elisa Grotti (ed.)&amp; Olga Ulturgasheva (ed.), <i>Animism in Rainforest and Tundra. Personhood, Animals, Plants and Things in Contemporary Amazonia and Siberia<\/i>, Berghahn Books, 2012.<\/p>\n<p class=\"western\">Kaj Arhem (ed.) &amp; Guido Sprenger (ed.), <i>Animism in Southeast Asia<\/i>, Routledge Contemporary Southeast Asia Series, 2015.<\/p>\n<p>Cecilie Vindal \u00d8degaard (ed.) &amp; Juan Javier Rivera And\u00eda (ed.), <i>Indigenous Life Projects and Extractivism. Ethnographies from South America<\/i>, Palgrave Macmillan, 2019.<\/p>\n<p>R\u00c9FLEXION G\u00c9N\u00c9RALE<\/p>\n<p class=\"western\">Carlos Fausto, <i>Warfare and shamanism in Amazonia<\/i>. Trad. D. Rodgers. Cambridge, Cambridge University Press, 2012 [2001].<\/p>\n<p>Andrei A. Znamenski, <i>The Beauty of the Primitive. Shamanism and Western Imagination<\/i>, Oxford University Press, 2007.<\/p>\n<p>Istvan Praet, <i>Animism and the Question of Life<\/i>, Routledge, London 2015.<\/p>\n<p>Nurit Bird-David, <i>Us, Relatives. Scaling and Plural Life in a Forager World<\/i>, University of California Press, 2017.<\/p>\n<p class=\"western\">Pierre D\u00e9l\u00e9age, <i>La Folie arctique<\/i>, Bruxelles, Zones sensibles, 2017.<\/p>\n<p>Charles St\u00e9panoff, <em>Voyager dans l&rsquo;invisible. Techniques chamaniques de l&rsquo;imagination<\/em>, La D\u00e9couverte, 2020.<\/p>\n<p>MONOGRAPHIES<\/p>\n<p class=\"western\">Rita Astuti, <i>People of the Sea. Identity and Descent among the Vezo of Madagascar<\/i>, Cambridge University Press, 1995.<\/p>\n<p class=\"western\">Pernill Gooch, <i>At the Tail of the Buffalo: Van Gujjar Pastoralists between the Forest <\/i><i>and the World Arena<\/i>. Lund University Press, 1998.<\/p>\n<p class=\"western\">Andrei V. Golovnev &amp; Gail Osherenko, <i>Siberian Survival: The Nenets and Their Story,<\/i> Ithaca &amp; London, Cornell University Press, 1999.<\/p>\n<p class=\"western\">Andrei V. Golovnev &amp; Gail Osherenko, <i>Siberian Survival: The Nenets and Their Story,<\/i> Ithaca &amp; London, Cornell University Press, 1999.<\/p>\n<p>Laura M. Rival, <i>Trekking through history. <\/i><i>T<\/i><i>he Huaorani of Amazonian Ecuador<\/i>, Columbia University Press, 2002.<\/p>\n<p class=\"western\">Marie-Fran\u00e7oise Gu\u00e9don, <i>Le R\u00eave et la For\u00eat. Histoires de chamanes <\/i><i>N<\/i><i>abesna<\/i>, Qu\u00e9bec, Les Presses de l\u2019universit\u00e9 Laval, 2005.<\/p>\n<p class=\"western\">Rane Willerslev, <i>Soul Hunter<\/i><i>s. <\/i><i>Hunting, Animism, and Personhood among the Siberian Yukaghirs<\/i>, University of California Press, 2007.<\/p>\n<p class=\"western\">Jana Fortier, <i>Kings of the forest. <\/i><i>T<\/i><i>he cultural resilience of Himalayan hunter-gatherers<\/i>, University of Hawa\u00ef Press, 2009.<\/p>\n<p class=\"western\">Fernando Santos-Granero, <em>Vital Enemies<span style=\"font-size: large;\">. <\/span>Slavery, Predation, and the Amerindian Political Economy of Life<\/em>, University of Texas Press, 2009.<\/p>\n<p class=\"western\">Morten Axel Pedersen, <i>Not Quite Shamans. Spirit Worlds and Political Lives in Northern Mongolia<\/i>, Cornell University Press, 2011.<\/p>\n<p class=\"western\">Katherine Swancutt, <i>Fortune and the Cursed. The Sliding Scale of Time in Mongolian Divination<\/i>, Berghahn, NYC-Oxford, 2012.<\/p>\n<p>Harry Walker, <i>Under a Watchful Eye. Self, Power, and Intimacy in Amazonia,<\/i> University of California Press, 2012.<\/p>\n<p class=\"western\">Robin M. Wright, <i>Mysteries of the Jaguar. Shamans of the Northwest Amazon<\/i>, Nebraska University Press, 2013.<\/p>\n<p class=\"western\">Tatiana Safonova <span style=\"font-size: large;\">&amp;<\/span> Istva\u0301n Sa\u0301ntha, <i>Culture contact in Evenki land\u00a0: <\/i><i>a<\/i><i> cybernetic anthropology of the Baikal Region<\/i>, Brill 2013.<\/p>\n<p>Geremia Cometti, <i>\u00ab\u00a0Lorsque le brouillard a cess\u00e9 de nous \u00e9couter\u00a0\u00bb Changement climatique et migrations chez les Q\u2019eros des Andes p\u00e9ruviennes<\/i>, Bern, Berlin, Bruxelles, Frankfurt am Main, New York, Oxford, Wien, Peter Lang, 2015.<\/p>\n<p>Alexandra Lavrillier &amp; Semen Gabyshev, <em>An Arctic Indigenous Knowledge System of Landscape, Climate, and Human Interactions. Evenki Reindeer Herders and Hunters<\/em>, Verlag der Kulturstiftung Sibirien, SEC Publications, 2017.<\/p>\n<p>David C. Posthumus, <i>All My Relatives. Exploring Lakota Ontology, Belief, and Ritual<\/i>, University of Nebraska, 2018.<\/p>\n<p>&nbsp;<\/p>\n","protected":false},"excerpt":{"rendered":"<p>&nbsp; OUVRAGES COLLECTIFS : Roy Ellen (ed.) &amp; Peter Parkes (ed.) &amp; Alan Bicker (ed.), Indigenous Environmental Knowledge and its Transformations, Routledge, London, 2000. Pamela J. Stewart (ed.) &amp; Andrew Strathern (ed.), Landscape, Memory And History. Anthropological Perspectives, London ; Sterling, Virginia : Pluto Press, 2003. Alexandre Surrall\u00e9s (ed.) &amp; Pedro Garc\u00eda-Hierro (ed.), The Land&hellip;<\/p>\n <a href=\"https:\/\/outsiderland.com\/danahilliot\/une-petite-bibliographie-de-recherches-recentes-en-anthropologie\/\" title=\"Une petite bibliographie de recherches r\u00e9centes sur les groupes animistes\" class=\"entry-more-link\"><span>Read More<\/span> <span class=\"screen-reader-text\">Une petite bibliographie de recherches r\u00e9centes sur les groupes animistes<\/span><\/a>","protected":false},"author":1,"featured_media":0,"parent":0,"menu_order":0,"comment_status":"closed","ping_status":"closed","template":"","meta":{"Layout":"","footnotes":""},"categories":[],"tags":[],"class_list":["entry","author-danah","post-3471","page","type-page","status-publish"],"yoast_head":"<!-- This site is optimized with the Yoast SEO plugin v27.0 - https:\/\/yoast.com\/product\/yoast-seo-wordpress\/ -->\n<title>Une petite bibliographie de recherches r\u00e9centes sur les groupes animistes - Outside Dana Hilliot<\/title>\n<meta name=\"robots\" content=\"index, follow, max-snippet:-1, max-image-preview:large, max-video-preview:-1\" \/>\n<link rel=\"canonical\" href=\"https:\/\/outsiderland.com\/danahilliot\/une-petite-bibliographie-de-recherches-recentes-en-anthropologie\/\" \/>\n<meta property=\"og:locale\" content=\"fr_FR\" \/>\n<meta property=\"og:type\" content=\"article\" \/>\n<meta property=\"og:title\" content=\"Une petite bibliographie de recherches r\u00e9centes sur les groupes animistes - Outside Dana Hilliot\" \/>\n<meta property=\"og:description\" content=\"&nbsp; OUVRAGES COLLECTIFS : Roy Ellen (ed.) &amp; Peter Parkes (ed.) &amp; Alan Bicker (ed.), Indigenous Environmental Knowledge and its Transformations, Routledge, London, 2000. Pamela J. Stewart (ed.) &amp; Andrew Strathern (ed.), Landscape, Memory And History. Anthropological Perspectives, London ; Sterling, Virginia : Pluto Press, 2003. Alexandre Surrall\u00e9s (ed.) &amp; Pedro Garc\u00eda-Hierro (ed.), The Land&hellip;\" \/>\n<meta property=\"og:url\" content=\"https:\/\/outsiderland.com\/danahilliot\/une-petite-bibliographie-de-recherches-recentes-en-anthropologie\/\" \/>\n<meta property=\"og:site_name\" content=\"Outside Dana Hilliot\" \/>\n<meta property=\"article:modified_time\" content=\"2023-09-30T12:15:51+00:00\" \/>\n<meta name=\"twitter:card\" content=\"summary_large_image\" \/>\n<meta name=\"twitter:label1\" content=\"Dur\u00e9e de lecture estim\u00e9e\" \/>\n\t<meta name=\"twitter:data1\" content=\"3 minutes\" \/>\n<script type=\"application\/ld+json\" class=\"yoast-schema-graph\">{\"@context\":\"https:\/\/schema.org\",\"@graph\":[{\"@type\":\"WebPage\",\"@id\":\"https:\/\/outsiderland.com\/danahilliot\/une-petite-bibliographie-de-recherches-recentes-en-anthropologie\/\",\"url\":\"https:\/\/outsiderland.com\/danahilliot\/une-petite-bibliographie-de-recherches-recentes-en-anthropologie\/\",\"name\":\"Une petite bibliographie de recherches r\u00e9centes sur les groupes animistes - Outside Dana Hilliot\",\"isPartOf\":{\"@id\":\"https:\/\/outsiderland.com\/danahilliot\/#website\"},\"datePublished\":\"2020-03-11T17:05:53+00:00\",\"dateModified\":\"2023-09-30T12:15:51+00:00\",\"breadcrumb\":{\"@id\":\"https:\/\/outsiderland.com\/danahilliot\/une-petite-bibliographie-de-recherches-recentes-en-anthropologie\/#breadcrumb\"},\"inLanguage\":\"fr-FR\",\"potentialAction\":[{\"@type\":\"ReadAction\",\"target\":[\"https:\/\/outsiderland.com\/danahilliot\/une-petite-bibliographie-de-recherches-recentes-en-anthropologie\/\"]}]},{\"@type\":\"BreadcrumbList\",\"@id\":\"https:\/\/outsiderland.com\/danahilliot\/une-petite-bibliographie-de-recherches-recentes-en-anthropologie\/#breadcrumb\",\"itemListElement\":[{\"@type\":\"ListItem\",\"position\":1,\"name\":\"Accueil\",\"item\":\"https:\/\/outsiderland.com\/danahilliot\/\"},{\"@type\":\"ListItem\",\"position\":2,\"name\":\"Une petite bibliographie de recherches r\u00e9centes sur les groupes animistes\"}]},{\"@type\":\"WebSite\",\"@id\":\"https:\/\/outsiderland.com\/danahilliot\/#website\",\"url\":\"https:\/\/outsiderland.com\/danahilliot\/\",\"name\":\"Outside Dana Hilliot\",\"description\":\". Archives . Activit\u00e9s . Projets .\",\"publisher\":{\"@id\":\"https:\/\/outsiderland.com\/danahilliot\/#\/schema\/person\/201a1fef0f5c2897bd65e98bcf6b1179\"},\"potentialAction\":[{\"@type\":\"SearchAction\",\"target\":{\"@type\":\"EntryPoint\",\"urlTemplate\":\"https:\/\/outsiderland.com\/danahilliot\/?s={search_term_string}\"},\"query-input\":{\"@type\":\"PropertyValueSpecification\",\"valueRequired\":true,\"valueName\":\"search_term_string\"}}],\"inLanguage\":\"fr-FR\"},{\"@type\":[\"Person\",\"Organization\"],\"@id\":\"https:\/\/outsiderland.com\/danahilliot\/#\/schema\/person\/201a1fef0f5c2897bd65e98bcf6b1179\",\"name\":\"danahilliot\",\"image\":{\"@type\":\"ImageObject\",\"inLanguage\":\"fr-FR\",\"@id\":\"https:\/\/outsiderland.com\/danahilliot\/#\/schema\/person\/image\/\",\"url\":\"https:\/\/outsiderland.com\/danahilliot\/wp-content\/uploads\/2026\/02\/50801449407_a909f2c1ad_k.jpg\",\"contentUrl\":\"https:\/\/outsiderland.com\/danahilliot\/wp-content\/uploads\/2026\/02\/50801449407_a909f2c1ad_k.jpg\",\"width\":2048,\"height\":1536,\"caption\":\"danahilliot\"},\"logo\":{\"@id\":\"https:\/\/outsiderland.com\/danahilliot\/#\/schema\/person\/image\/\"}}]}<\/script>\n<!-- \/ Yoast SEO plugin. -->","yoast_head_json":{"title":"Une petite bibliographie de recherches r\u00e9centes sur les groupes animistes - Outside Dana Hilliot","robots":{"index":"index","follow":"follow","max-snippet":"max-snippet:-1","max-image-preview":"max-image-preview:large","max-video-preview":"max-video-preview:-1"},"canonical":"https:\/\/outsiderland.com\/danahilliot\/une-petite-bibliographie-de-recherches-recentes-en-anthropologie\/","og_locale":"fr_FR","og_type":"article","og_title":"Une petite bibliographie de recherches r\u00e9centes sur les groupes animistes - Outside Dana Hilliot","og_description":"&nbsp; OUVRAGES COLLECTIFS : Roy Ellen (ed.) &amp; Peter Parkes (ed.) &amp; Alan Bicker (ed.), Indigenous Environmental Knowledge and its Transformations, Routledge, London, 2000. Pamela J. Stewart (ed.) &amp; Andrew Strathern (ed.), Landscape, Memory And History. Anthropological Perspectives, London ; Sterling, Virginia : Pluto Press, 2003. Alexandre Surrall\u00e9s (ed.) &amp; Pedro Garc\u00eda-Hierro (ed.), The Land&hellip;","og_url":"https:\/\/outsiderland.com\/danahilliot\/une-petite-bibliographie-de-recherches-recentes-en-anthropologie\/","og_site_name":"Outside Dana Hilliot","article_modified_time":"2023-09-30T12:15:51+00:00","twitter_card":"summary_large_image","twitter_misc":{"Dur\u00e9e de lecture estim\u00e9e":"3 minutes"},"schema":{"@context":"https:\/\/schema.org","@graph":[{"@type":"WebPage","@id":"https:\/\/outsiderland.com\/danahilliot\/une-petite-bibliographie-de-recherches-recentes-en-anthropologie\/","url":"https:\/\/outsiderland.com\/danahilliot\/une-petite-bibliographie-de-recherches-recentes-en-anthropologie\/","name":"Une petite bibliographie de recherches r\u00e9centes sur les groupes animistes - Outside Dana Hilliot","isPartOf":{"@id":"https:\/\/outsiderland.com\/danahilliot\/#website"},"datePublished":"2020-03-11T17:05:53+00:00","dateModified":"2023-09-30T12:15:51+00:00","breadcrumb":{"@id":"https:\/\/outsiderland.com\/danahilliot\/une-petite-bibliographie-de-recherches-recentes-en-anthropologie\/#breadcrumb"},"inLanguage":"fr-FR","potentialAction":[{"@type":"ReadAction","target":["https:\/\/outsiderland.com\/danahilliot\/une-petite-bibliographie-de-recherches-recentes-en-anthropologie\/"]}]},{"@type":"BreadcrumbList","@id":"https:\/\/outsiderland.com\/danahilliot\/une-petite-bibliographie-de-recherches-recentes-en-anthropologie\/#breadcrumb","itemListElement":[{"@type":"ListItem","position":1,"name":"Accueil","item":"https:\/\/outsiderland.com\/danahilliot\/"},{"@type":"ListItem","position":2,"name":"Une petite bibliographie de recherches r\u00e9centes sur les groupes animistes"}]},{"@type":"WebSite","@id":"https:\/\/outsiderland.com\/danahilliot\/#website","url":"https:\/\/outsiderland.com\/danahilliot\/","name":"Outside Dana Hilliot","description":". Archives . Activit\u00e9s . Projets .","publisher":{"@id":"https:\/\/outsiderland.com\/danahilliot\/#\/schema\/person\/201a1fef0f5c2897bd65e98bcf6b1179"},"potentialAction":[{"@type":"SearchAction","target":{"@type":"EntryPoint","urlTemplate":"https:\/\/outsiderland.com\/danahilliot\/?s={search_term_string}"},"query-input":{"@type":"PropertyValueSpecification","valueRequired":true,"valueName":"search_term_string"}}],"inLanguage":"fr-FR"},{"@type":["Person","Organization"],"@id":"https:\/\/outsiderland.com\/danahilliot\/#\/schema\/person\/201a1fef0f5c2897bd65e98bcf6b1179","name":"danahilliot","image":{"@type":"ImageObject","inLanguage":"fr-FR","@id":"https:\/\/outsiderland.com\/danahilliot\/#\/schema\/person\/image\/","url":"https:\/\/outsiderland.com\/danahilliot\/wp-content\/uploads\/2026\/02\/50801449407_a909f2c1ad_k.jpg","contentUrl":"https:\/\/outsiderland.com\/danahilliot\/wp-content\/uploads\/2026\/02\/50801449407_a909f2c1ad_k.jpg","width":2048,"height":1536,"caption":"danahilliot"},"logo":{"@id":"https:\/\/outsiderland.com\/danahilliot\/#\/schema\/person\/image\/"}}]}},"_links":{"self":[{"href":"https:\/\/outsiderland.com\/danahilliot\/wp-json\/wp\/v2\/pages\/3471","targetHints":{"allow":["GET"]}}],"collection":[{"href":"https:\/\/outsiderland.com\/danahilliot\/wp-json\/wp\/v2\/pages"}],"about":[{"href":"https:\/\/outsiderland.com\/danahilliot\/wp-json\/wp\/v2\/types\/page"}],"author":[{"embeddable":true,"href":"https:\/\/outsiderland.com\/danahilliot\/wp-json\/wp\/v2\/users\/1"}],"replies":[{"embeddable":true,"href":"https:\/\/outsiderland.com\/danahilliot\/wp-json\/wp\/v2\/comments?post=3471"}],"version-history":[{"count":15,"href":"https:\/\/outsiderland.com\/danahilliot\/wp-json\/wp\/v2\/pages\/3471\/revisions"}],"predecessor-version":[{"id":4655,"href":"https:\/\/outsiderland.com\/danahilliot\/wp-json\/wp\/v2\/pages\/3471\/revisions\/4655"}],"wp:attachment":[{"href":"https:\/\/outsiderland.com\/danahilliot\/wp-json\/wp\/v2\/media?parent=3471"}],"wp:term":[{"taxonomy":"category","embeddable":true,"href":"https:\/\/outsiderland.com\/danahilliot\/wp-json\/wp\/v2\/categories?post=3471"},{"taxonomy":"post_tag","embeddable":true,"href":"https:\/\/outsiderland.com\/danahilliot\/wp-json\/wp\/v2\/tags?post=3471"}],"curies":[{"name":"wp","href":"https:\/\/api.w.org\/{rel}","templated":true}]}}