{"id":3201,"date":"2019-10-13T20:36:42","date_gmt":"2019-10-13T20:36:42","guid":{"rendered":"https:\/\/outsiderland.com\/danahilliot\/?page_id=3201"},"modified":"2025-10-12T09:46:08","modified_gmt":"2025-10-12T09:46:08","slug":"mon-premier-et-dernier-automne","status":"publish","type":"page","link":"https:\/\/outsiderland.com\/danahilliot\/mon-premier-et-dernier-automne\/","title":{"rendered":"Mon premier et dernier automne"},"content":{"rendered":"<div data-contents=\"true\">\n<div class=\"\" data-block=\"true\" data-editor=\"5k03g\" data-offset-key=\"1nb1m-0-0\">\n<div class=\"_1mf _1mj\" data-offset-key=\"1nb1m-0-0\"><span data-offset-key=\"1nb1m-0-0\">Mon automne d\u00e9finitif et \u00e0 tout jamais c&rsquo;est quand je traversais le parc de Blossac, \u00e0 grand pas et le c\u0153ur si l\u00e9ger, on \u00e9tait en 1986, je venais de faire mon entr\u00e9e \u00e0 la facult\u00e9 de philosophie, \u00e0 l&rsquo;H\u00f4tel Fum\u00e9, un endroit magnifique, aux fa\u00e7ades gothiques, o\u00f9 l&rsquo;on imaginait tr\u00e8s bien qu&rsquo;autrefois \u00e9tudiaient Rabelais, Bacon, Descartes et Du Bellay. J&rsquo;habitais avec mon fr\u00e8re, il avait seize ans, j&rsquo;en avais deux de plus, mes parents, apr\u00e8s le divorce, avaient consid\u00e9r\u00e9 qu&rsquo;on \u00e9tait \u00e0 m\u00eame de se d\u00e9brouiller tous les deux (et ils n&rsquo;avaient pas tort), dans un appartement moderne rue de la Souche, au loyer mod\u00e9r\u00e9, et chaque jour j&rsquo;allais au centre ville, \u00e0 pied, passais par le parc de Blossac, le walkman sur les oreilles, \u00e9coutant les Smiths en boucle sous une pluie de feuilles mortes qui dansaient sans doute pour accompagner les m\u00e9lop\u00e9es de Morrissey. <em>Some Girls are bigger than others<\/em>. Le vent soufflait sur les remparts et parfois je m&rsquo;arr\u00eatais pour observer les confins de la ville au sud, ou bien j&rsquo;allais dire bonjour aux ch\u00e8vres naines dont l&rsquo;enclos se situait au milieu du parc.<em> Sixteen clumsy and shy, I went to london and died<\/em> (j&rsquo;adorais cette chanson, elle me transporte imm\u00e9diatement dans ce parc, il y a maintenant si longtemps). On vivait chichement : mon fr\u00e8re \u00e9tait au lyc\u00e9e, traficotait un peu (et \u00e7a a failli mal tourner plus d&rsquo;une fois), moi, j&rsquo;avais deux emplois, je faisais des piges pour le journal local et la nuit, distribuais des prospectus dans les bo\u00eetes aux lettres. L&rsquo;\u00e9t\u00e9 d&rsquo;avant, j&rsquo;avais travaill\u00e9 deux mois \u00e0 l&rsquo;usine &#8211; \u00e7a m&rsquo;avait motiv\u00e9 \u00e0 m&rsquo;engager dans les \u00e9tudes (tout mais pas l&rsquo;usine !). Mon p\u00e8re nous aidait pour le loyer. Mon fr\u00e8re flirtait avec la d\u00e9linquance pure et simple, et tous les jeunes punks de la ville squattaient notre appartement (nous \u00e9tions rarement seuls l\u00e0-dedans). <em>Bigmouth strike again<\/em>. J&rsquo;avais une automobile et le permis, et la plupart du temps, je servais de chauffeur \u00e0 cette joyeuse troupe &#8211; c&rsquo;est juste un miracle si j&rsquo;ai surv\u00e9cu \u00e0 cette p\u00e9riode vu les \u00e9tats dans lesquels j&rsquo;ai conduit. Pour le reste, je me contentais de menus larcins, volant surtout des livres, mais aussi de l&rsquo;alcool et des bo\u00eetes de thon, et quand nous avions vraiment faim, on allait chez un ami, on se faisait un vernissage d&rsquo;exposition ou on d\u00e9barquait au flunch (pour un plat peu on\u00e9reux, c&rsquo;\u00e9tait l\u00e9gumes \u00e0 volont\u00e9 &#8211; on faisait une razzia, et des r\u00e9serves). Mais la vie n&rsquo;\u00e9tait pas ch\u00e8re en ce temps l\u00e0, et je disposais d&rsquo;une \u00e9nergie formidable. <em>Now I know how Joan of Arc felt as the flames rose to her Roman nose and her walkman started to melt.<\/em> On passait nos soir\u00e9es dehors, il y avait toujours un plan, bon ou mauvais, mais un truc \u00e0 ne pas louper, et puis on s&rsquo;\u00e9tait lanc\u00e9 dans la musique &#8211; notre radicalit\u00e9 en toutes choses, pour dire vite, plut\u00f4t que la musique elle-m\u00eame, nous valut un certain succ\u00e8s, mais seules quelques K7 d&rsquo;A Very Sad Experiment (le nom du groupe) virent le jour, copi\u00e9es et recopi\u00e9es \u00e0 quelques exemplaires, et ma foi, la musique n&rsquo;y a rien perdu. Il y avait l&rsquo;amour bien s\u00fbr, et quand j&rsquo;allais par le parc de Blossac, je me sentais comme saisi par une sorte de gr\u00e2ce, \u00e0 cause de l&rsquo;automne et \u00e0 cause de l&rsquo;amour qui tournoyait comme une farandole confuse l\u00e0 tout autour : un jour, en sortant du parc, un voiture d\u00e9capotable de luxe s&rsquo;arr\u00eate \u00e0 ma hauteur, un type genre jeune cadre tr\u00e8s dynamique me demande si je veux monter, j&rsquo;ai dit non cette fois-ci, mais c&rsquo;\u00e9tait un peu tout le temps comme \u00e7a, et souvent, je disais oui. \u00c9videmment, bien que passant rarement la nuit seul, je n&rsquo;aimais qu&rsquo;une seule femme, celle l\u00e0-m\u00eame qui me d\u00e9daignait (la suite, je l&rsquo;ai racont\u00e9e ailleurs). <\/span><\/div>\n<\/div>\n<\/div>\n<div data-offset-key=\"1nb1m-0-0\"><\/div>\n<div data-contents=\"true\">\n<div class=\"\" data-block=\"true\" data-editor=\"5k03g\" data-offset-key=\"1nb1m-0-0\">\n<div class=\"_1mf _1mj\" data-offset-key=\"1nb1m-0-0\"><span data-offset-key=\"1nb1m-0-0\">Traversant le parc, j&rsquo;\u00e9tais cens\u00e9 aller \u00e0 la facult\u00e9. Mais avant le quartier \u00e9tudiant, il fallait s&rsquo;enfiler quelques rues pi\u00e9tonnes, et r\u00e9sister \u00e0 leurs pi\u00e8ges : le caf\u00e9 chez Laurette (sic ! comme dans la belle chanson de Michel Delpech) et le bar de l&rsquo;H\u00f4tel de ville (je n&rsquo;y r\u00e9sistais pour ainsi dire jamais) &#8211; ha celui-l\u00e0, le BHV, j&rsquo;ai us\u00e9 mes fonds de futale \u00e0 son comptoir plus que sur les bancs de la fac ! Un bar comme on n&rsquo;en fait plus (devenu d&rsquo;ailleurs depuis un endroit branch\u00e9 pour bobos. Avec mon ami David, une dizaine d&rsquo;ann\u00e9es plus tard, nous avions consacr\u00e9 une chanson en hommage \u00e0 notre bar initiatique, qu&rsquo;on avait jou\u00e9 \u00e0 la terrasse, c&rsquo;\u00e9tait peu avant qu&rsquo;il ferme), tout en longueur et fort \u00e9troit, rep\u00e8re de tous les alcooliques et de tous les d\u00e9chets de la ville, vagabonds et bandits, anciennes gloires d\u00e9class\u00e9es ou vieillards en d\u00e9route, nous y \u00e9tions parfaitement \u00e0 notre place en tant que futurs d\u00e9chets, et le couple qui le tenait, je me souviens parfaitement de leur visage, sont-ils encore en vie ?, c&rsquo;\u00e9tait comme nos parents. On payait pas toujours, mais un vieux po\u00e8te avin\u00e9 s&#8217;empressait immanquablement de nous d\u00e9panner, et ma foi, \u00e0 propos de po\u00e9sie, j&rsquo;en ai entendu plus \u00e0 cet endroit que nul par ailleurs au cours de ma vie aventureuse. On se forme o\u00f9 l&rsquo;on peut. \u00c9trangement, malgr\u00e9 mon assiduit\u00e9 limit\u00e9e (environ deux heures de cours par semaine), j&rsquo;obtiendrais au printemps le droit de passer en seconde ann\u00e9e de philosophie (mais j&rsquo;avais un truc \u00e9videmment ! Quelques mois dans l&rsquo;ann\u00e9e, je me transformais en une sorte d&rsquo;asc\u00e8te, passant des semaines enti\u00e8res \u00e0 la biblioth\u00e8que ou partant en randonn\u00e9e le sac au dos &#8211; cet asc\u00e9tisme m&rsquo;a sauv\u00e9 sans doute, sans quoi je serais probablement \u00e0 la rue, et plus probablement encore mort et enterr\u00e9 depuis des lustres).<\/span><\/div>\n<\/div>\n<div class=\"\" data-block=\"true\" data-editor=\"5k03g\" data-offset-key=\"cofrm-0-0\">\n<div class=\"_1mf _1mj\" data-offset-key=\"cofrm-0-0\">\n<p>Bref, voici l&rsquo;automne, et comme il convient, tous les souvenirs reviennent, et bien des visages et quelques corps aussi, peu de noms, je n&rsquo;ai pas la m\u00e9moire des noms, pas mal de tristesse aussi en songeant \u00e0 celles et ceux qui, br\u00fblant \u00e0 l&rsquo;\u00e9poque avec moi, se seront consum\u00e9s tout \u00e0 fait.<\/p>\n<p>(pour une id\u00e9e de l&rsquo;ambiance &rsquo;86 \u00e0 Poitiers, il y a ce texte, pas tr\u00e8s bien \u00e9crit mais qui vaut \u00e0 mes yeux pour son c\u00f4t\u00e9 documentaire &#8211; je raconte le souvenir d&rsquo;un jour et d&rsquo;une nuit o\u00f9 je cherchais mon fr\u00e8re dans la ville &#8211; il devait passer son bac mais avait disparu de la circulation :<br \/>\n<a href=\"https:\/\/outsiderland.com\/danahilliot\/mon-frere\/\">https:\/\/outsiderland.com\/danahilliot\/mon-frere\/<\/a>)<\/p>\n<\/div>\n<\/div>\n<\/div>\n","protected":false},"excerpt":{"rendered":"<p>Mon automne d\u00e9finitif et \u00e0 tout jamais c&rsquo;est quand je traversais le parc de Blossac, \u00e0 grand pas et le c\u0153ur si l\u00e9ger, on \u00e9tait en 1986, je venais de faire mon entr\u00e9e \u00e0 la facult\u00e9 de philosophie, \u00e0 l&rsquo;H\u00f4tel Fum\u00e9, un endroit magnifique, aux fa\u00e7ades gothiques, o\u00f9 l&rsquo;on imaginait tr\u00e8s bien qu&rsquo;autrefois \u00e9tudiaient Rabelais,&hellip;<\/p>\n <a href=\"https:\/\/outsiderland.com\/danahilliot\/mon-premier-et-dernier-automne\/\" title=\"Mon premier et dernier automne\" class=\"entry-more-link\"><span>Read More<\/span> <span class=\"screen-reader-text\">Mon premier et dernier automne<\/span><\/a>","protected":false},"author":1,"featured_media":0,"parent":0,"menu_order":0,"comment_status":"closed","ping_status":"closed","template":"","meta":{"Layout":"","footnotes":""},"categories":[120],"tags":[126],"class_list":["entry","author-danah","post-3201","page","type-page","status-publish","category-observation","tag-observation"],"yoast_head":"<!-- This site is optimized with the Yoast SEO plugin v27.0 - https:\/\/yoast.com\/product\/yoast-seo-wordpress\/ -->\n<title>Mon premier et dernier automne - Outside Dana Hilliot<\/title>\n<meta name=\"robots\" content=\"index, follow, max-snippet:-1, max-image-preview:large, max-video-preview:-1\" \/>\n<link rel=\"canonical\" href=\"https:\/\/outsiderland.com\/danahilliot\/mon-premier-et-dernier-automne\/\" \/>\n<meta property=\"og:locale\" content=\"fr_FR\" \/>\n<meta property=\"og:type\" content=\"article\" \/>\n<meta property=\"og:title\" content=\"Mon premier et dernier automne - Outside Dana Hilliot\" \/>\n<meta property=\"og:description\" content=\"Mon automne d\u00e9finitif et \u00e0 tout jamais c&rsquo;est quand je traversais le parc de Blossac, \u00e0 grand pas et le c\u0153ur si l\u00e9ger, on \u00e9tait en 1986, je venais de faire mon entr\u00e9e \u00e0 la facult\u00e9 de philosophie, \u00e0 l&rsquo;H\u00f4tel Fum\u00e9, un endroit magnifique, aux fa\u00e7ades gothiques, o\u00f9 l&rsquo;on imaginait tr\u00e8s bien qu&rsquo;autrefois \u00e9tudiaient Rabelais,&hellip;\" \/>\n<meta property=\"og:url\" content=\"https:\/\/outsiderland.com\/danahilliot\/mon-premier-et-dernier-automne\/\" \/>\n<meta property=\"og:site_name\" content=\"Outside Dana Hilliot\" \/>\n<meta property=\"article:modified_time\" content=\"2025-10-12T09:46:08+00:00\" \/>\n<meta name=\"twitter:card\" content=\"summary_large_image\" \/>\n<meta name=\"twitter:label1\" content=\"Dur\u00e9e de lecture estim\u00e9e\" \/>\n\t<meta name=\"twitter:data1\" content=\"6 minutes\" \/>\n<script type=\"application\/ld+json\" class=\"yoast-schema-graph\">{\"@context\":\"https:\/\/schema.org\",\"@graph\":[{\"@type\":\"WebPage\",\"@id\":\"https:\/\/outsiderland.com\/danahilliot\/mon-premier-et-dernier-automne\/\",\"url\":\"https:\/\/outsiderland.com\/danahilliot\/mon-premier-et-dernier-automne\/\",\"name\":\"Mon premier et dernier automne - Outside Dana Hilliot\",\"isPartOf\":{\"@id\":\"https:\/\/outsiderland.com\/danahilliot\/#website\"},\"datePublished\":\"2019-10-13T20:36:42+00:00\",\"dateModified\":\"2025-10-12T09:46:08+00:00\",\"breadcrumb\":{\"@id\":\"https:\/\/outsiderland.com\/danahilliot\/mon-premier-et-dernier-automne\/#breadcrumb\"},\"inLanguage\":\"fr-FR\",\"potentialAction\":[{\"@type\":\"ReadAction\",\"target\":[\"https:\/\/outsiderland.com\/danahilliot\/mon-premier-et-dernier-automne\/\"]}]},{\"@type\":\"BreadcrumbList\",\"@id\":\"https:\/\/outsiderland.com\/danahilliot\/mon-premier-et-dernier-automne\/#breadcrumb\",\"itemListElement\":[{\"@type\":\"ListItem\",\"position\":1,\"name\":\"Accueil\",\"item\":\"https:\/\/outsiderland.com\/danahilliot\/\"},{\"@type\":\"ListItem\",\"position\":2,\"name\":\"Mon premier et dernier automne\"}]},{\"@type\":\"WebSite\",\"@id\":\"https:\/\/outsiderland.com\/danahilliot\/#website\",\"url\":\"https:\/\/outsiderland.com\/danahilliot\/\",\"name\":\"Outside Dana Hilliot\",\"description\":\". Archives . Activit\u00e9s . Projets .\",\"publisher\":{\"@id\":\"https:\/\/outsiderland.com\/danahilliot\/#\/schema\/person\/201a1fef0f5c2897bd65e98bcf6b1179\"},\"potentialAction\":[{\"@type\":\"SearchAction\",\"target\":{\"@type\":\"EntryPoint\",\"urlTemplate\":\"https:\/\/outsiderland.com\/danahilliot\/?s={search_term_string}\"},\"query-input\":{\"@type\":\"PropertyValueSpecification\",\"valueRequired\":true,\"valueName\":\"search_term_string\"}}],\"inLanguage\":\"fr-FR\"},{\"@type\":[\"Person\",\"Organization\"],\"@id\":\"https:\/\/outsiderland.com\/danahilliot\/#\/schema\/person\/201a1fef0f5c2897bd65e98bcf6b1179\",\"name\":\"danahilliot\",\"image\":{\"@type\":\"ImageObject\",\"inLanguage\":\"fr-FR\",\"@id\":\"https:\/\/outsiderland.com\/danahilliot\/#\/schema\/person\/image\/\",\"url\":\"https:\/\/outsiderland.com\/danahilliot\/wp-content\/uploads\/2026\/02\/50801449407_a909f2c1ad_k.jpg\",\"contentUrl\":\"https:\/\/outsiderland.com\/danahilliot\/wp-content\/uploads\/2026\/02\/50801449407_a909f2c1ad_k.jpg\",\"width\":2048,\"height\":1536,\"caption\":\"danahilliot\"},\"logo\":{\"@id\":\"https:\/\/outsiderland.com\/danahilliot\/#\/schema\/person\/image\/\"}}]}<\/script>\n<!-- \/ Yoast SEO plugin. -->","yoast_head_json":{"title":"Mon premier et dernier automne - Outside Dana Hilliot","robots":{"index":"index","follow":"follow","max-snippet":"max-snippet:-1","max-image-preview":"max-image-preview:large","max-video-preview":"max-video-preview:-1"},"canonical":"https:\/\/outsiderland.com\/danahilliot\/mon-premier-et-dernier-automne\/","og_locale":"fr_FR","og_type":"article","og_title":"Mon premier et dernier automne - Outside Dana Hilliot","og_description":"Mon automne d\u00e9finitif et \u00e0 tout jamais c&rsquo;est quand je traversais le parc de Blossac, \u00e0 grand pas et le c\u0153ur si l\u00e9ger, on \u00e9tait en 1986, je venais de faire mon entr\u00e9e \u00e0 la facult\u00e9 de philosophie, \u00e0 l&rsquo;H\u00f4tel Fum\u00e9, un endroit magnifique, aux fa\u00e7ades gothiques, o\u00f9 l&rsquo;on imaginait tr\u00e8s bien qu&rsquo;autrefois \u00e9tudiaient Rabelais,&hellip;","og_url":"https:\/\/outsiderland.com\/danahilliot\/mon-premier-et-dernier-automne\/","og_site_name":"Outside Dana Hilliot","article_modified_time":"2025-10-12T09:46:08+00:00","twitter_card":"summary_large_image","twitter_misc":{"Dur\u00e9e de lecture estim\u00e9e":"6 minutes"},"schema":{"@context":"https:\/\/schema.org","@graph":[{"@type":"WebPage","@id":"https:\/\/outsiderland.com\/danahilliot\/mon-premier-et-dernier-automne\/","url":"https:\/\/outsiderland.com\/danahilliot\/mon-premier-et-dernier-automne\/","name":"Mon premier et dernier automne - Outside Dana Hilliot","isPartOf":{"@id":"https:\/\/outsiderland.com\/danahilliot\/#website"},"datePublished":"2019-10-13T20:36:42+00:00","dateModified":"2025-10-12T09:46:08+00:00","breadcrumb":{"@id":"https:\/\/outsiderland.com\/danahilliot\/mon-premier-et-dernier-automne\/#breadcrumb"},"inLanguage":"fr-FR","potentialAction":[{"@type":"ReadAction","target":["https:\/\/outsiderland.com\/danahilliot\/mon-premier-et-dernier-automne\/"]}]},{"@type":"BreadcrumbList","@id":"https:\/\/outsiderland.com\/danahilliot\/mon-premier-et-dernier-automne\/#breadcrumb","itemListElement":[{"@type":"ListItem","position":1,"name":"Accueil","item":"https:\/\/outsiderland.com\/danahilliot\/"},{"@type":"ListItem","position":2,"name":"Mon premier et dernier automne"}]},{"@type":"WebSite","@id":"https:\/\/outsiderland.com\/danahilliot\/#website","url":"https:\/\/outsiderland.com\/danahilliot\/","name":"Outside Dana Hilliot","description":". Archives . Activit\u00e9s . Projets .","publisher":{"@id":"https:\/\/outsiderland.com\/danahilliot\/#\/schema\/person\/201a1fef0f5c2897bd65e98bcf6b1179"},"potentialAction":[{"@type":"SearchAction","target":{"@type":"EntryPoint","urlTemplate":"https:\/\/outsiderland.com\/danahilliot\/?s={search_term_string}"},"query-input":{"@type":"PropertyValueSpecification","valueRequired":true,"valueName":"search_term_string"}}],"inLanguage":"fr-FR"},{"@type":["Person","Organization"],"@id":"https:\/\/outsiderland.com\/danahilliot\/#\/schema\/person\/201a1fef0f5c2897bd65e98bcf6b1179","name":"danahilliot","image":{"@type":"ImageObject","inLanguage":"fr-FR","@id":"https:\/\/outsiderland.com\/danahilliot\/#\/schema\/person\/image\/","url":"https:\/\/outsiderland.com\/danahilliot\/wp-content\/uploads\/2026\/02\/50801449407_a909f2c1ad_k.jpg","contentUrl":"https:\/\/outsiderland.com\/danahilliot\/wp-content\/uploads\/2026\/02\/50801449407_a909f2c1ad_k.jpg","width":2048,"height":1536,"caption":"danahilliot"},"logo":{"@id":"https:\/\/outsiderland.com\/danahilliot\/#\/schema\/person\/image\/"}}]}},"_links":{"self":[{"href":"https:\/\/outsiderland.com\/danahilliot\/wp-json\/wp\/v2\/pages\/3201","targetHints":{"allow":["GET"]}}],"collection":[{"href":"https:\/\/outsiderland.com\/danahilliot\/wp-json\/wp\/v2\/pages"}],"about":[{"href":"https:\/\/outsiderland.com\/danahilliot\/wp-json\/wp\/v2\/types\/page"}],"author":[{"embeddable":true,"href":"https:\/\/outsiderland.com\/danahilliot\/wp-json\/wp\/v2\/users\/1"}],"replies":[{"embeddable":true,"href":"https:\/\/outsiderland.com\/danahilliot\/wp-json\/wp\/v2\/comments?post=3201"}],"version-history":[{"count":4,"href":"https:\/\/outsiderland.com\/danahilliot\/wp-json\/wp\/v2\/pages\/3201\/revisions"}],"predecessor-version":[{"id":4797,"href":"https:\/\/outsiderland.com\/danahilliot\/wp-json\/wp\/v2\/pages\/3201\/revisions\/4797"}],"wp:attachment":[{"href":"https:\/\/outsiderland.com\/danahilliot\/wp-json\/wp\/v2\/media?parent=3201"}],"wp:term":[{"taxonomy":"category","embeddable":true,"href":"https:\/\/outsiderland.com\/danahilliot\/wp-json\/wp\/v2\/categories?post=3201"},{"taxonomy":"post_tag","embeddable":true,"href":"https:\/\/outsiderland.com\/danahilliot\/wp-json\/wp\/v2\/tags?post=3201"}],"curies":[{"name":"wp","href":"https:\/\/api.w.org\/{rel}","templated":true}]}}