{"id":306,"date":"2014-04-16T16:27:03","date_gmt":"2014-04-16T15:27:03","guid":{"rendered":"https:\/\/outsiderland.com\/outside\/?page_id=306"},"modified":"2022-11-04T12:08:49","modified_gmt":"2022-11-04T12:08:49","slug":"de-la-dissemination-de-la-musique","status":"publish","type":"page","link":"https:\/\/outsiderland.com\/danahilliot\/de-la-dissemination-de-la-musique\/","title":{"rendered":"De la Diss\u00e9mination de la musique"},"content":{"rendered":"<p>Cet essai a circul\u00e9 dans la premi\u00e8re d\u00e9cennie des ann\u00e9es 2000, et constitue pour ainsi dire la manifestation la plus \u00e9tendue de mes efforts de militant pour la cause des licences libres et ouvertes. Bien des questions me semblent aujourd&rsquo;hui tout \u00e0 fait p\u00e9rim\u00e9es, et la mani\u00e8re dont j&rsquo;envisage les probl\u00e8mes pos\u00e9s par la diffusion de l&rsquo;art me para\u00eet franchement discutable. Ce texte a toutefois constitu\u00e9 un point de d\u00e9part pour de nombreux d\u00e9bats &#8211; j&rsquo;ignore s&rsquo;il est encore consult\u00e9 aujourd&rsquo;hui.<\/p>\n<p><a href=\"https:\/\/outsiderland.com\/divers\/danahilliot-deladisseminationdelamusique.pdf\" target=\"_blank\" rel=\"noopener\">De la Diss\u00e9mination de la musique<\/a> (version PDF)<\/p>\n<p>&nbsp;<\/p>\n<p>&nbsp;<\/p>\n","protected":false},"excerpt":{"rendered":"<p>Cet essai a circul\u00e9 dans la premi\u00e8re d\u00e9cennie des ann\u00e9es 2000, et constitue pour ainsi dire la manifestation la plus \u00e9tendue de mes efforts de militant pour la cause des licences libres et ouvertes. Bien des questions me semblent aujourd&rsquo;hui tout \u00e0 fait p\u00e9rim\u00e9es, et la mani\u00e8re dont j&rsquo;envisage les probl\u00e8mes pos\u00e9s par la diffusion&hellip;<\/p>\n <a href=\"https:\/\/outsiderland.com\/danahilliot\/de-la-dissemination-de-la-musique\/\" title=\"De la Diss\u00e9mination de la musique\" class=\"entry-more-link\"><span>Read More<\/span> <span class=\"screen-reader-text\">De la Diss\u00e9mination de la musique<\/span><\/a>","protected":false},"author":1,"featured_media":0,"parent":0,"menu_order":0,"comment_status":"closed","ping_status":"open","template":"","meta":{"Layout":"","footnotes":""},"categories":[],"tags":[],"class_list":["entry","author-danah","post-306","page","type-page","status-publish"],"yoast_head":"<!-- This site is optimized with the Yoast SEO plugin v27.0 - https:\/\/yoast.com\/product\/yoast-seo-wordpress\/ -->\n<title>De la Diss\u00e9mination de la musique - Outside Dana Hilliot<\/title>\n<meta name=\"robots\" content=\"index, follow, max-snippet:-1, max-image-preview:large, max-video-preview:-1\" \/>\n<link rel=\"canonical\" href=\"https:\/\/outsiderland.com\/danahilliot\/de-la-dissemination-de-la-musique\/\" \/>\n<meta property=\"og:locale\" content=\"fr_FR\" \/>\n<meta property=\"og:type\" content=\"article\" \/>\n<meta property=\"og:title\" content=\"De la Diss\u00e9mination de la musique - Outside Dana Hilliot\" \/>\n<meta property=\"og:description\" content=\"Cet essai a circul\u00e9 dans la premi\u00e8re d\u00e9cennie des ann\u00e9es 2000, et constitue pour ainsi dire la manifestation la plus \u00e9tendue de mes efforts de militant pour la cause des licences libres et ouvertes. Bien des questions me semblent aujourd&rsquo;hui tout \u00e0 fait p\u00e9rim\u00e9es, et la mani\u00e8re dont j&rsquo;envisage les probl\u00e8mes pos\u00e9s par la diffusion&hellip;\" \/>\n<meta property=\"og:url\" content=\"https:\/\/outsiderland.com\/danahilliot\/de-la-dissemination-de-la-musique\/\" \/>\n<meta property=\"og:site_name\" content=\"Outside Dana Hilliot\" \/>\n<meta property=\"article:modified_time\" content=\"2022-11-04T12:08:49+00:00\" \/>\n<meta name=\"twitter:card\" content=\"summary_large_image\" \/>\n<meta name=\"twitter:label1\" content=\"Dur\u00e9e de lecture estim\u00e9e\" \/>\n\t<meta name=\"twitter:data1\" content=\"1 minute\" \/>\n<script type=\"application\/ld+json\" class=\"yoast-schema-graph\">{\"@context\":\"https:\/\/schema.org\",\"@graph\":[{\"@type\":\"WebPage\",\"@id\":\"https:\/\/outsiderland.com\/danahilliot\/de-la-dissemination-de-la-musique\/\",\"url\":\"https:\/\/outsiderland.com\/danahilliot\/de-la-dissemination-de-la-musique\/\",\"name\":\"De la Diss\u00e9mination de la musique - Outside Dana Hilliot\",\"isPartOf\":{\"@id\":\"https:\/\/outsiderland.com\/danahilliot\/#website\"},\"datePublished\":\"2014-04-16T15:27:03+00:00\",\"dateModified\":\"2022-11-04T12:08:49+00:00\",\"breadcrumb\":{\"@id\":\"https:\/\/outsiderland.com\/danahilliot\/de-la-dissemination-de-la-musique\/#breadcrumb\"},\"inLanguage\":\"fr-FR\",\"potentialAction\":[{\"@type\":\"ReadAction\",\"target\":[\"https:\/\/outsiderland.com\/danahilliot\/de-la-dissemination-de-la-musique\/\"]}]},{\"@type\":\"BreadcrumbList\",\"@id\":\"https:\/\/outsiderland.com\/danahilliot\/de-la-dissemination-de-la-musique\/#breadcrumb\",\"itemListElement\":[{\"@type\":\"ListItem\",\"position\":1,\"name\":\"Accueil\",\"item\":\"https:\/\/outsiderland.com\/danahilliot\/\"},{\"@type\":\"ListItem\",\"position\":2,\"name\":\"De la Diss\u00e9mination de la musique\"}]},{\"@type\":\"WebSite\",\"@id\":\"https:\/\/outsiderland.com\/danahilliot\/#website\",\"url\":\"https:\/\/outsiderland.com\/danahilliot\/\",\"name\":\"Outside Dana Hilliot\",\"description\":\". Archives . Activit\u00e9s . Projets .\",\"publisher\":{\"@id\":\"https:\/\/outsiderland.com\/danahilliot\/#\/schema\/person\/201a1fef0f5c2897bd65e98bcf6b1179\"},\"potentialAction\":[{\"@type\":\"SearchAction\",\"target\":{\"@type\":\"EntryPoint\",\"urlTemplate\":\"https:\/\/outsiderland.com\/danahilliot\/?s={search_term_string}\"},\"query-input\":{\"@type\":\"PropertyValueSpecification\",\"valueRequired\":true,\"valueName\":\"search_term_string\"}}],\"inLanguage\":\"fr-FR\"},{\"@type\":[\"Person\",\"Organization\"],\"@id\":\"https:\/\/outsiderland.com\/danahilliot\/#\/schema\/person\/201a1fef0f5c2897bd65e98bcf6b1179\",\"name\":\"danahilliot\",\"image\":{\"@type\":\"ImageObject\",\"inLanguage\":\"fr-FR\",\"@id\":\"https:\/\/outsiderland.com\/danahilliot\/#\/schema\/person\/image\/\",\"url\":\"https:\/\/outsiderland.com\/danahilliot\/wp-content\/uploads\/2026\/02\/50801449407_a909f2c1ad_k.jpg\",\"contentUrl\":\"https:\/\/outsiderland.com\/danahilliot\/wp-content\/uploads\/2026\/02\/50801449407_a909f2c1ad_k.jpg\",\"width\":2048,\"height\":1536,\"caption\":\"danahilliot\"},\"logo\":{\"@id\":\"https:\/\/outsiderland.com\/danahilliot\/#\/schema\/person\/image\/\"}}]}<\/script>\n<!-- \/ Yoast SEO plugin. -->","yoast_head_json":{"title":"De la Diss\u00e9mination de la musique - Outside Dana Hilliot","robots":{"index":"index","follow":"follow","max-snippet":"max-snippet:-1","max-image-preview":"max-image-preview:large","max-video-preview":"max-video-preview:-1"},"canonical":"https:\/\/outsiderland.com\/danahilliot\/de-la-dissemination-de-la-musique\/","og_locale":"fr_FR","og_type":"article","og_title":"De la Diss\u00e9mination de la musique - Outside Dana Hilliot","og_description":"Cet essai a circul\u00e9 dans la premi\u00e8re d\u00e9cennie des ann\u00e9es 2000, et constitue pour ainsi dire la manifestation la plus \u00e9tendue de mes efforts de militant pour la cause des licences libres et ouvertes. Bien des questions me semblent aujourd&rsquo;hui tout \u00e0 fait p\u00e9rim\u00e9es, et la mani\u00e8re dont j&rsquo;envisage les probl\u00e8mes pos\u00e9s par la diffusion&hellip;","og_url":"https:\/\/outsiderland.com\/danahilliot\/de-la-dissemination-de-la-musique\/","og_site_name":"Outside Dana Hilliot","article_modified_time":"2022-11-04T12:08:49+00:00","twitter_card":"summary_large_image","twitter_misc":{"Dur\u00e9e de lecture estim\u00e9e":"1 minute"},"schema":{"@context":"https:\/\/schema.org","@graph":[{"@type":"WebPage","@id":"https:\/\/outsiderland.com\/danahilliot\/de-la-dissemination-de-la-musique\/","url":"https:\/\/outsiderland.com\/danahilliot\/de-la-dissemination-de-la-musique\/","name":"De la Diss\u00e9mination de la musique - Outside Dana Hilliot","isPartOf":{"@id":"https:\/\/outsiderland.com\/danahilliot\/#website"},"datePublished":"2014-04-16T15:27:03+00:00","dateModified":"2022-11-04T12:08:49+00:00","breadcrumb":{"@id":"https:\/\/outsiderland.com\/danahilliot\/de-la-dissemination-de-la-musique\/#breadcrumb"},"inLanguage":"fr-FR","potentialAction":[{"@type":"ReadAction","target":["https:\/\/outsiderland.com\/danahilliot\/de-la-dissemination-de-la-musique\/"]}]},{"@type":"BreadcrumbList","@id":"https:\/\/outsiderland.com\/danahilliot\/de-la-dissemination-de-la-musique\/#breadcrumb","itemListElement":[{"@type":"ListItem","position":1,"name":"Accueil","item":"https:\/\/outsiderland.com\/danahilliot\/"},{"@type":"ListItem","position":2,"name":"De la Diss\u00e9mination de la musique"}]},{"@type":"WebSite","@id":"https:\/\/outsiderland.com\/danahilliot\/#website","url":"https:\/\/outsiderland.com\/danahilliot\/","name":"Outside Dana Hilliot","description":". Archives . Activit\u00e9s . Projets .","publisher":{"@id":"https:\/\/outsiderland.com\/danahilliot\/#\/schema\/person\/201a1fef0f5c2897bd65e98bcf6b1179"},"potentialAction":[{"@type":"SearchAction","target":{"@type":"EntryPoint","urlTemplate":"https:\/\/outsiderland.com\/danahilliot\/?s={search_term_string}"},"query-input":{"@type":"PropertyValueSpecification","valueRequired":true,"valueName":"search_term_string"}}],"inLanguage":"fr-FR"},{"@type":["Person","Organization"],"@id":"https:\/\/outsiderland.com\/danahilliot\/#\/schema\/person\/201a1fef0f5c2897bd65e98bcf6b1179","name":"danahilliot","image":{"@type":"ImageObject","inLanguage":"fr-FR","@id":"https:\/\/outsiderland.com\/danahilliot\/#\/schema\/person\/image\/","url":"https:\/\/outsiderland.com\/danahilliot\/wp-content\/uploads\/2026\/02\/50801449407_a909f2c1ad_k.jpg","contentUrl":"https:\/\/outsiderland.com\/danahilliot\/wp-content\/uploads\/2026\/02\/50801449407_a909f2c1ad_k.jpg","width":2048,"height":1536,"caption":"danahilliot"},"logo":{"@id":"https:\/\/outsiderland.com\/danahilliot\/#\/schema\/person\/image\/"}}]}},"_links":{"self":[{"href":"https:\/\/outsiderland.com\/danahilliot\/wp-json\/wp\/v2\/pages\/306","targetHints":{"allow":["GET"]}}],"collection":[{"href":"https:\/\/outsiderland.com\/danahilliot\/wp-json\/wp\/v2\/pages"}],"about":[{"href":"https:\/\/outsiderland.com\/danahilliot\/wp-json\/wp\/v2\/types\/page"}],"author":[{"embeddable":true,"href":"https:\/\/outsiderland.com\/danahilliot\/wp-json\/wp\/v2\/users\/1"}],"replies":[{"embeddable":true,"href":"https:\/\/outsiderland.com\/danahilliot\/wp-json\/wp\/v2\/comments?post=306"}],"version-history":[{"count":1,"href":"https:\/\/outsiderland.com\/danahilliot\/wp-json\/wp\/v2\/pages\/306\/revisions"}],"predecessor-version":[{"id":4579,"href":"https:\/\/outsiderland.com\/danahilliot\/wp-json\/wp\/v2\/pages\/306\/revisions\/4579"}],"wp:attachment":[{"href":"https:\/\/outsiderland.com\/danahilliot\/wp-json\/wp\/v2\/media?parent=306"}],"wp:term":[{"taxonomy":"category","embeddable":true,"href":"https:\/\/outsiderland.com\/danahilliot\/wp-json\/wp\/v2\/categories?post=306"},{"taxonomy":"post_tag","embeddable":true,"href":"https:\/\/outsiderland.com\/danahilliot\/wp-json\/wp\/v2\/tags?post=306"}],"curies":[{"name":"wp","href":"https:\/\/api.w.org\/{rel}","templated":true}]}}