{"id":3019,"date":"2019-08-09T10:44:11","date_gmt":"2019-08-09T10:44:11","guid":{"rendered":"https:\/\/outsiderland.com\/danahilliot\/?page_id=3019"},"modified":"2025-10-12T09:46:08","modified_gmt":"2025-10-12T09:46:08","slug":"dun-ami-perdu","status":"publish","type":"page","link":"https:\/\/outsiderland.com\/danahilliot\/dun-ami-perdu\/","title":{"rendered":"D&rsquo;un ami perdu"},"content":{"rendered":"<div data-contents=\"true\">\n<div class=\"\" data-block=\"true\" data-editor=\"7s97h\" data-offset-key=\"eer73-0-0\">\n<div class=\"_1mf _1mj\" data-offset-key=\"eer73-0-0\"><span data-offset-key=\"eer73-0-0\">Ce dont je me souviens.<\/span><\/div>\n<\/div>\n<div class=\"\" data-block=\"true\" data-editor=\"7s97h\" data-offset-key=\"3qta2-0-0\">\n<div class=\"_1mf _1mj\" data-offset-key=\"3qta2-0-0\"><span data-offset-key=\"3qta2-0-0\">\u00a0<\/span><\/div>\n<\/div>\n<div class=\"\" data-block=\"true\" data-editor=\"7s97h\" data-offset-key=\"3ifab-0-0\">\n<div class=\"_1mf _1mj\" data-offset-key=\"3ifab-0-0\"><span data-offset-key=\"3ifab-0-0\">L&rsquo;accident du microphone : nous \u00e9tions plong\u00e9s dans l&rsquo;enregistrement d&rsquo;un de mes albums, c&rsquo;\u00e9tait, disons, \u00e0 la fin des ann\u00e9es 90, il enregistrait des ch\u0153urs je suppose, l&rsquo;ing\u00e9nieur du son et moi \u00e9tions affair\u00e9s \u00e0 nos consoles, et soudain, silence, le chant se tait, juste des gr\u00e9sillements et une l\u00e9g\u00e8re odeur de br\u00fbl\u00e9. On l\u00e8ve la t\u00eate : sa bouche \u00e9tait litt\u00e9ralement coll\u00e9e au microphone et, de voir ses yeux r\u00e9vuls\u00e9s, son visage grima\u00e7ant, \u00e7a nous a d&rsquo;abord fait rire &#8211; puis on a d\u00e9branch\u00e9 vite fait le matos &#8211; ce qui a eu pour effet de le faire hurler d&rsquo;un seul coup. <\/span><\/div>\n<\/div>\n<div class=\"\" data-block=\"true\" data-editor=\"7s97h\" data-offset-key=\"68l6h-0-0\">\n<div class=\"_1mf _1mj\" data-offset-key=\"68l6h-0-0\"><span data-offset-key=\"68l6h-0-0\">\u00a0<\/span><\/div>\n<\/div>\n<div class=\"\" data-block=\"true\" data-editor=\"7s97h\" data-offset-key=\"9f3qu-0-0\">\n<div class=\"_1mf _1mj\" data-offset-key=\"9f3qu-0-0\"><span data-offset-key=\"9f3qu-0-0\">Il \u00e9tait totalement hypocondriaque, se plaignait toujours de maux de ventre, de migraines atroces. Comme je le conduisais \u00e0 l&rsquo;h\u00f4pital, il n&rsquo;arr\u00eatait pas de dire qu&rsquo;il allait certainement mourir. <\/span><\/div>\n<\/div>\n<div class=\"\" data-block=\"true\" data-editor=\"7s97h\" data-offset-key=\"6dmef-0-0\">\n<div class=\"_1mf _1mj\" data-offset-key=\"6dmef-0-0\"><span data-offset-key=\"6dmef-0-0\">\u00a0<\/span><\/div>\n<\/div>\n<div class=\"\" data-block=\"true\" data-editor=\"7s97h\" data-offset-key=\"aa0va-0-0\">\n<div class=\"_1mf _1mj\" data-offset-key=\"aa0va-0-0\"><span data-offset-key=\"aa0va-0-0\">L&rsquo;\u00e9t\u00e9 suivant, il m&rsquo;avait invit\u00e9 \u00e0 passer quelques jours sur l&rsquo;\u00eele de R\u00e9 ou l&rsquo;\u00eele d&rsquo;Ol\u00e9ron, je ne sais plus, o\u00f9 sa famille bourgeoise poss\u00e9dait une vaste propri\u00e9t\u00e9 &#8211; un soir, \u00e0 la sortie d&rsquo;une discoth\u00e8que, sc\u00e8ne de violence sur le trottoir : un type battait une femme, elle hurlait. Deux autres mecs regardaient sans mot dire. On a fonc\u00e9 dans le tas, on s&rsquo;est fait \u00e9clater bien entendu, et le pire, c&rsquo;est la fille qui nous disait de nous m\u00ealer de nos affaires. Comme nous \u00e9tions parfaitement ivres, nous n&rsquo;avions pas si mal que \u00e7a. De retour \u00e0 la Villa, forc\u00e9ment, on l&rsquo;avait mauvaise quand m\u00eame : apr\u00e8s s&rsquo;\u00eatre badigeonn\u00e9 de B\u00e9tadine et avoir pos\u00e9 quelques pansements, nous nous efforcions de soigner dans l&rsquo;alcool nos id\u00e9aux romantiques perdus.<\/span><\/div>\n<\/div>\n<div class=\"\" data-block=\"true\" data-editor=\"7s97h\" data-offset-key=\"3kmo8-0-0\">\n<div class=\"_1mf _1mj\" data-offset-key=\"3kmo8-0-0\"><span data-offset-key=\"3kmo8-0-0\">\u00a0<\/span><\/div>\n<\/div>\n<div class=\"\" data-block=\"true\" data-editor=\"7s97h\" data-offset-key=\"3s7bm-0-0\">\n<div class=\"_1mf _1mj\" data-offset-key=\"3s7bm-0-0\"><span data-offset-key=\"3s7bm-0-0\">Une de ses sp\u00e9cialit\u00e9s, c&rsquo;\u00e9tait de se faire passer pour n&rsquo;importe qui, un conservateur mou, un socialiste mod\u00e9r\u00e9, un ultra-gauchiste r\u00e9volutionnaire, un libertarien radical, un n\u00e9ofasciste. Nous nous installions \u00e0 la terrasse d&rsquo;un caf\u00e9 et commencions tranquillement \u00e0 discuter de politique. Nous \u00e9tions assez dou\u00e9s, lui et moi, pour \u00e9pouser n&rsquo;importe quel profil militant et soutenir des positions, parfois scandaleuses, avec aplomb, tout en gardant notre sang-froid et un s\u00e9rieux constant. On parlait \u00e0 voix suffisamment haute pour que les jeunes gens attabl\u00e9s \u00e0 proximit\u00e9 puissent nous entendre, des \u00e9tudiants de gauche g\u00e9n\u00e9ralement. Quand ces voisins de tabl\u00e9e commen\u00e7aient \u00e0 r\u00e9agir \u00e0 nos conversations, nous les invitions aimablement \u00e0 deviser, et les entra\u00eenions avec d\u00e9lectation dans un pi\u00e8ge inf\u00e2me : il n&rsquo;\u00e9tait pas rare qu&rsquo;un de ces jeunes gens finissent par acquiescer \u00e0 la logique imperturbable de nos raisonnements, et adopter, m\u00eame provisoirement, des positions politiques \u00e0 l&rsquo;extr\u00eame oppos\u00e9 de ses convictions habituelles. Un jour, un de nos interlocuteurs, alors que nous \u00e9tions pass\u00e9s en douceur d&rsquo;une th\u00e9orie libertarienne \u00e0 ce qui ressemblait de plus en plus \u00e0 du fascisme en bonne et due forme, s&rsquo;\u00e9criait : \u00ab\u00a0Mais vous \u00eates des n\u00e9onazis ou quoi !\u00a0\u00bb, et mon ami de r\u00e9pondre : \u00ab\u00a0Mais pourquoi n\u00e9o ?\u00a0\u00bb<\/span><\/div>\n<\/div>\n<\/div>\n<div data-offset-key=\"3s7bm-0-0\"><\/div>\n<div data-offset-key=\"3s7bm-0-0\">Vingt ans plus tard, je cherche sur internet des traces de cet ami. Il a continu\u00e9 \u00e0 jouer de la musique. Fait essentiellement des reprises de cold wave. Les cheveux gris\u00e9s. La m\u00eame bouille. R\u00e9cemment, il appara\u00eet comme directeur de campagne d&rsquo;une \u00e9lection locale pour le Front National. Puis comme num\u00e9ro 3 sur la liste de ce m\u00eame parti, pour les \u00e9lections municipales de la ville qu&rsquo;il n&rsquo;a manifestement jamais quitt\u00e9e. Les derni\u00e8res traces datent d&rsquo;il y a 4 ans. Il semble avoir disparu de la circulation depuis.<\/div>\n<div data-offset-key=\"3s7bm-0-0\"><\/div>\n<div data-offset-key=\"3s7bm-0-0\">L&rsquo;album sur lequel il jouait la basse et posait quelques voix n&rsquo;a eu aucun succ\u00e8s. Insucc\u00e8s m\u00e9rit\u00e9 \u00e0 mon avis (j&rsquo;en \u00e9tais l&rsquo;auteur). Sa carri\u00e8re musicale n&rsquo;a pas d\u00e9coll\u00e9 semble-t-il. Il n&rsquo;a \u00e9videmment jamais \u00e9t\u00e9 nazi, et pas non plus n\u00e9o-nazi. Mais c&rsquo;\u00e9tait un gar\u00e7on profond\u00e9ment d\u00e9sesp\u00e9r\u00e9. Nous avions cela en commun, ce pessimisme visc\u00e9ral de ceux qui, dans les ann\u00e9es 80, avaient vu leurs a\u00een\u00e9s abandonner un par un leurs id\u00e9aux politiques, se transformant en purs nihilistes consum\u00e9ristes. Nous ne faisons finalement que pousser ce nihilisme \u00e0 bout, en r\u00e9v\u00e9lant ce que le monde autour de nous refusait d&rsquo;admettre. Proph\u00e9tisant \u00ab\u00a0No future\u00a0\u00bb, adoptant ce cynisme syst\u00e9matique qui n&rsquo;\u00e9tait qu&rsquo;une d\u00e9fense contre la douleur de la perte et notre besoin d&rsquo;amour, nous devenions le sympt\u00f4me d&rsquo;une soci\u00e9t\u00e9 malade. J&rsquo;\u00e9tais issu de la mouvance punk, alors qu&rsquo;il venait plut\u00f4t des milieux gothiques, mais nous partagions ce m\u00eame d\u00e9go\u00fbt, cette inadaptabilit\u00e9 &#8211; Morrissey, une de nos r\u00e9f\u00e9rences communes, dirait plus tard \u00ab\u00a0<em>maladjusted<\/em>\u00a0\u00bb -, et cette m\u00eame conviction d&rsquo;\u00eatre sans avenir. Ce en quoi nous avions raison bien entendu.<\/div>\n<div data-offset-key=\"3s7bm-0-0\"><\/div>\n<div data-offset-key=\"3s7bm-0-0\"><\/div>\n","protected":false},"excerpt":{"rendered":"<p>Ce dont je me souviens. \u00a0 L&rsquo;accident du microphone : nous \u00e9tions plong\u00e9s dans l&rsquo;enregistrement d&rsquo;un de mes albums, c&rsquo;\u00e9tait, disons, \u00e0 la fin des ann\u00e9es 90, il enregistrait des ch\u0153urs je suppose, l&rsquo;ing\u00e9nieur du son et moi \u00e9tions affair\u00e9s \u00e0 nos consoles, et soudain, silence, le chant se tait, juste des gr\u00e9sillements et une&hellip;<\/p>\n <a href=\"https:\/\/outsiderland.com\/danahilliot\/dun-ami-perdu\/\" title=\"D&rsquo;un ami perdu\" class=\"entry-more-link\"><span>Read More<\/span> <span class=\"screen-reader-text\">D&rsquo;un ami perdu<\/span><\/a>","protected":false},"author":1,"featured_media":0,"parent":0,"menu_order":0,"comment_status":"closed","ping_status":"closed","template":"","meta":{"Layout":"","footnotes":""},"categories":[120],"tags":[126],"class_list":["entry","author-danah","post-3019","page","type-page","status-publish","category-observation","tag-observation"],"yoast_head":"<!-- This site is optimized with the Yoast SEO plugin v27.0 - https:\/\/yoast.com\/product\/yoast-seo-wordpress\/ -->\n<title>D&#039;un ami perdu - Outside Dana Hilliot<\/title>\n<meta name=\"robots\" content=\"index, follow, max-snippet:-1, max-image-preview:large, max-video-preview:-1\" \/>\n<link rel=\"canonical\" href=\"https:\/\/outsiderland.com\/danahilliot\/dun-ami-perdu\/\" \/>\n<meta property=\"og:locale\" content=\"fr_FR\" \/>\n<meta property=\"og:type\" content=\"article\" \/>\n<meta property=\"og:title\" content=\"D&#039;un ami perdu - Outside Dana Hilliot\" \/>\n<meta property=\"og:description\" content=\"Ce dont je me souviens. \u00a0 L&rsquo;accident du microphone : nous \u00e9tions plong\u00e9s dans l&rsquo;enregistrement d&rsquo;un de mes albums, c&rsquo;\u00e9tait, disons, \u00e0 la fin des ann\u00e9es 90, il enregistrait des ch\u0153urs je suppose, l&rsquo;ing\u00e9nieur du son et moi \u00e9tions affair\u00e9s \u00e0 nos consoles, et soudain, silence, le chant se tait, juste des gr\u00e9sillements et une&hellip;\" \/>\n<meta property=\"og:url\" content=\"https:\/\/outsiderland.com\/danahilliot\/dun-ami-perdu\/\" \/>\n<meta property=\"og:site_name\" content=\"Outside Dana Hilliot\" \/>\n<meta property=\"article:modified_time\" content=\"2025-10-12T09:46:08+00:00\" \/>\n<meta name=\"twitter:card\" content=\"summary_large_image\" \/>\n<meta name=\"twitter:label1\" content=\"Dur\u00e9e de lecture estim\u00e9e\" \/>\n\t<meta name=\"twitter:data1\" content=\"4 minutes\" \/>\n<script type=\"application\/ld+json\" class=\"yoast-schema-graph\">{\"@context\":\"https:\/\/schema.org\",\"@graph\":[{\"@type\":\"WebPage\",\"@id\":\"https:\/\/outsiderland.com\/danahilliot\/dun-ami-perdu\/\",\"url\":\"https:\/\/outsiderland.com\/danahilliot\/dun-ami-perdu\/\",\"name\":\"D'un ami perdu - Outside Dana Hilliot\",\"isPartOf\":{\"@id\":\"https:\/\/outsiderland.com\/danahilliot\/#website\"},\"datePublished\":\"2019-08-09T10:44:11+00:00\",\"dateModified\":\"2025-10-12T09:46:08+00:00\",\"breadcrumb\":{\"@id\":\"https:\/\/outsiderland.com\/danahilliot\/dun-ami-perdu\/#breadcrumb\"},\"inLanguage\":\"fr-FR\",\"potentialAction\":[{\"@type\":\"ReadAction\",\"target\":[\"https:\/\/outsiderland.com\/danahilliot\/dun-ami-perdu\/\"]}]},{\"@type\":\"BreadcrumbList\",\"@id\":\"https:\/\/outsiderland.com\/danahilliot\/dun-ami-perdu\/#breadcrumb\",\"itemListElement\":[{\"@type\":\"ListItem\",\"position\":1,\"name\":\"Accueil\",\"item\":\"https:\/\/outsiderland.com\/danahilliot\/\"},{\"@type\":\"ListItem\",\"position\":2,\"name\":\"D&rsquo;un ami perdu\"}]},{\"@type\":\"WebSite\",\"@id\":\"https:\/\/outsiderland.com\/danahilliot\/#website\",\"url\":\"https:\/\/outsiderland.com\/danahilliot\/\",\"name\":\"Outside Dana Hilliot\",\"description\":\". Archives . Activit\u00e9s . Projets .\",\"publisher\":{\"@id\":\"https:\/\/outsiderland.com\/danahilliot\/#\/schema\/person\/201a1fef0f5c2897bd65e98bcf6b1179\"},\"potentialAction\":[{\"@type\":\"SearchAction\",\"target\":{\"@type\":\"EntryPoint\",\"urlTemplate\":\"https:\/\/outsiderland.com\/danahilliot\/?s={search_term_string}\"},\"query-input\":{\"@type\":\"PropertyValueSpecification\",\"valueRequired\":true,\"valueName\":\"search_term_string\"}}],\"inLanguage\":\"fr-FR\"},{\"@type\":[\"Person\",\"Organization\"],\"@id\":\"https:\/\/outsiderland.com\/danahilliot\/#\/schema\/person\/201a1fef0f5c2897bd65e98bcf6b1179\",\"name\":\"danahilliot\",\"image\":{\"@type\":\"ImageObject\",\"inLanguage\":\"fr-FR\",\"@id\":\"https:\/\/outsiderland.com\/danahilliot\/#\/schema\/person\/image\/\",\"url\":\"https:\/\/outsiderland.com\/danahilliot\/wp-content\/uploads\/2026\/02\/50801449407_a909f2c1ad_k.jpg\",\"contentUrl\":\"https:\/\/outsiderland.com\/danahilliot\/wp-content\/uploads\/2026\/02\/50801449407_a909f2c1ad_k.jpg\",\"width\":2048,\"height\":1536,\"caption\":\"danahilliot\"},\"logo\":{\"@id\":\"https:\/\/outsiderland.com\/danahilliot\/#\/schema\/person\/image\/\"}}]}<\/script>\n<!-- \/ Yoast SEO plugin. -->","yoast_head_json":{"title":"D'un ami perdu - Outside Dana Hilliot","robots":{"index":"index","follow":"follow","max-snippet":"max-snippet:-1","max-image-preview":"max-image-preview:large","max-video-preview":"max-video-preview:-1"},"canonical":"https:\/\/outsiderland.com\/danahilliot\/dun-ami-perdu\/","og_locale":"fr_FR","og_type":"article","og_title":"D'un ami perdu - Outside Dana Hilliot","og_description":"Ce dont je me souviens. \u00a0 L&rsquo;accident du microphone : nous \u00e9tions plong\u00e9s dans l&rsquo;enregistrement d&rsquo;un de mes albums, c&rsquo;\u00e9tait, disons, \u00e0 la fin des ann\u00e9es 90, il enregistrait des ch\u0153urs je suppose, l&rsquo;ing\u00e9nieur du son et moi \u00e9tions affair\u00e9s \u00e0 nos consoles, et soudain, silence, le chant se tait, juste des gr\u00e9sillements et une&hellip;","og_url":"https:\/\/outsiderland.com\/danahilliot\/dun-ami-perdu\/","og_site_name":"Outside Dana Hilliot","article_modified_time":"2025-10-12T09:46:08+00:00","twitter_card":"summary_large_image","twitter_misc":{"Dur\u00e9e de lecture estim\u00e9e":"4 minutes"},"schema":{"@context":"https:\/\/schema.org","@graph":[{"@type":"WebPage","@id":"https:\/\/outsiderland.com\/danahilliot\/dun-ami-perdu\/","url":"https:\/\/outsiderland.com\/danahilliot\/dun-ami-perdu\/","name":"D'un ami perdu - Outside Dana Hilliot","isPartOf":{"@id":"https:\/\/outsiderland.com\/danahilliot\/#website"},"datePublished":"2019-08-09T10:44:11+00:00","dateModified":"2025-10-12T09:46:08+00:00","breadcrumb":{"@id":"https:\/\/outsiderland.com\/danahilliot\/dun-ami-perdu\/#breadcrumb"},"inLanguage":"fr-FR","potentialAction":[{"@type":"ReadAction","target":["https:\/\/outsiderland.com\/danahilliot\/dun-ami-perdu\/"]}]},{"@type":"BreadcrumbList","@id":"https:\/\/outsiderland.com\/danahilliot\/dun-ami-perdu\/#breadcrumb","itemListElement":[{"@type":"ListItem","position":1,"name":"Accueil","item":"https:\/\/outsiderland.com\/danahilliot\/"},{"@type":"ListItem","position":2,"name":"D&rsquo;un ami perdu"}]},{"@type":"WebSite","@id":"https:\/\/outsiderland.com\/danahilliot\/#website","url":"https:\/\/outsiderland.com\/danahilliot\/","name":"Outside Dana Hilliot","description":". Archives . Activit\u00e9s . Projets .","publisher":{"@id":"https:\/\/outsiderland.com\/danahilliot\/#\/schema\/person\/201a1fef0f5c2897bd65e98bcf6b1179"},"potentialAction":[{"@type":"SearchAction","target":{"@type":"EntryPoint","urlTemplate":"https:\/\/outsiderland.com\/danahilliot\/?s={search_term_string}"},"query-input":{"@type":"PropertyValueSpecification","valueRequired":true,"valueName":"search_term_string"}}],"inLanguage":"fr-FR"},{"@type":["Person","Organization"],"@id":"https:\/\/outsiderland.com\/danahilliot\/#\/schema\/person\/201a1fef0f5c2897bd65e98bcf6b1179","name":"danahilliot","image":{"@type":"ImageObject","inLanguage":"fr-FR","@id":"https:\/\/outsiderland.com\/danahilliot\/#\/schema\/person\/image\/","url":"https:\/\/outsiderland.com\/danahilliot\/wp-content\/uploads\/2026\/02\/50801449407_a909f2c1ad_k.jpg","contentUrl":"https:\/\/outsiderland.com\/danahilliot\/wp-content\/uploads\/2026\/02\/50801449407_a909f2c1ad_k.jpg","width":2048,"height":1536,"caption":"danahilliot"},"logo":{"@id":"https:\/\/outsiderland.com\/danahilliot\/#\/schema\/person\/image\/"}}]}},"_links":{"self":[{"href":"https:\/\/outsiderland.com\/danahilliot\/wp-json\/wp\/v2\/pages\/3019","targetHints":{"allow":["GET"]}}],"collection":[{"href":"https:\/\/outsiderland.com\/danahilliot\/wp-json\/wp\/v2\/pages"}],"about":[{"href":"https:\/\/outsiderland.com\/danahilliot\/wp-json\/wp\/v2\/types\/page"}],"author":[{"embeddable":true,"href":"https:\/\/outsiderland.com\/danahilliot\/wp-json\/wp\/v2\/users\/1"}],"replies":[{"embeddable":true,"href":"https:\/\/outsiderland.com\/danahilliot\/wp-json\/wp\/v2\/comments?post=3019"}],"version-history":[{"count":3,"href":"https:\/\/outsiderland.com\/danahilliot\/wp-json\/wp\/v2\/pages\/3019\/revisions"}],"predecessor-version":[{"id":3023,"href":"https:\/\/outsiderland.com\/danahilliot\/wp-json\/wp\/v2\/pages\/3019\/revisions\/3023"}],"wp:attachment":[{"href":"https:\/\/outsiderland.com\/danahilliot\/wp-json\/wp\/v2\/media?parent=3019"}],"wp:term":[{"taxonomy":"category","embeddable":true,"href":"https:\/\/outsiderland.com\/danahilliot\/wp-json\/wp\/v2\/categories?post=3019"},{"taxonomy":"post_tag","embeddable":true,"href":"https:\/\/outsiderland.com\/danahilliot\/wp-json\/wp\/v2\/tags?post=3019"}],"curies":[{"name":"wp","href":"https:\/\/api.w.org\/{rel}","templated":true}]}}