{"id":2761,"date":"2019-05-16T08:43:21","date_gmt":"2019-05-16T08:43:21","guid":{"rendered":"https:\/\/outsiderland.com\/danahilliot\/?page_id=2761"},"modified":"2019-05-16T08:43:21","modified_gmt":"2019-05-16T08:43:21","slug":"reponse-au-magazine-squiggle-la-psychanalyse-reservee-a-lelite","status":"publish","type":"page","link":"https:\/\/outsiderland.com\/danahilliot\/reponse-au-magazine-squiggle-la-psychanalyse-reservee-a-lelite\/","title":{"rendered":"R\u00e9ponse au magazine Squiggle : la psychanalyse r\u00e9serv\u00e9e \u00e0 l&rsquo;\u00e9lite ?"},"content":{"rendered":"\n<p>L\u2019analyse n\u2019est-elle pas r\u00e9serv\u00e9e  \u00e0 une sorte d\u2019\u00e9lite intellectuelle ?<\/p>\n\n\n\n<p> par <a href=\"https:\/\/squiggle.be\/auteur\/vincent_seguret\/\">Vincent Seguret<\/a> | <a href=\"https:\/\/squiggle.be\/category\/question_et_reponse\/\">Question &amp; r\u00e9ponse<\/a><\/p>\n\n\n\n<p>Le magazine Squiggle, il y a quelques ann\u00e9es, invitait les lecteurs \u00e0 poser des questions au sujet de la psychanalyse. J&rsquo;avais propos\u00e9 la r\u00e9ponse qui suit.<\/p>\n\n\n\n<p><em>Ne faut-il pas \u00eatre intelligent, avoir une r\u00e9elle  cr\u00e9ativit\u00e9, une certaine culture pour acc\u00e9der \u00e0 ce type de th\u00e9rapie ?  D\u2019ailleurs lorsque qu\u2019on lit des r\u00e9cits d\u2019analyse, je note que les  personnes interrog\u00e9es sont toutes issues d\u2019un milieu plut\u00f4t \u00ab intello \u00bb  (journaliste, m\u00e9decin, \u00e9narque, inspecteur des imp\u00f4ts\u2026), peu de  man\u0153uvres, ouvri\u00e8res d\u2019usine ou de ma\u00e7ons !<\/em><\/p>\n\n\n\n<p>La question pr\u00e9suppose que le genre d\u2019activit\u00e9 qu\u2019on peut s\u2019attendre \u00e0\n pratiquer durant une analyse, serait d\u2019ordre intellectuelle. Il est \nvrai que la lecture de la plupart des livres publi\u00e9s par les \npsychanalystes, ouvrages en g\u00e9n\u00e9ral relativement incompr\u00e9hensibles, \nlaisse penser qu\u2019il en va de m\u00eame pour les s\u00e9ances de psychanalyse, qu\u2019y\n participer demande \u00e0 tout le moins une capacit\u00e9 de compr\u00e9hension hors \ndu commun. Ce point de vue est tout \u00e0 fait erron\u00e9, de m\u00eame qu\u2019il est \nfaux d\u2019affirmer que la patient\u00e8le des cabinets d\u2019analyste se limite \u00e0 \nune certaine cat\u00e9gorie sociale de la population (Je fais partie des ces \nanalystes qui travaillent \u00ab en milieu rural \u00bb, et j\u2019accueille aussi bien\n des \u00e9leveurs que des enseignants, et, du point de vue psychanalytique \nen tous cas, ils ne sont pas mieux lotis les uns que les autres, ou pas \nmoins capables de se confronter au processus analytique).<\/p>\n\n\n\n<p>Le patient arrive assez souvent avec une th\u00e9orie concernant ce qui \nlui arrive, th\u00e9orie qui pr\u00e9sent elles caract\u00e8res suivants : 1. Il ne la \nconna\u00eet pas lui-m\u00eame, ou n\u2019y a acc\u00e8s que de mani\u00e8re partielle (il la \npressent pour ainsi dire, ou l\u2019exprime \u00e0 travers un sympt\u00f4me, et il en \nsubit les contraintes, la logique parfois tyrannique) 2. Une partie de \ncette th\u00e9orie, et souvent son aspect le plus \u00e9nigmatique, a \u00e9t\u00e9 \u00e9labor\u00e9e\n d\u00e8s l\u2019enfance, \u00e0 une \u00e9poque o\u00f9 le savoir de l\u2019enfant concernant le \nmonde faisait largement appel \u00e0 l\u2019imaginaire 3. Elle est souvent assez \nsophistiqu\u00e9e, et a d\u2019une certaine mani\u00e8re permis au patient d\u2019avancer \njusqu\u2019\u00e0 un certain point. 4. Mais d\u00e9sormais, elle ne \u00ab fonctionne \u00bb \nplus, elle ne suffit plus \u00e0 rendre la vie tol\u00e9rable, et c\u2019est l\u00e0 une \nraison qui l\u2019am\u00e8ne \u00e0 consulter.<\/p>\n\n\n\n<p>Une des t\u00e2ches de l\u2019analyse, men\u00e9e conjointement, m\u00eame si c\u2019est \nparfois dans une atmosph\u00e8re de rivalit\u00e9, par le patient et par \nl\u2019analyste, est de faire \u00e9merger cette th\u00e9orie, cette logique, qu\u2019on \nappelle parfois un fantasme, et qui se r\u00e9v\u00e8le \u00e0 l\u2019occasion d\u2019un r\u00eave, \nd\u2019associations d\u2019id\u00e9es, de pens\u00e9es obs\u00e9dantes, ou encore, dans le cas \ndes psychoses, par des manifestations d\u00e9lirantes ou hallucinatoires. Il \nn\u2019est pas question de remplacer cette \u00ab th\u00e9orie \u00bb par la th\u00e9orie \npsychanalytique, mais d\u2019en relever les aspects contraignants \u2013 au point \nqu\u2019ils m\u00e8nent l\u2019existence ou une partie de l\u2019existence du patient \u00e0 une \nimpasse.<\/p>\n\n\n\n<p>Le patient a beau avoir accumul\u00e9 des tonnes de savoir \u2013 il arrive \nm\u00eame que les analystes accueillent de v\u00e9ritables \u00e9rudits vers\u00e9s dans les\n \u00e9tudes psychanalytiques \u2013, ce savoir ne l\u2019avance pas, ou plus, \u00e0 grand \nchose. Le patient qui utilise ses s\u00e9ances pour exposer de mani\u00e8re \nextr\u00eamement habile des th\u00e9ories fort sophistiqu\u00e9es sur l\u2019\u00e9tat du monde \nou son propre \u00e9tat d\u2019esprit, sans que ces th\u00e9ories changent quoi que ce \nsoit \u00e0 la souffrance qu\u2019il \u00e9prouve, finit g\u00e9n\u00e9ralement par se faire \u00e0 \nl\u2019id\u00e9e que dans la situation analytique, ce savoir ne lui procure \nfinalement aucune aide, qu\u2019il n\u2019a aucun effet mutatif, bref, qu\u2019il fait \n\u00e9cran et diversion \u00e0 un autre savoir, lequel peut lui sembler indigne, \nmais qui, du point de vue psychanalytique, est le seul qui vaille la \npeine d\u2019entreprendre une telle aventure.<\/p>\n\n\n\n<p>C\u2019est pourquoi la condition sociale, le niveau d\u2019\u00e9tudes ou les \ncapacit\u00e9s rh\u00e9toriques du patient ne pr\u00e9jugent en rien de la r\u00e9ussite \nd\u2019une analyse. D\u2019une certain mani\u00e8re, le processus analytique pose \u00e0 \nchaque patient le m\u00eame type de probl\u00e8me : quels que soient les \ncertitudes, les principes et les pr\u00e9conceptions qu\u2019on transporte avec \nsoi en franchissant le seuil d\u2019une analyse, il s\u2019agit bien de favoriser \nl\u2019acc\u00e8s \u00e0 un autre type de r\u00e9cit, qui se construit \u00e0 partir des \nlin\u00e9aments d\u2019une histoire inconsciente. \u00c0 l\u2019arriv\u00e9e, on en sait un peu \nplus, ce qui n\u2019est pas n\u00e9gligeable, sur le d\u00e9sir qui vous anime, et les \nlimites qui vous emp\u00eachent, mais ce savoir nouveau, aussi vaguement \nformul\u00e9 qu\u2019il puisse \u00eatre, n\u2019est pas de ceux qu\u2019on ajoute \u00e0 \u00e0 la liste \nde ce que l\u2019on savait d\u00e9j\u00e0 : il devient radicalement n\u00f4tre, et, dans le \nmeilleur des cas, il nous transforme.<\/p>\n\n\n\n<p>Saint-Flour, janvier 2010<\/p>\n","protected":false},"excerpt":{"rendered":"<p>L\u2019analyse n\u2019est-elle pas r\u00e9serv\u00e9e \u00e0 une sorte d\u2019\u00e9lite intellectuelle ? par Vincent Seguret | Question &amp; r\u00e9ponse Le magazine Squiggle, il y a quelques ann\u00e9es, invitait les lecteurs \u00e0 poser des questions au sujet de la psychanalyse. J&rsquo;avais propos\u00e9 la r\u00e9ponse qui suit. Ne faut-il pas \u00eatre intelligent, avoir une r\u00e9elle cr\u00e9ativit\u00e9, une certaine culture&hellip;<\/p>\n <a href=\"https:\/\/outsiderland.com\/danahilliot\/reponse-au-magazine-squiggle-la-psychanalyse-reservee-a-lelite\/\" title=\"R\u00e9ponse au magazine Squiggle : la psychanalyse r\u00e9serv\u00e9e \u00e0 l&rsquo;\u00e9lite ?\" class=\"entry-more-link\"><span>Read More<\/span> <span class=\"screen-reader-text\">R\u00e9ponse au magazine Squiggle : la psychanalyse r\u00e9serv\u00e9e \u00e0 l&rsquo;\u00e9lite ?<\/span><\/a>","protected":false},"author":1,"featured_media":0,"parent":0,"menu_order":0,"comment_status":"closed","ping_status":"closed","template":"","meta":{"Layout":"","footnotes":""},"categories":[],"tags":[],"class_list":["entry","author-danah","post-2761","page","type-page","status-publish"],"yoast_head":"<!-- This site is optimized with the Yoast SEO plugin v27.0 - https:\/\/yoast.com\/product\/yoast-seo-wordpress\/ -->\n<title>R\u00e9ponse au magazine Squiggle : la psychanalyse r\u00e9serv\u00e9e \u00e0 l&#039;\u00e9lite ? - Outside Dana Hilliot<\/title>\n<meta name=\"robots\" content=\"index, follow, max-snippet:-1, max-image-preview:large, max-video-preview:-1\" \/>\n<link rel=\"canonical\" href=\"https:\/\/outsiderland.com\/danahilliot\/reponse-au-magazine-squiggle-la-psychanalyse-reservee-a-lelite\/\" \/>\n<meta property=\"og:locale\" content=\"fr_FR\" \/>\n<meta property=\"og:type\" content=\"article\" \/>\n<meta property=\"og:title\" content=\"R\u00e9ponse au magazine Squiggle : la psychanalyse r\u00e9serv\u00e9e \u00e0 l&#039;\u00e9lite ? - Outside Dana Hilliot\" \/>\n<meta property=\"og:description\" content=\"L\u2019analyse n\u2019est-elle pas r\u00e9serv\u00e9e \u00e0 une sorte d\u2019\u00e9lite intellectuelle ? par Vincent Seguret | Question &amp; r\u00e9ponse Le magazine Squiggle, il y a quelques ann\u00e9es, invitait les lecteurs \u00e0 poser des questions au sujet de la psychanalyse. J&rsquo;avais propos\u00e9 la r\u00e9ponse qui suit. Ne faut-il pas \u00eatre intelligent, avoir une r\u00e9elle cr\u00e9ativit\u00e9, une certaine culture&hellip;\" \/>\n<meta property=\"og:url\" content=\"https:\/\/outsiderland.com\/danahilliot\/reponse-au-magazine-squiggle-la-psychanalyse-reservee-a-lelite\/\" \/>\n<meta property=\"og:site_name\" content=\"Outside Dana Hilliot\" \/>\n<meta name=\"twitter:card\" content=\"summary_large_image\" \/>\n<meta name=\"twitter:label1\" content=\"Dur\u00e9e de lecture estim\u00e9e\" \/>\n\t<meta name=\"twitter:data1\" content=\"4 minutes\" \/>\n<script type=\"application\/ld+json\" class=\"yoast-schema-graph\">{\"@context\":\"https:\/\/schema.org\",\"@graph\":[{\"@type\":\"WebPage\",\"@id\":\"https:\/\/outsiderland.com\/danahilliot\/reponse-au-magazine-squiggle-la-psychanalyse-reservee-a-lelite\/\",\"url\":\"https:\/\/outsiderland.com\/danahilliot\/reponse-au-magazine-squiggle-la-psychanalyse-reservee-a-lelite\/\",\"name\":\"R\u00e9ponse au magazine Squiggle : la psychanalyse r\u00e9serv\u00e9e \u00e0 l'\u00e9lite ? - Outside Dana Hilliot\",\"isPartOf\":{\"@id\":\"https:\/\/outsiderland.com\/danahilliot\/#website\"},\"datePublished\":\"2019-05-16T08:43:21+00:00\",\"breadcrumb\":{\"@id\":\"https:\/\/outsiderland.com\/danahilliot\/reponse-au-magazine-squiggle-la-psychanalyse-reservee-a-lelite\/#breadcrumb\"},\"inLanguage\":\"fr-FR\",\"potentialAction\":[{\"@type\":\"ReadAction\",\"target\":[\"https:\/\/outsiderland.com\/danahilliot\/reponse-au-magazine-squiggle-la-psychanalyse-reservee-a-lelite\/\"]}]},{\"@type\":\"BreadcrumbList\",\"@id\":\"https:\/\/outsiderland.com\/danahilliot\/reponse-au-magazine-squiggle-la-psychanalyse-reservee-a-lelite\/#breadcrumb\",\"itemListElement\":[{\"@type\":\"ListItem\",\"position\":1,\"name\":\"Accueil\",\"item\":\"https:\/\/outsiderland.com\/danahilliot\/\"},{\"@type\":\"ListItem\",\"position\":2,\"name\":\"R\u00e9ponse au magazine Squiggle : la psychanalyse r\u00e9serv\u00e9e \u00e0 l&rsquo;\u00e9lite ?\"}]},{\"@type\":\"WebSite\",\"@id\":\"https:\/\/outsiderland.com\/danahilliot\/#website\",\"url\":\"https:\/\/outsiderland.com\/danahilliot\/\",\"name\":\"Outside Dana Hilliot\",\"description\":\". Archives . Activit\u00e9s . Projets .\",\"publisher\":{\"@id\":\"https:\/\/outsiderland.com\/danahilliot\/#\/schema\/person\/201a1fef0f5c2897bd65e98bcf6b1179\"},\"potentialAction\":[{\"@type\":\"SearchAction\",\"target\":{\"@type\":\"EntryPoint\",\"urlTemplate\":\"https:\/\/outsiderland.com\/danahilliot\/?s={search_term_string}\"},\"query-input\":{\"@type\":\"PropertyValueSpecification\",\"valueRequired\":true,\"valueName\":\"search_term_string\"}}],\"inLanguage\":\"fr-FR\"},{\"@type\":[\"Person\",\"Organization\"],\"@id\":\"https:\/\/outsiderland.com\/danahilliot\/#\/schema\/person\/201a1fef0f5c2897bd65e98bcf6b1179\",\"name\":\"danahilliot\",\"image\":{\"@type\":\"ImageObject\",\"inLanguage\":\"fr-FR\",\"@id\":\"https:\/\/outsiderland.com\/danahilliot\/#\/schema\/person\/image\/\",\"url\":\"https:\/\/outsiderland.com\/danahilliot\/wp-content\/uploads\/2026\/02\/50801449407_a909f2c1ad_k.jpg\",\"contentUrl\":\"https:\/\/outsiderland.com\/danahilliot\/wp-content\/uploads\/2026\/02\/50801449407_a909f2c1ad_k.jpg\",\"width\":2048,\"height\":1536,\"caption\":\"danahilliot\"},\"logo\":{\"@id\":\"https:\/\/outsiderland.com\/danahilliot\/#\/schema\/person\/image\/\"}}]}<\/script>\n<!-- \/ Yoast SEO plugin. -->","yoast_head_json":{"title":"R\u00e9ponse au magazine Squiggle : la psychanalyse r\u00e9serv\u00e9e \u00e0 l'\u00e9lite ? - Outside Dana Hilliot","robots":{"index":"index","follow":"follow","max-snippet":"max-snippet:-1","max-image-preview":"max-image-preview:large","max-video-preview":"max-video-preview:-1"},"canonical":"https:\/\/outsiderland.com\/danahilliot\/reponse-au-magazine-squiggle-la-psychanalyse-reservee-a-lelite\/","og_locale":"fr_FR","og_type":"article","og_title":"R\u00e9ponse au magazine Squiggle : la psychanalyse r\u00e9serv\u00e9e \u00e0 l'\u00e9lite ? - Outside Dana Hilliot","og_description":"L\u2019analyse n\u2019est-elle pas r\u00e9serv\u00e9e \u00e0 une sorte d\u2019\u00e9lite intellectuelle ? par Vincent Seguret | Question &amp; r\u00e9ponse Le magazine Squiggle, il y a quelques ann\u00e9es, invitait les lecteurs \u00e0 poser des questions au sujet de la psychanalyse. J&rsquo;avais propos\u00e9 la r\u00e9ponse qui suit. Ne faut-il pas \u00eatre intelligent, avoir une r\u00e9elle cr\u00e9ativit\u00e9, une certaine culture&hellip;","og_url":"https:\/\/outsiderland.com\/danahilliot\/reponse-au-magazine-squiggle-la-psychanalyse-reservee-a-lelite\/","og_site_name":"Outside Dana Hilliot","twitter_card":"summary_large_image","twitter_misc":{"Dur\u00e9e de lecture estim\u00e9e":"4 minutes"},"schema":{"@context":"https:\/\/schema.org","@graph":[{"@type":"WebPage","@id":"https:\/\/outsiderland.com\/danahilliot\/reponse-au-magazine-squiggle-la-psychanalyse-reservee-a-lelite\/","url":"https:\/\/outsiderland.com\/danahilliot\/reponse-au-magazine-squiggle-la-psychanalyse-reservee-a-lelite\/","name":"R\u00e9ponse au magazine Squiggle : la psychanalyse r\u00e9serv\u00e9e \u00e0 l'\u00e9lite ? - Outside Dana Hilliot","isPartOf":{"@id":"https:\/\/outsiderland.com\/danahilliot\/#website"},"datePublished":"2019-05-16T08:43:21+00:00","breadcrumb":{"@id":"https:\/\/outsiderland.com\/danahilliot\/reponse-au-magazine-squiggle-la-psychanalyse-reservee-a-lelite\/#breadcrumb"},"inLanguage":"fr-FR","potentialAction":[{"@type":"ReadAction","target":["https:\/\/outsiderland.com\/danahilliot\/reponse-au-magazine-squiggle-la-psychanalyse-reservee-a-lelite\/"]}]},{"@type":"BreadcrumbList","@id":"https:\/\/outsiderland.com\/danahilliot\/reponse-au-magazine-squiggle-la-psychanalyse-reservee-a-lelite\/#breadcrumb","itemListElement":[{"@type":"ListItem","position":1,"name":"Accueil","item":"https:\/\/outsiderland.com\/danahilliot\/"},{"@type":"ListItem","position":2,"name":"R\u00e9ponse au magazine Squiggle : la psychanalyse r\u00e9serv\u00e9e \u00e0 l&rsquo;\u00e9lite ?"}]},{"@type":"WebSite","@id":"https:\/\/outsiderland.com\/danahilliot\/#website","url":"https:\/\/outsiderland.com\/danahilliot\/","name":"Outside Dana Hilliot","description":". Archives . Activit\u00e9s . Projets .","publisher":{"@id":"https:\/\/outsiderland.com\/danahilliot\/#\/schema\/person\/201a1fef0f5c2897bd65e98bcf6b1179"},"potentialAction":[{"@type":"SearchAction","target":{"@type":"EntryPoint","urlTemplate":"https:\/\/outsiderland.com\/danahilliot\/?s={search_term_string}"},"query-input":{"@type":"PropertyValueSpecification","valueRequired":true,"valueName":"search_term_string"}}],"inLanguage":"fr-FR"},{"@type":["Person","Organization"],"@id":"https:\/\/outsiderland.com\/danahilliot\/#\/schema\/person\/201a1fef0f5c2897bd65e98bcf6b1179","name":"danahilliot","image":{"@type":"ImageObject","inLanguage":"fr-FR","@id":"https:\/\/outsiderland.com\/danahilliot\/#\/schema\/person\/image\/","url":"https:\/\/outsiderland.com\/danahilliot\/wp-content\/uploads\/2026\/02\/50801449407_a909f2c1ad_k.jpg","contentUrl":"https:\/\/outsiderland.com\/danahilliot\/wp-content\/uploads\/2026\/02\/50801449407_a909f2c1ad_k.jpg","width":2048,"height":1536,"caption":"danahilliot"},"logo":{"@id":"https:\/\/outsiderland.com\/danahilliot\/#\/schema\/person\/image\/"}}]}},"_links":{"self":[{"href":"https:\/\/outsiderland.com\/danahilliot\/wp-json\/wp\/v2\/pages\/2761","targetHints":{"allow":["GET"]}}],"collection":[{"href":"https:\/\/outsiderland.com\/danahilliot\/wp-json\/wp\/v2\/pages"}],"about":[{"href":"https:\/\/outsiderland.com\/danahilliot\/wp-json\/wp\/v2\/types\/page"}],"author":[{"embeddable":true,"href":"https:\/\/outsiderland.com\/danahilliot\/wp-json\/wp\/v2\/users\/1"}],"replies":[{"embeddable":true,"href":"https:\/\/outsiderland.com\/danahilliot\/wp-json\/wp\/v2\/comments?post=2761"}],"version-history":[{"count":1,"href":"https:\/\/outsiderland.com\/danahilliot\/wp-json\/wp\/v2\/pages\/2761\/revisions"}],"predecessor-version":[{"id":2762,"href":"https:\/\/outsiderland.com\/danahilliot\/wp-json\/wp\/v2\/pages\/2761\/revisions\/2762"}],"wp:attachment":[{"href":"https:\/\/outsiderland.com\/danahilliot\/wp-json\/wp\/v2\/media?parent=2761"}],"wp:term":[{"taxonomy":"category","embeddable":true,"href":"https:\/\/outsiderland.com\/danahilliot\/wp-json\/wp\/v2\/categories?post=2761"},{"taxonomy":"post_tag","embeddable":true,"href":"https:\/\/outsiderland.com\/danahilliot\/wp-json\/wp\/v2\/tags?post=2761"}],"curies":[{"name":"wp","href":"https:\/\/api.w.org\/{rel}","templated":true}]}}