{"id":2639,"date":"2018-10-11T09:16:44","date_gmt":"2018-10-11T09:16:44","guid":{"rendered":"https:\/\/outsiderland.com\/danahilliot\/?page_id=2639"},"modified":"2025-10-12T09:46:08","modified_gmt":"2025-10-12T09:46:08","slug":"lascension-du-puy-de-sancy","status":"publish","type":"page","link":"https:\/\/outsiderland.com\/danahilliot\/lascension-du-puy-de-sancy\/","title":{"rendered":"L&rsquo;Ascension du Puy de Sancy"},"content":{"rendered":"<p style=\"text-align: right;\"><em>(Le Mont-Dore, \u00e9t\u00e9 1996)<\/em><\/p>\n<p>Le sentier d\u00e9marrait juste derri\u00e8re l\u2019h\u00f4tel du Casino\u00a0: on s\u2019\u00e9tait fray\u00e9 un chemin entre les voitures gar\u00e9es sur le parking, le genre de voiture qu\u2019on pourra jamais s\u2019acheter, jamais, et d\u2019ailleurs c\u2019est un train qui nous avait transport\u00e9 jusqu\u2019ici, des trains pour \u00eatre exact, une bonne journ\u00e9e de voyage pour quelques centaines de kilom\u00e8tres \u00e0 travers le Limousin, cinquante-deux arr\u00eats en gare, quatre changements, des heures d\u2019attente dans des villages d\u00e9serts, sur les quais \u00e0 Lathus attendait cette femme entour\u00e9e de volailles jacassantes, elle comptait les vendre au march\u00e9 \u00e0 Bellac, alors on l\u2019avait aid\u00e9e \u00e0 charger toute sa compagnie \u00e0 plumes et nous avions partag\u00e9 avec quelques rares voyageurs ce tron\u00e7on ferroviaire environn\u00e9s d\u2019un duvet plumitif qui voletait dans le wagon. Le soir, apr\u00e8s notre d\u00e9barquement au Mont Dore, nous avions dress\u00e9 la tente au camping, puis David avait fait bravement\u00a0: \u00ab\u00a0Je te paie le restaurant\u00a0\u00bb, j\u2019avais dit oui, tout en sachant qu\u2019il ne devait pas \u00eatre beaucoup plus riche que moi. On \u00e9tait mont\u00e9 en ville, fl\u00e2nant d\u2019abord quelques heures dans les rues pi\u00e9tonnes \u00e0 la recherche d\u2019un endroit pour manger, avisant finalement ce restaurant traditionnel et pas trop cher, nous adonnant \u00e0 la boisson avant le d\u00e9but du service, et c\u2019est \u00e0 partir de ce moment-l\u00e0 que les choses avaient commenc\u00e9 \u00e0 d\u00e9g\u00e9n\u00e9rer.<br \/>\nDe fait, au matin, malgr\u00e9 notre \u00e9tat d\u2019\u00e9puisement, bien qu\u2019encore ivres de la veille, et l\u2019estomac tout retourn\u00e9, on \u00e9tait parti d\u00e8s l\u2019aube, il fallait lever le camp au plus vite, on aurait pu tout aussi bien dire qu\u2019on fuyait, il faisait encore nuit quand on a travers\u00e9 la ville, \u00ab\u00a0T\u2019as dormi\u00a0? Non j\u2019ai pas dormi\u00a0\u00bb, Il y avait cette grande lumi\u00e8re blanche qui brillait dans mon cr\u00e2ne, avec ce gouffre, cet esp\u00e8ce de vide infini qui se creusait quand j\u2019essayais de fermer les yeux, l\u2019horreur, \u00ab\u00a0Moi, j\u2019ai surveill\u00e9 toute la nuit les alentours\u00a0\u00bb, j\u2019\u00e9piais, j\u2019\u00e9coutais, je m\u2019attendais \u00e0 ce que les flics d\u00e9barquent, j\u2019ai d\u00e9lir\u00e9 avec \u00e7a, ils avaient des chiens, ils nous pointaient avec leurs flingues, \u00ab\u00a0\u00c7a nous fait quoi\u00a0? Trois heures de sommeil\u00a0?\u00a0\u00bb Et une cuite monumentale. Le sentier d\u00e9marrait abruptement\u00a0: une sacr\u00e9e pente, la terre \u00e9tait tremp\u00e9e de l\u2019orage de la veille, David marchait en t\u00eate, comme toujours quand la pente est raide, moi je me tra\u00eene avec mes grandes guibolles, mais quand le relief s\u2019adoucit, je prends les devants, c\u2019est ainsi, on se conna\u00eet tellement bien, depuis le temps qu\u2019on marche ensemble, je n\u2019imagine pas marcher avec un autre, un compagnon de marche, une fois qu\u2019on a trouv\u00e9 le bon, c\u2019est pr\u00e9cieux, et s\u2019il s\u2019av\u00e8re \u00e9galement \u00eatre un compagnon de beuverie, alors c\u2019est doublement pr\u00e9cieux, d\u00e9couvrir chez un homme ces deux comp\u00e9tences r\u00e9unies, c\u2019est pas si fr\u00e9quent. Bien qu\u2019il faille admettre que parfois, et notamment ce matin-l\u00e0, la beuverie avait pris le pas, si je puis dire, sur la marche, si bien qu\u2019on se tra\u00eenait plut\u00f4t qu\u2019autre chose, mettre un pied devant l\u2019autre nous co\u00fbtait une peine de martyr, mais fallait surtout pas s\u2019\u00e9terniser au village, \u00e0 cause des \u00e9v\u00e9nements de la veille, valait mieux se faire oublier, dispara\u00eetre, filer au plus vite \u00e0 travers la montagne vers les hauteurs, changer de vall\u00e9e d\u00e8s que possible, passer de l\u2019autre c\u00f4t\u00e9 du Sancy.<\/p>\n<p>Ce matin l\u00e0 les sommets \u00e9touffaient sous de lourds nuages blanch\u00e2tres. Comme mon \u00e2me, pensai-je, dans un acc\u00e8s de po\u00e9sie avari\u00e9e. \u00c0 peine deux cent m\u00e8tres au dessus de la cime de l\u2019h\u00f4tel du Casino, un besoin pressant obligea David \u00e0 faire une pause. J\u2019en profitais pour tousser les deux paquets de cigarettes consomm\u00e9s dans la soir\u00e9e d\u2019hier, et, dans mon \u00e9lan, vom\u00eet brutalement les deux tiers du d\u00eener au restaurant, expulsant le tiers restant \u00e0 l\u2019aide de la technique bien connue des ivrognes, l\u2019index plant\u00e9 au fond de la gorge, certains pr\u00e9f\u00e8rent le majeur, le r\u00e9sultat est le m\u00eame\u00a0: un soulagement suspect, et, dans l\u2019heure qui suit, ces abominables remont\u00e9es acides qui vous raclent et curent les organes digestifs. \u00ab\u00a0La vie au grand air\u00a0!\u00a0\u00bb, fit David en admirant le produit de mes exc\u00e8s. On \u00e9tait reparti, plus l\u00e9ger sans doute, toujours aussi malades certainement. Une heure plus tard, nous hissant, p\u00e2les, an\u00e9antis, hypoglyc\u00e9miques, sur les derni\u00e8res pentes avant d\u2019attaquer une sorte de tourbi\u00e8re gorg\u00e9e d\u2019eau, plong\u00e9e dans la brume, mais \u00e0 peu pr\u00e8s plate, deux dames, je pr\u00e9cise des dames, au sens o\u00f9 elles ne rougiraient pas qu\u2019on les d\u00e9clare en \u00e2ge d\u2019\u00eatre potentiellement nos m\u00e8res, nous d\u00e9passaient all\u00e8grement en discutaillant sans effort apparent. On avait tent\u00e9 un sourire, marmonn\u00e9 un bonjour, aussi enjou\u00e9 que possible, esp\u00e9rant donner le change, c\u2019est pas une malheureuse heure de marche qui nous \u00e9puise de la sorte, nous, une pente comme celle-l\u00e0, on l\u2019avale au petit d\u00e9jeuner sans m\u00eame y penser, dans des conditions normales il se peut m\u00eame qu\u2019on l\u2019ait gravie en courant cette pente ridicule, en courant, tout \u00e0 fait\u00a0!, ou au moins en trottinant. On s\u2019\u00e9tait regard\u00e9, profond\u00e9ment atterr\u00e9s\u00a0: voil\u00e0 un fait, accablant, des mamies venaient de nous doubler, on se souvenait pas d\u2019avoir jamais \u00e9t\u00e9 doubl\u00e9s par quiconque, on avait toujours mis un point d\u2019honneur \u00e0 ne jamais se laisser doubler, m\u00eame les sportifs sur\u00e9quip\u00e9s, en collants fusel\u00e9s, a\u00e9rodynamiques, les chaussures dernier cri, les randonneurs high-tech, m\u00eame ceux-l\u00e0 baissaient la t\u00eate quand on les d\u00e9passait, le regard tranquille, en sifflotant, jamais au grand jamais, alors des mamies\u00a0! D\u00e9pit\u00e9s, on s\u2019\u00e9tait assis sur un rocher d\u00e9passant des tourbi\u00e8res\u00a0: deux spectres \u00e9mergeant du brouillard, des morts-vivants surgis des gorges de l\u2019enfer. Du saucisson, du pain sec, faut boire surtout, de l\u2019eau, beaucoup d\u2019eau, se d\u00e9sintoxiquer, noyer les mar\u00e9cages de bi\u00e8re et de whisky qui croupissaient au fond de nos estomacs avec de l\u2019eau plate, de la bonne eau pure des montagnes puis\u00e9e au lavabo du camping avant de partir, mais qu\u2019importe, sans \u00e7a, le Sancy, on n\u2019en viendrait pas \u00e0 bout, on cr\u00e8verait en route, en proie aux fi\u00e8vres, victimes d\u2019\u00e9puisement, qu\u2019on nous \u00e9pargne cette humiliation, qu\u2019avions-nous donc fait pour m\u00e9riter un tel sort\u00a0?<\/p>\n<p>On en avait fait quand m\u00eame un peu, fallait bien l\u2019admettre. Mais \u00e9tait-ce notre faute si le patron du restaurant tenait aussi un estaminet, et, pris d\u2019un \u00e9lan d\u2019amiti\u00e9 suspect, se sentait d\u2019humeur \u00e0 nous offrir \u00e0 boire, \u00ab\u00a0faut que vous go\u00fbtiez la gentiane les jeunes\u00a0\u00bb, et\u00a0: \u00ab\u00a0vous pouvez pas partir d\u2019ici sans go\u00fbter la liqueur du pays\u00bb, on ne pouvait pas en effet, question de respect, on doit respecter son h\u00f4te, le territoire qui vous accueille, ses traditions, et c\u2019est pas peu dire qu\u2019on lui rendit hommage, et, ce qui s\u2019ensuivit, pas notre faute non plus si, \u00e0 l\u2019arri\u00e8re de l\u2019estaminet, une porte d\u00e9rob\u00e9e donnait sur un dancing, je n\u2019ai jamais su r\u00e9sister \u00e0 une porte d\u00e9rob\u00e9e, depuis tout petit j\u2019\u00e9prouve pour les portes d\u00e9rob\u00e9es une affection sans borne, les pressentant, les cherchant, et une fois d\u00e9couvertes, n\u2019ayant de cesse de m\u2019\u00e9vertuer \u00e0 les ouvrir, rien ne m\u2019excite plus que les portes d\u00e9rob\u00e9es surtout quand elles vous permettent d\u2019entrer dans un dancing priv\u00e9 sans payer et sans qu\u2019il soit n\u00e9cessaire de montrer patte blanche. \u00ab\u00a0Je me souviens plus de tout, et toi\u00a0?\u00a0\u00bb Il y avait ces jeunes gens si propres sur eux, leur chemise et leur robe d\u2019un blanc immacul\u00e9, qui dansaient gentiment, des gar\u00e7ons et des filles, s\u2019offrant une petite surprise-partie inoffensive, il est \u00e9vident qu\u2019on les d\u00e9rangeait. \u00ab\u00a0Les loups dans la bergerie\u00a0\u00bb, j\u2019ai dit, \u00ab\u00a0Oui\u00a0\u00bb, fit David en \u00e9cho. On s\u2019est arrang\u00e9 pour qu\u2019ils aient de bonnes raisons de penser qu\u2019on d\u00e9rangeait, \u00ab\u00a0\u00e7a, pour les d\u00e9ranger, on n\u2019y est pas all\u00e9 \u00e0 moiti\u00e9 quand m\u00eame\u00a0\u00bb. \u00ab\u00a0En m\u00eame temps, c\u2019est un peu ce qu\u2019on fait tout le temps non\u00a0?\u00a0\u00bb On nous invite, dans l\u2019espoir qu\u2019on anime un peu les choses, et puis, \u00e0 la fin, immanquablement, les organisateurs s\u2019en mordent les doigts. G\u00e2cher la f\u00eate, foutre une soir\u00e9e en l\u2019air, c\u2019est un peu notre sp\u00e9cialit\u00e9, on fait appel \u00e0 nous pour d\u00e9brider un peu les choses, et, au lieu de \u00e7a, on transforme l\u2019aimable sauterie en ind\u00e9cente orgie, jusqu\u2019\u00e0 ce qu\u2019un h\u00e9ros se r\u00e9v\u00e8le et nous provoque en duel, par exemple le play-boy hier soir, \u00ab\u00a0quand tu t\u2019es mis \u00e0 tripoter sa dulcin\u00e9e\u00a0\u00bb, \u00ab\u00a0ah oui\u00a0\u00bb, et le grand maigre \u00e0 lunettes qui s\u2019est senti une vocation de videur de bo\u00eete de nuit, j\u2019aurais souhait\u00e9 m\u2019interposer mais j\u2019ai \u00e9t\u00e9 pris d\u2019un rire inextinguible, \u00ab\u00a0bah, on s\u2019est juste bouscul\u00e9 un peu\u00a0\u00bb, je lui ai ass\u00e9n\u00e9 droit dans les yeux ce qui me semblait \u00e0 ce moment l\u00e0 des v\u00e9rit\u00e9s importantes, concernant probablement sa d\u00e9sesp\u00e9rance sexuelle et la maigreur de ses jambes interminables, d\u2019o\u00f9 la bousculade, c\u2019est apr\u00e8s qu\u2019on a fil\u00e9, \u00ab\u00a0oui, toi tu \u00e9tais vautr\u00e9 contre une enceinte et remuait la t\u00eate de bas en haut comme un ali\u00e9n\u00e9\u00a0\u00bb, j\u2019ai cri\u00e9\u00a0: \u00ab\u00a0on s\u2019arrache\u00a0!\u00a0\u00bb C\u2019est apr\u00e8s, dans la rue, que \u00e7a s\u2019est g\u00e2t\u00e9. On descendait en tanguant l\u2019avenue qui m\u00e8ne au camping, en passant devant des rang\u00e9es de pavillons \u00e9teints, et je ai demand\u00e9 \u00e0 mon fuyard de compagnon\u00a0: \u00ab\u00a0d\u2019o\u00f9 elle sort cette veste\u00a0?\u00a0\u00bb Il portait une veste du genre qu\u2019on n\u2019avait pas bien l\u2019habitude de porter, neuve, immacul\u00e9e, propre, pas notre style en somme, et lui, comme si \u00e7a lui revenait soudain en m\u00e9moire\u00a0: \u00ab\u00a0je crois bien que je l\u2019ai prise au porte-manteaux en sortant de la bo\u00eete\u00a0\u00bb. On s\u2019est regard\u00e9 sans mot dire et je crois bien qu\u2019apr\u00e8s avoir jet\u00e9 un bref coup d\u2019\u0153il en haut de l\u2019avenue, on s\u2019est mis \u00e0 courir comme des d\u00e9rat\u00e9s vers le camping. \u00ab\u00a0Stop\u00a0!\u00a0\u00bb j\u2019ai hurl\u00e9 en passant devant une magnifique poubelle publique verte pos\u00e9e \u00e0 l\u2019entr\u00e9e d\u2019un square. \u00ab\u00a0Faut s\u2019en d\u00e9barrasser. Manquerait plus qu\u2019on nous accuse de vol\u00a0!\u00a0\u00bb \u00ab\u00a0Surtout que je l\u2019ai pas vraiment fait expr\u00e8s\u00a0\u00bb, a marmonn\u00e9 David. \u00ab\u00a0On pourrait peut-\u00eatre tout de m\u00eame, disons, au cas o\u00f9, sans le faire expr\u00e8s non plus, maintenant qu\u2019on y est, explorer les poches\u00a0?\u00a0\u00bb Je me suis toujours tenu autant que possible \u00e0 l\u2019\u00e9cart du crime, except\u00e9 quand des circonstances exceptionnelles, relevant d\u00e8s lors du r\u00e9gime de la n\u00e9cessit\u00e9, me conduisirent en de rares occasions \u00e0 agir \u00e0 l\u2019encontre de la moralit\u00e9, et s\u2019il m\u2019est arriv\u00e9, rien qu\u2019une fois notez-le, d\u2019emprunter une automobile, c\u2019\u00e9tait pour fuir un couple de psychopathes qui m\u2019avait h\u00e9berg\u00e9 durant deux jours et que je soup\u00e7onnais de torturer de temps \u00e0 autres les auto-stoppeurs qu\u2019ils ramassaient dans leur pick-up les soirs d\u2019\u00e9t\u00e9, et quand, un autre soir, j\u2019ai p\u00e9n\u00e9tr\u00e9 par effraction au domicile d\u2019Emmanuel B., qu\u2019il me pardonne si par hasard il me lit, mais c\u2019\u00e9tait pour r\u00e9cup\u00e9rer ce qu\u2019il me devait, parce qu\u2019il avait \u00e9puis\u00e9 ma patience en m\u2019accablant de promesses, arrive un moment o\u00f9 les r\u00e8gles doivent \u00eatre respect\u00e9es et justice rendue, quand bien m\u00eame le sujet de notre dispute tombait manifestement sous le coup de la loi, il doit exister des r\u00e8gles y compris dans le champ des pratiques illicites, c\u2019est du moins ce que je pense, d\u2019une certaine mani\u00e8re et d\u2019un certain point de vue, ce veston de grande classe apparu sur les \u00e9paules de mon ami manquait \u00e0 quelqu\u2019un, \u00e0 n\u2019en pas douter, mais n\u2019\u00e9tait-il pas, d\u2019un autre point de vue, \u00e9galement le prix qu\u2019avait \u00e0 payer son propri\u00e9taire pour s\u2019\u00eatre montr\u00e9 si arrogant envers nous, et qu\u2019il devait \u00eatre apr\u00e8s tout puni pour son absence d\u2019humour et de compr\u00e9hension, le larcin, examin\u00e9 \u00e0 l\u2019aune de ces faits indubitables, n\u2019apparaissait-il pas pour ce qu\u2019il \u00e9tait en r\u00e9alit\u00e9, une juste le\u00e7on de vivre adress\u00e9e \u00e0 ce quidam pr\u00e9tentieux, lequel d\u2019ailleurs, si l\u2019on en croyait le passeport dont David \u00e9tudiait le contenu, se nommait Jean de quelque chose, Jean passe encore, mais la particule, la particule \u00e0 elle seule, au nom de la lutte des classes, autorisait qu\u2019on fouille plus avant dans le portefeuille\u00a0: deux pr\u00e9servatifs, un ticket de cin\u00e9ma usager, cinquante-sept francs et trente centimes. M\u00eame pas de quoi se rembourser la soir\u00e9e\u00a0! Une piti\u00e9\u00a0! Quel genre d\u2019homme pr\u00e9tendument nomm\u00e9 Jean de quelque chose oserait s\u2019encanailler avec seulement cinquante-sept francs en poche. Et trente centimes\u00a0! Une autre bonne raison de l\u2019en d\u00e9lester. Pour la veste et le reste du contenu des poches, sur la poubelle, bien en vue sur le couvercle\u00a0: qu\u2019aurait-on fait d\u2019un tel accoutrement, nos sacs \u00e0 dos \u00e9taient remplis \u00e0 ras bord, \u00e7a n\u2019aurait eu aucune utilit\u00e9 dans ces montagnes o\u00f9 nos pas tremblant nous emportaient avec une lenteur exasp\u00e9rante d\u2019ivrognes. Bref, bien qu\u2019en partie justifi\u00e9s et r\u00e9concili\u00e9s avec nous-m\u00eames, nous pr\u00eemes la tangente au plus vite, regagnant le couvert de notre minuscule toile de tente, fragile refuge contre l\u2019adversit\u00e9 du monde contemporain.<\/p>\n<p>Il n\u2019est pas inutile parfois de prendre le temps de faire le point, fut-ce perch\u00e9 sur un rocher suspect au milieu d\u2019un mar\u00e9cage satur\u00e9 de brouillard baignant les contreforts du Puy de Sancy. Parler aide \u00e0 rassembler ses pens\u00e9es et ses souvenirs, surtout quand chacun de vos neurones semble sur le point d\u2019imploser, sous l\u2019effet conjugu\u00e9 de l\u2019altitude et des exc\u00e8s non dig\u00e9r\u00e9s de la veille. Grignoter une tranche de saucisson avec un peu de pain aide aussi. Apr\u00e8s quoi nous nous sommes remis en route, l\u2019esprit d\u00e9lest\u00e9 d\u2019un poids et le ventre au contraire un peu moins vide, bon an mal an, et la fin de la matin\u00e9e nous surprit escaladant les ultimes amas de pierres grises conduisant au sommet, et nous avons franhci la cr\u00eate derri\u00e8re laquelle s\u2019offrait une toute autre vall\u00e9e, riche de promesses et d\u2019aventures inou\u00efes, nous gratifiant d\u2019une nouvelle virginit\u00e9.<\/p>\n","protected":false},"excerpt":{"rendered":"<p>(Le Mont-Dore, \u00e9t\u00e9 1996) Le sentier d\u00e9marrait juste derri\u00e8re l\u2019h\u00f4tel du Casino\u00a0: on s\u2019\u00e9tait fray\u00e9 un chemin entre les voitures gar\u00e9es sur le parking, le genre de voiture qu\u2019on pourra jamais s\u2019acheter, jamais, et d\u2019ailleurs c\u2019est un train qui nous avait transport\u00e9 jusqu\u2019ici, des trains pour \u00eatre exact, une bonne journ\u00e9e de voyage pour quelques&hellip;<\/p>\n <a href=\"https:\/\/outsiderland.com\/danahilliot\/lascension-du-puy-de-sancy\/\" title=\"L&rsquo;Ascension du Puy de Sancy\" class=\"entry-more-link\"><span>Read More<\/span> <span class=\"screen-reader-text\">L&rsquo;Ascension du Puy de Sancy<\/span><\/a>","protected":false},"author":1,"featured_media":0,"parent":0,"menu_order":0,"comment_status":"closed","ping_status":"closed","template":"","meta":{"Layout":"","footnotes":""},"categories":[120],"tags":[126],"class_list":["entry","author-danah","post-2639","page","type-page","status-publish","category-observation","tag-observation"],"yoast_head":"<!-- This site is optimized with the Yoast SEO plugin v27.0 - https:\/\/yoast.com\/product\/yoast-seo-wordpress\/ -->\n<title>L&#039;Ascension du Puy de Sancy - Outside Dana Hilliot<\/title>\n<meta name=\"robots\" content=\"index, follow, max-snippet:-1, max-image-preview:large, max-video-preview:-1\" \/>\n<link rel=\"canonical\" href=\"https:\/\/outsiderland.com\/danahilliot\/lascension-du-puy-de-sancy\/\" \/>\n<meta property=\"og:locale\" content=\"fr_FR\" \/>\n<meta property=\"og:type\" content=\"article\" \/>\n<meta property=\"og:title\" content=\"L&#039;Ascension du Puy de Sancy - Outside Dana Hilliot\" \/>\n<meta property=\"og:description\" content=\"(Le Mont-Dore, \u00e9t\u00e9 1996) Le sentier d\u00e9marrait juste derri\u00e8re l\u2019h\u00f4tel du Casino\u00a0: on s\u2019\u00e9tait fray\u00e9 un chemin entre les voitures gar\u00e9es sur le parking, le genre de voiture qu\u2019on pourra jamais s\u2019acheter, jamais, et d\u2019ailleurs c\u2019est un train qui nous avait transport\u00e9 jusqu\u2019ici, des trains pour \u00eatre exact, une bonne journ\u00e9e de voyage pour quelques&hellip;\" \/>\n<meta property=\"og:url\" content=\"https:\/\/outsiderland.com\/danahilliot\/lascension-du-puy-de-sancy\/\" \/>\n<meta property=\"og:site_name\" content=\"Outside Dana Hilliot\" \/>\n<meta property=\"article:modified_time\" content=\"2025-10-12T09:46:08+00:00\" \/>\n<meta name=\"twitter:card\" content=\"summary_large_image\" \/>\n<meta name=\"twitter:label1\" content=\"Dur\u00e9e de lecture estim\u00e9e\" \/>\n\t<meta name=\"twitter:data1\" content=\"13 minutes\" \/>\n<script type=\"application\/ld+json\" class=\"yoast-schema-graph\">{\"@context\":\"https:\/\/schema.org\",\"@graph\":[{\"@type\":\"WebPage\",\"@id\":\"https:\/\/outsiderland.com\/danahilliot\/lascension-du-puy-de-sancy\/\",\"url\":\"https:\/\/outsiderland.com\/danahilliot\/lascension-du-puy-de-sancy\/\",\"name\":\"L'Ascension du Puy de Sancy - Outside Dana Hilliot\",\"isPartOf\":{\"@id\":\"https:\/\/outsiderland.com\/danahilliot\/#website\"},\"datePublished\":\"2018-10-11T09:16:44+00:00\",\"dateModified\":\"2025-10-12T09:46:08+00:00\",\"breadcrumb\":{\"@id\":\"https:\/\/outsiderland.com\/danahilliot\/lascension-du-puy-de-sancy\/#breadcrumb\"},\"inLanguage\":\"fr-FR\",\"potentialAction\":[{\"@type\":\"ReadAction\",\"target\":[\"https:\/\/outsiderland.com\/danahilliot\/lascension-du-puy-de-sancy\/\"]}]},{\"@type\":\"BreadcrumbList\",\"@id\":\"https:\/\/outsiderland.com\/danahilliot\/lascension-du-puy-de-sancy\/#breadcrumb\",\"itemListElement\":[{\"@type\":\"ListItem\",\"position\":1,\"name\":\"Accueil\",\"item\":\"https:\/\/outsiderland.com\/danahilliot\/\"},{\"@type\":\"ListItem\",\"position\":2,\"name\":\"L&rsquo;Ascension du Puy de Sancy\"}]},{\"@type\":\"WebSite\",\"@id\":\"https:\/\/outsiderland.com\/danahilliot\/#website\",\"url\":\"https:\/\/outsiderland.com\/danahilliot\/\",\"name\":\"Outside Dana Hilliot\",\"description\":\". Archives . Activit\u00e9s . Projets .\",\"publisher\":{\"@id\":\"https:\/\/outsiderland.com\/danahilliot\/#\/schema\/person\/201a1fef0f5c2897bd65e98bcf6b1179\"},\"potentialAction\":[{\"@type\":\"SearchAction\",\"target\":{\"@type\":\"EntryPoint\",\"urlTemplate\":\"https:\/\/outsiderland.com\/danahilliot\/?s={search_term_string}\"},\"query-input\":{\"@type\":\"PropertyValueSpecification\",\"valueRequired\":true,\"valueName\":\"search_term_string\"}}],\"inLanguage\":\"fr-FR\"},{\"@type\":[\"Person\",\"Organization\"],\"@id\":\"https:\/\/outsiderland.com\/danahilliot\/#\/schema\/person\/201a1fef0f5c2897bd65e98bcf6b1179\",\"name\":\"danahilliot\",\"image\":{\"@type\":\"ImageObject\",\"inLanguage\":\"fr-FR\",\"@id\":\"https:\/\/outsiderland.com\/danahilliot\/#\/schema\/person\/image\/\",\"url\":\"https:\/\/outsiderland.com\/danahilliot\/wp-content\/uploads\/2026\/02\/50801449407_a909f2c1ad_k.jpg\",\"contentUrl\":\"https:\/\/outsiderland.com\/danahilliot\/wp-content\/uploads\/2026\/02\/50801449407_a909f2c1ad_k.jpg\",\"width\":2048,\"height\":1536,\"caption\":\"danahilliot\"},\"logo\":{\"@id\":\"https:\/\/outsiderland.com\/danahilliot\/#\/schema\/person\/image\/\"}}]}<\/script>\n<!-- \/ Yoast SEO plugin. -->","yoast_head_json":{"title":"L'Ascension du Puy de Sancy - Outside Dana Hilliot","robots":{"index":"index","follow":"follow","max-snippet":"max-snippet:-1","max-image-preview":"max-image-preview:large","max-video-preview":"max-video-preview:-1"},"canonical":"https:\/\/outsiderland.com\/danahilliot\/lascension-du-puy-de-sancy\/","og_locale":"fr_FR","og_type":"article","og_title":"L'Ascension du Puy de Sancy - Outside Dana Hilliot","og_description":"(Le Mont-Dore, \u00e9t\u00e9 1996) Le sentier d\u00e9marrait juste derri\u00e8re l\u2019h\u00f4tel du Casino\u00a0: on s\u2019\u00e9tait fray\u00e9 un chemin entre les voitures gar\u00e9es sur le parking, le genre de voiture qu\u2019on pourra jamais s\u2019acheter, jamais, et d\u2019ailleurs c\u2019est un train qui nous avait transport\u00e9 jusqu\u2019ici, des trains pour \u00eatre exact, une bonne journ\u00e9e de voyage pour quelques&hellip;","og_url":"https:\/\/outsiderland.com\/danahilliot\/lascension-du-puy-de-sancy\/","og_site_name":"Outside Dana Hilliot","article_modified_time":"2025-10-12T09:46:08+00:00","twitter_card":"summary_large_image","twitter_misc":{"Dur\u00e9e de lecture estim\u00e9e":"13 minutes"},"schema":{"@context":"https:\/\/schema.org","@graph":[{"@type":"WebPage","@id":"https:\/\/outsiderland.com\/danahilliot\/lascension-du-puy-de-sancy\/","url":"https:\/\/outsiderland.com\/danahilliot\/lascension-du-puy-de-sancy\/","name":"L'Ascension du Puy de Sancy - Outside Dana Hilliot","isPartOf":{"@id":"https:\/\/outsiderland.com\/danahilliot\/#website"},"datePublished":"2018-10-11T09:16:44+00:00","dateModified":"2025-10-12T09:46:08+00:00","breadcrumb":{"@id":"https:\/\/outsiderland.com\/danahilliot\/lascension-du-puy-de-sancy\/#breadcrumb"},"inLanguage":"fr-FR","potentialAction":[{"@type":"ReadAction","target":["https:\/\/outsiderland.com\/danahilliot\/lascension-du-puy-de-sancy\/"]}]},{"@type":"BreadcrumbList","@id":"https:\/\/outsiderland.com\/danahilliot\/lascension-du-puy-de-sancy\/#breadcrumb","itemListElement":[{"@type":"ListItem","position":1,"name":"Accueil","item":"https:\/\/outsiderland.com\/danahilliot\/"},{"@type":"ListItem","position":2,"name":"L&rsquo;Ascension du Puy de Sancy"}]},{"@type":"WebSite","@id":"https:\/\/outsiderland.com\/danahilliot\/#website","url":"https:\/\/outsiderland.com\/danahilliot\/","name":"Outside Dana Hilliot","description":". Archives . Activit\u00e9s . Projets .","publisher":{"@id":"https:\/\/outsiderland.com\/danahilliot\/#\/schema\/person\/201a1fef0f5c2897bd65e98bcf6b1179"},"potentialAction":[{"@type":"SearchAction","target":{"@type":"EntryPoint","urlTemplate":"https:\/\/outsiderland.com\/danahilliot\/?s={search_term_string}"},"query-input":{"@type":"PropertyValueSpecification","valueRequired":true,"valueName":"search_term_string"}}],"inLanguage":"fr-FR"},{"@type":["Person","Organization"],"@id":"https:\/\/outsiderland.com\/danahilliot\/#\/schema\/person\/201a1fef0f5c2897bd65e98bcf6b1179","name":"danahilliot","image":{"@type":"ImageObject","inLanguage":"fr-FR","@id":"https:\/\/outsiderland.com\/danahilliot\/#\/schema\/person\/image\/","url":"https:\/\/outsiderland.com\/danahilliot\/wp-content\/uploads\/2026\/02\/50801449407_a909f2c1ad_k.jpg","contentUrl":"https:\/\/outsiderland.com\/danahilliot\/wp-content\/uploads\/2026\/02\/50801449407_a909f2c1ad_k.jpg","width":2048,"height":1536,"caption":"danahilliot"},"logo":{"@id":"https:\/\/outsiderland.com\/danahilliot\/#\/schema\/person\/image\/"}}]}},"_links":{"self":[{"href":"https:\/\/outsiderland.com\/danahilliot\/wp-json\/wp\/v2\/pages\/2639","targetHints":{"allow":["GET"]}}],"collection":[{"href":"https:\/\/outsiderland.com\/danahilliot\/wp-json\/wp\/v2\/pages"}],"about":[{"href":"https:\/\/outsiderland.com\/danahilliot\/wp-json\/wp\/v2\/types\/page"}],"author":[{"embeddable":true,"href":"https:\/\/outsiderland.com\/danahilliot\/wp-json\/wp\/v2\/users\/1"}],"replies":[{"embeddable":true,"href":"https:\/\/outsiderland.com\/danahilliot\/wp-json\/wp\/v2\/comments?post=2639"}],"version-history":[{"count":2,"href":"https:\/\/outsiderland.com\/danahilliot\/wp-json\/wp\/v2\/pages\/2639\/revisions"}],"predecessor-version":[{"id":2641,"href":"https:\/\/outsiderland.com\/danahilliot\/wp-json\/wp\/v2\/pages\/2639\/revisions\/2641"}],"wp:attachment":[{"href":"https:\/\/outsiderland.com\/danahilliot\/wp-json\/wp\/v2\/media?parent=2639"}],"wp:term":[{"taxonomy":"category","embeddable":true,"href":"https:\/\/outsiderland.com\/danahilliot\/wp-json\/wp\/v2\/categories?post=2639"},{"taxonomy":"post_tag","embeddable":true,"href":"https:\/\/outsiderland.com\/danahilliot\/wp-json\/wp\/v2\/tags?post=2639"}],"curies":[{"name":"wp","href":"https:\/\/api.w.org\/{rel}","templated":true}]}}