{"id":2636,"date":"2018-10-11T09:15:07","date_gmt":"2018-10-11T09:15:07","guid":{"rendered":"https:\/\/outsiderland.com\/danahilliot\/?page_id=2636"},"modified":"2025-10-12T09:46:08","modified_gmt":"2025-10-12T09:46:08","slug":"nocturne","status":"publish","type":"page","link":"https:\/\/outsiderland.com\/danahilliot\/nocturne\/","title":{"rendered":"Nocturne"},"content":{"rendered":"<p style=\"text-align: right;\"><em>(Limoges-Saint-L\u00e9onard de Noblat premier jour de mars 1989)<\/em><\/p>\n<p>Et me voil\u00e0 sur la grand route plong\u00e9e dans la nuit la plus obscure. Des camions hurlaient en passant pr\u00e8s de moi, leurs phares illuminant la nuit au dernier instant et \u00e0 chaque fois, je craignais qu\u2019un des conducteurs, effray\u00e9 par cette apparition, la sorte de fant\u00f4me que j\u2019\u00e9tais devenu, fasse un \u00e9cart, me happe ou me percute. J\u2019avais bien essay\u00e9 de m\u2019accorder un peu de sommeil tout \u00e0 l\u2019heure, en plantant la tente au beau milieu d\u2019un chemin forestier\u00a0: sous le couvert des bois, j\u2019avais d\u00e9pli\u00e9 la toile et m\u2019\u00e9tais efforc\u00e9 de la maintenir sur le sol gel\u00e9, puis, emmitoufl\u00e9 dans quelques pulls, \u00e0 d\u00e9faut de sac de couchage \u2013 car je n\u2019avais pas pr\u00e9vu la tournure que prendraient les choses \u2013, le bonnet sur la t\u00eate, j\u2019avais essay\u00e9 d\u2019oublier la morsure du froid. Le vent s\u00e9v\u00e8re secouait le toit de cet abri pr\u00e9caire, et je m\u2019en voulais de m\u2019\u00eatre retrouv\u00e9 l\u00e0. Il y a certainement quelque chose de romantique \u00e0 agir de la sorte sous le coup d\u2019une pure impulsion, qui plus est quand une sombre histoire d\u2019amour s\u2019en m\u00eale, mais j\u2019aurais d\u00fb penser avant de prendre le train pour Limoges qu\u2019hier encore nous \u00e9tions administrativement en hiver, et qu\u2019un premier jour de mars, m\u00eame \u00e0 ces altitudes modestes, m\u00eame sur les premiers plateaux de la montagne Limousine, c\u2019est encore l\u2019hiver, et de fait, au c\u0153ur de la nuit, les temp\u00e9ratures devaient descendre en dessous de z\u00e9ro degr\u00e9. Comme la plupart des habitants des villes de plaine, je ne prenais pas garde aux variations du climat, surtout \u00e0 l\u2019\u00e9poque, o\u00f9 je passais chaque nuit \u00e0 explorer la g\u00e9ographie nocturne d\u2019une cit\u00e9 interlope, laquelle, dissimul\u00e9e le jour sous la cit\u00e9 visible, morale et bourgeoise, ne s\u2019\u00e9veillait qu\u2019\u00e0 la tomb\u00e9e du soir entra\u00eenant dans une sarabande artistique mais tout autant grotesque et souvent dionysiaque la tribu bariol\u00e9e des mal ajust\u00e9s aux affaires du jour, des arythmiques et des d\u00e9cal\u00e9s. Que signifiait pour ceux-l\u00e0 l\u2019hiver, et le printemps et les autres saisons\u00a0? La r\u00e9alit\u00e9 du jour, ce doux esclavage qui court de l\u2019embauche \u00e0 la d\u00e9bauche, nous \u00e9tait moins \u00e9trang\u00e8re encore que le cycle de la nature \u2013 et, \u00e0 l\u2019exception de quelques gars dans mon genre, capable de renoncer de temps \u00e0 autre aux peines du jour comme aux plaisirs de la nuit pour aller parcourir les montagnes durant quelques semaines \u2013 pour mieux revenir apr\u00e8s cela s\u2019ab\u00eemer dans la ville et ces exc\u00e8s, la plupart de mes coreligionnaires n\u2019imaginaient pas vivre dans un autre d\u00e9cor que ces ruelles obscures et ces bars de nuit bond\u00e9s.<\/p>\n<p>Donc, pensais-je, frigorifi\u00e9 sous ma pauvre tente, \u00e0 quoi bon dormir ? Pouvait-on mourir gel\u00e9 au tout d\u00e9but du mois de mars, quelque part entre Limoges et Saint-L\u00e9onard du Noblat, sous la toile trop fine d\u2019une tente plant\u00e9e au milieu d\u2019un chemin de traverse ? Ou bien, \u00e0 d\u00e9faut de mourir, perdrais-je quelques phalanges et orteils, le lobe d\u2019une oreille ou le bout du nez ?<\/p>\n<p>\u00c0 coup s\u00fbr, \u00e7a leur ferait un choc, \u00e0 tous les autres, d\u2019apprendre la nouvelle de ma disparition, et surtout les circonstances de ma mort, car apr\u00e8s tout, on s\u2019attendait tous plus ou moins, \u00e9tant donn\u00e9 le style de vie qu\u2019on menait, \u00e0 mourir vite, bien avant l\u2019heure, mais qu\u2019on trouv\u00e2t mon cadavre gel\u00e9 sous une tente au beau milieu de nulle part, alors que, la veille encore, j\u2019\u00e9tais en ville, accostant ici et l\u00e0, de bar en bar et de f\u00eates en f\u00eates, en chasse probablement, car il y avait cette fille, car il y a toujours une fille au commencement de mes histoires de l\u2019\u00e9poque, mes histoires path\u00e9tiques il faut bien le dire, une fille comme une promesse, et je me souviens, trente ann\u00e9es plus tard, d\u2019une fin de soir\u00e9e dans un appartement, \u00e9tait-ce le mien ou celui d\u2019un autre ?, et comment cette promesse s\u2019\u00e9tait \u00e9vanouie dans les bras d\u2019un ami, et comment par d\u00e9pit, j\u2019avais accept\u00e9 les avances d\u2019une autre, \u00e0 la peau si p\u00e2le, et comment je m\u2019en suis voulu le lendemain matin en me r\u00e9veillant dans ses draps \u00e0 elle, \u00e0 cause de ma ranc\u0153ur \u2013 ha ! Trente ans sont pass\u00e9s et le poison laiss\u00e9 par morsure de la culpabilit\u00e9 me tort encore le ventre rien que d\u2019y songer, ha ! Ce petit d\u00e9jeuner au caf\u00e9 en face de l\u2019agence postale, elle ne se faisait gu\u00e8re d\u2019illusion sur mon compte, ma r\u00e9putation \u00e9tait faite depuis longtemps, elle m\u2019avait choisi en quelque sorte, si j\u2019ai bien compris, c\u2019\u00e9tait son rituel de passage \u00e0 elle, et d\u2019ailleurs, peu apr\u00e8s elle quittait la ville, s\u2019engageait dans de longues \u00e9tudes aust\u00e8res, et, \u00e0 ce que j\u2019en sais, finit \u00e9rudite dans quelques d\u00e9partements d\u2019histoire \u00e0 l\u2019universit\u00e9. De la journ\u00e9e qui suivit, je n\u2019ai aucun souvenir. Je suppose toutefois qu\u2019\u00e0 un moment, n\u2019y tenant plus, j\u2019ai rempli le sac \u00e0 dos, gliss\u00e9 l\u00e0-dedans une tente et quelques pulls, oubli\u00e9 le sac de couchage, pris un train pour Limoges.<\/p>\n<p>Une fois l\u00e0-bas, d\u00e9barqu\u00e9 \u00e0 la fin du jour, n\u2019ayant rien \u00e0 y faire, j\u2019ai travers\u00e9 la ville, grimpant sur les hauteurs afin de gagner le d\u00e9but du sentier de randonn\u00e9e, histoire d\u2019aller tout de m\u00eame quelque part. Et j\u2019ai march\u00e9, march\u00e9, pour essayer de vider l\u2019amertume qui m\u2019emplissait la bouche, esp\u00e9rant trouver un sens \u00e0 ce fatras sans nom qu\u2019\u00e9tait alors ma vie, et plus la nuit s\u2019\u00e9paississait, plus l\u2019hiver insistait pour \u00eatre reconnu, mordant bient\u00f4t plus fort que ma culpabilit\u00e9, plus fort que la honte et la m\u00e9lancolie, quelques chiens aboyaient \u00e0 mon passage pr\u00e8s des fermes, et traversant la for\u00eat, je sentais la pr\u00e9sence du corps de b\u00eates massives, et bient\u00f4t, j\u2019avais froid, j\u2019avais peur, et l\u2019\u00e9puisement m\u2019avait gagn\u00e9 : j\u2019ai plant\u00e9 la tente au beau milieu d\u2019un chemin, cherch\u00e9 en vain le sac de couchage, et, apr\u00e8s une demi-heure emmitoufl\u00e9 comme j\u2019avais pu entre deux pulls, claquant litt\u00e9ralement des dents, j\u2019ai repli\u00e9 tout ce barda et repris la route, consid\u00e9rant qu\u2019il valait encore mieux marcher jusqu\u2019au matin, apr\u00e8s quoi on verrait bien.<\/p>\n<p>Et me voil\u00e0 sur la grand route plong\u00e9e dans la nuit la plus obscure. Des camions hurlaient en passant pr\u00e8s de moi, leurs phares illuminant la nuit au dernier instant et \u00e0 chaque fois, je craignais qu\u2019un des conducteurs, effray\u00e9 par cette apparition, la sorte de fant\u00f4me que j\u2019\u00e9tais devenu, fasse un \u00e9cart, me happe ou me percute. Marchant ainsi, j\u2019atteignis bient\u00f4t les abords d\u2019un gros bourg qu\u2019\u00e9clairait encore quelques lampadaires, et c\u2019\u00e9tait Saint-L\u00e9onard de Noblat, et je me souviens avoir d\u00e9rob\u00e9 au seuil de la maison de la presse une pile de journaux d\u00e9pos\u00e9s l\u00e0 au petit matin, avoir gliss\u00e9 sous mes v\u00eatements ces journaux, et m\u2019\u00eatre assis pour dormir \u00e0 l\u2019abri du porche lat\u00e9rale de la coll\u00e9giale, jusqu\u2019\u00e0 ce que les premiers passants viennent \u00e0 braver le froid du matin, apr\u00e8s quoi je descendis jusqu\u2019\u00e0 la gare, et dormis sur un banc inconfortable en attendant le prochain train.<\/p>\n","protected":false},"excerpt":{"rendered":"<p>(Limoges-Saint-L\u00e9onard de Noblat premier jour de mars 1989) Et me voil\u00e0 sur la grand route plong\u00e9e dans la nuit la plus obscure. Des camions hurlaient en passant pr\u00e8s de moi, leurs phares illuminant la nuit au dernier instant et \u00e0 chaque fois, je craignais qu\u2019un des conducteurs, effray\u00e9 par cette apparition, la sorte de fant\u00f4me&hellip;<\/p>\n <a href=\"https:\/\/outsiderland.com\/danahilliot\/nocturne\/\" title=\"Nocturne\" class=\"entry-more-link\"><span>Read More<\/span> <span class=\"screen-reader-text\">Nocturne<\/span><\/a>","protected":false},"author":1,"featured_media":0,"parent":0,"menu_order":0,"comment_status":"closed","ping_status":"closed","template":"","meta":{"Layout":"","footnotes":""},"categories":[120],"tags":[126],"class_list":["entry","author-danah","post-2636","page","type-page","status-publish","category-observation","tag-observation"],"yoast_head":"<!-- This site is optimized with the Yoast SEO plugin v27.0 - https:\/\/yoast.com\/product\/yoast-seo-wordpress\/ -->\n<title>Nocturne - Outside Dana Hilliot<\/title>\n<meta name=\"robots\" content=\"index, follow, max-snippet:-1, max-image-preview:large, max-video-preview:-1\" \/>\n<link rel=\"canonical\" href=\"https:\/\/outsiderland.com\/danahilliot\/nocturne\/\" \/>\n<meta property=\"og:locale\" content=\"fr_FR\" \/>\n<meta property=\"og:type\" content=\"article\" \/>\n<meta property=\"og:title\" content=\"Nocturne - Outside Dana Hilliot\" \/>\n<meta property=\"og:description\" content=\"(Limoges-Saint-L\u00e9onard de Noblat premier jour de mars 1989) Et me voil\u00e0 sur la grand route plong\u00e9e dans la nuit la plus obscure. Des camions hurlaient en passant pr\u00e8s de moi, leurs phares illuminant la nuit au dernier instant et \u00e0 chaque fois, je craignais qu\u2019un des conducteurs, effray\u00e9 par cette apparition, la sorte de fant\u00f4me&hellip;\" \/>\n<meta property=\"og:url\" content=\"https:\/\/outsiderland.com\/danahilliot\/nocturne\/\" \/>\n<meta property=\"og:site_name\" content=\"Outside Dana Hilliot\" \/>\n<meta property=\"article:modified_time\" content=\"2025-10-12T09:46:08+00:00\" \/>\n<meta name=\"twitter:card\" content=\"summary_large_image\" \/>\n<meta name=\"twitter:label1\" content=\"Dur\u00e9e de lecture estim\u00e9e\" \/>\n\t<meta name=\"twitter:data1\" content=\"6 minutes\" \/>\n<script type=\"application\/ld+json\" class=\"yoast-schema-graph\">{\"@context\":\"https:\/\/schema.org\",\"@graph\":[{\"@type\":\"WebPage\",\"@id\":\"https:\/\/outsiderland.com\/danahilliot\/nocturne\/\",\"url\":\"https:\/\/outsiderland.com\/danahilliot\/nocturne\/\",\"name\":\"Nocturne - Outside Dana Hilliot\",\"isPartOf\":{\"@id\":\"https:\/\/outsiderland.com\/danahilliot\/#website\"},\"datePublished\":\"2018-10-11T09:15:07+00:00\",\"dateModified\":\"2025-10-12T09:46:08+00:00\",\"breadcrumb\":{\"@id\":\"https:\/\/outsiderland.com\/danahilliot\/nocturne\/#breadcrumb\"},\"inLanguage\":\"fr-FR\",\"potentialAction\":[{\"@type\":\"ReadAction\",\"target\":[\"https:\/\/outsiderland.com\/danahilliot\/nocturne\/\"]}]},{\"@type\":\"BreadcrumbList\",\"@id\":\"https:\/\/outsiderland.com\/danahilliot\/nocturne\/#breadcrumb\",\"itemListElement\":[{\"@type\":\"ListItem\",\"position\":1,\"name\":\"Accueil\",\"item\":\"https:\/\/outsiderland.com\/danahilliot\/\"},{\"@type\":\"ListItem\",\"position\":2,\"name\":\"Nocturne\"}]},{\"@type\":\"WebSite\",\"@id\":\"https:\/\/outsiderland.com\/danahilliot\/#website\",\"url\":\"https:\/\/outsiderland.com\/danahilliot\/\",\"name\":\"Outside Dana Hilliot\",\"description\":\". Archives . Activit\u00e9s . Projets .\",\"publisher\":{\"@id\":\"https:\/\/outsiderland.com\/danahilliot\/#\/schema\/person\/201a1fef0f5c2897bd65e98bcf6b1179\"},\"potentialAction\":[{\"@type\":\"SearchAction\",\"target\":{\"@type\":\"EntryPoint\",\"urlTemplate\":\"https:\/\/outsiderland.com\/danahilliot\/?s={search_term_string}\"},\"query-input\":{\"@type\":\"PropertyValueSpecification\",\"valueRequired\":true,\"valueName\":\"search_term_string\"}}],\"inLanguage\":\"fr-FR\"},{\"@type\":[\"Person\",\"Organization\"],\"@id\":\"https:\/\/outsiderland.com\/danahilliot\/#\/schema\/person\/201a1fef0f5c2897bd65e98bcf6b1179\",\"name\":\"danahilliot\",\"image\":{\"@type\":\"ImageObject\",\"inLanguage\":\"fr-FR\",\"@id\":\"https:\/\/outsiderland.com\/danahilliot\/#\/schema\/person\/image\/\",\"url\":\"https:\/\/outsiderland.com\/danahilliot\/wp-content\/uploads\/2026\/02\/50801449407_a909f2c1ad_k.jpg\",\"contentUrl\":\"https:\/\/outsiderland.com\/danahilliot\/wp-content\/uploads\/2026\/02\/50801449407_a909f2c1ad_k.jpg\",\"width\":2048,\"height\":1536,\"caption\":\"danahilliot\"},\"logo\":{\"@id\":\"https:\/\/outsiderland.com\/danahilliot\/#\/schema\/person\/image\/\"}}]}<\/script>\n<!-- \/ Yoast SEO plugin. -->","yoast_head_json":{"title":"Nocturne - Outside Dana Hilliot","robots":{"index":"index","follow":"follow","max-snippet":"max-snippet:-1","max-image-preview":"max-image-preview:large","max-video-preview":"max-video-preview:-1"},"canonical":"https:\/\/outsiderland.com\/danahilliot\/nocturne\/","og_locale":"fr_FR","og_type":"article","og_title":"Nocturne - Outside Dana Hilliot","og_description":"(Limoges-Saint-L\u00e9onard de Noblat premier jour de mars 1989) Et me voil\u00e0 sur la grand route plong\u00e9e dans la nuit la plus obscure. Des camions hurlaient en passant pr\u00e8s de moi, leurs phares illuminant la nuit au dernier instant et \u00e0 chaque fois, je craignais qu\u2019un des conducteurs, effray\u00e9 par cette apparition, la sorte de fant\u00f4me&hellip;","og_url":"https:\/\/outsiderland.com\/danahilliot\/nocturne\/","og_site_name":"Outside Dana Hilliot","article_modified_time":"2025-10-12T09:46:08+00:00","twitter_card":"summary_large_image","twitter_misc":{"Dur\u00e9e de lecture estim\u00e9e":"6 minutes"},"schema":{"@context":"https:\/\/schema.org","@graph":[{"@type":"WebPage","@id":"https:\/\/outsiderland.com\/danahilliot\/nocturne\/","url":"https:\/\/outsiderland.com\/danahilliot\/nocturne\/","name":"Nocturne - Outside Dana Hilliot","isPartOf":{"@id":"https:\/\/outsiderland.com\/danahilliot\/#website"},"datePublished":"2018-10-11T09:15:07+00:00","dateModified":"2025-10-12T09:46:08+00:00","breadcrumb":{"@id":"https:\/\/outsiderland.com\/danahilliot\/nocturne\/#breadcrumb"},"inLanguage":"fr-FR","potentialAction":[{"@type":"ReadAction","target":["https:\/\/outsiderland.com\/danahilliot\/nocturne\/"]}]},{"@type":"BreadcrumbList","@id":"https:\/\/outsiderland.com\/danahilliot\/nocturne\/#breadcrumb","itemListElement":[{"@type":"ListItem","position":1,"name":"Accueil","item":"https:\/\/outsiderland.com\/danahilliot\/"},{"@type":"ListItem","position":2,"name":"Nocturne"}]},{"@type":"WebSite","@id":"https:\/\/outsiderland.com\/danahilliot\/#website","url":"https:\/\/outsiderland.com\/danahilliot\/","name":"Outside Dana Hilliot","description":". Archives . Activit\u00e9s . Projets .","publisher":{"@id":"https:\/\/outsiderland.com\/danahilliot\/#\/schema\/person\/201a1fef0f5c2897bd65e98bcf6b1179"},"potentialAction":[{"@type":"SearchAction","target":{"@type":"EntryPoint","urlTemplate":"https:\/\/outsiderland.com\/danahilliot\/?s={search_term_string}"},"query-input":{"@type":"PropertyValueSpecification","valueRequired":true,"valueName":"search_term_string"}}],"inLanguage":"fr-FR"},{"@type":["Person","Organization"],"@id":"https:\/\/outsiderland.com\/danahilliot\/#\/schema\/person\/201a1fef0f5c2897bd65e98bcf6b1179","name":"danahilliot","image":{"@type":"ImageObject","inLanguage":"fr-FR","@id":"https:\/\/outsiderland.com\/danahilliot\/#\/schema\/person\/image\/","url":"https:\/\/outsiderland.com\/danahilliot\/wp-content\/uploads\/2026\/02\/50801449407_a909f2c1ad_k.jpg","contentUrl":"https:\/\/outsiderland.com\/danahilliot\/wp-content\/uploads\/2026\/02\/50801449407_a909f2c1ad_k.jpg","width":2048,"height":1536,"caption":"danahilliot"},"logo":{"@id":"https:\/\/outsiderland.com\/danahilliot\/#\/schema\/person\/image\/"}}]}},"_links":{"self":[{"href":"https:\/\/outsiderland.com\/danahilliot\/wp-json\/wp\/v2\/pages\/2636","targetHints":{"allow":["GET"]}}],"collection":[{"href":"https:\/\/outsiderland.com\/danahilliot\/wp-json\/wp\/v2\/pages"}],"about":[{"href":"https:\/\/outsiderland.com\/danahilliot\/wp-json\/wp\/v2\/types\/page"}],"author":[{"embeddable":true,"href":"https:\/\/outsiderland.com\/danahilliot\/wp-json\/wp\/v2\/users\/1"}],"replies":[{"embeddable":true,"href":"https:\/\/outsiderland.com\/danahilliot\/wp-json\/wp\/v2\/comments?post=2636"}],"version-history":[{"count":2,"href":"https:\/\/outsiderland.com\/danahilliot\/wp-json\/wp\/v2\/pages\/2636\/revisions"}],"predecessor-version":[{"id":2736,"href":"https:\/\/outsiderland.com\/danahilliot\/wp-json\/wp\/v2\/pages\/2636\/revisions\/2736"}],"wp:attachment":[{"href":"https:\/\/outsiderland.com\/danahilliot\/wp-json\/wp\/v2\/media?parent=2636"}],"wp:term":[{"taxonomy":"category","embeddable":true,"href":"https:\/\/outsiderland.com\/danahilliot\/wp-json\/wp\/v2\/categories?post=2636"},{"taxonomy":"post_tag","embeddable":true,"href":"https:\/\/outsiderland.com\/danahilliot\/wp-json\/wp\/v2\/tags?post=2636"}],"curies":[{"name":"wp","href":"https:\/\/api.w.org\/{rel}","templated":true}]}}