{"id":2590,"date":"2018-10-07T22:07:33","date_gmt":"2018-10-07T22:07:33","guid":{"rendered":"https:\/\/outsiderland.com\/danahilliot\/?page_id=2590"},"modified":"2025-10-12T09:46:08","modified_gmt":"2025-10-12T09:46:08","slug":"septembre","status":"publish","type":"page","link":"https:\/\/outsiderland.com\/danahilliot\/septembre\/","title":{"rendered":"Septembre"},"content":{"rendered":"<p>Septembre me prend toujours \u00e0 revers. Je devrais le savoir \u00e0 force : septembre ne manque pas d&rsquo;arriver, bon an mal an, et \u00e7a fait des ann\u00e9es que \u00e7a se r\u00e9p\u00e8te, les feuilles commencent \u00e0 fl\u00e9trir, les arbres de chez nous s&rsquo;en lassent assez vite, les laissent tomber sans remords, d\u00e9j\u00e0, les chemins forestiers en sont couverts, le chapeau humide des champignons brille dans les sous-bois, \u00e7a commence \u00e0 sentir bon les choses pourrissantes, les nuits sont plus froides, le soleil tardif ne trompe ni les hommes, ni les b\u00eates, ni les plantes, \u00e0 la montagne, tout le monde sait bien d&rsquo;exp\u00e9rience, ou plut\u00f4t chacun le sent dans ses art\u00e8res, que demain soir, il g\u00e8lera peut-\u00eatre, qu&rsquo;aux sommets qui saturent l&rsquo;horizon quotidien, un peu de neige pourrait tr\u00e8s bien se r\u00e9pandre, bref, voil\u00e0 qui vous dispose d\u00e9j\u00e0 \u00e0 vous pr\u00e9parer pour l&rsquo;hiver, or, l&rsquo;hiver est ma saison, je ne me sens vraiment bien qu&rsquo;en hiver, quand il fait froid et que la neige encombre les trottoirs, je suis devenu en vivant ici un enfant de l&rsquo;hiver, l&rsquo;hiver m&rsquo;a s\u00e9duit, adopt\u00e9, converti. L&rsquo;hiver convient \u00e0 ma nature, ma nature renferm\u00e9e, j&rsquo;aime plus que tout le contraste entre ces soir\u00e9es bien au chaud enfonc\u00e9 dans mon fauteuil et ces apr\u00e8s midi dehors, \u00e0 marcher avec mon chien dans la tourmente, les raquettes aux pieds, mon chien aussi est un animal hivernal, comme en t\u00e9moigne sa g\u00e9n\u00e9reuse fourrure, l&rsquo;\u00e9t\u00e9 il se sent mal \u00e0 l&rsquo;aise, il \u00e9touffe, ouvre la gueule et tire la langue \u00e0 la recherche d&rsquo;air frais, si mon chien ne se sent pas bien, je ne me sens pas bien non plus, c&rsquo;est une des raisons, mais pas la seule, pour laquelle je pr\u00e9f\u00e8re l&rsquo;hiver.<br \/>\nL&rsquo;autre raison c&rsquo;est qu&rsquo;en hiver, on vous laisse tranquille, on ne vous demande pas de mener une vie sociale comme en septembre quand tout le monde, sauf les personnes priv\u00e9es d&#8217;emploi, reprend le chemin du travail. L&rsquo;hiver on vous oublie, on oublie que vous \u00eates sans emploi, alors qu&rsquo;en septembre, il faut se justifier d&rsquo;\u00eatre sans emploi, et m\u00eame si personne ne vous en fait la demande expresse, vous vous sentez oblig\u00e9 de rendre des comptes, de justifier votre inactivit\u00e9, ou bien vous ne justifiez rien, et cherchez r\u00e9ellement un emploi, ou, pire encore, emport\u00e9 par cet \u00e9lan stupide qui vous a saisi au printemps, vous voil\u00e0 embarqu\u00e9 dans un nouveau contrat, qui d\u00e9marre en septembre, mais en juin, quand vous avez re\u00e7u cette offre d&#8217;emploi et propos\u00e9 votre candidature, il vous \u00e9tait sorti de la t\u00eate que septembre demeure septembre, un mois o\u00f9 chacun ferait mieux de rester chez lui, ou du moins, je ne veux pas g\u00e9n\u00e9raliser, je ferai mieux de rester chez moi, avec mon chien, mon chien aussi d\u00e9teste la rentr\u00e9e comme on dit, parce que, dans le pire des cas, si j&rsquo;ai par malheur trouv\u00e9 un emploi, je suis contraint de l&rsquo;abandonner le matin, et ce jusqu&rsquo;au soir, car il est rarissime qu&rsquo;un employeur daigne accueillir votre chien en plus de vous-m\u00eame, ce qui est un tort \u00e0 mon avis, je travaillerais beaucoup mieux avec mon chien, sa pr\u00e9sence m&rsquo;aiderait \u00e0 supporter le travail, l&rsquo;absurdit\u00e9 du travail en g\u00e9n\u00e9ral et en particulier, la cruaut\u00e9 du patron, la stupidit\u00e9 des employ\u00e9s, l&rsquo;inanit\u00e9 des t\u00e2ches qu&rsquo;on exige de nous, je pourrais doucement le caresser pour me calmer, on rigolerait tous les deux de cette absurdit\u00e9, je le gratifierai d&rsquo;aphorismes de mon cru, il aboierait sans raison juste pour le plaisir de transformer l&rsquo;ordre en chaos, mais jamais un employeur n&rsquo;accepterait un chien dans l&rsquo;atelier ou au bureau, ces lieux sont d\u00e9sesp\u00e9r\u00e9ment humains, ils n&rsquo;ont rien \u00e0 voir avec la for\u00eat, les champignons brillants dans l&rsquo;humus, les chevreuils d\u00e9valant les ravins, ils n&rsquo;ont rien \u00e0 voir avec la montagne, les temp\u00eates de neige caressant les p\u00e2turages, les marmottes sifflant sur les rochers, moi je ne me sens bien que l\u00e0-haut ou bien sous le couvert des arbres, et je me sens parfaitement bien aussi quand, \u00e0 la fin de l&rsquo;apr\u00e8s midi, je rentre chez moi, je me s\u00e8che dans la cuisine en buvant un th\u00e9, puis m&rsquo;installe dans le fauteuil pour lire Masante par exemple, le genre de livre dont on aimerait ne jamais achever la lecture.<br \/>\nC&rsquo;est pourquoi en septembre, mon ventre se tord, mes vert\u00e8bres se coincent, mes pr\u00e9molaires enragent, s&rsquo;\u00e9veille en moi l&rsquo;envie famili\u00e8re de mettre fin \u00e0 mes jours, je r\u00eave des r\u00eaves affreux, des r\u00eaves de meurtre, de carnage, de g\u00e9nocide, je vois de la cruaut\u00e9 partout, je deviens moi-m\u00eame cruel, plus rien ne m&rsquo;int\u00e9resse, le d\u00e9go\u00fbt du monde humain, lequel habituellement ne suscite en moi qu&rsquo;une indiff\u00e9rence plus ou moins polie, s&rsquo;amplifie, me d\u00e9borde, se m\u00eale confus\u00e9ment au d\u00e9go\u00fbt de soi, je voudrais toujours \u00eatre dehors, je ne supporte plus les rues, les passants dans les rues, encore moins les coll\u00e8gues si par malheur je me suis mis dans de tels draps que j&rsquo;ai \u00e0 souffrir d&rsquo;avoir des coll\u00e8gues, septembre n&rsquo;est vraiment pas un mois favorable, je suis comme les arbres d&rsquo;ici, press\u00e9 de perdre ses feuilles, press\u00e9 d&rsquo;\u00eatre enfin en hiver, et l&rsquo;hiver ici dure longtemps, heureusement, il dure parfois jusqu&rsquo;au mois d&rsquo;avril, et sur la route qui m\u00e8ne au Puy Mary, il dure souvent jusqu&rsquo;en mai, il arrive m\u00eame que la neige insiste jusqu&rsquo;en juin, tant que la neige est l\u00e0, quelque part, je suis tranquille.<br \/>\nLa prudence voudrait qu&rsquo;\u00e0 partir du mois de juin, je me creuse une tani\u00e8re comme d&rsquo;autres b\u00eates le font en novembre, et m&rsquo;y terre jusqu&rsquo;au retour des grands froids. Mais les n\u00e9cessit\u00e9s de l&rsquo;existence me forcent \u00e0 m&rsquo;extraire de mon perp\u00e9tuel hiver int\u00e9rieur : je ne suis malheureusement pas rentier, ce que je regrette am\u00e8rement, et il me faut plus souvent qu&rsquo;\u00e0 mon tour reprendre le chemin de l&rsquo;atelier ou du bureau. Cela me co\u00fbte plus que \u00e7a ne me rapporte, tout bien consid\u00e9r\u00e9, et j&rsquo;ai bien peur qu&rsquo;en septembre, cette fois-ci ou plus tard, d&rsquo;autres septembre viendront, je n&rsquo;y \u00e9chapperai pas, les forces me manquent pour tenir jusqu&rsquo;en octobre et les mois d&rsquo;apr\u00e8s, jusqu&rsquo;\u00e0 ce que la neige arrive enfin.<\/p>\n","protected":false},"excerpt":{"rendered":"<p>Septembre me prend toujours \u00e0 revers. Je devrais le savoir \u00e0 force : septembre ne manque pas d&rsquo;arriver, bon an mal an, et \u00e7a fait des ann\u00e9es que \u00e7a se r\u00e9p\u00e8te, les feuilles commencent \u00e0 fl\u00e9trir, les arbres de chez nous s&rsquo;en lassent assez vite, les laissent tomber sans remords, d\u00e9j\u00e0, les chemins forestiers en&hellip;<\/p>\n <a href=\"https:\/\/outsiderland.com\/danahilliot\/septembre\/\" title=\"Septembre\" class=\"entry-more-link\"><span>Read More<\/span> <span class=\"screen-reader-text\">Septembre<\/span><\/a>","protected":false},"author":1,"featured_media":0,"parent":0,"menu_order":0,"comment_status":"closed","ping_status":"closed","template":"","meta":{"Layout":"","footnotes":""},"categories":[120],"tags":[126],"class_list":["entry","author-danah","post-2590","page","type-page","status-publish","category-observation","tag-observation"],"yoast_head":"<!-- This site is optimized with the Yoast SEO plugin v27.0 - https:\/\/yoast.com\/product\/yoast-seo-wordpress\/ -->\n<title>Septembre - Outside Dana Hilliot<\/title>\n<meta name=\"robots\" content=\"index, follow, max-snippet:-1, max-image-preview:large, max-video-preview:-1\" \/>\n<link rel=\"canonical\" href=\"https:\/\/outsiderland.com\/danahilliot\/septembre\/\" \/>\n<meta property=\"og:locale\" content=\"fr_FR\" \/>\n<meta property=\"og:type\" content=\"article\" \/>\n<meta property=\"og:title\" content=\"Septembre - Outside Dana Hilliot\" \/>\n<meta property=\"og:description\" content=\"Septembre me prend toujours \u00e0 revers. Je devrais le savoir \u00e0 force : septembre ne manque pas d&rsquo;arriver, bon an mal an, et \u00e7a fait des ann\u00e9es que \u00e7a se r\u00e9p\u00e8te, les feuilles commencent \u00e0 fl\u00e9trir, les arbres de chez nous s&rsquo;en lassent assez vite, les laissent tomber sans remords, d\u00e9j\u00e0, les chemins forestiers en&hellip;\" \/>\n<meta property=\"og:url\" content=\"https:\/\/outsiderland.com\/danahilliot\/septembre\/\" \/>\n<meta property=\"og:site_name\" content=\"Outside Dana Hilliot\" \/>\n<meta property=\"article:modified_time\" content=\"2025-10-12T09:46:08+00:00\" \/>\n<meta name=\"twitter:card\" content=\"summary_large_image\" \/>\n<meta name=\"twitter:label1\" content=\"Dur\u00e9e de lecture estim\u00e9e\" \/>\n\t<meta name=\"twitter:data1\" content=\"5 minutes\" \/>\n<script type=\"application\/ld+json\" class=\"yoast-schema-graph\">{\"@context\":\"https:\/\/schema.org\",\"@graph\":[{\"@type\":\"WebPage\",\"@id\":\"https:\/\/outsiderland.com\/danahilliot\/septembre\/\",\"url\":\"https:\/\/outsiderland.com\/danahilliot\/septembre\/\",\"name\":\"Septembre - Outside Dana Hilliot\",\"isPartOf\":{\"@id\":\"https:\/\/outsiderland.com\/danahilliot\/#website\"},\"datePublished\":\"2018-10-07T22:07:33+00:00\",\"dateModified\":\"2025-10-12T09:46:08+00:00\",\"breadcrumb\":{\"@id\":\"https:\/\/outsiderland.com\/danahilliot\/septembre\/#breadcrumb\"},\"inLanguage\":\"fr-FR\",\"potentialAction\":[{\"@type\":\"ReadAction\",\"target\":[\"https:\/\/outsiderland.com\/danahilliot\/septembre\/\"]}]},{\"@type\":\"BreadcrumbList\",\"@id\":\"https:\/\/outsiderland.com\/danahilliot\/septembre\/#breadcrumb\",\"itemListElement\":[{\"@type\":\"ListItem\",\"position\":1,\"name\":\"Accueil\",\"item\":\"https:\/\/outsiderland.com\/danahilliot\/\"},{\"@type\":\"ListItem\",\"position\":2,\"name\":\"Septembre\"}]},{\"@type\":\"WebSite\",\"@id\":\"https:\/\/outsiderland.com\/danahilliot\/#website\",\"url\":\"https:\/\/outsiderland.com\/danahilliot\/\",\"name\":\"Outside Dana Hilliot\",\"description\":\". Archives . Activit\u00e9s . Projets .\",\"publisher\":{\"@id\":\"https:\/\/outsiderland.com\/danahilliot\/#\/schema\/person\/201a1fef0f5c2897bd65e98bcf6b1179\"},\"potentialAction\":[{\"@type\":\"SearchAction\",\"target\":{\"@type\":\"EntryPoint\",\"urlTemplate\":\"https:\/\/outsiderland.com\/danahilliot\/?s={search_term_string}\"},\"query-input\":{\"@type\":\"PropertyValueSpecification\",\"valueRequired\":true,\"valueName\":\"search_term_string\"}}],\"inLanguage\":\"fr-FR\"},{\"@type\":[\"Person\",\"Organization\"],\"@id\":\"https:\/\/outsiderland.com\/danahilliot\/#\/schema\/person\/201a1fef0f5c2897bd65e98bcf6b1179\",\"name\":\"danahilliot\",\"image\":{\"@type\":\"ImageObject\",\"inLanguage\":\"fr-FR\",\"@id\":\"https:\/\/outsiderland.com\/danahilliot\/#\/schema\/person\/image\/\",\"url\":\"https:\/\/outsiderland.com\/danahilliot\/wp-content\/uploads\/2026\/02\/50801449407_a909f2c1ad_k.jpg\",\"contentUrl\":\"https:\/\/outsiderland.com\/danahilliot\/wp-content\/uploads\/2026\/02\/50801449407_a909f2c1ad_k.jpg\",\"width\":2048,\"height\":1536,\"caption\":\"danahilliot\"},\"logo\":{\"@id\":\"https:\/\/outsiderland.com\/danahilliot\/#\/schema\/person\/image\/\"}}]}<\/script>\n<!-- \/ Yoast SEO plugin. -->","yoast_head_json":{"title":"Septembre - Outside Dana Hilliot","robots":{"index":"index","follow":"follow","max-snippet":"max-snippet:-1","max-image-preview":"max-image-preview:large","max-video-preview":"max-video-preview:-1"},"canonical":"https:\/\/outsiderland.com\/danahilliot\/septembre\/","og_locale":"fr_FR","og_type":"article","og_title":"Septembre - Outside Dana Hilliot","og_description":"Septembre me prend toujours \u00e0 revers. Je devrais le savoir \u00e0 force : septembre ne manque pas d&rsquo;arriver, bon an mal an, et \u00e7a fait des ann\u00e9es que \u00e7a se r\u00e9p\u00e8te, les feuilles commencent \u00e0 fl\u00e9trir, les arbres de chez nous s&rsquo;en lassent assez vite, les laissent tomber sans remords, d\u00e9j\u00e0, les chemins forestiers en&hellip;","og_url":"https:\/\/outsiderland.com\/danahilliot\/septembre\/","og_site_name":"Outside Dana Hilliot","article_modified_time":"2025-10-12T09:46:08+00:00","twitter_card":"summary_large_image","twitter_misc":{"Dur\u00e9e de lecture estim\u00e9e":"5 minutes"},"schema":{"@context":"https:\/\/schema.org","@graph":[{"@type":"WebPage","@id":"https:\/\/outsiderland.com\/danahilliot\/septembre\/","url":"https:\/\/outsiderland.com\/danahilliot\/septembre\/","name":"Septembre - Outside Dana Hilliot","isPartOf":{"@id":"https:\/\/outsiderland.com\/danahilliot\/#website"},"datePublished":"2018-10-07T22:07:33+00:00","dateModified":"2025-10-12T09:46:08+00:00","breadcrumb":{"@id":"https:\/\/outsiderland.com\/danahilliot\/septembre\/#breadcrumb"},"inLanguage":"fr-FR","potentialAction":[{"@type":"ReadAction","target":["https:\/\/outsiderland.com\/danahilliot\/septembre\/"]}]},{"@type":"BreadcrumbList","@id":"https:\/\/outsiderland.com\/danahilliot\/septembre\/#breadcrumb","itemListElement":[{"@type":"ListItem","position":1,"name":"Accueil","item":"https:\/\/outsiderland.com\/danahilliot\/"},{"@type":"ListItem","position":2,"name":"Septembre"}]},{"@type":"WebSite","@id":"https:\/\/outsiderland.com\/danahilliot\/#website","url":"https:\/\/outsiderland.com\/danahilliot\/","name":"Outside Dana Hilliot","description":". Archives . Activit\u00e9s . Projets .","publisher":{"@id":"https:\/\/outsiderland.com\/danahilliot\/#\/schema\/person\/201a1fef0f5c2897bd65e98bcf6b1179"},"potentialAction":[{"@type":"SearchAction","target":{"@type":"EntryPoint","urlTemplate":"https:\/\/outsiderland.com\/danahilliot\/?s={search_term_string}"},"query-input":{"@type":"PropertyValueSpecification","valueRequired":true,"valueName":"search_term_string"}}],"inLanguage":"fr-FR"},{"@type":["Person","Organization"],"@id":"https:\/\/outsiderland.com\/danahilliot\/#\/schema\/person\/201a1fef0f5c2897bd65e98bcf6b1179","name":"danahilliot","image":{"@type":"ImageObject","inLanguage":"fr-FR","@id":"https:\/\/outsiderland.com\/danahilliot\/#\/schema\/person\/image\/","url":"https:\/\/outsiderland.com\/danahilliot\/wp-content\/uploads\/2026\/02\/50801449407_a909f2c1ad_k.jpg","contentUrl":"https:\/\/outsiderland.com\/danahilliot\/wp-content\/uploads\/2026\/02\/50801449407_a909f2c1ad_k.jpg","width":2048,"height":1536,"caption":"danahilliot"},"logo":{"@id":"https:\/\/outsiderland.com\/danahilliot\/#\/schema\/person\/image\/"}}]}},"_links":{"self":[{"href":"https:\/\/outsiderland.com\/danahilliot\/wp-json\/wp\/v2\/pages\/2590","targetHints":{"allow":["GET"]}}],"collection":[{"href":"https:\/\/outsiderland.com\/danahilliot\/wp-json\/wp\/v2\/pages"}],"about":[{"href":"https:\/\/outsiderland.com\/danahilliot\/wp-json\/wp\/v2\/types\/page"}],"author":[{"embeddable":true,"href":"https:\/\/outsiderland.com\/danahilliot\/wp-json\/wp\/v2\/users\/1"}],"replies":[{"embeddable":true,"href":"https:\/\/outsiderland.com\/danahilliot\/wp-json\/wp\/v2\/comments?post=2590"}],"version-history":[{"count":1,"href":"https:\/\/outsiderland.com\/danahilliot\/wp-json\/wp\/v2\/pages\/2590\/revisions"}],"predecessor-version":[{"id":2591,"href":"https:\/\/outsiderland.com\/danahilliot\/wp-json\/wp\/v2\/pages\/2590\/revisions\/2591"}],"wp:attachment":[{"href":"https:\/\/outsiderland.com\/danahilliot\/wp-json\/wp\/v2\/media?parent=2590"}],"wp:term":[{"taxonomy":"category","embeddable":true,"href":"https:\/\/outsiderland.com\/danahilliot\/wp-json\/wp\/v2\/categories?post=2590"},{"taxonomy":"post_tag","embeddable":true,"href":"https:\/\/outsiderland.com\/danahilliot\/wp-json\/wp\/v2\/tags?post=2590"}],"curies":[{"name":"wp","href":"https:\/\/api.w.org\/{rel}","templated":true}]}}