{"id":2588,"date":"2018-10-07T22:06:54","date_gmt":"2018-10-07T22:06:54","guid":{"rendered":"https:\/\/outsiderland.com\/danahilliot\/?page_id=2588"},"modified":"2025-10-12T09:46:08","modified_gmt":"2025-10-12T09:46:08","slug":"litterature-et-comptabilite","status":"publish","type":"page","link":"https:\/\/outsiderland.com\/danahilliot\/litterature-et-comptabilite\/","title":{"rendered":"Litt\u00e9rature et comptabilit\u00e9"},"content":{"rendered":"<p>J&rsquo;ai sous les yeux le livre d&rsquo;un po\u00e8te. Je tairais le nom de ce po\u00e8te, car il n&rsquo;est pas tr\u00e8s connu \u2014 je veux dire qu&rsquo;il m&rsquo;\u00e9tait inconnu jusqu&rsquo;\u00e0 ce que je lise son livre, lecture dont la dur\u00e9e n&rsquo;a pas exc\u00e9d\u00e9 deux minutes, montre en main, apr\u00e8s quoi c&rsquo;\u00e9tait d\u00e9j\u00e0 fini. Je lis rarement un livre en deux minutes. La plupart des livres que je lis exigent beaucoup plus de temps. Par exemple, pour venir \u00e0 bout de 2666 de Bola\u00f1o, il m&rsquo;a fallu pr\u00e8s de deux mois, \u00e0 raison de deux heures de lecture par jour, soit environ cent vingt heures. Malheureusement, je dois travailler pour payer mon loyer, faire les courses et m&rsquo;acheter des livres, il ne me reste donc pas beaucoup de temps pour lire. Pas autant que je le souhaiterais. Le livre du po\u00e8te qui m&rsquo;\u00e9tait jusqu&rsquo;alors inconnu est d&rsquo;une facture fort \u00e9l\u00e9gante : la mise en page en est particuli\u00e8rement soign\u00e9e, et la police de caract\u00e8re, sophistiqu\u00e9e, mais sans exc\u00e8s, rend la lecture agr\u00e9able. L&rsquo;objet co\u00fbte 14 euros et compte exactement 523 mots r\u00e9partis sur 32 pages dont 7 pages consacr\u00e9es exclusivement au titre du po\u00e8me qui le suit. On y trouve des mots comme Orbe, Lunule, Edelweiss, Euphorbe, Parallaxe, M\u00e9dian, lesquels mots occupent parfois une ligne enti\u00e8re, voire, dans les cas les plus extr\u00eames, une page enti\u00e8re. Des mots rares le plus souvent, dont la signification m&rsquo;\u00e9chappe \u2014 c&rsquo;est chez moi l&rsquo;objet d&rsquo;une plainte r\u00e9currente, la pauvret\u00e9 de mon vocabulaire, je n&rsquo;ai \u00e0 disposition qu&rsquo;un vocabulaire extr\u00eamement restreint, et prosa\u00efque, pauvret\u00e9 que je mets au compte des mes origines modestes et d&rsquo;une entr\u00e9e tardive dans le monde des personnes cultiv\u00e9es. Jusqu&rsquo;\u00e0 l&rsquo;\u00e2ge de quinze ans, avant d&rsquo;entrer au lyc\u00e9e donc, je consid\u00e9rais H. G. Konsalik comme un \u00e9crivain de tout premier ordre. Quelques mois plus tard, pour une raison qui me demeure encore aujourd&rsquo;hui obscure, je faisais l&rsquo;acquisition de Ulysses de James Joyce en deux volumes dans une vraie librairie (autrefois, j&rsquo;achetais des livres uniquement au supermarch\u00e9 de mon quartier, profitant de ce que ma m\u00e8re y faisait les courses) \u2014. Pour en revenir au livre du po\u00e8te, un calcul facile nous apprend que chaque mot de l&rsquo;ouvrage co\u00fbte 0,026768642 euros (14 divis\u00e9 par 523). Il y a tout lieu de croire que ces mots, peut-\u00eatre du fait de leur raret\u00e9 dans l&rsquo;usage commun, poss\u00e8dent une valeur intrins\u00e8que. En tous cas, si vous achetez ce livre, chaque mot vous co\u00fbtera 0,026768642 euros, c&rsquo;est ainsi, je n&rsquo;y peux rien, les math\u00e9matiques sont une science implacable.<\/p>\n<p>Dans ma biblioth\u00e8que, qui se situe juste derri\u00e8re moi, si bien qu&rsquo;il me suffit quand je suis au bureau de me retourner pour la consulter, on trouve des ouvrages beaucoup plus \u00e9pais. Sur la rang\u00e9e centrale, bien en \u00e9vidence, parmi mes livres favoris, il y a par exemple 2666 de Bola\u00f1o, titre que j&rsquo;ai d\u00e9j\u00e0 mentionn\u00e9 pour une raison qui m&rsquo;\u00e9chappe. C&rsquo;est un livre de poche. Il co\u00fbte 12 euros et 63 centimes, et compte 1360 pages. Chaque page offre au lecteur environ 2400 mots (au bas mot). Le livre de Bola\u00f1o p\u00e8se donc approximativement 3 millions et 264 000 mots, chacun de ces mots co\u00fbtant donc au lecteur 0,000003869 euros. Cela para\u00eet peu compar\u00e9 aux mots du po\u00e8te \u00e9voqu\u00e9 pr\u00e9c\u00e9demment et quand on conna\u00eet la r\u00e9putation de l&rsquo;ouvrage. Bien \u00e9videmment, Bola\u00f1o est fort connu, lu dans le monde entier : il est facile d&rsquo;imaginer que l&rsquo;\u00e9diteur du livre a sciemment calcul\u00e9 le prix de revient de l&rsquo;ouvrage, qu&rsquo;il compte en vendre suffisamment pour se permettre de brader \u00e0 ce point le prix d&rsquo;un mot de Bola\u00f1o.<\/p>\n<p>Toutefois, des auteurs bien moins c\u00e9l\u00e8bres que Bola\u00f1o, du moins pour un lectorat francophone, par exemple Josef Winkler \u2014 je prends cet exemple parce que je consacre une partie du mois de juillet \u00e0 lire les livres de Josef Winkler, j&rsquo;ai donc les ouvrages \u00e0 port\u00e9e de la main en permanence \u2014, (lequel je suppose a beaucoup moins de lecteurs que Bola\u00f1o, et sans doute pas immens\u00e9ment plus que le po\u00e8te dont j&rsquo;ai parl\u00e9 au d\u00e9but de ce r\u00e9cit, plus, certainement, mais pas beaucoup plus), publient \u00e9galement des livres d&rsquo;une \u00e9paisseur remarquable, sans pour autant que le co\u00fbt de l&rsquo;ouvrage soit particuli\u00e8rement prohibitif. Je lis en ce moment Le Serf (300 pages, 720 000 mots, vendu 15 euro sans les frais de port, co\u00fbt moyen de chaque mot : 0,000020833 euros), dans lequel on tombe sur des mots comme : crucifix, enculer, agneau, ostensoir, sperme, \u00e9crevisse, et m\u00eame des phrases enti\u00e8res en dialecte de Carinthie. Songez que cet objet co\u00fbte le double du prix de l&rsquo;ensemble suivant : deux caf\u00e9s, deux pains au chocolat, le quotidien du jour et la dose de tabac qu&rsquo;il me faut pour d\u00e9marrer la journ\u00e9e. Chaque matin, avant m\u00eame d&rsquo;avoir prononc\u00e9 ou \u00e9crit le moindre mot, j&rsquo;ai d\u00e9j\u00e0 d\u00e9pens\u00e9 la moiti\u00e9 du prix de ce livre de Josef Winkler. Le livre de Josef Winkler, qui tr\u00f4nera sans doute de longues ann\u00e9es sur l&rsquo;\u00e9tag\u00e8re centrale de ma biblioth\u00e8que, dont la lecture me\u00a0procurera des sentiments uniques et me plongera dans une exp\u00e9rience inimitable durant plusieurs semaines \u00e0 chaque fois qu&rsquo;il me prendra l&rsquo;envie de le lire, ne co\u00fbte pas plus de deux petits d\u00e9jeuners. Et cela bien que l&rsquo;auteur ne connaisse pas, me semble-t-il, un si grand succ\u00e8s, bien qu&rsquo;il ne touche qu&rsquo;une infime part des personnes lettr\u00e9es, bien qu&rsquo;\u00e0 mon avis il soit pr\u00e9f\u00e9rable que ces livres demeurent confidentiels, car il se pourrait, s&rsquo;ils \u00e9taient lus, que des soci\u00e9t\u00e9s bien pensantes en revendiquent l&rsquo;interdiction, ou qu&rsquo;on les jette au feu. Du reste, je connais quelques personnes, qui, si d&rsquo;aventure le livre de Bola\u00f1o leur tombait entre les mains, et que, par extraordinaire, ils fassent l&rsquo;effort de le lire, ne manqueraient pas de l&rsquo;exp\u00e9dier \u00e9galement dans les flammes de l&rsquo;enfer d&rsquo;o\u00f9 il leur semblerait avoir \u00e9merg\u00e9.<\/p>\n<p>Je repose le livre de Bola\u00f1o dans l&rsquo;\u00e9tag\u00e8re principale de ma biblioth\u00e8que, et ceux de Winkler, je les laisse dans un coin du bureau, afin qu&rsquo;ils soient disponibles pour une occasion de lecture ult\u00e9rieure. Me voil\u00e0 de nouveau face \u00e0 face avec le livre de ce po\u00e8te. Mal \u00e0 l&rsquo;aise, dois-je avouer. Je suppose qu&rsquo;un aspect important du probl\u00e8me qu&rsquo;il me pose \u2014 car apr\u00e8s tout j&rsquo;ignore si l&rsquo;ouvrage pose probl\u00e8me \u00e0 d&rsquo;autres que moi \u2014 m&rsquo;a \u00e9chapp\u00e9. Beaucoup de choses m&rsquo;\u00e9chappent. Je mets cela au compte de mes origines modestes, d\u00e9j\u00e0 \u00e9voqu\u00e9es dans ce r\u00e9cit pour une raison dont j&rsquo;ai le regret de dire qu&rsquo;elle m&rsquo;\u00e9chappe aussi.<\/p>\n","protected":false},"excerpt":{"rendered":"<p>J&rsquo;ai sous les yeux le livre d&rsquo;un po\u00e8te. Je tairais le nom de ce po\u00e8te, car il n&rsquo;est pas tr\u00e8s connu \u2014 je veux dire qu&rsquo;il m&rsquo;\u00e9tait inconnu jusqu&rsquo;\u00e0 ce que je lise son livre, lecture dont la dur\u00e9e n&rsquo;a pas exc\u00e9d\u00e9 deux minutes, montre en main, apr\u00e8s quoi c&rsquo;\u00e9tait d\u00e9j\u00e0 fini. Je lis rarement&hellip;<\/p>\n <a href=\"https:\/\/outsiderland.com\/danahilliot\/litterature-et-comptabilite\/\" title=\"Litt\u00e9rature et comptabilit\u00e9\" class=\"entry-more-link\"><span>Read More<\/span> <span class=\"screen-reader-text\">Litt\u00e9rature et comptabilit\u00e9<\/span><\/a>","protected":false},"author":1,"featured_media":0,"parent":0,"menu_order":0,"comment_status":"closed","ping_status":"closed","template":"","meta":{"Layout":"","footnotes":""},"categories":[120],"tags":[126],"class_list":["entry","author-danah","post-2588","page","type-page","status-publish","category-observation","tag-observation"],"yoast_head":"<!-- This site is optimized with the Yoast SEO plugin v27.0 - https:\/\/yoast.com\/product\/yoast-seo-wordpress\/ -->\n<title>Litt\u00e9rature et comptabilit\u00e9 - Outside Dana Hilliot<\/title>\n<meta name=\"robots\" content=\"index, follow, max-snippet:-1, max-image-preview:large, max-video-preview:-1\" \/>\n<link rel=\"canonical\" href=\"https:\/\/outsiderland.com\/danahilliot\/litterature-et-comptabilite\/\" \/>\n<meta property=\"og:locale\" content=\"fr_FR\" \/>\n<meta property=\"og:type\" content=\"article\" \/>\n<meta property=\"og:title\" content=\"Litt\u00e9rature et comptabilit\u00e9 - Outside Dana Hilliot\" \/>\n<meta property=\"og:description\" content=\"J&rsquo;ai sous les yeux le livre d&rsquo;un po\u00e8te. Je tairais le nom de ce po\u00e8te, car il n&rsquo;est pas tr\u00e8s connu \u2014 je veux dire qu&rsquo;il m&rsquo;\u00e9tait inconnu jusqu&rsquo;\u00e0 ce que je lise son livre, lecture dont la dur\u00e9e n&rsquo;a pas exc\u00e9d\u00e9 deux minutes, montre en main, apr\u00e8s quoi c&rsquo;\u00e9tait d\u00e9j\u00e0 fini. Je lis rarement&hellip;\" \/>\n<meta property=\"og:url\" content=\"https:\/\/outsiderland.com\/danahilliot\/litterature-et-comptabilite\/\" \/>\n<meta property=\"og:site_name\" content=\"Outside Dana Hilliot\" \/>\n<meta property=\"article:modified_time\" content=\"2025-10-12T09:46:08+00:00\" \/>\n<meta name=\"twitter:card\" content=\"summary_large_image\" \/>\n<meta name=\"twitter:label1\" content=\"Dur\u00e9e de lecture estim\u00e9e\" \/>\n\t<meta name=\"twitter:data1\" content=\"6 minutes\" \/>\n<script type=\"application\/ld+json\" class=\"yoast-schema-graph\">{\"@context\":\"https:\/\/schema.org\",\"@graph\":[{\"@type\":\"WebPage\",\"@id\":\"https:\/\/outsiderland.com\/danahilliot\/litterature-et-comptabilite\/\",\"url\":\"https:\/\/outsiderland.com\/danahilliot\/litterature-et-comptabilite\/\",\"name\":\"Litt\u00e9rature et comptabilit\u00e9 - Outside Dana Hilliot\",\"isPartOf\":{\"@id\":\"https:\/\/outsiderland.com\/danahilliot\/#website\"},\"datePublished\":\"2018-10-07T22:06:54+00:00\",\"dateModified\":\"2025-10-12T09:46:08+00:00\",\"breadcrumb\":{\"@id\":\"https:\/\/outsiderland.com\/danahilliot\/litterature-et-comptabilite\/#breadcrumb\"},\"inLanguage\":\"fr-FR\",\"potentialAction\":[{\"@type\":\"ReadAction\",\"target\":[\"https:\/\/outsiderland.com\/danahilliot\/litterature-et-comptabilite\/\"]}]},{\"@type\":\"BreadcrumbList\",\"@id\":\"https:\/\/outsiderland.com\/danahilliot\/litterature-et-comptabilite\/#breadcrumb\",\"itemListElement\":[{\"@type\":\"ListItem\",\"position\":1,\"name\":\"Accueil\",\"item\":\"https:\/\/outsiderland.com\/danahilliot\/\"},{\"@type\":\"ListItem\",\"position\":2,\"name\":\"Litt\u00e9rature et comptabilit\u00e9\"}]},{\"@type\":\"WebSite\",\"@id\":\"https:\/\/outsiderland.com\/danahilliot\/#website\",\"url\":\"https:\/\/outsiderland.com\/danahilliot\/\",\"name\":\"Outside Dana Hilliot\",\"description\":\". Archives . Activit\u00e9s . Projets .\",\"publisher\":{\"@id\":\"https:\/\/outsiderland.com\/danahilliot\/#\/schema\/person\/201a1fef0f5c2897bd65e98bcf6b1179\"},\"potentialAction\":[{\"@type\":\"SearchAction\",\"target\":{\"@type\":\"EntryPoint\",\"urlTemplate\":\"https:\/\/outsiderland.com\/danahilliot\/?s={search_term_string}\"},\"query-input\":{\"@type\":\"PropertyValueSpecification\",\"valueRequired\":true,\"valueName\":\"search_term_string\"}}],\"inLanguage\":\"fr-FR\"},{\"@type\":[\"Person\",\"Organization\"],\"@id\":\"https:\/\/outsiderland.com\/danahilliot\/#\/schema\/person\/201a1fef0f5c2897bd65e98bcf6b1179\",\"name\":\"danahilliot\",\"image\":{\"@type\":\"ImageObject\",\"inLanguage\":\"fr-FR\",\"@id\":\"https:\/\/outsiderland.com\/danahilliot\/#\/schema\/person\/image\/\",\"url\":\"https:\/\/outsiderland.com\/danahilliot\/wp-content\/uploads\/2026\/02\/50801449407_a909f2c1ad_k.jpg\",\"contentUrl\":\"https:\/\/outsiderland.com\/danahilliot\/wp-content\/uploads\/2026\/02\/50801449407_a909f2c1ad_k.jpg\",\"width\":2048,\"height\":1536,\"caption\":\"danahilliot\"},\"logo\":{\"@id\":\"https:\/\/outsiderland.com\/danahilliot\/#\/schema\/person\/image\/\"}}]}<\/script>\n<!-- \/ Yoast SEO plugin. -->","yoast_head_json":{"title":"Litt\u00e9rature et comptabilit\u00e9 - Outside Dana Hilliot","robots":{"index":"index","follow":"follow","max-snippet":"max-snippet:-1","max-image-preview":"max-image-preview:large","max-video-preview":"max-video-preview:-1"},"canonical":"https:\/\/outsiderland.com\/danahilliot\/litterature-et-comptabilite\/","og_locale":"fr_FR","og_type":"article","og_title":"Litt\u00e9rature et comptabilit\u00e9 - Outside Dana Hilliot","og_description":"J&rsquo;ai sous les yeux le livre d&rsquo;un po\u00e8te. Je tairais le nom de ce po\u00e8te, car il n&rsquo;est pas tr\u00e8s connu \u2014 je veux dire qu&rsquo;il m&rsquo;\u00e9tait inconnu jusqu&rsquo;\u00e0 ce que je lise son livre, lecture dont la dur\u00e9e n&rsquo;a pas exc\u00e9d\u00e9 deux minutes, montre en main, apr\u00e8s quoi c&rsquo;\u00e9tait d\u00e9j\u00e0 fini. Je lis rarement&hellip;","og_url":"https:\/\/outsiderland.com\/danahilliot\/litterature-et-comptabilite\/","og_site_name":"Outside Dana Hilliot","article_modified_time":"2025-10-12T09:46:08+00:00","twitter_card":"summary_large_image","twitter_misc":{"Dur\u00e9e de lecture estim\u00e9e":"6 minutes"},"schema":{"@context":"https:\/\/schema.org","@graph":[{"@type":"WebPage","@id":"https:\/\/outsiderland.com\/danahilliot\/litterature-et-comptabilite\/","url":"https:\/\/outsiderland.com\/danahilliot\/litterature-et-comptabilite\/","name":"Litt\u00e9rature et comptabilit\u00e9 - Outside Dana Hilliot","isPartOf":{"@id":"https:\/\/outsiderland.com\/danahilliot\/#website"},"datePublished":"2018-10-07T22:06:54+00:00","dateModified":"2025-10-12T09:46:08+00:00","breadcrumb":{"@id":"https:\/\/outsiderland.com\/danahilliot\/litterature-et-comptabilite\/#breadcrumb"},"inLanguage":"fr-FR","potentialAction":[{"@type":"ReadAction","target":["https:\/\/outsiderland.com\/danahilliot\/litterature-et-comptabilite\/"]}]},{"@type":"BreadcrumbList","@id":"https:\/\/outsiderland.com\/danahilliot\/litterature-et-comptabilite\/#breadcrumb","itemListElement":[{"@type":"ListItem","position":1,"name":"Accueil","item":"https:\/\/outsiderland.com\/danahilliot\/"},{"@type":"ListItem","position":2,"name":"Litt\u00e9rature et comptabilit\u00e9"}]},{"@type":"WebSite","@id":"https:\/\/outsiderland.com\/danahilliot\/#website","url":"https:\/\/outsiderland.com\/danahilliot\/","name":"Outside Dana Hilliot","description":". Archives . Activit\u00e9s . Projets .","publisher":{"@id":"https:\/\/outsiderland.com\/danahilliot\/#\/schema\/person\/201a1fef0f5c2897bd65e98bcf6b1179"},"potentialAction":[{"@type":"SearchAction","target":{"@type":"EntryPoint","urlTemplate":"https:\/\/outsiderland.com\/danahilliot\/?s={search_term_string}"},"query-input":{"@type":"PropertyValueSpecification","valueRequired":true,"valueName":"search_term_string"}}],"inLanguage":"fr-FR"},{"@type":["Person","Organization"],"@id":"https:\/\/outsiderland.com\/danahilliot\/#\/schema\/person\/201a1fef0f5c2897bd65e98bcf6b1179","name":"danahilliot","image":{"@type":"ImageObject","inLanguage":"fr-FR","@id":"https:\/\/outsiderland.com\/danahilliot\/#\/schema\/person\/image\/","url":"https:\/\/outsiderland.com\/danahilliot\/wp-content\/uploads\/2026\/02\/50801449407_a909f2c1ad_k.jpg","contentUrl":"https:\/\/outsiderland.com\/danahilliot\/wp-content\/uploads\/2026\/02\/50801449407_a909f2c1ad_k.jpg","width":2048,"height":1536,"caption":"danahilliot"},"logo":{"@id":"https:\/\/outsiderland.com\/danahilliot\/#\/schema\/person\/image\/"}}]}},"_links":{"self":[{"href":"https:\/\/outsiderland.com\/danahilliot\/wp-json\/wp\/v2\/pages\/2588","targetHints":{"allow":["GET"]}}],"collection":[{"href":"https:\/\/outsiderland.com\/danahilliot\/wp-json\/wp\/v2\/pages"}],"about":[{"href":"https:\/\/outsiderland.com\/danahilliot\/wp-json\/wp\/v2\/types\/page"}],"author":[{"embeddable":true,"href":"https:\/\/outsiderland.com\/danahilliot\/wp-json\/wp\/v2\/users\/1"}],"replies":[{"embeddable":true,"href":"https:\/\/outsiderland.com\/danahilliot\/wp-json\/wp\/v2\/comments?post=2588"}],"version-history":[{"count":1,"href":"https:\/\/outsiderland.com\/danahilliot\/wp-json\/wp\/v2\/pages\/2588\/revisions"}],"predecessor-version":[{"id":2589,"href":"https:\/\/outsiderland.com\/danahilliot\/wp-json\/wp\/v2\/pages\/2588\/revisions\/2589"}],"wp:attachment":[{"href":"https:\/\/outsiderland.com\/danahilliot\/wp-json\/wp\/v2\/media?parent=2588"}],"wp:term":[{"taxonomy":"category","embeddable":true,"href":"https:\/\/outsiderland.com\/danahilliot\/wp-json\/wp\/v2\/categories?post=2588"},{"taxonomy":"post_tag","embeddable":true,"href":"https:\/\/outsiderland.com\/danahilliot\/wp-json\/wp\/v2\/tags?post=2588"}],"curies":[{"name":"wp","href":"https:\/\/api.w.org\/{rel}","templated":true}]}}