{"id":2586,"date":"2018-10-07T22:05:02","date_gmt":"2018-10-07T22:05:02","guid":{"rendered":"https:\/\/outsiderland.com\/danahilliot\/?page_id=2586"},"modified":"2025-10-12T09:46:08","modified_gmt":"2025-10-12T09:46:08","slug":"un-footing","status":"publish","type":"page","link":"https:\/\/outsiderland.com\/danahilliot\/un-footing\/","title":{"rendered":"Un Footing"},"content":{"rendered":"<p>Les articulations \u2014 une \u00e0 une se d\u00e9coincent : la cheville, le genou, les hanches, les \u00e9paules, la nuque \u2014 deux trois pens\u00e9es aussi.<br \/>\nLe stade de foot \u2014 herbe s\u00e8che et jaun\u00e2tre \/ poussi\u00e8re voletant quand j&rsquo;y fourre le pied : d\u00e9clivit\u00e9 surprenante (remonte doucement vers la cage du gardien de but \u00e0 l&rsquo;ouest, un creux tr\u00e8s prononc\u00e9 au niveau du rond point central, des cavit\u00e9s suspectes dans les six m\u00e8tres au sud. Sport de montagne forc\u00e9ment, pour marquer un but faut grimper !).<br \/>\nNulle \u00e2me \u00e0 l&rsquo;horizon \u2014 proposition erron\u00e9e si l&rsquo;on tient les vaches pour des animae : au sens strict, c&rsquo;est indubitable \u2014 doublement erron\u00e9e m\u00eame : le chien me rappelle \u00e0 la raison en aboyant avec prudence contre l&rsquo;araign\u00e9e qui entame l&rsquo;ascension de la face nord ouest des vestiaires en pr\u00e9fabriqu\u00e9 \u2014 s\u00fbr que mon chien a une \u00e2me lui aussi, et certains jours il me semble qu&rsquo;elle a plus de valeur que la mienne, d&rsquo;\u00e2me (fourbue, scl\u00e9ros\u00e9e, s\u00e8che comme le gazon cram\u00e9 par l&rsquo;\u00e9t\u00e9).<br \/>\nJe fais du sport \u2014 prendre soin de l&rsquo;\u00e2me motrice ! La v\u00e9g\u00e9tative, m&rsquo;en d\u00e9brouille fort bien : une bonne sieste pr\u00e9c\u00e9d\u00e9e d&rsquo;un repas sain et \u00e9quilibr\u00e9 (ce midi, saucisson du pays et concombres en vinaigrette). La no\u00e9tique, c&rsquo;est peu dire que je la nourris, la r\u00e9gale m\u00eame ! ( cet apr\u00e8s midi encore, apr\u00e8s la sieste susdite, le Damascius des Primi Principiis : \u00ab Mais, dira-t-on, le rien est vide, c&rsquo;est la chute hors du tout. N&rsquo;est-ce pas ce que nous concevons au sujet de l&rsquo;indicible ? Oui mais le rien s&rsquo;entend en deux sens : celui qui est au-del\u00e0, celui qui est en-de\u00e7a. Car l&rsquo;un lui-m\u00eame a deux sens. Il y a le dernier un, celui de la mati\u00e8re, et le premier, celui qui est plus ancien que l&rsquo;\u00e9tant ; si bien que le rien s&rsquo;entendra aussi d&rsquo;une part comme ce qui n&rsquo;est m\u00eame pas le dernier un, d&rsquo;autre part, comme ce qui n&rsquo;est m\u00eame pas le premier. C&rsquo;est donc de cette mani\u00e8re qu&rsquo;il faut entendre aussi l&rsquo;inconnaissable et l&rsquo;indicible en deux sens : d&rsquo;un c\u00f4t\u00e9, comme ce qui n&rsquo;est m\u00eame pas la derni\u00e8re chose que l&rsquo;on puisse soup\u00e7onner, d&rsquo;un autre c\u00f4t\u00e9, comme ce qui n&rsquo;est m\u00eame pas la premi\u00e8re. \u00bb (trad. Galp\u00e9rine p.164-5, Ruelle p.13-14). \u00c0 la foul\u00e9e suivante, parce que je suis un fieff\u00e9 moderne, je pose la question, laquelle r\u00e9sonne ad infinitum dans le stade d\u00e9sert : et si ces deux indicibles en d\u00e9finitive ne faisaient qu&rsquo;un ?). Reste la partie m\u00e9diane, par laquelle on d\u00e9sire et se meut, app\u00e9titive et libidinale, \u00e0 laquelle je consacre en cette heure ind\u00e9cise \u2014 post-caniculaire, pr\u00e9-cr\u00e9pusculaire \u2014, un laborieux footing.<\/p>\n<p>L&rsquo;aisance perdue (\u00e0 jamais !) \u2014 ce que c&rsquo;est que vieillir tout de m\u00eame ! Y&rsquo;a vingt-cinq ans de \u00e7a, quand j&rsquo;avais pas deux poils au menton, litt\u00e9ralement je volais sur les pistes en tartan, l\u00e9vrier filant comme une fl\u00e8che devant les foules b\u00e9ates \u2014 modestes les foules mais quand m\u00eame ! \u2014, affolait le chronom\u00e8tre et deux ou trois donzelles \u00e0 mon go\u00fbt, j&rsquo;avais les mollets saillants et les cuisses effil\u00e9es, toujours \u00e9l\u00e9gant malgr\u00e9 les souffrances, le buste droit, puissance puissance ! ha mon corps s&rsquo;en souvient encore, car le corps aussi se souvient, du meilleur comme du pire du reste, les chaussures \u00e0 pointes n&rsquo;effleuraient qu&rsquo;\u00e0 peine le tapis rose et granuleux (si, m\u00fb par un masochisme suspect, je m&rsquo;y essayais encore aujourd&rsquo;hui, \u00e7a ferait plut\u00f4t dans l&rsquo;\u00e9corchement, le grippage, la retomb\u00e9e massive et sans rebond, la distension des ligaments, la d\u00e9chirure tendineuse, bref, un atterrissage terrestre, prosa\u00efque, path\u00e9tique et grossier). La t\u00eate haute, le regard droit, vigilant (surveiller le peloton des imp\u00e9trants), suivre l&rsquo;air de rien jusqu&rsquo;au dernier virage, et, sans pr\u00e9venir, s&rsquo;envoler dans une acc\u00e9l\u00e9ration, un d\u00e9fi \u00e0 la gravit\u00e9 et \u00e0 l&rsquo;\u00e9puisement, lancer la machine en tirant bien fort sur les bras, laisser libre cours \u00e0 sa volont\u00e9 de puissance jusqu&rsquo;\u00e0 l&rsquo;arriv\u00e9e, les d\u00e9gouter tous, malgr\u00e9 la douleur qui vous scie les pattes, ce grand froid qui vous remonte jusqu&rsquo;aux paupi\u00e8res, mais douleur ! : grisante, excitante, pour tout dire orgasmique, douleur ! ch\u00e8re douleur !, quand elle co\u00efncide avec la victoire, pas seulement supportable non, mais d&rsquo;abord et avant tout d\u00e9sirable, qui m\u00e9rite le sacrifice d&rsquo;entra\u00eenements de gal\u00e9rien, de forcen\u00e9, \u00e0 la fois d\u00e9sirable et redout\u00e9e, d&rsquo;o\u00f9 ceci qu&rsquo;il y en forc\u00e9ment qui, sentant les picotements annonciateurs de la dite douleur remonter dans les cuisses, finissent par c\u00e9der, et renoncent : la voie est libre ! \u2014 tout cela, inscrit \u00e0 jamais dans la m\u00e9moire du corps, et \u00e0 jamais enfui, d\u00e9finitivement irr\u00e9cup\u00e9rable \u2014 vieillir \u00f4 vieillir \u2014 j&rsquo;ai faim.<\/p>\n<p>Le\u00a0chien \u2014 jeune fougueux et d\u00e9jant\u00e9 \u2014 surgit depuis l&rsquo;autre bout du terrain et fonce comme un d\u00e9rat\u00e9 jusqu&rsquo;\u00e0 moi, me double la gueule ouverte, rasant les herbes br\u00fbl\u00e9es, puis, comme c&rsquo;est pas assez, et pour bien enfoncer le clou, fait demi-tour sur la ligne de touche, et sans m\u00eame reprendre son souffle, pulv\u00e9rise le record de la travers\u00e9e du terrain sans un regard pour moi, pauvre bip\u00e8de clopin-clopant, la clope je l&rsquo;avais au bec y&rsquo;a pas vingt minutes, faut la cracher d&rsquo;abord ! salaud de chien ! Que j&rsquo;lui dis en m&rsquo;agenouillant et lui caressant doucement le dessus du cr\u00e2ne juste entre les oreilles : t&rsquo;es g\u00e9nial mon pote, que j&rsquo;ajoute pour me faire pardonner l&rsquo;insulte.<\/p>\n<p>Mal au mollet droit \u2014 \u00c7a fait quinze ans que j&rsquo;ai mal au mollet droit : devient dur comme du granit, et laisse planer la menace d&rsquo;une blessure atroce (un claquage peut-\u00eatre ?). Signe d&rsquo;une ancienne blessure mal soign\u00e9e para\u00eet-il. Faut s&rsquo;\u00e9tirer ! C&rsquo;est-\u00e0-dire, s&rsquo;allonger un peu, de pr\u00e9f\u00e9rence \u00e0 c\u00f4t\u00e9 du sac sous l&rsquo;\u00e9pic\u00e9a, faire mine d&rsquo;assouplir un peu l&rsquo;attirail : le squelette craque, \u00e7a vous tire de partout, pfffouarf. Fin des \u00e9tirements. Faudrait pas se blesser quand m\u00eame.<\/p>\n<p>Du coup \u2014 il fait plus frais, la lune a fait son apparition au dessus de la montagne qui veille sur le stade, la voletaille chantonne tout autour et des insectes sautillent en toute impunit\u00e9 \u2014 pour la plus grande joie du chien qui leur sautille autour. Tant qu&rsquo;\u00e0 faire, pourquoi pas, maintenant qu&rsquo;on est allong\u00e9 l\u00e0, conserver cette position strat\u00e9gique. Scrupule : au mieux ce soir, couru trois tours de terrain, ce qui doit pas pousser au-del\u00e0 de dix minutes, et quelques \u00e9tirements poussifs et craintifs : pas de quoi s&rsquo;accorder un repos. Tant pis. Me l&rsquo;accorde quand m\u00eame. Personne qu&rsquo;attend rien de moi apr\u00e8s tout (ici pas plus qu&rsquo;ailleurs pour \u00eatre honn\u00eate).<\/p>\n<p>Le chien \u2014 a besoin de repos lui aussi. Je lui verse de l&rsquo;eau dans sa gamelle. Un biscuit ? Bon : va pour un biscuit. Puis il s&rsquo;installe \u00e0 vingt centim\u00e8tres, le museau d\u00e9licatement pos\u00e9 sur un tas d&rsquo;aiguilles de pin. On est plut\u00f4t bien mon ptit pote hein ? Le stade s&rsquo;enfonce dans la nuit sans se presser. Je vois par del\u00e0 les branches un ciel immense, et, quand je penche la t\u00eate un peu sur la gauche, la cr\u00eate des montagnes de la Margeride (sur la droite, j&rsquo;\u00e9vite : c&rsquo;est le vestiaire en pr\u00e9fabriqu\u00e9). Bon, certes, je vieillis, c&rsquo;est indubitable. Mais, allong\u00e9 comme \u00e7a dehors, mes \u00e2mes s&rsquo;abandonnent \u00e0 l&rsquo;infini, et co\u00efncident avec la course des plan\u00e8tes \u2014 les astres errants comme on sait. \u00c7a me va fort bien aussi. Et je maintiens \u00e0 ce moment l\u00e0, m&rsquo;adressant \u00e0 Damascius le Syrien, puisqu&rsquo;\u00e0 coup s\u00fbr, il peut m&rsquo;entendre \u2014 n&rsquo;est-ce pas le lieu favorable et le moment opportun pour lui adresser mes observations ? \u2014, que ce qui est au-del\u00e0 de l&rsquo;\u00e9tant et ce qui est en-de\u00e7a de l&rsquo;\u00e9tant, au-del\u00e0 et en-de\u00e7a au point qu&rsquo;on ne saurait m\u00eame plus dire qu&rsquo;il est, ni m\u00eame dire qu&rsquo;il est indicible car ce serait encore trop dire, sont une seule et m\u00eame chose. Le dernier mot de la philosophie grecque, celui qui n&rsquo;a pas \u00e9t\u00e9 articul\u00e9, l&rsquo;ultime aporie, le point aveugle, l&rsquo;impens\u00e9 sans doute impensable, apr\u00e8s quoi les glorieux anciens disparurent dans les sables d&rsquo;Egypte.<\/p>\n<p>Le chien du coup, s&rsquo;est endormi \u2014 et ronfle doucement.<\/p>\n","protected":false},"excerpt":{"rendered":"<p>Les articulations \u2014 une \u00e0 une se d\u00e9coincent : la cheville, le genou, les hanches, les \u00e9paules, la nuque \u2014 deux trois pens\u00e9es aussi. Le stade de foot \u2014 herbe s\u00e8che et jaun\u00e2tre \/ poussi\u00e8re voletant quand j&rsquo;y fourre le pied : d\u00e9clivit\u00e9 surprenante (remonte doucement vers la cage du gardien de but \u00e0 l&rsquo;ouest,&hellip;<\/p>\n <a href=\"https:\/\/outsiderland.com\/danahilliot\/un-footing\/\" title=\"Un Footing\" class=\"entry-more-link\"><span>Read More<\/span> <span class=\"screen-reader-text\">Un Footing<\/span><\/a>","protected":false},"author":1,"featured_media":0,"parent":0,"menu_order":0,"comment_status":"closed","ping_status":"closed","template":"","meta":{"Layout":"","footnotes":""},"categories":[120],"tags":[126],"class_list":["entry","author-danah","post-2586","page","type-page","status-publish","category-observation","tag-observation"],"yoast_head":"<!-- This site is optimized with the Yoast SEO plugin v27.0 - https:\/\/yoast.com\/product\/yoast-seo-wordpress\/ -->\n<title>Un Footing - Outside Dana Hilliot<\/title>\n<meta name=\"robots\" content=\"index, follow, max-snippet:-1, max-image-preview:large, max-video-preview:-1\" \/>\n<link rel=\"canonical\" href=\"https:\/\/outsiderland.com\/danahilliot\/un-footing\/\" \/>\n<meta property=\"og:locale\" content=\"fr_FR\" \/>\n<meta property=\"og:type\" content=\"article\" \/>\n<meta property=\"og:title\" content=\"Un Footing - Outside Dana Hilliot\" \/>\n<meta property=\"og:description\" content=\"Les articulations \u2014 une \u00e0 une se d\u00e9coincent : la cheville, le genou, les hanches, les \u00e9paules, la nuque \u2014 deux trois pens\u00e9es aussi. Le stade de foot \u2014 herbe s\u00e8che et jaun\u00e2tre \/ poussi\u00e8re voletant quand j&rsquo;y fourre le pied : d\u00e9clivit\u00e9 surprenante (remonte doucement vers la cage du gardien de but \u00e0 l&rsquo;ouest,&hellip;\" \/>\n<meta property=\"og:url\" content=\"https:\/\/outsiderland.com\/danahilliot\/un-footing\/\" \/>\n<meta property=\"og:site_name\" content=\"Outside Dana Hilliot\" \/>\n<meta property=\"article:modified_time\" content=\"2025-10-12T09:46:08+00:00\" \/>\n<meta name=\"twitter:card\" content=\"summary_large_image\" \/>\n<meta name=\"twitter:label1\" content=\"Dur\u00e9e de lecture estim\u00e9e\" \/>\n\t<meta name=\"twitter:data1\" content=\"7 minutes\" \/>\n<script type=\"application\/ld+json\" class=\"yoast-schema-graph\">{\"@context\":\"https:\/\/schema.org\",\"@graph\":[{\"@type\":\"WebPage\",\"@id\":\"https:\/\/outsiderland.com\/danahilliot\/un-footing\/\",\"url\":\"https:\/\/outsiderland.com\/danahilliot\/un-footing\/\",\"name\":\"Un Footing - Outside Dana Hilliot\",\"isPartOf\":{\"@id\":\"https:\/\/outsiderland.com\/danahilliot\/#website\"},\"datePublished\":\"2018-10-07T22:05:02+00:00\",\"dateModified\":\"2025-10-12T09:46:08+00:00\",\"breadcrumb\":{\"@id\":\"https:\/\/outsiderland.com\/danahilliot\/un-footing\/#breadcrumb\"},\"inLanguage\":\"fr-FR\",\"potentialAction\":[{\"@type\":\"ReadAction\",\"target\":[\"https:\/\/outsiderland.com\/danahilliot\/un-footing\/\"]}]},{\"@type\":\"BreadcrumbList\",\"@id\":\"https:\/\/outsiderland.com\/danahilliot\/un-footing\/#breadcrumb\",\"itemListElement\":[{\"@type\":\"ListItem\",\"position\":1,\"name\":\"Accueil\",\"item\":\"https:\/\/outsiderland.com\/danahilliot\/\"},{\"@type\":\"ListItem\",\"position\":2,\"name\":\"Un Footing\"}]},{\"@type\":\"WebSite\",\"@id\":\"https:\/\/outsiderland.com\/danahilliot\/#website\",\"url\":\"https:\/\/outsiderland.com\/danahilliot\/\",\"name\":\"Outside Dana Hilliot\",\"description\":\". Archives . Activit\u00e9s . Projets .\",\"publisher\":{\"@id\":\"https:\/\/outsiderland.com\/danahilliot\/#\/schema\/person\/201a1fef0f5c2897bd65e98bcf6b1179\"},\"potentialAction\":[{\"@type\":\"SearchAction\",\"target\":{\"@type\":\"EntryPoint\",\"urlTemplate\":\"https:\/\/outsiderland.com\/danahilliot\/?s={search_term_string}\"},\"query-input\":{\"@type\":\"PropertyValueSpecification\",\"valueRequired\":true,\"valueName\":\"search_term_string\"}}],\"inLanguage\":\"fr-FR\"},{\"@type\":[\"Person\",\"Organization\"],\"@id\":\"https:\/\/outsiderland.com\/danahilliot\/#\/schema\/person\/201a1fef0f5c2897bd65e98bcf6b1179\",\"name\":\"danahilliot\",\"image\":{\"@type\":\"ImageObject\",\"inLanguage\":\"fr-FR\",\"@id\":\"https:\/\/outsiderland.com\/danahilliot\/#\/schema\/person\/image\/\",\"url\":\"https:\/\/outsiderland.com\/danahilliot\/wp-content\/uploads\/2026\/02\/50801449407_a909f2c1ad_k.jpg\",\"contentUrl\":\"https:\/\/outsiderland.com\/danahilliot\/wp-content\/uploads\/2026\/02\/50801449407_a909f2c1ad_k.jpg\",\"width\":2048,\"height\":1536,\"caption\":\"danahilliot\"},\"logo\":{\"@id\":\"https:\/\/outsiderland.com\/danahilliot\/#\/schema\/person\/image\/\"}}]}<\/script>\n<!-- \/ Yoast SEO plugin. -->","yoast_head_json":{"title":"Un Footing - Outside Dana Hilliot","robots":{"index":"index","follow":"follow","max-snippet":"max-snippet:-1","max-image-preview":"max-image-preview:large","max-video-preview":"max-video-preview:-1"},"canonical":"https:\/\/outsiderland.com\/danahilliot\/un-footing\/","og_locale":"fr_FR","og_type":"article","og_title":"Un Footing - Outside Dana Hilliot","og_description":"Les articulations \u2014 une \u00e0 une se d\u00e9coincent : la cheville, le genou, les hanches, les \u00e9paules, la nuque \u2014 deux trois pens\u00e9es aussi. Le stade de foot \u2014 herbe s\u00e8che et jaun\u00e2tre \/ poussi\u00e8re voletant quand j&rsquo;y fourre le pied : d\u00e9clivit\u00e9 surprenante (remonte doucement vers la cage du gardien de but \u00e0 l&rsquo;ouest,&hellip;","og_url":"https:\/\/outsiderland.com\/danahilliot\/un-footing\/","og_site_name":"Outside Dana Hilliot","article_modified_time":"2025-10-12T09:46:08+00:00","twitter_card":"summary_large_image","twitter_misc":{"Dur\u00e9e de lecture estim\u00e9e":"7 minutes"},"schema":{"@context":"https:\/\/schema.org","@graph":[{"@type":"WebPage","@id":"https:\/\/outsiderland.com\/danahilliot\/un-footing\/","url":"https:\/\/outsiderland.com\/danahilliot\/un-footing\/","name":"Un Footing - Outside Dana Hilliot","isPartOf":{"@id":"https:\/\/outsiderland.com\/danahilliot\/#website"},"datePublished":"2018-10-07T22:05:02+00:00","dateModified":"2025-10-12T09:46:08+00:00","breadcrumb":{"@id":"https:\/\/outsiderland.com\/danahilliot\/un-footing\/#breadcrumb"},"inLanguage":"fr-FR","potentialAction":[{"@type":"ReadAction","target":["https:\/\/outsiderland.com\/danahilliot\/un-footing\/"]}]},{"@type":"BreadcrumbList","@id":"https:\/\/outsiderland.com\/danahilliot\/un-footing\/#breadcrumb","itemListElement":[{"@type":"ListItem","position":1,"name":"Accueil","item":"https:\/\/outsiderland.com\/danahilliot\/"},{"@type":"ListItem","position":2,"name":"Un Footing"}]},{"@type":"WebSite","@id":"https:\/\/outsiderland.com\/danahilliot\/#website","url":"https:\/\/outsiderland.com\/danahilliot\/","name":"Outside Dana Hilliot","description":". Archives . Activit\u00e9s . Projets .","publisher":{"@id":"https:\/\/outsiderland.com\/danahilliot\/#\/schema\/person\/201a1fef0f5c2897bd65e98bcf6b1179"},"potentialAction":[{"@type":"SearchAction","target":{"@type":"EntryPoint","urlTemplate":"https:\/\/outsiderland.com\/danahilliot\/?s={search_term_string}"},"query-input":{"@type":"PropertyValueSpecification","valueRequired":true,"valueName":"search_term_string"}}],"inLanguage":"fr-FR"},{"@type":["Person","Organization"],"@id":"https:\/\/outsiderland.com\/danahilliot\/#\/schema\/person\/201a1fef0f5c2897bd65e98bcf6b1179","name":"danahilliot","image":{"@type":"ImageObject","inLanguage":"fr-FR","@id":"https:\/\/outsiderland.com\/danahilliot\/#\/schema\/person\/image\/","url":"https:\/\/outsiderland.com\/danahilliot\/wp-content\/uploads\/2026\/02\/50801449407_a909f2c1ad_k.jpg","contentUrl":"https:\/\/outsiderland.com\/danahilliot\/wp-content\/uploads\/2026\/02\/50801449407_a909f2c1ad_k.jpg","width":2048,"height":1536,"caption":"danahilliot"},"logo":{"@id":"https:\/\/outsiderland.com\/danahilliot\/#\/schema\/person\/image\/"}}]}},"_links":{"self":[{"href":"https:\/\/outsiderland.com\/danahilliot\/wp-json\/wp\/v2\/pages\/2586","targetHints":{"allow":["GET"]}}],"collection":[{"href":"https:\/\/outsiderland.com\/danahilliot\/wp-json\/wp\/v2\/pages"}],"about":[{"href":"https:\/\/outsiderland.com\/danahilliot\/wp-json\/wp\/v2\/types\/page"}],"author":[{"embeddable":true,"href":"https:\/\/outsiderland.com\/danahilliot\/wp-json\/wp\/v2\/users\/1"}],"replies":[{"embeddable":true,"href":"https:\/\/outsiderland.com\/danahilliot\/wp-json\/wp\/v2\/comments?post=2586"}],"version-history":[{"count":1,"href":"https:\/\/outsiderland.com\/danahilliot\/wp-json\/wp\/v2\/pages\/2586\/revisions"}],"predecessor-version":[{"id":2587,"href":"https:\/\/outsiderland.com\/danahilliot\/wp-json\/wp\/v2\/pages\/2586\/revisions\/2587"}],"wp:attachment":[{"href":"https:\/\/outsiderland.com\/danahilliot\/wp-json\/wp\/v2\/media?parent=2586"}],"wp:term":[{"taxonomy":"category","embeddable":true,"href":"https:\/\/outsiderland.com\/danahilliot\/wp-json\/wp\/v2\/categories?post=2586"},{"taxonomy":"post_tag","embeddable":true,"href":"https:\/\/outsiderland.com\/danahilliot\/wp-json\/wp\/v2\/tags?post=2586"}],"curies":[{"name":"wp","href":"https:\/\/api.w.org\/{rel}","templated":true}]}}