{"id":2582,"date":"2018-10-07T22:03:32","date_gmt":"2018-10-07T22:03:32","guid":{"rendered":"https:\/\/outsiderland.com\/danahilliot\/?page_id=2582"},"modified":"2025-10-12T09:46:09","modified_gmt":"2025-10-12T09:46:09","slug":"la-jeunesse","status":"publish","type":"page","link":"https:\/\/outsiderland.com\/danahilliot\/la-jeunesse\/","title":{"rendered":"La Jeunesse"},"content":{"rendered":"<p>Au bar de l&rsquo;h\u00f4tel de ville, Gaston, qui tenait autrefois la salle de jeux : pacman, flipper, babyfoot, space invaders \u2014 y ai claqu\u00e9 toutes mes \u00e9conomies de lyc\u00e9en avant de r\u00e9server les dites \u00e9conomies pour d&rsquo;autres usages. En fin de course le Gaston \u2014 l&rsquo;est d\u00e9j\u00e0 vingt trois heures du soir \u2014, comme son comp\u00e8re Igor \u2014 on a toujours \u00e9mis un doute sur ce nom l\u00e0, y&rsquo;en a qu&rsquo;ont plut\u00f4t des t\u00eates \u00e0 se pr\u00e9nommer Fernand, plut\u00f4t qu&rsquo;Igor, surtout avec ces rides qui lui tombent jusque sous le menton, des yeux en serpill\u00e8re, putain de fatigue et d&rsquo;\u00e9puisement que nous cause la vie quand m\u00eame ! Et Sa\u00efd, tout revigor\u00e9, qui batifole autour de moi sous l&rsquo;ampoule jaune du fond du bar (pas encore ce soir que je vais \u00e9crire mon bouquin j&rsquo;le sens ! faudrait pt\u00eat que je prenne garde \u00e0 pas m&rsquo;aventurer dans des endroits mal fam\u00e9s comme \u00e7a, mais l\u00e0 j&rsquo;ai dix-huit ans \u00e0 peine, faut bien passer par l\u00e0 si qu&rsquo;on veut \u00eatre un homme, un vrai, ainsi que, \u00e9ventuellement, un \u00e9crivaillon). \u00ab R&rsquo;garde c&rsquo;te lupiotte \u00bb (qu&rsquo;il m&rsquo;enjoint) \u00ab ben tu vois c&rsquo;soir, elle brille que pour moi ! \u00bb (et ma foi l&rsquo;a pas tort, si on consid\u00e8re qu&rsquo;il est plant\u00e9 juste en dessous, que toute l&rsquo;assembl\u00e9e s&rsquo;est rabiboch\u00e9e vers le comptoir devant la T\u00e9loche, et que je compte bien migrer moi aussi au comptoir pour commander un muscadet). Sur l&rsquo;\u00e9cran de la dite T\u00e9loche, les programmes de la t\u00e9l\u00e9vision fran\u00e7aise, Bourvil et Jean Marais, d\u00e9guis\u00e9s manifestement en gentilhommes renaissance, traversent un cul-de-basse-fosse rempli d&rsquo;eaux sombres, il fait nuit, et posent la barque au pied d&rsquo;une tour si haute que son sommet se perd dans l&rsquo;obscurit\u00e9 lunaire. \u00c7a vous fascine son monde, Gaston, Igor\/Fernand, Sa\u00efd qui vient de rappliquer abandonnant son soleil solitaire, et le tenancier, notre papa \u00e0 tous faut bien dire, celui qui nous exp\u00e9die pas dehors m\u00eame quand la mar\u00e9chauss\u00e9e lui impose de fermer son rideau apr\u00e8s vingt-deux heures. \u00ab J&rsquo;le connais cui l\u00e0 ! \u00bb (Sa\u00efd \u00e9tale sa science : tu m&rsquo;\u00e9tonnes que tu le connais, \u00e7a doit \u00eatre la cent douzi\u00e8me diffusion depuis qu&rsquo;un abruti a allum\u00e9 pour la premi\u00e8re fois une putain de t\u00e9l\u00e9) \u00ab Ta Gueule l&rsquo;arabe \u00bb (Ils l&rsquo;appellent comme \u00e7a : mais pas sans tendresse bizarrement. Sa\u00efd, \u00e7a a pas l&rsquo;air de l&rsquo;offusquer). \u00ab Tu vois pas qu&rsquo;on est concentr\u00e9 l\u00e0 ! \u00bb. Du coup, on n&rsquo;entend plus que le bruit discret des caillasses qui se d\u00e9tachent du mur de la tour que Jean Marais a entrepris d&rsquo;escalader. Et l&rsquo;inqui\u00e9tude chuchot\u00e9e de Bourvil rest\u00e9 en bas, dans la barque : \u00ab Vous \u00eates fou, vous n&rsquo;y arriverez pas ! \u00bb (si c&rsquo;est pas des encouragements ! Casser le moral d&rsquo;un guss en train de se taper une verticalit\u00e9 pareille \u00e0 mains nues ! Virez moi ce sc\u00e9nariste ! ). Jean, malgr\u00e9 le froid et l&rsquo;humidit\u00e9 grimpe rapidement, sans se d\u00e9partir d&rsquo;une \u00e9l\u00e9gance fluide et gracieuse. L&rsquo;arrive au sommet, o\u00f9 c&rsquo;est qu&rsquo;y a une fen\u00eatre, ouverte (et si qu&rsquo;elle avait \u00e9t\u00e9 ferm\u00e9e hein ? C&rsquo;est l\u00e0 qu&rsquo;on aurait rigol\u00e9 !), avec une princesse \u00e0 l&rsquo;int\u00e9rieur de la chambre, qui manifestement, fait de la couture \u2014 rapi\u00e8ce un pantalon pour \u00eatre exact). L\u00e0, tout le monde retient son souffle, tandis que la princesse fait \u00d4 avec sa bouche en cul-de-poule et n&rsquo;en croit pas ses yeux. Gaston, serrant avec angoisse son ballon de muscadet : \u00ab Ben. \u00c7a m&rsquo;rappelle ma jeunesse. \u00bb (L\u00e0 je quitte subitement l&rsquo;\u00e9cran des yeux, et regarde mon Gaston, qui, au bord des larmes, semble en proie \u00e0 la nostalgie d\u00e9chirante de sa jeunesse enfuie, et je devine sa beaut\u00e9 \u00e0 travers le champ de ruines d\u00e9vastant son visage).<\/p>\n","protected":false},"excerpt":{"rendered":"<p>Au bar de l&rsquo;h\u00f4tel de ville, Gaston, qui tenait autrefois la salle de jeux : pacman, flipper, babyfoot, space invaders \u2014 y ai claqu\u00e9 toutes mes \u00e9conomies de lyc\u00e9en avant de r\u00e9server les dites \u00e9conomies pour d&rsquo;autres usages. En fin de course le Gaston \u2014 l&rsquo;est d\u00e9j\u00e0 vingt trois heures du soir \u2014, comme son&hellip;<\/p>\n <a href=\"https:\/\/outsiderland.com\/danahilliot\/la-jeunesse\/\" title=\"La Jeunesse\" class=\"entry-more-link\"><span>Read More<\/span> <span class=\"screen-reader-text\">La Jeunesse<\/span><\/a>","protected":false},"author":1,"featured_media":0,"parent":0,"menu_order":0,"comment_status":"closed","ping_status":"closed","template":"","meta":{"Layout":"","footnotes":""},"categories":[120],"tags":[126],"class_list":["entry","author-danah","post-2582","page","type-page","status-publish","category-observation","tag-observation"],"yoast_head":"<!-- This site is optimized with the Yoast SEO plugin v27.0 - https:\/\/yoast.com\/product\/yoast-seo-wordpress\/ -->\n<title>La Jeunesse - Outside Dana Hilliot<\/title>\n<meta name=\"robots\" content=\"index, follow, max-snippet:-1, max-image-preview:large, max-video-preview:-1\" \/>\n<link rel=\"canonical\" href=\"https:\/\/outsiderland.com\/danahilliot\/la-jeunesse\/\" \/>\n<meta property=\"og:locale\" content=\"fr_FR\" \/>\n<meta property=\"og:type\" content=\"article\" \/>\n<meta property=\"og:title\" content=\"La Jeunesse - Outside Dana Hilliot\" \/>\n<meta property=\"og:description\" content=\"Au bar de l&rsquo;h\u00f4tel de ville, Gaston, qui tenait autrefois la salle de jeux : pacman, flipper, babyfoot, space invaders \u2014 y ai claqu\u00e9 toutes mes \u00e9conomies de lyc\u00e9en avant de r\u00e9server les dites \u00e9conomies pour d&rsquo;autres usages. En fin de course le Gaston \u2014 l&rsquo;est d\u00e9j\u00e0 vingt trois heures du soir \u2014, comme son&hellip;\" \/>\n<meta property=\"og:url\" content=\"https:\/\/outsiderland.com\/danahilliot\/la-jeunesse\/\" \/>\n<meta property=\"og:site_name\" content=\"Outside Dana Hilliot\" \/>\n<meta property=\"article:modified_time\" content=\"2025-10-12T09:46:09+00:00\" \/>\n<meta name=\"twitter:card\" content=\"summary_large_image\" \/>\n<meta name=\"twitter:label1\" content=\"Dur\u00e9e de lecture estim\u00e9e\" \/>\n\t<meta name=\"twitter:data1\" content=\"3 minutes\" \/>\n<script type=\"application\/ld+json\" class=\"yoast-schema-graph\">{\"@context\":\"https:\/\/schema.org\",\"@graph\":[{\"@type\":\"WebPage\",\"@id\":\"https:\/\/outsiderland.com\/danahilliot\/la-jeunesse\/\",\"url\":\"https:\/\/outsiderland.com\/danahilliot\/la-jeunesse\/\",\"name\":\"La Jeunesse - Outside Dana Hilliot\",\"isPartOf\":{\"@id\":\"https:\/\/outsiderland.com\/danahilliot\/#website\"},\"datePublished\":\"2018-10-07T22:03:32+00:00\",\"dateModified\":\"2025-10-12T09:46:09+00:00\",\"breadcrumb\":{\"@id\":\"https:\/\/outsiderland.com\/danahilliot\/la-jeunesse\/#breadcrumb\"},\"inLanguage\":\"fr-FR\",\"potentialAction\":[{\"@type\":\"ReadAction\",\"target\":[\"https:\/\/outsiderland.com\/danahilliot\/la-jeunesse\/\"]}]},{\"@type\":\"BreadcrumbList\",\"@id\":\"https:\/\/outsiderland.com\/danahilliot\/la-jeunesse\/#breadcrumb\",\"itemListElement\":[{\"@type\":\"ListItem\",\"position\":1,\"name\":\"Accueil\",\"item\":\"https:\/\/outsiderland.com\/danahilliot\/\"},{\"@type\":\"ListItem\",\"position\":2,\"name\":\"La Jeunesse\"}]},{\"@type\":\"WebSite\",\"@id\":\"https:\/\/outsiderland.com\/danahilliot\/#website\",\"url\":\"https:\/\/outsiderland.com\/danahilliot\/\",\"name\":\"Outside Dana Hilliot\",\"description\":\". Archives . Activit\u00e9s . Projets .\",\"publisher\":{\"@id\":\"https:\/\/outsiderland.com\/danahilliot\/#\/schema\/person\/201a1fef0f5c2897bd65e98bcf6b1179\"},\"potentialAction\":[{\"@type\":\"SearchAction\",\"target\":{\"@type\":\"EntryPoint\",\"urlTemplate\":\"https:\/\/outsiderland.com\/danahilliot\/?s={search_term_string}\"},\"query-input\":{\"@type\":\"PropertyValueSpecification\",\"valueRequired\":true,\"valueName\":\"search_term_string\"}}],\"inLanguage\":\"fr-FR\"},{\"@type\":[\"Person\",\"Organization\"],\"@id\":\"https:\/\/outsiderland.com\/danahilliot\/#\/schema\/person\/201a1fef0f5c2897bd65e98bcf6b1179\",\"name\":\"danahilliot\",\"image\":{\"@type\":\"ImageObject\",\"inLanguage\":\"fr-FR\",\"@id\":\"https:\/\/outsiderland.com\/danahilliot\/#\/schema\/person\/image\/\",\"url\":\"https:\/\/outsiderland.com\/danahilliot\/wp-content\/uploads\/2026\/02\/50801449407_a909f2c1ad_k.jpg\",\"contentUrl\":\"https:\/\/outsiderland.com\/danahilliot\/wp-content\/uploads\/2026\/02\/50801449407_a909f2c1ad_k.jpg\",\"width\":2048,\"height\":1536,\"caption\":\"danahilliot\"},\"logo\":{\"@id\":\"https:\/\/outsiderland.com\/danahilliot\/#\/schema\/person\/image\/\"}}]}<\/script>\n<!-- \/ Yoast SEO plugin. -->","yoast_head_json":{"title":"La Jeunesse - Outside Dana Hilliot","robots":{"index":"index","follow":"follow","max-snippet":"max-snippet:-1","max-image-preview":"max-image-preview:large","max-video-preview":"max-video-preview:-1"},"canonical":"https:\/\/outsiderland.com\/danahilliot\/la-jeunesse\/","og_locale":"fr_FR","og_type":"article","og_title":"La Jeunesse - Outside Dana Hilliot","og_description":"Au bar de l&rsquo;h\u00f4tel de ville, Gaston, qui tenait autrefois la salle de jeux : pacman, flipper, babyfoot, space invaders \u2014 y ai claqu\u00e9 toutes mes \u00e9conomies de lyc\u00e9en avant de r\u00e9server les dites \u00e9conomies pour d&rsquo;autres usages. En fin de course le Gaston \u2014 l&rsquo;est d\u00e9j\u00e0 vingt trois heures du soir \u2014, comme son&hellip;","og_url":"https:\/\/outsiderland.com\/danahilliot\/la-jeunesse\/","og_site_name":"Outside Dana Hilliot","article_modified_time":"2025-10-12T09:46:09+00:00","twitter_card":"summary_large_image","twitter_misc":{"Dur\u00e9e de lecture estim\u00e9e":"3 minutes"},"schema":{"@context":"https:\/\/schema.org","@graph":[{"@type":"WebPage","@id":"https:\/\/outsiderland.com\/danahilliot\/la-jeunesse\/","url":"https:\/\/outsiderland.com\/danahilliot\/la-jeunesse\/","name":"La Jeunesse - Outside Dana Hilliot","isPartOf":{"@id":"https:\/\/outsiderland.com\/danahilliot\/#website"},"datePublished":"2018-10-07T22:03:32+00:00","dateModified":"2025-10-12T09:46:09+00:00","breadcrumb":{"@id":"https:\/\/outsiderland.com\/danahilliot\/la-jeunesse\/#breadcrumb"},"inLanguage":"fr-FR","potentialAction":[{"@type":"ReadAction","target":["https:\/\/outsiderland.com\/danahilliot\/la-jeunesse\/"]}]},{"@type":"BreadcrumbList","@id":"https:\/\/outsiderland.com\/danahilliot\/la-jeunesse\/#breadcrumb","itemListElement":[{"@type":"ListItem","position":1,"name":"Accueil","item":"https:\/\/outsiderland.com\/danahilliot\/"},{"@type":"ListItem","position":2,"name":"La Jeunesse"}]},{"@type":"WebSite","@id":"https:\/\/outsiderland.com\/danahilliot\/#website","url":"https:\/\/outsiderland.com\/danahilliot\/","name":"Outside Dana Hilliot","description":". Archives . Activit\u00e9s . Projets .","publisher":{"@id":"https:\/\/outsiderland.com\/danahilliot\/#\/schema\/person\/201a1fef0f5c2897bd65e98bcf6b1179"},"potentialAction":[{"@type":"SearchAction","target":{"@type":"EntryPoint","urlTemplate":"https:\/\/outsiderland.com\/danahilliot\/?s={search_term_string}"},"query-input":{"@type":"PropertyValueSpecification","valueRequired":true,"valueName":"search_term_string"}}],"inLanguage":"fr-FR"},{"@type":["Person","Organization"],"@id":"https:\/\/outsiderland.com\/danahilliot\/#\/schema\/person\/201a1fef0f5c2897bd65e98bcf6b1179","name":"danahilliot","image":{"@type":"ImageObject","inLanguage":"fr-FR","@id":"https:\/\/outsiderland.com\/danahilliot\/#\/schema\/person\/image\/","url":"https:\/\/outsiderland.com\/danahilliot\/wp-content\/uploads\/2026\/02\/50801449407_a909f2c1ad_k.jpg","contentUrl":"https:\/\/outsiderland.com\/danahilliot\/wp-content\/uploads\/2026\/02\/50801449407_a909f2c1ad_k.jpg","width":2048,"height":1536,"caption":"danahilliot"},"logo":{"@id":"https:\/\/outsiderland.com\/danahilliot\/#\/schema\/person\/image\/"}}]}},"_links":{"self":[{"href":"https:\/\/outsiderland.com\/danahilliot\/wp-json\/wp\/v2\/pages\/2582","targetHints":{"allow":["GET"]}}],"collection":[{"href":"https:\/\/outsiderland.com\/danahilliot\/wp-json\/wp\/v2\/pages"}],"about":[{"href":"https:\/\/outsiderland.com\/danahilliot\/wp-json\/wp\/v2\/types\/page"}],"author":[{"embeddable":true,"href":"https:\/\/outsiderland.com\/danahilliot\/wp-json\/wp\/v2\/users\/1"}],"replies":[{"embeddable":true,"href":"https:\/\/outsiderland.com\/danahilliot\/wp-json\/wp\/v2\/comments?post=2582"}],"version-history":[{"count":1,"href":"https:\/\/outsiderland.com\/danahilliot\/wp-json\/wp\/v2\/pages\/2582\/revisions"}],"predecessor-version":[{"id":2583,"href":"https:\/\/outsiderland.com\/danahilliot\/wp-json\/wp\/v2\/pages\/2582\/revisions\/2583"}],"wp:attachment":[{"href":"https:\/\/outsiderland.com\/danahilliot\/wp-json\/wp\/v2\/media?parent=2582"}],"wp:term":[{"taxonomy":"category","embeddable":true,"href":"https:\/\/outsiderland.com\/danahilliot\/wp-json\/wp\/v2\/categories?post=2582"},{"taxonomy":"post_tag","embeddable":true,"href":"https:\/\/outsiderland.com\/danahilliot\/wp-json\/wp\/v2\/tags?post=2582"}],"curies":[{"name":"wp","href":"https:\/\/api.w.org\/{rel}","templated":true}]}}