{"id":2578,"date":"2018-10-07T21:59:38","date_gmt":"2018-10-07T21:59:38","guid":{"rendered":"https:\/\/outsiderland.com\/danahilliot\/?page_id=2578"},"modified":"2025-10-12T09:46:09","modified_gmt":"2025-10-12T09:46:09","slug":"dialogue-pour-lemploi","status":"publish","type":"page","link":"https:\/\/outsiderland.com\/danahilliot\/dialogue-pour-lemploi\/","title":{"rendered":"Dialogue pour l&#8217;emploi"},"content":{"rendered":"<p>J&rsquo;ai d\u00e9cid\u00e9 d&rsquo;\u00eatre honn\u00eate avec vous.<br \/>\nHonn\u00eate. Je suppose que je devrais m&rsquo;en r\u00e9jouir ?<br \/>\nPas forc\u00e9ment. R\u00e9fl\u00e9chissez un instant. Si je place ce rendez-vous sous le signe de l&rsquo;honn\u00eatet\u00e9, Alors qu&rsquo;en est-il des derni\u00e8res fois ?<br \/>\nLes derni\u00e8res fois, vous \u00e9tiez malhonn\u00eate.<br \/>\nMalhonn\u00eate, je n&rsquo;irai pas jusque l\u00e0. Je n&rsquo;\u00e9tais pas honn\u00eate, pas vraiment. Sans intention malveillante. Je n&rsquo;avais pas l&rsquo;intention de vous mentir.<br \/>\nQuelle \u00e9tait votre intention alors ?<br \/>\nVous \u00e9pargner la peine d&rsquo;\u00e9couter la v\u00e9rit\u00e9 \u00e0 mon sujet peut-\u00eatre.<br \/>\nNe serait-il pas plus facile pour moi de vous aider si vous me d\u00eetes la v\u00e9rit\u00e9 ?<br \/>\nJe ne crois pas non.<br \/>\nDe quoi avions-nous parl\u00e9 la derni\u00e8re fois ? Ha. Oui. Vous \u00e9tiez d&rsquo;accord pour travailler en \u00e9quipe. Vous m&rsquo;avez fait l&rsquo;\u00e9loge du travail en \u00e9quipe. Vous disiez, je l&rsquo;ai not\u00e9 l\u00e0 voyez-vous, que c&rsquo;\u00e9tait une exp\u00e9rience enrichissante, malgr\u00e9 les in\u00e9vitables contraintes, disiez-vous.<br \/>\nJe sais. C&rsquo;est le genre de choses que je suis tout \u00e0 fait capable de dire.<br \/>\nVous \u00e9tiez m\u00eame tr\u00e8s convaincant. J&rsquo;ai vraiment pens\u00e9 : voil\u00e0 un homme susceptible de travailler en \u00e9quipe.<br \/>\nJe d\u00e9teste travailler en \u00e9quipe. Travailler en \u00e9quipe m&rsquo;est tout bonnement insupportable.<br \/>\nC&rsquo;est ce que vous appelez \u00eatre honn\u00eate j&rsquo;imagine.<br \/>\nLa derni\u00e8re fois que j&rsquo;ai du me r\u00e9soudre \u00e0 travailler en \u00e9quipe, il fallait que je m&rsquo;\u00e9clipse, r\u00e9guli\u00e8rement, pendant les pauses, les coll\u00e8gues ne comprenaient pas pourquoi je disparaissais pendant les pauses, comme si j&rsquo;avais l&rsquo;air de refuser leur compagnie.<br \/>\nQue faisiez-vous alors ? O\u00f9 vous \u00e9clipsiez-vous ?<br \/>\nEn fait, je refusais r\u00e9ellement leur compagnie. J&rsquo;allais dans un pr\u00e9, le pr\u00e9 qui bordait l&rsquo;entreprise, et je m&rsquo;asseyais dans l&rsquo;herbe sous le grand platane.<br \/>\nEt que faisiez-vous sous cet arbre ?<br \/>\nRien. Parfois je pleurais. Je profitais du silence. Parfois je ne faisais pas que m&rsquo;asseoir, je m&rsquo;allongeais, je m&rsquo;allongeais sur le ventre dans l&rsquo;herbe, ou, pendant l&rsquo;hiver, dans la neige, je me fourrais le nez dans la neige, je ressentais le froid, l&rsquo;humidit\u00e9, je sniffais la neige comme si j&rsquo;avais eu besoin de ma dose.<br \/>\nQuel rapport avec votre travail dans cette entreprise ? C&rsquo;\u00e9tait bien celle-l\u00e0, en 2010, votre dernier emploi ?<br \/>\nAucun rapport. D&rsquo;ailleurs je n&rsquo;avais aucun rapport avec cette entreprise. Cette entreprise, ce travail, mes coll\u00e8gues, ne m&rsquo;int\u00e9ressaient pas. Je le faisais juste pour l&rsquo;argent, pour payer mes dettes.<br \/>\nVous avez des dettes ?<br \/>\nForc\u00e9ment. Regardez votre fiche. Fa\u00eetes le compte de ann\u00e9es de travail depuis vingt-cinq ans. Il ne manque un certain nombre. \u00c7a fait des trous.<br \/>\nOui. L\u00e0, entre 1990 et 1992, puis l&rsquo;ann\u00e9e 1997, vous n&rsquo;avez pas travaill\u00e9 cette ann\u00e9e l\u00e0 ?<br \/>\nNon. Et pas non plus dans les ann\u00e9es 2000, 2002, et 2006, sans compter l&rsquo;ann\u00e9e derni\u00e8re et cette ann\u00e9e. Plus \u00e7a va, plus les trous s&rsquo;accumulent, moins je travaille, plus il y a des trous, et plus il y a de dettes, si bien que quand je travaille, c&rsquo;est uniquement pour payer mes dettes, pour combler les trous, ou bien en vue de financer le prochain trou.<br \/>\nEt l\u00e0, vous avez besoin de financer votre prochain trou ?<br \/>\nOui. Et de payer les dettes du dernier trou.<br \/>\nC&rsquo;est ce que vous appelez \u00eatre honn\u00eate.<br \/>\nCe n&rsquo;est pas seulement que je d\u00e9teste travailler en \u00e9quipe. C&rsquo;est que je d\u00e9teste travailler tout court.<br \/>\nSur ma feuille de bilan je lis, c&rsquo;est moi qui l&rsquo;ait \u00e9crit en reprenant vos paroles, c&rsquo;est ce que vous avez dit : j&rsquo;ai beaucoup appris de cette exp\u00e9rience professionnelle. Je ne sais plus exactement de quelle exp\u00e9rience il s&rsquo;agissait.<br \/>\nJe n&rsquo;ai jamais rien appris d&rsquo;une exp\u00e9rience professionnelle, sinon qu&rsquo;\u00e0 trop insister je finirai par en devenir fou.<br \/>\nLe travail rend fou alors. Je devrais noter \u00e7a.<br \/>\nC&rsquo;est vous qui voyez.<br \/>\nVous avez d\u00e9clar\u00e9, je lis toujours : c&rsquo;est agr\u00e9able de se sentir utile.<br \/>\nOui. C&rsquo;est certainement une chose que j&rsquo;ai pu dire. Je suis tr\u00e8s dou\u00e9 pour dire ce genre de choses, le genre de choses qu&rsquo;on attend de moi.<br \/>\nJe dois barrer cette phrase aussi ?<br \/>\nVous fa\u00eetes comme vous voulez.<br \/>\nEt la liste des emplois que vous avez occup\u00e9s, pr\u00e9sent\u00e9e avec tellement de soin, un soin m\u00e9ticuleux, rien n&rsquo;y manque, les dates, les ann\u00e9es, les mois, les jours, les noms, les adresses, et le paragraphe sur vos comp\u00e9tences ? Et vos passions, la liste de vos passions, toutes ces listes, j&rsquo;en fais quoi ? Y&rsquo;a-t-il un mot de vrai l\u00e0 dedans ? Par exemple, l\u00e0, durant l&rsquo;\u00e9t\u00e9 et l&rsquo;automne 1998, je lis : responsable d&rsquo;une unit\u00e9 de production dans une entreprise \u00e0 Saintes, c&rsquo;est en Charentes Saintes ?<br \/>\nOui. Vous ne trouvez pas \u00e9trange que le contrat s&rsquo;arr\u00eate comme \u00e7a, soudainement, en novembre ?<br \/>\nVous m&rsquo;aviez dit je crois me souvenir que vous m&rsquo;aviez dit quelque chose concernant la r\u00e9gion, que vous vouliez vous rapprocher de votre femme, elle habitait \u00e0 Bordeaux c&rsquo;est \u00e7a ?, que le boulot vous plaisez bien, mais les d\u00e9placements, il y avait ce probl\u00e8me de d\u00e9placement, \u00e7a vous obligeait \u00e0 dormir la semaine \u00e0 l&rsquo;h\u00f4tel, \u00e7a ne vous convenait pas, c&rsquo;est pour \u00e7a que vous aviez rompu le contrat.<br \/>\n\u00c7a c&rsquo;est la soupe que vous ai fournie. Elle n&rsquo;est pas fausse. Mais il existe une autre version. Une version plus honn\u00eate.<br \/>\nPlus vraie ?<br \/>\nPlus honn\u00eate, les deux versions sont vraies, en partie.<br \/>\nC&rsquo;est une question de point de vue ?<br \/>\nNon. Tout d\u00e9pend \u00e0 qui vous racontez l&rsquo;histoire. La version d\u00e9pend de l&rsquo;autre, celui \u00e0 qui vous racontez. Vous \u00eates un bureaucrate, je vous servi la version bureaucratique.<br \/>\nJe suppose que ce n&rsquo;est pas un compliment que vous me fa\u00eetes l\u00e0.<br \/>\nBureaucrate, c&rsquo;est votre fonction. \u00c0 vous de vous d\u00e9brouiller avec \u00e7a.<br \/>\nMerci, je me d\u00e9brouille. C&rsquo;est quoi un bureaucrate pour vous ?<br \/>\nPeu importe ma d\u00e9finition.<br \/>\nQuand m\u00eame, je serais curieux de savoir.<br \/>\nC&rsquo;est un type derri\u00e8re un bureau, qui a des attentes bureaucratiques, qui prend des notes bureaucratiques, qui pense dans la langue des bureaucrates.<br \/>\nPar exemple ?<br \/>\nLe travail d&rsquo;\u00e9quipe, la mobilit\u00e9 professionnelle, c&rsquo;est agr\u00e9able de sentir utile, faisons la liste de vos comp\u00e9tences, n&rsquo;oubliez pas de remplir cette fiche de voeux, et cette fiche d&rsquo;identification, et si votre situation change, ne tardez pas \u00e0 nous le signaler en utilisant ce formulaire.<br \/>\nVous aimeriez que nous, les bureaucrates, nous nous comportions de mani\u00e8re plus humaine, que nous employons d&rsquo;autres mots, d&rsquo;autres expressions ?<br \/>\nNon. Je me fiche tout \u00e0 fait de votre sort. J&rsquo;aimerai juste ne plus jamais avoir affaire \u00e0 des bureaucrates, que ce soit ici ou dans une entreprise, ou \u00e0 supporter leurs discours, \u00e0 la t\u00e9l\u00e9vision, \u00e0 la radio, dans les journaux, dans la rue, au caf\u00e9, partout. La bureaucratie a contamin\u00e9 la plupart des langues.<br \/>\nLa v\u00f4tre aussi on dirait. N&rsquo;est-ce pas vous qui m&rsquo;avez gratifi\u00e9 d&rsquo;un : c&rsquo;est agr\u00e9able de sentir utile ? et, attendez que je retrouve la citation exacte, voil\u00e0 : le travail d&rsquo;\u00e9quipe, c&rsquo;est une exp\u00e9rience enrichissante, malgr\u00e9 les in\u00e9vitables contraintes etc.<br \/>\nJe sais le faire. J&rsquo;ai appris tr\u00e8s t\u00f4t \u00e0 parler cette langue l\u00e0. Quand j&rsquo;\u00e9tais gosse, d\u00e8s l&rsquo;\u00e9cole, l&rsquo;\u00e9cole primaire de la bureaucratie, qui pr\u00e9c\u00e8de le coll\u00e8ge et le lyc\u00e9e de formation au langage et \u00e0 la pens\u00e9e bureaucratiques.<br \/>\nSi j&rsquo;en crois vos dipl\u00f4mes, vous \u00e9tiez m\u00eame particuli\u00e8rement dou\u00e9.<br \/>\nJ&rsquo;ai appris. En cachette, quand j&rsquo;\u00e9tais gosse j&rsquo;\u00e9crivais dans ma langue \u00e0 moi, mais au grand jour, j&rsquo;\u00e9tais l&rsquo;\u00e9l\u00e8ve bureaucratique mod\u00e8le, riche de promesses bureaucratiques. C&rsquo;\u00e9tait un \u00e9cole dans un quartier de banlieue, une cit\u00e9 HLM tr\u00e8s pauvre, ils n&rsquo;en avaient jamais eu un comme moi, un \u00e9l\u00e8ve aussi dou\u00e9, aussi ob\u00e9issant, aussi servile.<br \/>\nVous avez chang\u00e9 ?<br \/>\nNon. \u00c0 l&rsquo;\u00e9poque je savais d\u00e9j\u00e0. En cachette, j&rsquo;\u00e9crivais, je me parlais \u00e0 moi-m\u00eame, je lisais les livres qu&rsquo;il ne fallait pas, les livres non bureaucratiques, ceux qui se consacrent sciemment, explicitement, \u00e0 ruiner le langage bureaucratique, \u00e0 le r\u00e9duire en miettes, je lisais ces livres l\u00e0, en cachette, mais au grand jour, j&rsquo;apprenais le langage de tous les jours, le langage bureaucratique, et plus je me sentais en danger, plus je ressentais la n\u00e9cessit\u00e9 d&rsquo;en acqu\u00e9rir une ma\u00eetrise parfaite.<\/p>\n<p>\u00c0 Saintes, je buvais. Je buvais \u00e9norm\u00e9ment, puis j&rsquo;ai \u00e9t\u00e9 exorcis\u00e9.<br \/>\nExorcis\u00e9 ?<br \/>\nOui. Ma femme. Ma femme et ma belle-m\u00e8re ont pris un rendez vous pour moi chez une vieille qui vivait dans une fermette \u00e0 la campagne, et ce n&rsquo;est qu&rsquo;une fois l\u00e0 bas que j&rsquo;ai compris que j&rsquo;allais \u00eatre exorcis\u00e9.<br \/>\nPourquoi me racontez-vous \u00e7a ?<br \/>\nJe vous donne l&rsquo;autre version, celle qui n&rsquo;est pas \u00e9crite sur la fiche. La raison pour laquelle j&rsquo;ai quitt\u00e9 cet emploi, que je d\u00e9testais par ailleurs, c&rsquo;est que j&rsquo;ai \u00e9t\u00e9 exorcis\u00e9.<br \/>\nVous \u00e9tiez poss\u00e9d\u00e9 alors ?<br \/>\nSelon ma femme, sa m\u00e8re et la vieille dans la fermette avec ses chiens et son cand\u00e9labre, oui, \u00e7a ne faisait aucun doute. Dans leur version \u00e0 elle, \u00e7a n&rsquo;avait rien d&rsquo;\u00e9tonnant que je me sois remis \u00e0 boire comme \u00e7a, \u00e7a n&rsquo;avait rien d&rsquo;\u00e9tonnant que je passe mes soir\u00e9es au cin\u00e9ma \u00e0 voir le m\u00eame film, Fight Club de David Fincher, vous l&rsquo;avez vu ?, moi je l&rsquo;ai vu tous les soirs pendant un mois, j&rsquo;en connaissais chaque r\u00e9plique, je pleurais toujours exactement au m\u00eame endroit, surtout \u00e0 la fin, la derni\u00e8re semaine, je ne prenais m\u00eame plus la peine d&rsquo;arriver \u00e0 l&rsquo;heure pour la s\u00e9ance, j&rsquo;arrivais juste pour le dernier quart d&rsquo;heure, quand il y a cette chanson des Pixies, le son monte progressivement, en sortant du cin\u00e9ma, je plongeai dans mon walkman avec cette chanson dans les oreilles et je marchais dans la rue, bien au milieu de la rue, puis j&rsquo;allais boire avant de rentrer \u00e0 l&rsquo;h\u00f4tel, je me parlais \u00e0 voix haute dans la rue, les passants s&rsquo;\u00e9cartaient, je me sentais bien, mais j&rsquo;aimais aussi beaucoup le d\u00e9but du film, quand son appartement br\u00fble, quand tous ses meubles br\u00fblent, c&rsquo;est \u00e0 cause de ce film que j&rsquo;ai quitt\u00e9 mon boulot et que j&rsquo;ai quitt\u00e9 ma femme.<\/p>\n<p>Oui, c&rsquo;\u00e9tait pendant la licence. L\u00e0 je n&rsquo;ai pas pu me retenir. J&rsquo;ai rempli un sac \u00e0 dos avec mes affaires, je suis parti. Un nouveau trou. J&rsquo;ai beaucoup appris en marchant comme \u00e7a durant des mois. J&rsquo;ai beaucoup appris en faisant la manche, j&rsquo;ai fait la manche un peu partout, un matin je me suis r\u00e9veill\u00e9 au milieu d&rsquo;une prairie, c&rsquo;\u00e9tait dans les Alpes, il y avait de grands chevaux autour de la tente qui grignotaient les reste de mon d\u00e9jeuner. Une autre fois je me suis endormi sur un gros rocher plat au milieu d&rsquo;un torrent. Et encore une autre fois j&rsquo;ai failli mourir de soif sur les hauts plateaux du Vercors. J&rsquo;ai travers\u00e9 un glacier seul, sans \u00e9quipement, avec juste un b\u00e2ton, je devinais la masse grise des crevasses sous la glace, la neige avait recouvert toutes les traces ant\u00e9rieures, j&rsquo;avan\u00e7ais doucement, t\u00e2tant la neige avec mon b\u00e2ton.<\/p>\n","protected":false},"excerpt":{"rendered":"<p>J&rsquo;ai d\u00e9cid\u00e9 d&rsquo;\u00eatre honn\u00eate avec vous. Honn\u00eate. Je suppose que je devrais m&rsquo;en r\u00e9jouir ? Pas forc\u00e9ment. R\u00e9fl\u00e9chissez un instant. Si je place ce rendez-vous sous le signe de l&rsquo;honn\u00eatet\u00e9, Alors qu&rsquo;en est-il des derni\u00e8res fois ? Les derni\u00e8res fois, vous \u00e9tiez malhonn\u00eate. Malhonn\u00eate, je n&rsquo;irai pas jusque l\u00e0. Je n&rsquo;\u00e9tais pas honn\u00eate, pas vraiment.&hellip;<\/p>\n <a href=\"https:\/\/outsiderland.com\/danahilliot\/dialogue-pour-lemploi\/\" title=\"Dialogue pour l&#8217;emploi\" class=\"entry-more-link\"><span>Read More<\/span> <span class=\"screen-reader-text\">Dialogue pour l&#8217;emploi<\/span><\/a>","protected":false},"author":1,"featured_media":0,"parent":0,"menu_order":0,"comment_status":"closed","ping_status":"closed","template":"","meta":{"Layout":"","footnotes":""},"categories":[120],"tags":[126],"class_list":["entry","author-danah","post-2578","page","type-page","status-publish","category-observation","tag-observation"],"yoast_head":"<!-- This site is optimized with the Yoast SEO plugin v27.0 - https:\/\/yoast.com\/product\/yoast-seo-wordpress\/ -->\n<title>Dialogue pour l&#039;emploi - Outside Dana Hilliot<\/title>\n<meta name=\"robots\" content=\"index, follow, max-snippet:-1, max-image-preview:large, max-video-preview:-1\" \/>\n<link rel=\"canonical\" href=\"https:\/\/outsiderland.com\/danahilliot\/dialogue-pour-lemploi\/\" \/>\n<meta property=\"og:locale\" content=\"fr_FR\" \/>\n<meta property=\"og:type\" content=\"article\" \/>\n<meta property=\"og:title\" content=\"Dialogue pour l&#039;emploi - Outside Dana Hilliot\" \/>\n<meta property=\"og:description\" content=\"J&rsquo;ai d\u00e9cid\u00e9 d&rsquo;\u00eatre honn\u00eate avec vous. Honn\u00eate. Je suppose que je devrais m&rsquo;en r\u00e9jouir ? Pas forc\u00e9ment. R\u00e9fl\u00e9chissez un instant. Si je place ce rendez-vous sous le signe de l&rsquo;honn\u00eatet\u00e9, Alors qu&rsquo;en est-il des derni\u00e8res fois ? Les derni\u00e8res fois, vous \u00e9tiez malhonn\u00eate. Malhonn\u00eate, je n&rsquo;irai pas jusque l\u00e0. Je n&rsquo;\u00e9tais pas honn\u00eate, pas vraiment.&hellip;\" \/>\n<meta property=\"og:url\" content=\"https:\/\/outsiderland.com\/danahilliot\/dialogue-pour-lemploi\/\" \/>\n<meta property=\"og:site_name\" content=\"Outside Dana Hilliot\" \/>\n<meta property=\"article:modified_time\" content=\"2025-10-12T09:46:09+00:00\" \/>\n<meta name=\"twitter:card\" content=\"summary_large_image\" \/>\n<meta name=\"twitter:label1\" content=\"Dur\u00e9e de lecture estim\u00e9e\" \/>\n\t<meta name=\"twitter:data1\" content=\"9 minutes\" \/>\n<script type=\"application\/ld+json\" class=\"yoast-schema-graph\">{\"@context\":\"https:\/\/schema.org\",\"@graph\":[{\"@type\":\"WebPage\",\"@id\":\"https:\/\/outsiderland.com\/danahilliot\/dialogue-pour-lemploi\/\",\"url\":\"https:\/\/outsiderland.com\/danahilliot\/dialogue-pour-lemploi\/\",\"name\":\"Dialogue pour l'emploi - Outside Dana Hilliot\",\"isPartOf\":{\"@id\":\"https:\/\/outsiderland.com\/danahilliot\/#website\"},\"datePublished\":\"2018-10-07T21:59:38+00:00\",\"dateModified\":\"2025-10-12T09:46:09+00:00\",\"breadcrumb\":{\"@id\":\"https:\/\/outsiderland.com\/danahilliot\/dialogue-pour-lemploi\/#breadcrumb\"},\"inLanguage\":\"fr-FR\",\"potentialAction\":[{\"@type\":\"ReadAction\",\"target\":[\"https:\/\/outsiderland.com\/danahilliot\/dialogue-pour-lemploi\/\"]}]},{\"@type\":\"BreadcrumbList\",\"@id\":\"https:\/\/outsiderland.com\/danahilliot\/dialogue-pour-lemploi\/#breadcrumb\",\"itemListElement\":[{\"@type\":\"ListItem\",\"position\":1,\"name\":\"Accueil\",\"item\":\"https:\/\/outsiderland.com\/danahilliot\/\"},{\"@type\":\"ListItem\",\"position\":2,\"name\":\"Dialogue pour l&#8217;emploi\"}]},{\"@type\":\"WebSite\",\"@id\":\"https:\/\/outsiderland.com\/danahilliot\/#website\",\"url\":\"https:\/\/outsiderland.com\/danahilliot\/\",\"name\":\"Outside Dana Hilliot\",\"description\":\". Archives . Activit\u00e9s . Projets .\",\"publisher\":{\"@id\":\"https:\/\/outsiderland.com\/danahilliot\/#\/schema\/person\/201a1fef0f5c2897bd65e98bcf6b1179\"},\"potentialAction\":[{\"@type\":\"SearchAction\",\"target\":{\"@type\":\"EntryPoint\",\"urlTemplate\":\"https:\/\/outsiderland.com\/danahilliot\/?s={search_term_string}\"},\"query-input\":{\"@type\":\"PropertyValueSpecification\",\"valueRequired\":true,\"valueName\":\"search_term_string\"}}],\"inLanguage\":\"fr-FR\"},{\"@type\":[\"Person\",\"Organization\"],\"@id\":\"https:\/\/outsiderland.com\/danahilliot\/#\/schema\/person\/201a1fef0f5c2897bd65e98bcf6b1179\",\"name\":\"danahilliot\",\"image\":{\"@type\":\"ImageObject\",\"inLanguage\":\"fr-FR\",\"@id\":\"https:\/\/outsiderland.com\/danahilliot\/#\/schema\/person\/image\/\",\"url\":\"https:\/\/outsiderland.com\/danahilliot\/wp-content\/uploads\/2026\/02\/50801449407_a909f2c1ad_k.jpg\",\"contentUrl\":\"https:\/\/outsiderland.com\/danahilliot\/wp-content\/uploads\/2026\/02\/50801449407_a909f2c1ad_k.jpg\",\"width\":2048,\"height\":1536,\"caption\":\"danahilliot\"},\"logo\":{\"@id\":\"https:\/\/outsiderland.com\/danahilliot\/#\/schema\/person\/image\/\"}}]}<\/script>\n<!-- \/ Yoast SEO plugin. -->","yoast_head_json":{"title":"Dialogue pour l'emploi - Outside Dana Hilliot","robots":{"index":"index","follow":"follow","max-snippet":"max-snippet:-1","max-image-preview":"max-image-preview:large","max-video-preview":"max-video-preview:-1"},"canonical":"https:\/\/outsiderland.com\/danahilliot\/dialogue-pour-lemploi\/","og_locale":"fr_FR","og_type":"article","og_title":"Dialogue pour l'emploi - Outside Dana Hilliot","og_description":"J&rsquo;ai d\u00e9cid\u00e9 d&rsquo;\u00eatre honn\u00eate avec vous. Honn\u00eate. Je suppose que je devrais m&rsquo;en r\u00e9jouir ? Pas forc\u00e9ment. R\u00e9fl\u00e9chissez un instant. Si je place ce rendez-vous sous le signe de l&rsquo;honn\u00eatet\u00e9, Alors qu&rsquo;en est-il des derni\u00e8res fois ? Les derni\u00e8res fois, vous \u00e9tiez malhonn\u00eate. Malhonn\u00eate, je n&rsquo;irai pas jusque l\u00e0. Je n&rsquo;\u00e9tais pas honn\u00eate, pas vraiment.&hellip;","og_url":"https:\/\/outsiderland.com\/danahilliot\/dialogue-pour-lemploi\/","og_site_name":"Outside Dana Hilliot","article_modified_time":"2025-10-12T09:46:09+00:00","twitter_card":"summary_large_image","twitter_misc":{"Dur\u00e9e de lecture estim\u00e9e":"9 minutes"},"schema":{"@context":"https:\/\/schema.org","@graph":[{"@type":"WebPage","@id":"https:\/\/outsiderland.com\/danahilliot\/dialogue-pour-lemploi\/","url":"https:\/\/outsiderland.com\/danahilliot\/dialogue-pour-lemploi\/","name":"Dialogue pour l'emploi - Outside Dana Hilliot","isPartOf":{"@id":"https:\/\/outsiderland.com\/danahilliot\/#website"},"datePublished":"2018-10-07T21:59:38+00:00","dateModified":"2025-10-12T09:46:09+00:00","breadcrumb":{"@id":"https:\/\/outsiderland.com\/danahilliot\/dialogue-pour-lemploi\/#breadcrumb"},"inLanguage":"fr-FR","potentialAction":[{"@type":"ReadAction","target":["https:\/\/outsiderland.com\/danahilliot\/dialogue-pour-lemploi\/"]}]},{"@type":"BreadcrumbList","@id":"https:\/\/outsiderland.com\/danahilliot\/dialogue-pour-lemploi\/#breadcrumb","itemListElement":[{"@type":"ListItem","position":1,"name":"Accueil","item":"https:\/\/outsiderland.com\/danahilliot\/"},{"@type":"ListItem","position":2,"name":"Dialogue pour l&#8217;emploi"}]},{"@type":"WebSite","@id":"https:\/\/outsiderland.com\/danahilliot\/#website","url":"https:\/\/outsiderland.com\/danahilliot\/","name":"Outside Dana Hilliot","description":". Archives . Activit\u00e9s . Projets .","publisher":{"@id":"https:\/\/outsiderland.com\/danahilliot\/#\/schema\/person\/201a1fef0f5c2897bd65e98bcf6b1179"},"potentialAction":[{"@type":"SearchAction","target":{"@type":"EntryPoint","urlTemplate":"https:\/\/outsiderland.com\/danahilliot\/?s={search_term_string}"},"query-input":{"@type":"PropertyValueSpecification","valueRequired":true,"valueName":"search_term_string"}}],"inLanguage":"fr-FR"},{"@type":["Person","Organization"],"@id":"https:\/\/outsiderland.com\/danahilliot\/#\/schema\/person\/201a1fef0f5c2897bd65e98bcf6b1179","name":"danahilliot","image":{"@type":"ImageObject","inLanguage":"fr-FR","@id":"https:\/\/outsiderland.com\/danahilliot\/#\/schema\/person\/image\/","url":"https:\/\/outsiderland.com\/danahilliot\/wp-content\/uploads\/2026\/02\/50801449407_a909f2c1ad_k.jpg","contentUrl":"https:\/\/outsiderland.com\/danahilliot\/wp-content\/uploads\/2026\/02\/50801449407_a909f2c1ad_k.jpg","width":2048,"height":1536,"caption":"danahilliot"},"logo":{"@id":"https:\/\/outsiderland.com\/danahilliot\/#\/schema\/person\/image\/"}}]}},"_links":{"self":[{"href":"https:\/\/outsiderland.com\/danahilliot\/wp-json\/wp\/v2\/pages\/2578","targetHints":{"allow":["GET"]}}],"collection":[{"href":"https:\/\/outsiderland.com\/danahilliot\/wp-json\/wp\/v2\/pages"}],"about":[{"href":"https:\/\/outsiderland.com\/danahilliot\/wp-json\/wp\/v2\/types\/page"}],"author":[{"embeddable":true,"href":"https:\/\/outsiderland.com\/danahilliot\/wp-json\/wp\/v2\/users\/1"}],"replies":[{"embeddable":true,"href":"https:\/\/outsiderland.com\/danahilliot\/wp-json\/wp\/v2\/comments?post=2578"}],"version-history":[{"count":1,"href":"https:\/\/outsiderland.com\/danahilliot\/wp-json\/wp\/v2\/pages\/2578\/revisions"}],"predecessor-version":[{"id":2579,"href":"https:\/\/outsiderland.com\/danahilliot\/wp-json\/wp\/v2\/pages\/2578\/revisions\/2579"}],"wp:attachment":[{"href":"https:\/\/outsiderland.com\/danahilliot\/wp-json\/wp\/v2\/media?parent=2578"}],"wp:term":[{"taxonomy":"category","embeddable":true,"href":"https:\/\/outsiderland.com\/danahilliot\/wp-json\/wp\/v2\/categories?post=2578"},{"taxonomy":"post_tag","embeddable":true,"href":"https:\/\/outsiderland.com\/danahilliot\/wp-json\/wp\/v2\/tags?post=2578"}],"curies":[{"name":"wp","href":"https:\/\/api.w.org\/{rel}","templated":true}]}}