{"id":2524,"date":"2018-10-05T18:49:38","date_gmt":"2018-10-05T18:49:38","guid":{"rendered":"https:\/\/outsiderland.com\/danahilliot\/?page_id=2524"},"modified":"2018-10-29T17:15:28","modified_gmt":"2018-10-29T17:15:28","slug":"paysages-avec-animaux","status":"publish","type":"page","link":"https:\/\/outsiderland.com\/danahilliot\/paysages-avec-animaux\/","title":{"rendered":"*PAYSAGES AVEC ANIMAUX*"},"content":{"rendered":"<p>Extrait du volume <em>Vivre Ici. Chroniques de l&rsquo;arri\u00e8re-pays<\/em>, un recueil de textes consacr\u00e9s aux paysages de la Haute-Plan\u00e8ze cantalienne, avec pas mal d&rsquo;animaux dedans. On peut se le procurer en version papier <a href=\"http:\/\/www.lulu.com\/spotlight\/dana_hilliot\" target=\"_blank\" rel=\"noopener\">sur le site de Lulu.com<\/a><\/p>\n<p><img decoding=\"async\" class=\"alignnone size-medium wp-image-2691\" src=\"https:\/\/outsiderland.com\/danahilliot\/wp-content\/uploads\/2018\/10\/COUVERTURE-PAYSAGESAVECANIMAUX-page001-205x300.png\" alt=\"\" width=\"205\" height=\"300\" srcset=\"https:\/\/outsiderland.com\/danahilliot\/wp-content\/uploads\/2018\/10\/COUVERTURE-PAYSAGESAVECANIMAUX-page001-205x300.png 205w, https:\/\/outsiderland.com\/danahilliot\/wp-content\/uploads\/2018\/10\/COUVERTURE-PAYSAGESAVECANIMAUX-page001-768x1125.png 768w, https:\/\/outsiderland.com\/danahilliot\/wp-content\/uploads\/2018\/10\/COUVERTURE-PAYSAGESAVECANIMAUX-page001-699x1024.png 699w, https:\/\/outsiderland.com\/danahilliot\/wp-content\/uploads\/2018\/10\/COUVERTURE-PAYSAGESAVECANIMAUX-page001-590x865.png 590w, https:\/\/outsiderland.com\/danahilliot\/wp-content\/uploads\/2018\/10\/COUVERTURE-PAYSAGESAVECANIMAUX-page001.png 868w\" sizes=\"(max-width: 205px) 100vw, 205px\" \/><\/p>\n","protected":false},"excerpt":{"rendered":"<p>Extrait du volume Vivre Ici. Chroniques de l&rsquo;arri\u00e8re-pays, un recueil de textes consacr\u00e9s aux paysages de la Haute-Plan\u00e8ze cantalienne, avec pas mal d&rsquo;animaux dedans. On peut se le procurer en version papier sur le site de Lulu.com<\/p>\n <a href=\"https:\/\/outsiderland.com\/danahilliot\/paysages-avec-animaux\/\" title=\"*PAYSAGES AVEC ANIMAUX*\" class=\"entry-more-link\"><span>Read More<\/span> <span class=\"screen-reader-text\">*PAYSAGES AVEC ANIMAUX*<\/span><\/a>","protected":false},"author":1,"featured_media":0,"parent":0,"menu_order":0,"comment_status":"closed","ping_status":"closed","template":"","meta":{"Layout":"","footnotes":""},"categories":[],"tags":[],"class_list":["entry","author-danah","post-2524","page","type-page","status-publish"],"yoast_head":"<!-- This site is optimized with the Yoast SEO plugin v27.0 - https:\/\/yoast.com\/product\/yoast-seo-wordpress\/ -->\n<title>*PAYSAGES AVEC ANIMAUX* - Outside Dana Hilliot<\/title>\n<meta name=\"robots\" content=\"index, follow, max-snippet:-1, max-image-preview:large, max-video-preview:-1\" \/>\n<link rel=\"canonical\" href=\"https:\/\/outsiderland.com\/danahilliot\/paysages-avec-animaux\/\" \/>\n<meta property=\"og:locale\" content=\"fr_FR\" \/>\n<meta property=\"og:type\" content=\"article\" \/>\n<meta property=\"og:title\" content=\"*PAYSAGES AVEC ANIMAUX* - Outside Dana Hilliot\" \/>\n<meta property=\"og:description\" content=\"Extrait du volume Vivre Ici. Chroniques de l&rsquo;arri\u00e8re-pays, un recueil de textes consacr\u00e9s aux paysages de la Haute-Plan\u00e8ze cantalienne, avec pas mal d&rsquo;animaux dedans. On peut se le procurer en version papier sur le site de Lulu.com\" \/>\n<meta property=\"og:url\" content=\"https:\/\/outsiderland.com\/danahilliot\/paysages-avec-animaux\/\" \/>\n<meta property=\"og:site_name\" content=\"Outside Dana Hilliot\" \/>\n<meta property=\"article:modified_time\" content=\"2018-10-29T17:15:28+00:00\" \/>\n<meta property=\"og:image\" content=\"https:\/\/outsiderland.com\/danahilliot\/wp-content\/uploads\/2018\/10\/COUVERTURE-PAYSAGESAVECANIMAUX-page001.png\" \/>\n\t<meta property=\"og:image:width\" content=\"868\" \/>\n\t<meta property=\"og:image:height\" content=\"1272\" \/>\n\t<meta property=\"og:image:type\" content=\"image\/png\" \/>\n<meta name=\"twitter:card\" content=\"summary_large_image\" \/>\n<script type=\"application\/ld+json\" class=\"yoast-schema-graph\">{\"@context\":\"https:\/\/schema.org\",\"@graph\":[{\"@type\":\"WebPage\",\"@id\":\"https:\/\/outsiderland.com\/danahilliot\/paysages-avec-animaux\/\",\"url\":\"https:\/\/outsiderland.com\/danahilliot\/paysages-avec-animaux\/\",\"name\":\"*PAYSAGES AVEC ANIMAUX* - Outside Dana Hilliot\",\"isPartOf\":{\"@id\":\"https:\/\/outsiderland.com\/danahilliot\/#website\"},\"primaryImageOfPage\":{\"@id\":\"https:\/\/outsiderland.com\/danahilliot\/paysages-avec-animaux\/#primaryimage\"},\"image\":{\"@id\":\"https:\/\/outsiderland.com\/danahilliot\/paysages-avec-animaux\/#primaryimage\"},\"thumbnailUrl\":\"https:\/\/outsiderland.com\/danahilliot\/wp-content\/uploads\/2018\/10\/COUVERTURE-PAYSAGESAVECANIMAUX-page001-205x300.png\",\"datePublished\":\"2018-10-05T18:49:38+00:00\",\"dateModified\":\"2018-10-29T17:15:28+00:00\",\"breadcrumb\":{\"@id\":\"https:\/\/outsiderland.com\/danahilliot\/paysages-avec-animaux\/#breadcrumb\"},\"inLanguage\":\"fr-FR\",\"potentialAction\":[{\"@type\":\"ReadAction\",\"target\":[\"https:\/\/outsiderland.com\/danahilliot\/paysages-avec-animaux\/\"]}]},{\"@type\":\"ImageObject\",\"inLanguage\":\"fr-FR\",\"@id\":\"https:\/\/outsiderland.com\/danahilliot\/paysages-avec-animaux\/#primaryimage\",\"url\":\"https:\/\/outsiderland.com\/danahilliot\/wp-content\/uploads\/2018\/10\/COUVERTURE-PAYSAGESAVECANIMAUX-page001.png\",\"contentUrl\":\"https:\/\/outsiderland.com\/danahilliot\/wp-content\/uploads\/2018\/10\/COUVERTURE-PAYSAGESAVECANIMAUX-page001.png\",\"width\":868,\"height\":1272},{\"@type\":\"BreadcrumbList\",\"@id\":\"https:\/\/outsiderland.com\/danahilliot\/paysages-avec-animaux\/#breadcrumb\",\"itemListElement\":[{\"@type\":\"ListItem\",\"position\":1,\"name\":\"Accueil\",\"item\":\"https:\/\/outsiderland.com\/danahilliot\/\"},{\"@type\":\"ListItem\",\"position\":2,\"name\":\"*PAYSAGES AVEC ANIMAUX*\"}]},{\"@type\":\"WebSite\",\"@id\":\"https:\/\/outsiderland.com\/danahilliot\/#website\",\"url\":\"https:\/\/outsiderland.com\/danahilliot\/\",\"name\":\"Outside Dana Hilliot\",\"description\":\". Archives . Activit\u00e9s . Projets .\",\"publisher\":{\"@id\":\"https:\/\/outsiderland.com\/danahilliot\/#\/schema\/person\/201a1fef0f5c2897bd65e98bcf6b1179\"},\"potentialAction\":[{\"@type\":\"SearchAction\",\"target\":{\"@type\":\"EntryPoint\",\"urlTemplate\":\"https:\/\/outsiderland.com\/danahilliot\/?s={search_term_string}\"},\"query-input\":{\"@type\":\"PropertyValueSpecification\",\"valueRequired\":true,\"valueName\":\"search_term_string\"}}],\"inLanguage\":\"fr-FR\"},{\"@type\":[\"Person\",\"Organization\"],\"@id\":\"https:\/\/outsiderland.com\/danahilliot\/#\/schema\/person\/201a1fef0f5c2897bd65e98bcf6b1179\",\"name\":\"danahilliot\",\"image\":{\"@type\":\"ImageObject\",\"inLanguage\":\"fr-FR\",\"@id\":\"https:\/\/outsiderland.com\/danahilliot\/#\/schema\/person\/image\/\",\"url\":\"https:\/\/outsiderland.com\/danahilliot\/wp-content\/uploads\/2026\/02\/50801449407_a909f2c1ad_k.jpg\",\"contentUrl\":\"https:\/\/outsiderland.com\/danahilliot\/wp-content\/uploads\/2026\/02\/50801449407_a909f2c1ad_k.jpg\",\"width\":2048,\"height\":1536,\"caption\":\"danahilliot\"},\"logo\":{\"@id\":\"https:\/\/outsiderland.com\/danahilliot\/#\/schema\/person\/image\/\"}}]}<\/script>\n<!-- \/ Yoast SEO plugin. -->","yoast_head_json":{"title":"*PAYSAGES AVEC ANIMAUX* - Outside Dana Hilliot","robots":{"index":"index","follow":"follow","max-snippet":"max-snippet:-1","max-image-preview":"max-image-preview:large","max-video-preview":"max-video-preview:-1"},"canonical":"https:\/\/outsiderland.com\/danahilliot\/paysages-avec-animaux\/","og_locale":"fr_FR","og_type":"article","og_title":"*PAYSAGES AVEC ANIMAUX* - Outside Dana Hilliot","og_description":"Extrait du volume Vivre Ici. Chroniques de l&rsquo;arri\u00e8re-pays, un recueil de textes consacr\u00e9s aux paysages de la Haute-Plan\u00e8ze cantalienne, avec pas mal d&rsquo;animaux dedans. On peut se le procurer en version papier sur le site de Lulu.com","og_url":"https:\/\/outsiderland.com\/danahilliot\/paysages-avec-animaux\/","og_site_name":"Outside Dana Hilliot","article_modified_time":"2018-10-29T17:15:28+00:00","og_image":[{"width":868,"height":1272,"url":"https:\/\/outsiderland.com\/danahilliot\/wp-content\/uploads\/2018\/10\/COUVERTURE-PAYSAGESAVECANIMAUX-page001.png","type":"image\/png"}],"twitter_card":"summary_large_image","schema":{"@context":"https:\/\/schema.org","@graph":[{"@type":"WebPage","@id":"https:\/\/outsiderland.com\/danahilliot\/paysages-avec-animaux\/","url":"https:\/\/outsiderland.com\/danahilliot\/paysages-avec-animaux\/","name":"*PAYSAGES AVEC ANIMAUX* - Outside Dana Hilliot","isPartOf":{"@id":"https:\/\/outsiderland.com\/danahilliot\/#website"},"primaryImageOfPage":{"@id":"https:\/\/outsiderland.com\/danahilliot\/paysages-avec-animaux\/#primaryimage"},"image":{"@id":"https:\/\/outsiderland.com\/danahilliot\/paysages-avec-animaux\/#primaryimage"},"thumbnailUrl":"https:\/\/outsiderland.com\/danahilliot\/wp-content\/uploads\/2018\/10\/COUVERTURE-PAYSAGESAVECANIMAUX-page001-205x300.png","datePublished":"2018-10-05T18:49:38+00:00","dateModified":"2018-10-29T17:15:28+00:00","breadcrumb":{"@id":"https:\/\/outsiderland.com\/danahilliot\/paysages-avec-animaux\/#breadcrumb"},"inLanguage":"fr-FR","potentialAction":[{"@type":"ReadAction","target":["https:\/\/outsiderland.com\/danahilliot\/paysages-avec-animaux\/"]}]},{"@type":"ImageObject","inLanguage":"fr-FR","@id":"https:\/\/outsiderland.com\/danahilliot\/paysages-avec-animaux\/#primaryimage","url":"https:\/\/outsiderland.com\/danahilliot\/wp-content\/uploads\/2018\/10\/COUVERTURE-PAYSAGESAVECANIMAUX-page001.png","contentUrl":"https:\/\/outsiderland.com\/danahilliot\/wp-content\/uploads\/2018\/10\/COUVERTURE-PAYSAGESAVECANIMAUX-page001.png","width":868,"height":1272},{"@type":"BreadcrumbList","@id":"https:\/\/outsiderland.com\/danahilliot\/paysages-avec-animaux\/#breadcrumb","itemListElement":[{"@type":"ListItem","position":1,"name":"Accueil","item":"https:\/\/outsiderland.com\/danahilliot\/"},{"@type":"ListItem","position":2,"name":"*PAYSAGES AVEC ANIMAUX*"}]},{"@type":"WebSite","@id":"https:\/\/outsiderland.com\/danahilliot\/#website","url":"https:\/\/outsiderland.com\/danahilliot\/","name":"Outside Dana Hilliot","description":". Archives . Activit\u00e9s . Projets .","publisher":{"@id":"https:\/\/outsiderland.com\/danahilliot\/#\/schema\/person\/201a1fef0f5c2897bd65e98bcf6b1179"},"potentialAction":[{"@type":"SearchAction","target":{"@type":"EntryPoint","urlTemplate":"https:\/\/outsiderland.com\/danahilliot\/?s={search_term_string}"},"query-input":{"@type":"PropertyValueSpecification","valueRequired":true,"valueName":"search_term_string"}}],"inLanguage":"fr-FR"},{"@type":["Person","Organization"],"@id":"https:\/\/outsiderland.com\/danahilliot\/#\/schema\/person\/201a1fef0f5c2897bd65e98bcf6b1179","name":"danahilliot","image":{"@type":"ImageObject","inLanguage":"fr-FR","@id":"https:\/\/outsiderland.com\/danahilliot\/#\/schema\/person\/image\/","url":"https:\/\/outsiderland.com\/danahilliot\/wp-content\/uploads\/2026\/02\/50801449407_a909f2c1ad_k.jpg","contentUrl":"https:\/\/outsiderland.com\/danahilliot\/wp-content\/uploads\/2026\/02\/50801449407_a909f2c1ad_k.jpg","width":2048,"height":1536,"caption":"danahilliot"},"logo":{"@id":"https:\/\/outsiderland.com\/danahilliot\/#\/schema\/person\/image\/"}}]}},"_links":{"self":[{"href":"https:\/\/outsiderland.com\/danahilliot\/wp-json\/wp\/v2\/pages\/2524","targetHints":{"allow":["GET"]}}],"collection":[{"href":"https:\/\/outsiderland.com\/danahilliot\/wp-json\/wp\/v2\/pages"}],"about":[{"href":"https:\/\/outsiderland.com\/danahilliot\/wp-json\/wp\/v2\/types\/page"}],"author":[{"embeddable":true,"href":"https:\/\/outsiderland.com\/danahilliot\/wp-json\/wp\/v2\/users\/1"}],"replies":[{"embeddable":true,"href":"https:\/\/outsiderland.com\/danahilliot\/wp-json\/wp\/v2\/comments?post=2524"}],"version-history":[{"count":5,"href":"https:\/\/outsiderland.com\/danahilliot\/wp-json\/wp\/v2\/pages\/2524\/revisions"}],"predecessor-version":[{"id":2697,"href":"https:\/\/outsiderland.com\/danahilliot\/wp-json\/wp\/v2\/pages\/2524\/revisions\/2697"}],"wp:attachment":[{"href":"https:\/\/outsiderland.com\/danahilliot\/wp-json\/wp\/v2\/media?parent=2524"}],"wp:term":[{"taxonomy":"category","embeddable":true,"href":"https:\/\/outsiderland.com\/danahilliot\/wp-json\/wp\/v2\/categories?post=2524"},{"taxonomy":"post_tag","embeddable":true,"href":"https:\/\/outsiderland.com\/danahilliot\/wp-json\/wp\/v2\/tags?post=2524"}],"curies":[{"name":"wp","href":"https:\/\/api.w.org\/{rel}","templated":true}]}}