{"id":2517,"date":"2018-10-05T18:47:12","date_gmt":"2018-10-05T18:47:12","guid":{"rendered":"https:\/\/outsiderland.com\/danahilliot\/?page_id=2517"},"modified":"2019-04-15T21:09:58","modified_gmt":"2019-04-15T21:09:58","slug":"isaac-de-letoile-moine-cistercien-et-philosophe","status":"publish","type":"page","link":"https:\/\/outsiderland.com\/danahilliot\/isaac-de-letoile-moine-cistercien-et-philosophe\/","title":{"rendered":"*ISAAC DE L&rsquo;\u00c9TOILE moine cistercien et philosophe*"},"content":{"rendered":"<p><img decoding=\"async\" class=\"alignnone wp-image-2513 size-full\" src=\"https:\/\/outsiderland.com\/danahilliot\/wp-content\/uploads\/2018\/10\/isaac.png\" alt=\"\" width=\"481\" height=\"698\" srcset=\"https:\/\/outsiderland.com\/danahilliot\/wp-content\/uploads\/2018\/10\/isaac.png 481w, https:\/\/outsiderland.com\/danahilliot\/wp-content\/uploads\/2018\/10\/isaac-207x300.png 207w\" sizes=\"(max-width: 481px) 100vw, 481px\" \/><\/p>\n<p>Je fouille et d\u00e9couvre des textes \u00e9crits il y a longtemps. Ainsi, cette \u00e9tude que j\u2019avais publi\u00e9e dans les Collectanea Cisterciensia (revue qu\u2019on ne trouvera que dans les biblioth\u00e8ques tr\u00e8s sp\u00e9cialis\u00e9es et les monast\u00e8res cisterciens), et d\u2019autres encore, au sujet de ce moine anglais, abb\u00e9 de l\u2019\u00c9toile, abbaye sise non loin de Chauvigny, Isaac de Stella, dont les sermons connurent une certaine renomm\u00e9e en leur temps.<br \/>\nVoici un extrait de la prose d\u2019 Isaac, abb\u00e9 de l\u2019\u00c9toile, puis condamn\u00e9 \u00e0 l\u2019exil sur l\u2019\u00eele de R\u00e9 (qui n\u2019avait rien \u00e0 l\u2019\u00e9poque d\u2019un lieu de vill\u00e9giature, mais avait \u00e9t\u00e9 d\u00e9vast\u00e9e \u00e0 plusieurs reprises par les pirates et les vikings). Une superbe d\u00e9clinaison du th\u00e8me de la fuite au d\u00e9sert.<\/p>\n<blockquote><p>\u00ab Et voil\u00e0 pourquoi, mes biens-a\u00eem\u00e9s, nous vous avons conduits dans cette solitude retir\u00e9e, aride et \u00e2pre [<em>hanc semotam, aridam, et squalentem\u2026solitudinem<\/em>]. Dessein astucieux ! il vous est possible d\u2019y \u00eatre humbles, impossible d\u2019y \u00eatre riches. Oui, dans cette solitude des solitudes, perdue dans la mer, au large, n\u2019ayant presque rien de commun avec le monde [<em>hanc solitudinem solitudinum, ut in mari longe iacentem, cum orbe terrarum nihil ferme commune habentem]<\/em>, nous voulons que, priv\u00e9s de toute consolation mondaine et pour ainsi dire humaine, il y ait en vous silence complet du monde [<em>prorsus sileatis a mundo<\/em>] puisque, sauf cet \u00eelot \u00e0 l\u2019extr\u00e9mit\u00e9 des terres [<em>praeter hanc modicam insulam<\/em>], pour vous le monde n\u2019existe plus.<\/p>\n<p>O Seigneur dans mon \u00e9loignement j\u2019ai fui, dans ma fuite je me suis \u00e9loign\u00e9 au point que, vous le savez, je ne vois absolument pas d\u2019au-del\u00e0 o\u00f9 je pourrais fuir et m\u2019\u00e9loigner. Un jour, dans mon d\u00e9sir de fuite, dans ma soif de solitude1, j\u2019ai fini par aborder dans ce d\u00e9sert si vide et si lointain [<em>in hanc demum appuli eremum, vastam adeo et semotam<\/em>] : plusieurs de ceux que j\u2019appellerais les complices de cette exp\u00e9dition m\u2019ont abandonn\u00e9, un tr\u00e8s petit nombre m\u2019a suivi jusque-l\u00e0, eux aussi ont en horreur l\u2019horreur m\u00eame de la solitude [<em>quibus etiam est horrori horror ipse solitudinis<\/em>], et je l\u2019\u00e9prouve parfois, je l\u2019avoue. Il y a eu, Seigneur, rench\u00e9rissement de solitude sur la solitude, de silence sur le silence [<em>superaccrevit etiam, Domine, super solitudinem solitudo, silentium super silentium<\/em>]. Car pour \u00eatre plus habiles et plus exerc\u00e9s \u00e0 parler \u00e0 vous seul, nous sommes forc\u00e9s, bien forc\u00e9s, de garder entre nous le silence. \u00bb (S. 14, 11-12)<\/p><\/blockquote>\n<p>Il y a plus de vingt ans, j\u2019ai donc publi\u00e9 des textes sur la spiritualit\u00e9 m\u00e9di\u00e9vale ou le n\u00e9oplatonisme de l\u2019antiquit\u00e9 tardive. Et pourtant, quand je m\u2019y replonge aujourd\u2019hui, rien n\u2019a vraiment chang\u00e9. Je sens les ombres paternelles d\u2019Isaac de l\u2019\u00c9toile, de Plotin et de Jean Scot Erig\u00e8ne, p\u00e8res d\u2019adoptions, veiller sur mes cheminements.<\/p>\n<p>J\u2019ai rassembl\u00e9 ces \u00e9tudes dans un volume\u00a0 : <a href=\"http:\/\/www.lulu.com\/shop\/vincent-s%C3%A9guret\/isaac-de-letoile-ou-lexil-spirituel\/paperback\/product-23826355.html\">ISAAC DE L&rsquo;\u00c9TOILE, MOINE CISTERCIEN ET PHILOSOPHE<\/a>. On peut se le procurer sur le site d&rsquo;impression \u00e0 la demande <a href=\"http:\/\/www.lulu.com\/shop\/vincent-s%C3%A9guret\/isaac-de-letoile-ou-lexil-spirituel\/paperback\/product-23826355.html\">lulu.com<\/a>.<\/p>\n","protected":false},"excerpt":{"rendered":"<p>Je fouille et d\u00e9couvre des textes \u00e9crits il y a longtemps. Ainsi, cette \u00e9tude que j\u2019avais publi\u00e9e dans les Collectanea Cisterciensia (revue qu\u2019on ne trouvera que dans les biblioth\u00e8ques tr\u00e8s sp\u00e9cialis\u00e9es et les monast\u00e8res cisterciens), et d\u2019autres encore, au sujet de ce moine anglais, abb\u00e9 de l\u2019\u00c9toile, abbaye sise non loin de Chauvigny, Isaac de&hellip;<\/p>\n <a href=\"https:\/\/outsiderland.com\/danahilliot\/isaac-de-letoile-moine-cistercien-et-philosophe\/\" title=\"*ISAAC DE L&rsquo;\u00c9TOILE moine cistercien et philosophe*\" class=\"entry-more-link\"><span>Read More<\/span> <span class=\"screen-reader-text\">*ISAAC DE L&rsquo;\u00c9TOILE moine cistercien et philosophe*<\/span><\/a>","protected":false},"author":1,"featured_media":0,"parent":0,"menu_order":0,"comment_status":"closed","ping_status":"closed","template":"","meta":{"Layout":"","footnotes":""},"categories":[],"tags":[],"class_list":["entry","author-danah","post-2517","page","type-page","status-publish"],"yoast_head":"<!-- This site is optimized with the Yoast SEO plugin v27.0 - https:\/\/yoast.com\/product\/yoast-seo-wordpress\/ -->\n<title>*ISAAC DE L&#039;\u00c9TOILE moine cistercien et philosophe* - Outside Dana Hilliot<\/title>\n<meta name=\"robots\" content=\"index, follow, max-snippet:-1, max-image-preview:large, max-video-preview:-1\" \/>\n<link rel=\"canonical\" href=\"https:\/\/outsiderland.com\/danahilliot\/isaac-de-letoile-moine-cistercien-et-philosophe\/\" \/>\n<meta property=\"og:locale\" content=\"fr_FR\" \/>\n<meta property=\"og:type\" content=\"article\" \/>\n<meta property=\"og:title\" content=\"*ISAAC DE L&#039;\u00c9TOILE moine cistercien et philosophe* - Outside Dana Hilliot\" \/>\n<meta property=\"og:description\" content=\"Je fouille et d\u00e9couvre des textes \u00e9crits il y a longtemps. Ainsi, cette \u00e9tude que j\u2019avais publi\u00e9e dans les Collectanea Cisterciensia (revue qu\u2019on ne trouvera que dans les biblioth\u00e8ques tr\u00e8s sp\u00e9cialis\u00e9es et les monast\u00e8res cisterciens), et d\u2019autres encore, au sujet de ce moine anglais, abb\u00e9 de l\u2019\u00c9toile, abbaye sise non loin de Chauvigny, Isaac de&hellip;\" \/>\n<meta property=\"og:url\" content=\"https:\/\/outsiderland.com\/danahilliot\/isaac-de-letoile-moine-cistercien-et-philosophe\/\" \/>\n<meta property=\"og:site_name\" content=\"Outside Dana Hilliot\" \/>\n<meta property=\"article:modified_time\" content=\"2019-04-15T21:09:58+00:00\" \/>\n<meta property=\"og:image\" content=\"https:\/\/outsiderland.com\/danahilliot\/wp-content\/uploads\/2018\/10\/isaac.png\" \/>\n\t<meta property=\"og:image:width\" content=\"481\" \/>\n\t<meta property=\"og:image:height\" content=\"698\" \/>\n\t<meta property=\"og:image:type\" content=\"image\/png\" \/>\n<meta name=\"twitter:card\" content=\"summary_large_image\" \/>\n<meta name=\"twitter:label1\" content=\"Dur\u00e9e de lecture estim\u00e9e\" \/>\n\t<meta name=\"twitter:data1\" content=\"3 minutes\" \/>\n<script type=\"application\/ld+json\" class=\"yoast-schema-graph\">{\"@context\":\"https:\/\/schema.org\",\"@graph\":[{\"@type\":\"WebPage\",\"@id\":\"https:\/\/outsiderland.com\/danahilliot\/isaac-de-letoile-moine-cistercien-et-philosophe\/\",\"url\":\"https:\/\/outsiderland.com\/danahilliot\/isaac-de-letoile-moine-cistercien-et-philosophe\/\",\"name\":\"*ISAAC DE L'\u00c9TOILE moine cistercien et philosophe* - Outside Dana Hilliot\",\"isPartOf\":{\"@id\":\"https:\/\/outsiderland.com\/danahilliot\/#website\"},\"primaryImageOfPage\":{\"@id\":\"https:\/\/outsiderland.com\/danahilliot\/isaac-de-letoile-moine-cistercien-et-philosophe\/#primaryimage\"},\"image\":{\"@id\":\"https:\/\/outsiderland.com\/danahilliot\/isaac-de-letoile-moine-cistercien-et-philosophe\/#primaryimage\"},\"thumbnailUrl\":\"https:\/\/outsiderland.com\/danahilliot\/wp-content\/uploads\/2018\/10\/isaac.png\",\"datePublished\":\"2018-10-05T18:47:12+00:00\",\"dateModified\":\"2019-04-15T21:09:58+00:00\",\"breadcrumb\":{\"@id\":\"https:\/\/outsiderland.com\/danahilliot\/isaac-de-letoile-moine-cistercien-et-philosophe\/#breadcrumb\"},\"inLanguage\":\"fr-FR\",\"potentialAction\":[{\"@type\":\"ReadAction\",\"target\":[\"https:\/\/outsiderland.com\/danahilliot\/isaac-de-letoile-moine-cistercien-et-philosophe\/\"]}]},{\"@type\":\"ImageObject\",\"inLanguage\":\"fr-FR\",\"@id\":\"https:\/\/outsiderland.com\/danahilliot\/isaac-de-letoile-moine-cistercien-et-philosophe\/#primaryimage\",\"url\":\"https:\/\/outsiderland.com\/danahilliot\/wp-content\/uploads\/2018\/10\/isaac.png\",\"contentUrl\":\"https:\/\/outsiderland.com\/danahilliot\/wp-content\/uploads\/2018\/10\/isaac.png\",\"width\":481,\"height\":698},{\"@type\":\"BreadcrumbList\",\"@id\":\"https:\/\/outsiderland.com\/danahilliot\/isaac-de-letoile-moine-cistercien-et-philosophe\/#breadcrumb\",\"itemListElement\":[{\"@type\":\"ListItem\",\"position\":1,\"name\":\"Accueil\",\"item\":\"https:\/\/outsiderland.com\/danahilliot\/\"},{\"@type\":\"ListItem\",\"position\":2,\"name\":\"*ISAAC DE L&rsquo;\u00c9TOILE moine cistercien et philosophe*\"}]},{\"@type\":\"WebSite\",\"@id\":\"https:\/\/outsiderland.com\/danahilliot\/#website\",\"url\":\"https:\/\/outsiderland.com\/danahilliot\/\",\"name\":\"Outside Dana Hilliot\",\"description\":\". Archives . Activit\u00e9s . Projets .\",\"publisher\":{\"@id\":\"https:\/\/outsiderland.com\/danahilliot\/#\/schema\/person\/201a1fef0f5c2897bd65e98bcf6b1179\"},\"potentialAction\":[{\"@type\":\"SearchAction\",\"target\":{\"@type\":\"EntryPoint\",\"urlTemplate\":\"https:\/\/outsiderland.com\/danahilliot\/?s={search_term_string}\"},\"query-input\":{\"@type\":\"PropertyValueSpecification\",\"valueRequired\":true,\"valueName\":\"search_term_string\"}}],\"inLanguage\":\"fr-FR\"},{\"@type\":[\"Person\",\"Organization\"],\"@id\":\"https:\/\/outsiderland.com\/danahilliot\/#\/schema\/person\/201a1fef0f5c2897bd65e98bcf6b1179\",\"name\":\"danahilliot\",\"image\":{\"@type\":\"ImageObject\",\"inLanguage\":\"fr-FR\",\"@id\":\"https:\/\/outsiderland.com\/danahilliot\/#\/schema\/person\/image\/\",\"url\":\"https:\/\/outsiderland.com\/danahilliot\/wp-content\/uploads\/2026\/02\/50801449407_a909f2c1ad_k.jpg\",\"contentUrl\":\"https:\/\/outsiderland.com\/danahilliot\/wp-content\/uploads\/2026\/02\/50801449407_a909f2c1ad_k.jpg\",\"width\":2048,\"height\":1536,\"caption\":\"danahilliot\"},\"logo\":{\"@id\":\"https:\/\/outsiderland.com\/danahilliot\/#\/schema\/person\/image\/\"}}]}<\/script>\n<!-- \/ Yoast SEO plugin. -->","yoast_head_json":{"title":"*ISAAC DE L'\u00c9TOILE moine cistercien et philosophe* - Outside Dana Hilliot","robots":{"index":"index","follow":"follow","max-snippet":"max-snippet:-1","max-image-preview":"max-image-preview:large","max-video-preview":"max-video-preview:-1"},"canonical":"https:\/\/outsiderland.com\/danahilliot\/isaac-de-letoile-moine-cistercien-et-philosophe\/","og_locale":"fr_FR","og_type":"article","og_title":"*ISAAC DE L'\u00c9TOILE moine cistercien et philosophe* - Outside Dana Hilliot","og_description":"Je fouille et d\u00e9couvre des textes \u00e9crits il y a longtemps. Ainsi, cette \u00e9tude que j\u2019avais publi\u00e9e dans les Collectanea Cisterciensia (revue qu\u2019on ne trouvera que dans les biblioth\u00e8ques tr\u00e8s sp\u00e9cialis\u00e9es et les monast\u00e8res cisterciens), et d\u2019autres encore, au sujet de ce moine anglais, abb\u00e9 de l\u2019\u00c9toile, abbaye sise non loin de Chauvigny, Isaac de&hellip;","og_url":"https:\/\/outsiderland.com\/danahilliot\/isaac-de-letoile-moine-cistercien-et-philosophe\/","og_site_name":"Outside Dana Hilliot","article_modified_time":"2019-04-15T21:09:58+00:00","og_image":[{"width":481,"height":698,"url":"https:\/\/outsiderland.com\/danahilliot\/wp-content\/uploads\/2018\/10\/isaac.png","type":"image\/png"}],"twitter_card":"summary_large_image","twitter_misc":{"Dur\u00e9e de lecture estim\u00e9e":"3 minutes"},"schema":{"@context":"https:\/\/schema.org","@graph":[{"@type":"WebPage","@id":"https:\/\/outsiderland.com\/danahilliot\/isaac-de-letoile-moine-cistercien-et-philosophe\/","url":"https:\/\/outsiderland.com\/danahilliot\/isaac-de-letoile-moine-cistercien-et-philosophe\/","name":"*ISAAC DE L'\u00c9TOILE moine cistercien et philosophe* - Outside Dana Hilliot","isPartOf":{"@id":"https:\/\/outsiderland.com\/danahilliot\/#website"},"primaryImageOfPage":{"@id":"https:\/\/outsiderland.com\/danahilliot\/isaac-de-letoile-moine-cistercien-et-philosophe\/#primaryimage"},"image":{"@id":"https:\/\/outsiderland.com\/danahilliot\/isaac-de-letoile-moine-cistercien-et-philosophe\/#primaryimage"},"thumbnailUrl":"https:\/\/outsiderland.com\/danahilliot\/wp-content\/uploads\/2018\/10\/isaac.png","datePublished":"2018-10-05T18:47:12+00:00","dateModified":"2019-04-15T21:09:58+00:00","breadcrumb":{"@id":"https:\/\/outsiderland.com\/danahilliot\/isaac-de-letoile-moine-cistercien-et-philosophe\/#breadcrumb"},"inLanguage":"fr-FR","potentialAction":[{"@type":"ReadAction","target":["https:\/\/outsiderland.com\/danahilliot\/isaac-de-letoile-moine-cistercien-et-philosophe\/"]}]},{"@type":"ImageObject","inLanguage":"fr-FR","@id":"https:\/\/outsiderland.com\/danahilliot\/isaac-de-letoile-moine-cistercien-et-philosophe\/#primaryimage","url":"https:\/\/outsiderland.com\/danahilliot\/wp-content\/uploads\/2018\/10\/isaac.png","contentUrl":"https:\/\/outsiderland.com\/danahilliot\/wp-content\/uploads\/2018\/10\/isaac.png","width":481,"height":698},{"@type":"BreadcrumbList","@id":"https:\/\/outsiderland.com\/danahilliot\/isaac-de-letoile-moine-cistercien-et-philosophe\/#breadcrumb","itemListElement":[{"@type":"ListItem","position":1,"name":"Accueil","item":"https:\/\/outsiderland.com\/danahilliot\/"},{"@type":"ListItem","position":2,"name":"*ISAAC DE L&rsquo;\u00c9TOILE moine cistercien et philosophe*"}]},{"@type":"WebSite","@id":"https:\/\/outsiderland.com\/danahilliot\/#website","url":"https:\/\/outsiderland.com\/danahilliot\/","name":"Outside Dana Hilliot","description":". Archives . Activit\u00e9s . Projets .","publisher":{"@id":"https:\/\/outsiderland.com\/danahilliot\/#\/schema\/person\/201a1fef0f5c2897bd65e98bcf6b1179"},"potentialAction":[{"@type":"SearchAction","target":{"@type":"EntryPoint","urlTemplate":"https:\/\/outsiderland.com\/danahilliot\/?s={search_term_string}"},"query-input":{"@type":"PropertyValueSpecification","valueRequired":true,"valueName":"search_term_string"}}],"inLanguage":"fr-FR"},{"@type":["Person","Organization"],"@id":"https:\/\/outsiderland.com\/danahilliot\/#\/schema\/person\/201a1fef0f5c2897bd65e98bcf6b1179","name":"danahilliot","image":{"@type":"ImageObject","inLanguage":"fr-FR","@id":"https:\/\/outsiderland.com\/danahilliot\/#\/schema\/person\/image\/","url":"https:\/\/outsiderland.com\/danahilliot\/wp-content\/uploads\/2026\/02\/50801449407_a909f2c1ad_k.jpg","contentUrl":"https:\/\/outsiderland.com\/danahilliot\/wp-content\/uploads\/2026\/02\/50801449407_a909f2c1ad_k.jpg","width":2048,"height":1536,"caption":"danahilliot"},"logo":{"@id":"https:\/\/outsiderland.com\/danahilliot\/#\/schema\/person\/image\/"}}]}},"_links":{"self":[{"href":"https:\/\/outsiderland.com\/danahilliot\/wp-json\/wp\/v2\/pages\/2517","targetHints":{"allow":["GET"]}}],"collection":[{"href":"https:\/\/outsiderland.com\/danahilliot\/wp-json\/wp\/v2\/pages"}],"about":[{"href":"https:\/\/outsiderland.com\/danahilliot\/wp-json\/wp\/v2\/types\/page"}],"author":[{"embeddable":true,"href":"https:\/\/outsiderland.com\/danahilliot\/wp-json\/wp\/v2\/users\/1"}],"replies":[{"embeddable":true,"href":"https:\/\/outsiderland.com\/danahilliot\/wp-json\/wp\/v2\/comments?post=2517"}],"version-history":[{"count":5,"href":"https:\/\/outsiderland.com\/danahilliot\/wp-json\/wp\/v2\/pages\/2517\/revisions"}],"predecessor-version":[{"id":2754,"href":"https:\/\/outsiderland.com\/danahilliot\/wp-json\/wp\/v2\/pages\/2517\/revisions\/2754"}],"wp:attachment":[{"href":"https:\/\/outsiderland.com\/danahilliot\/wp-json\/wp\/v2\/media?parent=2517"}],"wp:term":[{"taxonomy":"category","embeddable":true,"href":"https:\/\/outsiderland.com\/danahilliot\/wp-json\/wp\/v2\/categories?post=2517"},{"taxonomy":"post_tag","embeddable":true,"href":"https:\/\/outsiderland.com\/danahilliot\/wp-json\/wp\/v2\/tags?post=2517"}],"curies":[{"name":"wp","href":"https:\/\/api.w.org\/{rel}","templated":true}]}}