{"id":2,"date":"2018-10-04T09:11:26","date_gmt":"2018-10-04T09:11:26","guid":{"rendered":"https:\/\/outsiderland.com\/danahilliot\/?page_id=2"},"modified":"2025-10-12T09:46:09","modified_gmt":"2025-10-12T09:46:09","slug":"sample-page","status":"publish","type":"page","link":"https:\/\/outsiderland.com\/danahilliot\/sample-page\/","title":{"rendered":"10 ares"},"content":{"rendered":"<p>Capou et moi apprenons la propri\u00e9t\u00e9. Je me l\u00e8ve, il est 8h30, j\u2019ouvre la porte-fen\u00eatre qui donne sur le jardin et demeure sur la terrasse en ciment quelques minutes. Je regarde mes terres. Mes terres s\u2019\u00e9tendent sur environ 1000 m\u00e8tres carr\u00e9, c\u2019est-\u00e0-dire 10 ares, principalement au sud et \u00e0 l\u2019ouest de la maison. Au sud, le terrain est d\u00e9limit\u00e9 par une haie de fr\u00eanes et d\u2019autres arbustes. \u00c0 l\u2019ouest, par une cl\u00f4ture bordant un pr\u00e9 \u00e0 vaches. La cl\u00f4ture ne tient plus que par quelques piquets gorg\u00e9s d\u2019eau, le fil barbel\u00e9 pendouille \u00e0 plusieurs endroits.<\/p>\n<p>De l\u2019autre c\u00f4t\u00e9 de la haie, au sud donc, il y a un grand chemin de terre, qui m\u00e8ne \u00e0 la ferme et par o\u00f9 on peut rejoindre \u00e0 pied le village non loin (compter dix minutes de marche). Un autre chemin file vers le sud, c\u2019est un chemin qui conduit \u00e0 d\u2019autres pr\u00e9s, c\u2019est une impasse si l\u2019on veut, mais j\u2019ai d\u00e9j\u00e0 franchi les cl\u00f4tures et gagn\u00e9 d\u2019autres chemins encore plus au sud, ce n\u2019est donc pas tout \u00e0 fait une impasse, ce n\u2019est m\u00eame pas du tout une impasse quand on sait franchir une cl\u00f4ture en barbel\u00e9.<\/p>\n<p>Capou fait ses affaires autour du jardin. Il en arpente soigneusement les angles, les lignes de fuite. Il voit des choses, il sent des choses, des vertex, des courbes et des droites, signifiantes, que nous ne voyons pas ni ne sentons.<\/p>\n<p>Puis, quand il a fini son travail d\u2019arpentage, apr\u00e8s qu\u2019il ait laiss\u00e9 ses marques aux endroits pertinents, il s\u2019assoit sur la terre nue, en plein milieu du jardin, et aboie, puis demeure tout simplement l\u00e0, faisant acte de pr\u00e9sence, actant qu\u2019il est le prince des lieux. J\u2019aimerais faire pareil mais la terre est assez collante et je risquerais de salir le derri\u00e8re de mon pantalon donc je m\u2019abstiens.<\/p>\n<p>Au printemps, c\u2019est-\u00e0-dire, comme nous sommes \u00e0 plus de mille m\u00e8tres d\u2019altitude, au mois de mai, je m\u2019occuperai de faire pousser des choses. L\u2019emplacement d\u00e9di\u00e9 au potager est d\u00e9j\u00e0 pr\u00eat, la terre est retourn\u00e9e, j\u2019ai \u00f4t\u00e9 les cailloux, la terre semble en repos mais \u00e7a doit s\u2019activer par en dessous. La pelouse, un rectangle modeste de pelouse, a d\u00e9j\u00e0 commenc\u00e9 \u00e0 pousser, et bien que la neige et le gel l\u2019aient d\u00e9j\u00e0 recouverte, elle survit \u00e0 l\u2019hiver sans trop de peine. Pour le reste, quelques arbustes creusent la terre je suppose avec leurs racines, s\u2019\u00e9tendant par en dessous pour mieux se d\u00e9ployer au dehors quand viendront les beaux jours, et de la prairie prend d\u00e9j\u00e0 ses aises, une prairie d\u2019ici, une prairie fleurie, pas besoin d\u2019en rajouter donc.<\/p>\n<p>J\u2019ignore si ce genre de pens\u00e9es vient aux propri\u00e9taires, je l\u2019ignore \u00e9tant donn\u00e9 que je ne suis propri\u00e9taire que pour la premi\u00e8re fois, encore que, comme me l\u2019a rappel\u00e9 au t\u00e9l\u00e9phone la pr\u00e9pos\u00e9e au contrat d\u2019\u00e9lectricit\u00e9, vous n\u2019\u00eates en d\u00e9finitive qu\u2019un occupant \u00e0 titre gracieux, a-t-elle dit gracieux ou gratuit ? Qu\u2019importe.<\/p>\n","protected":false},"excerpt":{"rendered":"<p>Capou et moi apprenons la propri\u00e9t\u00e9. Je me l\u00e8ve, il est 8h30, j\u2019ouvre la porte-fen\u00eatre qui donne sur le jardin et demeure sur la terrasse en ciment quelques minutes. Je regarde mes terres. Mes terres s\u2019\u00e9tendent sur environ 1000 m\u00e8tres carr\u00e9, c\u2019est-\u00e0-dire 10 ares, principalement au sud et \u00e0 l\u2019ouest de la maison. Au sud,&hellip;<\/p>\n <a href=\"https:\/\/outsiderland.com\/danahilliot\/sample-page\/\" title=\"10 ares\" class=\"entry-more-link\"><span>Read More<\/span> <span class=\"screen-reader-text\">10 ares<\/span><\/a>","protected":false},"author":1,"featured_media":0,"parent":0,"menu_order":0,"comment_status":"closed","ping_status":"open","template":"","meta":{"Layout":"","footnotes":""},"categories":[120],"tags":[126],"class_list":["entry","author-danah","post-2","page","type-page","status-publish","category-observation","tag-observation"],"yoast_head":"<!-- This site is optimized with the Yoast SEO plugin v27.0 - https:\/\/yoast.com\/product\/yoast-seo-wordpress\/ -->\n<title>10 ares - Outside Dana Hilliot<\/title>\n<meta name=\"description\" content=\"observation\" \/>\n<meta name=\"robots\" content=\"index, follow, max-snippet:-1, max-image-preview:large, max-video-preview:-1\" \/>\n<link rel=\"canonical\" href=\"https:\/\/outsiderland.com\/danahilliot\/sample-page\/\" \/>\n<meta property=\"og:locale\" content=\"fr_FR\" \/>\n<meta property=\"og:type\" content=\"article\" \/>\n<meta property=\"og:title\" content=\"10 ares - Outside Dana Hilliot\" \/>\n<meta property=\"og:description\" content=\"observation\" \/>\n<meta property=\"og:url\" content=\"https:\/\/outsiderland.com\/danahilliot\/sample-page\/\" \/>\n<meta property=\"og:site_name\" content=\"Outside Dana Hilliot\" \/>\n<meta property=\"article:modified_time\" content=\"2025-10-12T09:46:09+00:00\" \/>\n<meta name=\"twitter:card\" content=\"summary_large_image\" \/>\n<meta name=\"twitter:label1\" content=\"Dur\u00e9e de lecture estim\u00e9e\" \/>\n\t<meta name=\"twitter:data1\" content=\"3 minutes\" \/>\n<script type=\"application\/ld+json\" class=\"yoast-schema-graph\">{\"@context\":\"https:\/\/schema.org\",\"@graph\":[{\"@type\":\"WebPage\",\"@id\":\"https:\/\/outsiderland.com\/danahilliot\/sample-page\/\",\"url\":\"https:\/\/outsiderland.com\/danahilliot\/sample-page\/\",\"name\":\"10 ares - Outside Dana Hilliot\",\"isPartOf\":{\"@id\":\"https:\/\/outsiderland.com\/danahilliot\/#website\"},\"datePublished\":\"2018-10-04T09:11:26+00:00\",\"dateModified\":\"2025-10-12T09:46:09+00:00\",\"description\":\"observation\",\"breadcrumb\":{\"@id\":\"https:\/\/outsiderland.com\/danahilliot\/sample-page\/#breadcrumb\"},\"inLanguage\":\"fr-FR\",\"potentialAction\":[{\"@type\":\"ReadAction\",\"target\":[\"https:\/\/outsiderland.com\/danahilliot\/sample-page\/\"]}]},{\"@type\":\"BreadcrumbList\",\"@id\":\"https:\/\/outsiderland.com\/danahilliot\/sample-page\/#breadcrumb\",\"itemListElement\":[{\"@type\":\"ListItem\",\"position\":1,\"name\":\"Accueil\",\"item\":\"https:\/\/outsiderland.com\/danahilliot\/\"},{\"@type\":\"ListItem\",\"position\":2,\"name\":\"10 ares\"}]},{\"@type\":\"WebSite\",\"@id\":\"https:\/\/outsiderland.com\/danahilliot\/#website\",\"url\":\"https:\/\/outsiderland.com\/danahilliot\/\",\"name\":\"Outside Dana Hilliot\",\"description\":\". Archives . Activit\u00e9s . Projets .\",\"publisher\":{\"@id\":\"https:\/\/outsiderland.com\/danahilliot\/#\/schema\/person\/201a1fef0f5c2897bd65e98bcf6b1179\"},\"potentialAction\":[{\"@type\":\"SearchAction\",\"target\":{\"@type\":\"EntryPoint\",\"urlTemplate\":\"https:\/\/outsiderland.com\/danahilliot\/?s={search_term_string}\"},\"query-input\":{\"@type\":\"PropertyValueSpecification\",\"valueRequired\":true,\"valueName\":\"search_term_string\"}}],\"inLanguage\":\"fr-FR\"},{\"@type\":[\"Person\",\"Organization\"],\"@id\":\"https:\/\/outsiderland.com\/danahilliot\/#\/schema\/person\/201a1fef0f5c2897bd65e98bcf6b1179\",\"name\":\"danahilliot\",\"image\":{\"@type\":\"ImageObject\",\"inLanguage\":\"fr-FR\",\"@id\":\"https:\/\/outsiderland.com\/danahilliot\/#\/schema\/person\/image\/\",\"url\":\"https:\/\/outsiderland.com\/danahilliot\/wp-content\/uploads\/2026\/02\/50801449407_a909f2c1ad_k.jpg\",\"contentUrl\":\"https:\/\/outsiderland.com\/danahilliot\/wp-content\/uploads\/2026\/02\/50801449407_a909f2c1ad_k.jpg\",\"width\":2048,\"height\":1536,\"caption\":\"danahilliot\"},\"logo\":{\"@id\":\"https:\/\/outsiderland.com\/danahilliot\/#\/schema\/person\/image\/\"}}]}<\/script>\n<!-- \/ Yoast SEO plugin. -->","yoast_head_json":{"title":"10 ares - Outside Dana Hilliot","description":"observation","robots":{"index":"index","follow":"follow","max-snippet":"max-snippet:-1","max-image-preview":"max-image-preview:large","max-video-preview":"max-video-preview:-1"},"canonical":"https:\/\/outsiderland.com\/danahilliot\/sample-page\/","og_locale":"fr_FR","og_type":"article","og_title":"10 ares - Outside Dana Hilliot","og_description":"observation","og_url":"https:\/\/outsiderland.com\/danahilliot\/sample-page\/","og_site_name":"Outside Dana Hilliot","article_modified_time":"2025-10-12T09:46:09+00:00","twitter_card":"summary_large_image","twitter_misc":{"Dur\u00e9e de lecture estim\u00e9e":"3 minutes"},"schema":{"@context":"https:\/\/schema.org","@graph":[{"@type":"WebPage","@id":"https:\/\/outsiderland.com\/danahilliot\/sample-page\/","url":"https:\/\/outsiderland.com\/danahilliot\/sample-page\/","name":"10 ares - Outside Dana Hilliot","isPartOf":{"@id":"https:\/\/outsiderland.com\/danahilliot\/#website"},"datePublished":"2018-10-04T09:11:26+00:00","dateModified":"2025-10-12T09:46:09+00:00","description":"observation","breadcrumb":{"@id":"https:\/\/outsiderland.com\/danahilliot\/sample-page\/#breadcrumb"},"inLanguage":"fr-FR","potentialAction":[{"@type":"ReadAction","target":["https:\/\/outsiderland.com\/danahilliot\/sample-page\/"]}]},{"@type":"BreadcrumbList","@id":"https:\/\/outsiderland.com\/danahilliot\/sample-page\/#breadcrumb","itemListElement":[{"@type":"ListItem","position":1,"name":"Accueil","item":"https:\/\/outsiderland.com\/danahilliot\/"},{"@type":"ListItem","position":2,"name":"10 ares"}]},{"@type":"WebSite","@id":"https:\/\/outsiderland.com\/danahilliot\/#website","url":"https:\/\/outsiderland.com\/danahilliot\/","name":"Outside Dana Hilliot","description":". Archives . Activit\u00e9s . Projets .","publisher":{"@id":"https:\/\/outsiderland.com\/danahilliot\/#\/schema\/person\/201a1fef0f5c2897bd65e98bcf6b1179"},"potentialAction":[{"@type":"SearchAction","target":{"@type":"EntryPoint","urlTemplate":"https:\/\/outsiderland.com\/danahilliot\/?s={search_term_string}"},"query-input":{"@type":"PropertyValueSpecification","valueRequired":true,"valueName":"search_term_string"}}],"inLanguage":"fr-FR"},{"@type":["Person","Organization"],"@id":"https:\/\/outsiderland.com\/danahilliot\/#\/schema\/person\/201a1fef0f5c2897bd65e98bcf6b1179","name":"danahilliot","image":{"@type":"ImageObject","inLanguage":"fr-FR","@id":"https:\/\/outsiderland.com\/danahilliot\/#\/schema\/person\/image\/","url":"https:\/\/outsiderland.com\/danahilliot\/wp-content\/uploads\/2026\/02\/50801449407_a909f2c1ad_k.jpg","contentUrl":"https:\/\/outsiderland.com\/danahilliot\/wp-content\/uploads\/2026\/02\/50801449407_a909f2c1ad_k.jpg","width":2048,"height":1536,"caption":"danahilliot"},"logo":{"@id":"https:\/\/outsiderland.com\/danahilliot\/#\/schema\/person\/image\/"}}]}},"_links":{"self":[{"href":"https:\/\/outsiderland.com\/danahilliot\/wp-json\/wp\/v2\/pages\/2","targetHints":{"allow":["GET"]}}],"collection":[{"href":"https:\/\/outsiderland.com\/danahilliot\/wp-json\/wp\/v2\/pages"}],"about":[{"href":"https:\/\/outsiderland.com\/danahilliot\/wp-json\/wp\/v2\/types\/page"}],"author":[{"embeddable":true,"href":"https:\/\/outsiderland.com\/danahilliot\/wp-json\/wp\/v2\/users\/1"}],"replies":[{"embeddable":true,"href":"https:\/\/outsiderland.com\/danahilliot\/wp-json\/wp\/v2\/comments?post=2"}],"version-history":[{"count":1,"href":"https:\/\/outsiderland.com\/danahilliot\/wp-json\/wp\/v2\/pages\/2\/revisions"}],"predecessor-version":[{"id":5,"href":"https:\/\/outsiderland.com\/danahilliot\/wp-json\/wp\/v2\/pages\/2\/revisions\/5"}],"wp:attachment":[{"href":"https:\/\/outsiderland.com\/danahilliot\/wp-json\/wp\/v2\/media?parent=2"}],"wp:term":[{"taxonomy":"category","embeddable":true,"href":"https:\/\/outsiderland.com\/danahilliot\/wp-json\/wp\/v2\/categories?post=2"},{"taxonomy":"post_tag","embeddable":true,"href":"https:\/\/outsiderland.com\/danahilliot\/wp-json\/wp\/v2\/tags?post=2"}],"curies":[{"name":"wp","href":"https:\/\/api.w.org\/{rel}","templated":true}]}}