{"id":124,"date":"2018-10-05T11:58:41","date_gmt":"2018-10-05T11:58:41","guid":{"rendered":"https:\/\/outsiderland.com\/danahilliot\/?page_id=124"},"modified":"2025-10-12T09:46:09","modified_gmt":"2025-10-12T09:46:09","slug":"la-colere-une-ascension","status":"publish","type":"page","link":"https:\/\/outsiderland.com\/danahilliot\/la-colere-une-ascension\/","title":{"rendered":"La Col\u00e8re (une ascension)"},"content":{"rendered":"<p>Apr\u00e8s le buron qui marque le passage du col, j\u2019ai pris tout de suite le sentier sur la gauche, plein sud, le sentier qui grimpe dur, le sentier qui m\u00e8ne de suite sur la cr\u00eate, j\u2019avais besoin de me calmer, il fallait que \u00e7a grimpe dur, une pente plus douce n\u2019aurait pas suffi, j\u2019avais besoin d\u2019\u00e9puiser ma col\u00e8re dans un effort intense, il fallait que chaque pas me co\u00fbte, qu\u2019arriv\u00e9 l\u00e0-haut, j\u2019ai endur\u00e9 la peine d\u2019un effort intense, que la cr\u00eate me d\u00e9couvre en sueur, tout essouffl\u00e9. La neige \u00e9tait \u00e9paisse et douce, et recouvrait toute chose, par endroit, j\u2019enfon\u00e7ais jusqu\u2019aux genoux. Douze lacets avant le sommet : je les connais par c\u0153ur. J\u2019ai march\u00e9 sans m\u2019arr\u00eater jusqu\u2019au huiti\u00e8me lacet. Le c\u0153ur battait la chamade, mes mollets \u00e9taient durs comme du granit. \u00c0 l\u2019Ouest, les Puys les plus \u00e9lev\u00e9s disparaissaient sous une \u00e9paisse masse de nuages gris, qui descendait lentement le long de la pente mena\u00e7ant d\u2019engloutir toute chose encore visible.<\/p>\n<p>Au fur et \u00e0 mesure de la mont\u00e9e, mes pens\u00e9es \u00e9taient sorties de ma t\u00eate, \u00e0 chaque lacet, j\u2019en laissais quelques-unes en contrebas, soulag\u00e9, mais encore un peu inquiet de les retrouver en descendant. Au pied du sentier je m\u2019\u00e9tais senti comme une boule de col\u00e8re ramass\u00e9e sur elle-m\u00eame, satur\u00e9e par la haine. Mes pens\u00e9es me collaient \u00e0 l\u2019esprit au point que j\u2019aurais pu tout aussi bien me trouver n\u2019importe o\u00f9 ailleurs, au volant de ma voiture errant sur une voie suburbaine, dans les rayons d\u2019un supermarch\u00e9 d\u00e9bordant de caddies, \u00e0 mon bureau encombr\u00e9s de manuscrits et de cahiers divers, \u00e7a n\u2019aurait fait aucune diff\u00e9rence : je ne voyais rien que le chaos \u00e0 l\u2019int\u00e9rieur de mon esprit. En marchant, les pens\u00e9es, une apr\u00e8s l\u2019autre, se voyaient propuls\u00e9es au-dehors. Avec la fatigue, le sueur me coulant des paupi\u00e8res, je les voyais flotter quelques instants dans l\u2019air vif et glac\u00e9, puis s\u2019\u00e9vanouir \u00e0 l\u2019arri\u00e8re.<\/p>\n<p>Au troisi\u00e8me lacet, d\u00e9j\u00e0, tu avais d\u00e9sert\u00e9 mon esprit, et je ne me suis pas arr\u00eat\u00e9 pour contempler ta substance spectrale s\u2019ab\u00eemant dans les gen\u00eats fl\u00e9tris qui d\u00e9passaient de la neige en bordure du sentier.<\/p>\n<p>Au cinqui\u00e8me lacet, j\u2019ai envoy\u00e9 mon p\u00e8re au diable, qui s\u2019en saisit et l\u2019emporta de l\u2019autre c\u00f4t\u00e9 de la montagne \u00e0 une vitesse consid\u00e9rable.<\/p>\n<p>Au sixi\u00e8me lacet, l\u2019injustice dont je venais d\u2019\u00eatre victime, et toutes les injustices dont j\u2019avais \u00e9t\u00e9 victime autrefois, dessin\u00e8rent en s\u2019\u00e9vadant une l\u00e9g\u00e8re constellation de flocons color\u00e9s, puis s\u2019\u00e9vanouirent en un rien de temps.<\/p>\n<p>Au huiti\u00e8me lacet enfin, je fus d\u00e9barrass\u00e9 du m\u00e9pris du monde. Je d\u00e9cidai alors de faire une pause.<\/p>\n<p>Il me restait \u00e0 \u00e9vacuer quelques souvenirs honteux, et quelques paroles prononc\u00e9es par ma m\u00e8re quand j\u2019\u00e9tais enfant. Ma m\u00e8re disait : \u00ab Une m\u00e8re sait toujours ce que son enfant pense \u00bb. Elle disait :  \u00ab Tu ne peux rien me cacher. \u00bb Quand j\u2019\u00e9tais enfant, je marchais dans la salle \u00e0 manger et je r\u00e9fl\u00e9chissais en posant le pied sur les motifs g\u00e9om\u00e9triques du carrelage : je me disais que, si je posais le pied maintenant sur tel carreau, c\u2019\u00e9tait ce que ma m\u00e8re voulait, ce qu\u2019elle avait pr\u00e9vu pour moi. J\u2019essayais de poser le pied sur un autre carreau, je m\u2019effor\u00e7ais de d\u00e9jouer les pr\u00e9visions de ma m\u00e8re en posant le pied l\u00e0 o\u00f9 il n\u2019\u00e9tait pas permis de le poser. Il en allait de m\u00eame pour les pens\u00e9es. J\u2019essayais de penser des pens\u00e9es qui n\u2019avaient pas \u00e9t\u00e9 ins\u00e9r\u00e9es dans mon esprit par ma m\u00e8re. Tous ces efforts pour contrecarrer le destin \u00e9taient vains. Je piquais alors soudainement des col\u00e8res atroces, mais, l\u00e0 o\u00f9 nous vivions alors, il n\u2019y avait pour ainsi dire pas de dehors, et il ne me restait qu\u2019\u00e0 me jeter sous le lit et m\u2019allonger sur le ventre, le visage coll\u00e9 \u00e0 la moquette, comme si, en me rapprochant de la condition d\u2019une simple poussi\u00e8re, toutes les pens\u00e9es finiraient par s\u2019\u00e9chapper de mon esprit.<\/p>\n<p>Grimpant les derniers lacets, j\u2019ai commenc\u00e9 \u00e0 pr\u00eater attention aux d\u00e9tails du sentier. Les nuances de la neige, les ombres, les textures, les reflets bleut\u00e9s de la glace, ses dessins \u00e9tranges. Puis j\u2019ai relev\u00e9 la t\u00eate et j\u2019ai regard\u00e9 tout autour de moi, l\u2019immensit\u00e9.<\/p>\n<p>Il en va toujours ainsi quand je vais marcher pour vider ma col\u00e8re. La col\u00e8re monte en moi toute la matin\u00e9e : ce n\u2019est que bris d\u2019objets, grommellements, r\u00e2les, grondements, cris parfois, et, finalement, hurlements, larmoiements, apr\u00e8s quoi j\u2019enfile mes chaussures de montagne, je claque la porte et vais au-dehors. La plupart du temps, je vaque \u00e0 mes occupations tranquillement, \u00e0 l\u2019abri des regards. Mais il ne se passe pas un mois sans que le monde ext\u00e9rieur sollicite \u00e0 nouveau une r\u00e9ponse ma part, le monde attend quelque chose de moi, quelque chose que je n\u2019ai pas la force de donner, le monde injecte des pens\u00e9es dans mon esprit, des pens\u00e9es qui m\u2019embarrassent, qui me sont \u00e9trang\u00e8res, qui finissent par me pr\u00e9occuper plus qu\u2019elles ne le m\u00e9ritent. Plut\u00f4t que de me r\u00e9fugier sous mon lit, le visage coll\u00e9 dans la moquette, je m\u2019habille chaudement et entreprends d\u2019aller marcher. Je sors dans le jardin, contemple les montagnes tout autour, et tout en bouillonnant int\u00e9rieurement, l\u2019esprit comprim\u00e9 par le souci et la col\u00e8re, je vise un des sommets qui d\u00e9coupe l\u2019horizon et marche dans sa direction. Je vis sur le plateau, sur le contrefort du massif, l\u00e0 o\u00f9 les routes s\u2019arr\u00eatent, en lisi\u00e8re des for\u00eats qui pr\u00e9c\u00e8dent les prairies d\u2019estive. J\u2019habite \u00e0 la limite du territoire des hommes, apr\u00e8s quoi, un peu plus haut, c\u2019est le territoire des troupeaux \u00e0 la belle saison, et des b\u00eates sauvages toute l\u2019ann\u00e9e.<\/p>\n<p>Arriv\u00e9 sur la cr\u00eate, mon esprit avait pris de l\u2019extension, il se pr\u00e9sentait devant le plateau couvert de neige ouvert et vide, infiniment plus disponible qu\u2019au d\u00e9but de la mont\u00e9e. Des mouflons formaient une colonne sombre sur ma droite, s\u2019appr\u00eatant \u00e0 passer de l\u2019autre c\u00f4t\u00e9 de la montagne. Les nuages continuaient leur descente lente et implacable depuis les sommets, glissant doucement le long de la cr\u00eate, caressant la neige \u00e9paisse et les rochers qui affleuraient encore. Sur le plateau, on peut marcher ainsi, en allant droit devant durant une journ\u00e9e enti\u00e8re, sans rencontrer personne. Les p\u00e2turages, envahis de troupeaux d\u00e8s la fin du printemps, sont d\u00e9serts en hiver. Quelques burons abandonn\u00e9s ponctuent \u00e7a et l\u00e0 l\u2019infini : on peut s\u2019y r\u00e9fugier au cas o\u00f9, quand la temp\u00eate se l\u00e8ve.<\/p>\n<p>Tout autour, cet apr\u00e8s-midi l\u00e0, baignait dans la simplicit\u00e9, et quand bien m\u00eame les \u00e9l\u00e9ments naturels auraient \u00e9t\u00e9 pris de folie, une averse de gr\u00eale se serait abattu sur la prairie, une bise glaciale aurait soulev\u00e9 la neige, des cong\u00e8res immenses se seraient form\u00e9es, quand bien m\u00eame la marche serait devenue impossible, p\u00e9rilleuse, quand bien m\u00eame, en me perdant ici, j\u2019aurais risqu\u00e9 ma vie, rien de tout cela ne m\u2019aurait conduit \u00e0 ces \u00e9tats de panique que me procurent l\u2019insondable complexit\u00e9 de la mondanit\u00e9 : l\u00e0-haut, dans ces solitudes, aucune intention autre que la mienne, aucune pens\u00e9e ne cherche \u00e0 s\u2019introduire \u00e0 mon esprit, on n\u2019attend rien de moi, le vent souffle sans \u00e9gard pour moi, la temp\u00eate qui se l\u00e8ve n\u2019\u00e9prouve qu\u2019indiff\u00e9rence \u00e0 mon \u00e9gard.<\/p>\n<p>Quand la col\u00e8re m\u2019a pouss\u00e9 \u00e0 gravir la montagne une fois encore, la montagne qui veille sur la maison o\u00f9 je vis, je finis toujours \u00e9puis\u00e9 par l\u2019ascension, l\u2019esprit vid\u00e9 des pens\u00e9es qui m\u2019accablent, et il n\u2019est pas rare qu\u2019ayant atteint les plus grandes hauteurs, je m\u2019allonge dans la neige, sur le dos, et demeure l\u00e0 \u00e0 contempler le ciel tourment\u00e9, jusqu\u2019\u00e0 ce que le sommeil me gagne. Il n\u2019est pas rare que j\u2019\u00e9prouve au moment de me relever pour rentrer chez moi, \u00e0 cause du froid qui engourdit, des nuages qui vous enveloppent et vous noient d\u2019une douceur subtile, du vent qui efface toute trace et vous fait perdre la t\u00eate, il n\u2019est pas rare alors que j\u2019\u00e9prouve la plus intense des douleurs, comme si on m\u2019arrachait \u00e0 la paix la plus intense, comme si on m\u2019expulsait du paradis. Il m\u2019est arriv\u00e9 de pleurer tout au long de la descente, de maudire mon humanit\u00e9 qui m\u2019obligeait encore une fois \u00e0 m\u2019affronter au monde, combat pour lequel je n\u2019ai aucun talent.<\/p>\n","protected":false},"excerpt":{"rendered":"<p>Apr\u00e8s le buron qui marque le passage du col, j\u2019ai pris tout de suite le sentier sur la gauche, plein sud, le sentier qui grimpe dur, le sentier qui m\u00e8ne de suite sur la cr\u00eate, j\u2019avais besoin de me calmer, il fallait que \u00e7a grimpe dur, une pente plus douce n\u2019aurait pas suffi, j\u2019avais besoin&hellip;<\/p>\n <a href=\"https:\/\/outsiderland.com\/danahilliot\/la-colere-une-ascension\/\" title=\"La Col\u00e8re (une ascension)\" class=\"entry-more-link\"><span>Read More<\/span> <span class=\"screen-reader-text\">La Col\u00e8re (une ascension)<\/span><\/a>","protected":false},"author":1,"featured_media":0,"parent":0,"menu_order":0,"comment_status":"closed","ping_status":"closed","template":"","meta":{"Layout":"","footnotes":""},"categories":[120],"tags":[126],"class_list":["entry","author-danah","post-124","page","type-page","status-publish","category-observation","tag-observation"],"yoast_head":"<!-- This site is optimized with the Yoast SEO plugin v27.0 - https:\/\/yoast.com\/product\/yoast-seo-wordpress\/ -->\n<title>La Col\u00e8re (une ascension) - Outside Dana Hilliot<\/title>\n<meta name=\"robots\" content=\"index, follow, max-snippet:-1, max-image-preview:large, max-video-preview:-1\" \/>\n<link rel=\"canonical\" href=\"https:\/\/outsiderland.com\/danahilliot\/la-colere-une-ascension\/\" \/>\n<meta property=\"og:locale\" content=\"fr_FR\" \/>\n<meta property=\"og:type\" content=\"article\" \/>\n<meta property=\"og:title\" content=\"La Col\u00e8re (une ascension) - Outside Dana Hilliot\" \/>\n<meta property=\"og:description\" content=\"Apr\u00e8s le buron qui marque le passage du col, j\u2019ai pris tout de suite le sentier sur la gauche, plein sud, le sentier qui grimpe dur, le sentier qui m\u00e8ne de suite sur la cr\u00eate, j\u2019avais besoin de me calmer, il fallait que \u00e7a grimpe dur, une pente plus douce n\u2019aurait pas suffi, j\u2019avais besoin&hellip;\" \/>\n<meta property=\"og:url\" content=\"https:\/\/outsiderland.com\/danahilliot\/la-colere-une-ascension\/\" \/>\n<meta property=\"og:site_name\" content=\"Outside Dana Hilliot\" \/>\n<meta property=\"article:modified_time\" content=\"2025-10-12T09:46:09+00:00\" \/>\n<meta name=\"twitter:card\" content=\"summary_large_image\" \/>\n<meta name=\"twitter:label1\" content=\"Dur\u00e9e de lecture estim\u00e9e\" \/>\n\t<meta name=\"twitter:data1\" content=\"8 minutes\" \/>\n<script type=\"application\/ld+json\" class=\"yoast-schema-graph\">{\"@context\":\"https:\/\/schema.org\",\"@graph\":[{\"@type\":\"WebPage\",\"@id\":\"https:\/\/outsiderland.com\/danahilliot\/la-colere-une-ascension\/\",\"url\":\"https:\/\/outsiderland.com\/danahilliot\/la-colere-une-ascension\/\",\"name\":\"La Col\u00e8re (une ascension) - Outside Dana Hilliot\",\"isPartOf\":{\"@id\":\"https:\/\/outsiderland.com\/danahilliot\/#website\"},\"datePublished\":\"2018-10-05T11:58:41+00:00\",\"dateModified\":\"2025-10-12T09:46:09+00:00\",\"breadcrumb\":{\"@id\":\"https:\/\/outsiderland.com\/danahilliot\/la-colere-une-ascension\/#breadcrumb\"},\"inLanguage\":\"fr-FR\",\"potentialAction\":[{\"@type\":\"ReadAction\",\"target\":[\"https:\/\/outsiderland.com\/danahilliot\/la-colere-une-ascension\/\"]}]},{\"@type\":\"BreadcrumbList\",\"@id\":\"https:\/\/outsiderland.com\/danahilliot\/la-colere-une-ascension\/#breadcrumb\",\"itemListElement\":[{\"@type\":\"ListItem\",\"position\":1,\"name\":\"Accueil\",\"item\":\"https:\/\/outsiderland.com\/danahilliot\/\"},{\"@type\":\"ListItem\",\"position\":2,\"name\":\"La Col\u00e8re (une ascension)\"}]},{\"@type\":\"WebSite\",\"@id\":\"https:\/\/outsiderland.com\/danahilliot\/#website\",\"url\":\"https:\/\/outsiderland.com\/danahilliot\/\",\"name\":\"Outside Dana Hilliot\",\"description\":\". Archives . Activit\u00e9s . Projets .\",\"publisher\":{\"@id\":\"https:\/\/outsiderland.com\/danahilliot\/#\/schema\/person\/201a1fef0f5c2897bd65e98bcf6b1179\"},\"potentialAction\":[{\"@type\":\"SearchAction\",\"target\":{\"@type\":\"EntryPoint\",\"urlTemplate\":\"https:\/\/outsiderland.com\/danahilliot\/?s={search_term_string}\"},\"query-input\":{\"@type\":\"PropertyValueSpecification\",\"valueRequired\":true,\"valueName\":\"search_term_string\"}}],\"inLanguage\":\"fr-FR\"},{\"@type\":[\"Person\",\"Organization\"],\"@id\":\"https:\/\/outsiderland.com\/danahilliot\/#\/schema\/person\/201a1fef0f5c2897bd65e98bcf6b1179\",\"name\":\"danahilliot\",\"image\":{\"@type\":\"ImageObject\",\"inLanguage\":\"fr-FR\",\"@id\":\"https:\/\/outsiderland.com\/danahilliot\/#\/schema\/person\/image\/\",\"url\":\"https:\/\/outsiderland.com\/danahilliot\/wp-content\/uploads\/2026\/02\/50801449407_a909f2c1ad_k.jpg\",\"contentUrl\":\"https:\/\/outsiderland.com\/danahilliot\/wp-content\/uploads\/2026\/02\/50801449407_a909f2c1ad_k.jpg\",\"width\":2048,\"height\":1536,\"caption\":\"danahilliot\"},\"logo\":{\"@id\":\"https:\/\/outsiderland.com\/danahilliot\/#\/schema\/person\/image\/\"}}]}<\/script>\n<!-- \/ Yoast SEO plugin. -->","yoast_head_json":{"title":"La Col\u00e8re (une ascension) - Outside Dana Hilliot","robots":{"index":"index","follow":"follow","max-snippet":"max-snippet:-1","max-image-preview":"max-image-preview:large","max-video-preview":"max-video-preview:-1"},"canonical":"https:\/\/outsiderland.com\/danahilliot\/la-colere-une-ascension\/","og_locale":"fr_FR","og_type":"article","og_title":"La Col\u00e8re (une ascension) - Outside Dana Hilliot","og_description":"Apr\u00e8s le buron qui marque le passage du col, j\u2019ai pris tout de suite le sentier sur la gauche, plein sud, le sentier qui grimpe dur, le sentier qui m\u00e8ne de suite sur la cr\u00eate, j\u2019avais besoin de me calmer, il fallait que \u00e7a grimpe dur, une pente plus douce n\u2019aurait pas suffi, j\u2019avais besoin&hellip;","og_url":"https:\/\/outsiderland.com\/danahilliot\/la-colere-une-ascension\/","og_site_name":"Outside Dana Hilliot","article_modified_time":"2025-10-12T09:46:09+00:00","twitter_card":"summary_large_image","twitter_misc":{"Dur\u00e9e de lecture estim\u00e9e":"8 minutes"},"schema":{"@context":"https:\/\/schema.org","@graph":[{"@type":"WebPage","@id":"https:\/\/outsiderland.com\/danahilliot\/la-colere-une-ascension\/","url":"https:\/\/outsiderland.com\/danahilliot\/la-colere-une-ascension\/","name":"La Col\u00e8re (une ascension) - Outside Dana Hilliot","isPartOf":{"@id":"https:\/\/outsiderland.com\/danahilliot\/#website"},"datePublished":"2018-10-05T11:58:41+00:00","dateModified":"2025-10-12T09:46:09+00:00","breadcrumb":{"@id":"https:\/\/outsiderland.com\/danahilliot\/la-colere-une-ascension\/#breadcrumb"},"inLanguage":"fr-FR","potentialAction":[{"@type":"ReadAction","target":["https:\/\/outsiderland.com\/danahilliot\/la-colere-une-ascension\/"]}]},{"@type":"BreadcrumbList","@id":"https:\/\/outsiderland.com\/danahilliot\/la-colere-une-ascension\/#breadcrumb","itemListElement":[{"@type":"ListItem","position":1,"name":"Accueil","item":"https:\/\/outsiderland.com\/danahilliot\/"},{"@type":"ListItem","position":2,"name":"La Col\u00e8re (une ascension)"}]},{"@type":"WebSite","@id":"https:\/\/outsiderland.com\/danahilliot\/#website","url":"https:\/\/outsiderland.com\/danahilliot\/","name":"Outside Dana Hilliot","description":". Archives . Activit\u00e9s . Projets .","publisher":{"@id":"https:\/\/outsiderland.com\/danahilliot\/#\/schema\/person\/201a1fef0f5c2897bd65e98bcf6b1179"},"potentialAction":[{"@type":"SearchAction","target":{"@type":"EntryPoint","urlTemplate":"https:\/\/outsiderland.com\/danahilliot\/?s={search_term_string}"},"query-input":{"@type":"PropertyValueSpecification","valueRequired":true,"valueName":"search_term_string"}}],"inLanguage":"fr-FR"},{"@type":["Person","Organization"],"@id":"https:\/\/outsiderland.com\/danahilliot\/#\/schema\/person\/201a1fef0f5c2897bd65e98bcf6b1179","name":"danahilliot","image":{"@type":"ImageObject","inLanguage":"fr-FR","@id":"https:\/\/outsiderland.com\/danahilliot\/#\/schema\/person\/image\/","url":"https:\/\/outsiderland.com\/danahilliot\/wp-content\/uploads\/2026\/02\/50801449407_a909f2c1ad_k.jpg","contentUrl":"https:\/\/outsiderland.com\/danahilliot\/wp-content\/uploads\/2026\/02\/50801449407_a909f2c1ad_k.jpg","width":2048,"height":1536,"caption":"danahilliot"},"logo":{"@id":"https:\/\/outsiderland.com\/danahilliot\/#\/schema\/person\/image\/"}}]}},"_links":{"self":[{"href":"https:\/\/outsiderland.com\/danahilliot\/wp-json\/wp\/v2\/pages\/124","targetHints":{"allow":["GET"]}}],"collection":[{"href":"https:\/\/outsiderland.com\/danahilliot\/wp-json\/wp\/v2\/pages"}],"about":[{"href":"https:\/\/outsiderland.com\/danahilliot\/wp-json\/wp\/v2\/types\/page"}],"author":[{"embeddable":true,"href":"https:\/\/outsiderland.com\/danahilliot\/wp-json\/wp\/v2\/users\/1"}],"replies":[{"embeddable":true,"href":"https:\/\/outsiderland.com\/danahilliot\/wp-json\/wp\/v2\/comments?post=124"}],"version-history":[{"count":1,"href":"https:\/\/outsiderland.com\/danahilliot\/wp-json\/wp\/v2\/pages\/124\/revisions"}],"predecessor-version":[{"id":125,"href":"https:\/\/outsiderland.com\/danahilliot\/wp-json\/wp\/v2\/pages\/124\/revisions\/125"}],"wp:attachment":[{"href":"https:\/\/outsiderland.com\/danahilliot\/wp-json\/wp\/v2\/media?parent=124"}],"wp:term":[{"taxonomy":"category","embeddable":true,"href":"https:\/\/outsiderland.com\/danahilliot\/wp-json\/wp\/v2\/categories?post=124"},{"taxonomy":"post_tag","embeddable":true,"href":"https:\/\/outsiderland.com\/danahilliot\/wp-json\/wp\/v2\/tags?post=124"}],"curies":[{"name":"wp","href":"https:\/\/api.w.org\/{rel}","templated":true}]}}