{"id":120,"date":"2018-10-05T11:57:04","date_gmt":"2018-10-05T11:57:04","guid":{"rendered":"https:\/\/outsiderland.com\/danahilliot\/?page_id=120"},"modified":"2025-10-12T09:46:09","modified_gmt":"2025-10-12T09:46:09","slug":"post-moderne","status":"publish","type":"page","link":"https:\/\/outsiderland.com\/danahilliot\/post-moderne\/","title":{"rendered":"Post-moderne"},"content":{"rendered":"<p>En lisant le recueil d\u2019articles et d\u2019essais de Donald Barthelme (Not Knowing, Counterpoint 1997), me revient un \u00e9pisode de ma jeunesse, lequel fait penser \u00e0 ce rapport somme toute bizarre que j\u2019entretiens avec la litt\u00e9rature, bizarre dans la mesure o\u00f9 je n\u2019aime \u00e0 proprement parler que ce qu\u2019il \u00e9tait convenu d\u2019appeler autrefois la litt\u00e9rature postmoderne, appellation que bien des litt\u00e9rateurs ont en horreur aujourd\u2019hui, notamment chez nous, en France, pays dans lequel il n\u2019existe pas grand-chose de comparable \u00e0 ce qui s\u2019est \u00e9crit ailleurs sous le nom de litt\u00e9rature postmoderne (le \u00ab nouveau roman \u00bb m\u2019ayant toujours paru ennuyeux, programmatique et, en d\u00e9finitive, compl\u00e8tement creux &#8211; \u00e0 tort peut-\u00eatre mais peu importe).<\/p>\n<p>J\u2019avais seize ans, et m\u2019ennuyais \u00e0 en mourir en classe de seconde au Lyc\u00e9e Victor Hugo, \u00e9tablissement prestigieux du Centre Ville, lequel, pour un gosse ayant grandi dans les bas quartiers de la p\u00e9riph\u00e9rie, constituait une sorte d\u2019enfer, au point qu\u2019\u00e0 chaque fois que j\u2019en franchissais la lourde porte en fer forg\u00e9, j\u2019avais le ventre nou\u00e9, de peur de para\u00eetre pour ce que j\u2019\u00e9tais : un plouc, un demeur\u00e9, un prol\u00e9taire, un type parfaitement inculte et au courant de rien. Durant les heures de pause, entre midi et deux, je tra\u00eenais dans les rues du centre pi\u00e9tonnier, que je d\u00e9couvrais avec angoisse \u2013 ce qui ne manquait pas de piquant, dans la mesure o\u00f9 j\u2019avais d\u00e9j\u00e0 l\u2019habitude, durant les vacances, de randonner en solitaire sur des massifs montagneux qui devaient pour la plupart de mes semblables sembler bien plus inhospitaliers que les rues pav\u00e9es d\u2019une cit\u00e9 petite-bourgeoise.<\/p>\n<p>Chaque jour, en explorant le centre ville, je passais devant la Librairie de l\u2019Universit\u00e9. Les premi\u00e8res fois, je marchais sans m\u2019arr\u00eater, faisant celui qui n\u2019a rien remarqu\u00e9 de sp\u00e9cial \u00e0 cet endroit-l\u00e0, une boutique de plus, n\u2019est-ce pas ? Puis, et j\u2019\u00e9tais alors tout tremblant, je pris le temps de regarder la vitrine,\u00a0 jetais en r\u00e9alit\u00e9 le plus discr\u00e8tement du monde un \u0153il, un seul, \u00e0 l\u2019int\u00e9rieur : j\u2019\u00e9tudiais la disposition des lieux, j\u2019enregistrais le comportement des clients, comment ils se tenaient devant les rayons, l\u00e9g\u00e8rement pench\u00e9s, ajustant leurs lunettes, comment ils se saisissaient sans h\u00e9sitation de tel ou tel ouvrage, sans en renverser aucun, comment ils en prenaient connaissance, en feuilletant avec le plus grand naturel quelques pages, pourquoi celles-l\u00e0 et pas d\u2019autres ?, le reposaient ou l&#8217;emportaient, tout cela avec une assurance qui me condamnait irr\u00e9sistiblement au ridicule le plus accablant si je m\u2019\u00e9tais trouv\u00e9 \u00e0 leur place. Certains discutaient m\u00eame avec un des libraires, poussant la provocation \u00e0 un degr\u00e9 extr\u00eame. Ces clients semblaient parfaitement savoir de quoi il retournait dans cet \u00e9tablissement, ils en connaissaient les codes, les us et les coutumes.<\/p>\n<p>Il me fallut au bas mot deux trimestres avant d\u2019oser entrer \u00e0 mon tour dans la librairie, persuad\u00e9 qu\u2019on devinerait aussit\u00f4t en moi l\u2019imposteur, l\u2019ignorant, le malappris, bref, j\u2019y allais tout de m\u00eame, f\u00e9brile comme au soir du premier rendez-vous galant. Je me souviens ma sid\u00e9ration en constatant qu\u2019il y avait, dissimul\u00e9 du regard des passants dans la rue, derri\u00e8re une \u00e9tag\u00e8re, un escalier, et donc un \u00e9tage, et non pas seulement un \u00e9tage, mais plut\u00f4t deux ! Mal \u00e0 l\u2019aise et n\u2019osant pas ressortir \u00e0 peine entr\u00e9, je me pr\u00e9cipitai \u00e0 l\u2019\u00e9tage, au premier donc, lequel \u00e9tait effectivement moins encombr\u00e9 : on y trouvait l\u00e0 toute la litt\u00e9rature du monde, comme l\u2019indiquait un panneau au-dessus de l\u2019entr\u00e9e, c\u2019en \u00e9tait affolant. Jamais de la vie je n\u2019avais vu autant de livres en un seul endroit, mes exp\u00e9riences en la mati\u00e8re se limitant au rayon librairie du supermarch\u00e9 \u00e0 c\u00f4t\u00e9 de chez moi, et la cabine exigu\u00eb du bibliobus qui passait chaque samedi dans notre quartier. Les clients, au rang desquels je ne me comptais pas encore, loin de l\u00e0, dress\u00e9s sur la pointe des pieds ou agenouill\u00e9s, choisissaient parmi les interminables rayonnages le livre qu\u2019ils cherchaient. Or, et c\u2019\u00e9tait bien l\u00e0 mon probl\u00e8me le plus flagrant, je n\u2019en cherchais de mon c\u00f4t\u00e9 aucun. Je n\u2019avais strictement aucun titre en t\u00eate, aucun auteur, les auteurs qu\u2019on enseignait en cours de fran\u00e7ais, je ne les aimais pas, et, en frayant l\u2019air de rien, jusqu\u2019\u00e0 la lettre K, je ne trouvais aucune trace de celui que je consid\u00e9rais \u00e0 l\u2019\u00e9poque comme mon auteur favori, et dont l\u2019\u0153uvre r\u00e9sumait toute la litt\u00e9rature, H.G. Konsalik. Sur quelques tables dispos\u00e9es entre les rayons, certains ouvrages \u00e9taient mis en avant, cens\u00e9s je suppose repr\u00e9senter le nec plus ultra de la litt\u00e9rature.<\/p>\n<p>Comment j\u2019ai fini par embarquer, tout \u00e0 fait par hasard, le volume 1 de Ulysses de Joyce, en \u00e9dition de poche, je n\u2019en ai aucune id\u00e9e. Est-ce que la couverture m\u2019a plu \u2013 quand je la regarde aujourd\u2019hui, je ne lui trouve rien de particuli\u00e8rement attrayant ? Un commentaire de C.G. Jung, inconnu au bataillon, disait : \u00ab Joyce conna\u00eet l\u2019\u00e2me f\u00e9minine comme s\u2019il \u00e9tait la grand-m\u00e8re du diable. \u00bb, \u00e9tait-ce l\u00e0 une raison pour m\u2019inciter \u00e0 me saisir de ce volume ? Ou bien, press\u00e9 par l\u2019angoisse, ne me suis-je pas plut\u00f4t empar\u00e9 du premier livre disponible sous la main, et m&#8217;empressant de filer au plus vite au rez-de-chauss\u00e9e pour payer, rouge de honte, parfaitement d\u00e9sesp\u00e9r\u00e9, jurant de ne plus jamais mettre les pieds dans un endroit pareil, r\u00eavant d\u00e9j\u00e0, une fois franchi la porte de la librairie, retrouvant la rue pi\u00e9tonne hostile, de me consacrer d\u00e9sormais uniquement \u00e0 la marche \u00e0 pied solitaire et \u00e0 la montagne, renon\u00e7ant pour toujours \u00e0 la lecture, \u00e0 la litt\u00e9rature et \u00e0 tout le reste ?<\/p>\n<p>Le fait est que j\u2019ai r\u00e9ussi, et il m\u2019a fallu tout le printemps et l\u2019\u00e9t\u00e9 qui suivit pour en venir \u00e0 bout, \u00e0 lire la totalit\u00e9 du volume 1, et, \u00e0 la rentr\u00e9e de septembre, j\u2019attaquai le volume 2, et devins un habitu\u00e9 de la librairie de l\u2019Universit\u00e9 et des autres librairies de la ville, sans parler de la biblioth\u00e8que municipale. Les cours de fran\u00e7ais m\u2019ennuyait fabuleusement, la litt\u00e9rature fran\u00e7aise dans son ensemble me sortait par les yeux, c\u2019\u00e9tait mati\u00e8re \u00e0 pinailler sans fin, la litt\u00e9rature fran\u00e7aise a toujours \u00e9t\u00e9 li\u00e9e chez moi \u00e0 la contrainte, l\u2019orthographe, la grammaire, les rimes, les figures de style, tout ce fatras jargonneux juste bon \u00e0 distinguer les bons \u00e9l\u00e8ves des mauvais \u00e9l\u00e8ves, \u00e0 former de futurs enseignants destin\u00e9s \u00e0 leur tour \u00e0 refourguer tout ce bazar parfaitement inutile et dont on ne voit pas o\u00f9 il m\u00e8ne, sinon \u00e0 se donner du pouvoir sur un texte dont le g\u00e9nie d\u00e9passera toujours d\u2019extraordinairement haut celui de qui pr\u00e9tend l\u2019enseigner.<\/p>\n<p>Parce que je me suis empar\u00e9 tout \u00e0 fait par hasard de ce volume sur la table de la librairie de l\u2019Universit\u00e9, pris de panique, je suis tomb\u00e9 dans la marmite de la litt\u00e9rature postmoderne, ou, pour mieux dire, post-joycienne, et j\u2019y reviens toujours, incapable de lire autre chose. Je me disais en lisant l\u2019essai de Barthelme, en r\u00e9alit\u00e9, je n\u2019aime pas la litt\u00e9rature, si je n\u2019avais pas lu Joyce \u00e0 l\u2019\u00e2ge de seize ans, j\u2019aurais sans doute d\u00e9finitivement cess\u00e9 de lire, j\u2019aurais \u00e9t\u00e9 d\u00e9go\u00fbt\u00e9 d\u00e9finitivement de la lecture par les cours de fran\u00e7ais, alors que, par cet \u00e9trange \u00e9pisode, j\u2019ai non seulement continu\u00e9 de lire, mais j\u2019ai proprement d\u00e9vor\u00e9 les livres, les livres qui n\u2019\u00e9taient pas au programme, et toujours exclusivement les livres d\u2019auteurs \u00e9trangers, et, je dois admettre que c\u2019est encore le cas aujourd\u2019hui, quand bien m\u00eame dans ce pays la litt\u00e9rature post-moderne est largement pass\u00e9e de mode, toute litt\u00e9rature post-quelque chose d\u2019ailleurs \u00e9tant parfaitement anachronique, ou, quand elle s\u2019\u00e9crit encore, parfaitement confidentielle, \u00e0 l\u2019int\u00e9rieur de nos fronti\u00e8res du moins.<\/p>\n","protected":false},"excerpt":{"rendered":"<p>En lisant le recueil d\u2019articles et d\u2019essais de Donald Barthelme (Not Knowing, Counterpoint 1997), me revient un \u00e9pisode de ma jeunesse, lequel fait penser \u00e0 ce rapport somme toute bizarre que j\u2019entretiens avec la litt\u00e9rature, bizarre dans la mesure o\u00f9 je n\u2019aime \u00e0 proprement parler que ce qu\u2019il \u00e9tait convenu d\u2019appeler autrefois la litt\u00e9rature postmoderne,&hellip;<\/p>\n <a href=\"https:\/\/outsiderland.com\/danahilliot\/post-moderne\/\" title=\"Post-moderne\" class=\"entry-more-link\"><span>Read More<\/span> <span class=\"screen-reader-text\">Post-moderne<\/span><\/a>","protected":false},"author":1,"featured_media":0,"parent":0,"menu_order":0,"comment_status":"closed","ping_status":"closed","template":"","meta":{"Layout":"","footnotes":""},"categories":[120],"tags":[126],"class_list":["entry","author-danah","post-120","page","type-page","status-publish","category-observation","tag-observation"],"yoast_head":"<!-- This site is optimized with the Yoast SEO plugin v27.0 - https:\/\/yoast.com\/product\/yoast-seo-wordpress\/ -->\n<title>Post-moderne - Outside Dana Hilliot<\/title>\n<meta name=\"robots\" content=\"index, follow, max-snippet:-1, max-image-preview:large, max-video-preview:-1\" \/>\n<link rel=\"canonical\" href=\"https:\/\/outsiderland.com\/danahilliot\/post-moderne\/\" \/>\n<meta property=\"og:locale\" content=\"fr_FR\" \/>\n<meta property=\"og:type\" content=\"article\" \/>\n<meta property=\"og:title\" content=\"Post-moderne - Outside Dana Hilliot\" \/>\n<meta property=\"og:description\" content=\"En lisant le recueil d\u2019articles et d\u2019essais de Donald Barthelme (Not Knowing, Counterpoint 1997), me revient un \u00e9pisode de ma jeunesse, lequel fait penser \u00e0 ce rapport somme toute bizarre que j\u2019entretiens avec la litt\u00e9rature, bizarre dans la mesure o\u00f9 je n\u2019aime \u00e0 proprement parler que ce qu\u2019il \u00e9tait convenu d\u2019appeler autrefois la litt\u00e9rature postmoderne,&hellip;\" \/>\n<meta property=\"og:url\" content=\"https:\/\/outsiderland.com\/danahilliot\/post-moderne\/\" \/>\n<meta property=\"og:site_name\" content=\"Outside Dana Hilliot\" \/>\n<meta property=\"article:modified_time\" content=\"2025-10-12T09:46:09+00:00\" \/>\n<meta name=\"twitter:card\" content=\"summary_large_image\" \/>\n<meta name=\"twitter:label1\" content=\"Dur\u00e9e de lecture estim\u00e9e\" \/>\n\t<meta name=\"twitter:data1\" content=\"7 minutes\" \/>\n<script type=\"application\/ld+json\" class=\"yoast-schema-graph\">{\"@context\":\"https:\/\/schema.org\",\"@graph\":[{\"@type\":\"WebPage\",\"@id\":\"https:\/\/outsiderland.com\/danahilliot\/post-moderne\/\",\"url\":\"https:\/\/outsiderland.com\/danahilliot\/post-moderne\/\",\"name\":\"Post-moderne - Outside Dana Hilliot\",\"isPartOf\":{\"@id\":\"https:\/\/outsiderland.com\/danahilliot\/#website\"},\"datePublished\":\"2018-10-05T11:57:04+00:00\",\"dateModified\":\"2025-10-12T09:46:09+00:00\",\"breadcrumb\":{\"@id\":\"https:\/\/outsiderland.com\/danahilliot\/post-moderne\/#breadcrumb\"},\"inLanguage\":\"fr-FR\",\"potentialAction\":[{\"@type\":\"ReadAction\",\"target\":[\"https:\/\/outsiderland.com\/danahilliot\/post-moderne\/\"]}]},{\"@type\":\"BreadcrumbList\",\"@id\":\"https:\/\/outsiderland.com\/danahilliot\/post-moderne\/#breadcrumb\",\"itemListElement\":[{\"@type\":\"ListItem\",\"position\":1,\"name\":\"Accueil\",\"item\":\"https:\/\/outsiderland.com\/danahilliot\/\"},{\"@type\":\"ListItem\",\"position\":2,\"name\":\"Post-moderne\"}]},{\"@type\":\"WebSite\",\"@id\":\"https:\/\/outsiderland.com\/danahilliot\/#website\",\"url\":\"https:\/\/outsiderland.com\/danahilliot\/\",\"name\":\"Outside Dana Hilliot\",\"description\":\". Archives . Activit\u00e9s . Projets .\",\"publisher\":{\"@id\":\"https:\/\/outsiderland.com\/danahilliot\/#\/schema\/person\/201a1fef0f5c2897bd65e98bcf6b1179\"},\"potentialAction\":[{\"@type\":\"SearchAction\",\"target\":{\"@type\":\"EntryPoint\",\"urlTemplate\":\"https:\/\/outsiderland.com\/danahilliot\/?s={search_term_string}\"},\"query-input\":{\"@type\":\"PropertyValueSpecification\",\"valueRequired\":true,\"valueName\":\"search_term_string\"}}],\"inLanguage\":\"fr-FR\"},{\"@type\":[\"Person\",\"Organization\"],\"@id\":\"https:\/\/outsiderland.com\/danahilliot\/#\/schema\/person\/201a1fef0f5c2897bd65e98bcf6b1179\",\"name\":\"danahilliot\",\"image\":{\"@type\":\"ImageObject\",\"inLanguage\":\"fr-FR\",\"@id\":\"https:\/\/outsiderland.com\/danahilliot\/#\/schema\/person\/image\/\",\"url\":\"https:\/\/outsiderland.com\/danahilliot\/wp-content\/uploads\/2026\/02\/50801449407_a909f2c1ad_k.jpg\",\"contentUrl\":\"https:\/\/outsiderland.com\/danahilliot\/wp-content\/uploads\/2026\/02\/50801449407_a909f2c1ad_k.jpg\",\"width\":2048,\"height\":1536,\"caption\":\"danahilliot\"},\"logo\":{\"@id\":\"https:\/\/outsiderland.com\/danahilliot\/#\/schema\/person\/image\/\"}}]}<\/script>\n<!-- \/ Yoast SEO plugin. -->","yoast_head_json":{"title":"Post-moderne - Outside Dana Hilliot","robots":{"index":"index","follow":"follow","max-snippet":"max-snippet:-1","max-image-preview":"max-image-preview:large","max-video-preview":"max-video-preview:-1"},"canonical":"https:\/\/outsiderland.com\/danahilliot\/post-moderne\/","og_locale":"fr_FR","og_type":"article","og_title":"Post-moderne - Outside Dana Hilliot","og_description":"En lisant le recueil d\u2019articles et d\u2019essais de Donald Barthelme (Not Knowing, Counterpoint 1997), me revient un \u00e9pisode de ma jeunesse, lequel fait penser \u00e0 ce rapport somme toute bizarre que j\u2019entretiens avec la litt\u00e9rature, bizarre dans la mesure o\u00f9 je n\u2019aime \u00e0 proprement parler que ce qu\u2019il \u00e9tait convenu d\u2019appeler autrefois la litt\u00e9rature postmoderne,&hellip;","og_url":"https:\/\/outsiderland.com\/danahilliot\/post-moderne\/","og_site_name":"Outside Dana Hilliot","article_modified_time":"2025-10-12T09:46:09+00:00","twitter_card":"summary_large_image","twitter_misc":{"Dur\u00e9e de lecture estim\u00e9e":"7 minutes"},"schema":{"@context":"https:\/\/schema.org","@graph":[{"@type":"WebPage","@id":"https:\/\/outsiderland.com\/danahilliot\/post-moderne\/","url":"https:\/\/outsiderland.com\/danahilliot\/post-moderne\/","name":"Post-moderne - Outside Dana Hilliot","isPartOf":{"@id":"https:\/\/outsiderland.com\/danahilliot\/#website"},"datePublished":"2018-10-05T11:57:04+00:00","dateModified":"2025-10-12T09:46:09+00:00","breadcrumb":{"@id":"https:\/\/outsiderland.com\/danahilliot\/post-moderne\/#breadcrumb"},"inLanguage":"fr-FR","potentialAction":[{"@type":"ReadAction","target":["https:\/\/outsiderland.com\/danahilliot\/post-moderne\/"]}]},{"@type":"BreadcrumbList","@id":"https:\/\/outsiderland.com\/danahilliot\/post-moderne\/#breadcrumb","itemListElement":[{"@type":"ListItem","position":1,"name":"Accueil","item":"https:\/\/outsiderland.com\/danahilliot\/"},{"@type":"ListItem","position":2,"name":"Post-moderne"}]},{"@type":"WebSite","@id":"https:\/\/outsiderland.com\/danahilliot\/#website","url":"https:\/\/outsiderland.com\/danahilliot\/","name":"Outside Dana Hilliot","description":". Archives . Activit\u00e9s . Projets .","publisher":{"@id":"https:\/\/outsiderland.com\/danahilliot\/#\/schema\/person\/201a1fef0f5c2897bd65e98bcf6b1179"},"potentialAction":[{"@type":"SearchAction","target":{"@type":"EntryPoint","urlTemplate":"https:\/\/outsiderland.com\/danahilliot\/?s={search_term_string}"},"query-input":{"@type":"PropertyValueSpecification","valueRequired":true,"valueName":"search_term_string"}}],"inLanguage":"fr-FR"},{"@type":["Person","Organization"],"@id":"https:\/\/outsiderland.com\/danahilliot\/#\/schema\/person\/201a1fef0f5c2897bd65e98bcf6b1179","name":"danahilliot","image":{"@type":"ImageObject","inLanguage":"fr-FR","@id":"https:\/\/outsiderland.com\/danahilliot\/#\/schema\/person\/image\/","url":"https:\/\/outsiderland.com\/danahilliot\/wp-content\/uploads\/2026\/02\/50801449407_a909f2c1ad_k.jpg","contentUrl":"https:\/\/outsiderland.com\/danahilliot\/wp-content\/uploads\/2026\/02\/50801449407_a909f2c1ad_k.jpg","width":2048,"height":1536,"caption":"danahilliot"},"logo":{"@id":"https:\/\/outsiderland.com\/danahilliot\/#\/schema\/person\/image\/"}}]}},"_links":{"self":[{"href":"https:\/\/outsiderland.com\/danahilliot\/wp-json\/wp\/v2\/pages\/120","targetHints":{"allow":["GET"]}}],"collection":[{"href":"https:\/\/outsiderland.com\/danahilliot\/wp-json\/wp\/v2\/pages"}],"about":[{"href":"https:\/\/outsiderland.com\/danahilliot\/wp-json\/wp\/v2\/types\/page"}],"author":[{"embeddable":true,"href":"https:\/\/outsiderland.com\/danahilliot\/wp-json\/wp\/v2\/users\/1"}],"replies":[{"embeddable":true,"href":"https:\/\/outsiderland.com\/danahilliot\/wp-json\/wp\/v2\/comments?post=120"}],"version-history":[{"count":3,"href":"https:\/\/outsiderland.com\/danahilliot\/wp-json\/wp\/v2\/pages\/120\/revisions"}],"predecessor-version":[{"id":4457,"href":"https:\/\/outsiderland.com\/danahilliot\/wp-json\/wp\/v2\/pages\/120\/revisions\/4457"}],"wp:attachment":[{"href":"https:\/\/outsiderland.com\/danahilliot\/wp-json\/wp\/v2\/media?parent=120"}],"wp:term":[{"taxonomy":"category","embeddable":true,"href":"https:\/\/outsiderland.com\/danahilliot\/wp-json\/wp\/v2\/categories?post=120"},{"taxonomy":"post_tag","embeddable":true,"href":"https:\/\/outsiderland.com\/danahilliot\/wp-json\/wp\/v2\/tags?post=120"}],"curies":[{"name":"wp","href":"https:\/\/api.w.org\/{rel}","templated":true}]}}