{"id":106,"date":"2018-10-05T11:53:08","date_gmt":"2018-10-05T11:53:08","guid":{"rendered":"https:\/\/outsiderland.com\/danahilliot\/?page_id=106"},"modified":"2025-10-12T09:46:09","modified_gmt":"2025-10-12T09:46:09","slug":"les-garages-une-epidemie","status":"publish","type":"page","link":"https:\/\/outsiderland.com\/danahilliot\/les-garages-une-epidemie\/","title":{"rendered":"Les garages (une \u00e9pid\u00e9mie)"},"content":{"rendered":"<p>A l\u2019entr\u00e9e du lotissement, les habitants de la premi\u00e8re maison sur la droite ont fait jaillir du n\u00e9ant un garage flambant neuf. Ils en avaient d\u00e9j\u00e0 un de garage, mais je suppose qu\u2019un garage ne leur suffisait pas et qu\u2019il leur en fallait absolument un autre. Elle est en train de peindre la porte m\u00e9tallique \u00e0 ouverture \u00e9lectrique en bleu marine. Il fait chaud, c\u2019est l\u2019\u00e9t\u00e9, la saison id\u00e9ale pour le bricolage. Cette ann\u00e9e, je ne sais pas ce qui leur a pris, \u00e0 tous mes voisins, ou presque, mais ils semblent s\u2019\u00eatre donn\u00e9 le mot. \u00c7a b\u00e2tit, \u00e7a \u00e9difie, \u00e7a \u00e9l\u00e8ve, des b\u00e2timents, des abris bois, des ateliers, et surtout des garages. En bordure de chaque maison, et des maisons, il s\u2019en est construit deux de plus au printemps, ce qui fait douze aujourd\u2019hui, sans compter celle qui d\u00e9sormais occulte notre horizon en direction du sud-ouest \u2013 pas vraiment un drame dans la mesure o\u00f9, jusqu\u2019\u00e0 pr\u00e9sent, nous avions vue sur le garage automobile. Et, \u00e0 peine les beaux jours avaient dispens\u00e9 leur lumi\u00e8re g\u00e9n\u00e9reuse sur nos habitations, mes voisins s\u2019y \u00e9taient mis : et que je coule du b\u00e9ton, et que je recouvre l\u2019herbe des jardins de ciment, cachez cette v\u00e9g\u00e9tation que je ne saurais voir, car c\u2019est ainsi, il semble que, soudainement, la verdure leur ait fait horreur, qu\u2019il y avait urgence \u00e0 la cacher, et que j\u2019\u00e9l\u00e8ve des murs et voici un toit et une porte m\u00e9tallique \u00e0 ouverture \u00e9lectrique. Comme si, brutalement, tous mes voisins prenaient conscience que la nature, c\u2019\u00e9tait l\u2019ennemi, comme si l\u2019on avait craint soudain que la nature puisse reprendre le dessus sur l\u2019homme : multipliant de mani\u00e8re ostensible les preuves de l\u2019existence humaine \u2013 quelle meilleur preuve qu\u2019un garage aux portes flambants neuves ? Quel artefact plus \u00e9vident qu\u2019une automobile ? \u2013 , les voil\u00e0 arm\u00e9s de pioches et de pelles, d\u00e9truisant et rasant, cuisant sous le soleil de plomb du mois d\u2019ao\u00fbt, amenant des machines \u00e0 creuser jusque dans leurs jardins \u2013 et bient\u00f4t, au train o\u00f9 \u00e7a va, ils n\u2019auront plus de jardin du tout, d\u00e9j\u00e0, tout est engazonn\u00e9, ou parsem\u00e9 de gravier, et quand ils sortent dehors, ils prennent soin de rester les deux pieds bien ancr\u00e9s sur leur terrasse en bois exotique. Et que je te taille les arbres, et que je rase tout ce qui d\u00e9passe. Une v\u00e9ritable \u00e9pid\u00e9mie d\u2019anthropisation : l\u00e0 o\u00f9 je vis, l\u2019herbe ne repoussera pas !<br \/>\nJe traverse le lotissement jusqu\u2019\u00e0 notre maison \u2013 nous n\u2019avons ni garage, ni gravillons, et notre jardin est une prairie ensauvag\u00e9e, satur\u00e9e d\u2019herbes hautes et d\u2019arbustes que j\u2019ai laiss\u00e9 venir \u00e0 l\u2019\u00eatre et qui poussent lentement, \u00e0 leur mani\u00e8re. On doit me juger paresseux, ou bien excentrique ou les deux \u00e0 la fois d\u2019\u00eatre \u00e0 ce point n\u00e9gligent. Et nos voitures dorment dehors, \u00e9t\u00e9 comme hiver \u2013 c\u2019est leur accorder semble-t-il peu d\u2019attention, alors que, d\u2019une certaine mani\u00e8re, elles devraient faire partie de la famille n\u2019est-ce pas ?<br \/>\nLes chiens m\u2019accueillent en jappant et remuant la queue puis mon amour fait entendre sa voix chantante depuis le bureau. Le soleil se glisse gentiment par les fen\u00eatres larges ouvertes vers le sud. Il va \u00eatre temps pour nous de partir. Nous n\u2019avons ni garage ni enfants ni \u00e9cran de t\u00e9l\u00e9vision. Contre les murs du salon, les \u00e9tag\u00e8res tiennent dans un \u00e9quilibre pr\u00e9caire, croulant sous le poids des livres. Je regarde une fois encore mon jardin sauvage, paradis des bourdons et des oiseaux de prairie, et \u00e7a me fait de la peine c\u2019est s\u00fbr d\u2019imaginer ce que nos successeurs dans cette maison feront \u00e0 ces pauvres fr\u00eanes, et \u00e0 ces herbes folles \u2013 probablement, ils mettront le tout \u00e0 niveau, feront en sorte que rien ne d\u00e9passe, gravillonneront et engazonneront, cl\u00f4tureront le tout avec des massifs de thuyas ou de lauriers. Mais qu\u2019y puis-je ?<\/p>\n","protected":false},"excerpt":{"rendered":"<p>A l\u2019entr\u00e9e du lotissement, les habitants de la premi\u00e8re maison sur la droite ont fait jaillir du n\u00e9ant un garage flambant neuf. Ils en avaient d\u00e9j\u00e0 un de garage, mais je suppose qu\u2019un garage ne leur suffisait pas et qu\u2019il leur en fallait absolument un autre. Elle est en train de peindre la porte m\u00e9tallique&hellip;<\/p>\n <a href=\"https:\/\/outsiderland.com\/danahilliot\/les-garages-une-epidemie\/\" title=\"Les garages (une \u00e9pid\u00e9mie)\" class=\"entry-more-link\"><span>Read More<\/span> <span class=\"screen-reader-text\">Les garages (une \u00e9pid\u00e9mie)<\/span><\/a>","protected":false},"author":1,"featured_media":0,"parent":0,"menu_order":0,"comment_status":"closed","ping_status":"closed","template":"","meta":{"Layout":"","footnotes":""},"categories":[120],"tags":[126],"class_list":["entry","author-danah","post-106","page","type-page","status-publish","category-observation","tag-observation"],"yoast_head":"<!-- This site is optimized with the Yoast SEO plugin v27.0 - https:\/\/yoast.com\/product\/yoast-seo-wordpress\/ -->\n<title>Les garages (une \u00e9pid\u00e9mie) - Outside Dana Hilliot<\/title>\n<meta name=\"robots\" content=\"index, follow, max-snippet:-1, max-image-preview:large, max-video-preview:-1\" \/>\n<link rel=\"canonical\" href=\"https:\/\/outsiderland.com\/danahilliot\/les-garages-une-epidemie\/\" \/>\n<meta property=\"og:locale\" content=\"fr_FR\" \/>\n<meta property=\"og:type\" content=\"article\" \/>\n<meta property=\"og:title\" content=\"Les garages (une \u00e9pid\u00e9mie) - Outside Dana Hilliot\" \/>\n<meta property=\"og:description\" content=\"A l\u2019entr\u00e9e du lotissement, les habitants de la premi\u00e8re maison sur la droite ont fait jaillir du n\u00e9ant un garage flambant neuf. Ils en avaient d\u00e9j\u00e0 un de garage, mais je suppose qu\u2019un garage ne leur suffisait pas et qu\u2019il leur en fallait absolument un autre. Elle est en train de peindre la porte m\u00e9tallique&hellip;\" \/>\n<meta property=\"og:url\" content=\"https:\/\/outsiderland.com\/danahilliot\/les-garages-une-epidemie\/\" \/>\n<meta property=\"og:site_name\" content=\"Outside Dana Hilliot\" \/>\n<meta property=\"article:modified_time\" content=\"2025-10-12T09:46:09+00:00\" \/>\n<meta name=\"twitter:card\" content=\"summary_large_image\" \/>\n<meta name=\"twitter:label1\" content=\"Dur\u00e9e de lecture estim\u00e9e\" \/>\n\t<meta name=\"twitter:data1\" content=\"3 minutes\" \/>\n<script type=\"application\/ld+json\" class=\"yoast-schema-graph\">{\"@context\":\"https:\/\/schema.org\",\"@graph\":[{\"@type\":\"WebPage\",\"@id\":\"https:\/\/outsiderland.com\/danahilliot\/les-garages-une-epidemie\/\",\"url\":\"https:\/\/outsiderland.com\/danahilliot\/les-garages-une-epidemie\/\",\"name\":\"Les garages (une \u00e9pid\u00e9mie) - Outside Dana Hilliot\",\"isPartOf\":{\"@id\":\"https:\/\/outsiderland.com\/danahilliot\/#website\"},\"datePublished\":\"2018-10-05T11:53:08+00:00\",\"dateModified\":\"2025-10-12T09:46:09+00:00\",\"breadcrumb\":{\"@id\":\"https:\/\/outsiderland.com\/danahilliot\/les-garages-une-epidemie\/#breadcrumb\"},\"inLanguage\":\"fr-FR\",\"potentialAction\":[{\"@type\":\"ReadAction\",\"target\":[\"https:\/\/outsiderland.com\/danahilliot\/les-garages-une-epidemie\/\"]}]},{\"@type\":\"BreadcrumbList\",\"@id\":\"https:\/\/outsiderland.com\/danahilliot\/les-garages-une-epidemie\/#breadcrumb\",\"itemListElement\":[{\"@type\":\"ListItem\",\"position\":1,\"name\":\"Accueil\",\"item\":\"https:\/\/outsiderland.com\/danahilliot\/\"},{\"@type\":\"ListItem\",\"position\":2,\"name\":\"Les garages (une \u00e9pid\u00e9mie)\"}]},{\"@type\":\"WebSite\",\"@id\":\"https:\/\/outsiderland.com\/danahilliot\/#website\",\"url\":\"https:\/\/outsiderland.com\/danahilliot\/\",\"name\":\"Outside Dana Hilliot\",\"description\":\". Archives . Activit\u00e9s . Projets .\",\"publisher\":{\"@id\":\"https:\/\/outsiderland.com\/danahilliot\/#\/schema\/person\/201a1fef0f5c2897bd65e98bcf6b1179\"},\"potentialAction\":[{\"@type\":\"SearchAction\",\"target\":{\"@type\":\"EntryPoint\",\"urlTemplate\":\"https:\/\/outsiderland.com\/danahilliot\/?s={search_term_string}\"},\"query-input\":{\"@type\":\"PropertyValueSpecification\",\"valueRequired\":true,\"valueName\":\"search_term_string\"}}],\"inLanguage\":\"fr-FR\"},{\"@type\":[\"Person\",\"Organization\"],\"@id\":\"https:\/\/outsiderland.com\/danahilliot\/#\/schema\/person\/201a1fef0f5c2897bd65e98bcf6b1179\",\"name\":\"danahilliot\",\"image\":{\"@type\":\"ImageObject\",\"inLanguage\":\"fr-FR\",\"@id\":\"https:\/\/outsiderland.com\/danahilliot\/#\/schema\/person\/image\/\",\"url\":\"https:\/\/outsiderland.com\/danahilliot\/wp-content\/uploads\/2026\/02\/50801449407_a909f2c1ad_k.jpg\",\"contentUrl\":\"https:\/\/outsiderland.com\/danahilliot\/wp-content\/uploads\/2026\/02\/50801449407_a909f2c1ad_k.jpg\",\"width\":2048,\"height\":1536,\"caption\":\"danahilliot\"},\"logo\":{\"@id\":\"https:\/\/outsiderland.com\/danahilliot\/#\/schema\/person\/image\/\"}}]}<\/script>\n<!-- \/ Yoast SEO plugin. -->","yoast_head_json":{"title":"Les garages (une \u00e9pid\u00e9mie) - Outside Dana Hilliot","robots":{"index":"index","follow":"follow","max-snippet":"max-snippet:-1","max-image-preview":"max-image-preview:large","max-video-preview":"max-video-preview:-1"},"canonical":"https:\/\/outsiderland.com\/danahilliot\/les-garages-une-epidemie\/","og_locale":"fr_FR","og_type":"article","og_title":"Les garages (une \u00e9pid\u00e9mie) - Outside Dana Hilliot","og_description":"A l\u2019entr\u00e9e du lotissement, les habitants de la premi\u00e8re maison sur la droite ont fait jaillir du n\u00e9ant un garage flambant neuf. Ils en avaient d\u00e9j\u00e0 un de garage, mais je suppose qu\u2019un garage ne leur suffisait pas et qu\u2019il leur en fallait absolument un autre. Elle est en train de peindre la porte m\u00e9tallique&hellip;","og_url":"https:\/\/outsiderland.com\/danahilliot\/les-garages-une-epidemie\/","og_site_name":"Outside Dana Hilliot","article_modified_time":"2025-10-12T09:46:09+00:00","twitter_card":"summary_large_image","twitter_misc":{"Dur\u00e9e de lecture estim\u00e9e":"3 minutes"},"schema":{"@context":"https:\/\/schema.org","@graph":[{"@type":"WebPage","@id":"https:\/\/outsiderland.com\/danahilliot\/les-garages-une-epidemie\/","url":"https:\/\/outsiderland.com\/danahilliot\/les-garages-une-epidemie\/","name":"Les garages (une \u00e9pid\u00e9mie) - Outside Dana Hilliot","isPartOf":{"@id":"https:\/\/outsiderland.com\/danahilliot\/#website"},"datePublished":"2018-10-05T11:53:08+00:00","dateModified":"2025-10-12T09:46:09+00:00","breadcrumb":{"@id":"https:\/\/outsiderland.com\/danahilliot\/les-garages-une-epidemie\/#breadcrumb"},"inLanguage":"fr-FR","potentialAction":[{"@type":"ReadAction","target":["https:\/\/outsiderland.com\/danahilliot\/les-garages-une-epidemie\/"]}]},{"@type":"BreadcrumbList","@id":"https:\/\/outsiderland.com\/danahilliot\/les-garages-une-epidemie\/#breadcrumb","itemListElement":[{"@type":"ListItem","position":1,"name":"Accueil","item":"https:\/\/outsiderland.com\/danahilliot\/"},{"@type":"ListItem","position":2,"name":"Les garages (une \u00e9pid\u00e9mie)"}]},{"@type":"WebSite","@id":"https:\/\/outsiderland.com\/danahilliot\/#website","url":"https:\/\/outsiderland.com\/danahilliot\/","name":"Outside Dana Hilliot","description":". Archives . Activit\u00e9s . Projets .","publisher":{"@id":"https:\/\/outsiderland.com\/danahilliot\/#\/schema\/person\/201a1fef0f5c2897bd65e98bcf6b1179"},"potentialAction":[{"@type":"SearchAction","target":{"@type":"EntryPoint","urlTemplate":"https:\/\/outsiderland.com\/danahilliot\/?s={search_term_string}"},"query-input":{"@type":"PropertyValueSpecification","valueRequired":true,"valueName":"search_term_string"}}],"inLanguage":"fr-FR"},{"@type":["Person","Organization"],"@id":"https:\/\/outsiderland.com\/danahilliot\/#\/schema\/person\/201a1fef0f5c2897bd65e98bcf6b1179","name":"danahilliot","image":{"@type":"ImageObject","inLanguage":"fr-FR","@id":"https:\/\/outsiderland.com\/danahilliot\/#\/schema\/person\/image\/","url":"https:\/\/outsiderland.com\/danahilliot\/wp-content\/uploads\/2026\/02\/50801449407_a909f2c1ad_k.jpg","contentUrl":"https:\/\/outsiderland.com\/danahilliot\/wp-content\/uploads\/2026\/02\/50801449407_a909f2c1ad_k.jpg","width":2048,"height":1536,"caption":"danahilliot"},"logo":{"@id":"https:\/\/outsiderland.com\/danahilliot\/#\/schema\/person\/image\/"}}]}},"_links":{"self":[{"href":"https:\/\/outsiderland.com\/danahilliot\/wp-json\/wp\/v2\/pages\/106","targetHints":{"allow":["GET"]}}],"collection":[{"href":"https:\/\/outsiderland.com\/danahilliot\/wp-json\/wp\/v2\/pages"}],"about":[{"href":"https:\/\/outsiderland.com\/danahilliot\/wp-json\/wp\/v2\/types\/page"}],"author":[{"embeddable":true,"href":"https:\/\/outsiderland.com\/danahilliot\/wp-json\/wp\/v2\/users\/1"}],"replies":[{"embeddable":true,"href":"https:\/\/outsiderland.com\/danahilliot\/wp-json\/wp\/v2\/comments?post=106"}],"version-history":[{"count":1,"href":"https:\/\/outsiderland.com\/danahilliot\/wp-json\/wp\/v2\/pages\/106\/revisions"}],"predecessor-version":[{"id":107,"href":"https:\/\/outsiderland.com\/danahilliot\/wp-json\/wp\/v2\/pages\/106\/revisions\/107"}],"wp:attachment":[{"href":"https:\/\/outsiderland.com\/danahilliot\/wp-json\/wp\/v2\/media?parent=106"}],"wp:term":[{"taxonomy":"category","embeddable":true,"href":"https:\/\/outsiderland.com\/danahilliot\/wp-json\/wp\/v2\/categories?post=106"},{"taxonomy":"post_tag","embeddable":true,"href":"https:\/\/outsiderland.com\/danahilliot\/wp-json\/wp\/v2\/tags?post=106"}],"curies":[{"name":"wp","href":"https:\/\/api.w.org\/{rel}","templated":true}]}}