{"id":104,"date":"2018-10-05T11:52:41","date_gmt":"2018-10-05T11:52:41","guid":{"rendered":"https:\/\/outsiderland.com\/danahilliot\/?page_id=104"},"modified":"2025-10-12T09:46:09","modified_gmt":"2025-10-12T09:46:09","slug":"le-quartier-reserve-aux-domestiques","status":"publish","type":"page","link":"https:\/\/outsiderland.com\/danahilliot\/le-quartier-reserve-aux-domestiques\/","title":{"rendered":"Le Quartier r\u00e9serv\u00e9 aux domestiques"},"content":{"rendered":"<p>Dans le monde o\u00f9 je suis n\u00e9, ces premiers mots sont dramatiques et laissent craindre le pire, et ne sont pas sans maladresse car, finalement, o\u00f9 na\u00eet-on je vous le demande, entre deux cuisses, entre les quatre murs blancs d\u2019une maternit\u00e9, au huiti\u00e8me \u00e9tage d\u2019un immeuble sale au cr\u00e9pi d\u00e9coll\u00e9, dans une cit\u00e9 mis\u00e9rable, une banlieue sale, dans le monde o\u00f9, o\u00f9 vous voudrez, je suis n\u00e9, le nom de Foucault \u00e9voquait la t\u00e9l\u00e9vision du samedi soir et les paillettes, plut\u00f4t que l\u2019histoire de la folie, et celui de P\u00e9rec une piste d\u2019athl\u00e9tisme en tartan rouge et cette fille aux foul\u00e9es interminables, plut\u00f4t qu\u2019une vie mode d\u2019emploi et l\u2019annihilation d\u2019une voyelle. Dans d\u2019autres foyers, il en allait autrement. Ce qui fait toute la diff\u00e9rence. La diff\u00e9rence que cela fait, c\u2019est que par exemple \u00e0 quinze ans, je consacrais ma vie \u00e0 marteler avec de fines chaussures \u00e0 pointes les pistes d\u2019athl\u00e9tisme en tartan rose plut\u00f4t qu\u2019\u00e0 \u00e9tudier la litt\u00e9rature.<\/p>\n<p>Mon p\u00e8re m\u2019a confi\u00e9, c\u2019\u00e9tait la premi\u00e8re fois qu\u2019il se confiait \u00e0 moi, il \u00e9tait d\u00e9j\u00e0 tard, je veux dire que j\u2019ai attendu longtemps avant mon p\u00e8re se laisse aller \u00e0 des confidences, on s\u2019est bien rattrap\u00e9 depuis, quand bien m\u00eame demeure une g\u00e8ne tangible quand nous nous appelons au t\u00e9l\u00e9phone, quand bien m\u00eame cette pudeur si commune dans ma famille r\u00e9pand autour de nos confidences un vague sentiment de honte, on se confie plus souvent, au d\u00e9but, les premi\u00e8res fois, j\u2019avais \u00e9t\u00e9 pris en lui parlant et en l\u2019\u00e9coutant d\u2019une irr\u00e9sistible envie de vomir, aujourd\u2019hui, je n\u2019\u00e9prouve plus qu\u2019une vague naus\u00e9e, les parents de mon p\u00e8re \u00e9taient domestiques, ils descendaient eux-m\u00eames de familles de domestiques, je suis issu d\u2019une lign\u00e9e de domestiques, le grand-p\u00e8re de mon p\u00e8re avait offici\u00e9 comme une sorte d\u2019intendant dans un vaste manoir dans la campagne non loin de l\u2019endroit o\u00f9 vit mon p\u00e8re d\u00e9sormais, le p\u00e8re de mon p\u00e8re se contentait d\u2019occuper le poste de concierge dans un \u00e9tablissement scolaire, c\u2019est en rentrant \u00e0 mobylette de son travail qu\u2019il est mort, renvers\u00e9 par un industriel, au volant d\u2019une voiture puissante, il n\u2019y a pas eu de proc\u00e8s, mon p\u00e8re a surpris l\u2019industriel glissant dans la main de sa m\u00e8re une enveloppe, et il n\u2019y a pas eu de proc\u00e8s, aucune plainte, apr\u00e8s quoi mon p\u00e8re est entr\u00e9 \u00e0 l\u2019universit\u00e9, moi je n\u2019ai cess\u00e9 de penser, tandis qu\u2019il se confiait : alors ? Et si l\u2019industriel n\u2019avait pas renvers\u00e9 le concierge qui rentrait de son travail au coll\u00e8ge ? Et si ?<\/p>\n<p>Peut-\u00eatre, parce que je suis issu d\u2019une lign\u00e9e de domestiques, je me sens accabl\u00e9 encore aujourd\u2019hui par des ann\u00e9es de soumission, peut-\u00eatre est-ce la raison pour laquelle il m\u2019est impossible d\u2019accomplir quoi que ce soit sans que d\u2019abord \u00e9merge en moi une sentiment de r\u00e9volte, chaque livre que j\u2019ai lu, chaque promenade sans but \u00e0 travers les montagnes, chaque phrase \u00e9crite ou prononc\u00e9e, implique une d\u00e9sob\u00e9issance, chacun de mes gestes manifeste une transgression, toute l\u2019existence me para\u00eet consister en une vaste et interminable, et, apr\u00e8s tant d\u2019ann\u00e9es, sans doute vaine, entreprise d\u2019\u00e9mancipation, et si par hasard il me vient un peu de reconnaissance, aussit\u00f4t je m\u2019empresse de reculer dans les quartiers r\u00e9serv\u00e9s aux domestiques, d\u00e8s qu\u2019on m\u2019invite \u00e0 festoyer avec les autres dans les salles du ch\u00e2teau o\u00f9 de nombreux convives se pressent, je m\u2019\u00e9clipse aussi discr\u00e8tement que possible, je m\u2019\u00e9teins, file en douce, descend des escaliers et traverse, seul, le parc du ch\u00e2teau, regagne d\u2019un pas lourd le logis des domestiques qui se trouve \u00e0 l\u2019entr\u00e9e de la propri\u00e9t\u00e9, c\u2019est ce que je fais, je vais me cacher parce que c\u2019est ce que je sais faire, se taire, parce que dans le monde o\u00f9 je suis n\u00e9, c\u2019est ce qu\u2019on fait le mieux.<\/p>\n","protected":false},"excerpt":{"rendered":"<p>Dans le monde o\u00f9 je suis n\u00e9, ces premiers mots sont dramatiques et laissent craindre le pire, et ne sont pas sans maladresse car, finalement, o\u00f9 na\u00eet-on je vous le demande, entre deux cuisses, entre les quatre murs blancs d\u2019une maternit\u00e9, au huiti\u00e8me \u00e9tage d\u2019un immeuble sale au cr\u00e9pi d\u00e9coll\u00e9, dans une cit\u00e9 mis\u00e9rable, une&hellip;<\/p>\n <a href=\"https:\/\/outsiderland.com\/danahilliot\/le-quartier-reserve-aux-domestiques\/\" title=\"Le Quartier r\u00e9serv\u00e9 aux domestiques\" class=\"entry-more-link\"><span>Read More<\/span> <span class=\"screen-reader-text\">Le Quartier r\u00e9serv\u00e9 aux domestiques<\/span><\/a>","protected":false},"author":1,"featured_media":0,"parent":0,"menu_order":0,"comment_status":"closed","ping_status":"closed","template":"","meta":{"Layout":"","footnotes":""},"categories":[120],"tags":[126],"class_list":["entry","author-danah","post-104","page","type-page","status-publish","category-observation","tag-observation"],"yoast_head":"<!-- This site is optimized with the Yoast SEO plugin v27.0 - https:\/\/yoast.com\/product\/yoast-seo-wordpress\/ -->\n<title>Le Quartier r\u00e9serv\u00e9 aux domestiques - Outside Dana Hilliot<\/title>\n<meta name=\"robots\" content=\"index, follow, max-snippet:-1, max-image-preview:large, max-video-preview:-1\" \/>\n<link rel=\"canonical\" href=\"https:\/\/outsiderland.com\/danahilliot\/le-quartier-reserve-aux-domestiques\/\" \/>\n<meta property=\"og:locale\" content=\"fr_FR\" \/>\n<meta property=\"og:type\" content=\"article\" \/>\n<meta property=\"og:title\" content=\"Le Quartier r\u00e9serv\u00e9 aux domestiques - Outside Dana Hilliot\" \/>\n<meta property=\"og:description\" content=\"Dans le monde o\u00f9 je suis n\u00e9, ces premiers mots sont dramatiques et laissent craindre le pire, et ne sont pas sans maladresse car, finalement, o\u00f9 na\u00eet-on je vous le demande, entre deux cuisses, entre les quatre murs blancs d\u2019une maternit\u00e9, au huiti\u00e8me \u00e9tage d\u2019un immeuble sale au cr\u00e9pi d\u00e9coll\u00e9, dans une cit\u00e9 mis\u00e9rable, une&hellip;\" \/>\n<meta property=\"og:url\" content=\"https:\/\/outsiderland.com\/danahilliot\/le-quartier-reserve-aux-domestiques\/\" \/>\n<meta property=\"og:site_name\" content=\"Outside Dana Hilliot\" \/>\n<meta property=\"article:modified_time\" content=\"2025-10-12T09:46:09+00:00\" \/>\n<meta name=\"twitter:card\" content=\"summary_large_image\" \/>\n<meta name=\"twitter:label1\" content=\"Dur\u00e9e de lecture estim\u00e9e\" \/>\n\t<meta name=\"twitter:data1\" content=\"4 minutes\" \/>\n<script type=\"application\/ld+json\" class=\"yoast-schema-graph\">{\"@context\":\"https:\/\/schema.org\",\"@graph\":[{\"@type\":\"WebPage\",\"@id\":\"https:\/\/outsiderland.com\/danahilliot\/le-quartier-reserve-aux-domestiques\/\",\"url\":\"https:\/\/outsiderland.com\/danahilliot\/le-quartier-reserve-aux-domestiques\/\",\"name\":\"Le Quartier r\u00e9serv\u00e9 aux domestiques - Outside Dana Hilliot\",\"isPartOf\":{\"@id\":\"https:\/\/outsiderland.com\/danahilliot\/#website\"},\"datePublished\":\"2018-10-05T11:52:41+00:00\",\"dateModified\":\"2025-10-12T09:46:09+00:00\",\"breadcrumb\":{\"@id\":\"https:\/\/outsiderland.com\/danahilliot\/le-quartier-reserve-aux-domestiques\/#breadcrumb\"},\"inLanguage\":\"fr-FR\",\"potentialAction\":[{\"@type\":\"ReadAction\",\"target\":[\"https:\/\/outsiderland.com\/danahilliot\/le-quartier-reserve-aux-domestiques\/\"]}]},{\"@type\":\"BreadcrumbList\",\"@id\":\"https:\/\/outsiderland.com\/danahilliot\/le-quartier-reserve-aux-domestiques\/#breadcrumb\",\"itemListElement\":[{\"@type\":\"ListItem\",\"position\":1,\"name\":\"Accueil\",\"item\":\"https:\/\/outsiderland.com\/danahilliot\/\"},{\"@type\":\"ListItem\",\"position\":2,\"name\":\"Le Quartier r\u00e9serv\u00e9 aux domestiques\"}]},{\"@type\":\"WebSite\",\"@id\":\"https:\/\/outsiderland.com\/danahilliot\/#website\",\"url\":\"https:\/\/outsiderland.com\/danahilliot\/\",\"name\":\"Outside Dana Hilliot\",\"description\":\". Archives . Activit\u00e9s . Projets .\",\"publisher\":{\"@id\":\"https:\/\/outsiderland.com\/danahilliot\/#\/schema\/person\/201a1fef0f5c2897bd65e98bcf6b1179\"},\"potentialAction\":[{\"@type\":\"SearchAction\",\"target\":{\"@type\":\"EntryPoint\",\"urlTemplate\":\"https:\/\/outsiderland.com\/danahilliot\/?s={search_term_string}\"},\"query-input\":{\"@type\":\"PropertyValueSpecification\",\"valueRequired\":true,\"valueName\":\"search_term_string\"}}],\"inLanguage\":\"fr-FR\"},{\"@type\":[\"Person\",\"Organization\"],\"@id\":\"https:\/\/outsiderland.com\/danahilliot\/#\/schema\/person\/201a1fef0f5c2897bd65e98bcf6b1179\",\"name\":\"danahilliot\",\"image\":{\"@type\":\"ImageObject\",\"inLanguage\":\"fr-FR\",\"@id\":\"https:\/\/outsiderland.com\/danahilliot\/#\/schema\/person\/image\/\",\"url\":\"https:\/\/outsiderland.com\/danahilliot\/wp-content\/uploads\/2026\/02\/50801449407_a909f2c1ad_k.jpg\",\"contentUrl\":\"https:\/\/outsiderland.com\/danahilliot\/wp-content\/uploads\/2026\/02\/50801449407_a909f2c1ad_k.jpg\",\"width\":2048,\"height\":1536,\"caption\":\"danahilliot\"},\"logo\":{\"@id\":\"https:\/\/outsiderland.com\/danahilliot\/#\/schema\/person\/image\/\"}}]}<\/script>\n<!-- \/ Yoast SEO plugin. -->","yoast_head_json":{"title":"Le Quartier r\u00e9serv\u00e9 aux domestiques - Outside Dana Hilliot","robots":{"index":"index","follow":"follow","max-snippet":"max-snippet:-1","max-image-preview":"max-image-preview:large","max-video-preview":"max-video-preview:-1"},"canonical":"https:\/\/outsiderland.com\/danahilliot\/le-quartier-reserve-aux-domestiques\/","og_locale":"fr_FR","og_type":"article","og_title":"Le Quartier r\u00e9serv\u00e9 aux domestiques - Outside Dana Hilliot","og_description":"Dans le monde o\u00f9 je suis n\u00e9, ces premiers mots sont dramatiques et laissent craindre le pire, et ne sont pas sans maladresse car, finalement, o\u00f9 na\u00eet-on je vous le demande, entre deux cuisses, entre les quatre murs blancs d\u2019une maternit\u00e9, au huiti\u00e8me \u00e9tage d\u2019un immeuble sale au cr\u00e9pi d\u00e9coll\u00e9, dans une cit\u00e9 mis\u00e9rable, une&hellip;","og_url":"https:\/\/outsiderland.com\/danahilliot\/le-quartier-reserve-aux-domestiques\/","og_site_name":"Outside Dana Hilliot","article_modified_time":"2025-10-12T09:46:09+00:00","twitter_card":"summary_large_image","twitter_misc":{"Dur\u00e9e de lecture estim\u00e9e":"4 minutes"},"schema":{"@context":"https:\/\/schema.org","@graph":[{"@type":"WebPage","@id":"https:\/\/outsiderland.com\/danahilliot\/le-quartier-reserve-aux-domestiques\/","url":"https:\/\/outsiderland.com\/danahilliot\/le-quartier-reserve-aux-domestiques\/","name":"Le Quartier r\u00e9serv\u00e9 aux domestiques - Outside Dana Hilliot","isPartOf":{"@id":"https:\/\/outsiderland.com\/danahilliot\/#website"},"datePublished":"2018-10-05T11:52:41+00:00","dateModified":"2025-10-12T09:46:09+00:00","breadcrumb":{"@id":"https:\/\/outsiderland.com\/danahilliot\/le-quartier-reserve-aux-domestiques\/#breadcrumb"},"inLanguage":"fr-FR","potentialAction":[{"@type":"ReadAction","target":["https:\/\/outsiderland.com\/danahilliot\/le-quartier-reserve-aux-domestiques\/"]}]},{"@type":"BreadcrumbList","@id":"https:\/\/outsiderland.com\/danahilliot\/le-quartier-reserve-aux-domestiques\/#breadcrumb","itemListElement":[{"@type":"ListItem","position":1,"name":"Accueil","item":"https:\/\/outsiderland.com\/danahilliot\/"},{"@type":"ListItem","position":2,"name":"Le Quartier r\u00e9serv\u00e9 aux domestiques"}]},{"@type":"WebSite","@id":"https:\/\/outsiderland.com\/danahilliot\/#website","url":"https:\/\/outsiderland.com\/danahilliot\/","name":"Outside Dana Hilliot","description":". Archives . Activit\u00e9s . Projets .","publisher":{"@id":"https:\/\/outsiderland.com\/danahilliot\/#\/schema\/person\/201a1fef0f5c2897bd65e98bcf6b1179"},"potentialAction":[{"@type":"SearchAction","target":{"@type":"EntryPoint","urlTemplate":"https:\/\/outsiderland.com\/danahilliot\/?s={search_term_string}"},"query-input":{"@type":"PropertyValueSpecification","valueRequired":true,"valueName":"search_term_string"}}],"inLanguage":"fr-FR"},{"@type":["Person","Organization"],"@id":"https:\/\/outsiderland.com\/danahilliot\/#\/schema\/person\/201a1fef0f5c2897bd65e98bcf6b1179","name":"danahilliot","image":{"@type":"ImageObject","inLanguage":"fr-FR","@id":"https:\/\/outsiderland.com\/danahilliot\/#\/schema\/person\/image\/","url":"https:\/\/outsiderland.com\/danahilliot\/wp-content\/uploads\/2026\/02\/50801449407_a909f2c1ad_k.jpg","contentUrl":"https:\/\/outsiderland.com\/danahilliot\/wp-content\/uploads\/2026\/02\/50801449407_a909f2c1ad_k.jpg","width":2048,"height":1536,"caption":"danahilliot"},"logo":{"@id":"https:\/\/outsiderland.com\/danahilliot\/#\/schema\/person\/image\/"}}]}},"_links":{"self":[{"href":"https:\/\/outsiderland.com\/danahilliot\/wp-json\/wp\/v2\/pages\/104","targetHints":{"allow":["GET"]}}],"collection":[{"href":"https:\/\/outsiderland.com\/danahilliot\/wp-json\/wp\/v2\/pages"}],"about":[{"href":"https:\/\/outsiderland.com\/danahilliot\/wp-json\/wp\/v2\/types\/page"}],"author":[{"embeddable":true,"href":"https:\/\/outsiderland.com\/danahilliot\/wp-json\/wp\/v2\/users\/1"}],"replies":[{"embeddable":true,"href":"https:\/\/outsiderland.com\/danahilliot\/wp-json\/wp\/v2\/comments?post=104"}],"version-history":[{"count":1,"href":"https:\/\/outsiderland.com\/danahilliot\/wp-json\/wp\/v2\/pages\/104\/revisions"}],"predecessor-version":[{"id":105,"href":"https:\/\/outsiderland.com\/danahilliot\/wp-json\/wp\/v2\/pages\/104\/revisions\/105"}],"wp:attachment":[{"href":"https:\/\/outsiderland.com\/danahilliot\/wp-json\/wp\/v2\/media?parent=104"}],"wp:term":[{"taxonomy":"category","embeddable":true,"href":"https:\/\/outsiderland.com\/danahilliot\/wp-json\/wp\/v2\/categories?post=104"},{"taxonomy":"post_tag","embeddable":true,"href":"https:\/\/outsiderland.com\/danahilliot\/wp-json\/wp\/v2\/tags?post=104"}],"curies":[{"name":"wp","href":"https:\/\/api.w.org\/{rel}","templated":true}]}}