{"id":102,"date":"2018-10-05T11:43:50","date_gmt":"2018-10-05T11:43:50","guid":{"rendered":"https:\/\/outsiderland.com\/danahilliot\/?page_id=102"},"modified":"2025-10-12T09:46:09","modified_gmt":"2025-10-12T09:46:09","slug":"le-futur-anterieur","status":"publish","type":"page","link":"https:\/\/outsiderland.com\/danahilliot\/le-futur-anterieur\/","title":{"rendered":"Le Futur ant\u00e9rieur"},"content":{"rendered":"<p>Fatalement, alors que s\u2019offrait une vaste journ\u00e9e indemne de toutes contraintes, le genre de journ\u00e9e dont j\u2019ai \u00e9t\u00e9 priv\u00e9 depuis des lustres, le genre de journ\u00e9e qu\u2019on attend secr\u00e8tement en patientant, en rongeant son frein, en ravalant la haine qui s\u2019accumule, la haine que nourrit l\u2019encombrement des emplois sans joie et qui, au lieu de contribuer \u00e0 votre \u00e9panouissement vous rapprochent plut\u00f4t \u00e0 chaque minute de la mort, le genre de journ\u00e9e qui, en retour, semble \u00e9galement vous attendre \u2013 au tournant ? \u2013, le genre de journ\u00e9e que vous avez tout loisir d\u2019investir \u00e0 votre guise, sans vous soucier de rien d\u2019autre que de votre guise pr\u00e9cis\u00e9ment \u2013 et ma guise \u00e0 moi c\u2019est d\u2019\u00e9crire \u00e9videmment, d\u2019\u00e9crire ce fichu putain de bouquin pourri qui me tra\u00eene dans la t\u00eate, tout en me sortant par les yeux, ou plut\u00f4t, qui g\u00eet dans le coin de ma t\u00eate que le reste, les contraintes de l\u2019existence contemporaines, a daign\u00e9 laisser libre, cet espace encore vide mais encercl\u00e9 d\u2019attentes, satur\u00e9 d\u2019attentes, \u00e9touffant d\u2019attentes, et du coup, je le crains maintenant que cette fameuse journ\u00e9e est en train de s\u2019effilocher, je le crains au fur et \u00e0 mesure qu\u2019il m\u2019appara\u00eet que je ne ferai rien de cette journ\u00e9e, except\u00e9 ruminer que je ne ferai rien de cette journ\u00e9e, encercl\u00e9 de partout par ces attentes en train d\u2019\u00eatre d\u00e9\u00e7ues, cette frustration en train de s\u2019installer, ce sentiment de nullit\u00e9 en train d\u2019emporter ce qui reste de mon esprit r\u00e9duit \u00e0 cette rumination, apercevant d\u00e9j\u00e0 poindre \u00e0 l\u2019horizon les \u00e9perons des contraintes du lendemain, car le lendemain et le surlendemain et le jour d\u2019apr\u00e8s, je sais bien ce qui m\u2019attend, et ce qui m\u2019attend n\u2019est en rien cet espace et cette dur\u00e9e vide, n\u2019est en rien une matrice, ne promet rien, ce futur proche ne sera rien d\u2019autre que l\u2019ali\u00e9nation, ne promet rien d\u2019autre que de remettre \u00e0 plus tard ce projet qui me tient \u00e0 c\u0153ur et me hante, ne promet rien d\u2019autre que la frustration, et plus la journ\u00e9e avance et plus j\u2019\u00e9cris ligne apr\u00e8s ligne au sujet de cette journ\u00e9e en train de s\u2019effilocher, et plus je regrette qu\u2019en fran\u00e7ais nous n\u2019ayons pas \u00e0 notre disposition un pr\u00e9sent progressif digne de ce nom et soyons oblig\u00e9s d\u2019embarrasser nos textes d\u00e9j\u00e0 bien empot\u00e9s avec des en train de, d\u00e9j\u00e0 qu\u2019il n\u2019est pas facile d\u2019exprimer l\u2019imminence, malgr\u00e9 que l\u2019imminence occupe une part si importante et si d\u00e9cisive dans nos vies, dans la mienne en tous cas, parce qu\u2019\u00eatre sur le point de, voil\u00e0 o\u00f9 je me situe le plus souvent durant des journ\u00e9es comme celles-l\u00e0, et les autres journ\u00e9es aussi si j\u2019y songe, la plupart du temps en somme, je suis le plus souvent en train d\u2019\u00eatre sur le point de, juch\u00e9 sur la pointe des pieds \u00e0 la fronti\u00e8re extraordinairement fine entre l\u2019ali\u00e9nation et la lib\u00e9ration, entre le socialisme et le narcissisme, et pour tout dire, entre le conformisme et la folie, fatalement donc, cette vaste journ\u00e9e etc. m\u2019appara\u00eet plus nettement au fur et \u00e0 mesure qu\u2019elle devient ce qu\u2019elle est pour ce qu\u2019elle est : un banal g\u00e2chis \u2013 si encore il pouvait \u00eatre remarquable ce g\u00e2chis : m\u00eame pas : il est tout simplement banal, il n\u2019y a rien \u00e0 en dire, on peut juste dire que cette journ\u00e9e que je croyais vide \u00e9tait en r\u00e9alit\u00e9 satur\u00e9e d\u2019attentes, d\u2019esp\u00e9rances, qu\u2019elle n\u2019\u00e9tait en r\u00e9alit\u00e9 pas vide du tout, comme je me plaisais \u00e0 le croire en imaginant cette journ\u00e9e sur mon emploi du temps, mais pleine, si pleine qu\u2019il ne restait pas la moindre place disponible pour y faire ou y cr\u00e9er quoi que ce soit, \u00e0 part ce genre de texte que j\u2019\u00e9cris maintenant, qui ne vaut pas mieux qu\u2019un excr\u00e9ment, qu\u2019il n\u2019y avait pas de place pour autre chose qu\u2019un excr\u00e9ment, produit logique de ce genre de rumination, produit \u00e9vident de la n\u00e9vrose de rumination, et qu\u2019au fur et \u00e0 mesure, le ciel gris pourri virant au gris fonc\u00e9, une sorte d\u2019obscurit\u00e9 naus\u00e9euse tombant sur le paysage qui s\u2019offre, indiff\u00e9rent \u00e0 vos malheurs, par la fen\u00eatre, \u00e0 force que je sois amen\u00e9 \u00e0 convenir que de cette journ\u00e9e ne subsiste pour ainsi dire qu\u2019une poign\u00e9e d\u2019heures, et que bient\u00f4t ce sera la nuit, puis le matin, bref, que cette merveilleuse putain de journ\u00e9e est en r\u00e9alit\u00e9 d\u00e9j\u00e0 finie, ou plut\u00f4t sur le point d\u2019\u00eatre d\u00e9j\u00e0 finie, qu\u2019en r\u00e9alit\u00e9 il en est ainsi depuis ce matin, que cette putain de journ\u00e9e n\u2019a jamais cess\u00e9 d\u2019\u00eatre en train de finir, de me filer entre les doigts, que je n\u2019ai absolument pas pu un seul instant esp\u00e9rer la retenir avec mes mots crochus, fatalement donc, de cette vaste journ\u00e9e etc. ne demeurent que les ruines des promesses non tenues, des esp\u00e9rances invers\u00e9es, d\u2019un d\u00e9go\u00fbt qui au fil des heures a entam\u00e9 par contagion tous les alentours, \u00e0 force donc, s\u2019avance mena\u00e7ante l\u2019horrible conjugaison du futur ant\u00e9rieur qui vous ass\u00e8ne (ou vous ass\u00e9nera ou vous aura ass\u00e9n\u00e9) ses \u00ab j\u2019aurai pu \u00bb et ses \u00ab j\u2019aurais \u00e9t\u00e9 \u00bb et pire : son fameux : \u00ab j\u2019aurais \u00e9t\u00e9 attendu \u00bb !, et \u00e0 sa mani\u00e8re implacable vous condamne pour l\u2019heure \u00e0 la seule alternative viable : boire ou dormir (mais : <i>Trinken ist verboten !<\/i><i>)<\/i> Alors m\u2019en vais piquer un roupillon \u2013 et il est \u00e9vident que les phrases que je n\u2019ai pas \u00e9t\u00e9 foutu d\u2019\u00e9crire me viendront alors, et se perdront dans les limbes d\u2019o\u00f9 elles avaient \u00e9t\u00e9 con\u00e7ues en silence, tout aussit\u00f4t que, saisi d\u2019un courage surhumain, je m\u2019\u00e9veille afin de les noter.) J\u2019entends d\u00e9j\u00e0 les d\u00e9go\u00fbtantes le\u00e7ons de la Sagesse s\u2019acheminer en grandes pompes d\u00e9solantes jusqu\u2019\u00e0 mon lit. Le genre de sagesse qui sied aux faibles d\u2019esprit, aux imb\u00e9ciles, aux impuissants, au rang desquels je me compte facilement tandis que la nuit s\u2019\u00e9tale comme du varech \u00e0 la fen\u00eatre (ha si ! j\u2019aurais au moins eu cette vision d\u2019une nuit s\u2019\u00e9talant comme du varech : ferait mieux de me mettre \u00e0 la po\u00e9sie, c\u2019est moins fatigant), la Sagesse donc, ou la sagesse, conseille d\u00e9j\u00e0, sirupeuse et enrubann\u00e9e de certitudes \u2013 en v\u00e9rit\u00e9 les habits m\u00eames du tyran \u2013, de prendre les jours comme ils viennent (et les nuits pareillement j\u2019imagine), et la sagesse a raison, mille fois raison, c\u2019est d\u2019ailleurs pour ce motif qu\u2019elle est si ennuyeuse, qu\u2019elle ne peut toucher et produire son effet que sur les imb\u00e9ciles et les pauvres d\u2019esprit, dont, je dois bien l\u2019admettre, je fais partie en cette tout fin du jour, ne rien attendre, ne rien promettre, \u00e0 personne, et encore moins \u00e0 soi-m\u00eame, laisser les choses venir plut\u00f4t que d\u2019y pr\u00e9tendre, doux pr\u00e9cepte et consolation, sirop gluant recouvrant l\u2019intol\u00e9rable absurdit\u00e9 de nos pitoyables existences \u2013 ne nous emballons pas ! De la mienne en tous cas. Si au moins \u00e7a pouvait nous aider \u00e0 dormir.<\/p>\n","protected":false},"excerpt":{"rendered":"<p>Fatalement, alors que s\u2019offrait une vaste journ\u00e9e indemne de toutes contraintes, le genre de journ\u00e9e dont j\u2019ai \u00e9t\u00e9 priv\u00e9 depuis des lustres, le genre de journ\u00e9e qu\u2019on attend secr\u00e8tement en patientant, en rongeant son frein, en ravalant la haine qui s\u2019accumule, la haine que nourrit l\u2019encombrement des emplois sans joie et qui, au lieu de&hellip;<\/p>\n <a href=\"https:\/\/outsiderland.com\/danahilliot\/le-futur-anterieur\/\" title=\"Le Futur ant\u00e9rieur\" class=\"entry-more-link\"><span>Read More<\/span> <span class=\"screen-reader-text\">Le Futur ant\u00e9rieur<\/span><\/a>","protected":false},"author":1,"featured_media":0,"parent":0,"menu_order":0,"comment_status":"closed","ping_status":"closed","template":"","meta":{"Layout":"","footnotes":""},"categories":[120],"tags":[126],"class_list":["entry","author-danah","post-102","page","type-page","status-publish","category-observation","tag-observation"],"yoast_head":"<!-- This site is optimized with the Yoast SEO plugin v27.0 - https:\/\/yoast.com\/product\/yoast-seo-wordpress\/ -->\n<title>Le Futur ant\u00e9rieur - Outside Dana Hilliot<\/title>\n<meta name=\"robots\" content=\"index, follow, max-snippet:-1, max-image-preview:large, max-video-preview:-1\" \/>\n<link rel=\"canonical\" href=\"https:\/\/outsiderland.com\/danahilliot\/le-futur-anterieur\/\" \/>\n<meta property=\"og:locale\" content=\"fr_FR\" \/>\n<meta property=\"og:type\" content=\"article\" \/>\n<meta property=\"og:title\" content=\"Le Futur ant\u00e9rieur - Outside Dana Hilliot\" \/>\n<meta property=\"og:description\" content=\"Fatalement, alors que s\u2019offrait une vaste journ\u00e9e indemne de toutes contraintes, le genre de journ\u00e9e dont j\u2019ai \u00e9t\u00e9 priv\u00e9 depuis des lustres, le genre de journ\u00e9e qu\u2019on attend secr\u00e8tement en patientant, en rongeant son frein, en ravalant la haine qui s\u2019accumule, la haine que nourrit l\u2019encombrement des emplois sans joie et qui, au lieu de&hellip;\" \/>\n<meta property=\"og:url\" content=\"https:\/\/outsiderland.com\/danahilliot\/le-futur-anterieur\/\" \/>\n<meta property=\"og:site_name\" content=\"Outside Dana Hilliot\" \/>\n<meta property=\"article:modified_time\" content=\"2025-10-12T09:46:09+00:00\" \/>\n<meta name=\"twitter:card\" content=\"summary_large_image\" \/>\n<meta name=\"twitter:label1\" content=\"Dur\u00e9e de lecture estim\u00e9e\" \/>\n\t<meta name=\"twitter:data1\" content=\"6 minutes\" \/>\n<script type=\"application\/ld+json\" class=\"yoast-schema-graph\">{\"@context\":\"https:\/\/schema.org\",\"@graph\":[{\"@type\":\"WebPage\",\"@id\":\"https:\/\/outsiderland.com\/danahilliot\/le-futur-anterieur\/\",\"url\":\"https:\/\/outsiderland.com\/danahilliot\/le-futur-anterieur\/\",\"name\":\"Le Futur ant\u00e9rieur - Outside Dana Hilliot\",\"isPartOf\":{\"@id\":\"https:\/\/outsiderland.com\/danahilliot\/#website\"},\"datePublished\":\"2018-10-05T11:43:50+00:00\",\"dateModified\":\"2025-10-12T09:46:09+00:00\",\"breadcrumb\":{\"@id\":\"https:\/\/outsiderland.com\/danahilliot\/le-futur-anterieur\/#breadcrumb\"},\"inLanguage\":\"fr-FR\",\"potentialAction\":[{\"@type\":\"ReadAction\",\"target\":[\"https:\/\/outsiderland.com\/danahilliot\/le-futur-anterieur\/\"]}]},{\"@type\":\"BreadcrumbList\",\"@id\":\"https:\/\/outsiderland.com\/danahilliot\/le-futur-anterieur\/#breadcrumb\",\"itemListElement\":[{\"@type\":\"ListItem\",\"position\":1,\"name\":\"Accueil\",\"item\":\"https:\/\/outsiderland.com\/danahilliot\/\"},{\"@type\":\"ListItem\",\"position\":2,\"name\":\"Le Futur ant\u00e9rieur\"}]},{\"@type\":\"WebSite\",\"@id\":\"https:\/\/outsiderland.com\/danahilliot\/#website\",\"url\":\"https:\/\/outsiderland.com\/danahilliot\/\",\"name\":\"Outside Dana Hilliot\",\"description\":\". Archives . Activit\u00e9s . Projets .\",\"publisher\":{\"@id\":\"https:\/\/outsiderland.com\/danahilliot\/#\/schema\/person\/201a1fef0f5c2897bd65e98bcf6b1179\"},\"potentialAction\":[{\"@type\":\"SearchAction\",\"target\":{\"@type\":\"EntryPoint\",\"urlTemplate\":\"https:\/\/outsiderland.com\/danahilliot\/?s={search_term_string}\"},\"query-input\":{\"@type\":\"PropertyValueSpecification\",\"valueRequired\":true,\"valueName\":\"search_term_string\"}}],\"inLanguage\":\"fr-FR\"},{\"@type\":[\"Person\",\"Organization\"],\"@id\":\"https:\/\/outsiderland.com\/danahilliot\/#\/schema\/person\/201a1fef0f5c2897bd65e98bcf6b1179\",\"name\":\"danahilliot\",\"image\":{\"@type\":\"ImageObject\",\"inLanguage\":\"fr-FR\",\"@id\":\"https:\/\/outsiderland.com\/danahilliot\/#\/schema\/person\/image\/\",\"url\":\"https:\/\/outsiderland.com\/danahilliot\/wp-content\/uploads\/2026\/02\/50801449407_a909f2c1ad_k.jpg\",\"contentUrl\":\"https:\/\/outsiderland.com\/danahilliot\/wp-content\/uploads\/2026\/02\/50801449407_a909f2c1ad_k.jpg\",\"width\":2048,\"height\":1536,\"caption\":\"danahilliot\"},\"logo\":{\"@id\":\"https:\/\/outsiderland.com\/danahilliot\/#\/schema\/person\/image\/\"}}]}<\/script>\n<!-- \/ Yoast SEO plugin. -->","yoast_head_json":{"title":"Le Futur ant\u00e9rieur - Outside Dana Hilliot","robots":{"index":"index","follow":"follow","max-snippet":"max-snippet:-1","max-image-preview":"max-image-preview:large","max-video-preview":"max-video-preview:-1"},"canonical":"https:\/\/outsiderland.com\/danahilliot\/le-futur-anterieur\/","og_locale":"fr_FR","og_type":"article","og_title":"Le Futur ant\u00e9rieur - Outside Dana Hilliot","og_description":"Fatalement, alors que s\u2019offrait une vaste journ\u00e9e indemne de toutes contraintes, le genre de journ\u00e9e dont j\u2019ai \u00e9t\u00e9 priv\u00e9 depuis des lustres, le genre de journ\u00e9e qu\u2019on attend secr\u00e8tement en patientant, en rongeant son frein, en ravalant la haine qui s\u2019accumule, la haine que nourrit l\u2019encombrement des emplois sans joie et qui, au lieu de&hellip;","og_url":"https:\/\/outsiderland.com\/danahilliot\/le-futur-anterieur\/","og_site_name":"Outside Dana Hilliot","article_modified_time":"2025-10-12T09:46:09+00:00","twitter_card":"summary_large_image","twitter_misc":{"Dur\u00e9e de lecture estim\u00e9e":"6 minutes"},"schema":{"@context":"https:\/\/schema.org","@graph":[{"@type":"WebPage","@id":"https:\/\/outsiderland.com\/danahilliot\/le-futur-anterieur\/","url":"https:\/\/outsiderland.com\/danahilliot\/le-futur-anterieur\/","name":"Le Futur ant\u00e9rieur - Outside Dana Hilliot","isPartOf":{"@id":"https:\/\/outsiderland.com\/danahilliot\/#website"},"datePublished":"2018-10-05T11:43:50+00:00","dateModified":"2025-10-12T09:46:09+00:00","breadcrumb":{"@id":"https:\/\/outsiderland.com\/danahilliot\/le-futur-anterieur\/#breadcrumb"},"inLanguage":"fr-FR","potentialAction":[{"@type":"ReadAction","target":["https:\/\/outsiderland.com\/danahilliot\/le-futur-anterieur\/"]}]},{"@type":"BreadcrumbList","@id":"https:\/\/outsiderland.com\/danahilliot\/le-futur-anterieur\/#breadcrumb","itemListElement":[{"@type":"ListItem","position":1,"name":"Accueil","item":"https:\/\/outsiderland.com\/danahilliot\/"},{"@type":"ListItem","position":2,"name":"Le Futur ant\u00e9rieur"}]},{"@type":"WebSite","@id":"https:\/\/outsiderland.com\/danahilliot\/#website","url":"https:\/\/outsiderland.com\/danahilliot\/","name":"Outside Dana Hilliot","description":". Archives . Activit\u00e9s . Projets .","publisher":{"@id":"https:\/\/outsiderland.com\/danahilliot\/#\/schema\/person\/201a1fef0f5c2897bd65e98bcf6b1179"},"potentialAction":[{"@type":"SearchAction","target":{"@type":"EntryPoint","urlTemplate":"https:\/\/outsiderland.com\/danahilliot\/?s={search_term_string}"},"query-input":{"@type":"PropertyValueSpecification","valueRequired":true,"valueName":"search_term_string"}}],"inLanguage":"fr-FR"},{"@type":["Person","Organization"],"@id":"https:\/\/outsiderland.com\/danahilliot\/#\/schema\/person\/201a1fef0f5c2897bd65e98bcf6b1179","name":"danahilliot","image":{"@type":"ImageObject","inLanguage":"fr-FR","@id":"https:\/\/outsiderland.com\/danahilliot\/#\/schema\/person\/image\/","url":"https:\/\/outsiderland.com\/danahilliot\/wp-content\/uploads\/2026\/02\/50801449407_a909f2c1ad_k.jpg","contentUrl":"https:\/\/outsiderland.com\/danahilliot\/wp-content\/uploads\/2026\/02\/50801449407_a909f2c1ad_k.jpg","width":2048,"height":1536,"caption":"danahilliot"},"logo":{"@id":"https:\/\/outsiderland.com\/danahilliot\/#\/schema\/person\/image\/"}}]}},"_links":{"self":[{"href":"https:\/\/outsiderland.com\/danahilliot\/wp-json\/wp\/v2\/pages\/102","targetHints":{"allow":["GET"]}}],"collection":[{"href":"https:\/\/outsiderland.com\/danahilliot\/wp-json\/wp\/v2\/pages"}],"about":[{"href":"https:\/\/outsiderland.com\/danahilliot\/wp-json\/wp\/v2\/types\/page"}],"author":[{"embeddable":true,"href":"https:\/\/outsiderland.com\/danahilliot\/wp-json\/wp\/v2\/users\/1"}],"replies":[{"embeddable":true,"href":"https:\/\/outsiderland.com\/danahilliot\/wp-json\/wp\/v2\/comments?post=102"}],"version-history":[{"count":1,"href":"https:\/\/outsiderland.com\/danahilliot\/wp-json\/wp\/v2\/pages\/102\/revisions"}],"predecessor-version":[{"id":103,"href":"https:\/\/outsiderland.com\/danahilliot\/wp-json\/wp\/v2\/pages\/102\/revisions\/103"}],"wp:attachment":[{"href":"https:\/\/outsiderland.com\/danahilliot\/wp-json\/wp\/v2\/media?parent=102"}],"wp:term":[{"taxonomy":"category","embeddable":true,"href":"https:\/\/outsiderland.com\/danahilliot\/wp-json\/wp\/v2\/categories?post=102"},{"taxonomy":"post_tag","embeddable":true,"href":"https:\/\/outsiderland.com\/danahilliot\/wp-json\/wp\/v2\/tags?post=102"}],"curies":[{"name":"wp","href":"https:\/\/api.w.org\/{rel}","templated":true}]}}