{"id":324,"date":"2015-09-27T16:14:45","date_gmt":"2015-09-27T16:14:45","guid":{"rendered":"https:\/\/outsiderland.com\/Roger-Delcros\/?page_id=324"},"modified":"2023-10-30T10:05:48","modified_gmt":"2023-10-30T10:05:48","slug":"massif-de-la-margeride","status":"publish","type":"page","link":"https:\/\/outsiderland.com\/Roger-Delcros\/?page_id=324","title":{"rendered":"Massif de la Margeride"},"content":{"rendered":"<h3 class=\"post-title entry-title\"><span style=\"color: #000000;\">Massif de la Margeride<\/span><\/h3>\n<div id=\"post-body-8786638132835384866\" class=\"post-body entry-content\">\n<p>Cantal, Haute-Loire et Loz\u00e9re. Le massif de la Margeride ( granitique ) est l&rsquo;un des plus importants\u00a0\u00a0 en Europe par sa superficie. Le plus haut sommet du massif est :\u00a0 le Signal de Randon avec ses 1551 m<\/p>\n<div class=\"separator\"><a href=\"https:\/\/outsiderland.com\/Roger-Delcros\/wp-content\/uploads\/2015\/09\/la-Margeride.jpg\"><img loading=\"lazy\" decoding=\"async\" class=\"aligncenter wp-image-407 size-large\" src=\"https:\/\/outsiderland.com\/Roger-Delcros\/wp-content\/uploads\/2015\/09\/la-Margeride-1024x295.jpg\" alt=\"la-Margeride\" width=\"720\" height=\"207\" srcset=\"https:\/\/outsiderland.com\/Roger-Delcros\/wp-content\/uploads\/2015\/09\/la-Margeride-1024x295.jpg 1024w, https:\/\/outsiderland.com\/Roger-Delcros\/wp-content\/uploads\/2015\/09\/la-Margeride-600x173.jpg 600w, https:\/\/outsiderland.com\/Roger-Delcros\/wp-content\/uploads\/2015\/09\/la-Margeride-720x207.jpg 720w, https:\/\/outsiderland.com\/Roger-Delcros\/wp-content\/uploads\/2015\/09\/la-Margeride-224x65.jpg 224w, https:\/\/outsiderland.com\/Roger-Delcros\/wp-content\/uploads\/2015\/09\/la-Margeride-1440x415.jpg 1440w, https:\/\/outsiderland.com\/Roger-Delcros\/wp-content\/uploads\/2015\/09\/la-Margeride-1140x328.jpg 1140w, https:\/\/outsiderland.com\/Roger-Delcros\/wp-content\/uploads\/2015\/09\/la-Margeride.jpg 1500w\" sizes=\"auto, (max-width: 720px) 100vw, 720px\" \/><\/a><\/div>\n<div class=\"separator\"><\/div>\n<\/div>\n<div class=\"separator\">Site Natura 2000 : Sommets du Nord Margeride<\/div>\n<div class=\"separator\"><\/div>\n<div class=\"separator\"><\/div>\n<div class=\"separator\"><\/div>\n<div id=\"post-body-8786638132835384866\" class=\"post-body entry-content\">\n<div class=\"separator\">\u00a0Le massif de Margeride est un formidable terrain , pour les raids \u00e0 skis de randonn\u00e9e nordique , \u00e0 VTT &#8230;.<\/div>\n<\/div>\n<div class=\"separator\"><\/div>\n<div class=\"separator\"><\/div>\n<div id=\"post-body-8786638132835384866\" class=\"post-body entry-content\">\n<div class=\"separator\">\u00a0La station de pleine nature des Bouviers 1415 m est situ\u00e9e sur le massif granitique de Margeride<\/div>\n<ul>\n<li>\u00a0 Les activit\u00e9s sportives : ski de fond , Randonn\u00e9e nordique , Raquettes \u00e0 neige ,VTT\u00a0<a href=\"http:\/\/www.lesbouviers.com\/\" target=\"_blank\" rel=\"noopener noreferrer\"> http:\/\/www.lesbouviers.com\/\u00a0 <\/a><\/li>\n<\/ul>\n<\/div>\n<div class=\"separator\"><\/div>\n<div id=\"post-body-8786638132835384866\" class=\"post-body entry-content\">\n<div class=\"separator\"><\/div>\n<ul>\n<li class=\"separator\">Laubert Plateau du roy 1265 m\u00a0 : Site nordique\u00a0 .Les activit\u00e9s de pleine nature sont : ski de fond ,Raquettes \u00e0 neige ,VTT &#8230;&#8230;&#8230;&#8230;\u00a0\u00a0<a href=\"http:\/\/www.lozere-tourisme.com\">www.lozere-tourisme.com<\/a><\/li>\n<\/ul>\n<div class=\"separator\"><\/div>\n<div class=\"separator\"><\/div>\n<\/div>\n<div class=\"separator\"><\/div>\n<div class=\"separator\"><\/div>\n<div class=\"separator\"><\/div>\n<div id=\"post-body-8786638132835384866\" class=\"post-body entry-content\">\n<div class=\"separator\"><\/div>\n<div class=\"separator\"><\/div>\n<div class=\"separator\"><a href=\"https:\/\/outsiderland.com\/Roger-Delcros\/wp-content\/uploads\/2015\/09\/1d8049b35b22be855fd2b380eddaa929.jpg\"><img loading=\"lazy\" decoding=\"async\" class=\"aligncenter size-large wp-image-411\" src=\"https:\/\/outsiderland.com\/Roger-Delcros\/wp-content\/uploads\/2015\/09\/1d8049b35b22be855fd2b380eddaa929-1024x429.jpg\" alt=\"1d8049b35b22be855fd2b380eddaa929\" width=\"720\" height=\"302\" srcset=\"https:\/\/outsiderland.com\/Roger-Delcros\/wp-content\/uploads\/2015\/09\/1d8049b35b22be855fd2b380eddaa929-1024x429.jpg 1024w, https:\/\/outsiderland.com\/Roger-Delcros\/wp-content\/uploads\/2015\/09\/1d8049b35b22be855fd2b380eddaa929-600x251.jpg 600w, https:\/\/outsiderland.com\/Roger-Delcros\/wp-content\/uploads\/2015\/09\/1d8049b35b22be855fd2b380eddaa929-720x302.jpg 720w, https:\/\/outsiderland.com\/Roger-Delcros\/wp-content\/uploads\/2015\/09\/1d8049b35b22be855fd2b380eddaa929-224x94.jpg 224w, https:\/\/outsiderland.com\/Roger-Delcros\/wp-content\/uploads\/2015\/09\/1d8049b35b22be855fd2b380eddaa929-1242x520.jpg 1242w, https:\/\/outsiderland.com\/Roger-Delcros\/wp-content\/uploads\/2015\/09\/1d8049b35b22be855fd2b380eddaa929-1140x477.jpg 1140w, https:\/\/outsiderland.com\/Roger-Delcros\/wp-content\/uploads\/2015\/09\/1d8049b35b22be855fd2b380eddaa929.jpg 1280w\" sizes=\"auto, (max-width: 720px) 100vw, 720px\" \/><\/a><\/div>\n<div class=\"separator\"><\/div>\n<\/div>\n<div class=\"separator\"><\/div>\n<div class=\"separator\"><\/div>\n<div class=\"separator\"><\/div>\n<div id=\"post-body-8786638132835384866\" class=\"post-body entry-content\">\n<div class=\"separator\"><strong>Les sommets du : Massif de la Margeride<\/strong><\/div>\n<p style=\"text-align: left;\">\u00a0Signal de Randon 1551 m , Truc de Fortunio 1550 m , Moure de la gardille 1503m ,\u00a0 Mont Mouchet 1497 m , Sommet du Goulet 1497 m , Serre de la Vache 1489 m , Roc de Fenestre 1488 m ,\u00a0\u00a0Puech David 1487 m , Mont Chauvet\u00a0 1486 m ,Truc de la Garde 1486 m , Le Bec Signal 1483 m ,\u00a0 Montagne de Saurel\u00a0 1458 m , Montagne des Ducs 1454 m , Truc du Chapelat 1448 m , Ranc de la Licheyre 1447 m , Sommet du Ronc Servio 1443 m , Ranc de la ronde 1439 m , Truc de Montricou 1437 m , Le ch\u00e2telet 1435 m , Plot de l&rsquo; Aygue 1435 m , Serre Haut\u00a0 \u00a0 1431 m , Montagne du Licones 1421 m , Montagne de Fraissinet Langlade 1420 m , Mont Grand 1417 m , Truc de Randon 1401 m , Montagne de Mialanes 1397 m , Le Bessal 1397 m , Le Serre de la Fage 1394 m , Truc de Montchabrier 1392 m , Serre du Lac 1389 m , Plos les Rocs 1384 m , Signal de\u00a0 Margeride 1381 m , Puech du Gay 1371 m , Le Roc 1365 m , Moure des Estombes 1361 m , Truc des Pins 1351 m , Truc du Viala 1349 m , Montagne de Meyronne 1339 m\u00a0 ,Chamelon 1336 m , Boulo de l&rsquo; Aniel 1319 m , Soturi\u00e9 1313 m, Le Chastelas 1312 m , La Mourade 1301 m &#8230;<\/p>\n<p><a href=\"https:\/\/outsiderland.com\/Roger-Delcros\/wp-content\/uploads\/2015\/09\/12079655_897955906950360_4209553364725762427_n.jpg\"><img loading=\"lazy\" decoding=\"async\" class=\"alignnone size-medium wp-image-500\" src=\"https:\/\/outsiderland.com\/Roger-Delcros\/wp-content\/uploads\/2015\/09\/12079655_897955906950360_4209553364725762427_n-533x300.jpg\" alt=\"12079655_897955906950360_4209553364725762427_n\" width=\"533\" height=\"300\" srcset=\"https:\/\/outsiderland.com\/Roger-Delcros\/wp-content\/uploads\/2015\/09\/12079655_897955906950360_4209553364725762427_n-533x300.jpg 533w, https:\/\/outsiderland.com\/Roger-Delcros\/wp-content\/uploads\/2015\/09\/12079655_897955906950360_4209553364725762427_n-720x405.jpg 720w, https:\/\/outsiderland.com\/Roger-Delcros\/wp-content\/uploads\/2015\/09\/12079655_897955906950360_4209553364725762427_n-224x126.jpg 224w, https:\/\/outsiderland.com\/Roger-Delcros\/wp-content\/uploads\/2015\/09\/12079655_897955906950360_4209553364725762427_n-924x520.jpg 924w, https:\/\/outsiderland.com\/Roger-Delcros\/wp-content\/uploads\/2015\/09\/12079655_897955906950360_4209553364725762427_n.jpg 960w\" sizes=\"auto, (max-width: 533px) 100vw, 533px\" \/><\/a> \u00a0\u00a0\u00a0\u00a0 Signal de\u00a0 Margeride 1381 m<\/p>\n<p><strong>Cols routiers du Massif de la Margeride<\/strong><\/p>\n<p>Col du Cheval mort 1454 m\u00a0 , Col des Trois Soeurs 1452 m , Col du Goulet 1452 m ( Montagne du Goulet ) , Col de la Barte 1422 m , Col de la Baraque des Bouviers 1418 m , Col de la Croix de Bor 1417 m , Col de Charpal 1404 m ,\u00a0 Col le Portus d &lsquo; Auzenc 1369 m , Col des quatre\u00a0 Chemins 1284 m , Col de la Croix du Fau 1280 m , Col de la Pierre Plant\u00e9e 1264 m\u00a0 , Col du Can de la Roche 1230 m , Col de la Baraque de l&rsquo; Air 1201 m , Col de Montruffet 1175 m , Col de la Fageole 1114 m , Le Pas de L&rsquo; Ane 1104 m &#8230;<\/p>\n<\/div>\n<p><strong>Cols du massif\u00a0 de la Margeride :<\/strong><\/p>\n<p>Col de la fontaine des Bergers 1440 m , Col du Signal 1360 m , Col de la Gette 1347 m , Col d&rsquo; Estrau 1164 m ( montagne du Goulet ) , Col de la Pierre plant\u00e9e 1096 m ( Le Bouchet ) , Col des Tribes 1095 m ( montagne du Goulet ) , Col de Pradal 847 m .<\/p>\n<div id=\"post-body-8786638132835384866\" class=\"post-body entry-content\"><\/div>\n<table>\n<tbody>\n<tr>\n<td><a href=\"https:\/\/outsiderland.com\/Roger-Delcros\/wp-content\/uploads\/2015\/09\/20080813111350_1_500.jpg\"><img loading=\"lazy\" decoding=\"async\" class=\"wp-image-409 size-medium aligncenter\" src=\"https:\/\/outsiderland.com\/Roger-Delcros\/wp-content\/uploads\/2015\/09\/20080813111350_1_500-193x300.jpg\" alt=\"20080813111350_1_500\" width=\"193\" height=\"300\" srcset=\"https:\/\/outsiderland.com\/Roger-Delcros\/wp-content\/uploads\/2015\/09\/20080813111350_1_500-193x300.jpg 193w, https:\/\/outsiderland.com\/Roger-Delcros\/wp-content\/uploads\/2015\/09\/20080813111350_1_500-144x224.jpg 144w, https:\/\/outsiderland.com\/Roger-Delcros\/wp-content\/uploads\/2015\/09\/20080813111350_1_500-334x520.jpg 334w, https:\/\/outsiderland.com\/Roger-Delcros\/wp-content\/uploads\/2015\/09\/20080813111350_1_500.jpg 500w\" sizes=\"auto, (max-width: 193px) 100vw, 193px\" \/><\/a><\/td>\n<td>\u00a0<a href=\"https:\/\/outsiderland.com\/Roger-Delcros\/wp-content\/uploads\/2015\/09\/9782844661838.jpg\"><img loading=\"lazy\" decoding=\"async\" class=\"wp-image-410 size-medium aligncenter\" src=\"https:\/\/outsiderland.com\/Roger-Delcros\/wp-content\/uploads\/2015\/09\/9782844661838-202x300.jpg\" alt=\"9782844661838\" width=\"202\" height=\"300\" srcset=\"https:\/\/outsiderland.com\/Roger-Delcros\/wp-content\/uploads\/2015\/09\/9782844661838-202x300.jpg 202w, https:\/\/outsiderland.com\/Roger-Delcros\/wp-content\/uploads\/2015\/09\/9782844661838-151x224.jpg 151w, https:\/\/outsiderland.com\/Roger-Delcros\/wp-content\/uploads\/2015\/09\/9782844661838.jpg 350w\" sizes=\"auto, (max-width: 202px) 100vw, 202px\" \/><\/a><\/td>\n<td><img loading=\"lazy\" decoding=\"async\" class=\"alignnone size-medium wp-image-1907\" src=\"https:\/\/outsiderland.com\/Roger-Delcros\/wp-content\/uploads\/2015\/09\/0001070_volcan-du-cantal-pays-de-saint-flour-et-haute-auvergne-192x300.jpeg\" alt=\"\" width=\"192\" height=\"300\" srcset=\"https:\/\/outsiderland.com\/Roger-Delcros\/wp-content\/uploads\/2015\/09\/0001070_volcan-du-cantal-pays-de-saint-flour-et-haute-auvergne-192x300.jpeg 192w, https:\/\/outsiderland.com\/Roger-Delcros\/wp-content\/uploads\/2015\/09\/0001070_volcan-du-cantal-pays-de-saint-flour-et-haute-auvergne-768x1199.jpeg 768w, https:\/\/outsiderland.com\/Roger-Delcros\/wp-content\/uploads\/2015\/09\/0001070_volcan-du-cantal-pays-de-saint-flour-et-haute-auvergne-656x1024.jpeg 656w, https:\/\/outsiderland.com\/Roger-Delcros\/wp-content\/uploads\/2015\/09\/0001070_volcan-du-cantal-pays-de-saint-flour-et-haute-auvergne-720x1124.jpeg 720w, https:\/\/outsiderland.com\/Roger-Delcros\/wp-content\/uploads\/2015\/09\/0001070_volcan-du-cantal-pays-de-saint-flour-et-haute-auvergne-143x224.jpeg 143w, https:\/\/outsiderland.com\/Roger-Delcros\/wp-content\/uploads\/2015\/09\/0001070_volcan-du-cantal-pays-de-saint-flour-et-haute-auvergne-333x520.jpeg 333w, https:\/\/outsiderland.com\/Roger-Delcros\/wp-content\/uploads\/2015\/09\/0001070_volcan-du-cantal-pays-de-saint-flour-et-haute-auvergne-1140x1780.jpeg 1140w, https:\/\/outsiderland.com\/Roger-Delcros\/wp-content\/uploads\/2015\/09\/0001070_volcan-du-cantal-pays-de-saint-flour-et-haute-auvergne.jpeg 1268w\" sizes=\"auto, (max-width: 192px) 100vw, 192px\" \/><\/td>\n<\/tr>\n<\/tbody>\n<\/table>\n","protected":false},"excerpt":{"rendered":"<p>Massif de la Margeride Cantal, Haute-Loire et Loz\u00e9re. Le massif de la Margeride ( granitique ) est l&rsquo;un des plus importants\u00a0\u00a0 en Europe par sa superficie. Le plus haut sommet du massif est :\u00a0 le Signal de Randon avec ses 1551 m Site Natura 2000 : Sommets du Nord Margeride \u00a0Le massif de Margeride est [&hellip;]<\/p>\n","protected":false},"author":2,"featured_media":0,"parent":0,"menu_order":0,"comment_status":"open","ping_status":"closed","template":"","meta":{"footnotes":""},"class_list":["post-324","page","type-page","status-publish","hentry"],"_links":{"self":[{"href":"https:\/\/outsiderland.com\/Roger-Delcros\/index.php?rest_route=\/wp\/v2\/pages\/324","targetHints":{"allow":["GET"]}}],"collection":[{"href":"https:\/\/outsiderland.com\/Roger-Delcros\/index.php?rest_route=\/wp\/v2\/pages"}],"about":[{"href":"https:\/\/outsiderland.com\/Roger-Delcros\/index.php?rest_route=\/wp\/v2\/types\/page"}],"author":[{"embeddable":true,"href":"https:\/\/outsiderland.com\/Roger-Delcros\/index.php?rest_route=\/wp\/v2\/users\/2"}],"replies":[{"embeddable":true,"href":"https:\/\/outsiderland.com\/Roger-Delcros\/index.php?rest_route=%2Fwp%2Fv2%2Fcomments&post=324"}],"version-history":[{"count":110,"href":"https:\/\/outsiderland.com\/Roger-Delcros\/index.php?rest_route=\/wp\/v2\/pages\/324\/revisions"}],"predecessor-version":[{"id":4530,"href":"https:\/\/outsiderland.com\/Roger-Delcros\/index.php?rest_route=\/wp\/v2\/pages\/324\/revisions\/4530"}],"wp:attachment":[{"href":"https:\/\/outsiderland.com\/Roger-Delcros\/index.php?rest_route=%2Fwp%2Fv2%2Fmedia&parent=324"}],"curies":[{"name":"wp","href":"https:\/\/api.w.org\/{rel}","templated":true}]}}