{"id":322,"date":"2015-09-27T16:14:32","date_gmt":"2015-09-27T16:14:32","guid":{"rendered":"https:\/\/outsiderland.com\/Roger-Delcros\/?page_id=322"},"modified":"2025-10-26T14:42:33","modified_gmt":"2025-10-26T14:42:33","slug":"massif-du-cantal","status":"publish","type":"page","link":"https:\/\/outsiderland.com\/Roger-Delcros\/?page_id=322","title":{"rendered":"Massif  Cantalien"},"content":{"rendered":"<blockquote>\n<p><!--more-->Le<em><b> massif cantalien , le plus grand volcan d &lsquo;Europe fait de montagnes ,\u00a0<\/b><\/em><b style=\"font-size: 1rem;\"><em>de vastes vall\u00e9es et de plateaux .<\/em><\/b><\/p>\n<\/blockquote>\n<div class=\"separator\">\u00a0<\/div>\n<div class=\"separator\">\u00a0<img loading=\"lazy\" decoding=\"async\" class=\"alignnone size-full wp-image-2206\" src=\"https:\/\/outsiderland.com\/Roger-Delcros\/wp-content\/uploads\/2015\/09\/93_2_201610.jpg\" alt=\"\" width=\"598\" height=\"279\" srcset=\"https:\/\/outsiderland.com\/Roger-Delcros\/wp-content\/uploads\/2015\/09\/93_2_201610.jpg 598w, https:\/\/outsiderland.com\/Roger-Delcros\/wp-content\/uploads\/2015\/09\/93_2_201610-224x105.jpg 224w\" sizes=\"auto, (max-width: 598px) 100vw, 598px\" \/><\/div>\n<div id=\"post-body-8590724745264328238\" class=\"post-body entry-content\">\n<div class=\"separator\">\u00a0<\/div>\n<\/div>\n<div id=\"post-body-8590724745264328238\" class=\"post-body entry-content\">\n<div>\n<div class=\"separator\">\n<figure style=\"width: 640px\" class=\"wp-caption alignnone\"><a href=\"http:\/\/1.bp.blogspot.com\/-m1BfrqXXd3A\/VYxVkBb9XVI\/AAAAAAAACoQ\/kLdmM9vPJlE\/s1600\/11402982_849744131771538_5624825846075996483_n.jpg\"><img loading=\"lazy\" decoding=\"async\" src=\"http:\/\/1.bp.blogspot.com\/-m1BfrqXXd3A\/VYxVkBb9XVI\/AAAAAAAACoQ\/kLdmM9vPJlE\/s640\/11402982_849744131771538_5624825846075996483_n.jpg\" width=\"640\" height=\"352\" border=\"0\" \/><\/a><figcaption class=\"wp-caption-text\">Massif\u00a0 Cantalien<\/figcaption><\/figure>\n<\/div>\n<div class=\"separator\">\u00a0<\/div>\n<\/div>\n<\/div>\n<div id=\"post-body-8590724745264328238\" class=\"post-body entry-content\">\n<figure id=\"attachment_1951\" aria-describedby=\"caption-attachment-1951\" style=\"width: 561px\" class=\"wp-caption alignnone\"><img loading=\"lazy\" decoding=\"async\" class=\"wp-image-1951\" src=\"https:\/\/outsiderland.com\/Roger-Delcros\/wp-content\/uploads\/2015\/09\/14199482_10210053104104786_2413754228525036079_n-477x300.jpg\" alt=\"\" width=\"561\" height=\"353\" srcset=\"https:\/\/outsiderland.com\/Roger-Delcros\/wp-content\/uploads\/2015\/09\/14199482_10210053104104786_2413754228525036079_n-477x300.jpg 477w, https:\/\/outsiderland.com\/Roger-Delcros\/wp-content\/uploads\/2015\/09\/14199482_10210053104104786_2413754228525036079_n-768x483.jpg 768w, https:\/\/outsiderland.com\/Roger-Delcros\/wp-content\/uploads\/2015\/09\/14199482_10210053104104786_2413754228525036079_n-720x453.jpg 720w, https:\/\/outsiderland.com\/Roger-Delcros\/wp-content\/uploads\/2015\/09\/14199482_10210053104104786_2413754228525036079_n-224x141.jpg 224w, https:\/\/outsiderland.com\/Roger-Delcros\/wp-content\/uploads\/2015\/09\/14199482_10210053104104786_2413754228525036079_n-826x520.jpg 826w, https:\/\/outsiderland.com\/Roger-Delcros\/wp-content\/uploads\/2015\/09\/14199482_10210053104104786_2413754228525036079_n.jpg 960w\" sizes=\"auto, (max-width: 561px) 100vw, 561px\" \/><figcaption id=\"caption-attachment-1951\" class=\"wp-caption-text\">Sommet du Plomb du Cantal 1855 m . Commune d&rsquo;Albepierre-Bredons<\/figcaption><\/figure>\n<div>\n<figure id=\"attachment_2992\" aria-describedby=\"caption-attachment-2992\" style=\"width: 502px\" class=\"wp-caption alignnone\"><img loading=\"lazy\" decoding=\"async\" class=\"wp-image-2992 size-medium\" src=\"https:\/\/outsiderland.com\/Roger-Delcros\/wp-content\/uploads\/2019\/09\/20190908_114035-502x300.jpg\" alt=\"\" width=\"502\" height=\"300\" srcset=\"https:\/\/outsiderland.com\/Roger-Delcros\/wp-content\/uploads\/2019\/09\/20190908_114035-502x300.jpg 502w, https:\/\/outsiderland.com\/Roger-Delcros\/wp-content\/uploads\/2019\/09\/20190908_114035-768x459.jpg 768w, https:\/\/outsiderland.com\/Roger-Delcros\/wp-content\/uploads\/2019\/09\/20190908_114035-1024x612.jpg 1024w, https:\/\/outsiderland.com\/Roger-Delcros\/wp-content\/uploads\/2019\/09\/20190908_114035-720x431.jpg 720w, https:\/\/outsiderland.com\/Roger-Delcros\/wp-content\/uploads\/2019\/09\/20190908_114035-224x134.jpg 224w, https:\/\/outsiderland.com\/Roger-Delcros\/wp-content\/uploads\/2019\/09\/20190908_114035-869x520.jpg 869w, https:\/\/outsiderland.com\/Roger-Delcros\/wp-content\/uploads\/2019\/09\/20190908_114035-1140x682.jpg 1140w\" sizes=\"auto, (max-width: 502px) 100vw, 502px\" \/><figcaption id=\"caption-attachment-2992\" class=\"wp-caption-text\">Pique-nique au sommet du Plomb du Cantal en 1955 environ . De gauche droite : Marcel Jacomis ,Jean-Pierre Jacomis ( neveu de Marcel ) , Mich\u00e8le Jacomis ( fille de Marcel ) et Michel Jacomis ( neveu de Marcel ). Au loin la borne g\u00e9od\u00e9sique au sommet .<\/figcaption><\/figure>\n<\/div>\n<\/div>\n<div id=\"post-body-8590724745264328238\" class=\"post-body entry-content\">\n<div>\n<div class=\"separator\">\u00a0<\/div>\n<\/div>\n<\/div>\n<div id=\"post-body-8590724745264328238\" class=\"post-body entry-content\">\n<div>\n<div>\n<figure id=\"attachment_3576\" aria-describedby=\"caption-attachment-3576\" style=\"width: 533px\" class=\"wp-caption alignnone\"><img loading=\"lazy\" decoding=\"async\" class=\"wp-image-3576 size-medium\" src=\"https:\/\/outsiderland.com\/Roger-Delcros\/wp-content\/uploads\/2020\/10\/20201018_101610-1-533x300.jpg\" alt=\"\" width=\"533\" height=\"300\" srcset=\"https:\/\/outsiderland.com\/Roger-Delcros\/wp-content\/uploads\/2020\/10\/20201018_101610-1-533x300.jpg 533w, https:\/\/outsiderland.com\/Roger-Delcros\/wp-content\/uploads\/2020\/10\/20201018_101610-1-768x432.jpg 768w, https:\/\/outsiderland.com\/Roger-Delcros\/wp-content\/uploads\/2020\/10\/20201018_101610-1-1024x576.jpg 1024w, https:\/\/outsiderland.com\/Roger-Delcros\/wp-content\/uploads\/2020\/10\/20201018_101610-1-720x405.jpg 720w, https:\/\/outsiderland.com\/Roger-Delcros\/wp-content\/uploads\/2020\/10\/20201018_101610-1-224x126.jpg 224w, https:\/\/outsiderland.com\/Roger-Delcros\/wp-content\/uploads\/2020\/10\/20201018_101610-1-924x520.jpg 924w, https:\/\/outsiderland.com\/Roger-Delcros\/wp-content\/uploads\/2020\/10\/20201018_101610-1-1140x641.jpg 1140w\" sizes=\"auto, (max-width: 533px) 100vw, 533px\" \/><figcaption id=\"caption-attachment-3576\" class=\"wp-caption-text\">A gauche la pointe de l aiguillon ( 1665 m ) sort des nuages<\/figcaption><\/figure>\n<\/div>\n<div class=\"separator\">\u00a0<\/div>\n<\/div>\n<\/div>\n<div class=\"separator\">\n<figure id=\"attachment_1578\" aria-describedby=\"caption-attachment-1578\" style=\"width: 600px\" class=\"wp-caption alignnone\"><img loading=\"lazy\" decoding=\"async\" class=\"wp-image-1578 size-medium\" src=\"https:\/\/outsiderland.com\/Roger-Delcros\/wp-content\/uploads\/2015\/09\/67684-10-600x235.jpg\" alt=\"Olivier -R-\/skitour.fr\" width=\"600\" height=\"235\" srcset=\"https:\/\/outsiderland.com\/Roger-Delcros\/wp-content\/uploads\/2015\/09\/67684-10-600x235.jpg 600w, https:\/\/outsiderland.com\/Roger-Delcros\/wp-content\/uploads\/2015\/09\/67684-10-768x300.jpg 768w, https:\/\/outsiderland.com\/Roger-Delcros\/wp-content\/uploads\/2015\/09\/67684-10-1024x401.jpg 1024w, https:\/\/outsiderland.com\/Roger-Delcros\/wp-content\/uploads\/2015\/09\/67684-10-720x282.jpg 720w, https:\/\/outsiderland.com\/Roger-Delcros\/wp-content\/uploads\/2015\/09\/67684-10-224x88.jpg 224w, https:\/\/outsiderland.com\/Roger-Delcros\/wp-content\/uploads\/2015\/09\/67684-10-1329x520.jpg 1329w, https:\/\/outsiderland.com\/Roger-Delcros\/wp-content\/uploads\/2015\/09\/67684-10-1140x446.jpg 1140w, https:\/\/outsiderland.com\/Roger-Delcros\/wp-content\/uploads\/2015\/09\/67684-10.jpg 1590w\" sizes=\"auto, (max-width: 600px) 100vw, 600px\" \/><figcaption id=\"caption-attachment-1578\" class=\"wp-caption-text\">Puy Gerbel et au loin , les quatre cirques : du Pr\u00e9 Rond , Mandres , d&rsquo; Encloux et Grandval ( de gauche \u00e0 droite ) .<\/figcaption><\/figure>\n<\/div>\n<div id=\"post-body-8590724745264328238\" class=\"post-body entry-content\">\n<div>\n<div class=\"separator\">\u00a0<\/div>\n<div class=\"separator\"><a href=\"http:\/\/1.bp.blogspot.com\/-G8GYbe3kWpQ\/T2TgGYlo_HI\/AAAAAAAAAmw\/xd8i4FcSuOo\/s1600\/Roc-hozieres.jpg\"><img loading=\"lazy\" decoding=\"async\" src=\"http:\/\/1.bp.blogspot.com\/-G8GYbe3kWpQ\/T2TgGYlo_HI\/AAAAAAAAAmw\/xd8i4FcSuOo\/s640\/Roc-hozieres.jpg\" alt=\"\" width=\"640\" height=\"344\" border=\"0\" \/><\/a><\/div>\n<div class=\"separator\"><em>Roc d &lsquo;Hozi\u00e8res\u00a0 1716 m\u00a0 et\u00a0 Roc des ombres 1633 m<\/em><\/div>\n<\/div>\n<\/div>\n<div id=\"post-body-8590724745264328238\" class=\"post-body entry-content\">\n<div>\u00a0<\/div>\n<\/div>\n<div id=\"post-body-8590724745264328238\" class=\"post-body entry-content\">\n<div>\n<div><u>LES SOMMETS DU MASSIF CANTALIEN<\/u><\/div>\n<\/div>\n<\/div>\n<div id=\"post-body-8590724745264328238\" class=\"post-body entry-content\">\n<p>Sommets de plus de 1800 m\u00e8tres :<\/p>\n<p><em>Plomb du Cantal 1855 m\u00a0 ,\u00a0<\/em><em>Puy du Rocher 1813 m\u00a0 ,\u00a0\u00a0<\/em><em>Puy Brunet\u00a0 1806 m\u00a0 ,\u00a0<\/em><em>Puy de Peyre Arse\u00a0 \u00a01806 m\u00a0\u00a0<\/em><\/p>\n<p>Sommets de plus de 1700 m :<\/p>\n<p><em>\u00a0 \u00a0 \u00a0 \u00a0 \u00a0 <\/em><br \/><em> Puy Mary ( la pyramide ) 1785 m\u00a0 ,\u00a0 <\/em><em>L&rsquo; Arpon du Diable\u00a0<\/em>( Les Griffes du Diable )<em>1777 m ,\u00a0<\/em><em>Puy de la C\u00e9de\u00a0 1768 m\u00a0 ,\u00a0<\/em><em>Puy de Peyre Arse\u00a0 \/ Ant\u00e9cime N\u00a0 \u00a0 1747 m\u00a0 ,\u00a0 <\/em><em>Puy Chavaroche\u00a0( L&rsquo;Homme de pierre)\u00a0 \u00a0 \u00a0 1739 m\u00a0 ,\u00a0<\/em><em>Pic du\u00a0<\/em><em>Faucon\u00a0 \u00a0 1726 m ,\u00a0<\/em><em>Rocher de la sagne du Porc\u00a0 \u00a01716 m ,\u00a0<\/em><em>Puy de la tourte\u00a0 \u00a01704 m ,\u00a0<\/em><em>Rocher du Bec de L&rsquo;Aigle\u00a0 \u00a0 1700 m \u00a0 <\/em><\/p>\n<p>Sommets de plus de 1600 m :<\/p>\n<p><em>\u00a0 \u00a0 \u00a0 \u00a0 \u00a0 \u00a0 <\/em><br \/><em> Puy Griou\u00a0 \u00a0 \u00a01690 m ,\u00a0<\/em><em>La Chapeloune\u00a0 1686 m ,\u00a0<\/em><em>Puy Bataillouse\u00a0 \u00a01683 m ,\u00a0<\/em><em>T\u00e9ton de Venus\u00a0 \u00a01669 m ,\u00a0<\/em><em>L&rsquo; Aiguillon\u00a0 1665 m ,\u00a0<\/em><em>Roches de Vassivi\u00e8re\u00a0 \u00a01658 m ,\u00a0<\/em><em>Roche Taillade\u00a0 1654 m ,\u00a0<\/em><em>Puy de Seycheuse\u00a0 \u00a0 \u00a0 1650 m ,\u00a0<\/em><em>Puy de Grandval ( spirale de pierre )1648 m , Eperon aux trois ressauts 1642 m , <\/em><em>Rochers de Chamali\u00e9re 1641 m ,\u00a0<\/em><em>Puy Gerbel\u00a0 1640 m , Eperon du Triangle 1639 m\u00a0 , <\/em><em>Puy d &lsquo; Encloux\u00a0 \u00a01636 m ,\u00a0<\/em><em>Roc des Ombres\u00a0 \u00a01633 m ,\u00a0<\/em><em>Puy de Niermont \/limon 1620 m ,\u00a0<\/em><em>Puy de Combe N\u00e8gre\u00a0 1617 m ,\u00a0<\/em><em>Roc D&rsquo; Hozi\u00e9res\u00a0 1614\u00a0 m\u00a0 ,\u00a0 \u00a0<\/em><em>Peyre Ourse\u00a0 1612 m<\/em><em>\u00a0 ,\u00a0<\/em><em>Suc Gros\u00a0 1610 m<\/em><\/p>\n<p>Sommets de plus de 1500 m :<\/p>\n<p><em>Rocher de L&rsquo;Aygue\u00a0 1599 m ,\u00a0<\/em><em>Puy Gros\u00a0 1594 m ,\u00a0<\/em><em>Puy Violent 1592 m\u00a0 ,\u00a0<\/em><em>Puy de Rombi\u00e8re\u00a0 \u00a01582 m ,\u00a0<\/em><em>Piquet 1580 m ,\u00a0<\/em><em>Le Suc Rond\u00a0 \u00a01580 m\u00a0 ,\u00a0<\/em><em>La Roche Noire\u00a0 1573 m ,\u00a0<\/em><em>L &lsquo;Elanc\u00e9ze 1571 m , Le Joennet \/ <\/em><em>Signal du Limon 1566 m ,\u00a0<\/em><em>Suc de la Blatte\u00a0 1562 m , Peyre de l&rsquo;\u00e2ne 1555 m , Rocher de l&rsquo; Est 1550 m , <\/em><em>Croix d&rsquo;Imbiquerou\u00a0 1545 m , Rochers d&rsquo;Ascout 1544 m\u00a0 , <\/em><em>Puy de la Belle-viste\u00a0 1543 m <\/em><em>\u00a0, <\/em><em>Puy D&rsquo;Orset\u00a0 1525 m ,\u00a0<\/em>Cabrespine 1525 m ,\u00a0<em>Puy de Prat de Bouc\u00a0 1524 m <\/em><em>\u00a0, <\/em><em>Roc Brin<\/em><em>\u00a01517 m ,\u00a0<\/em><em>La Cumine 1516 m ,\u00a0<\/em><em>Le Griounou 1514 m ,\u00a0<\/em><em>La Bobe\u00a0 1502 m , <\/em><em>Puy de La Poche 1500 m<\/em><\/p>\n<p>Sommets de plus de 1400 m :<\/p>\n<p><em>Puy de\u00a0 Joubert\u00a0 1499 m , <\/em><em>Puy de L&rsquo;Usclade 1498 m ,\u00a0<\/em><em>Puy Niermont \u00a0 ( Haute-Plan\u00e8ze )\u00a0 1493 m ,\u00a0<\/em><em>Courpou Sauvage\u00a0 1487 m ,\u00a0<\/em><em>Puy de l&rsquo;Alouette\u00a0 1480 m ,\u00a0<\/em><em>Puech Bernis 1477 m ,\u00a0<\/em><em>Rocher du Cerf 1464 m ,\u00a0<\/em><em>Le puy de B\u00e2ne\u00a0 1464 m ,\u00a0<\/em><em>Puy Tariol 1459 m\u00a0 ,\u00a0<\/em><em>La Roche Parlante\u00a0 1459 m<\/em><em>\u00a0 ,\u00a0<\/em><em>Puy du Siniq\u00a0 \u00a0 \u00a0 \u00a0 \u00a0 1455 m\u00a0 ,\u00a0<\/em><em>Puy de Bassierou 1444 m ,\u00a0<\/em><em>Puy de la Jambe 1436 m ,\u00a0<\/em><em>Roc du chauve\u00a0 1427 m\u00a0 ,\u00a0\u00a0<\/em><em>Suc du Lac 1402 m &#8230;\u00a0 \u00a0 \u00a0 \u00a0 \u00a0 \u00a0 \u00a0 \u00a0 \u00a0 \u00a0 \u00a0 \u00a0 \u00a0 \u00a0 \u00a0 \u00a0 \u00a0 \u00a0 \u00a0 \u00a0 \u00a0 \u00a0 \u00a0 \u00a0 \u00a0 \u00a0 \u00a0 \u00a0 \u00a0 \u00a0 \u00a0 \u00a0 \u00a0 \u00a0 \u00a0 \u00a0 \u00a0 \u00a0 \u00a0 \u00a0 \u00a0 \u00a0 \u00a0 \u00a0<\/em><br \/><em> <strong><br \/><\/strong><strong><br \/><\/strong><\/em><u>Vall\u00e9es du Massif\u00a0 Cantalien <\/u><\/p>\n<div class=\"separator\">\u00a0<\/div>\n<p>Vall\u00e9e du Lagnon<br \/>Vall\u00e9e du Benet<br \/>Vall\u00e9e de Prat de Bouc<br \/>Vall\u00e9e de Brezons<br \/>Vall\u00e9e de l &lsquo;Epie<br \/>Vall\u00e9e de l &lsquo; Alagnon<br \/>Vall\u00e9e de la C\u00e8re<br \/>Vall\u00e9e de la Jordanne<br \/>Vall\u00e9e de l &lsquo;Impradine<\/p>\n<p>Vall\u00e9e de la Berdrande<br \/>Vall\u00e9e de la Sandoire<br \/>Vall\u00e9e de la Doire<br \/>Vall\u00e9e de la Rhue<br \/>Vall\u00e9e du Mars<br \/>Vall\u00e9e de la Maronne<br \/>Vall\u00e9e du Siniq<br \/>Vall\u00e9e du Goul<br \/>Vall\u00e9e de l &lsquo;Authre &#8230;&#8230;<\/p>\n<p><strong><br \/><\/strong><strong><br \/><\/strong><u>PLATEAUX OU PLANEZ<\/u>ES<br \/><u><br \/><\/u><em>Plateau du Limon , Haute-Plan\u00e8ze , Plan\u00e9ze de St Flour ,\u00a0 Plateau du Coyan , Plateau de Lebr\u00e9jal\u00a0 , Plateau de Joubert &#8230;<\/em><br \/><b><br \/><\/b><b><br \/><\/b><u>COLS DU MASSIF\u00a0 CANTALIEN<\/u><br \/><u><br \/><\/u><u>Cols routiers<\/u><\/p>\n<p><em>Pas de Peyrol ( Puy Mary ) 1588 m\u00a0<\/em><br \/><em> Col de Redondet 1531 m<\/em><br \/><em> Col d &lsquo; Eylac 1400 m ( Puy Mary )<\/em><br \/><em> Col de Prat de Bouc ( Plomb du Cantal ) 1396 m<\/em><br \/><em> Col de la Griffoul 1336 m\u00a0 \/ 1368 au sommet\u00a0<\/em><br \/><em> Col de Serre 1335 m<\/em><br \/><em> Col de la Mol\u00e8de 1329 m<\/em><br \/><em>Col du Perthus 1309 m<\/em><br \/><em> Col de C\u00e8re \u00a0 1294 m\u00a0<\/em><br \/><em> Col de Font de C\u00e8re 1294 m<\/em><br \/><em>Col de N\u00e9ronne 1242 m<\/em><br \/><em> Col de Legal 1231 m<\/em><br \/><em> Col d &lsquo; Aulac 1228 m<\/em><br \/><em> Col d&rsquo;Entremont 1210 m\u00a0 \u00a0 <\/em><\/p>\n<p><em>\u00a0<\/em>Col de la Chevade 1162 m<br \/><em>Col du Pas du Roc 1105 m<\/em><br \/><em> Col du Puy de Renel 1075 m<\/em><br \/><em> Col du Bruel 1058 m\u00a0<\/em><br \/><em> Col de Besseyre 1050 m\u00a0<\/em><br \/><em>Col de Curebourse 997 m\u00a0<\/em><br \/><em> Col \u00a0St Georges 954 m\u00a0<\/em><br \/><em> Col de la Croix de Cheules 907 m\u00a0<\/em><br \/><em>Col de Fontbulin 885 m<\/em><\/p>\n<p>Col de Pradines 812 m<br \/><em> Col du Croizet 769 m\u00a0<\/em><br \/><em> Le Pertus ( St \u00e9tienne de Chomeil ) 705 m<\/em><br \/><em>Col de Ribeyre 690 m<\/em><br \/><b><br \/><\/b><b>\u00a0<u>COLS<\/u><\/b><br \/><b><br \/><\/b><b><br \/><\/b><em>Col du Pas des Alpins 1750 m , <\/em><em>Col du Peyre Arse 1708 m\u00a0 , <\/em><em>Col de la Pourtoune 1693 m ,Col de l&rsquo;Aiguillon 1659 m ,\u00a0<\/em><em>Col de Redondet 1640 m<\/em> , Col des Fours 1637 m , <em>Col de la Ch\u00e8vre 1618 m ,Br\u00e8che d&rsquo;Enfloquet 1612 m , <\/em><em>Col de la Tombe du p\u00e8re 1586 m , Col de Rombi\u00e8re 1550 m , Col du Piquet 1547 m , Le Pas Rouge 1532 m , <\/em>Col de Combe N\u00e8gre 1530 m , <em>Col de Cabre 1528 m ,Col du Ricou\u00a0 1509 m , Col de l&rsquo; \u00c9lanc\u00e8ze 1490 m , Col\u00a0 d&rsquo;Imbassibi\u00e8re\u00a0 1487 m ,\u00a0 Col de Bellecombe 1487 m , Col du Luchard 1444 m , Col du Gliziou 1350 m , Col du Lioran \u00a0\u00bb Prairie des Sagnes \u00a0\u00bb 1237 m , Col d&rsquo;Aisses 1225 m , Col de Berganty 1184 m , Col de Lagat 1181 m , Col de Labro\u00a0 1115 m , Pas de la Mougudo 870 m\u00a0 &#8230; \u00a0\u00a0\u00a0\u00a0\u00a0\u00a0\u00a0\u00a0\u00a0\u00a0\u00a0\u00a0\u00a0\u00a0\u00a0\u00a0\u00a0\u00a0\u00a0\u00a0\u00a0\u00a0\u00a0\u00a0\u00a0\u00a0\u00a0\u00a0\u00a0\u00a0\u00a0\u00a0\u00a0\u00a0\u00a0\u00a0\u00a0\u00a0\u00a0\u00a0\u00a0\u00a0\u00a0\u00a0\u00a0\u00a0\u00a0\u00a0\u00a0\u00a0\u00a0\u00a0\u00a0\u00a0\u00a0\u00a0\u00a0\u00a0\u00a0\u00a0\u00a0\u00a0\u00a0\u00a0\u00a0\u00a0\u00a0\u00a0\u00a0\u00a0\u00a0\u00a0\u00a0\u00a0\u00a0\u00a0\u00a0\u00a0\u00a0\u00a0\u00a0\u00a0\u00a0\u00a0\u00a0\u00a0\u00a0\u00a0\u00a0\u00a0\u00a0\u00a0\u00a0\u00a0\u00a0\u00a0\u00a0\u00a0\u00a0\u00a0\u00a0\u00a0\u00a0\u00a0\u00a0\u00a0\u00a0\u00a0\u00a0\u00a0\u00a0\u00a0\u00a0\u00a0 <\/em><\/p>\n<figure id=\"attachment_2019\" aria-describedby=\"caption-attachment-2019\" style=\"width: 193px\" class=\"wp-caption alignright\"><img loading=\"lazy\" decoding=\"async\" class=\"wp-image-2019 size-medium\" src=\"https:\/\/outsiderland.com\/Roger-Delcros\/wp-content\/uploads\/2015\/09\/0000976_des-monts-du-cantal-a-la-vallee-du-lot-193x300.jpeg\" alt=\"\" width=\"193\" height=\"300\" srcset=\"https:\/\/outsiderland.com\/Roger-Delcros\/wp-content\/uploads\/2015\/09\/0000976_des-monts-du-cantal-a-la-vallee-du-lot-193x300.jpeg 193w, https:\/\/outsiderland.com\/Roger-Delcros\/wp-content\/uploads\/2015\/09\/0000976_des-monts-du-cantal-a-la-vallee-du-lot-768x1195.jpeg 768w, https:\/\/outsiderland.com\/Roger-Delcros\/wp-content\/uploads\/2015\/09\/0000976_des-monts-du-cantal-a-la-vallee-du-lot-658x1024.jpeg 658w, https:\/\/outsiderland.com\/Roger-Delcros\/wp-content\/uploads\/2015\/09\/0000976_des-monts-du-cantal-a-la-vallee-du-lot-720x1121.jpeg 720w, https:\/\/outsiderland.com\/Roger-Delcros\/wp-content\/uploads\/2015\/09\/0000976_des-monts-du-cantal-a-la-vallee-du-lot-144x224.jpeg 144w, https:\/\/outsiderland.com\/Roger-Delcros\/wp-content\/uploads\/2015\/09\/0000976_des-monts-du-cantal-a-la-vallee-du-lot-334x520.jpeg 334w, https:\/\/outsiderland.com\/Roger-Delcros\/wp-content\/uploads\/2015\/09\/0000976_des-monts-du-cantal-a-la-vallee-du-lot-1140x1775.jpeg 1140w, https:\/\/outsiderland.com\/Roger-Delcros\/wp-content\/uploads\/2015\/09\/0000976_des-monts-du-cantal-a-la-vallee-du-lot.jpeg 1272w\" sizes=\"auto, (max-width: 193px) 100vw, 193px\" \/><figcaption id=\"caption-attachment-2019\" class=\"wp-caption-text\">Topo du GR : 465<\/figcaption><\/figure>\n<p><img loading=\"lazy\" decoding=\"async\" class=\"size-medium wp-image-2022 alignleft\" src=\"https:\/\/outsiderland.com\/Roger-Delcros\/wp-content\/uploads\/2015\/09\/topo-guide_ffrandonn_e_-_r_f._400_-_volcan_du_cantal_-_pays_de_saint-flour_et_de_ruynes_en_margeride-192x300.jpg\" alt=\"\" width=\"192\" height=\"300\" srcset=\"https:\/\/outsiderland.com\/Roger-Delcros\/wp-content\/uploads\/2015\/09\/topo-guide_ffrandonn_e_-_r_f._400_-_volcan_du_cantal_-_pays_de_saint-flour_et_de_ruynes_en_margeride-192x300.jpg 192w, https:\/\/outsiderland.com\/Roger-Delcros\/wp-content\/uploads\/2015\/09\/topo-guide_ffrandonn_e_-_r_f._400_-_volcan_du_cantal_-_pays_de_saint-flour_et_de_ruynes_en_margeride-143x224.jpg 143w, https:\/\/outsiderland.com\/Roger-Delcros\/wp-content\/uploads\/2015\/09\/topo-guide_ffrandonn_e_-_r_f._400_-_volcan_du_cantal_-_pays_de_saint-flour_et_de_ruynes_en_margeride-332x520.jpg 332w, https:\/\/outsiderland.com\/Roger-Delcros\/wp-content\/uploads\/2015\/09\/topo-guide_ffrandonn_e_-_r_f._400_-_volcan_du_cantal_-_pays_de_saint-flour_et_de_ruynes_en_margeride.jpg 414w\" sizes=\"auto, (max-width: 192px) 100vw, 192px\" \/><\/p>\n<p><b><br \/><\/b><b>\u00a0 \u00a0 \u00a0 \u00a0 \u00a0 \u00a0 \u00a0 \u00a0 \u00a0 \u00a0 \u00a0 \u00a0 \u00a0 \u00a0 \u00a0 \u00a0 \u00a0 \u00a0 \u00a0 \u00a0 \u00a0 \u00a0 \u00a0 \u00a0 \u00a0 \u00a0 \u00a0 \u00a0\u00a0<\/b><br \/><b>\u00a0 \u00a0 \u00a0 \u00a0 \u00a0 \u00a0 \u00a0 \u00a0 \u00a0 \u00a0 \u00a0 \u00a0 \u00a0 \u00a0 \u00a0 \u00a0 \u00a0 \u00a0 \u00a0 \u00a0 \u00a0 \u00a0 \u00a0 \u00a0 \u00a0 \u00a0 \u00a0 \u00a0 \u00a0 \u00a0 \u00a0 \u00a0 \u00a0 \u00a0 \u00a0 \u00a0 \u00a0 \u00a0 \u00a0 \u00a0 \u00a0 \u00a0 \u00a0 \u00a0 \u00a0 \u00a0 \u00a0 \u00a0 \u00a0 \u00a0 \u00a0 \u00a0 \u00a0 \u00a0 \u00a0 \u00a0 \u00a0 \u00a0 \u00a0 \u00a0 \u00a0 \u00a0 \u00a0 \u00a0 \u00a0 \u00a0 \u00a0 \u00a0 \u00a0 \u00a0 \u00a0 \u00a0 \u00a0 \u00a0 \u00a0 \u00a0 \u00a0 \u00a0 \u00a0 \u00a0 \u00a0 \u00a0 \u00a0 \u00a0 \u00a0 \u00a0 \u00a0 \u00a0 \u00a0 \u00a0 \u00a0 \u00a0 \u00a0 \u00a0 \u00a0 \u00a0 \u00a0 \u00a0 \u00a0 \u00a0 \u00a0 \u00a0 \u00a0 \u00a0 \u00a0 \u00a0 \u00a0 \u00a0 \u00a0 \u00a0 \u00a0 \u00a0 \u00a0 \u00a0 \u00a0 \u00a0 \u00a0 \u00a0 \u00a0 \u00a0 \u00a0 \u00a0 \u00a0 \u00a0 \u00a0 \u00a0 \u00a0 \u00a0<\/b><b><br \/><\/b><\/p>\n<\/div>\n\n\n<figure class=\"wp-block-image size-large\"><img loading=\"lazy\" decoding=\"async\" width=\"1024\" height=\"576\" src=\"https:\/\/outsiderland.com\/Roger-Delcros\/wp-content\/uploads\/2023\/08\/PKLNS_20230818_131432-2-1024x576.jpg\" alt=\"\" class=\"wp-image-4449\" srcset=\"https:\/\/outsiderland.com\/Roger-Delcros\/wp-content\/uploads\/2023\/08\/PKLNS_20230818_131432-2-1024x576.jpg 1024w, https:\/\/outsiderland.com\/Roger-Delcros\/wp-content\/uploads\/2023\/08\/PKLNS_20230818_131432-2-533x300.jpg 533w, https:\/\/outsiderland.com\/Roger-Delcros\/wp-content\/uploads\/2023\/08\/PKLNS_20230818_131432-2-768x432.jpg 768w, https:\/\/outsiderland.com\/Roger-Delcros\/wp-content\/uploads\/2023\/08\/PKLNS_20230818_131432-2-1536x864.jpg 1536w, https:\/\/outsiderland.com\/Roger-Delcros\/wp-content\/uploads\/2023\/08\/PKLNS_20230818_131432-2-2048x1152.jpg 2048w, https:\/\/outsiderland.com\/Roger-Delcros\/wp-content\/uploads\/2023\/08\/PKLNS_20230818_131432-2-720x405.jpg 720w, https:\/\/outsiderland.com\/Roger-Delcros\/wp-content\/uploads\/2023\/08\/PKLNS_20230818_131432-2-224x126.jpg 224w, https:\/\/outsiderland.com\/Roger-Delcros\/wp-content\/uploads\/2023\/08\/PKLNS_20230818_131432-2-924x520.jpg 924w, https:\/\/outsiderland.com\/Roger-Delcros\/wp-content\/uploads\/2023\/08\/PKLNS_20230818_131432-2-1140x641.jpg 1140w\" sizes=\"auto, (max-width: 1024px) 100vw, 1024px\" \/><\/figure>\n\n\n\n\n\n<figure class=\"wp-block-image size-large\"><img decoding=\"async\" src=\"blob:https:\/\/outsiderland.com\/f0279bdc-ef95-44a6-8c20-a9d36b068c03\" alt=\"\"\/><\/figure>\n\n\n\n<figure class=\"wp-block-image size-large\"><img loading=\"lazy\" decoding=\"async\" width=\"1024\" height=\"576\" src=\"https:\/\/outsiderland.com\/Roger-Delcros\/wp-content\/uploads\/2023\/08\/PKLNS_20230818_131432-1024x576.jpg\" alt=\"\" class=\"wp-image-4440\" srcset=\"https:\/\/outsiderland.com\/Roger-Delcros\/wp-content\/uploads\/2023\/08\/PKLNS_20230818_131432-1024x576.jpg 1024w, https:\/\/outsiderland.com\/Roger-Delcros\/wp-content\/uploads\/2023\/08\/PKLNS_20230818_131432-533x300.jpg 533w, https:\/\/outsiderland.com\/Roger-Delcros\/wp-content\/uploads\/2023\/08\/PKLNS_20230818_131432-768x432.jpg 768w, https:\/\/outsiderland.com\/Roger-Delcros\/wp-content\/uploads\/2023\/08\/PKLNS_20230818_131432-1536x864.jpg 1536w, https:\/\/outsiderland.com\/Roger-Delcros\/wp-content\/uploads\/2023\/08\/PKLNS_20230818_131432-2048x1152.jpg 2048w, https:\/\/outsiderland.com\/Roger-Delcros\/wp-content\/uploads\/2023\/08\/PKLNS_20230818_131432-720x405.jpg 720w, https:\/\/outsiderland.com\/Roger-Delcros\/wp-content\/uploads\/2023\/08\/PKLNS_20230818_131432-224x126.jpg 224w, https:\/\/outsiderland.com\/Roger-Delcros\/wp-content\/uploads\/2023\/08\/PKLNS_20230818_131432-924x520.jpg 924w, https:\/\/outsiderland.com\/Roger-Delcros\/wp-content\/uploads\/2023\/08\/PKLNS_20230818_131432-1140x641.jpg 1140w\" sizes=\"auto, (max-width: 1024px) 100vw, 1024px\" \/><\/figure>\n\n\n","protected":false},"excerpt":{"rendered":"","protected":false},"author":1,"featured_media":0,"parent":0,"menu_order":0,"comment_status":"open","ping_status":"open","template":"","meta":{"footnotes":""},"class_list":["post-322","page","type-page","status-publish","hentry"],"_links":{"self":[{"href":"https:\/\/outsiderland.com\/Roger-Delcros\/index.php?rest_route=\/wp\/v2\/pages\/322","targetHints":{"allow":["GET"]}}],"collection":[{"href":"https:\/\/outsiderland.com\/Roger-Delcros\/index.php?rest_route=\/wp\/v2\/pages"}],"about":[{"href":"https:\/\/outsiderland.com\/Roger-Delcros\/index.php?rest_route=\/wp\/v2\/types\/page"}],"author":[{"embeddable":true,"href":"https:\/\/outsiderland.com\/Roger-Delcros\/index.php?rest_route=\/wp\/v2\/users\/1"}],"replies":[{"embeddable":true,"href":"https:\/\/outsiderland.com\/Roger-Delcros\/index.php?rest_route=%2Fwp%2Fv2%2Fcomments&post=322"}],"version-history":[{"count":181,"href":"https:\/\/outsiderland.com\/Roger-Delcros\/index.php?rest_route=\/wp\/v2\/pages\/322\/revisions"}],"predecessor-version":[{"id":4745,"href":"https:\/\/outsiderland.com\/Roger-Delcros\/index.php?rest_route=\/wp\/v2\/pages\/322\/revisions\/4745"}],"wp:attachment":[{"href":"https:\/\/outsiderland.com\/Roger-Delcros\/index.php?rest_route=%2Fwp%2Fv2%2Fmedia&parent=322"}],"curies":[{"name":"wp","href":"https:\/\/api.w.org\/{rel}","templated":true}]}}