{"id":703,"date":"2014-05-12T09:00:45","date_gmt":"2014-05-12T09:00:45","guid":{"rendered":"http:\/\/outsiderland.com\/outside\/?page_id=703"},"modified":"2014-05-12T09:00:45","modified_gmt":"2014-05-12T09:00:45","slug":"clinique-de-si-petites-choses-font-une-grande-difference","status":"publish","type":"page","link":"http:\/\/outsiderland.com\/exercices_psychanalytiques\/clinique-de-si-petites-choses-font-une-grande-difference\/","title":{"rendered":"Clinique &#8211; (de si petites choses font une grande diff\u00e9rence)"},"content":{"rendered":"<p class=\"western\">Que voulons-nous dire par \u00ab\u00a0clinique\u00a0\u00bb ?<\/p>\n<p class=\"western\">L\u2018\u00e9tymologie, comme cela n\u2019a pas manqu\u00e9 d\u2018\u00eatre r\u00e9p\u00e9t\u00e9 mille fois, d\u00e8s qu\u2019on \u00e9crit quelque chose sur la \u00ab\u00a0clinique\u00a0\u00bb, et je ne m\u2019y soustrairais pas, sugg\u00e8re une bien jolie image\u00a0: ce qui se passe pr\u00e8s du lit des malades. (\u03ba\u03bb\u03af\u03bd\u1fc3, c\u2019est l\u00e0 o\u00f9 l\u2019on s\u2019allonge). Et d\u00e9j\u00e0 dans l\u2019antiquit\u00e9, le \u03ba\u03bb\u03b9\u03bd\u03b9\u03ba\u03cc\u03c2 d\u00e9signe le m\u00e9decin, le clinicien donc, qui visite les malades alit\u00e9s.<\/p>\n<p class=\"western\">Toutefois, prenons garde que, dans la langue grecque, le verbe \u03ba\u03bb\u1f77\u03bd\u03c9 et ses d\u00e9riv\u00e9s appartiennent au registre des verbes de d\u00e9placement\u00a0: c\u2019est bien faire plier (vers le bas), faire pencher, incliner, etc. bref, modifier un mouvement par une force (il existe m\u00eame un instrument de torture d\u00e9riv\u00e9 de ce verbe), et on pense \u00e9galement au mot \u03ba\u03bb\u1fd6\u03bc\u03b1 qui exprime l\u2019id\u00e9e de pente, d\u2019inclinaison, et, pour continuer avec ces associations d\u2019id\u00e9es (grecques \u2013 dont j\u2019avoue raffoler) le <i>clinamen<\/i>, dont les lecteurs de la physique \u00e9picurienne (lisant Lucr\u00e8ce) font \u00e0 raison grand cas, car c\u2019est tout de m\u00eame \u00e9patant cette si petite chose qui fait une si grande diff\u00e9rence ! (\u00ab\u00a0<i>such a little thing makes such a big difference<\/i>\u00a0\u00bb chantait Morrissey une si petite chose qui ne manque jamais d\u2019int\u00e9resser les analystes \u2013 et pas qu\u2019eux)<\/p>\n<p class=\"western\">\u00ab\u00a0<i>Les atomes descendent en ligne droite dans le vide, entra\u00een\u00e9s par leur pesanteur. Mais il leur arrive, on ne saurait dire o\u00f9 ni quand, de s\u2018\u00e9carter un peu de la verticale, si peu qu<\/i><i>&lsquo;<\/i><i>\u00e0 peine on peut parler de d\u00e9clinaison. Sans cet \u00e9cart ils ne cesseraient de tomber \u00e0 travers le vide immense, comme des gouttes de pluie ; il n\u2019y aurait point lieu \u00e0 rencontres, \u00e0 chocs, et jamais la nature n\u2019aurait rien pu cr\u00e9er.<\/i>\u00a0\u00bb (Lucr\u00e8ce, <i>De Natura Rerum<\/i>, II, 216)<\/p>\n<p class=\"western\">Ce <i>clinamen<\/i> improbable mais n\u00e9cessaire dont on peut \u00e0 peine parler (comme la <i>kh\u00f4ra<\/i> du Tim\u00e9e) s\u2019av\u00e8re \u00eatre non seulement le c\u0153ur du syst\u00e8me atomiste \u00e9picurien (les atomes se mouvant naturellement en ligne droite, comment peut-on rendre compte de leur agr\u00e9gation \u2013 qu\u2019il fassent au bout du compte des corps, se tenant tant bien que mal dans leur unit\u00e9 et pers\u00e9v\u00e9rant en ce sens \u2013 si on ne postule pas autre chose, une force infime qui les conduit \u00e0 d\u00e9vier suffisamment pour se percuter, s\u2018\u00e9loigner et se rapprocher, etc), mais aussi le point d\u2019articulation de la physique (la nature) et de la morale (la libert\u00e9).<\/p>\n<p class=\"western\">\n<p class=\"western\">Et tant que nous y sommes, en qu\u00eate de ces si petites choses, recopions ici ce passage de Poincar\u00e9 (question de faire mijoter tout cela) :<\/p>\n<p class=\"western\">\u00ab\u00a0<i>Une cause tr\u00e8s petite, qui nous \u00e9chappe, d\u00e9termine un effet consid\u00e9rable que nous ne pouvons pas ne pas voir, et alors nous disons que cet effet est d\u00fb au hasard. Si nous connaissions exactement les lois de la nature et la situation de l\u2019univers \u00e0 l\u2019instant initial, nous pourrions pr\u00e9dire exactement la situation de ce m\u00eame univers \u00e0 un instant ult\u00e9rieur. Mais, lors m\u00eame que les lois naturelles n\u2019auraient plus de secret pour nous, nous ne pourrions conna\u00eetre la situation qu\u2019approximativement. Si cela nous permet de pr\u00e9voir la situation ult\u00e9rieure avec la m\u00eame approximation, c\u2019est tout ce qu\u2019il nous faut, nous disons que le ph\u00e9nom\u00e8ne a \u00e9t\u00e9 pr\u00e9vu, qu\u2019il est r\u00e9gi par des lois ; mais il n\u2019en est pas toujours ainsi, il peut arriver que de petites diff\u00e9rences dans les conditions initiales en engendrent de tr\u00e8s grandes dans les ph\u00e9nom\u00e8nes finaux ; une petite erreur sur les premi\u00e8res produirait une erreur \u00e9norme sur les derniers. La pr\u00e9diction devient impossible et nous avons le ph\u00e9nom\u00e8ne fortuit.<\/i>\u00a0\u00bb (Poincar\u00e9, <i>Calcul des probabilit\u00e9s<\/i>, Gauthier-Villars (Paris \u2013 2e \u00e9dition, 1912)<\/p>\n<p class=\"western\">H\u00e9 bien ! Ne reculant pas devant un discours t\u00e9m\u00e9raire (pour parler comme Platon, et comme en somme nous devrions toujours parler concernant les affaires humaines, et notamment quand on pr\u00e9tend s\u2019occuper de \u00ab\u00a0clinique\u00a0\u00bb, o\u00f9 r\u00e8gnent la conjecture, le vraisemblable, le probable et l\u2019approximation \u2013 ce qui vaut mieux que rien apr\u00e8s tout), et franchissant de mani\u00e8re parfaitement d\u00e9lirante et au m\u00e9pris de l\u2019historiographie des concepts, deux mill\u00e9naires de transformations lexicales et d\u2019usages, je pose ici que ce que nous voulons dire par clinique (ou plut\u00f4t \u00ab\u00a0ce que je veux dire\u00a0\u00bb) c\u2019est pr\u00e9cis\u00e9ment l\u2019attention port\u00e9e \u00e0 cette infime d\u00e9viation, ou mieux encore l\u2019exercice de cette attention.<\/p>\n<p class=\"western\">Un flot atomistique de pens\u00e9es, de mots, de bruits, d\u2019images sensorielles, se diffuse dans le cabinet de l\u2019analyste, provenant probablement des deux protagonistes de l\u2019affaire qui se joue l\u00e0, ou bien des alentours (le bruissement du monde) : il y a des travaux dehors, un chien hurle \u00e0 la mort, un chardonneret vient taper doucement avec son bec \u00e0 la fen\u00eatre et la neige commence \u00e0 tomber\u00a0: le clinicien est celui qui doit \u00eatre sensible \u00e0 ce facteur de modification, toujours en quelque sorte \u00ab\u00a0fortuit\u00a0\u00bb (pour reprendre le mot de Poincar\u00e9), pas seulement au sens qu\u2019il doive en \u00ab\u00a0tenir compte\u00a0\u00bb, mais parce que c\u2019est l\u00e0 l\u2018\u00e9l\u00e9ment psychanalytique au sens propre le plus remarquable (ce qui sp\u00e9cifie la psychanalyse), et pire : qu\u2019il incarne, l\u2019analyste, (quoiqu\u2019il fasse) ce facteur (ou, pour le dire carr\u00e9ment : la cause \u2013 la cause errante du <i>Tim\u00e9e<\/i>, pourquoi pas ?) de d\u00e9rangement, de mouvement \u2013 ce que Freud a appel\u00e9 assez finement \u00ab\u00a0transfert\u00a0\u00bb, qui appartient au registre du d\u00e9placement.<\/p>\n<p class=\"western\">Pour le dire plus brutalement, l\u2019analyste, par sa pr\u00e9sence est cette cause fortuite, ce facteur de d\u00e9clinaison, de modification, et il faudra faire avec.<\/p>\n","protected":false},"excerpt":{"rendered":"<p>Que voulons-nous dire par \u00ab\u00a0clinique\u00a0\u00bb ? L\u2018\u00e9tymologie, comme cela n\u2019a pas manqu\u00e9 d\u2018\u00eatre r\u00e9p\u00e9t\u00e9 mille fois, d\u00e8s qu\u2019on \u00e9crit quelque chose sur la \u00ab\u00a0clinique\u00a0\u00bb, et je ne m\u2019y soustrairais pas, sugg\u00e8re une bien jolie image\u00a0: ce qui se passe pr\u00e8s du lit des malades. (\u03ba\u03bb\u03af\u03bd\u1fc3, c\u2019est l\u00e0 o\u00f9 l\u2019on s\u2019allonge). Et d\u00e9j\u00e0 dans l\u2019antiquit\u00e9, le [&hellip;]<\/p>\n","protected":false},"author":1,"featured_media":0,"parent":0,"menu_order":0,"comment_status":"closed","ping_status":"closed","template":"","meta":{"footnotes":""},"class_list":["post-703","page","type-page","status-publish","hentry"],"_links":{"self":[{"href":"http:\/\/outsiderland.com\/exercices_psychanalytiques\/wp-json\/wp\/v2\/pages\/703","targetHints":{"allow":["GET"]}}],"collection":[{"href":"http:\/\/outsiderland.com\/exercices_psychanalytiques\/wp-json\/wp\/v2\/pages"}],"about":[{"href":"http:\/\/outsiderland.com\/exercices_psychanalytiques\/wp-json\/wp\/v2\/types\/page"}],"author":[{"embeddable":true,"href":"http:\/\/outsiderland.com\/exercices_psychanalytiques\/wp-json\/wp\/v2\/users\/1"}],"replies":[{"embeddable":true,"href":"http:\/\/outsiderland.com\/exercices_psychanalytiques\/wp-json\/wp\/v2\/comments?post=703"}],"version-history":[{"count":0,"href":"http:\/\/outsiderland.com\/exercices_psychanalytiques\/wp-json\/wp\/v2\/pages\/703\/revisions"}],"wp:attachment":[{"href":"http:\/\/outsiderland.com\/exercices_psychanalytiques\/wp-json\/wp\/v2\/media?parent=703"}],"curies":[{"name":"wp","href":"https:\/\/api.w.org\/{rel}","templated":true}]}}