{"id":2656,"date":"2025-10-13T18:13:35","date_gmt":"2025-10-13T18:13:35","guid":{"rendered":"https:\/\/outsiderland.com\/exercices_psychanalytiques\/?page_id=2656"},"modified":"2025-10-13T18:13:35","modified_gmt":"2025-10-13T18:13:35","slug":"cabinets-danalyse","status":"publish","type":"page","link":"http:\/\/outsiderland.com\/exercices_psychanalytiques\/cabinets-danalyse\/","title":{"rendered":"Cabinets d\u2019analyse"},"content":{"rendered":"<p>\u00c0 l\u2019heure o\u00f9, \u00e9ventuellement (si tout se passe bien, ce qui n\u2019est pas du tout certain) je m\u2019appr\u00eate \u00e0 d\u00e9m\u00e9nager une quatri\u00e8me fois le cabinet o\u00f9 je re\u00e7ois mes patients (qui se font rares il est vrai) dans les mois qui viennent, je me suis rappel\u00e9 les endroits o\u00f9 j\u2019ai \u00e9t\u00e9 re\u00e7u quand j\u2019\u00e9tais moi-m\u00eame patient, ou bien jeune analyste en supervision.<\/p>\n<p>Et c\u2019est assez amusant de constater la diversit\u00e9 radicale de ces endroits, leurs am\u00e9nagements : le cabinet ressemble \u00e0 l\u2019analyste \u00e9videmment, et la singularit\u00e9 prime : il n\u2019existe aucune norme, aucun mod\u00e8le pr\u00e9\u00e9tabli (except\u00e9 toujours la pr\u00e9sence d\u2019un divan qu\u2019il soit occup\u00e9 ou pas).<\/p>\n<p>Mon premier analyste \u00e9tait une vraie caricature de Lacanien pur jus, qui n\u2019a pas pip\u00e9 un seul mot pendant les quelques s\u00e9ances o\u00f9 je me suis tra\u00een\u00e9 jusqu\u2019\u00e0 son cabinet minuscule, aussi minimaliste dans son d\u00e9cor que l\u2019\u00e9tait son verbe. Except\u00e9 le mandala au mur, tout le reste \u00e9tait blanc.<\/p>\n<p>J\u2019ai aussi \u00e0 cette \u00e9poque (je devais avoir 32 ou 33 ans) consult\u00e9 un psychiatre, un type qui avait boss\u00e9 avec Jean Oury, dr\u00f4le, tout le contraire du premier, qui fumait comme un pompier durant les s\u00e9ances dans un chouette bureau avec une biblioth\u00e8que assez fournie. Je lui dois beaucoup \u00e0 celui-l\u00e0 (par exemple le titre d\u2019un de mes livres : \u00ab sauver sa peau \u00bb)<\/p>\n<p>La troisi\u00e8me n\u2019\u00e9tait pas psychanalyste mais psychoth\u00e9rapeute. Elle m\u2019accueillait dans une vaste pi\u00e8ce d\u00e9bordant de dessins et de jouets d\u2019enfants, entour\u00e9s de banquettes confortables et color\u00e9es. Les \u201cexercices\u201d qu\u2019elle me proposait visaient \u00e0 provoquer chez moi une sorte de r\u00e9gression dont elle esp\u00e9rait sans doute qu\u2019elle me r\u00e9v\u00e8le je ne sais quoi au juste. C\u2019\u00e9tait \u00e0 la fois extr\u00eamement doux, tr\u00e8s physique, et extr\u00eamement brutal. J\u2019ai arr\u00eat\u00e9 apr\u00e8s qu\u2019on ait failli faire l\u2019amour sur la banquette entre deux nounours en peluche, et qu\u2019elle m\u2019ait parl\u00e9 d\u2019un stage de groupe \u00e0 l\u2019Espace du Possible, le camping que d\u00e9crit Houellebecq dans les Particules \u00c9l\u00e9mentaires (j\u2019avais failli \u00e9clater de rire, parce que j\u2019avais lu le bouquin). Je dirais qu\u2019au niveau de \u00ab gestion du transfert \u00bb, elle faisait absolument n\u2019importe quoi, mais elle \u00e9tait tr\u00e8s attirante, je ne peux pas le nier (sauf que je n\u2019\u00e9tais pas l\u00e0 pour \u00e7a).<\/p>\n<p>La psychanalyste qui m\u2019a accompagn\u00e9 le plus loin, jusqu\u2019\u00e0 ce que je me d\u00e9cide \u00e0 ouvrir mon propre cabinet en 2005 (j\u2019avais donc 37 ans), recevait dans ce qu\u2019elle appelait elle-m\u00eame un bordel. C\u2019\u00e9tait une femme assez \u00e2g\u00e9e, lacanienne catholique, \u00e7a ne s\u2019invente pas, mais vraiment percutante, dr\u00f4le et d\u00e9capante : elle ne me faisait pas de cadeaux et c\u2019est la raison pour laquelle je l\u2019aimais beaucoup. Son cabinet ressemblait \u00e0 un appartement boh\u00e8me des ann\u00e9es 60, \u00e7a sentait l\u2019encens et le patchouli, le divan \u00e9tait toujours encombr\u00e9 de tas de trucs, des couvertures, des oreillers, et les innombrables traces psychiques, fant\u00f4mes, hantises, des patient\u2027e\u2027s qui \u00e9taient venus s\u2019\u00e9pancher avant moi. Notre p\u00e9riple, une v\u00e9ritable aventure, a dur\u00e9 quelques ann\u00e9es.<\/p>\n<p>\u00c0 Paris, j\u2019ai visit\u00e9 trois autres cabinets. Le premier \u00e9tait celui d\u2019un type assez g\u00e9nial, mon superviseur (dont je d\u00e9vorais les livres compliqu\u00e9s avec passion et qui m\u2019a beaucoup appris et encourag\u00e9 dans mes \u00e9laborations \u201cth\u00e9oriques\u201d, notamment autour de l\u2019\u0153uvre de W.R. Bion) qui habitait un appartement bourgeois pr\u00e8s de la gare du Nord. Son bureau \u00e9tait garni d\u2019une tr\u00e8s belle biblioth\u00e8que, mais le plus \u00e9patant c\u2019\u00e9tait la guitare classique qu\u2019il posait bien en vue au beau milieu de sa salle d\u2019attente. On ne pouvait pas rater le fait que le psy \u00e9tait musicien (il y avait chez lui un narcissisme assez marqu\u00e9, ce dont je me foutais tant il \u00e9tait brillant et pour l\u2019aide qu\u2019il m\u2019apportait concernant des cas compliqu\u00e9s).<\/p>\n<p>Pour \u00eatre admis comme membre d\u2019une v\u00e9n\u00e9rable association de psychanalyse, il a fallu que j\u2019aille me pr\u00e9senter (et me faire \u00e9valuer, quelle horreur) par deux autres analystes. L\u2019une \u00e9tait une richissime professeure aux universit\u00e9s qui vivait dans un palace pr\u00e8s du Louvre. C\u2019\u00e9tait tellement luxueux, j\u2019osais \u00e0 peine y poser mes chaussures de rando \u2013 je hais la grande bourgeoisie. J\u2019ai fait mine de m\u2019asseoir dans un fauteuil \u00e0 l\u2019entr\u00e9e. Elle a grimac\u00e9. Non pas ici. Et m\u2019a conduit dans une sorte de chambre des merveilles (si vous aimez le luxe ancien). J\u2019ai absolument d\u00e9test\u00e9.<\/p>\n<p>L\u2019autre \u201cexaminateur\u201d, je l\u2019aimais bien : un des rares sp\u00e9cialistes de Bion en France, dont j\u2019avais suivi les cours (pas terribles dois-je admettre), mais vraiment adorable. La piaule qui lui servait de cabinet, pr\u00e8s de Port Royal, ressemblait \u00e0 une chambre de bonne dans laquelle il avait r\u00e9ussi \u00e0 loger, dieu sait comment, 5 000 bouquins empil\u00e9s par terre, qu\u2019il fallait enjamber pour rejoindre un des deux divans perdus dans cet oc\u00e9an de livres. Pendant que je m\u2019installais sur un des divans, il allait s\u2019allonger sur l\u2019autre, et nous r\u00eavions ensemble, comme il est d\u2019usage chez les disciples de Bion<\/p>\n<p>Il y en a eu quelques autres, et les miens donc !<\/p>\n","protected":false},"excerpt":{"rendered":"<p>\u00c0 l\u2019heure o\u00f9, \u00e9ventuellement (si tout se passe bien, ce qui n\u2019est pas du tout certain) je m\u2019appr\u00eate \u00e0 d\u00e9m\u00e9nager une quatri\u00e8me fois le cabinet o\u00f9 je re\u00e7ois mes patients (qui se font rares il est vrai) dans les mois qui viennent, je me suis rappel\u00e9 les endroits o\u00f9 j\u2019ai \u00e9t\u00e9 re\u00e7u quand j\u2019\u00e9tais moi-m\u00eame [&hellip;]<\/p>\n","protected":false},"author":1,"featured_media":0,"parent":0,"menu_order":0,"comment_status":"closed","ping_status":"closed","template":"","meta":{"footnotes":""},"class_list":["post-2656","page","type-page","status-publish","hentry"],"_links":{"self":[{"href":"http:\/\/outsiderland.com\/exercices_psychanalytiques\/wp-json\/wp\/v2\/pages\/2656","targetHints":{"allow":["GET"]}}],"collection":[{"href":"http:\/\/outsiderland.com\/exercices_psychanalytiques\/wp-json\/wp\/v2\/pages"}],"about":[{"href":"http:\/\/outsiderland.com\/exercices_psychanalytiques\/wp-json\/wp\/v2\/types\/page"}],"author":[{"embeddable":true,"href":"http:\/\/outsiderland.com\/exercices_psychanalytiques\/wp-json\/wp\/v2\/users\/1"}],"replies":[{"embeddable":true,"href":"http:\/\/outsiderland.com\/exercices_psychanalytiques\/wp-json\/wp\/v2\/comments?post=2656"}],"version-history":[{"count":1,"href":"http:\/\/outsiderland.com\/exercices_psychanalytiques\/wp-json\/wp\/v2\/pages\/2656\/revisions"}],"predecessor-version":[{"id":2657,"href":"http:\/\/outsiderland.com\/exercices_psychanalytiques\/wp-json\/wp\/v2\/pages\/2656\/revisions\/2657"}],"wp:attachment":[{"href":"http:\/\/outsiderland.com\/exercices_psychanalytiques\/wp-json\/wp\/v2\/media?parent=2656"}],"curies":[{"name":"wp","href":"https:\/\/api.w.org\/{rel}","templated":true}]}}